{"id":18972,"date":"2025-04-07T06:04:53","date_gmt":"2025-04-07T06:04:53","guid":{"rendered":"https:\/\/www.hydraulic-cylinders.net\/product\/boom-cylinder-for-caterpillar-large-excavator-e329d-329dl\/"},"modified":"2025-04-07T06:04:55","modified_gmt":"2025-04-07T06:04:55","slug":"boom-cylinder-for-caterpillar-large-excavator-e329d-329dl","status":"publish","type":"product","link":"https:\/\/www.hydraulic-cylinders.net\/lt\/produktas\/boom-cylinder-for-caterpillar-large-excavator-e329d-329dl\/","title":{"rendered":"Str\u0117l\u0117s cilindras Caterpillar dideliam ekskavatoriui E329D\/329DL"},"content":{"rendered":"<h1>Str\u0117l\u0117s cilindras Caterpillar dideliam ekskavatoriui E329D\/329DL<\/h1>\n<h2>Produkto ap\u017evalga<\/h2>\n<p>Str\u0117l\u0117s cilindras yra labai svarbus komponentas, specialiai sukurtas \u201eCaterpillar\u201c dideliems ekskavatori\u0173 modeliams E329D ir 329DL. \u0160is hidraulinis cilindras atlieka gyvybi\u0161kai svarb\u0173 vaidmen\u012f valdant ekskavatoriaus str\u0117l\u0117s jud\u0117jim\u0105, leisdamas operatoriams tiksliai kelti, nuleisti ir pakreipti. Jis yra b\u016btinas atliekant \u012fvairias med\u017eiag\u0173 tvarkymo u\u017eduotis, tod\u0117l yra kertinis akmuo sunkiosios technikos operacijose. Kau\u0161o cilindras yra hidraulinio cilindro tipas, skirtas valdyti sunkiosios technikos kau\u0161\u0173, toki\u0173 kaip ekskavatoriuose, ekskavatoriniuose krautuvais ir frontaliniuose krautuvuose, jud\u0117jim\u0105. Jis leid\u017eia kau\u0161ui efektyviai kelti, nuleisti ir pakreipti, palengvindamas tokias u\u017eduotis kaip kasimas, pakrovimas ir med\u017eiag\u0173 perk\u0117limas.<\/p>\n<p><img decoding=\"async\" src=\"https:\/\/www.hydraulic-cylinders.net\/wp-content\/uploads\/2025\/04\/songte-company-1.webp\" alt=\"Str\u0117l\u0117s cilindras\"><\/p>\n<h2>Str\u0117l\u0117s cilindro savyb\u0117s<\/h2>\n<ul>\n<li>\n<h3>Didelis stiprumas ir ilgaam\u017ei\u0161kumas<\/h3>\n<p>Paprastai i\u0161 didelio stiprumo plieno arba aliuminio pagaminti \u0161ie cilindrai yra sukurti taip, kad atlaikyt\u0173 itin didel\u012f sl\u0117g\u012f ir dideles apkrovas, tod\u0117l tinkami naudoti at\u0161iauriomis darbo s\u0105lygomis. \u0160i konstrukcija pasi\u017eymi atsparumu dilimui ir korozijai, tod\u0117l pailg\u0117ja gaminio tarnavimo laikas.<\/p>\n<\/li>\n<li>\n<h3>Efektyvus hidraulinis valdymas<\/h3>\n<p>Naudoja hidraulin\u0117s alyvos sl\u0117g\u012f sklandiems i\u0161tiesimo ir atitraukimo judesiams, leid\u017eia greitai reaguoti \u012f operatoriaus komandas ir u\u017etikrinti galing\u0105 st\u016bmimo ir traukimo j\u0117g\u0105, idealiai tinkan\u010di\u0105 sunkioms ir sud\u0117tingoms operacijoms atlikti.<\/p>\n<\/li>\n<li>\n<h3>\u012evair\u016bs tipai<\/h3>\n<p>Galima rinktis vienpusio veikimo (hidraulikos naudojimas viena kryptimi) arba dvipusio veikimo (hidraulikos naudojimas abiem kryptimis) konfig\u016bracijas, kad atitikt\u0173 \u012fvairius eksploatacinius poreikius. Kai kurie modeliai yra teleskopiniai, tod\u0117l juos galima labiau i\u0161tiesti nedidinant i\u0161orini\u0173 matmen\u0173, tod\u0117l jie tinka naudoti ribotoje erdv\u0117je.<\/p>\n<\/li>\n<li>\n<h3>Individuali gamyba<\/h3>\n<p>Mes specializuojam\u0117s \u0161io produkto gamyboje, o m\u016bs\u0173 cilindrai gali puikiai pakeisti esamus hidraulinius cilindrus j\u016bs\u0173 ma\u0161inoje.<\/p>\n<\/li>\n<li>\n<h3>Universalios taikymo sritys<\/h3>\n<p>Sukurta \u012fvairiems modeliams ir pritaikymams, u\u017etikrinant patikimum\u0105 ir na\u0161um\u0105 skirtingose \u200b\u200bma\u0161inose.<\/p>\n<\/li>\n<\/ul>\n<p><img decoding=\"async\" src=\"https:\/\/www.hydraulic-cylinders.net\/wp-content\/uploads\/2025\/04\/songte-cylinder-head-with-all-kinds-excavator-models.webp\" alt=\"\u201eCaterpillar\u201c ekskavatori\u0173 modeliai\"><\/p>\n<h2>Str\u0117l\u0117s cilindro pritaikymas<\/h2>\n<h3>Statybin\u0117 \u012franga<\/h3>\n<p>Ekskavatoriuose str\u0117l\u0117s cilindrai yra labai svarb\u016bs kasant, kraunant ir perkeliant \u017eem\u0119 ar \u0161iuk\u0161les. Jie leid\u017eia str\u0117lei i\u0161skleisti ir susitraukti, suteikdami reikiam\u0105 k\u0117limo gali\u0105, kad statybos darbai b\u016bt\u0173 atliekami efektyviai. Ekskavatoriuose-krautuvuose kau\u0161o cilindras padeda ne tik kasti, bet ir kelti, tod\u0117l \u012franga tampa universalesn\u0117 statybviet\u0117se.<\/p>\n<h3>\u017dem\u0117s \u016bkio technika<\/h3>\n<p>Priekiniuose krautuvuose str\u0117l\u0117s cilindrai naudojami dirvo\u017eemiui, \u0161ienui ir kitoms med\u017eiagoms semti, kelti ir transportuoti. J\u0173 geb\u0117jimas u\u017etikrinti didel\u0119 keliam\u0105j\u0105 j\u0117g\u0105 yra labai svarbus \u017eem\u0117s \u016bkio darbuose, nes leid\u017eia greitai ir efektyviai tvarkyti med\u017eiagas.<\/p>\n<h3>Ekskavatoriai<\/h3>\n<p>Ekskavatoriuose str\u0117l\u0117s cilindras palengvina kasim\u0105, leisdamas kau\u0161ui \u012fsiskverbti \u012f \u017eem\u0119. \u0160i savyb\u0117 yra gyvybi\u0161kai svarbi atliekant \u017eem\u0117s kasimo darbus, nes leid\u017eia lengviau arti \u017eem\u0117s ir greitai pa\u0161alinti \u017eemes.<\/p>\n<h3>Krautuvai<\/h3>\n<p>Priekiniuose krautuvuose str\u0117l\u0117s cilindrai padeda efektyviai kelti ir i\u0161versti krovinius. \u0160i funkcija yra labai svarbi kraunant med\u017eiagas \u012f sunkve\u017eimius ar konvejerius ir prisideda prie bendro med\u017eiag\u0173 tvarkymo operacij\u0173 efektyvumo statybose ir \u017eem\u0117s \u016bkyje.<\/p>\n<h2>Projektavimo aspektai ir atrankos kriterijai<\/h2>\n<h3>Keliamoji galia<\/h3>\n<p>Str\u0117l\u0117s cilindro keliamoji galia yra nepaprastai svarbi. Jis turi b\u016bti suprojektuotas taip, kad atlaikyt\u0173 keliam\u0173 med\u017eiag\u0173 svor\u012f be gedimo rizikos. Tinkamas apkrovos reikalavim\u0173 \u012fvertinimas u\u017etikrina, kad cilindras veikt\u0173 nevir\u0161ydamas savo rib\u0173, taip u\u017etikrindamas saugum\u0105 ir ilgaam\u017ei\u0161kum\u0105.<\/p>\n<h3>Sandarumo vientisumas<\/h3>\n<p>Efektyvus sandarinimas yra b\u016btinas siekiant i\u0161vengti hidraulinio skys\u010dio nuot\u0117kio, kuris gali sukelti na\u0161umo problem\u0173 ir aplinkosaugos problem\u0173. Kokybi\u0161ki sandarikliai, pagaminti i\u0161 patvari\u0173 med\u017eiag\u0173, toki\u0173 kaip poliuretanas ir nitrilo kau\u010diukas, yra b\u016btini norint i\u0161laikyti hidraulin\u0117s sistemos vientisum\u0105 \u012fvairiomis eksploatavimo s\u0105lygomis.<\/p>\n<h3>Patvarumas<\/h3>\n<p>Patvarumas yra pagrindinis str\u0117l\u0117s cilindr\u0173 konstrukcijos veiksnys. Jie turi atlaikyti ne tik eksploatavimo sl\u0117g\u012f, bet ir i\u0161orinius veiksnius, tokius kaip dulk\u0117s, ne\u0161varumai ir dr\u0117gm\u0117. Pasirinkus med\u017eiagas, kurios yra atsparios dilimui ir korozijai, \u017eymiai pailg\u0117ja cilindro tarnavimo laikas.<\/p>\n<h3>Saugos funkcijos<\/h3>\n<p>Saugumas projektuojant hidraulinius cilindrus yra negin\u010dijamas dalykas. Tokios savyb\u0117s kaip apsauga nuo perkrovos ir sl\u0117gio ma\u017einimo vo\u017etuvai yra labai svarbios siekiant i\u0161vengti katastrofi\u0161k\u0173 gedim\u0173. Kiekvienas komponentas turi atitikti grie\u017etus saugos standartus, kad b\u016bt\u0173 apsaugoti operatoriai ir mechanizmai.<\/p>\n<h3>Prie\u017ei\u016bra ir remonto galimyb\u0117s<\/h3>\n<p>Renkantis str\u0117l\u0117s cilindr\u0105, prioritetas taip pat tur\u0117t\u0173 b\u016bti lengva prie\u017ei\u016bra ir remontas. Komponentai tur\u0117t\u0173 b\u016bti lengvai prieinami ap\u017ei\u016brai ir pakeitimui, u\u017etikrinant, kad \u012fprastin\u0117 prie\u017ei\u016bra b\u016bt\u0173 atliekama be ilg\u0173 prastov\u0173.<\/p>\n<p><img decoding=\"async\" src=\"https:\/\/www.hydraulic-cylinders.net\/wp-content\/uploads\/2025\/04\/songte-oil-pipes-and-spare-parts.webp\" alt=\"Hidraulin\u0117s dalys\"><\/p>\n<h2>Sandarikliai ir tepimas<\/h2>\n<p>\u012evairi\u0173 sandarinimo element\u0173, toki\u0173 kaip st\u016bmokli\u0173 ir kot\u0173 sandarikliai, naudojimas yra labai svarbus norint i\u0161laikyti hidraulin\u0117s sistemos vientisum\u0105. Sandarikliai, pagaminti i\u0161 atspari\u0173 dilimui med\u017eiag\u0173, toki\u0173 kaip poliuretanas arba nitrilo kau\u010diukas, padeda u\u017etikrinti optimal\u0173 na\u0161um\u0105. Be to, cilindro korpusas ir srieginiai galiniai pavir\u0161iai turi b\u016bti kruop\u0161\u010diai apdirbti, kad padid\u0117t\u0173 atsparumas dilimui. Norint u\u017etikrinti skland\u0173 veikim\u0105 ir i\u0161vengti dilimo, b\u016btina reguliariai tepti tinkama hidrauline alyva.<\/p>\n<h2>Prevencin\u0117s prie\u017ei\u016bros priemon\u0117s<\/h2>\n<ul>\n<li>\n<h3>Reguliar\u016bs patikrinimai<\/h3>\n<p>Reguliariai tikrinkite str\u0117l\u0117s cilindr\u0105, ar n\u0117ra nuot\u0117ki\u0173, susid\u0117v\u0117jimo ir tinkamo sulygiavimo. Tai padeda nustatyti galimas problemas, kol jos nepa\u016bm\u0117jo.<\/p>\n<\/li>\n<li>\n<h3>Tinkamas tepimas<\/h3>\n<p>\u012esitikinkite, kad cilindras yra tinkamai suteptas, kad suma\u017eintum\u0117te trint\u012f ir nusid\u0117v\u0117jim\u0105. Naudokite rekomenduojam\u0105 hidraulin\u0117s alyvos tip\u0105 ir laikykit\u0117s nurodyto tepimo grafiko.<\/p>\n<\/li>\n<li>\n<h3>Sandariklio keitimas<\/h3>\n<p>Steb\u0117kite sandarikli\u0173 vientisum\u0105 ir prireikus juos pakeiskite, kad i\u0161laikytum\u0117te hidraulin\u0117s sistemos efektyvum\u0105. Suged\u0119 sandarikliai gali sukelti dideli\u0173 na\u0161umo problem\u0173, tod\u0117l juos reik\u0117t\u0173 keisti pirmiausia.<\/p>\n<\/li>\n<\/ul>\n<h2>\u012erengimo gair\u0117s<\/h2>\n<p>Tinkamas str\u0117l\u0117s cilindro montavimas yra labai svarbus optimaliam veikimui. Pirmiausia \u012fsitikinkite, kad darbo vieta yra \u0161vari ir be \u0161iuk\u0161li\u0173. Sulygiuokite cilindr\u0105 su ekskavatoriaus tvirtinimo ta\u0161kais, naudodami atitinkamus tvirtinimo laikiklius, kad j\u012f pritvirtintum\u0117te. Svarbu u\u017etikrinti, kad cilindras b\u016bt\u0173 tinkamai orientuotas, kad i\u0161vengtum\u0117te sandarikli\u0173 \u012ftempimo. Sulygiavus, priver\u017ekite tvirtinimo detales iki nurodyto sukimo momento, kad u\u017etikrintum\u0117te tvirt\u0105 pritvirtinim\u0105. Sumontavus patikrinkite, ar n\u0117ra hidraulini\u0173 jung\u010di\u0173, ar n\u0117ra nuot\u0117ki\u0173, ir prireikus \u012fpilkite hidraulinio skys\u010dio. Galiausiai, prie\u0161 v\u0117l prad\u0117dami eksploatuoti \u012frang\u0105, patikrinkite cilindro veikim\u0105, kad \u012fsitikintum\u0117te, jog viskas veikia tinkamai.<\/p>\n<p><img decoding=\"async\" src=\"https:\/\/www.hydraulic-cylinders.net\/wp-content\/uploads\/2025\/04\/songte-chushion-collar.webp\" alt=\"Pagalv\u0117l\u0117s apykakl\u0117\"><\/p>\n<h2>Saugos aspektai<\/h2>\n<p>Dirbant su hidrauliniais cilindrais, saugos priemon\u0117s yra nepaprastai svarbios. Visada d\u0117v\u0117kite tinkamas asmenines apsaugos priemones (AAP) ir u\u017etikrinkite, kad darbo vieta b\u016bt\u0173 saugi ir be pavoj\u0173. Operatoriai tur\u0117t\u0173 b\u016bti apmokyti tinkamai naudoti hidraulines sistemas, kad b\u016bt\u0173 i\u0161vengta nelaiming\u0173 atsitikim\u0173 ir su\u017ealojim\u0173. Siekiant u\u017etikrinti saugos standart\u0173 laikym\u0105si, tur\u0117t\u0173 b\u016bti atliekami reguliar\u016bs saugos auditai.<\/p>\n<h2>Gedim\u0173 diagnostika ir da\u017eniausios problemos<\/h2>\n<ul>\n<li>\n<h3>Nuot\u0117kis<\/h3>\n<p>Nuot\u0117kis gali atsirasti d\u0117l susid\u0117v\u0117jusi\u0173 sandarikli\u0173 arba pa\u017eeist\u0173 komponent\u0173. Reguliariai tikrinkite sandariklius ir pakeiskite juos, jei jie pa\u017eeisti. \u012esitikinkite, kad visos jungtys yra sandarios.<\/p>\n<\/li>\n<li>\n<h3>Prastas na\u0161umas<\/h3>\n<p>Jei cilindras neveikia skland\u017eiai, patikrinkite, ar hidraulin\u0117se linijose n\u0117ra oro arba ar nepakanka hidraulinio skys\u010dio. I\u0161leiskite or\u0105 i\u0161 linij\u0173 ir prireikus \u012fpilkite skys\u010dio.<\/p>\n<\/li>\n<li>\n<h3>Ne\u012fprasti garsai<\/h3>\n<p>Ne\u012fprasti garsai veikimo metu gali rodyti vidin\u012f susid\u0117v\u0117jim\u0105 ar pa\u017eeidimus. Atlikite patikrinim\u0105, kad nustatytum\u0117te triuk\u0161mo \u0161altin\u012f, ir nedelsdami i\u0161spr\u0119skite visas problemas.<\/p>\n<\/li>\n<\/ul>\n<h2>Trik\u010di\u0173 \u0161alinimo patarimai<\/h2>\n<p>Efektyvus trik\u010di\u0173 \u0161alinimas prasideda nuo problemos simptom\u0173 nustatymo. Reguliarus techninis aptarnavimas, \u012fskaitant skys\u010di\u0173 lygio tikrinim\u0105 ir sandarikli\u0173 ap\u017ei\u016br\u0105, gali pad\u0117ti i\u0161vengti problem\u0173. Operatoriai tur\u0117t\u0173 dokumentuoti visus na\u0161umo poky\u010dius ir vadovautis gamintojo rekomendacijomis d\u0117l konkre\u010di\u0173 trik\u010di\u0173 \u0161alinimo proced\u016br\u0173. \u012egyvendinus prevencines priemones, tokias kaip reguliari technin\u0117 prie\u017ei\u016bra ir savalaikis remontas, galima gerokai suma\u017einti problem\u0173 tikimyb\u0119 ateityje.<\/p>\n<p><img decoding=\"async\" src=\"https:\/\/www.hydraulic-cylinders.net\/wp-content\/uploads\/2025\/04\/songte-bushings-with-all-kinds-of-excavator-models.webp\" alt=\"Ekskavatoriaus \u012fvor\u0117s\"><\/p>\n<h2>Apie m\u016bs\u0173 \u012fmon\u0119<\/h2>\n<p>Esame pirmaujantis pakaitini\u0173 hidraulini\u0173 cilindr\u0173 gamintojas, si\u016blantis plat\u0173 gamini\u0173 asortiment\u0105, atitinkant\u012f tiek vietin\u0117s, tiek tarptautin\u0117s rinkos poreikius. M\u016bs\u0173 \u012fsipareigojimas siekti meistri\u0161kumo atsispindi pa\u017eangiuose gamybos procesuose ir grie\u017etose kokyb\u0117s kontrol\u0117s priemon\u0117se. Pasitelkdami kvalifikuotus techninius specialistus, moderniausi\u0105 skaitmenin\u0119 gamybos \u012frang\u0105 ir specializuotas bandym\u0173 sistemas, nuolat tobuliname savo gamybos paj\u0117gumus. D\u0117mesys dideliam efektyvumui, tikslumui ir kokybei leid\u017eia mums patenkinti \u012fvairius klient\u0173 reikalavimus. Taip pat si\u016blome individualiai pritaikytas paslaugas, kad atitiktume unikalias specifikacijas, u\u017etikrindami, kad i\u0161liktume hidraulini\u0173 cilindr\u0173 pramon\u0117s prie\u0161akyje.<\/p>\n<p><img decoding=\"async\" src=\"https:\/\/www.hydraulic-cylinders.net\/wp-content\/uploads\/2025\/04\/songte-company-4.webp\" alt=\"\u012emon\u0117s ap\u017evalga\"><br \/>\n<img decoding=\"async\" src=\"https:\/\/www.hydraulic-cylinders.net\/wp-content\/uploads\/2025\/04\/songte-company-3.webp\" alt=\"Gamybos \u012fmon\u0117\"><\/p>\n<p>Autorius: lyl<\/p>","protected":false},"excerpt":{"rendered":"<p>Boom Cylinder For Caterpillar Large Excavator E329D\/329DL Product Overview The Boom Cylinder is a critical component designed specifically for Caterpillar&#8217;s large excavator models E329D and 329DL. This hydraulic cylinder plays a vital role in controlling the movement of the excavator&#8217;s boom, allowing operators to lift, lower, and tilt with precision. It is essential for various [&hellip;]<\/p>","protected":false},"featured_media":17869,"comment_status":"open","ping_status":"closed","template":"","meta":{"_et_pb_use_builder":"","_et_pb_old_content":"","_et_gb_content_width":""},"product_brand":[],"product_cat":[1546],"product_tag":[1547,1496],"class_list":{"0":"post-18972","1":"product","2":"type-product","3":"status-publish","4":"has-post-thumbnail","6":"product_cat-boom-cylinders","7":"product_tag-boom-cylinders","8":"product_tag-hydraulic-cylinders","10":"first","11":"instock","12":"shipping-taxable","13":"product-type-simple"},"amp_enabled":true,"_links":{"self":[{"href":"https:\/\/www.hydraulic-cylinders.net\/lt\/wp-json\/wp\/v2\/product\/18972","targetHints":{"allow":["GET"]}}],"collection":[{"href":"https:\/\/www.hydraulic-cylinders.net\/lt\/wp-json\/wp\/v2\/product"}],"about":[{"href":"https:\/\/www.hydraulic-cylinders.net\/lt\/wp-json\/wp\/v2\/types\/product"}],"replies":[{"embeddable":true,"href":"https:\/\/www.hydraulic-cylinders.net\/lt\/wp-json\/wp\/v2\/comments?post=18972"}],"wp:featuredmedia":[{"embeddable":true,"href":"https:\/\/www.hydraulic-cylinders.net\/lt\/wp-json\/wp\/v2\/media\/17869"}],"wp:attachment":[{"href":"https:\/\/www.hydraulic-cylinders.net\/lt\/wp-json\/wp\/v2\/media?parent=18972"}],"wp:term":[{"taxonomy":"product_brand","embeddable":true,"href":"https:\/\/www.hydraulic-cylinders.net\/lt\/wp-json\/wp\/v2\/product_brand?post=18972"},{"taxonomy":"product_cat","embeddable":true,"href":"https:\/\/www.hydraulic-cylinders.net\/lt\/wp-json\/wp\/v2\/product_cat?post=18972"},{"taxonomy":"product_tag","embeddable":true,"href":"https:\/\/www.hydraulic-cylinders.net\/lt\/wp-json\/wp\/v2\/product_tag?post=18972"}],"curies":[{"name":"wp","href":"https:\/\/api.w.org\/{rel}","templated":true}]}}