{"id":18974,"date":"2025-04-07T06:04:58","date_gmt":"2025-04-07T06:04:58","guid":{"rendered":"https:\/\/www.hydraulic-cylinders.net\/product\/boom-cylinder-for-caterpillar-large-excavator-e349d\/"},"modified":"2025-04-07T06:05:00","modified_gmt":"2025-04-07T06:05:00","slug":"boom-cylinder-for-caterpillar-large-excavator-e349d","status":"publish","type":"product","link":"https:\/\/www.hydraulic-cylinders.net\/lt\/produktas\/boom-cylinder-for-caterpillar-large-excavator-e349d\/","title":{"rendered":"Str\u0117l\u0117s cilindras Caterpillar dideliam ekskavatoriui E349D"},"content":{"rendered":"<h1>Str\u0117l\u0117s cilindras Caterpillar dideliam ekskavatoriui E349D<\/h1>\n<h2>\u012evadas \u012f str\u0117l\u0117s cilindr\u0105<\/h2>\n<p>Str\u0117l\u0117s cilindras yra esminis hidraulinis komponentas, specialiai sukurtas sunkiosioms ma\u0161inoms, ypa\u010d \u201eCaterpillar E349D\u201c ekskavatoriui. \u0160is hidraulinis cilindras atsakingas u\u017e str\u0117l\u0117s jud\u0117jimo valdym\u0105, leid\u017eiant ekskavatoriui tiksliai ir efektyviai atlikti savo pagrindines funkcijas. Str\u0117l\u0117s cilindras palengvina str\u0117l\u0117s k\u0117lim\u0105, nuleidim\u0105 ir pakreipim\u0105, o tai yra labai svarbu atliekant \u012fvairias med\u017eiag\u0173 tvarkymo u\u017eduotis statybose ir \u017eem\u0117s kasimo darbuose.<\/p>\n<p><img decoding=\"async\" src=\"https:\/\/www.hydraulic-cylinders.net\/wp-content\/uploads\/2025\/04\/songte-company-1.webp\" alt=\"Str\u0117l\u0117s cilindro vaizdas\"><\/p>\n<h3>Apibr\u0117\u017eimas ir ap\u017evalga<\/h3>\n<p>Hidrauliniai cilindrai, \u012fskaitant str\u0117l\u0117s cilindr\u0105, yra mechaniniai \u012ftaisai, kurie hidraulin\u0119 energij\u0105 paver\u010dia mechanine energija. Str\u0117l\u0117s cilindras leid\u017eia sulenkti ekskavatoriaus str\u0117l\u0119. \u0160is jud\u0117jimas leid\u017eia operatoriams efektyviai kasti, kelti ir transportuoti med\u017eiagas. Hidraulin\u0117 sistema naudoja susl\u0117gt\u0105 skyst\u012f jud\u0117jimui sukurti, tod\u0117l veikia skland\u017eiai ir kontroliuojamai, o tai labai svarbu atliekant sud\u0117tingas u\u017eduotis, kai svarbiausias yra tikslumas.<\/p>\n<h2>Str\u0117l\u0117s cilindro savyb\u0117s<\/h2>\n<ul>\n<li><strong>Didelis stiprumas ir ilgaam\u017ei\u0161kumas:<\/strong> Paprastai gaminami i\u0161 didelio stiprumo plieno arba aliuminio, kad atlaikyt\u0173 auk\u0161t\u0105 sl\u0117g\u012f ir dideles apkrovas, u\u017etikrindami ilgaam\u017ei\u0161kum\u0105 at\u0161iauriomis darbo s\u0105lygomis.<\/li>\n<li><strong>Efektyvus hidraulinis valdymas:<\/strong> Naudoja hidraulin\u0117s alyvos sl\u0117g\u012f, kad b\u016bt\u0173 u\u017etikrintas sklandus i\u0161pl\u0117timas ir \u012ftraukimas, greitai reaguojant \u012f operatoriaus komandas ir sukuriant didel\u0119 st\u016bmimo bei traukimo j\u0117g\u0105.<\/li>\n<li><strong>\u012evair\u016bs tipai:<\/strong> Galima \u012fsigyti vienpusio arba dvipusio veikimo konstrukcij\u0173, kad atitikt\u0173 \u012fvairius eksploatacinius poreikius, kai kurie modeliai pasi\u017eymi teleskopin\u0117mis konstrukcijomis, kurios leid\u017eia pasiekti didesn\u012f atstum\u0105 nedidinant i\u0161orini\u0173 matmen\u0173.<\/li>\n<li><strong>Padidintas atsparumas dilimui:<\/strong> Sukurtas atsi\u017evelgiant \u012f atsparum\u0105 dilimui ir korozijai, prailginant gaminio tarnavimo laik\u0105 sud\u0117tingomis s\u0105lygomis.<\/li>\n<li><strong>Lengva prie\u017ei\u016bra:<\/strong> Sukurta lengvam techniniam aptarnavimui, leid\u017eia greitai atlikti patikrinimus ir \u012fprastin\u0119 technin\u0119 prie\u017ei\u016br\u0105, siekiant u\u017etikrinti optimal\u0173 veikim\u0105.<\/li>\n<\/ul>\n<h2>Gamybos paj\u0117gumai<\/h2>\n<p>Turime galimyb\u0119 gaminti str\u0117l\u0117s cilindrus ir kitus hidraulinius cilindrus, kurie puikiai pakei\u010dia esamus modelius. M\u016bs\u0173 gaminiai yra sukurti atsi\u017evelgiant \u012f tikslum\u0105 ir kokyb\u0119, u\u017etikrinant suderinamum\u0105 ir na\u0161um\u0105, kuris atitinka arba vir\u0161ija pramon\u0117s standartus.<\/p>\n<p><img decoding=\"async\" src=\"https:\/\/www.hydraulic-cylinders.net\/wp-content\/uploads\/2025\/04\/songte-cylinder-head-with-all-kinds-excavator-models.webp\" alt=\"Ekskavatori\u0173 modeli\u0173 cilindrai\"><\/p>\n<h2>Taikymo scenarijai<\/h2>\n<h3>Statybin\u0117 \u012franga<\/h3>\n<p>Statybin\u0117se ma\u0161inose, tokiose kaip ekskavatoriai, str\u0117l\u0117s cilindrai yra gyvybi\u0161kai svarb\u016bs kasant, kraunant ir perkeliant \u017eem\u0119 ar \u0161iuk\u0161les. Tikslus \u0161i\u0173 cilindr\u0173 valdymas leid\u017eia operatoriams atlikti sud\u0117tingas u\u017eduotis, padidinant na\u0161um\u0105 statybviet\u0117je.<\/p>\n<h3>\u017dem\u0117s \u016bkio technika<\/h3>\n<p>Str\u0117l\u0117s cilindrai taip pat naudojami priekiniuose krautuvuose, kur jie padeda semti, kelti ir transportuoti dirvo\u017eem\u012f, \u0161ien\u0105 ir kitas med\u017eiagas, tod\u0117l jie yra nepakei\u010diami \u017eem\u0117s \u016bkio darbuose.<\/p>\n<h3>Ekskavatoriai<\/h3>\n<p>Ekskavatoriuose str\u0117l\u0117s cilindras palengvina kasimo veiksmus, leisdamas kau\u0161ui efektyviai \u012fsiskverbti \u012f \u017eem\u0119, o tai yra labai svarbu atliekant \u017eem\u0117s kasimo darbus.<\/p>\n<h3>Krautuvai<\/h3>\n<p>Priekiniuose krautuvuose str\u0117l\u0117s cilindrai padeda efektyviai pakelti ir i\u0161versti krovinius, o tai yra labai svarbu atliekant med\u017eiag\u0173 tvarkymo u\u017eduotis \u012fvairiose pramon\u0117s \u0161akose.<\/p>\n<h2>Dizaino aspektai<\/h2>\n<h3>Keliamoji galia<\/h3>\n<p>Vienas i\u0161 pagrindini\u0173 aspekt\u0173, \u012f kuriuos reikia atsi\u017evelgti projektuojant str\u0117l\u0117s cilindr\u0105, yra jo keliamoji galia. Jis turi atlaikyti apkrov\u0173, su kuriomis susidurs, svor\u012f ir \u012ftemp\u012f nepakenkdamas saugumui ar na\u0161umui. Tam reikia kruop\u0161\u010diai parinkti med\u017eiagas ir in\u017einerin\u0119 praktik\u0105, siekiant u\u017etikrinti, kad cilindras atlaikyt\u0173 dinamines j\u0117gas, su kuriomis susiduriama eksploatacijos metu.<\/p>\n<h3>Sandarinimo efektyvumas<\/h3>\n<p>Efektyvus sandarinimas yra labai svarbus siekiant i\u0161vengti hidraulinio skys\u010dio nuot\u0117kio ir u\u017etikrinti veikimo efektyvum\u0105. Tarpikliai ir tarpin\u0117s turi b\u016bti parinktos atsi\u017evelgiant \u012f darbo aplink\u0105, temperat\u016bros svyravimus ir naudojamo hidraulinio skys\u010dio tip\u0105. Auk\u0161tos kokyb\u0117s sandarikliai gali \u017eymiai pailginti hidraulinio cilindro tarnavimo laik\u0105.<\/p>\n<h3>Patvarumas<\/h3>\n<p>Str\u0117l\u0117s cilindro patvarumas yra nepaprastai svarbus, atsi\u017evelgiant \u012f sud\u0117tingas s\u0105lygas, kuriomis jis veikia. Tokie veiksniai kaip med\u017eiag\u0173 pasirinkimas, pavir\u0161iaus apdorojimas ir konstrukcijos ypatyb\u0117s vaidina lemiam\u0105 vaidmen\u012f didinant patvarum\u0105, leid\u017eiant cilindrui atlaikyti abrazyvines med\u017eiagas ir korozinius elementus.<\/p>\n<h3>Saugos funkcijos<\/h3>\n<p>Saugumas yra pagrindinis hidraulini\u0173 cilindr\u0173 projektavimo aspektas. \u012etraukus tokias funkcijas kaip sl\u0117gio ma\u017einimo vo\u017etuvai ir sprogstamosios diskus, galima i\u0161vengti katastrofi\u0161k\u0173 gedim\u0173, u\u017etikrinant tiek operatori\u0173, tiek ma\u0161in\u0173 saugum\u0105 eksploatacijos metu.<\/p>\n<h3>Prieinamumas prie prie\u017ei\u016bros<\/h3>\n<p>Hidraulini\u0173 cilindr\u0173 projektavimas yra b\u016btinas atsi\u017evelgiant \u012f prieinamum\u0105 prie j\u0173 technin\u0117s prie\u017ei\u016bros. \u012erenginiuose \u012fdiegtos funkcijos, leid\u017eian\u010dios lengvai juos ap\u017ei\u016br\u0117ti ir pri\u017ei\u016br\u0117ti, gali suma\u017einti prastovas ir pailginti \u012frangos eksploatavimo laik\u0105.<\/p>\n<p><img decoding=\"async\" src=\"https:\/\/www.hydraulic-cylinders.net\/wp-content\/uploads\/2025\/04\/songte-oil-pipes-and-spare-parts.webp\" alt=\"Hidraulin\u0117s dalys ir sandarikliai\"><\/p>\n<h2>Sandarinimas ir tepimas<\/h2>\n<p>Tinkamas sandarinimas ir tepimas yra gyvybi\u0161kai svarb\u016bs efektyviam hidraulini\u0173 cilindr\u0173 veikimui. \u012evair\u016bs sandarinimo komponentai, tokie kaip st\u016bmokli\u0173 ir stryp\u0173 sandarikliai, atlieka labai svarb\u0173 vaidmen\u012f palaikant hidraulin\u012f vientisum\u0105. Da\u017enai naudojami i\u0161 patvari\u0173 med\u017eiag\u0173, toki\u0173 kaip poliuretanas ir nitrilo kau\u010diukas, pagaminti sandarikliai, kad b\u016bt\u0173 atspar\u016bs nusid\u0117v\u0117jimui. Be to, cilindro korpusas ir srieginiai galai yra tiksliai apdirbti, siekiant padidinti atsparum\u0105 dilimui. Reguliarus tepimas hidrauline alyva yra b\u016btinas norint u\u017etikrinti skland\u0173 veikim\u0105 ir i\u0161vengti trinties sukelt\u0173 pa\u017eeidim\u0173.<\/p>\n<h2>Prevencin\u0117s prie\u017ei\u016bros priemon\u0117s<\/h2>\n<ul>\n<li><strong>Reguliar\u016bs patikrinimai:<\/strong> Reguliariai atliekant cilindro ap\u017ei\u016br\u0105, siekiant nustatyti susid\u0117v\u0117jimo, nuot\u0117ki\u0173 ar pa\u017eeidim\u0173 po\u017eymius, galima nustatyti problemas prie\u0161 joms paa\u0161tr\u0117jant, u\u017etikrinant nuolatin\u012f mechanizm\u0173 patikimum\u0105.<\/li>\n<li><strong>Tepimas:<\/strong> Tinkamas cilindro sutepimas suma\u017eina trint\u012f ir susid\u0117v\u0117jim\u0105, taip pailgindamas bendr\u0105 komponento tarnavimo laik\u0105.<\/li>\n<li><strong>Sandariklio keitimas:<\/strong> Reguliariai tikrinant ir kei\u010diant tarpiklius pagal poreik\u012f, i\u0161vengiama nuot\u0117ki\u0173 ir palaikomas hidraulinis sl\u0117gis cilindre.<\/li>\n<\/ul>\n<h2>\u012erengimo gair\u0117s<\/h2>\n<p>Tinkamas str\u0117l\u0117s cilindro montavimas yra labai svarbus jo veikimui. Nor\u0117dami gauti optimalius rezultatus, laikykit\u0117s \u0161i\u0173 nurodym\u0173:<\/p>\n<ul>\n<li>\u012esitikinkite, kad cilindras yra tinkamai sulygiuotas su str\u0117le, kad i\u0161vengtum\u0117te netinkamo veikimo.<\/li>\n<li>Naudokite tinkamus tvirtinimo laikiklius, kad pritvirtintum\u0117te cilindr\u0105 vietoje ir suma\u017eintum\u0117te jud\u0117jim\u0105 veikimo metu.<\/li>\n<li>Prie\u0161 naudodami patikrinkite, ar visos hidraulin\u0117s jungtys yra tvirtos ir be nuot\u0117ki\u0173.<\/li>\n<li>Patikrinkite hidraulinio skys\u010dio lyg\u012f ir \u012fsitikinkite, kad jis atitinka gamintojo specifikacijas.<\/li>\n<li>Po montavimo atlikite funkcin\u012f bandym\u0105, kad \u012fsitikintum\u0117te, jog cilindras veikia skland\u017eiai.<\/li>\n<\/ul>\n<h2>\u012eprastos prie\u017ei\u016bros u\u017eduotys<\/h2>\n<h3>Reguliar\u016bs patikrinimai<\/h3>\n<p>Reguliarios str\u0117l\u0117s cilindro ap\u017ei\u016bros yra b\u016btinos norint anksti nustatyti galimas problemas. Tai apima nuot\u0117kio, susid\u0117v\u0117jimo ar nesuderinamumo po\u017eymi\u0173 patikrinim\u0105. U\u017etikrinus ger\u0105 cilindro b\u016bkl\u0119, galima gerokai suma\u017einti eksploatacini\u0173 gedim\u0173 rizik\u0105.<\/p>\n<h3>Tinkamas tepimas<\/h3>\n<p>Tinkamas tepimas yra labai svarbus skland\u017eiam hidraulinio cilindro veikimui. Reguliariai naudojant tinkamo tipo ir kiekio hidraulin\u0119 alyv\u0105 u\u017etikrinamas sandarikli\u0173 efektyvumas ir trinties suma\u017einimas, taip pailginant cilindro tarnavimo laik\u0105.<\/p>\n<h3>Tarpikli\u0173 keitimas ir kalibravimo patikrinimai<\/h3>\n<p>Laikui b\u0117gant, sandarikliai gali susid\u0117v\u0117ti ir juos gali tekti keisti. Reguliariai tikrinant sandariklius, ar n\u0117ra susid\u0117v\u0117jimo po\u017eymi\u0173, ir kei\u010diant juos pagal poreik\u012f, galima i\u0161laikyti hidraulin\u012f efektyvum\u0105. Kalibravimo patikrinimai u\u017etikrina, kad cilindras veikt\u0173 pagal nurodytus parametrus, u\u017ekertant keli\u0105 galimiems pa\u017eeidimams ir u\u017etikrinant optimal\u0173 na\u0161um\u0105.<\/p>\n<p><img decoding=\"async\" src=\"https:\/\/www.hydraulic-cylinders.net\/wp-content\/uploads\/2025\/04\/songte-chushion-collar.webp\" alt=\"Pagalv\u0117l\u0117s apykakl\u0117s vaizdas\"><\/p>\n<h2>Saugos aspektai<\/h2>\n<p>Dirbant su hidrauliniais cilindrais, saugos priemon\u0117s yra nepaprastai svarbios. B\u016btinas tinkamas operatori\u0173 mokymas, saugos protokol\u0173 laikymasis ir asmenini\u0173 apsaugos priemoni\u0173 (AAP) naudojimas. U\u017etikrinus, kad visos hidraulin\u0117s sistemos saugos funkcijos veikt\u0173, galima i\u0161vengti nelaiming\u0173 atsitikim\u0173 ir su\u017ealojim\u0173 eksploatacijos metu.<\/p>\n<h2>Gedim\u0173 diagnostika ir da\u017eniausios problemos<\/h2>\n<ul>\n<li><strong>Nuot\u0117kis:<\/strong> Viena i\u0161 da\u017eniausiai pasitaikan\u010di\u0173 problem\u0173 yra hidraulinio skys\u010dio nuot\u0117kis, kuris gali atsirasti d\u0117l susid\u0117v\u0117jusi\u0173 sandarikli\u0173 arba pa\u017eeist\u0173 komponent\u0173. Reguliarios patikros gali pad\u0117ti greitai nustatyti ir pa\u0161alinti nuot\u0117kius.<\/li>\n<li><strong>Prastas na\u0161umas:<\/strong> Jei cilindras skland\u017eiai nei\u0161sitraukia arba nesusitraukia, tai gali rodyti \u017eem\u0105 hidraulinio skys\u010dio lyg\u012f arba vidinius pa\u017eeidimus. Greitas \u0161i\u0173 problem\u0173 sprendimas yra labai svarbus siekiant i\u0161vengti tolesn\u0117s \u017ealos.<\/li>\n<li><strong>Perkaitimas:<\/strong> D\u0117l per didelio kar\u0161\u010dio hidraulinis skystis gali sugesti, o tai pablogins na\u0161um\u0105. Reguliarus darbin\u0117s temperat\u016bros steb\u0117jimas gali pad\u0117ti i\u0161spr\u0119sti \u0161i\u0105 problem\u0105.<\/li>\n<\/ul>\n<h2>Trik\u010di\u0173 \u0161alinimo patarimai<\/h2>\n<p>Nor\u0117dami efektyviai diagnozuoti ir i\u0161spr\u0119sti str\u0117l\u0117s cilindro problemas, atsi\u017evelkite \u012f \u0161iuos patarimus:<\/p>\n<ul>\n<li>Atlikite vizualin\u012f patikrinim\u0105, ar n\u0117ra pa\u017eeidim\u0173 ar nusid\u0117v\u0117jimo po\u017eymi\u0173.<\/li>\n<li>Patikrinkite hidraulinio skys\u010dio lyg\u012f ir prireikus papildykite.<\/li>\n<li>Patikrinkite sandariklius, ar n\u0117ra koki\u0173 nors nusid\u0117v\u0117jimo po\u017eymi\u0173, ir prireikus pakeiskite.<\/li>\n<li>D\u0117l konkre\u010di\u0173 su cilindru susijusi\u0173 problem\u0173 \u017er. gamintojo trik\u010di\u0173 \u0161alinimo gaires.<\/li>\n<\/ul>\n<p><img decoding=\"async\" src=\"https:\/\/www.hydraulic-cylinders.net\/wp-content\/uploads\/2025\/04\/songte-bushings-with-all-kinds-of-excavator-models.webp\" alt=\"\u012evor\u0117 ekskavatoriaus modeliams\"><\/p>\n<h2>\u012emon\u0117s ap\u017evalga<\/h2>\n<p>Esame pirmaujantis pakaitini\u0173 hidraulini\u0173 cilindr\u0173 gamintojas, si\u016blantis plat\u0173 gamini\u0173 asortiment\u0105, kad patenkintume tiek vietin\u0117s, tiek tarptautin\u0117s rinkos poreikius. M\u016bs\u0173 \u012fsipareigojimas siekti nepriekai\u0161tingos kokyb\u0117s ir tikslios gamybos praktikos leido mums tapti patikimu partneriu hidraulini\u0173 cilindr\u0173 pramon\u0117je. Mes naudojame pa\u017eangias gamybos technologijas, kvalifikuotus techninius darbuotojus ir patikim\u0105 kokyb\u0117s u\u017etikrinimo sistem\u0105, kad padidintume savo gamybos paj\u0117gumus ir u\u017etikrintume, jog m\u016bs\u0173 gaminiai atitikt\u0173 auk\u0161\u010diausius standartus.<\/p>\n<p><img decoding=\"async\" src=\"https:\/\/www.hydraulic-cylinders.net\/wp-content\/uploads\/2025\/04\/songte-company-4.webp\" alt=\"\u012emon\u0117s gamybos \u012frenginiai\"><br \/>\n<img decoding=\"async\" src=\"https:\/\/www.hydraulic-cylinders.net\/wp-content\/uploads\/2025\/04\/songte-company-3.webp\" alt=\"\u012emon\u0117s gamybos \u012franga\"><\/p>\n<h3>Profesionalumas ir sertifikatai<\/h3>\n<p>M\u016bs\u0173 komand\u0105 sudaro auk\u0161tos kvalifikacijos specialistai, atsidav\u0119 auk\u0161\u010diausios klas\u0117s produkt\u0173 tiekimui. Turime tarptautinius sertifikatus, patvirtinan\u010dius m\u016bs\u0173 \u012fsipareigojim\u0105 kokybei ir patikimumui, u\u017etikrinant, kad m\u016bs\u0173 klientai gaut\u0173 produktus, kuriais gali pasitik\u0117ti.<\/p>\n<h3>Individualiai pritaikytos paslaugos<\/h3>\n<p>Si\u016blome individualius hidraulini\u0173 cilindr\u0173 sprendimus, pritaikytus konkretiems klient\u0173 reikalavimams, u\u017etikrindami, kad galime efektyviai spr\u0119sti unikalias problemas.<\/p>\n<h3>Gamybos \u012franga<\/h3>\n<p>Naudodami pa\u017eangiausi\u0105 gamybos \u012frang\u0105, u\u017etikriname auk\u0161t\u0105 veiklos efektyvum\u0105 ir tikslum\u0105 gamybos procesuose, tod\u0117l galime greitai pristatyti auk\u0161tos kokyb\u0117s produktus.<\/p>\n<h3>Aptarnavimas po pardavimo<\/h3>\n<p>M\u016bs\u0173 \u012fsipareigojimas u\u017etikrinti klient\u0173 pasitenkinim\u0105 neapsiriboja vien pardavimu. Siekdami u\u017etikrinti, kad m\u016bs\u0173 klientai kuo geriau i\u0161naudot\u0173 savo gaminius, si\u016blome visapusi\u0161k\u0105 garantin\u012f aptarnavim\u0105, \u012fskaitant technin\u0117s prie\u017ei\u016bros patarimus ir trik\u010di\u0173 \u0161alinimo pagalb\u0105.<\/p>\n<p>Autorius: lyl<\/p>","protected":false},"excerpt":{"rendered":"<p>Boom Cylinder For Caterpillar Large Excavator E349D Introduction to Boom Cylinder The Boom Cylinder is an essential hydraulic component designed specifically for heavy machinery, particularly the Caterpillar E349D excavator. This hydraulic cylinder is responsible for controlling the movement of the boom, enabling the excavator to perform its primary functions with precision and efficiency. The boom [&hellip;]<\/p>","protected":false},"featured_media":17871,"comment_status":"open","ping_status":"closed","template":"","meta":{"_et_pb_use_builder":"","_et_pb_old_content":"","_et_gb_content_width":""},"product_brand":[],"product_cat":[1546],"product_tag":[1547,1496],"class_list":{"0":"post-18974","1":"product","2":"type-product","3":"status-publish","4":"has-post-thumbnail","6":"product_cat-boom-cylinders","7":"product_tag-boom-cylinders","8":"product_tag-hydraulic-cylinders","10":"first","11":"instock","12":"shipping-taxable","13":"product-type-simple"},"amp_enabled":true,"_links":{"self":[{"href":"https:\/\/www.hydraulic-cylinders.net\/lt\/wp-json\/wp\/v2\/product\/18974","targetHints":{"allow":["GET"]}}],"collection":[{"href":"https:\/\/www.hydraulic-cylinders.net\/lt\/wp-json\/wp\/v2\/product"}],"about":[{"href":"https:\/\/www.hydraulic-cylinders.net\/lt\/wp-json\/wp\/v2\/types\/product"}],"replies":[{"embeddable":true,"href":"https:\/\/www.hydraulic-cylinders.net\/lt\/wp-json\/wp\/v2\/comments?post=18974"}],"wp:featuredmedia":[{"embeddable":true,"href":"https:\/\/www.hydraulic-cylinders.net\/lt\/wp-json\/wp\/v2\/media\/17871"}],"wp:attachment":[{"href":"https:\/\/www.hydraulic-cylinders.net\/lt\/wp-json\/wp\/v2\/media?parent=18974"}],"wp:term":[{"taxonomy":"product_brand","embeddable":true,"href":"https:\/\/www.hydraulic-cylinders.net\/lt\/wp-json\/wp\/v2\/product_brand?post=18974"},{"taxonomy":"product_cat","embeddable":true,"href":"https:\/\/www.hydraulic-cylinders.net\/lt\/wp-json\/wp\/v2\/product_cat?post=18974"},{"taxonomy":"product_tag","embeddable":true,"href":"https:\/\/www.hydraulic-cylinders.net\/lt\/wp-json\/wp\/v2\/product_tag?post=18974"}],"curies":[{"name":"wp","href":"https:\/\/api.w.org\/{rel}","templated":true}]}}