{"id":18976,"date":"2025-04-07T06:05:22","date_gmt":"2025-04-07T06:05:22","guid":{"rendered":"https:\/\/www.hydraulic-cylinders.net\/product\/boom-cylinder-for-caterpillar-large-excavator-e374fl\/"},"modified":"2025-04-07T06:05:25","modified_gmt":"2025-04-07T06:05:25","slug":"boom-cylinder-for-caterpillar-large-excavator-e374fl","status":"publish","type":"product","link":"https:\/\/www.hydraulic-cylinders.net\/lt\/produktas\/boom-cylinder-for-caterpillar-large-excavator-e374fl\/","title":{"rendered":"Str\u0117l\u0117s cilindras Caterpillar dideliam ekskavatoriui E374FL"},"content":{"rendered":"<h1>Str\u0117l\u0117s cilindras Caterpillar dideliam ekskavatoriui E374FL<\/h1>\n<h2>\u012evadas \u012f str\u0117l\u0117s cilindr\u0105<\/h2>\n<p>Str\u0117l\u0117s cilindras yra labai svarbus sunkiosios technikos komponentas, ypa\u010d tokiuose ekskavatoriuose kaip \u201eCaterpillar E374FL\u201c. \u0160is hidraulinis cilindras skirtas valdyti str\u0117l\u0117s jud\u0117jim\u0105, leid\u017eiant jai kelti, nuleisti ir pakreipti. Str\u0117l\u0117s cilindro funkcija yra labai svarbi atliekant med\u017eiag\u0173 tvarkymo u\u017eduotis, nes ji leid\u017eia atlikti tikslius judesius, reikalingus efektyviam kasimui, k\u0117limui ir ekskavatoriaus str\u0117l\u0117s pad\u0117\u010diai nustatyti.<\/p>\n<p>Hidraulin\u0117se sistemose str\u0117l\u0117s cilindras gauna hidraulin\u012f skyst\u012f, kuris generuoja j\u0117g\u0105, reikaling\u0105 \u012fvairioms u\u017eduotims atlikti. \u0160is mechanizmas yra labai svarbus \u012fvairiose srityse \u2013 nuo \u200b\u200bstatyb\u0173 iki \u017eem\u0117s \u016bkio. Gerai suprojektuotas str\u0117l\u0117s cilindras u\u017etikrina optimal\u0173 na\u0161um\u0105, patikimum\u0105 ir efektyvum\u0105, tod\u0117l jis yra b\u016btinas operatoriams sud\u0117tingoje aplinkoje.<\/p>\n<p><img decoding=\"async\" src=\"https:\/\/www.hydraulic-cylinders.net\/wp-content\/uploads\/2025\/04\/songte-company-1.webp\" alt=\"Hidraulinis cilindras\" \/><\/p>\n<h2>Pagrindin\u0117s str\u0117l\u0117s cilindro savyb\u0117s<\/h2>\n<ul>\n<li><strong>Didelis stiprumas ir ilgaam\u017ei\u0161kumas:<\/strong> Paprastai i\u0161 didelio stiprumo plieno arba aliuminio pagamintas str\u0117l\u0117s cilindras yra suprojektuotas taip, kad atlaikyt\u0173 auk\u0161t\u0105 sl\u0117g\u012f ir dideles apkrovas, u\u017etikrindamas ilgaam\u017ei\u0161kum\u0105 net ir at\u0161iauriomis darbo s\u0105lygomis.<\/li>\n<li><strong>Efektyvus hidraulinis valdymas:<\/strong> Naudodamas hidraulinio skys\u010dio sl\u0117g\u012f, cilindras u\u017etikrina skland\u0173 i\u0161pl\u0117tim\u0105 ir atitraukim\u0105, greitai reaguodamas \u012f operatoriaus komandas ir u\u017etikrindamas dideles st\u016bmimo bei traukimo galimybes.<\/li>\n<li><strong>\u012evair\u016bs tipai:<\/strong> Str\u0117l\u0117s cilindrai tiekiami vienpusio veikimo (veikiantys viena kryptimi) arba dvipusio veikimo (veikiantys abiem kryptimis) variant\u0173, atsi\u017evelgiant \u012f skirtingus eksploatacinius poreikius. Kai kurie modeliai pasi\u017eymi teleskopin\u0117mis konstrukcijomis, leid\u017eian\u010diomis didesn\u012f i\u0161pl\u0117tim\u0105 nedidinant i\u0161orini\u0173 matmen\u0173, tod\u0117l idealiai tinka u\u017edaroms erdv\u0117ms.<\/li>\n<li><strong>Individuali gamyba:<\/strong> M\u016bs\u0173 \u012fmon\u0117 specializuojasi auk\u0161\u010diausios kokyb\u0117s str\u0117l\u0117s cilindr\u0173, kurie puikiai pakei\u010dia esamus hidraulinius cilindrus, gamyboje, u\u017etikrindami skland\u0173 integravim\u0105 ir na\u0161um\u0105.<\/li>\n<li><strong>Pa\u017eangi med\u017eiag\u0173 technologija:<\/strong> Novatori\u0161k\u0173 med\u017eiag\u0173 naudojimas padidina gaminio atsparum\u0105 dilimui ir korozijai, \u017eymiai pailgindamas jo tarnavimo laik\u0105 net ir esant sud\u0117tingiausioms s\u0105lygoms.<\/li>\n<\/ul>\n<p><img decoding=\"async\" src=\"https:\/\/www.hydraulic-cylinders.net\/wp-content\/uploads\/2025\/04\/songte-cylinder-head-with-all-kinds-excavator-models.webp\" alt=\"Ekskavatori\u0173 modeliai\" \/><\/p>\n<h2>Str\u0117l\u0117s cilindro pritaikymas<\/h2>\n<h3>Statybin\u0117 \u012franga<\/h3>\n<p>Ekskavatoriuose str\u0117l\u0117s cilindrai atlieka esmin\u012f vaidmen\u012f kasant, kraunant ir perkeliant \u017eem\u0119 ar \u0161iuk\u0161les. \u0160ie cilindrai u\u017etikrina, kad str\u0117l\u0117 pasiekt\u0173 reikiam\u0105 gyl\u012f ir kampus efektyviam kasimui, suteikdami tvirtumo, reikalingo sunkiems kroviniams kelti ir tiksliai nustatyti str\u0117l\u0117s pad\u0117t\u012f. Be patikimo str\u0117l\u0117s cilindro kasimo darbai b\u016bt\u0173 neefektyv\u016bs ir varginantys.<\/p>\n<h3>\u017dem\u0117s \u016bkio technika<\/h3>\n<p>Priekiniuose krautuvuose str\u0117l\u0117s cilindrai yra b\u016btini dirvo\u017eemio, \u0161ieno ir kit\u0173 med\u017eiag\u0173 k\u0117limui, k\u0117limui ir transportavimui. Jie leid\u017eia operatoriams efektyviai valdyti birias med\u017eiagas, tod\u0117l \u016bkininkavimo u\u017eduotys tampa lengvesn\u0117s ir efektyvesn\u0117s. Str\u0117l\u0117s cilindro k\u0117limo galia labai prisideda prie \u017eem\u0117s \u016bkio darb\u0173 na\u0161umo.<\/p>\n<h3>Ekskavatoriai<\/h3>\n<p>Ekskavatoriuose str\u0117l\u0117s cilindrai palengvina kasimo veiksm\u0105, leisdami kau\u0161ui \u012fsiskverbti \u012f dirvo\u017eem\u012f. \u0160i funkcija yra labai svarbi efektyviam kasimui, nes suteikia operatoriams svert\u0105, reikaling\u0105 \u012fveikti nelyg\u0173 reljef\u0105. Hidraulinis str\u0117l\u0117s valdymas leid\u017eia atlikti tikslius judesius, b\u016btinus kasimo u\u017eduotims atlikti.<\/p>\n<h3>Krautuvai<\/h3>\n<p>Priekiniuose krautuvuose str\u0117l\u0117s cilindrai padeda efektyviai kelti ir i\u0161versti krovinius. Jie suteikia reikiam\u0105 j\u0117g\u0105 med\u017eiagoms pakelti \u012f norim\u0105 i\u0161vertimo auk\u0161t\u012f, u\u017etikrindami, kad operatoriai gal\u0117t\u0173 efektyviai valdyti ir transportuoti krovinius be joki\u0173 sunkum\u0173. \u0160i\u0173 cilindr\u0173 patikimumas yra labai svarbus norint i\u0161laikyti produktyvum\u0105 statybviet\u0117se ir kra\u0161tovaizd\u017eio tvarkymo aik\u0161tel\u0117se.<\/p>\n<h2>Projektavimo aspektai ir atrankos kriterijai<\/h2>\n<h3>Keliamoji galia<\/h3>\n<p>Renkantis str\u0117l\u0117s cilindr\u0105, labai svarbu atsi\u017evelgti \u012f jo keliam\u0105j\u0105 gali\u0105. Cilindras turi atlaikyti maksimal\u0173 svor\u012f, kuris jam bus taikomas eksploatacijos metu. Tam reikia suprasti ekskavatoriaus si\u016blomus mechaninius privalumus, \u012fskaitant str\u0117l\u0117s svirties svert\u0105. Siekiant i\u0161vengti mechanini\u0173 gedim\u0173 ir u\u017etikrinti operatoriaus saug\u0105, labai svarbu u\u017etikrinti, kad cilindras gal\u0117t\u0173 saugiai veikti nevir\u0161ydamas savo apkrovos rib\u0173.<\/p>\n<h3>Sandarinimo mechanizmai<\/h3>\n<p>Efektyvus sandarinimas yra b\u016btinas hidrauliniuose cilindruose, siekiant i\u0161vengti skys\u010dio nuot\u0117kio ir palaikyti sl\u0117g\u012f. Gaminiuose turi b\u016bti naudojami auk\u0161tos kokyb\u0117s sandarikliai, kad jie atlaikyt\u0173 \u012fprasto veikimo nusid\u0117v\u0117jim\u0105. Pa\u017eangios sandarinimo technologijos, tokios kaip st\u016bmokli\u0173 ir kot\u0173 sandarikliai, pagaminti i\u0161 patvari\u0173 med\u017eiag\u0173, toki\u0173 kaip poliuretanas, u\u017etikrina ilgaam\u017ei\u0161kum\u0105 ir patikimum\u0105, suma\u017eindamos hidraulinio skys\u010dio praradimo rizik\u0105 ir padidindamos efektyvum\u0105.<\/p>\n<h3>Patvarumas<\/h3>\n<p>Str\u0117l\u0117s cilindro patvarum\u0105 lemia jo konstrukcijoje naudojamos med\u017eiagos ir atsparumas aplinkos veiksniams. Labai svarbu pasirinkti didelio stiprumo med\u017eiagas, kurios yra atsparios korozijai ir dilimui, ypa\u010d sud\u0117tingose \u200b\u200bdarbo vietose. Reguliariai tikrinant, ar n\u0117ra nusid\u0117v\u0117jimo, ir naudojant apsaugines dangas, galima pailginti hidraulini\u0173 cilindr\u0173 tarnavimo laik\u0105 ir patikimum\u0105.<\/p>\n<h3>Saugos funkcijos<\/h3>\n<p>Saugumas yra svarbiausias dalykas projektuojant hidraulinius cilindrus. Tokios savyb\u0117s kaip sl\u0117gio ma\u017einimo vo\u017etuvai ir tinkamas tvirtinimo i\u0161d\u0117stymas padeda suma\u017einti su hidrauliniais gedimais susijusi\u0105 rizik\u0105. U\u017etikrinus, kad cilindras b\u016bt\u0173 suprojektuotas atsi\u017evelgiant \u012f saugum\u0105, apsaugomi operatoriai ir \u012franga, suma\u017einant nelaiming\u0173 atsitikim\u0173 ar incident\u0173 tikimyb\u0119 eksploatacijos metu.<\/p>\n<p><img decoding=\"async\" src=\"https:\/\/www.hydraulic-cylinders.net\/wp-content\/uploads\/2025\/04\/songte-oil-pipes-and-spare-parts.webp\" alt=\"Naftos vamzd\u017eiai ir atsargin\u0117s dalys\" \/><\/p>\n<h2>Hidraulinio cilindro sandarinimas ir tepimas<\/h2>\n<p>Tinkamas sandarinimas ir tepimas yra labai svarb\u016bs efektyviam str\u0117l\u0117s cilindro veikimui. Hidrauliniam sl\u0117giui palaikyti ir kartu i\u0161vengti nuot\u0117ki\u0173 naudojami \u012fvair\u016bs sandarikliai, \u012fskaitant st\u016bmoklio ir strypo sandariklius. \u0160ie sandarikliai da\u017enai gaminami i\u0161 dilimui atspari\u0173 med\u017eiag\u0173, toki\u0173 kaip poliuretanas ir nitrilo kau\u010diukas, kurios padidina patvarum\u0105 ir na\u0161um\u0105.<\/p>\n<p>Cilindro korpuso ir sriegini\u0173 gal\u0173 pavir\u0161iai yra kruop\u0161\u010diai apdirbti, siekiant pagerinti atsparum\u0105 dilimui. B\u016btina reguliariai tepti, nes hidraulin\u0117s alyvos reikia \u012fpilti, kad b\u016bt\u0173 u\u017etikrintas sklandus veikimas ir i\u0161vengta perkaitimo. \u0160i prie\u017ei\u016bros praktika padeda suma\u017einti vidini\u0173 komponent\u0173 susid\u0117v\u0117jim\u0105, u\u017etikrinant hidraulin\u0117s sistemos ilgaam\u017ei\u0161kum\u0105 ir efektyvum\u0105.<\/p>\n<h2>\u012eprastin\u0117s patikros ir prevencin\u0117s prie\u017ei\u016bros priemon\u0117s<\/h2>\n<ul>\n<li><strong>Reguliar\u016bs patikrinimai:<\/strong> Reguliariai tikrinkite str\u0117l\u0117s cilindr\u0105, ar n\u0117ra susid\u0117v\u0117jimo, pa\u017eeidim\u0173 ar nuot\u0117ki\u0173 po\u017eymi\u0173. Ankstyvas problem\u0173 nustatymas leid\u017eia laiku atlikti remont\u0105, taip suma\u017einant katastrofi\u0161k\u0173 gedim\u0173 rizik\u0105.<\/li>\n<li><strong>Tinkamas tepimas:<\/strong> \u012esitikinkite, kad hidraulinis cilindras yra tinkamai suteptas. Tai apima skys\u010dio lygio patikrinim\u0105 ir hidraulin\u0117s alyvos papildym\u0105 pagal poreik\u012f, kad b\u016bt\u0173 u\u017etikrintas sklandus veikimas ir i\u0161vengta susid\u0117v\u0117jimo.<\/li>\n<li><strong>Sandariklio keitimas:<\/strong> Reguliariai tikrinkite tarpiklius, ar n\u0117ra susid\u0117v\u0117jimo ar pa\u017eeidim\u0173 po\u017eymi\u0173. Savalaikis tarpikli\u0173 keitimas padeda palaikyti hidraulin\u012f sl\u0117g\u012f ir i\u0161vengti nuot\u0117ki\u0173, taip u\u017etikrinant efektyv\u0173 veikim\u0105.<\/li>\n<\/ul>\n<h2>Str\u0117l\u0117s cilindro montavimo gair\u0117s<\/h2>\n<p>Tinkamas str\u0117l\u0117s cilindro montavimas yra labai svarbus optimaliam veikimui. Pirmiausia \u012fsitikinkite, kad visi tvirtinimo ta\u0161kai yra teisingai sulygiuoti; neteisingas sulygiavimas gali sukelti netolyg\u0173 nusid\u0117v\u0117jim\u0105 ir galim\u0105 gedim\u0105. Naudokite tinkamus tvirtinimo laikiklius, kad pritvirtintum\u0117te cilindr\u0105 vietoje ir u\u017etikrintum\u0117te stabilum\u0105 eksploatavimo metu.<\/p>\n<p>Prie\u0161 prijungdami hidraulines linijas, dar kart\u0105 patikrinkite, ar visuose sriegiuose n\u0117ra \u0161iuk\u0161li\u0173 ir ar sandarikliai yra geros b\u016bkl\u0117s. Prijung\u0119, patikrinkite sistem\u0105, paleisdami hidraulines funkcijas visu j\u0173 diapazonu, kad patikrintum\u0117te, ar n\u0117ra nuot\u0117ki\u0173, ir u\u017etikrintum\u0117te skland\u0173 veikim\u0105. Norint pasiekti geriausi\u0105 hidraulinio cilindro na\u0161um\u0105, b\u016btina laikytis gamintojo nurodym\u0173 montuojant.<\/p>\n<h2>\u012eprastos prie\u017ei\u016bros u\u017eduotys<\/h2>\n<h3>Reguliar\u016bs patikrinimai<\/h3>\n<p>Reguliariai tikrinti str\u0117l\u0117s cilindr\u0105 yra labai svarbu norint i\u0161laikyti jo efektyvum\u0105. Tai apima skys\u010di\u0173 lygio steb\u0117jim\u0105, nuot\u0117ki\u0173 patikrinim\u0105 ir bendros cilindro b\u016bkl\u0117s \u012fvertinim\u0105. Reguliar\u016bs patikrinimai padeda nustatyti galimas problemas, kol jos neperauga \u012f rimtesnes, u\u017etikrinant hidraulinio cilindro ilgaam\u017ei\u0161kum\u0105.<\/p>\n<h3>Tinkamas tepimas<\/h3>\n<p>Tinkamas hidraulinio cilindro tepimas yra labai svarbus skland\u017eiam darbui. \u012esitikinkite, kad hidraulin\u0117 alyva yra reguliariai papildoma ir kad sandarikliai yra nepa\u017eeisti, kad b\u016bt\u0173 i\u0161vengta skys\u010dio praradimo. Tinkamas tepimas suma\u017eina trint\u012f tarp judan\u010di\u0173 dali\u0173, pailgina cilindro tarnavimo laik\u0105 ir pagerina jo na\u0161um\u0105.<\/p>\n<h3>Tarpikli\u0173 keitimas ir kalibravimo patikrinimai<\/h3>\n<p>Reguliariai keisti sandariklius yra b\u016btina norint i\u0161laikyti hidraulin\u0117s sistemos vientisum\u0105. Susid\u0117v\u0117j\u0119 arba pa\u017eeisti sandarikliai gali sukelti nuot\u0117kius ir suma\u017einti na\u0161um\u0105. Be to, periodiniai kalibravimo patikrinimai u\u017etikrina, kad cilindras veikt\u0173 pagal nurodytus parametrus, taip padidinant patikimum\u0105 ir saug\u0105 naudojimo metu.<\/p>\n<p><img decoding=\"async\" src=\"https:\/\/www.hydraulic-cylinders.net\/wp-content\/uploads\/2025\/04\/songte-chushion-collar.webp\" alt=\"Pagalv\u0117l\u0117s apykakl\u0117\" \/><\/p>\n<h2>Saugos aspektai ir aplinkos veiksniai<\/h2>\n<p>Naudojant hidraulinius cilindrus, saugos priemon\u0117s turi b\u016bti prioritetas. Operatoriai tur\u0117t\u0173 b\u016bti apmokyti suprasti su hidraulin\u0117mis sistemomis susijusi\u0105 rizik\u0105, \u012fskaitant galim\u0105 skys\u010di\u0173 nuot\u0117k\u012f ir sl\u0117gio pavojus. Saugos protokol\u0173, toki\u0173 kaip apsaugini\u0173 priemoni\u0173 naudojimas ir \u0161vari\u0173 darbo zon\u0173 palaikymas, \u012fgyvendinimas yra labai svarbus siekiant suma\u017einti nelaiming\u0173 atsitikim\u0173 skai\u010di\u0173.<\/p>\n<h2>Gedim\u0173 diagnostika ir da\u017eniausios problemos<\/h2>\n<ul>\n<li><strong>Nuot\u0117kis:<\/strong> Hidraulinio skys\u010dio nuot\u0117kis gali rodyti sandariklio gedim\u0105 arba pa\u017eeidim\u0105. Reguliariai tikrinkite sandariklius ir jungtis, kad i\u0161vengtum\u0117te skys\u010dio praradimo ir palaikytum\u0117te sl\u0117g\u012f.<\/li>\n<li><strong>Nenuoseklus jud\u0117jimas:<\/strong> Bet kokie cilindro jud\u0117jimo sutrikimai gali signalizuoti apie vidinius pa\u017eeidimus arba hidraulinio skys\u010dio u\u017eter\u0161tum\u0105. Patikrinkite, ar n\u0117ra u\u017esikim\u0161im\u0173, ir \u012fsitikinkite, kad hidraulinis skystis yra \u0161varus ir tinkamo lygio.<\/li>\n<li><strong>Ne\u012fprasti garsai:<\/strong> Keisti garsai veikimo metu gali b\u016bti susid\u0117v\u0117jimo ar pa\u017eeidimo po\u017eymis. Nedelsdami patikrinkite bet kokius ne\u012fprastus garsus, kad i\u0161vengtum\u0117te tolesn\u0117s \u017ealos.<\/li>\n<\/ul>\n<h2>Trik\u010di\u0173 \u0161alinimo patarimai ir sprendimai<\/h2>\n<p>Nor\u0117dami efektyviai pa\u0161alinti str\u0117l\u0117s cilindro problemas, prad\u0117kite nuo kruop\u0161taus patikrinimo. Ie\u0161kokite susid\u0117v\u0117jimo ar pa\u017eeidimo po\u017eymi\u0173 ir patikrinkite skys\u010di\u0173 lygius. Jei yra nuot\u0117ki\u0173, pakeiskite sandariklius ir \u012fsitikinkite, kad visos jungtys yra tvirtos. Hidraulinio skys\u010dio \u0161vara ir optimalus lygis padeda i\u0161vengti u\u017eter\u0161imo ir u\u017etikrina skland\u0173 veikim\u0105.<\/p>\n<p>\u012egyvendinkite prevencines priemones, tokias kaip reguliari technin\u0117 prie\u017ei\u016bra ir savalaikis remontas, kad suma\u017eintum\u0117te b\u016bsim\u0173 problem\u0173 rizik\u0105. Operatori\u0173 mokymas atpa\u017einti ankstyvuosius \u012fsp\u0117jamuosius \u017eenklus gali pad\u0117ti i\u0161vengti dideli\u0173 gedim\u0173 ir pailginti hidraulini\u0173 cilindr\u0173 tarnavimo laik\u0105.<\/p>\n<p><img decoding=\"async\" src=\"https:\/\/www.hydraulic-cylinders.net\/wp-content\/uploads\/2025\/04\/songte-bushings-with-all-kinds-of-excavator-models.webp\" alt=\"Ekskavatori\u0173 modeli\u0173 \u012fvor\u0117s\" \/><\/p>\n<h2>Apie m\u016bs\u0173 \u012fmon\u0119<\/h2>\n<p>Esame pirmaujantis pakaitini\u0173 hidraulini\u0173 cilindr\u0173 gamintojas, si\u016blantis plat\u0173 gamini\u0173 asortiment\u0105, kad patenkint\u0173 \u012fvairius rinkos poreikius. M\u016bs\u0173 \u012fsipareigojimas siekti meistri\u0161kumo atsispindi detaliuose gamybos procesuose ir auk\u0161t\u0173 kokyb\u0117s standart\u0173 laikymesi. D\u0117mes\u012f sutelkdami \u012f tiksli\u0105j\u0105 in\u017einerij\u0105 ir novatori\u0161kas technologijas, nuolat tobuliname savo gamybos paj\u0117gumus.<\/p>\n<p>Esame \u012fsitvirtin\u0119 kaip patikimas tiek\u0117jas tiek \u0161alies viduje, tiek tarptautiniu mastu. M\u016bs\u0173 tarptautiniai sertifikatai u\u017etikrina, kad m\u016bs\u0173 produktai atitinka pasaulinius kokyb\u0117s standartus. Taip pat teikiame individualius sprendimus, kad patenkintume konkre\u010dius klient\u0173 poreikius, pasitelkdami pa\u017eangi\u0105 gamybos \u012frang\u0105 ir patirt\u012f.<\/p>\n<p>M\u016bs\u0173 specializuotas garantinio aptarnavimo centras garantuoja, kad klientai gaus nuolatin\u0119 param\u0105 ir pagalb\u0105, taip dar labiau sustiprindami m\u016bs\u0173 reputacij\u0105 pramon\u0117je.<\/p>\n<p><img decoding=\"async\" src=\"https:\/\/www.hydraulic-cylinders.net\/wp-content\/uploads\/2025\/04\/songte-company-4.webp\" alt=\"\u012emon\u0117s ap\u017evalga\" \/><br \/>\n<img decoding=\"async\" src=\"https:\/\/www.hydraulic-cylinders.net\/wp-content\/uploads\/2025\/04\/songte-company-3.webp\" alt=\"Gamybos \u012fmon\u0117\" \/><\/p>\n<p>Autorius: lyl<\/p>","protected":false},"excerpt":{"rendered":"<p>Boom Cylinder For Caterpillar Large Excavator E374FL Introduction to Boom Cylinder The boom cylinder is a critical component in heavy machinery, especially in excavators like the Caterpillar E374FL. This hydraulic cylinder is designed to control the movement of the boom, allowing it to lift, lower, and tilt. The function of a boom cylinder is essential [&hellip;]<\/p>","protected":false},"featured_media":17873,"comment_status":"open","ping_status":"closed","template":"","meta":{"_et_pb_use_builder":"","_et_pb_old_content":"","_et_gb_content_width":""},"product_brand":[],"product_cat":[1546],"product_tag":[1547,1496],"class_list":{"0":"post-18976","1":"product","2":"type-product","3":"status-publish","4":"has-post-thumbnail","6":"product_cat-boom-cylinders","7":"product_tag-boom-cylinders","8":"product_tag-hydraulic-cylinders","10":"first","11":"instock","12":"shipping-taxable","13":"product-type-simple"},"amp_enabled":true,"_links":{"self":[{"href":"https:\/\/www.hydraulic-cylinders.net\/lt\/wp-json\/wp\/v2\/product\/18976","targetHints":{"allow":["GET"]}}],"collection":[{"href":"https:\/\/www.hydraulic-cylinders.net\/lt\/wp-json\/wp\/v2\/product"}],"about":[{"href":"https:\/\/www.hydraulic-cylinders.net\/lt\/wp-json\/wp\/v2\/types\/product"}],"replies":[{"embeddable":true,"href":"https:\/\/www.hydraulic-cylinders.net\/lt\/wp-json\/wp\/v2\/comments?post=18976"}],"wp:featuredmedia":[{"embeddable":true,"href":"https:\/\/www.hydraulic-cylinders.net\/lt\/wp-json\/wp\/v2\/media\/17873"}],"wp:attachment":[{"href":"https:\/\/www.hydraulic-cylinders.net\/lt\/wp-json\/wp\/v2\/media?parent=18976"}],"wp:term":[{"taxonomy":"product_brand","embeddable":true,"href":"https:\/\/www.hydraulic-cylinders.net\/lt\/wp-json\/wp\/v2\/product_brand?post=18976"},{"taxonomy":"product_cat","embeddable":true,"href":"https:\/\/www.hydraulic-cylinders.net\/lt\/wp-json\/wp\/v2\/product_cat?post=18976"},{"taxonomy":"product_tag","embeddable":true,"href":"https:\/\/www.hydraulic-cylinders.net\/lt\/wp-json\/wp\/v2\/product_tag?post=18976"}],"curies":[{"name":"wp","href":"https:\/\/api.w.org\/{rel}","templated":true}]}}