{"id":18978,"date":"2025-04-07T06:05:27","date_gmt":"2025-04-07T06:05:27","guid":{"rendered":"https:\/\/www.hydraulic-cylinders.net\/product\/boom-cylinder-for-caterpillar-wheel-excavator-m320dz\/"},"modified":"2025-04-07T06:05:30","modified_gmt":"2025-04-07T06:05:30","slug":"boom-cylinder-for-caterpillar-wheel-excavator-m320dz","status":"publish","type":"product","link":"https:\/\/www.hydraulic-cylinders.net\/lt\/produktas\/boom-cylinder-for-caterpillar-wheel-excavator-m320dz\/","title":{"rendered":"Str\u0117l\u0117s cilindras Caterpillar ratiniam ekskavatoriui M320DZ"},"content":{"rendered":"<h1>Str\u0117l\u0117s cilindras Caterpillar ratiniam ekskavatoriui M320DZ<\/h1>\n<h2>Produkto ap\u017evalga<\/h2>\n<p>\u201eCaterpillar\u201c ratinio ekskavatoriaus M320DZ str\u0117l\u0117s cilindras yra gyvybi\u0161kai svarbus komponentas, skirtas valdyti kau\u0161o jud\u0117jim\u0105 sunkiojoje technikoje. Kaip hidraulinio cilindro tipas, jis atlieka labai svarb\u0173 vaidmen\u012f hidraulin\u0117se sistemose, palengvindamas tiksl\u0173 kau\u0161\u0173 k\u0117lim\u0105, nuleidim\u0105 ir pakreipim\u0105, tod\u0117l yra b\u016btinas med\u017eiag\u0173 tvarkymo u\u017eduotims. Kau\u0161o cilindras yra specialiai sukurtas \u012fvairioms sunkiosios technikos reikm\u0117ms, \u012fskaitant ekskavatorius, ekskavatorinius krautuvus ir frontalinius krautuvus. Jo hidraulinis veikimas leid\u017eia efektyviai valdyti kau\u0161\u0105, taip padidinant na\u0161um\u0105 statybviet\u0117se ir kitose sunkiosiose srityse.<\/p>\n<p><img decoding=\"async\" src=\"https:\/\/www.hydraulic-cylinders.net\/wp-content\/uploads\/2025\/04\/songte-company-1.webp\" alt=\"Str\u0117l\u0117s cilindras Caterpillar ratiniam ekskavatoriui M320DZ\"><\/p>\n<h3>Str\u0117l\u0117s cilindro savyb\u0117s<\/h3>\n<ul>\n<li><strong>Didelis stiprumas ir ilgaam\u017ei\u0161kumas:<\/strong> \u0160ie cilindrai, pagaminti i\u0161 didelio stiprumo plieno arba aliuminio, yra sukurti taip, kad atlaikyt\u0173 auk\u0161t\u0105 sl\u0117g\u012f ir dideles apkrovas, tod\u0117l tinkami naudoti at\u0161iauriomis darbo s\u0105lygomis.<\/li>\n<li><strong>Efektyvus hidraulinis valdymas:<\/strong> Cilindras naudoja hidraulin\u0117s alyvos sl\u0117g\u012f, kad skland\u017eiai i\u0161skleist\u0173 ir atitraukt\u0173, tod\u0117l greitai reaguoti \u012f veikimo komandas ir tuo pa\u010diu metu u\u017etikrinti didel\u0119 st\u016bmimo bei traukimo gali\u0105.<\/li>\n<li><strong>\u012evair\u016bs galimi tipai:<\/strong> Klientai gali rinktis i\u0161 vienpusio veikimo (veikian\u010di\u0173 viena kryptimi) arba dvipusio veikimo (veikian\u010di\u0173 abiem kryptimis) cilindr\u0173, atsi\u017evelgdami \u012f \u012fvairius eksploatacinius poreikius.<\/li>\n<li><strong>Vietos taupymo dizainas:<\/strong> Kai kurie modeliai yra teleskopiniai, tod\u0117l juos galima labiau i\u0161tiesti nepadidinant i\u0161orini\u0173 matmen\u0173, tod\u0117l jie idealiai tinka naudoti ribotoje erdv\u0117je.<\/li>\n<li><strong>Atsparumas korozijai ir dilimui:<\/strong> Pagamintas i\u0161 atspari\u0173 dilimui med\u017eiag\u0173, str\u0117l\u0117s cilindras pasi\u017eymi i\u0161skirtiniu patvarumu ir ilgaam\u017ei\u0161kumu, tod\u0117l laikui b\u0117gant suma\u017e\u0117ja prie\u017ei\u016bros poreikis.<\/li>\n<\/ul>\n<h2>Str\u0117l\u0117s cilindro pritaikymas<\/h2>\n<h3>Statybin\u0117 \u012franga<\/h3>\n<p>Ekskavatoriuose str\u0117l\u0117s cilindrai atlieka gyvybi\u0161kai svarb\u0173 vaidmen\u012f kasant, kraunant ir perkeliant \u017eem\u0119 ar \u0161iuk\u0161les. Jie leid\u017eia kau\u0161ui efektyviai \u012fsiskverbti \u012f \u017eem\u0119, palengvindami \u012fvairius statybos darbus, tokius kaip tran\u0161\u0117j\u0173 kasimas ir med\u017eiag\u0173 i\u0161kasimas. Ekskavatoriuose-krautuvuose \u0161ie cilindrai padeda ne tik kasti, bet ir kelti, tod\u0117l yra nepakei\u010diami ruo\u0161iant statybviet\u0119.<\/p>\n<h3>\u017dem\u0117s \u016bkio technika<\/h3>\n<p>Priekiniai krautuvai naudoja str\u0117l\u0117s cilindrus med\u017eiagoms, tokioms kaip dirvo\u017eemis, \u0161ienas ir kiti \u017eem\u0117s \u016bkio produktai, semti, kelti ir transportuoti. \u0160i\u0173 cilindr\u0173 hidraulinis veikimas u\u017etikrina, kad sunkius krovinius b\u016bt\u0173 galima lengvai valdyti, o tai padidina na\u0161um\u0105 \u016bkiuose ir \u017eem\u0117s \u016bkio paskirties vietose.<\/p>\n<h3>Ekskavatoriai<\/h3>\n<p>Str\u0117l\u0117s cilindras leid\u017eia ekskavatoriams atlikti kasimo veiksmus, leisdamas kau\u0161ui \u012fsiskverbti \u012f dirv\u0105. \u0160i funkcija yra labai svarbi efektyviam kasimui, leid\u017eianti operatoriams atlikti u\u017eduotis tiksliai ir efektyviai. Str\u0117l\u0117s cilindro u\u017etikrinama stipri hidraulin\u0117 j\u0117ga u\u017etikrina maksimal\u0173 kasimo gyl\u012f ir efektyvum\u0105.<\/p>\n<h3>Krautuvai<\/h3>\n<p>Priekiniuose krautuvuose str\u0117l\u0117s cilindrai padeda efektyviai kelti ir i\u0161versti med\u017eiagas. J\u0173 hidraulin\u0117s galimyb\u0117s leid\u017eia operatoriams lengvai valdyti sunkius krovinius, pagerinant darbo efektyvum\u0105 ir suma\u017einant su rankiniu k\u0117limu susijus\u012f nuovarg\u012f.<\/p>\n<h2>Projektavimo aspektai ir atrankos kriterijai<\/h2>\n<h3>Keliamoji galia<\/h3>\n<p>Renkantis str\u0117l\u0117s cilindr\u0105, labai svarbu suprasti jo keliam\u0105j\u0105 gali\u0105. Keliamoji galia lemia maksimal\u0173 svor\u012f, kur\u012f cilindras gali atlaikyti nepakenkdamas savo konstrukciniam vientisumui. Kruop\u0161tus numatom\u0173 apkrov\u0173 \u012fvertinimas eksploatacijos metu gali pad\u0117ti i\u0161vengti prie\u0161laikinio gedimo ir pailginti cilindro tarnavimo laik\u0105. Siekiant u\u017etikrinti optimal\u0173 na\u0161um\u0105, b\u016btina suderinti cilindro keliam\u0105j\u0105 gali\u0105 su ma\u0161inos eksploataciniais reikalavimais.<\/p>\n<h3>Sandarumas ir ilgaam\u017ei\u0161kumas<\/h3>\n<p>Efektyvus sandarinimas yra labai svarbus hidrauliniams cilindrams, nes jis apsaugo nuo skys\u010dio nutek\u0117jimo ir palaiko sl\u0117g\u012f sistemoje. Paprastai naudojami auk\u0161tos kokyb\u0117s sandarikliai, pagaminti i\u0161 patvari\u0173 med\u017eiag\u0173, toki\u0173 kaip poliuretanas ir nitrilo kau\u010diukas, siekiant u\u017etikrinti ilgalaik\u012f veikim\u0105. Be to, cilindro konstrukcija turi b\u016bti pritaikyta \u012fvairioms aplinkos s\u0105lygoms, tokioms kaip temperat\u016bros svyravimai ir agresyvi\u0173 chemini\u0173 med\u017eiag\u0173 poveikis, kurios gali tur\u0117ti \u012ftakos jo patvarumui.<\/p>\n<h3>Saugos priemon\u0117s<\/h3>\n<p>Projektuojant str\u0117l\u0117s cilindrus, svarbiausia yra saugumas. Tokios savyb\u0117s kaip sl\u0117gio ma\u017einimo vo\u017etuvai ir tvirta konstrukcija gali pad\u0117ti suma\u017einti su hidrauliniais gedimais susijusi\u0105 rizik\u0105. Svarbu u\u017etikrinti, kad \u012frengimo ir eksploatavimo metu b\u016bt\u0173 laikomasi vis\u0173 saugos protokol\u0173, siekiant apsaugoti tiek \u012frang\u0105, tiek operatorius.<\/p>\n<h3>Prie\u017ei\u016bra ir remonto galimyb\u0117s<\/h3>\n<p>Pasirinkus str\u0117l\u0117s cilindr\u0105 atsi\u017evelgiant \u012f paprast\u0105 prie\u017ei\u016br\u0105, galima gerokai suma\u017einti prastovas ir eksploatavimo i\u0161laidas. Funkcijos, kurios palengvina prieig\u0105 remontui ir patikrinimams, pvz., nuimami galiniai dangteliai ir standartizuotos jungiamosios detal\u0117s, padidina bendr\u0105 technin\u0117s prie\u017ei\u016bros proced\u016br\u0173 efektyvum\u0105. Siekiant u\u017etikrinti ilgaam\u017ei\u0161kum\u0105 ir patikimum\u0105, reguliarios technin\u0117s prie\u017ei\u016bros grafikai tur\u0117t\u0173 b\u016bti sudaromi atsi\u017evelgiant \u012f \u012frangos naudojim\u0105.<\/p>\n<p><img decoding=\"async\" src=\"https:\/\/www.hydraulic-cylinders.net\/wp-content\/uploads\/2025\/04\/songte-oil-pipes-and-spare-parts.webp\" alt=\"Hidraulini\u0173 cilindr\u0173 komponentai\"><\/p>\n<h2>Sandarinimas ir tepimas<\/h2>\n<p>Efektyvus sandarinimas ir tepimas vaidina gyvybi\u0161kai svarb\u0173 vaidmen\u012f str\u0117l\u0117s cilindr\u0173 veikimui ir ilgaam\u017ei\u0161kumui. Siekiant i\u0161vengti hidraulinio skys\u010dio nuot\u0117kio, naudojami \u012fvair\u016bs sandarinimo komponentai, \u012fskaitant st\u016bmokli\u0173 ir stryp\u0173 sandariklius. \u0160ie sandarikliai paprastai gaminami i\u0161 atspari\u0173 dilimui med\u017eiag\u0173, toki\u0173 kaip poliuretanas ir nitrilo kau\u010diukas, kurios u\u017etikrina puik\u0173 patvarum\u0105 sud\u0117tingomis s\u0105lygomis. Be to, cilindr\u0173 korpusai ir srieginiai galai yra kruop\u0161\u010diai apdirbti, siekiant padidinti atsparum\u0105 dilimui ir pailginti tarnavimo laik\u0105.<\/p>\n<p>Reguliarus tepimas yra labai svarbus norint u\u017etikrinti skland\u0173 veikim\u0105. B\u016btina periodi\u0161kai papildyti hidraulin\u0117s alyvos lyg\u012f, kad b\u016bt\u0173 palaikomas optimalus tepimo lygis. Tinkamas tepimas apsaugo judan\u010dias dalis nuo per didelio susid\u0117v\u0117jimo ir padeda i\u0161laikyti pastov\u0173 hidraulin\u012f na\u0161um\u0105.<\/p>\n<h2>Prevencin\u0117s prie\u017ei\u016bros priemon\u0117s<\/h2>\n<ul>\n<li><strong>Reguliar\u016bs patikrinimai:<\/strong> Reguliariai atliekant str\u0117l\u0117s cilindro patikras, galima nustatyti susid\u0117v\u0117jim\u0105 ir galimas problemas, kol jos netapo rimtomis. Patikrinkite sandariklius, \u017earnas ir jungtis, ar n\u0117ra pa\u017eeidim\u0173 ar nusid\u0117v\u0117jimo po\u017eymi\u0173.<\/li>\n<li><strong>Tinkamas tepimas:<\/strong> \u012esitikinkite, kad hidraulin\u0117 sistema yra tinkamai sutepta, kad b\u016bt\u0173 i\u0161vengta vidini\u0173 komponent\u0173 trinties ir susid\u0117v\u0117jimo. Naudokite rekomenduojam\u0105 hidraulin\u012f skyst\u012f ir laikykit\u0117s gamintojo nurodym\u0173 d\u0117l tepimo interval\u0173.<\/li>\n<li><strong>Sandariklio keitimas:<\/strong> Reguliariai tikrinkite, ar sandarikliai n\u0117ra susid\u0117v\u0117j\u0119, ir prireikus pakeiskite juos, kad i\u0161vengtum\u0117te nuot\u0117ki\u0173. \u0160i praktika padeda i\u0161laikyti sistemos efektyvum\u0105 ir suma\u017eina hidraulinio gedimo rizik\u0105.<\/li>\n<\/ul>\n<h2>\u012erengimo gair\u0117s<\/h2>\n<p>Tinkamas str\u0117l\u0117s cilindro montavimas yra labai svarbus optimaliam jo veikimui ir ilgaam\u017ei\u0161kumui. Pirmiausia \u012fsitikinkite, kad visi komponentai yra \u0161var\u016bs ir be \u0161iuk\u0161li\u0173. Tiksliai nustatykite cilindro pad\u0117t\u012f, kad i\u0161vengtum\u0117te nesuderinamumo, kuris gali sukelti prie\u0161laikin\u012f susid\u0117v\u0117jim\u0105 ir gedim\u0105. Montuodami naudokite tinkamus tvirtinimo laikiklius, kad cilindras tvirtai pritvirtintum\u0117te j\u012f vietoje.<\/p>\n<p>Svarbu laikytis gamintojo pateikt\u0173 sukimo momento specifikacij\u0173, kad i\u0161vengtum\u0117te per didelio arba nepakankamo jung\u010di\u0173 priver\u017eimo. Po \u012frengimo atlikite i\u0161sam\u0173 patikrinim\u0105, kad \u012fsitikintum\u0117te, jog visos hidraulin\u0117s jungtys yra tvirtos ir nepralaid\u017eios. Galiausiai patikrinkite hidraulin\u0117s sistemos veikim\u0105, kad \u012fsitikintum\u0117te, jog cilindras veikia tinkamai.<\/p>\n<h2>\u012eprastos prie\u017ei\u016bros u\u017eduotys<\/h2>\n<ul>\n<li><strong>Reguliar\u016bs patikrinimai:<\/strong> Reguliar\u016bs patikrinimai padeda anksti nustatyti galimas problemas. Patikrinkite, ar n\u0117ra nuot\u0117ki\u0173, ar n\u0117ra susid\u0117v\u0117jusi\u0173 tarpini\u0173 ir bendr\u0105 cilindro vientisum\u0105.<\/li>\n<li><strong>Tinkamas tepimas:<\/strong> U\u017etikrinkite, kad hidraulin\u0117 sistema visada b\u016bt\u0173 tinkamai sutepta. Laikykit\u0117s gamintojo nurodym\u0173 d\u0117l tepimo tipo ir da\u017enumo.<\/li>\n<li><strong>Sandariklio keitimas:<\/strong> Reguliariai tikrinkite sandariklius, ar jie nesusid\u0117v\u0117j\u0119, ir prireikus juos pakeiskite. Sandariklio vientisumo palaikymas yra labai svarbus siekiant i\u0161vengti hidraulinio skys\u010dio nuot\u0117kio.<\/li>\n<\/ul>\n<h3>Tinkamo montavimo, tepimo ir reguliavimo svarba<\/h3>\n<p>Teisingas str\u0117l\u0117s cilindro montavimas yra b\u016btinas norint u\u017etikrinti jo funkcionalum\u0105 ir ilgaam\u017ei\u0161kum\u0105. Neteisingas sulygiavimas montavimo metu gali padidinti susid\u0117v\u0117jim\u0105 ir suma\u017einti efektyvum\u0105. Tod\u0117l labai svarbu tinkamai sulygiuoti cilindr\u0105 ir pritvirtinti j\u012f naudojant tinkamas tvirtinimo detales.<\/p>\n<p>Reguliarus tepimas yra ne ma\u017eiau svarbus. D\u0117l nepakankamo tepimo vidiniai komponentai gali greitai susid\u0117v\u0117ti, tod\u0117l reik\u0117s brangiai remontuoti. Tepimo grafik\u0173 laikymasis yra labai svarbus norint i\u0161laikyti optimal\u0173 na\u0161um\u0105.<\/p>\n<p>Hidraulin\u0117s sistemos reguliavimas tur\u0117t\u0173 b\u016bti atliekamas pagal gamintojo specifikacijas. Reguliarus kalibravimas ir reguliavimas padeda palaikyti rekomenduojam\u0105 hidraulin\u012f sl\u0117g\u012f, u\u017etikrinant veikimo efektyvum\u0105.<\/p>\n<p><img decoding=\"async\" src=\"https:\/\/www.hydraulic-cylinders.net\/wp-content\/uploads\/2025\/04\/songte-chushion-collar.webp\" alt=\"Str\u0117l\u0117s cilindro montavimas\"><\/p>\n<h2>Saugos aspektai ir aplinkos veiksniai<\/h2>\n<p>Dirbant su hidraulin\u0117mis sistemomis, niekada nereik\u0117t\u0173 pamir\u0161ti saugos priemoni\u0173. Operatoriai turi b\u016bti apmokyti tinkamai elgtis su hidrauline \u012franga ir \u017einoti apie galimus pavojus. Naudojant saugos \u012frang\u0105, toki\u0105 kaip pir\u0161tin\u0117s ir akiniai, galima suma\u017einti rizik\u0105, susijusi\u0105 su hidraulinio skys\u010dio nuot\u0117kiu ar cilindr\u0173 gedimais. Be to, i\u0161samus hidraulin\u0117s sistemos veikimo supratimas gali pad\u0117ti i\u0161vengti nelaiming\u0173 atsitikim\u0173 ir u\u017etikrinti saug\u0173 naudojim\u0105.<\/p>\n<h2>Da\u017eniausiai pasitaikan\u010di\u0173 problem\u0173 \u0161alinimas<\/h2>\n<h3>Da\u017enos problemos ir sprendimai<\/h3>\n<ul>\n<li><strong>Nuot\u0117kis:<\/strong> Nuot\u0117k\u012f da\u017enai sukelia pa\u017eeisti sandarikliai arba netinkamas montavimas. Reguliari sandarikli\u0173 patikra ir savalaikis keitimas gali pad\u0117ti i\u0161vengti \u0161ios problemos.<\/li>\n<li><strong>Nenuoseklus na\u0161umas:<\/strong> Jei cilindras neveikia skland\u017eiai, patikrinkite, ar hidraulin\u0117se linijose n\u0117ra oro arba ar n\u0117ra nepakankamo skys\u010dio lygio. Sistemos nuorinimas ir tinkamo skys\u010dio lygio u\u017etikrinimas gali i\u0161spr\u0119sti \u0161i\u0105 problem\u0105.<\/li>\n<li><strong>Perkaitimas:<\/strong> Perkrovus cilindr\u0105, gali kilti per didelis kar\u0161tis. \u012esitikinkite, kad apkrova nevir\u0161ija cilindro talpos, ir steb\u0117kite darbin\u0119 temperat\u016br\u0105.<\/li>\n<\/ul>\n<h3>Prevencin\u0117s priemon\u0117s<\/h3>\n<p>Siekiant suma\u017einti galimas str\u0117l\u0117s cilindro problemas, \u012fgyvendinkite prevencines priemones, pvz., reguliarius technin\u0117s prie\u017ei\u016bros grafikus, operatori\u0173 mokymus ir keliamosios galios gairi\u0173 laikym\u0105si. Proaktyviai sprend\u017eiant nedidelius klausimus, kol jie dar nepa\u016bm\u0117jo, galima gerokai padidinti hidraulin\u0117s sistemos ilgaam\u017ei\u0161kum\u0105 ir efektyvum\u0105.<\/p>\n<p><img decoding=\"async\" src=\"https:\/\/www.hydraulic-cylinders.net\/wp-content\/uploads\/2025\/04\/songte-bushings-with-all-kinds-of-excavator-models.webp\" alt=\"Hidraulini\u0173 cilindr\u0173 komponentai\"><\/p>\n<h2>Apie m\u016bs\u0173 \u012fmon\u0119<\/h2>\n<p>Esame pirmaujantis hidraulini\u0173 cilindr\u0173 gamintojas, specializuojantis alternatyvi\u0173 variant\u0173 teikime \u012fvairioms hidraulin\u0117ms reikm\u0117ms. \u012evairus m\u016bs\u0173 gamini\u0173 asortimentas leido mums tapti \u017einomu gamintoju ir didmeniniu platintoju tiek vidaus, tiek tarptautin\u0117se rinkose. Mes laikom\u0117s auk\u0161\u010diausios kokyb\u0117s filosofijos, kuri\u0105 palaiko rafinuota gamybos valdymo strategija. M\u016bs\u0173 technologin\u0117 patirtis kartu su pa\u017eangia skaitmenine gamybos \u012franga ir profesionaliomis bandym\u0173 sistemomis nuolat didina m\u016bs\u0173 gamybos paj\u0117gumus.<\/p>\n<p>M\u016bs\u0173 \u012fsipareigojimas u\u017etikrinti auk\u0161t\u0105 efektyvum\u0105, tikslum\u0105 ir kokyb\u0119 u\u017etikrina, kad patenkiname \u012fvairius klient\u0173 poreikius. Siekdami u\u017etikrinti klient\u0173 pasitenkinim\u0105, si\u016blome individualiai pritaikytas paslaugas, tarptautinius sertifikatus ir i\u0161skirtin\u012f aptarnavim\u0105 po pardavimo.<\/p>\n<p><img decoding=\"async\" src=\"https:\/\/www.hydraulic-cylinders.net\/wp-content\/uploads\/2025\/04\/songte-company-4.webp\" alt=\"\u012emon\u0117s ap\u017evalga\"><br \/>\n<img decoding=\"async\" src=\"https:\/\/www.hydraulic-cylinders.net\/wp-content\/uploads\/2025\/04\/songte-company-3.webp\" alt=\"\u012emon\u0117s patalpos\"><\/p>\n<p>Autorius: lyl<\/p>","protected":false},"excerpt":{"rendered":"<p>Boom Cylinder For Caterpillar Wheel Excavator M320DZ Product Overview The Boom Cylinder for Caterpillar Wheel Excavator M320DZ is a vital component designed to control the movement of the bucket in heavy machinery. As a type of hydraulic cylinder, it plays a crucial role in hydraulic systems, facilitating the precise lifting, lowering, and tilting of buckets, [&hellip;]<\/p>","protected":false},"featured_media":17875,"comment_status":"open","ping_status":"closed","template":"","meta":{"_et_pb_use_builder":"","_et_pb_old_content":"","_et_gb_content_width":""},"product_brand":[],"product_cat":[1546],"product_tag":[1547,1496],"class_list":{"0":"post-18978","1":"product","2":"type-product","3":"status-publish","4":"has-post-thumbnail","6":"product_cat-boom-cylinders","7":"product_tag-boom-cylinders","8":"product_tag-hydraulic-cylinders","10":"first","11":"instock","12":"shipping-taxable","13":"product-type-simple"},"amp_enabled":true,"_links":{"self":[{"href":"https:\/\/www.hydraulic-cylinders.net\/lt\/wp-json\/wp\/v2\/product\/18978","targetHints":{"allow":["GET"]}}],"collection":[{"href":"https:\/\/www.hydraulic-cylinders.net\/lt\/wp-json\/wp\/v2\/product"}],"about":[{"href":"https:\/\/www.hydraulic-cylinders.net\/lt\/wp-json\/wp\/v2\/types\/product"}],"replies":[{"embeddable":true,"href":"https:\/\/www.hydraulic-cylinders.net\/lt\/wp-json\/wp\/v2\/comments?post=18978"}],"wp:featuredmedia":[{"embeddable":true,"href":"https:\/\/www.hydraulic-cylinders.net\/lt\/wp-json\/wp\/v2\/media\/17875"}],"wp:attachment":[{"href":"https:\/\/www.hydraulic-cylinders.net\/lt\/wp-json\/wp\/v2\/media?parent=18978"}],"wp:term":[{"taxonomy":"product_brand","embeddable":true,"href":"https:\/\/www.hydraulic-cylinders.net\/lt\/wp-json\/wp\/v2\/product_brand?post=18978"},{"taxonomy":"product_cat","embeddable":true,"href":"https:\/\/www.hydraulic-cylinders.net\/lt\/wp-json\/wp\/v2\/product_cat?post=18978"},{"taxonomy":"product_tag","embeddable":true,"href":"https:\/\/www.hydraulic-cylinders.net\/lt\/wp-json\/wp\/v2\/product_tag?post=18978"}],"curies":[{"name":"wp","href":"https:\/\/api.w.org\/{rel}","templated":true}]}}