{"id":18984,"date":"2025-04-07T06:05:44","date_gmt":"2025-04-07T06:05:44","guid":{"rendered":"https:\/\/www.hydraulic-cylinders.net\/product\/boom-cylinder-for-doosan-small-excavator-dh55g\/"},"modified":"2025-04-07T06:05:46","modified_gmt":"2025-04-07T06:05:46","slug":"boom-cylinder-for-doosan-small-excavator-dh55g","status":"publish","type":"product","link":"https:\/\/www.hydraulic-cylinders.net\/lt\/produktas\/boom-cylinder-for-doosan-small-excavator-dh55g\/","title":{"rendered":"Str\u0117l\u0117s cilindras Doosan ma\u017eam ekskavatoriui DH55G"},"content":{"rendered":"<h1>Str\u0117l\u0117s cilindras Doosan ma\u017eam ekskavatoriui DH55G<\/h1>\n<h2>Str\u0117l\u0117s cilindr\u0173 ap\u017evalga<\/h2>\n<p>Str\u0117l\u0117s cilindras yra specializuotas hidraulinis cilindras, skirtas valdyti str\u0117l\u0117s jud\u0117jim\u0105 \u012fvairiose sunkiosiose ma\u0161inose, tokiose kaip ekskavatoriai, ekskavatoriniai krautuvai ir frontaliniai krautuvai. \u0160is hidraulinis komponentas leid\u017eia str\u0117lei kelti, nuleisti ir pakreipti, taip palengvindamas efektyv\u0173 med\u017eiag\u0173 tvarkym\u0105. Hidraulin\u0117se sistemose str\u0117l\u0117s cilindras atlieka pagrindin\u012f vaidmen\u012f, nes jis paver\u010dia hidraulin\u012f sl\u0117g\u012f mechanine j\u0117ga, kad b\u016bt\u0173 pasiekti tiksl\u016bs judesiai. Paprastai \u0161ie cilindrai, pagaminti i\u0161 didelio stiprumo med\u017eiag\u0173, yra sukurti taip, kad atlaikyt\u0173 sud\u0117tingos darbo aplinkos s\u0105lygas. J\u0173 konstrukcija atsi\u017evelgia \u012f atsparum\u0105 dilimui ir korozijai, taip maksimaliai pailginant j\u0173 eksploatavimo laik\u0105.<\/p>\n<p><img decoding=\"async\" src=\"https:\/\/www.hydraulic-cylinders.net\/wp-content\/uploads\/2025\/04\/songte-company-1.webp\" alt=\"Str\u0117l\u0117s cilindras\"><\/p>\n<h2>Str\u0117l\u0117s cilindro savyb\u0117s<\/h2>\n<ul>\n<li><strong>Didelis stiprumas ir ilgaam\u017ei\u0161kumas:<\/strong> Paprastai pagaminti i\u0161 didelio stiprumo plieno arba aliuminio, galintys atlaikyti auk\u0161t\u0105 sl\u0117g\u012f ir dideles apkrovas, sukurti at\u0161iaurioms darbo s\u0105lygoms.<\/li>\n<li><strong>Efektyvus hidraulinis valdymas:<\/strong> Naudoja hidraulin\u0117s alyvos sl\u0117g\u012f skland\u017eiam i\u0161st\u016bmimui ir \u012ftraukimui, greitai reaguoja \u012f valdymo komandas ir u\u017etikrina stipri\u0105 st\u016bmimo bei traukimo j\u0117g\u0105, tinkam\u0105 sunkioms ir sud\u0117tingoms u\u017eduotims.<\/li>\n<li><strong>\u012evair\u016bs tipai:<\/strong> Galima rinktis vienpusio veikimo (hidraulin\u0117 sistema naudojama viena kryptimi) arba dvipusio veikimo (hidraulin\u0117 sistema naudojama abiem kryptimis) konfig\u016bracijas, kad b\u016bt\u0173 patenkinti skirtingi eksploataciniai poreikiai, o kai kurie modeliai pasi\u017eymi teleskopin\u0117mis konstrukcijomis, kad b\u016bt\u0173 didesnis pasiekiamumas nedidinant i\u0161orini\u0173 matmen\u0173.<\/li>\n<\/ul>\n<h2>M\u016bs\u0173 gamybos paj\u0117gumai<\/h2>\n<p>Turime galimyb\u0119 gaminti \u0161\u012f produkt\u0105, o m\u016bs\u0173 si\u016blomi produktai gali puikiai pakeisti rinkoje esan\u010dius hidraulinius cilindrus.<\/p>\n<p><img decoding=\"async\" src=\"https:\/\/www.hydraulic-cylinders.net\/wp-content\/uploads\/2025\/04\/songte-cylinder-head-with-all-kinds-excavator-models.webp\" alt=\"Cilindro galvut\u0117\"><\/p>\n<h2>Str\u0117l\u0117s cilindro pritaikymas<\/h2>\n<h3>Statybin\u0117 \u012franga<\/h3>\n<p>Ekskavatoriuose str\u0117l\u0117s cilindrai yra labai svarb\u016bs kasant, kraunant ir perkeliant \u017eem\u0119 ar \u0161iuk\u0161les. Jie suteikia reikiam\u0105 j\u0117g\u0105 kau\u0161ui pakelti ir tiksliai j\u012f pastatyti, tod\u0117l yra nepakei\u010diami statybos darbams. Ekskavatoriuose-krautuvuose str\u0117l\u0117s cilindras ne tik padeda kasti, bet ir kelti med\u017eiagas, padidindamas ma\u0161inos universalum\u0105.<\/p>\n<h3>\u017dem\u0117s \u016bkio technika<\/h3>\n<p>Priekini\u0173 krautuv\u0173 str\u0117l\u0117s cilindrai palengvina dirvo\u017eemio, \u0161ieno ir kit\u0173 med\u017eiag\u0173 pakrovim\u0105, k\u0117lim\u0105 ir transportavim\u0105. Tvirta j\u0173 konstrukcija u\u017etikrina, kad jie atlaikyt\u0173 su \u017eem\u0117s \u016bkio u\u017eduotimis susijusias apkrovas, taip pagerindami \u016bkininkavimo operacij\u0173 efektyvum\u0105.<\/p>\n<h3>Ekskavatoriai<\/h3>\n<p>Ekskavatoriuose str\u0117l\u0117s cilindras leid\u017eia kau\u0161ui efektyviai \u012fsiskverbti \u012f dirv\u0105, tod\u0117l kasimo darbai tampa daug lengvesni ir efektyvesni. Hidraulinis veikimas u\u017etikrina, kad taikoma j\u0117ga b\u016bt\u0173 pastovi, o tai maksimaliai padidina kasimo na\u0161um\u0105.<\/p>\n<h3>Krautuvai<\/h3>\n<p>Priekiniuose krautuvuose str\u0117l\u0117s cilindrai yra b\u016btini norint efektyviai kelti ir i\u0161versti krovinius. Jie leid\u017eia operatoriui pakelti ir pakreipti kau\u0161\u0105, u\u017etikrinant, kad med\u017eiagas b\u016bt\u0173 galima perkelti efektyviai ir saugiai.<\/p>\n<h2>Projektavimo aspektai ir atrankos kriterijai<\/h2>\n<h3>Keliamoji galia<\/h3>\n<p>Renkantis str\u0117l\u0117s cilindr\u0105, labai svarbu suprasti keliam\u0105j\u0105 gali\u0105. Cilindras turi atlaikyti maksimali\u0105 numatom\u0105 apkrov\u0105 eksploatacijos metu be gedimo rizikos. Tai apima hidraulinio sl\u0117gio, reikalingo med\u017eiagoms efektyviai kelti ir perkelti, \u012fvertinim\u0105.<\/p>\n<h3>Sandarinimas<\/h3>\n<p>Sandarinimas yra b\u016btinas norint i\u0161laikyti hidraulinio skys\u010dio vientisum\u0105 ir i\u0161vengti nuot\u0117ki\u0173. Auk\u0161tos kokyb\u0117s sandariklis apsaugos cilindr\u0105 nuo i\u0161orini\u0173 ter\u0161al\u0173 ir u\u017etikrins optimal\u0173 veikim\u0105 laikui b\u0117gant. Pasirinkus sandariklius, pagamintus i\u0161 patvari\u0173 med\u017eiag\u0173, toki\u0173 kaip poliuretanas arba nitrilo kau\u010diukas, galima \u017eymiai pailginti cilindro tarnavimo laik\u0105.<\/p>\n<h3>Patvarumas<\/h3>\n<p>Patvarumas yra pagrindinis veiksnys renkantis str\u0117l\u0117s cilindr\u0105. Jis tur\u0117t\u0173 b\u016bti suprojektuotas taip, kad atlaikyt\u0173 at\u0161iaurias s\u0105lygas ir pakartotinius veikimo ciklus. Med\u017eiag\u0173 pasirinkimas ir gamybos procesai vaidina gyvybi\u0161kai svarb\u0173 vaidmen\u012f nustatant cilindro patvarum\u0105.<\/p>\n<h3>Saugumas<\/h3>\n<p>Saugos priemon\u0117s visada tur\u0117t\u0173 b\u016bti prioritetas. Str\u0117l\u0117s cilindro konstrukcija turi apimti mechanizmus, kurie apsaugot\u0173 nuo atsitiktinio atleidimo ir u\u017etikrint\u0173 skland\u0173 str\u0117l\u0117s veikim\u0105 numatytame jud\u0117jimo diapazone. Saugos priemon\u0117s, tokios kaip sl\u0117gio ma\u017einimo vo\u017etuvai, padeda apsaugoti nuo perkrovos.<\/p>\n<h3>Prie\u017ei\u016bra<\/h3>\n<p>Dar vienas svarbus aspektas yra lengva prie\u017ei\u016bra. Konstrukcija tur\u0117t\u0173 leisti atlikti paprastas patikros ir technin\u0117s prie\u017ei\u016bros proced\u016bras, kad hidraulin\u0117 sistema b\u016bt\u0173 optimalios darbin\u0117s b\u016bkl\u0117s. Tai apima lengv\u0105 prieig\u0105 prie sandarikli\u0173, tepimo ta\u0161k\u0173 ir hidraulini\u0173 jung\u010di\u0173.<\/p>\n<p><img decoding=\"async\" src=\"https:\/\/www.hydraulic-cylinders.net\/wp-content\/uploads\/2025\/04\/songte-oil-pipes-and-spare-parts.webp\" alt=\"Naftos vamzd\u017eiai ir atsargin\u0117s dalys\"><\/p>\n<h2>Sandarinimas ir tepimas<\/h2>\n<p>Efektyvus sandarinimas ir tepimas yra gyvybi\u0161kai svarb\u016bs ilgalaikiam str\u0117l\u0117s cilindr\u0173 veikimui. \u012evair\u016bs sandarinimo komponentai, tokie kaip st\u016bmokli\u0173 ir stryp\u0173 sandarikliai, turi b\u016bti parinkti i\u0161 dilimui atspari\u0173 med\u017eiag\u0173, toki\u0173 kaip poliuretanas arba nitrilo kau\u010diukas, siekiant u\u017etikrinti ilgaam\u017ei\u0161kum\u0105. Cilindro kiaurym\u0117 ir srieginiai galiniai pavir\u0161iai turi b\u016bti kruop\u0161\u010diai apdirbti, kad padid\u0117t\u0173 atsparumas dilimui, suma\u017einant nuot\u0117ki\u0173 ir gedim\u0173 rizik\u0105 laikui b\u0117gant. Reguliariai \u012fpur\u0161kiant tinkam\u0105 hidraulin\u0117s alyvos kiek\u012f tepimui, b\u016btina u\u017etikrinti skland\u0173 veikim\u0105 ir i\u0161vengti judan\u010di\u0173 dali\u0173 susid\u0117v\u0117jimo.<\/p>\n<h2>Reguliarios patikros ir prevencin\u0117s prie\u017ei\u016bros priemon\u0117s<\/h2>\n<ul>\n<li><strong>Da\u017enos patikros:<\/strong> Reguliariai tikrinkite, kad nustatytum\u0117te bet kokius susid\u0117v\u0117jimo, nuot\u0117kio ar pa\u017eeidimo po\u017eymius. Ankstyvas nustatymas padeda i\u0161vengti dideli\u0173 gedim\u0173.<\/li>\n<li><strong>Tinkamas tepimas:<\/strong> \u012esitikinkite, kad visos judan\u010dios dalys yra tinkamai suteptos pagal gamintojo specifikacijas, kad i\u0161vengtum\u0117te per didelio susid\u0117v\u0117jimo.<\/li>\n<li><strong>Sandariklio keitimas:<\/strong> Reguliariai tikrinkite sandariklius, ar jie nesusid\u0117v\u0117j\u0119, ir prireikus pakeiskite juos, kad i\u0161laikytum\u0117te hidraulin\u012f vientisum\u0105 ir i\u0161vengtum\u0117te skys\u010di\u0173 nuot\u0117kio.<\/li>\n<\/ul>\n<h2>Tinkamo \u012frengimo gair\u0117s<\/h2>\n<p>Nor\u0117dami u\u017etikrinti optimal\u0173 na\u0161um\u0105, laikykit\u0117s \u0161i\u0173 montavimo gairi\u0173. Pirmiausia \u012fsitikinkite, kad hidraulinis cilindras yra tinkamai sulygiuotas su ma\u0161inos tvirtinimo ta\u0161kais. Netinkamas sulygiavimas gali sukelti prie\u0161laikin\u012f susid\u0117v\u0117jim\u0105 arba gedim\u0105. Naudokite tinkamus tvirtinimo laikiklius, kad pritvirtintum\u0117te cilindr\u0105 vietoje, u\u017etikrindami tinkam\u0105 veikim\u0105 be jokio per didelio hidraulin\u0117s sistemos \u012ftempimo. \u012ediegus, labai svarbu i\u0161leisti or\u0105 i\u0161 sistemos ir patikrinti, ar n\u0117ra nuot\u0117ki\u0173, prie\u0161 pradedant naudoti ma\u0161in\u0105. Susipa\u017einkite su reikiamais vis\u0173 jungiam\u0173j\u0173 detali\u0173 sukimo momento specifikacijomis, kad u\u017etikrintum\u0117te saug\u0173 ir patikim\u0105 montavim\u0105.<\/p>\n<h2>\u012eprastos prie\u017ei\u016bros u\u017eduotys<\/h2>\n<h3>Reguliar\u016bs patikrinimai<\/h3>\n<p>Reguliar\u016bs patikrinimai yra labai svarb\u016bs norint nustatyti galimas problemas, kol jos nepa\u016bm\u0117jo. Ie\u0161kokite alyvos nuot\u0117kio, ne\u012fprast\u0173 gars\u0173 ar suma\u017e\u0117jusio na\u0161umo po\u017eymi\u0173. Nustatykite \u012fprastin\u012f patikrinim\u0173 grafik\u0105, kad u\u017etikrintum\u0117te, jog str\u0117l\u0117s cilindras veikia efektyviai ir saugiai.<\/p>\n<h3>Tinkamas tepimas<\/h3>\n<p>Tinkamas tepimas yra labai svarbus hidraulinio cilindro ilgaam\u017ei\u0161kumui. Naudokite rekomenduojamo tipo hidraulin\u0119 alyv\u0105 ir \u012fsitikinkite, kad jos lygis yra tinkamas. Tai padeda suma\u017einti trint\u012f ir vidini\u0173 komponent\u0173 susid\u0117v\u0117jim\u0105, tod\u0117l u\u017etikrinamas sklandus veikimas.<\/p>\n<h3>Tarpikli\u0173 keitimas ir kalibravimo patikrinimai<\/h3>\n<p>Susid\u0117v\u0117jusi\u0173 sandarikli\u0173 keitimas yra labai svarbus norint palaikyti hidraulin\u012f sl\u0117g\u012f ir i\u0161vengti nuot\u0117ki\u0173. Be to, b\u016btini reguliar\u016bs kalibravimo patikrinimai, siekiant u\u017etikrinti, kad sistema veikt\u0173 pagal norimas specifikacijas, ir taip i\u0161vengti suderinimo klaid\u0173 bei eksploatacini\u0173 neefektyvum\u0173.<\/p>\n<p><img decoding=\"async\" src=\"https:\/\/www.hydraulic-cylinders.net\/wp-content\/uploads\/2025\/04\/songte-chushion-collar.webp\" alt=\"Pagalv\u0117l\u0117s apykakl\u0117\"><\/p>\n<h2>Saugos aspektai ir aplinkos veiksniai<\/h2>\n<p>Naudojant hidraulinius cilindrus, saugos priemon\u0117s yra nepaprastai svarbios. Visada u\u017etikrinkite, kad operatoriai b\u016bt\u0173 apmokyti saugaus naudojimo praktikos, kad b\u016bt\u0173 suma\u017einta nelaiming\u0173 atsitikim\u0173 tikimyb\u0117. Reguliar\u016bs saugos auditai ir \u012frangos patikrinimai gali pad\u0117ti nustatyti galimus pavojus. Be to, atsi\u017evelkite \u012f aplinkos veiksnius, tokius kaip skys\u010di\u0173 \u0161alinimas ir galimi nuot\u0117kiai, ir \u012fgyvendinkite strategijas, kaip su\u0161velninti bet kok\u012f neigiam\u0105 poveik\u012f.<\/p>\n<h2>Da\u017eniausiai pasitaikan\u010di\u0173 problem\u0173 \u0161alinimas<\/h2>\n<ul>\n<li><strong>Nuot\u0117kis:<\/strong> Jei str\u0117l\u0117s cilindras leid\u017eia hidraulin\u012f skyst\u012f, patikrinkite, ar n\u0117ra susid\u0117v\u0117jusi\u0173 sandarikli\u0173 arba atsilaisvinusi\u0173 jung\u010di\u0173. Problem\u0105 gali i\u0161spr\u0119sti jungiam\u0173j\u0173 detali\u0173 priver\u017eimas arba sandarikli\u0173 pakeitimas.<\/li>\n<li><strong>Suma\u017eintas na\u0161umas:<\/strong> Hidraulin\u0117s galios suma\u017e\u0117jimas gali rodyti \u017eem\u0105 skys\u010dio lyg\u012f arba sistemoje \u012fstrigusi\u0105 or\u0105. \u012esitikinkite, kad hidraulinis skystis yra papildytas, ir prireikus i\u0161leiskite i\u0161 sistemos or\u0105.<\/li>\n<li><strong>Ne\u012fprasti garsai:<\/strong> Keistai girdimi garsai eksploatacijos metu gali rodyti mechanin\u012f gedim\u0105 arba tepimo tr\u016bkum\u0105. Nedelsdami i\u0161tirkite ir pa\u0161alinkite bet kokius susid\u0117v\u0117jimo ar pa\u017eeidimo po\u017eymius.<\/li>\n<\/ul>\n<p>Reguliarus technin\u0117s prie\u017ei\u016bros grafikas gali pad\u0117ti i\u0161vengti \u0161i\u0173 problem\u0173, u\u017etikrinant optimal\u0173 hidraulinio cilindro veikim\u0105 ir ilgaam\u017ei\u0161kum\u0105.<\/p>\n<p><img decoding=\"async\" src=\"https:\/\/www.hydraulic-cylinders.net\/wp-content\/uploads\/2025\/04\/songte-bushings-with-all-kinds-of-excavator-models.webp\" alt=\"\u012evor\u0117s su ekskavatori\u0173 modeliais\"><\/p>\n<h2>Apie m\u016bs\u0173 \u012fmon\u0119<\/h2>\n<p>Esame pirmaujantis pakaitini\u0173 hidraulini\u0173 cilindr\u0173 gamintojas, si\u016blantis plat\u0173 gamini\u0173 asortiment\u0105. B\u016bdami vieni i\u0161 pirmaujan\u010di\u0173 gamintoj\u0173 ir didmeninink\u0173 vidaus ir tarptautin\u0117se rinkose, teikiame pirmenyb\u0119 nepriekai\u0161tingai kokybei. M\u016bs\u0173 pa\u017eangios gamybos strategijos remiasi rafinuotu gamybos valdymo metodu, pasitelkiant kvalifikuotus darbuotojus, auk\u0161\u010diausios klas\u0117s skaitmenin\u0119 gamybos \u012frang\u0105 ir profesionalias testavimo sistemas. Nuolat tobuliname savo gamybos platform\u0105, u\u017etikrindami patikim\u0105 gamini\u0173 kokyb\u0117s keli\u0105. Vadovaudamiesi didelio efektyvumo, tikslumo ir kokyb\u0117s principais, stengiam\u0117s patenkinti \u012fvairius savo klient\u0173 poreikius.<\/p>\n<p><img decoding=\"async\" src=\"https:\/\/www.hydraulic-cylinders.net\/wp-content\/uploads\/2025\/04\/songte-company-4.webp\" alt=\"\u012emon\u0117s paveiksl\u0117lis 4\"><br \/>\n<img decoding=\"async\" src=\"https:\/\/www.hydraulic-cylinders.net\/wp-content\/uploads\/2025\/04\/songte-company-3.webp\" alt=\"\u012emon\u0117s paveiksl\u0117lis 3\"><\/p>\n<p>M\u016bs\u0173 \u012fsipareigojimas profesionalumui, tarptautiniai sertifikatai, individualiai pritaikytos paslaugos, pa\u017eangi gamybos \u012franga ir patikimas aptarnavimas po pardavimo i\u0161skiria mus i\u0161 kit\u0173 pramon\u0117s \u0161ak\u0173.<\/p>\n<p>Autorius: lyl<\/p>","protected":false},"excerpt":{"rendered":"<p>Boom Cylinder For Doosan Small Excavator DH55G Overview of Boom Cylinders The boom cylinder is a specialized hydraulic cylinder designed to control the movement of the boom in various heavy machinery such as excavators, backhoe loaders, and front loaders. This hydraulic component enables the boom to lift, lower, and tilt, facilitating efficient material handling tasks. [&hellip;]<\/p>","protected":false},"featured_media":17881,"comment_status":"open","ping_status":"closed","template":"","meta":{"_et_pb_use_builder":"","_et_pb_old_content":"","_et_gb_content_width":""},"product_brand":[],"product_cat":[1546],"product_tag":[1547,1496],"class_list":{"0":"post-18984","1":"product","2":"type-product","3":"status-publish","4":"has-post-thumbnail","6":"product_cat-boom-cylinders","7":"product_tag-boom-cylinders","8":"product_tag-hydraulic-cylinders","10":"first","11":"instock","12":"shipping-taxable","13":"product-type-simple"},"amp_enabled":true,"_links":{"self":[{"href":"https:\/\/www.hydraulic-cylinders.net\/lt\/wp-json\/wp\/v2\/product\/18984","targetHints":{"allow":["GET"]}}],"collection":[{"href":"https:\/\/www.hydraulic-cylinders.net\/lt\/wp-json\/wp\/v2\/product"}],"about":[{"href":"https:\/\/www.hydraulic-cylinders.net\/lt\/wp-json\/wp\/v2\/types\/product"}],"replies":[{"embeddable":true,"href":"https:\/\/www.hydraulic-cylinders.net\/lt\/wp-json\/wp\/v2\/comments?post=18984"}],"wp:featuredmedia":[{"embeddable":true,"href":"https:\/\/www.hydraulic-cylinders.net\/lt\/wp-json\/wp\/v2\/media\/17881"}],"wp:attachment":[{"href":"https:\/\/www.hydraulic-cylinders.net\/lt\/wp-json\/wp\/v2\/media?parent=18984"}],"wp:term":[{"taxonomy":"product_brand","embeddable":true,"href":"https:\/\/www.hydraulic-cylinders.net\/lt\/wp-json\/wp\/v2\/product_brand?post=18984"},{"taxonomy":"product_cat","embeddable":true,"href":"https:\/\/www.hydraulic-cylinders.net\/lt\/wp-json\/wp\/v2\/product_cat?post=18984"},{"taxonomy":"product_tag","embeddable":true,"href":"https:\/\/www.hydraulic-cylinders.net\/lt\/wp-json\/wp\/v2\/product_tag?post=18984"}],"curies":[{"name":"wp","href":"https:\/\/api.w.org\/{rel}","templated":true}]}}