{"id":18985,"date":"2025-04-07T06:05:46","date_gmt":"2025-04-07T06:05:46","guid":{"rendered":"https:\/\/www.hydraulic-cylinders.net\/product\/boom-cylinder-for-doosan-small-excavator-dh60-7\/"},"modified":"2025-04-07T06:05:49","modified_gmt":"2025-04-07T06:05:49","slug":"boom-cylinder-for-doosan-small-excavator-dh60-7","status":"publish","type":"product","link":"https:\/\/www.hydraulic-cylinders.net\/lt\/produktas\/boom-cylinder-for-doosan-small-excavator-dh60-7\/","title":{"rendered":"Str\u0117l\u0117s cilindras Doosan ma\u017eam ekskavatoriui DH60-7"},"content":{"rendered":"<h1>Str\u0117l\u0117s cilindras Doosan ma\u017eam ekskavatoriui DH60-7<\/h1>\n<h2>\u012evadas \u012f str\u0117l\u0117s cilindr\u0105<\/h2>\n<p>Specialiai ma\u017eam \u201eDoosan\u201c ekskavatoriui DH60-7 sukurtas str\u0117l\u0117s cilindras yra labai svarbus hidraulini\u0173 sistem\u0173 komponentas. \u0160is hidraulinis cilindras atsakingas u\u017e str\u0117l\u0117s svirties jud\u0117jimo valdym\u0105, leid\u017eiant\u012f efektyviai pakelti, nuleisti ir pakreipti ekskavatoriaus kau\u0161\u0105. Jis atlieka esmin\u012f vaidmen\u012f \u012fvairiose sunkiosios technikos operacijose, tokiose kaip ekskavatoriai, ekskavatoriai ir frontaliniai krautuvai, palengvindamas efektyv\u0173 med\u017eiag\u0173 tvarkym\u0105.<\/p>\n<p>I\u0161 esm\u0117s kau\u0161o cilindras yra hidraulinio cilindro tipas, kuris judesiui generuoti naudoja susl\u0117gt\u0105 hidraulin\u0119 alyv\u0105. Tai leid\u017eia operatoriams tiksliai valdyti kau\u0161o pad\u0117t\u012f, tod\u0117l jis idealiai tinka u\u017eduotims, susijusioms su kasimu, i\u0161kasimu ir med\u017eiag\u0173 transportavimu. Str\u0117l\u0117s cilindras padidina ekskavatori\u0173 eksploatacin\u012f efektyvum\u0105, o tai labai prisideda prie j\u0173 universalumo ir na\u0161umo statybviet\u0117se.<\/p>\n<p><img decoding=\"async\" src=\"https:\/\/www.hydraulic-cylinders.net\/wp-content\/uploads\/2025\/04\/songte-company-1.webp\" alt=\"Str\u0117l\u0117s cilindras\" \/><\/p>\n<h2>Str\u0117l\u0117s cilindro savyb\u0117s<\/h2>\n<ul>\n<li>\n<h3>Didelis stiprumas ir ilgaam\u017ei\u0161kumas<\/h3>\n<p>Pagamintas i\u0161 didelio stiprumo plieno arba aliuminio, str\u0117l\u0117s cilindras yra skirtas atlaikyti auk\u0161t\u0105 sl\u0117g\u012f ir dideles apkrovas. Jo konstrukcija yra atspari dilimui ir korozijai, u\u017etikrinanti ilgaam\u017ei\u0161kum\u0105 net ir at\u0161iauriomis darbo s\u0105lygomis.<\/p>\n<\/li>\n<li>\n<h3>Efektyvus hidraulinis valdymas<\/h3>\n<p>Str\u0117l\u0117s cilindras skland\u017eiai veikia d\u0117l hidraulin\u0117s alyvos sl\u0117gio, tod\u0117l greitai reaguoja \u012f valdymo komandas. Jis u\u017etikrina dideles st\u016bmimo ir traukimo j\u0117gas, tod\u0117l tinka sunkiems daiktams tvarkyti ir sud\u0117tingoms u\u017eduotims atlikti.<\/p>\n<\/li>\n<li>\n<h3>\u012evair\u016bs tipai<\/h3>\n<p>Klientai gali rinktis i\u0161 vienpusio veikimo (hidraulinis veikimas viena kryptimi) arba dvipusio veikimo (hidraulinis veikimas abiem kryptimis) cilindr\u0173, pritaikyt\u0173 konkretiems eksploatavimo reikalavimams. Kai kurie modeliai yra teleskopiniai, tod\u0117l juos galima labiau i\u0161tiesti nedidinant i\u0161orini\u0173 matmen\u0173, tod\u0117l jie idealiai tinka naudoti ribotoje erdv\u0117je.<\/p>\n<\/li>\n<li>\n<h3>Suderinamumas su \u012fvairiais modeliais<\/h3>\n<p>\u0160\u012f gamin\u012f gaminame taip, kad puikiai pakeist\u0173 esamus hidraulinius cilindrus, u\u017etikrindami suderinamum\u0105 su \u012fvairiais ekskavatori\u0173 modeliais.<\/p>\n<\/li>\n<li>\n<h3>Tvirtas dizainas saugumui u\u017etikrinti<\/h3>\n<p>Konstrukcijoje numatytos saugos funkcijos, skirtos i\u0161vengti gedim\u0173 eksploatacijos metu, u\u017etikrinant operatoriaus ir aplinkini\u0173 darbuotoj\u0173 saugum\u0105.<\/p>\n<\/li>\n<\/ul>\n<p><img decoding=\"async\" src=\"https:\/\/www.hydraulic-cylinders.net\/wp-content\/uploads\/2025\/04\/songte-cylinder-head-with-all-kinds-excavator-models.webp\" alt=\"Ekskavatori\u0173 modeliai\" \/><\/p>\n<h2>Str\u0117l\u0117s cilindro pritaikymas<\/h2>\n<h3>Statybin\u0117 \u012franga<\/h3>\n<p>Ekskavatoriuose str\u0117l\u0117s cilindras yra gyvybi\u0161kai svarbus efektyviam grunto ar \u0161iuk\u0161li\u0173 kasimui, krovimui ir perk\u0117limui. Jis suteikia reikiam\u0105 gali\u0105 str\u0117lei i\u0161tiesti ir kau\u0161ui valdyti atliekant \u012fvairias u\u017eduotis, taip padidinant na\u0161um\u0105 statybviet\u0117se.<\/p>\n<h3>\u017dem\u0117s \u016bkio technika<\/h3>\n<p>Priekiniuose krautuvuose str\u0117l\u0117s cilindrai leid\u017eia semti, kelti ir transportuoti dirvo\u017eem\u012f, \u0161ien\u0105 ir kitas med\u017eiagas. Tvirta konstrukcija u\u017etikrina, kad jie atlaikyt\u0173 grie\u017etus \u017eem\u0117s \u016bkio darb\u0173 reikalavimus, tod\u0117l yra nepakei\u010diami \u017eem\u0117s \u016bkio operacijose.<\/p>\n<h3>Kasimas<\/h3>\n<p>Str\u0117l\u0117s cilindras leid\u017eia kau\u0161ui \u012fsiskverbti \u012f \u017eem\u0119, palengvindamas efektyv\u0173 kasim\u0105. Tai leid\u017eia operatoriams efektyviai valdyti grunto \u0161alinim\u0105, o tai labai svarbu statybos projektuose, kuriems reikalingas gilus kasimas.<\/p>\n<h3>Krautuvai<\/h3>\n<p>Priekiniuose krautuvuose str\u0117l\u0117s cilindrai padeda efektyviai pakelti ir i\u0161versti krovinius. Jie suteikia reikiam\u0105 k\u0117limo j\u0117g\u0105 sunkioms med\u017eiagoms pakelti ir lengvai i\u0161versti, taip \u017eymiai pagerindami veiklos efektyvum\u0105.<\/p>\n<h2>Projektavimo aspektai ir atrankos standartai<\/h2>\n<h3>Keliamoji galia<\/h3>\n<p>Renkantis str\u0117l\u0117s cilindr\u0105, vienas i\u0161 pagrindini\u0173 aspekt\u0173 yra jo keliamoji galia. Cilindras turi atlaikyti keliam\u0173 ar perkeliam\u0173 krovini\u0173 svor\u012f. Reikia atlikti tinkamus skai\u010diavimus, kad b\u016bt\u0173 nustatyta maksimali apkrova, su kuria ekskavatorius susidurs eksploatavimo metu, ir u\u017etikrinti, kad cilindras b\u016bt\u0173 tinkamai \u012fvertintas \u0161ioms s\u0105lygoms.<\/p>\n<h3>Sandarumo vientisumas<\/h3>\n<p>Hidraulini\u0173 cilindr\u0173 sandarinimas yra labai svarbus siekiant i\u0161vengti skys\u010di\u0173 nuot\u0117ki\u0173 ir palaikyti sistemos sl\u0117g\u012f. Turi b\u016bti pasirinkti auk\u0161tos kokyb\u0117s sandarikliai, kurie atlaikyt\u0173 darbin\u012f skyst\u012f ir aplinkos s\u0105lygas. Tai u\u017etikrina efektyv\u0173 veikim\u0105 ir suma\u017eina prie\u017ei\u016bros poreik\u012f, nes nuot\u0117kiai gali sukelti na\u0161umo problem\u0173 ir padidinti eksploatavimo i\u0161laidas.<\/p>\n<h3>Patvarumas ir ilgaam\u017ei\u0161kumas<\/h3>\n<p>Str\u0117l\u0117s cilindro patvarumas yra labai svarbus jo ilgaam\u017ei\u0161kumui. Jis tur\u0117t\u0173 b\u016bti suprojektuotas taip, kad atlaikyt\u0173 ekstremalias s\u0105lygas, \u012fskaitant dideles apkrovas, temperat\u016bros svyravimus ir stichij\u0173 poveik\u012f. Pasirinkus med\u017eiagas ir konstrukcijas, kurios padidina atsparum\u0105 dilimui, pailg\u0117s cilindro tarnavimo laikas ir pager\u0117s bendras na\u0161umas.<\/p>\n<h3>Saugos funkcijos<\/h3>\n<p>Labai svarbu \u012f str\u0117l\u0117s cilindro konstrukcij\u0105 \u012ftraukti saugos funkcijas. Tai apima mechanizmus, kurie apsaugo nuo per didelio i\u0161sitempimo ir kit\u0173 galim\u0173 gedim\u0173, galin\u010di\u0173 kelti pavoj\u0173 operatoriaus saugumui. Reguliarus \u0161i\u0173 saugos funkcij\u0173 vertinimas gali padidinti eksploatacin\u012f patikimum\u0105.<\/p>\n<h2>Cilindro sandarinimas ir tepimas<\/h2>\n<p>Str\u0117l\u0117s cilindro sandarinimas ir tepimas yra labai svarb\u016bs jo veikimui ir tarnavimo laikui. Hidraulinio skys\u010dio nuot\u0117kiams i\u0161vengti naudojami \u012fvair\u016bs sandarikli\u0173 tipai, pavyzd\u017eiui, st\u016bmokli\u0173 ir stryp\u0173 sandarikliai. Pasirinkus sandariklius, pagamintus i\u0161 atspari\u0173 dilimui med\u017eiag\u0173, toki\u0173 kaip poliuretanas ir nitrilo kau\u010diukas, u\u017etikrinamas ilgaam\u017ei\u0161kumas ir efektyvumas.<\/p>\n<p>Cilindro korpusas ir srieginiai galai da\u017enai yra kruop\u0161\u010diai apdirbami, siekiant padidinti atsparum\u0105 dilimui ir dar labiau pagerinti na\u0161um\u0105. Norint u\u017etikrinti skland\u0173 sistemos veikim\u0105, b\u016btina reguliariai tepti hidrauline alyva. Tinkamas tepimas suma\u017eina sandarikli\u0173 ir judan\u010di\u0173 dali\u0173 trint\u012f ir susid\u0117v\u0117jim\u0105, skatindamas efektyv\u0173 veikim\u0105.<\/p>\n<h2>Prie\u017ei\u016bra ir prevencin\u0117s priemon\u0117s<\/h2>\n<ul>\n<li>\n<h3>Reguliar\u016bs patikrinimai<\/h3>\n<p>Da\u017enos str\u0117l\u0117s cilindro ap\u017ei\u016bros yra b\u016btinos norint nustatyti galimas problemas, kol jos nepa\u016bm\u0117jo. Operatoriai tur\u0117t\u0173 patikrinti, ar n\u0117ra nuot\u0117ki\u0173, ne\u012fprast\u0173 gars\u0173 ar kit\u0173 susid\u0117v\u0117jimo po\u017eymi\u0173. Ankstyvas aptikimas yra labai svarbus norint i\u0161laikyti cilindro veikim\u0105 ir i\u0161vengti brangaus remonto.<\/p>\n<\/li>\n<li>\n<h3>Tinkamas tepimas<\/h3>\n<p>Reguliarus tepimas yra labai svarbus siekiant suma\u017einti cilindro trint\u012f ir nusid\u0117v\u0117jim\u0105. Operatoriai tur\u0117t\u0173 laikytis numatyt\u0173 tepimo interval\u0173 ir naudoti rekomenduojam\u0105 hidraulin\u0119 alyv\u0105, kad i\u0161laikyt\u0173 optimal\u0173 na\u0161um\u0105.<\/p>\n<\/li>\n<li>\n<h3>Tarpikli\u0173 keitimas ir kalibravimo patikrinimai<\/h3>\n<p>Svarbu pakeisti tarpiklius vos pasteb\u0117jus pirmuosius susid\u0117v\u0117jimo po\u017eymius, kad b\u016bt\u0173 i\u0161vengta nuot\u0117ki\u0173 ir palaikomas sl\u0117gis. Be to, reguliar\u016bs kalibravimo patikrinimai u\u017etikrina, kad cilindras veikt\u0173 tiksliai pagal savo specifikacijas, taip padidinant saug\u0105 ir efektyvum\u0105.<\/p>\n<\/li>\n<\/ul>\n<p><img decoding=\"async\" src=\"https:\/\/www.hydraulic-cylinders.net\/wp-content\/uploads\/2025\/04\/songte-chushion-collar.webp\" alt=\"Cilindro prie\u017ei\u016bra\" \/><\/p>\n<h2>Saugos aspektai ir aplinkos veiksniai<\/h2>\n<p>Naudojant hidraulinius cilindrus, labai svarbu \u012fdiegti saugos priemones, skirtas apsaugoti operatorius ir aplinkinius darbuotojus. Tai apima tinkam\u0105 mokym\u0105, kaip elgtis su ma\u0161inomis, ir naudojam\u0173 hidraulini\u0173 sistem\u0173 supratim\u0105. Taip pat reik\u0117t\u0173 pabr\u0117\u017eti hidraulini\u0173 skys\u010di\u0173 poveikio aplinkai ir tinkam\u0173 \u0161alinimo b\u016bd\u0173 supratim\u0105, siekiant i\u0161vengti tar\u0161os.<\/p>\n<h2>Gedim\u0173 diagnostika ir da\u017eniausios problemos<\/h2>\n<ul>\n<li>\n<h3>Hidraulinio skys\u010dio nuot\u0117kis<\/h3>\n<p>Skys\u010di\u0173 nuot\u0117kis da\u017enai yra susid\u0117v\u0117jusi\u0173 sandarikli\u0173 po\u017eymis. Operatoriai tur\u0117t\u0173 nedelsdami i\u0161tirti ir pakeisti sandariklius, kad atkurt\u0173 veikim\u0105 ir i\u0161vengt\u0173 tolesn\u0117s \u017ealos.<\/p>\n<\/li>\n<li>\n<h3>L\u0117tas reagavimo laikas<\/h3>\n<p>L\u0117tas reakcijos laikas gali rodyti \u017eem\u0105 hidraulinio skys\u010dio lyg\u012f arba sistemoje esant\u012f or\u0105. \u0160i\u0105 problem\u0105 galima i\u0161spr\u0119sti patikrinus skys\u010dio lyg\u012f ir i\u0161leidus sistem\u0105.<\/p>\n<\/li>\n<li>\n<h3>Perkaitimas<\/h3>\n<p>Perkaitimas gali \u012fvykti d\u0117l per didelio darbo kr\u016bvio arba nepakankamo tepimo. Tinkama eksploatavimo praktika ir reguliarus tepimas gali pad\u0117ti i\u0161spr\u0119sti \u0161i\u0105 problem\u0105.<\/p>\n<\/li>\n<\/ul>\n<p>Siekdami suma\u017einti galimas problemas, operatoriai tur\u0117t\u0173 imtis prevencini\u0173 priemoni\u0173, pavyzd\u017eiui, reguliariai atlikti technin\u0119 prie\u017ei\u016br\u0105 ir laikytis eksploatavimo gairi\u0173. Toks aktyvus po\u017ei\u016bris gali gerokai suma\u017einti gedim\u0173 tikimyb\u0119.<\/p>\n<p><img decoding=\"async\" src=\"https:\/\/www.hydraulic-cylinders.net\/wp-content\/uploads\/2025\/04\/songte-bushings-with-all-kinds-of-excavator-models.webp\" alt=\"Ekskavatoriaus \u012fvor\u0117s\" \/><\/p>\n<h2>\u012emon\u0117s ap\u017evalga<\/h2>\n<p>Esame pirmaujantis pakaitini\u0173 hidraulini\u0173 cilindr\u0173 gamintojas, si\u016blantis plat\u0173 gamini\u0173 asortiment\u0105 tiek vidaus, tiek tarptautin\u0117ms rinkoms. M\u016bs\u0173 \u012fsipareigojimas siekti meistri\u0161kumo atsispindi patobulintuose gamybos procesuose ir kokyb\u0117s kontrol\u0117s priemon\u0117se. Pasitelkdami kvalifikuotus specialistus ir pa\u017eangi\u0105 skaitmenin\u0119 gamybos \u012frang\u0105, nuolat tobuliname savo gamybos paj\u0117gumus, kad patenkintume \u012fvairius klient\u0173 poreikius.<\/p>\n<p>M\u016bs\u0173 \u012fmon\u0117 pabr\u0117\u017eia specializacij\u0105, turi tarptautinius sertifikatus ir si\u016blo individualiai pritaikytas paslaugas. Investuojame \u012f moderni\u0105 gamybos \u012frang\u0105, kad u\u017etikrintume kiekvieno produkto efektyvum\u0105 ir tikslum\u0105. M\u016bs\u0173 specializuotas garantinio aptarnavimo skyrius dar labiau sustiprina m\u016bs\u0173 \u012fsipareigojim\u0105 u\u017etikrinti klient\u0173 pasitenkinim\u0105, u\u017etikrinant, kad visi klientai gaut\u0173 pagalb\u0105 per vis\u0105 produkto gyvavimo cikl\u0105.<\/p>\n<p><img decoding=\"async\" src=\"https:\/\/www.hydraulic-cylinders.net\/wp-content\/uploads\/2025\/04\/songte-company-4.webp\" alt=\"\u012emon\u0117s paveiksl\u0117lis 1\" \/><br \/>\n<img decoding=\"async\" src=\"https:\/\/www.hydraulic-cylinders.net\/wp-content\/uploads\/2025\/04\/songte-company-3.webp\" alt=\"\u012emon\u0117s paveiksl\u0117lis 2\" \/><\/p>\n<p>Autorius: lyl<\/p>","protected":false},"excerpt":{"rendered":"<p>Boom Cylinder For Doosan Small Excavator DH60-7 Introduction to Boom Cylinder The boom cylinder, specifically designed for the Doosan small excavator DH60-7, is a crucial component in hydraulic systems. This hydraulic cylinder is responsible for controlling the movement of the boom arm, enabling effective lifting, lowering, and tilting of the excavator&#8217;s bucket. It plays an [&hellip;]<\/p>","protected":false},"featured_media":17867,"comment_status":"open","ping_status":"closed","template":"","meta":{"_et_pb_use_builder":"","_et_pb_old_content":"","_et_gb_content_width":""},"product_brand":[],"product_cat":[1546],"product_tag":[1547,1496],"class_list":{"0":"post-18985","1":"product","2":"type-product","3":"status-publish","4":"has-post-thumbnail","6":"product_cat-boom-cylinders","7":"product_tag-boom-cylinders","8":"product_tag-hydraulic-cylinders","10":"first","11":"instock","12":"shipping-taxable","13":"product-type-simple"},"amp_enabled":true,"_links":{"self":[{"href":"https:\/\/www.hydraulic-cylinders.net\/lt\/wp-json\/wp\/v2\/product\/18985","targetHints":{"allow":["GET"]}}],"collection":[{"href":"https:\/\/www.hydraulic-cylinders.net\/lt\/wp-json\/wp\/v2\/product"}],"about":[{"href":"https:\/\/www.hydraulic-cylinders.net\/lt\/wp-json\/wp\/v2\/types\/product"}],"replies":[{"embeddable":true,"href":"https:\/\/www.hydraulic-cylinders.net\/lt\/wp-json\/wp\/v2\/comments?post=18985"}],"wp:featuredmedia":[{"embeddable":true,"href":"https:\/\/www.hydraulic-cylinders.net\/lt\/wp-json\/wp\/v2\/media\/17867"}],"wp:attachment":[{"href":"https:\/\/www.hydraulic-cylinders.net\/lt\/wp-json\/wp\/v2\/media?parent=18985"}],"wp:term":[{"taxonomy":"product_brand","embeddable":true,"href":"https:\/\/www.hydraulic-cylinders.net\/lt\/wp-json\/wp\/v2\/product_brand?post=18985"},{"taxonomy":"product_cat","embeddable":true,"href":"https:\/\/www.hydraulic-cylinders.net\/lt\/wp-json\/wp\/v2\/product_cat?post=18985"},{"taxonomy":"product_tag","embeddable":true,"href":"https:\/\/www.hydraulic-cylinders.net\/lt\/wp-json\/wp\/v2\/product_tag?post=18985"}],"curies":[{"name":"wp","href":"https:\/\/api.w.org\/{rel}","templated":true}]}}