{"id":18999,"date":"2025-04-07T06:06:29","date_gmt":"2025-04-07T06:06:29","guid":{"rendered":"https:\/\/www.hydraulic-cylinders.net\/product\/boom-cylinder-for-doosan-middle-excavator-dh220lc-9e\/"},"modified":"2025-04-07T06:06:31","modified_gmt":"2025-04-07T06:06:31","slug":"boom-cylinder-for-doosan-middle-excavator-dh220lc-9e","status":"publish","type":"product","link":"https:\/\/www.hydraulic-cylinders.net\/lt\/produktas\/boom-cylinder-for-doosan-middle-excavator-dh220lc-9e\/","title":{"rendered":"\u201eDoosan\u201c vidutinio ekskavatoriaus DH220LC-9E str\u0117l\u0117s cilindras"},"content":{"rendered":"<h1>\u201eDoosan\u201c vidutinio ekskavatoriaus DH220LC-9E str\u0117l\u0117s cilindras<\/h1>\n<h2>Produkto ap\u017evalga<\/h2>\n<p>\u201eDoosan\u201c vidutinio auk\u0161\u010dio ekskavatoriaus DH220LC-9E str\u0117l\u0117s cilindras yra specializuotas hidraulinis cilindras, skirtas valdyti ekskavatori\u0173 str\u0117l\u0117s jud\u0117jim\u0105. \u0160is komponentas yra b\u016btinas \u012fvairiose sunkiosiose ma\u0161inose, tokiose kaip ekskavatoriai, ekskavatoriniai krautuvai ir frontaliniai krautuvai. Jis leid\u017eia pakelti, nuleisti ir pakreipti str\u0117l\u0119, taip palengvindamas efektyv\u0173 med\u017eiag\u0173 tvarkym\u0105 statybos ir \u017eem\u0117s kasimo projektuose. Str\u0117l\u0117s cilindras atlieka labai svarb\u0173 vaidmen\u012f hidraulin\u0117je sistemoje, u\u017etikrindamas j\u0117g\u0105, reikaling\u0105 sunkiems k\u0117limams ir tiksliems judesiams atlikti. D\u0117l tvirtos konstrukcijos \u0161is hidraulinis cilindras u\u017etikrina patikimum\u0105 ir na\u0161um\u0105 sud\u0117tingomis darbo s\u0105lygomis.<\/p>\n<p><img decoding=\"async\" src=\"https:\/\/www.hydraulic-cylinders.net\/wp-content\/uploads\/2025\/04\/songte-company-1.webp\" alt=\"Str\u0117l\u0117s cilindras\"><\/p>\n<h2>Pagrindin\u0117s savyb\u0117s<\/h2>\n<ul>\n<li>\n<h3>Didelis stiprumas ir ilgaam\u017ei\u0161kumas<\/h3>\n<p>Pagamintas i\u0161 didelio stiprumo plieno arba aliuminio, str\u0117l\u0117s cilindras yra sukurtas taip, kad atlaikyt\u0173 auk\u0161t\u0105 sl\u0117g\u012f ir dideles apkrovas. Jo konstrukcijoje yra integruotas atsparumas dilimui ir apsauga nuo korozijos, kad b\u016bt\u0173 u\u017etikrintas ilgaam\u017ei\u0161kumas at\u0161iauriomis s\u0105lygomis.<\/p>\n<\/li>\n<li>\n<h3>Efektyvus hidraulinis valdymas<\/h3>\n<p>\u0160is cilindras, naudodamas hidraulin\u0117s alyvos sl\u0117g\u012f, leid\u017eia skland\u017eiai i\u0161skleisti ir atitraukti. Jis greitai reaguoja \u012f valdymo komandas, u\u017etikrindamas galingas st\u016bmimo ir traukimo galimybes, tinkamas sunkioms ir sud\u0117tingoms eksploatavimo u\u017eduotims.<\/p>\n<\/li>\n<li>\n<h3>Universal\u016bs tipai<\/h3>\n<p>Str\u0117l\u0117s cilindras, kur\u012f galima \u012fsigyti vienpusio (veikian\u010dio viena kryptimi) arba dvipusio (veikian\u010dio abiem kryptimis) veikimo konstrukcij\u0173, gali b\u016bti pritaikytas konkretiems eksploatavimo poreikiams. Kai kurie modeliai yra teleskopiniai, tod\u0117l juos galima labiau i\u0161tiesti nedidinant bendro dyd\u017eio, tod\u0117l jie idealiai tinka naudoti ribotoje erdv\u0117je.<\/p>\n<\/li>\n<\/ul>\n<p>Mes galime pagaminti \u0161\u012f gamin\u012f, o m\u016bs\u0173 cilindrai puikiai pakei\u010dia \u012fvairius hidraulinius cilindrus.<\/p>\n<p><img decoding=\"async\" src=\"https:\/\/www.hydraulic-cylinders.net\/wp-content\/uploads\/2025\/04\/songte-cylinder-head-with-all-kinds-excavator-models.webp\" alt=\"Ekskavatori\u0173 modeliai\"><\/p>\n<h2>Parai\u0161kos<\/h2>\n<ul>\n<li>\n<h3>Statybin\u0117 \u012franga<\/h3>\n<p>Ekskavatoriuose str\u0117l\u0117s cilindrai yra labai svarb\u016bs kasant, kraunant ir perkeliant grunt\u0105 ar \u0161iuk\u0161les. Jie leid\u017eia str\u0117lei jud\u0117ti vertikaliai, tod\u0117l galima efektyviai atlikti kasimo ir krovimo darbus.<\/p>\n<\/li>\n<li>\n<h3>\u017dem\u0117s \u016bkio technika<\/h3>\n<p>\u0160ie cilindrai, naudojami frontaliniuose krautuvuose, palengvina dirvo\u017eemio, \u0161ieno ir kit\u0173 med\u017eiag\u0173 k\u0117lim\u0105, k\u0117lim\u0105 ir transportavim\u0105. J\u0173 tvirta konstrukcija u\u017etikrina patikim\u0105 veikim\u0105 \u017eem\u0117s \u016bkio darbuose.<\/p>\n<\/li>\n<li>\n<h3>Ekskavatoriai<\/h3>\n<p>Ekskavatoriuose str\u0117l\u0117s cilindras leid\u017eia kau\u0161ui prasiskverbti \u012f \u017eem\u0119 kasimo darb\u0173 metu, taip padidinant efektyvum\u0105 ir na\u0161um\u0105.<\/p>\n<\/li>\n<li>\n<h3>Krautuvai<\/h3>\n<p>Priekiniuose krautuvuose \u0161ie cilindrai padeda efektyviai pakelti ir i\u0161versti krovinius, taip padidindami bendr\u0105 med\u017eiag\u0173 tvarkymo efektyvum\u0105.<\/p>\n<\/li>\n<\/ul>\n<h2>Dizaino aspektai<\/h2>\n<ul>\n<li>\n<h3>Keliamoji galia<\/h3>\n<p>Vienas i\u0161 pagrindini\u0173 aspekt\u0173, \u012f kuriuos reikia atsi\u017evelgti projektuojant str\u0117l\u0117s cilindrus, yra j\u0173 keliamoji galia. Cilindras turi b\u016bti suprojektuotas taip, kad atlaikyt\u0173 maksimali\u0105 apkrov\u0105, numatom\u0105 eksploatacijos metu, nepakenkiant saugumui ar funkcionalumui. Tai apima naudojam\u0173 med\u017eiag\u0173, cilindro matmen\u0173 ir bendros hidraulin\u0117s sistemos konstrukcijos \u012fvertinim\u0105. Siekiant i\u0161laikyti eksploatacin\u012f vientisum\u0105 ir ilgaam\u017ei\u0161kum\u0105, labai svarbu u\u017etikrinti, kad cilindras atlaikyt\u0173 didel\u012f \u012ftemp\u012f.<\/p>\n<\/li>\n<li>\n<h3>Sandarinimo efektyvumas<\/h3>\n<p>Efektyvus sandarinimas yra gyvybi\u0161kai svarbus siekiant i\u0161vengti hidraulinio skys\u010dio nuot\u0117ki\u0173, kurie gali sukelti sistemos gedimus ir suma\u017einti na\u0161um\u0105. Labai svarbu pasirinkti auk\u0161tos kokyb\u0117s sandarinimo med\u017eiagas, tokias kaip poliuretanas ir nitrilo kau\u010diukas. \u0160ios med\u017eiagos pasi\u017eymi puikiu atsparumu dilimui ir gali atlaikyti at\u0161iaurias statybos ir \u017eem\u0117s kasimo aplinkos s\u0105lygas. Tinkamas sandarinimas taip pat padeda palaikyti sistemos sl\u0117g\u012f, u\u017etikrinant efektyv\u0173 str\u0117l\u0117s cilindro veikim\u0105.<\/p>\n<\/li>\n<li>\n<h3>Patvarumas<\/h3>\n<p>Patvarumas yra pagrindinis hidraulini\u0173 cilindr\u0173 konstrukcijos veiksnys. Komponentai turi b\u016bti atspar\u016bs dilimui ir korozijai, ypa\u010d veikiami abrazyvini\u0173 med\u017eiag\u0173 ir aplinkos veiksni\u0173. Tokie apdorojimo b\u016bdai kaip kietasis chromavimas ir pavir\u0161iaus dangos gali padidinti cilindro patvarum\u0105, pailginti jo tarnavimo laik\u0105 ir suma\u017einti prie\u017ei\u016bros poreik\u012f. Be to, grie\u017eti bandymai gamybos proceso metu u\u017etikrina, kad kiekvienas cilindras atitikt\u0173 auk\u0161tus patvarumo standartus.<\/p>\n<\/li>\n<li>\n<h3>Saugos funkcijos<\/h3>\n<p>Saugumas yra svarbiausias dalykas projektuojant hidraulinius cilindrus. \u012etraukus tokias funkcijas kaip sl\u0117gio ma\u017einimo vo\u017etuvai ir apsaugos nuo sprogimo mechanizmai, galima i\u0161vengti katastrofi\u0161k\u0173 gedim\u0173 ir padidinti operatoriaus saug\u0105. Projektuojant saug\u0173 projektavim\u0105 taip pat reikia u\u017etikrinti, kad visi tvirtinimo ta\u0161kai b\u016bt\u0173 tvirti ir gal\u0117t\u0173 atlaikyti eksploatacijos metu veikian\u010dias j\u0117gas. Norint i\u0161laikyti auk\u0161t\u0105 saugos lyg\u012f, b\u016btini reguliar\u016bs saugos vertinimai ir pramon\u0117s standart\u0173 laikymasis.<\/p>\n<\/li>\n<\/ul>\n<p><img decoding=\"async\" src=\"https:\/\/www.hydraulic-cylinders.net\/wp-content\/uploads\/2025\/04\/songte-oil-pipes-and-spare-parts.webp\" alt=\"Naftos vamzd\u017eiai ir atsargin\u0117s dalys\"><\/p>\n<h2>Sandarinimas ir tepimas<\/h2>\n<p>Str\u0117l\u0117s cilindr\u0173 sandarinimas ir tepimas yra labai svarb\u016bs optimaliam veikimui ir ilgaam\u017ei\u0161kumui. Siekiant i\u0161vengti hidraulinio skys\u010dio nuot\u0117kio, naudojami \u012fvair\u016bs sandarinimo komponentai, tokie kaip st\u016bmokli\u0173 ir stryp\u0173 sandarikliai. D\u0117l atsparumo dilimui ir aplinkos s\u0105lygoms pirmenyb\u0117 teikiama sandarikliams, pagamintiems i\u0161 patvari\u0173 med\u017eiag\u0173, toki\u0173 kaip poliuretanas ir nitrilo kau\u010diukas. Be to, cilindro korpusas ir srieginiai galiniai pavir\u0161iai yra tiksliai apdirbami, siekiant padidinti atsparum\u0105 dilimui.<\/p>\n<p>Reguliarus tepimas yra b\u016btinas norint palaikyti hidraulin\u0117s sistemos veikim\u0105. Hidraulin\u0117s alyvos lygis tur\u0117t\u0173 b\u016bti periodi\u0161kai papildytas, kad sistema veikt\u0173 skland\u017eiai. Tinkamas tepimas suma\u017eina trint\u012f tarp judan\u010di\u0173 dali\u0173, suma\u017eina susid\u0117v\u0117jim\u0105 ir apsaugo nuo perkaitimo, d\u0117l kurio sistema gali per anksti sugesti.<\/p>\n<h2>Prevencin\u0117s prie\u017ei\u016bros priemon\u0117s<\/h2>\n<ul>\n<li>\n<h3>Reguliar\u016bs patikrinimai<\/h3>\n<p>Reguliariai tikrinti str\u0117l\u0117s cilindr\u0105 yra labai svarbu norint nustatyti bet kokius susid\u0117v\u0117jimo ar pa\u017eeidimo po\u017eymius. Darbo metu ie\u0161kokite nuot\u0117ki\u0173, korozijos ar ne\u012fprast\u0173 gars\u0173. Reguliar\u016bs patikrinimai gali pad\u0117ti anksti aptikti problemas, i\u0161vengti brangaus remonto ir prastov\u0173.<\/p>\n<\/li>\n<li>\n<h3>Tinkamas tepimas<\/h3>\n<p>\u012esitikinkite, kad hidraulin\u0117 sistema yra tinkamai sutepta. Tai apima alyvos lygio ir kokyb\u0117s patikrinim\u0105, taip pat hidraulin\u0117s alyvos keitim\u0105 pagal poreik\u012f. Tinkamas tepimas suma\u017eina susid\u0117v\u0117jim\u0105 ir pagerina bendr\u0105 cilindro na\u0161um\u0105.<\/p>\n<\/li>\n<li>\n<h3>Sandariklio keitimas<\/h3>\n<p>Tarpikliai tur\u0117t\u0173 b\u016bti reguliariai tikrinami, ar n\u0117ra susid\u0117v\u0117jimo ar pa\u017eeidim\u0173 po\u017eymi\u0173. Susid\u0117v\u0117jusius tarpiklius b\u016btina nedelsiant pakeisti, kad b\u016bt\u0173 i\u0161vengta hidraulinio skys\u010dio nuot\u0117kio ir palaikomas sistemos sl\u0117gis. Atsargini\u0173 tarpikli\u0173 laikymas po ranka gali supaprastinti technin\u0117s prie\u017ei\u016bros proces\u0105.<\/p>\n<\/li>\n<\/ul>\n<h2>\u012erengimo gair\u0117s<\/h2>\n<p>Tinkamas str\u0117l\u0117s cilindro montavimas yra labai svarbus jo veikimui ir ilgaam\u017ei\u0161kumui. Pirmiausia \u012fsitikinkite, kad darbo vieta yra \u0161vari ir be \u0161iuk\u0161li\u0173. Naudokite tinkamus tvirtinimo laikiklius, kad pritvirtintum\u0117te cilindr\u0105 vietoje, u\u017etikrindami, kad jis b\u016bt\u0173 tinkamai sulygiuotas su kitais hidraulin\u0117s sistemos komponentais.<\/p>\n<p>Montuodami atkreipkite d\u0117mes\u012f \u012f jungties ta\u0161kus ir \u012fsitikinkite, kad visos jungiamosios detal\u0117s ir \u017earnos yra tinkamai pritvirtintos. Venkite per stipriai priver\u017eti jungtis, nes tai gali sukelti pa\u017eeidimus. \u012erengus sistem\u0105, prie\u0161 pereinant prie pilno darbinio lygio, j\u0105 reikia i\u0161bandyti esant \u017eemam sl\u0117giui. \u0160is \u017eingsnis leid\u017eia atlikti reikiamus reguliavimus, u\u017etikrinant skland\u0173 sistemos veikim\u0105.<\/p>\n<h2>\u012eprastos prie\u017ei\u016bros u\u017eduotys<\/h2>\n<ul>\n<li>\n<h3>Reguliar\u016bs patikrinimai<\/h3>\n<p>Da\u017enos patikros yra labai svarbios norint nustatyti galimas problemas, kol jos nepa\u016bm\u0117jo. Ap\u017ei\u016br\u0117kite, ar cilindre n\u0117ra susid\u0117v\u0117jimo po\u017eymi\u0173, patikrinkite, ar n\u0117ra nuot\u0117ki\u0173, ir \u012fsitikinkite, kad visos jungtys yra tvirtos. Ankstyvas problem\u0173 nustatymas ilgainiui gali sutaupyti laiko ir pinig\u0173.<\/p>\n<\/li>\n<li>\n<h3>Tinkamas tepimas<\/h3>\n<p>Tinkamas tepimas yra labai svarbus norint suma\u017einti cilindr\u0173 komponent\u0173 nusid\u0117v\u0117jim\u0105. Laikykit\u0117s gamintojo rekomendacij\u0173 d\u0117l tepimo tipo ir da\u017enumo. Reguliariai tikrinkite hidraulin\u0117s alyvos lyg\u012f ir kokyb\u0119, kad u\u017etikrintum\u0117te optimal\u0173 veikim\u0105.<\/p>\n<\/li>\n<li>\n<h3>Sandariklio keitimas<\/h3>\n<p>Tarpikliai tur\u0117t\u0173 b\u016bti kei\u010diami pagal poreik\u012f, kad b\u016bt\u0173 i\u0161vengta hidraulinio skys\u010dio nuot\u0117kio. Reguliariai tikrinkite, ar tarpikliai n\u0117ra susid\u0117v\u0117j\u0119, ir tur\u0117kite po ranka atsargini\u0173 tarpikli\u0173, kad suma\u017eintum\u0117te prastovas technin\u0117s prie\u017ei\u016bros metu. Tinkama tarpikli\u0173 prie\u017ei\u016bra yra b\u016btina norint palaikyti sistemos sl\u0117g\u012f ir na\u0161um\u0105.<\/p>\n<\/li>\n<\/ul>\n<p><img decoding=\"async\" src=\"https:\/\/www.hydraulic-cylinders.net\/wp-content\/uploads\/2025\/04\/songte-chushion-collar.webp\" alt=\"Pagalv\u0117l\u0117s apykakl\u0117\"><\/p>\n<h2>Saugos aspektai ir aplinkos veiksniai<\/h2>\n<p>Naudojant hidraulinius cilindrus, saugos priemon\u0117s yra labai svarbios. Operatoriai tur\u0117t\u0173 b\u016bti apmokyti tinkamai naudoti ir elgtis su hidraulin\u0117mis sistemomis, kad b\u016bt\u0173 i\u0161vengta nelaiming\u0173 atsitikim\u0173. Reguliarus techninis aptarnavimas ir patikrinimai gali pad\u0117ti nustatyti galimus pavojus, kol jie netapo didel\u0117mis problemomis. Be to, reik\u0117t\u0173 atsi\u017evelgti \u012f hidraulini\u0173 skys\u010di\u0173 ir med\u017eiag\u0173, naudojam\u0173 cilindr\u0173 gamyboje, poveik\u012f aplinkai, kai tik \u012fmanoma, skatinant ekologi\u0161k\u0105 praktik\u0105.<\/p>\n<h2>Trik\u010di\u0173 \u0161alinimas ir da\u017eniausiai pasitaikan\u010dios problemos<\/h2>\n<ul>\n<li>\n<h3>Nuot\u0117kis<\/h3>\n<p>Hidrauliniai nuot\u0117kiai yra viena i\u0161 da\u017eniausiai pasitaikan\u010di\u0173 problem\u0173. Jie gali atsirasti d\u0117l susid\u0117v\u0117jusi\u0173 sandarikli\u0173 arba cilindro korpuso pa\u017eeidimo. Reguliar\u016bs patikrinimai gali pad\u0117ti anksti nustatyti nuot\u0117kius, o tai leid\u017eia laiku atlikti remont\u0105.<\/p>\n<\/li>\n<li>\n<h3>Nepakankama galia<\/h3>\n<p>Jei str\u0117l\u0117s cilindras nereaguoja efektyviai, tai gali reik\u0161ti hidraulinio skys\u010dio lygio arba sl\u0117gio problem\u0105. Labai svarbu patikrinti tinkam\u0105 skys\u010dio lyg\u012f ir u\u017etikrinti, kad hidraulinis siurblys veikt\u0173 tinkamai.<\/p>\n<\/li>\n<li>\n<h3>Triuk\u0161mas veikimo metu<\/h3>\n<p>Ne\u012fprasti garsai gali rodyti mechanines problemas arba nepakankam\u0105 tepim\u0105. Triuk\u0161mo \u0161altinio tyrimas ir tinkamo sistemos tepimo u\u017etikrinimas gali pad\u0117ti i\u0161spr\u0119sti \u0161i\u0105 problem\u0105.<\/p>\n<\/li>\n<\/ul>\n<h2>Trik\u010di\u0173 \u0161alinimo patarimai<\/h2>\n<p>Nor\u0117dami veiksmingai diagnozuoti ir i\u0161spr\u0119sti problemas, operatoriai tur\u0117t\u0173 susipa\u017einti su da\u017eniausiai pasitaikan\u010diais simptomais ir j\u0173 galimomis prie\u017eastimis. Reguliar\u016bs mokymai apie technin\u0117s prie\u017ei\u016bros proced\u016bras ir hidraulini\u0173 sistem\u0173 valdym\u0105 gali suteikti vartotojams galimyb\u0119 veiksmingai atlikti trik\u010di\u0173 \u0161alinim\u0105. \u012egyvendinant prevencines priemones, tokias kaip \u012fprasti patikrinimai ir savalaikis remontas, galima gerokai suma\u017einti rimt\u0173 problem\u0173 tikimyb\u0119.<\/p>\n<p><img decoding=\"async\" src=\"https:\/\/www.hydraulic-cylinders.net\/wp-content\/uploads\/2025\/04\/songte-bushings-with-all-kinds-of-excavator-models.webp\" alt=\"\u012evor\u0117s su ekskavatori\u0173 modeliais\"><\/p>\n<h2>Apie m\u016bs\u0173 \u012fmon\u0119<\/h2>\n<p>Esame pirmaujantis pakaitini\u0173 hidraulini\u0173 cilindr\u0173 gamintojas, si\u016blantis plat\u0173 gamini\u0173 asortiment\u0105. M\u016bs\u0173 \u012fmon\u0117 \u012fsitvirtino kaip viena i\u0161 pirmaujan\u010di\u0173 hidraulini\u0173 cilindr\u0173 gamintoj\u0173 ir didmeninink\u0173 tiek vidaus, tiek tarptautin\u0117se rinkose. Mes laikom\u0117s auk\u0161\u010diausios kokyb\u0117s principo, kur\u012f pagrind\u017eia patobulintos gamybos valdymo strategijos.<\/p>\n<p>M\u016bs\u0173 \u012fsipareigojimas kokybei apima kvalifikuoto techninio personalo, pa\u017eangios skaitmenin\u0117s gamybos \u012frangos ir specializuot\u0173 bandym\u0173 sistem\u0173 panaudojim\u0105. Nuolat tobuliname savo gamybos paj\u0117gumus, daugiausia d\u0117mesio skirdami dideliam efektyvumui, tikslumui ir kokybei, kad patenkintume \u012fvairius klient\u0173 poreikius.<\/p>\n<p><img decoding=\"async\" src=\"https:\/\/www.hydraulic-cylinders.net\/wp-content\/uploads\/2025\/04\/songte-company-4.webp\" alt=\"\u012emon\u0117s patalpos\"><br \/>\n<img decoding=\"async\" src=\"https:\/\/www.hydraulic-cylinders.net\/wp-content\/uploads\/2025\/04\/songte-company-3.webp\" alt=\"\u012emon\u0117s ap\u017evalga\"><\/p>\n<p>Si\u016blome profesional\u0173 aptarnavim\u0105, tarptautinius sertifikatus, individualius sprendimus, pa\u017eangi\u0105 gamybos \u012frang\u0105 ir greit\u0105 aptarnavim\u0105 po pardavimo.<\/p>\n<p>Autorius: lyl<\/p>","protected":false},"excerpt":{"rendered":"<p>Boom Cylinder For Doosan Middle Excavator DH220LC-9E Product Overview The Boom Cylinder for Doosan Middle Excavator DH220LC-9E is a specialized hydraulic cylinder designed to control the movement of the boom on excavators. This component is essential in various heavy machinery, such as excavators, backhoe loaders, and front loaders. It allows the boom to be lifted, [&hellip;]<\/p>","protected":false},"featured_media":17881,"comment_status":"open","ping_status":"closed","template":"","meta":{"_et_pb_use_builder":"","_et_pb_old_content":"","_et_gb_content_width":""},"product_brand":[],"product_cat":[1546],"product_tag":[1547,1496],"class_list":{"0":"post-18999","1":"product","2":"type-product","3":"status-publish","4":"has-post-thumbnail","6":"product_cat-boom-cylinders","7":"product_tag-boom-cylinders","8":"product_tag-hydraulic-cylinders","10":"first","11":"instock","12":"shipping-taxable","13":"product-type-simple"},"amp_enabled":true,"_links":{"self":[{"href":"https:\/\/www.hydraulic-cylinders.net\/lt\/wp-json\/wp\/v2\/product\/18999","targetHints":{"allow":["GET"]}}],"collection":[{"href":"https:\/\/www.hydraulic-cylinders.net\/lt\/wp-json\/wp\/v2\/product"}],"about":[{"href":"https:\/\/www.hydraulic-cylinders.net\/lt\/wp-json\/wp\/v2\/types\/product"}],"replies":[{"embeddable":true,"href":"https:\/\/www.hydraulic-cylinders.net\/lt\/wp-json\/wp\/v2\/comments?post=18999"}],"wp:featuredmedia":[{"embeddable":true,"href":"https:\/\/www.hydraulic-cylinders.net\/lt\/wp-json\/wp\/v2\/media\/17881"}],"wp:attachment":[{"href":"https:\/\/www.hydraulic-cylinders.net\/lt\/wp-json\/wp\/v2\/media?parent=18999"}],"wp:term":[{"taxonomy":"product_brand","embeddable":true,"href":"https:\/\/www.hydraulic-cylinders.net\/lt\/wp-json\/wp\/v2\/product_brand?post=18999"},{"taxonomy":"product_cat","embeddable":true,"href":"https:\/\/www.hydraulic-cylinders.net\/lt\/wp-json\/wp\/v2\/product_cat?post=18999"},{"taxonomy":"product_tag","embeddable":true,"href":"https:\/\/www.hydraulic-cylinders.net\/lt\/wp-json\/wp\/v2\/product_tag?post=18999"}],"curies":[{"name":"wp","href":"https:\/\/api.w.org\/{rel}","templated":true}]}}