{"id":19000,"date":"2025-04-07T06:06:31","date_gmt":"2025-04-07T06:06:31","guid":{"rendered":"https:\/\/www.hydraulic-cylinders.net\/product\/boom-cylinder-for-doosan-middle-excavator-dh225lc-9\/"},"modified":"2025-04-07T06:06:34","modified_gmt":"2025-04-07T06:06:34","slug":"boom-cylinder-for-doosan-middle-excavator-dh225lc-9","status":"publish","type":"product","link":"https:\/\/www.hydraulic-cylinders.net\/lt\/produktas\/boom-cylinder-for-doosan-middle-excavator-dh225lc-9\/","title":{"rendered":"\u201eDoosan\u201c vidutinio ekskavatoriaus DH225LC-9 str\u0117l\u0117s cilindras"},"content":{"rendered":"<h1>\u201eDoosan\u201c vidutinio ekskavatoriaus DH225LC-9 str\u0117l\u0117s cilindras<\/h1>\n<h2>Str\u0117l\u0117s cilindro supratimas<\/h2>\n<p>Str\u0117l\u0117s cilindras yra labai svarbus hidraulinis komponentas, specialiai sukurtas valdyti kau\u0161o jud\u0117jim\u0105 sunkiojoje technikoje, tokioje kaip ekskavatoriai, ekskavatoriniai krautuvai ir frontaliniai krautuvai. \u0160is hidraulinis cilindras leid\u017eia pakelti, nuleisti ir pakreipti kau\u0161\u0105, palengvindamas \u012fvairias med\u017eiag\u0173 tvarkymo u\u017eduotis. I\u0161 esm\u0117s str\u0117l\u0117s cilindras atlieka gyvybi\u0161kai svarb\u0173 vaidmen\u012f ekskavatori\u0173 hidraulin\u0117je sistemoje, nes leid\u017eia tiksliai valdyti ir didinti veiklos efektyvum\u0105.<\/p>\n<p><img decoding=\"async\" src=\"https:\/\/www.hydraulic-cylinders.net\/wp-content\/uploads\/2025\/04\/songte-company-1.webp\" alt=\"Str\u0117l\u0117s cilindro vaizdas\" \/><\/p>\n<h3>Str\u0117l\u0117s cilindro savyb\u0117s<\/h3>\n<ul>\n<li><strong>Didelis stiprumas ir ilgaam\u017ei\u0161kumas:<\/strong> Pagamintas i\u0161 didelio stiprumo plieno arba aliuminio, str\u0117l\u0117s cilindras yra skirtas atlaikyti auk\u0161t\u0105 sl\u0117g\u012f ir dideles apkrovas, tod\u0117l tinka at\u0161iaurioms darbo s\u0105lygoms.<\/li>\n<li><strong>Efektyvus hidraulinis valdymas:<\/strong> Str\u0117l\u0117s cilindras, naudodamas hidraulin\u0117s alyvos sl\u0117g\u012f, u\u017etikrina skland\u017eius i\u0161pl\u0117timo ir atitraukimo judesius, tod\u0117l galima greitai reaguoti \u012f operatoriaus komandas ir pasiekti galingas st\u016bmimo bei traukimo j\u0117gas.<\/li>\n<li><strong>\u012evair\u016bs tipai:<\/strong> Galima rinktis vienpusio veikimo (hidraulikos naudojimas viena kryptimi) arba dvipusio veikimo (hidraulikos naudojimas abiem kryptimis) konfig\u016bracijas, kad b\u016bt\u0173 patenkinti \u012fvair\u016bs eksploataciniai poreikiai, o kai kurie modeliai pasi\u017eymi teleskopin\u0117mis konstrukcijomis, u\u017etikrinan\u010diomis didesn\u012f pasiekiamum\u0105 nedidinant i\u0161orini\u0173 matmen\u0173.<\/li>\n<\/ul>\n<p>Mes gaminame \u0161\u012f produkt\u0105, o m\u016bs\u0173 si\u016blomi produktai gali puikiai pakeisti \u012fvairius hidraulinius cilindrus.<\/p>\n<p><img decoding=\"async\" src=\"https:\/\/www.hydraulic-cylinders.net\/wp-content\/uploads\/2025\/04\/songte-cylinder-head-with-all-kinds-excavator-models.webp\" alt=\"Ekskavatori\u0173 modeliai\" \/><\/p>\n<h2>Str\u0117l\u0117s cilindro pritaikymas<\/h2>\n<h3>Statybin\u0117 \u012franga<\/h3>\n<p>Ekskavatoriuose str\u0117l\u0117s cilindrai yra b\u016btini kasant, kraunant ir perkeliant grunt\u0105 ar \u0161iuk\u0161les. Jie leid\u017eia kau\u0161ui efektyviai \u012fsiskverbti \u012f \u017eem\u0119, u\u017etikrinant, kad sunkias med\u017eiagas b\u016bt\u0173 galima efektyviai i\u0161kasti. Ekskavatoriuose-krautuvuose \u0161ie cilindrai padeda tiek kasimo, tiek k\u0117limo operacijose, padidindami universalum\u0105 darbo vietoje.<\/p>\n<h3>\u017dem\u0117s \u016bkio technika<\/h3>\n<p>Priekiniuose krautuvuose naudojami str\u0117l\u0117s cilindrai yra b\u016btini dirvo\u017eemiui, \u0161ienui ir kitoms med\u017eiagoms semti, kelti ir transportuoti. J\u0173 konstrukcija leid\u017eia efektyviai tvarkyti \u017eem\u0117s \u016bkio produktus, o tai prisideda prie \u016bkininkavimo operacij\u0173 produktyvumo.<\/p>\n<h3>Ekskavatoriai<\/h3>\n<p>Ekskavatori\u0173 str\u0117l\u0117s cilindras palengvina kasimo veiksm\u0105, leisdamas kau\u0161ui \u012fsiskverbti \u012f dirv\u0105. \u0160i funkcija yra labai svarbi atliekant \u017eem\u0117s kasimo darbus, tod\u0117l ji yra pagrindinis kasybos ir statybos darb\u0173 elementas.<\/p>\n<h3>Krautuvai<\/h3>\n<p>Priekiniuose krautuvuose str\u0117l\u0117s cilindrai padeda efektyviai pakelti ir i\u0161versti med\u017eiagas. J\u0173 tvirta konstrukcija leid\u017eia valdyti didelius krovinius, u\u017etikrinant, kad med\u017eiagas b\u016bt\u0173 galima efektyviai perkelti \u012fvairiu reljefu.<\/p>\n<h2>Projektavimo aspektai ir atrankos kriterijai<\/h2>\n<h3>Keliamoji galia<\/h3>\n<p>Str\u0117l\u0117s cilindro keliamoji galia yra labai svarbus projektavimo aspektas. Ji tur\u0117t\u0173 b\u016bti suderinta su mechanizm\u0173 eksploataciniais reikalavimais, siekiant u\u017etikrinti saug\u0105 ir efektyvum\u0105. Nepakankama keliamoji galia gali sukelti katastrofi\u0161k\u0173 gedim\u0173, o pernelyg tvirta konstrukcija gali pareikalauti nereikaling\u0173 i\u0161laid\u0173.<\/p>\n<h3>Sandarinimas<\/h3>\n<p>Efektyvus sandarinimas yra b\u016btinas siekiant i\u0161vengti hidraulinio skys\u010dio nuot\u0117kio, kuris gali pakenkti na\u0161umui. Auk\u0161tos kokyb\u0117s sandarikliai, tokie kaip st\u016bmokli\u0173 ir kot\u0173 sandarikliai, pagaminti i\u0161 patvari\u0173 med\u017eiag\u0173, toki\u0173 kaip poliuretanas ir nitrilo kau\u010diukas, yra b\u016btini norint u\u017etikrinti ilgaam\u017ei\u0161kum\u0105 ir efektyvum\u0105.<\/p>\n<h3>Patvarumas<\/h3>\n<p>Projektuojant str\u0117l\u0117s cilindrus, j\u0173 ilgaam\u017ei\u0161kumas yra svarbiausias dalykas, nes jie veikiami ekstremali\u0173 s\u0105lyg\u0173. Naudojamos med\u017eiagos turi b\u016bti atsparios dilimui ir korozijai, taip pailginant cilindro tarnavimo laik\u0105 ir suma\u017einant prie\u017ei\u016bros i\u0161laidas.<\/p>\n<h3>Saugumas<\/h3>\n<p>Siekiant apsaugoti operatorius ir ma\u0161inas, \u012f str\u0117l\u0117s cilindr\u0173 konstrukcij\u0105 turi b\u016bti integruotos saugos funkcijos. Tai apima sl\u0117gio ma\u017einimo vo\u017etuvus ir tvirtas tvirtinimo sistemas, u\u017etikrinan\u010dias stabilum\u0105 eksploatacijos metu.<\/p>\n<h3>Prie\u017ei\u016bra<\/h3>\n<p>Lengvas techninis aptarnavimas yra labai svarbus str\u0117l\u0117s cilindr\u0173 projektavimo veiksnys. Komponentai tur\u0117t\u0173 b\u016bti lengvai prieinami patikrinimui, tepimui ir keitimui, kad b\u016bt\u0173 suma\u017eintas prastovos laikas ir padidintas na\u0161umas.<\/p>\n<p><img decoding=\"async\" src=\"https:\/\/www.hydraulic-cylinders.net\/wp-content\/uploads\/2025\/04\/songte-oil-pipes-and-spare-parts.webp\" alt=\"Hidraulin\u0117s dalys\" \/><\/p>\n<h2>Sandarinimas ir tepimas<\/h2>\n<p>Str\u0117l\u0117s cilindruose naudojami \u012fvair\u016bs sandarikliai, \u012fskaitant st\u016bmokli\u0173 ir kot\u0173 sandariklius, kurie yra labai svarb\u016bs siekiant i\u0161vengti hidraulinio skys\u010dio praradimo. Sandarikliai, pagaminti i\u0161 atspari\u0173 dilimui med\u017eiag\u0173, toki\u0173 kaip poliuretanas ir nitrilo kau\u010diukas, u\u017etikrina ilgaam\u017ei\u0161kum\u0105, reikaling\u0105 at\u0161iauriomis s\u0105lygomis. Be to, cilindro korpusas ir srieginiai galiniai pavir\u0161iai yra kruop\u0161\u010diai apdirbti, siekiant padidinti atsparum\u0105 dilimui. Norint i\u0161laikyti optimal\u0173 na\u0161um\u0105, b\u016btina reguliariai tepti hidrauline alyva, nes tai suma\u017eina judan\u010di\u0173 dali\u0173 trint\u012f ir susid\u0117v\u0117jim\u0105.<\/p>\n<h2>Prevencin\u0117s prie\u017ei\u016bros priemon\u0117s<\/h2>\n<ul>\n<li><strong>Reguliarus patikrinimas:<\/strong> Reguliariai tikrinkite str\u0117l\u0117s cilindr\u0105, ar n\u0117ra susid\u0117v\u0117jimo, nuot\u0117kio ar pa\u017eeidim\u0173 po\u017eymi\u0173. Toks aktyvus po\u017ei\u016bris gali pad\u0117ti nustatyti problemas, kol jos netapo rimtomis.<\/li>\n<li><strong>Tinkamas tepimas:<\/strong> \u012esitikinkite, kad hidraulin\u0117 alyva yra tinkamai pripildyta ir kad tepimas atliekamas pagal gamintojo rekomendacijas, siekiant u\u017etikrinti skland\u0173 veikim\u0105.<\/li>\n<li><strong>Sandariklio keitimas:<\/strong> Reguliariai tikrinkite sandariklius, ar jie nesusid\u0117v\u0117j\u0119, ir prireikus juos pakeiskite, kad i\u0161vengtum\u0117te skys\u010di\u0173 nuot\u0117kio ir i\u0161laikytum\u0117te na\u0161um\u0105.<\/li>\n<\/ul>\n<h2>\u012erengimo gair\u0117s<\/h2>\n<p>Teisingas montavimas yra labai svarbus optimaliam str\u0117l\u0117s cilindro veikimui. \u012esitikinkite, kad cilindras yra tinkamai sulygiuotas su tvirtinimo ta\u0161kais, kad i\u0161vengtum\u0117te nesutapimo eksploatacijos metu. Naudokite tinkamus tvirtinimo laikiklius, kad pritvirtintum\u0117te cilindr\u0105 vietoje ir u\u017etikrintum\u0117te stabilum\u0105. Laikykit\u0117s gamintojo nurodym\u0173 d\u0117l sukimo momento nustatym\u0173 ir montavimo proced\u016br\u0173, kad u\u017etikrintum\u0117te s\u0117kming\u0105 montavim\u0105. Reguliariai tikrinkite lygiavim\u0105 po montavimo, kad i\u0161laikytum\u0117te pastov\u0173 veikim\u0105 ir i\u0161vengtum\u0117te prie\u0161laikinio susid\u0117v\u0117jimo.<\/p>\n<h2>\u012eprastos prie\u017ei\u016bros u\u017eduotys<\/h2>\n<ul>\n<li><strong>Reguliar\u016bs patikrinimai:<\/strong> Labai svarbu nuolat tikrinti cilindr\u0173 komponentus, ar n\u0117ra susid\u0117v\u0117jimo ar pa\u017eeidim\u0173 po\u017eymi\u0173. Ankstyvas problem\u0173 nustatymas gali pad\u0117ti i\u0161vengti brangaus remonto ir prastov\u0173.<\/li>\n<li><strong>Tinkamas tepimas:<\/strong> Norint u\u017etikrinti str\u0117l\u0117s cilindro ilgaam\u017ei\u0161kum\u0105, labai svarbu u\u017etikrinti pakankam\u0105 hidraulin\u0117s alyvos lyg\u012f ir reguliariai tepti. Tinkamas tepimas suma\u017eina svarbiausi\u0173 komponent\u0173 trint\u012f ir susid\u0117v\u0117jim\u0105.<\/li>\n<li><strong>Sandariklio keitimas:<\/strong> Reguliariai tikrinti sandarikli\u0173 vientisum\u0105 ir juos keisti pagal poreik\u012f yra labai svarbu siekiant i\u0161vengti hidraulinio skys\u010dio nuot\u0117kio, kuris gali pakenkti sistemos veikimui.<\/li>\n<\/ul>\n<p><img decoding=\"async\" src=\"https:\/\/www.hydraulic-cylinders.net\/wp-content\/uploads\/2025\/04\/songte-chushion-collar.webp\" alt=\"Pagalv\u0117l\u0117s apykakl\u0117\" \/><\/p>\n<h2>Saugos ir aplinkosaugos aspektai<\/h2>\n<p>Naudojant str\u0117l\u0117s cilindrus, b\u016btina \u012fdiegti saugos priemones, skirtas apsaugoti operatorius ir aplink\u0105. Tai apima tinkam\u0173 saugos protokol\u0173 laikym\u0105si eksploatacijos metu, vis\u0173 komponent\u0173 geros darbin\u0117s b\u016bkl\u0117s u\u017etikrinim\u0105 ir reguliar\u0173 saugos audit\u0105. Aplinkosaugos po\u017ei\u016briu tinkamas hidraulini\u0173 skys\u010di\u0173 ir susid\u0117v\u0117jusi\u0173 komponent\u0173 utilizavimas yra labai svarbus siekiant i\u0161vengti u\u017eter\u0161imo ir laikytis aplinkosaugos taisykli\u0173.<\/p>\n<h2>Gedim\u0173 diagnostika ir da\u017eniausios problemos<\/h2>\n<ul>\n<li><strong>Hidraulini\u0173 skys\u010di\u0173 nuot\u0117kiai:<\/strong> Viena i\u0161 da\u017eniausiai pasitaikan\u010di\u0173 problem\u0173 \u2013 nuot\u0117kiai, kuriuos gali sukelti susid\u0117v\u0117j\u0119 sandarikliai arba pa\u017eeistos \u017earnos. Reguliarus patikrinimas gali pad\u0117ti greitai nustatyti ir pa\u0161alinti problemas.<\/li>\n<li><strong>Prastas na\u0161umas:<\/strong> Jei str\u0117l\u0117s cilindras nereaguoja tinkamai, tai gali rodyti hidraulin\u0117s sistemos problemas, pvz., \u017eem\u0105 skys\u010dio lyg\u012f arba or\u0105 linijose.<\/li>\n<li><strong>Netik\u0117tas triuk\u0161mas:<\/strong> Ne\u012fprasti garsai veikimo metu gali signalizuoti apie mechanines problemas, tokias kaip nesuderinamumas ar vidiniai pa\u017eeidimai.<\/li>\n<\/ul>\n<h2>Trik\u010di\u0173 \u0161alinimo patarimai<\/h2>\n<p>Nor\u0117dami efektyviai diagnozuoti ir i\u0161spr\u0119sti str\u0117l\u0117s cilindro problemas, pirmiausia patikrinkite hidraulinio skys\u010dio lyg\u012f ir patikrinkite, ar n\u0117ra nuot\u0117ki\u0173. Nedelsdami i\u0161spr\u0119skite visas sandarinimo problemas, kad i\u0161vengtum\u0117te tolesn\u0117s \u017ealos. Reguliari prie\u017ei\u016bros praktika, pvz., tepimas ir ap\u017ei\u016bra, \u017eymiai suma\u017eina galim\u0173 problem\u0173 rizik\u0105. \u012egyvendinus prevencines priemones ir laikantis prie\u017ei\u016bros grafik\u0173, pailg\u0117s str\u0117l\u0117s cilindro tarnavimo laikas ir padid\u0117s eksploatavimo efektyvumas.<\/p>\n<p><img decoding=\"async\" src=\"https:\/\/www.hydraulic-cylinders.net\/wp-content\/uploads\/2025\/04\/songte-bushings-with-all-kinds-of-excavator-models.webp\" alt=\"Ekskavatori\u0173 modeli\u0173 \u012fvor\u0117s\" \/><\/p>\n<h2>Apie m\u016bs\u0173 \u012fmon\u0119<\/h2>\n<p>Esame pirmaujanti alternatyvi\u0173 hidraulini\u0173 cilindr\u0173 gamintoja ir didmeninink\u0117, si\u016blanti plat\u0173 gamini\u0173 asortiment\u0105 tiek vidaus, tiek tarptautin\u0117ms rinkoms. M\u016bs\u0173 \u012fsipareigojimas siekti meistri\u0161kumo akivaizdus gamybos procesuose, kurie atitinka grie\u017etus kokyb\u0117s standartus. Siekdami padidinti savo gamybos paj\u0117gumus, naudojame pa\u017eangias gamybos strategijas, kvalifikuotus techninius darbuotojus ir auk\u0161\u010diausios klas\u0117s skaitmenin\u0119 \u012frang\u0105. D\u0117mesys kokybei ir tikslumui leid\u017eia mums efektyviai patenkinti \u012fvairius klient\u0173 poreikius.<\/p>\n<h3>Profesionalumas<\/h3>\n<p>M\u016bs\u0173 komand\u0105 sudaro auk\u0161tos kvalifikacijos specialistai, kurie u\u017etikrina, kad kiekvienas produktas atitikt\u0173 tarptautinius kokyb\u0117s standartus.<\/p>\n<h3>Tarptautinis sertifikavimas<\/h3>\n<p>Turime \u012fvairius tarptautinius sertifikatus, patvirtinan\u010dius m\u016bs\u0173 gamini\u0173 kokyb\u0119 ir patikimum\u0105 pasaulin\u0117se rinkose.<\/p>\n<h3>Individual\u016bs sprendimai<\/h3>\n<p>Mes teikiame individualiai pritaikytus sprendimus, kad patenkintume konkre\u010dius klient\u0173 reikalavimus, u\u017etikrindami, kad m\u016bs\u0173 produktai puikiai atitikt\u0173 j\u0173 pritaikym\u0105.<\/p>\n<h3>Pa\u017eangi gamybos \u012franga<\/h3>\n<p>M\u016bs\u0173 moderni gamybos \u012franga leid\u017eia mums gaminti auk\u0161tos kokyb\u0117s hidraulinius cilindrus tiksliai ir efektyviai.<\/p>\n<h3>Aptarnavimas po pardavimo<\/h3>\n<p>Mes si\u016blome i\u0161skirtin\u0119 garantinio aptarnavimo paslaug\u0105, u\u017etikrindami, kad m\u016bs\u0173 klientai gaut\u0173 reikiam\u0105 pagalb\u0105 atliekant technin\u0119 prie\u017ei\u016br\u0105 ir \u0161alinant triktis.<\/p>\n<p><img decoding=\"async\" src=\"https:\/\/www.hydraulic-cylinders.net\/wp-content\/uploads\/2025\/04\/songte-company-4.webp\" alt=\"\u012emon\u0117s paveiksl\u0117lis 1\" \/><br \/>\n<img decoding=\"async\" src=\"https:\/\/www.hydraulic-cylinders.net\/wp-content\/uploads\/2025\/04\/songte-company-3.webp\" alt=\"\u012emon\u0117s paveiksl\u0117lis 2\" \/><\/p>\n<p>Autorius: lyl<\/p>","protected":false},"excerpt":{"rendered":"<p>Boom Cylinder For Doosan Middle Excavator DH225LC-9 Understanding the Boom Cylinder The boom cylinder is a crucial hydraulic component specifically designed for controlling the movement of the bucket on heavy machinery such as excavators, backhoe loaders, and front loaders. This hydraulic cylinder allows for the lifting, lowering, and tilting of the bucket, facilitating various material [&hellip;]<\/p>","protected":false},"featured_media":17867,"comment_status":"open","ping_status":"closed","template":"","meta":{"_et_pb_use_builder":"","_et_pb_old_content":"","_et_gb_content_width":""},"product_brand":[],"product_cat":[1546],"product_tag":[1547,1496],"class_list":{"0":"post-19000","1":"product","2":"type-product","3":"status-publish","4":"has-post-thumbnail","6":"product_cat-boom-cylinders","7":"product_tag-boom-cylinders","8":"product_tag-hydraulic-cylinders","10":"first","11":"instock","12":"shipping-taxable","13":"product-type-simple"},"amp_enabled":true,"_links":{"self":[{"href":"https:\/\/www.hydraulic-cylinders.net\/lt\/wp-json\/wp\/v2\/product\/19000","targetHints":{"allow":["GET"]}}],"collection":[{"href":"https:\/\/www.hydraulic-cylinders.net\/lt\/wp-json\/wp\/v2\/product"}],"about":[{"href":"https:\/\/www.hydraulic-cylinders.net\/lt\/wp-json\/wp\/v2\/types\/product"}],"replies":[{"embeddable":true,"href":"https:\/\/www.hydraulic-cylinders.net\/lt\/wp-json\/wp\/v2\/comments?post=19000"}],"wp:featuredmedia":[{"embeddable":true,"href":"https:\/\/www.hydraulic-cylinders.net\/lt\/wp-json\/wp\/v2\/media\/17867"}],"wp:attachment":[{"href":"https:\/\/www.hydraulic-cylinders.net\/lt\/wp-json\/wp\/v2\/media?parent=19000"}],"wp:term":[{"taxonomy":"product_brand","embeddable":true,"href":"https:\/\/www.hydraulic-cylinders.net\/lt\/wp-json\/wp\/v2\/product_brand?post=19000"},{"taxonomy":"product_cat","embeddable":true,"href":"https:\/\/www.hydraulic-cylinders.net\/lt\/wp-json\/wp\/v2\/product_cat?post=19000"},{"taxonomy":"product_tag","embeddable":true,"href":"https:\/\/www.hydraulic-cylinders.net\/lt\/wp-json\/wp\/v2\/product_tag?post=19000"}],"curies":[{"name":"wp","href":"https:\/\/api.w.org\/{rel}","templated":true}]}}