{"id":19003,"date":"2025-04-07T06:06:39","date_gmt":"2025-04-07T06:06:39","guid":{"rendered":"https:\/\/www.hydraulic-cylinders.net\/product\/boom-cylinder-for-doosan-large-excavator-dh290\/"},"modified":"2025-04-07T06:06:41","modified_gmt":"2025-04-07T06:06:41","slug":"boom-cylinder-for-doosan-large-excavator-dh290","status":"publish","type":"product","link":"https:\/\/www.hydraulic-cylinders.net\/lt\/produktas\/boom-cylinder-for-doosan-large-excavator-dh290\/","title":{"rendered":"Str\u0117l\u0117s cilindras, skirtas \u201eDoosan\u201c dideliam ekskavatoriui DH290"},"content":{"rendered":"<h1>Str\u0117l\u0117s cilindras, skirtas \u201eDoosan\u201c dideliam ekskavatoriui DH290<\/h1>\n<h2>\u012evadas \u012f str\u0117l\u0117s cilindr\u0105<\/h2>\n<p>Str\u0117l\u0117s cilindras yra labai svarbus hidraulinis komponentas, specialiai sukurtas dideliems ekskavatoriams, tokiems kaip \u201eDoosan DH290\u201c. \u0160is hidraulinis cilindras atlieka esmin\u012f vaidmen\u012f valdant str\u0117l\u0117s jud\u0117jim\u0105, leid\u017eiant tiksliai pakelti, nuleisti ir pakreipti ekskavatoriaus svirt\u012f. Str\u0117l\u0117s cilindro funkcionalumas yra gyvybi\u0161kai svarbus atliekant \u012fvairias med\u017eiag\u0173 tvarkymo u\u017eduotis, u\u017etikrinant efektyv\u0173 darb\u0105 statybose, kasyboje ir kitose sunkiosiose srityse.<\/p>\n<p><img decoding=\"async\" src=\"https:\/\/www.hydraulic-cylinders.net\/wp-content\/uploads\/2025\/04\/songte-company-1.webp\" alt=\"Str\u0117l\u0117s cilindro vaizdas\" \/><\/p>\n<h3>Kau\u0161o cilindro supratimas<\/h3>\n<p>Kau\u0161o cilindrai yra specializuoti hidrauliniai cilindrai, valdantys kau\u0161o jud\u0117jim\u0105 sunkiosiose ma\u0161inose, tokiose kaip ekskavatoriai, ekskavatoriniai krautuvai ir frontaliniai krautuvai. Jie leid\u017eia kau\u0161ui pakelti, nuleisti ir pakreipti, taip palengvindami med\u017eiag\u0173 tvarkymo u\u017eduotis. \u0160ie cilindrai yra sukurti taip, kad atlaikyt\u0173 auk\u0161t\u0105 sl\u0117g\u012f ir dideles apkrovas, tod\u0117l jie yra b\u016btini efektyviam darbui \u012fvairiose darbo aplinkose.<\/p>\n<h2>Str\u0117l\u0117s cilindro savyb\u0117s<\/h2>\n<ul>\n<li><strong>Didelis stiprumas ir ilgaam\u017ei\u0161kumas:<\/strong> Pagamintas i\u0161 didelio stiprumo plieno arba aliuminio, str\u0117l\u0117s cilindras gali atlaikyti auk\u0161t\u0105 sl\u0117g\u012f ir dideles apkrovas, tod\u0117l tinka at\u0161iaurioms darbo s\u0105lygoms. Konstrukcijoje atsi\u017evelgta \u012f atsparum\u0105 dilimui ir korozijai, tod\u0117l pailg\u0117ja jo tarnavimo laikas.<\/li>\n<li><strong>Efektyvus hidraulinis valdymas:<\/strong> Naudodamas hidraulinio skys\u010dio sl\u0117g\u012f, str\u0117l\u0117s cilindras u\u017etikrina skland\u0173 i\u0161skleidim\u0105 ir \u012ftraukim\u0105. Jis greitai reaguoja \u012f operatoriaus komandas, u\u017etikrindamas galingas st\u016bmimo ir traukimo j\u0117gas, kad b\u016bt\u0173 galima atlikti sunkias ir sud\u0117tingas u\u017eduotis.<\/li>\n<li><strong>Tip\u0173 \u012fvairov\u0117:<\/strong> Galima rinktis vienpusio veikimo (hidraulikos naudojimas viena kryptimi) arba dvipusio veikimo (hidraulikos naudojimas abiem kryptimis) konfig\u016bracijas, kad b\u016bt\u0173 galima patenkinti \u012fvairius eksploatacinius poreikius. Kai kurie modeliai yra teleskopiniai, tod\u0117l juos galima labiau i\u0161tiesti nedidinant i\u0161orini\u0173 matmen\u0173, tod\u0117l jie idealiai tinka ribotos erdv\u0117s pritaikymams.<\/li>\n<li><strong>Pritaikomi sprendimai:<\/strong> M\u016bs\u0173 gamybos paj\u0117gumai leid\u017eia mums gaminti str\u0117l\u0117s cilindrus, kurie puikiai pakei\u010dia esamus hidraulinius cilindrus, teikdami individualius sprendimus \u012fvairiai \u012frangai.<\/li>\n<li><strong>Pa\u017eangios technologijos:<\/strong> M\u016bs\u0173 str\u0117l\u0117s cilindrai, kuriuose \u012fdiegtos naujausios hidraulin\u0117s konstrukcijos technologijos, pagerina na\u0161um\u0105 ir patikimum\u0105, u\u017etikrindami optimal\u0173 efektyvum\u0105 operacijose.<\/li>\n<\/ul>\n<p><img decoding=\"async\" src=\"https:\/\/www.hydraulic-cylinders.net\/wp-content\/uploads\/2025\/04\/songte-cylinder-head-with-all-kinds-excavator-models.webp\" alt=\"Ekskavatoriaus modelio suderinamumas\" \/><\/p>\n<h2>Str\u0117l\u0117s cilindro pritaikymas<\/h2>\n<h3>Statybin\u0117 \u012franga<\/h3>\n<p>Ekskavatoriuose str\u0117l\u0117s cilindrai yra labai svarb\u016bs kasant, kraunant ir perkeliant grunt\u0105 ar \u0161iuk\u0161les. Jie leid\u017eia ekskavatoriui efektyviai atlikti u\u017eduotis, padidinant na\u0161um\u0105 darbo vietose. Ekskavatoriuose-krautuvuose str\u0117l\u0117s cilindras padeda tiek kasti, tiek kelti, tod\u0117l yra b\u016btinas \u012fvairioms statybos u\u017eduotims.<\/p>\n<h3>\u017dem\u0117s \u016bkio technika<\/h3>\n<p>Priekiniuose krautuvuose naudojami str\u0117l\u0117s cilindrai padeda semti, kelti ir transportuoti dirvo\u017eem\u012f, \u0161ien\u0105 ir kitas med\u017eiagas. Tvirta j\u0173 konstrukcija u\u017etikrina, kad jie gali atlikti sud\u0117tingas \u017eem\u0117s \u016bkio u\u017eduotis ir padidinti \u016bkininkavimo operacij\u0173 efektyvum\u0105.<\/p>\n<h3>Ekskavatoriai<\/h3>\n<p>Ekskavatoriuose kau\u0161o cilindrai leid\u017eia kau\u0161ui \u012fsiskverbti \u012f dirv\u0105, palengvindami efektyvius kasimo veiksmus. J\u0173 konstrukcija leid\u017eia pritaikyti maksimali\u0105 j\u0117g\u0105, tod\u0117l jie idealiai tinka sunkiems kasimo darbams.<\/p>\n<h3>Krautuvai<\/h3>\n<p>Priekiniuose krautuvuose str\u0117l\u0117s cilindrai padeda efektyviai kelti ir i\u0161versti med\u017eiagas. J\u0173 tvirtumas ir patikimumas u\u017etikrina skland\u0173 darb\u0105, suma\u017eina prastovas ir padidina bendr\u0105 veiklos efektyvum\u0105.<\/p>\n<h2>Projektavimo aspektai ir atrankos kriterijai<\/h2>\n<h3>Keliamoji galia<\/h3>\n<p>Renkantis str\u0117l\u0117s cilindr\u0105, labai svarbu suprasti jo keliam\u0105j\u0105 gali\u0105. Cilindras turi atlaikyti maksimal\u0173 svor\u012f, su kuriuo susidurs eksploatacijos metu. Tai u\u017etikrina saug\u0173 ir efektyv\u0173 u\u017eduo\u010di\u0173 atlikim\u0105. Tinkama keliamoji galia taip pat apsaugo nuo prie\u0161laikinio susid\u0117v\u0117jimo ir gedim\u0173, pailgindama cilindro tarnavimo laik\u0105.<\/p>\n<h3>Sandarinimo mechanizmai<\/h3>\n<p>Efektyvus sandarinimas yra labai svarbus siekiant i\u0161vengti hidraulinio skys\u010dio nuot\u0117kio ir palaikyti sl\u0117g\u012f sistemoje. B\u016btini auk\u0161tos kokyb\u0117s sandarikliai, pagaminti i\u0161 patvari\u0173 med\u017eiag\u0173, toki\u0173 kaip poliuretanas ir nitrilo kau\u010diukas. Sandarikliai turi b\u016bti suprojektuoti taip, kad atlaikyt\u0173 at\u0161iaurias eksploatavimo s\u0105lygas, u\u017etikrindami patikim\u0105 veikim\u0105 ir suma\u017eindami prie\u017ei\u016bros i\u0161laidas.<\/p>\n<h3>Patvarumas ir atsparumas<\/h3>\n<p>Patvarumas yra pagrindinis str\u0117l\u0117s cilindr\u0173 konstrukcijos veiksnys. Jie turi b\u016bti atspar\u016bs dilimui ir korozijai, nes veikia sud\u0117tingomis s\u0105lygomis. Konstrukcijoje naudojamos med\u017eiagos turi pasi\u017eym\u0117ti puikiu atsparumu nuovargiui ir atlaikyti pasikartojan\u010dias apkrovas nesuyrant.<\/p>\n<h3>Saugos funkcijos<\/h3>\n<p>\u012e str\u0117l\u0117s cilindr\u0173 konstrukcij\u0105 \u012ftrauktos saugos funkcijos u\u017etikrina operatori\u0173 ir \u012frangos apsaug\u0105. Tokios funkcijos kaip sl\u0117gio ma\u017einimo vo\u017etuvai ir apsaugos nuo perkrovos mechanizmai padidina saugum\u0105 eksploatavimo metu. Gamintojai tur\u0117t\u0173 teikti pirmenyb\u0119 cilindr\u0173, kurie u\u017ekerta keli\u0105 nelaimingiems atsitikimams ir \u012frangos pa\u017eeidimams, projektavimui.<\/p>\n<h3>Prie\u017ei\u016bra ir tinkamumas naudoti<\/h3>\n<p>Str\u0117l\u0117s cilindr\u0173 projektavimas taip, kad juos b\u016bt\u0173 lengva pri\u017ei\u016br\u0117ti, yra b\u016btinas siekiant u\u017etikrinti ilgaam\u017ei\u0161kum\u0105 ir na\u0161um\u0105. Tokios savyb\u0117s kaip prieinami tepimo ta\u0161kai, kei\u010diami sandarikliai ir paprastas i\u0161ardymas padeda suma\u017einti prastovas ir prie\u017ei\u016bros i\u0161laidas. Reguliari prie\u017ei\u016bra tur\u0117t\u0173 b\u016bti palengvinta projektuojant, kad b\u016bt\u0173 galima greitai atlikti patikrinimus ir remont\u0105.<\/p>\n<p><img decoding=\"async\" src=\"https:\/\/www.hydraulic-cylinders.net\/wp-content\/uploads\/2025\/04\/songte-oil-pipes-and-spare-parts.webp\" alt=\"Hidrauliniai komponentai\" \/><\/p>\n<h2>Hidraulini\u0173 cilindr\u0173 sandarinimas ir tepimas<\/h2>\n<p>Efektyvus sandarinimas ir tepimas yra gyvybi\u0161kai svarb\u016bs optimaliam str\u0117l\u0117s cilindr\u0173 veikimui. Siekiant u\u017etikrinti hermeti\u0161kas cilindro skyrius, naudojami \u012fvair\u016bs sandarinimo elementai, \u012fskaitant st\u016bmoklio ir strypo sandariklius. Auk\u0161tos kokyb\u0117s sandarikliai, pagaminti i\u0161 atspari\u0173 dilimui med\u017eiag\u0173, toki\u0173 kaip poliuretanas ir nitrilo kau\u010diukas, yra b\u016btini norint i\u0161vengti nuot\u0117ki\u0173 ir palaikyti hidraulin\u012f sl\u0117g\u012f.<\/p>\n<p>Cilindro korpuso ir sriegini\u0173 gal\u0173 pavir\u0161iai yra tiksliai apdirbami, siekiant padidinti atsparum\u0105 dilimui. Reguliarus tepimas hidrauline alyva yra b\u016btinas siekiant suma\u017einti trint\u012f ir \u0161ilumos susidarym\u0105, taip pailginant cilindro tarnavimo laik\u0105. Operatoriai turi u\u017etikrinti, kad b\u016bt\u0173 palaikomas tinkamas hidraulin\u0117s alyvos tipas ir kiekis, siekiant u\u017etikrinti skland\u0173 veikim\u0105.<\/p>\n<h2>Reguliarios patikros ir prevencin\u0117s prie\u017ei\u016bros priemon\u0117s<\/h2>\n<ul>\n<li><strong>Vizualiniai patikrinimai:<\/strong> Reguliar\u016bs vizualiniai patikrinimai, ar n\u0117ra susid\u0117v\u0117jimo, nuot\u0117ki\u0173 ar pa\u017eeidim\u0173 po\u017eymi\u0173, gali pad\u0117ti nustatyti galimas problemas, kol jos nepablog\u0117jo. Operatoriai tur\u0117t\u0173 ap\u017ei\u016br\u0117ti sandariklius, jungiam\u0105sias detales ir \u017earnas, ar jos n\u0117ra susid\u0117v\u0117jusios ar pablog\u0117jusios.<\/li>\n<li><strong>Hidraulinio skys\u010dio lygiai:<\/strong> Labai svarbu u\u017etikrinti nuolatin\u012f hidraulinio skys\u010dio lyg\u012f. \u017demas skys\u010dio lygis gali sukelti nepakankam\u0105 tepim\u0105 ir perkaitim\u0105, d\u0117l ko cilindras gali sugesti. Operatoriai tur\u0117t\u0173 reguliariai tikrinti ir prireikus papildyti skys\u010dius.<\/li>\n<li><strong>Sandariklio keitimas:<\/strong> Sandarikliai yra susid\u0117vintys komponentai, kuriuos reikia periodi\u0161kai keisti. Sandarikli\u0173 b\u016bkl\u0117s steb\u0117jimas ir j\u0173 keitimas prireikus pad\u0117s i\u0161vengti nuot\u0117ki\u0173 ir i\u0161laikyti cilindro veikim\u0105.<\/li>\n<\/ul>\n<h2>Str\u0117l\u0117s cilindr\u0173 montavimo vadovas<\/h2>\n<p>Str\u0117l\u0117s cilindro montavimas reikalauja kruop\u0161taus planavimo ir vykdymo, siekiant u\u017etikrinti optimal\u0173 na\u0161um\u0105. Pirmiausia \u012fsitikinkite, kad montavimo pavir\u0161ius yra \u0161varus ir lygus, u\u017etikrinant stabil\u0173 cilindro pagrind\u0105. Sulygiuokite cilindr\u0105 su tvirtinimo laikikliais, u\u017etikrindami, kad neb\u016bt\u0173 i\u0161lygiavimo klaid\u0173, kurios gal\u0117t\u0173 sukelti prie\u0161laikin\u012f susid\u0117v\u0117jim\u0105.<\/p>\n<p>Cilindrui pritvirtinti naudokite tinkam\u0105 tvirtinimo \u012frang\u0105 ir metodus. Rekomenduojama naudoti tinkamus tvirtinimo laikiklius, kad cilindras tvirtai laikyt\u0173si. Sumontavus cilindr\u0105, atlikite i\u0161sam\u0173 lygiavimo patikrinim\u0105, kad \u012fsitikintum\u0117te, jog jis veikia skland\u017eiai ir be joki\u0173 kli\u016b\u010di\u0173.<\/p>\n<p>Po \u012frengimo atlikite sl\u0117gio bandym\u0105, kad \u012fsitikintum\u0117te, jog n\u0117ra nuot\u0117ki\u0173 ir ar cilindras veikia tinkamai. Reguliariai tikrinkite jungtis ir cilindro veikim\u0105 po \u012frengimo, kad u\u017etikrintum\u0117te nuolatin\u012f veikim\u0105.<\/p>\n<h2>\u012eprastos prie\u017ei\u016bros u\u017eduotys<\/h2>\n<ul>\n<li><strong>Reguliar\u016bs patikrinimai:<\/strong> Periodiniai patikrinimai yra labai svarb\u016bs norint anksti nustatyti galimas problemas. Reguliar\u016bs patikrinimai padeda pasteb\u0117ti bet kokius susid\u0117v\u0117jimo ar pa\u017eeidimo po\u017eymius, tod\u0117l galima laiku atlikti remont\u0105.<\/li>\n<li><strong>Tinkamas tepimas:<\/strong> Tinkamas str\u0117l\u0117s cilindro sutepimas yra labai svarbus norint suma\u017einti trint\u012f ir nusid\u0117v\u0117jim\u0105. Reguliariai pildami tinkamo tipo hidraulin\u0119 alyv\u0105 pagerinsite na\u0161um\u0105 ir ilgaam\u017ei\u0161kum\u0105.<\/li>\n<li><strong>Sandariklio keitimas:<\/strong> Reguliariai steb\u0117ti ir keisti susid\u0117v\u0117jusius sandariklius yra b\u016btina norint palaikyti hidraulin\u012f sl\u0117g\u012f ir i\u0161vengti nuot\u0117ki\u0173. Tinkamai veikiantys sandarikliai yra labai svarb\u016bs hidraulin\u0117s sistemos efektyvumui.<\/li>\n<\/ul>\n<h2>Saugos aspektai ir aplinkos veiksniai<\/h2>\n<p>Naudojant hidraulinius cilindrus, saugos priemon\u0117s yra nepaprastai svarbios. Operatoriai tur\u0117t\u0173 \u017einoti apie galimus pavojus, susijusius su hidraulin\u0117mis sistemomis, \u012fskaitant susl\u0117gt\u0105 skyst\u012f ir galimus mechaninius gedimus. Saugos protokol\u0173, toki\u0173 kaip apsaugini\u0173 priemoni\u0173 d\u0117v\u0117jimas ir reguliar\u016bs saugos patikrinimai, \u012fgyvendinimas yra labai svarbus siekiant i\u0161vengti nelaiming\u0173 atsitikim\u0173 ir su\u017ealojim\u0173.<\/p>\n<h2>Gedim\u0173 diagnostika ir da\u017eniausios problemos<\/h2>\n<ul>\n<li><strong>Nuot\u0117kis:<\/strong> Sandarikli\u0173 nuot\u0117kis gali rodyti susid\u0117v\u0117jim\u0105 arba pa\u017eeidim\u0105. Reguliar\u016bs patikrinimai ir savalaikis sandarikli\u0173 keitimas gali i\u0161spr\u0119sti \u0161i\u0105 problem\u0105.<\/li>\n<li><strong>Suma\u017eintas na\u0161umas:<\/strong> Suma\u017e\u0117j\u0119s cilindro veikimo efektyvumas gali rodyti \u017eem\u0105 hidraulinio skys\u010dio lyg\u012f arba vidin\u012f susid\u0117v\u0117jim\u0105. Reguliarus techninis aptarnavimas ir steb\u0117jimas gali pad\u0117ti i\u0161spr\u0119sti \u0161ias problemas.<\/li>\n<li><strong>Ne\u012fprasti garsai:<\/strong> Keistai girdimi garsai eksploatacijos metu gali rodyti mechanin\u012f gedim\u0105 arba nepakankam\u0105 tepim\u0105. Atlikus i\u0161samius patikrinimus, galima nustatyti ir pa\u0161alinti \u0161ias problemas.<\/li>\n<\/ul>\n<h2>Trik\u010di\u0173 \u0161alinimo patarimai<\/h2>\n<p>Nor\u0117dami efektyviai diagnozuoti ir i\u0161spr\u0119sti str\u0117l\u0117s cilindro problemas, operatoriai tur\u0117t\u0173 laikytis sistemingo po\u017ei\u016brio. Prad\u0117kite nuo simptom\u0173 nustatymo ir j\u0173 atsekimo iki galim\u0173 prie\u017eas\u010di\u0173. Patikrinkite, ar n\u0117ra nuot\u0117kio, sandarikli\u0173 ir jung\u010di\u0173 pa\u017eeidim\u0173. Jei na\u0161umas nepakankamas, patikrinkite skys\u010di\u0173 lyg\u012f ir hidraulin\u0119 sistem\u0105, ar n\u0117ra u\u017esikim\u0161im\u0173 ar nuot\u0117ki\u0173.<\/p>\n<p>Prevencin\u0117s priemon\u0117s, tokios kaip reguliari prie\u017ei\u016bra ir savalaikis remontas, gali gerokai suma\u017einti da\u017eniausiai pasitaikan\u010di\u0173 problem\u0173 rizik\u0105. I\u0161samus operatori\u0173 mokymas apie tinkam\u0105 elges\u012f taip pat gali pad\u0117ti suma\u017einti problemas ir pailginti str\u0117l\u0117s cilindro tarnavimo laik\u0105.<\/p>\n<p><img decoding=\"async\" src=\"https:\/\/www.hydraulic-cylinders.net\/wp-content\/uploads\/2025\/04\/songte-bushings-with-all-kinds-of-excavator-models.webp\" alt=\"Ekskavatoriaus \u012fvor\u0117s\" \/><\/p>\n<h2>Apie m\u016bs\u0173 \u012fmon\u0119<\/h2>\n<p>Esame pirmaujantis hidraulini\u0173 cilindr\u0173 gamintojas, specializuojantis auk\u0161tos kokyb\u0117s pakaital\u0173, skirt\u0173 \u012fvairioms reikm\u0117ms, gamyboje. Tur\u0117dami plat\u0173 gamini\u0173 asortiment\u0105, \u012fsitvirtinome kaip pagrindinis \u017eaid\u0117jas tiek vidaus, tiek tarptautin\u0117se rinkose. M\u016bs\u0173 \u012fsipareigojimas siekti meistri\u0161kumo matyti i\u0161 grie\u017et\u0173 gamybos proces\u0173 ir tarptautini\u0173 standart\u0173 laikymosi.<\/p>\n<p>M\u016bs\u0173 \u012fmon\u0117 pabr\u0117\u017eia kokyb\u0119, naudodama pa\u017eangias gamybos technologijas ir moderniausi\u0105 \u012frang\u0105. \u012edarbiname kvalifikuotus specialistus, kurie tobulina m\u016bs\u0173 gamybos procesus, siekdami pagerinti gamini\u0173 kokyb\u0119. M\u016bs\u0173 galimyb\u0117s apima ir individualius sprendimus, pritaikytus \u012fvairiems m\u016bs\u0173 klient\u0173 poreikiams.<\/p>\n<p><img decoding=\"async\" src=\"https:\/\/www.hydraulic-cylinders.net\/wp-content\/uploads\/2025\/04\/songte-company-4.webp\" alt=\"\u012emon\u0117s gamyba\" \/><br \/>\n<img decoding=\"async\" src=\"https:\/\/www.hydraulic-cylinders.net\/wp-content\/uploads\/2025\/04\/songte-company-3.webp\" alt=\"\u012emon\u0117s patalpos\" \/><\/p>\n<p>Nor\u0117dami gauti daugiau informacijos apie m\u016bs\u0173 produktus ir paslaugas, susisiekite su mumis. Esame pasiry\u017e\u0119 teikti i\u0161skirtin\u012f klient\u0173 aptarnavim\u0105 ir palaikym\u0105, u\u017etikrindami, kad visi j\u016bs\u0173 hidraulini\u0173 cilindr\u0173 poreikiai b\u016bt\u0173 patenkinti efektyviai.<\/p>\n<p>Autorius: lyl<\/p>","protected":false},"excerpt":{"rendered":"<p>Boom Cylinder For Doosan Large Excavator DH290 Introduction to the Boom Cylinder The Boom Cylinder is a critical hydraulic component designed specifically for large excavators such as the Doosan DH290. This hydraulic cylinder plays an essential role in controlling the movement of the boom, allowing for precise lifting, lowering, and tilting of the excavator&#8217;s arm. [&hellip;]<\/p>","protected":false},"featured_media":17870,"comment_status":"open","ping_status":"closed","template":"","meta":{"_et_pb_use_builder":"","_et_pb_old_content":"","_et_gb_content_width":""},"product_brand":[],"product_cat":[1546],"product_tag":[1547,1496],"class_list":{"0":"post-19003","1":"product","2":"type-product","3":"status-publish","4":"has-post-thumbnail","6":"product_cat-boom-cylinders","7":"product_tag-boom-cylinders","8":"product_tag-hydraulic-cylinders","10":"first","11":"instock","12":"shipping-taxable","13":"product-type-simple"},"amp_enabled":true,"_links":{"self":[{"href":"https:\/\/www.hydraulic-cylinders.net\/lt\/wp-json\/wp\/v2\/product\/19003","targetHints":{"allow":["GET"]}}],"collection":[{"href":"https:\/\/www.hydraulic-cylinders.net\/lt\/wp-json\/wp\/v2\/product"}],"about":[{"href":"https:\/\/www.hydraulic-cylinders.net\/lt\/wp-json\/wp\/v2\/types\/product"}],"replies":[{"embeddable":true,"href":"https:\/\/www.hydraulic-cylinders.net\/lt\/wp-json\/wp\/v2\/comments?post=19003"}],"wp:featuredmedia":[{"embeddable":true,"href":"https:\/\/www.hydraulic-cylinders.net\/lt\/wp-json\/wp\/v2\/media\/17870"}],"wp:attachment":[{"href":"https:\/\/www.hydraulic-cylinders.net\/lt\/wp-json\/wp\/v2\/media?parent=19003"}],"wp:term":[{"taxonomy":"product_brand","embeddable":true,"href":"https:\/\/www.hydraulic-cylinders.net\/lt\/wp-json\/wp\/v2\/product_brand?post=19003"},{"taxonomy":"product_cat","embeddable":true,"href":"https:\/\/www.hydraulic-cylinders.net\/lt\/wp-json\/wp\/v2\/product_cat?post=19003"},{"taxonomy":"product_tag","embeddable":true,"href":"https:\/\/www.hydraulic-cylinders.net\/lt\/wp-json\/wp\/v2\/product_tag?post=19003"}],"curies":[{"name":"wp","href":"https:\/\/api.w.org\/{rel}","templated":true}]}}