{"id":19005,"date":"2025-04-07T06:06:44","date_gmt":"2025-04-07T06:06:44","guid":{"rendered":"https:\/\/www.hydraulic-cylinders.net\/product\/boom-cylinder-for-doosan-large-excavator-dh370\/"},"modified":"2025-04-07T06:06:46","modified_gmt":"2025-04-07T06:06:46","slug":"boom-cylinder-for-doosan-large-excavator-dh370","status":"publish","type":"product","link":"https:\/\/www.hydraulic-cylinders.net\/lt\/produktas\/boom-cylinder-for-doosan-large-excavator-dh370\/","title":{"rendered":"Str\u0117l\u0117s cilindras, skirtas \u201eDoosan\u201c dideliam ekskavatoriui DH370"},"content":{"rendered":"<h1>Str\u0117l\u0117s cilindras, skirtas \u201eDoosan\u201c dideliam ekskavatoriui DH370<\/h1>\n<h2>Produkto ap\u017evalga<\/h2>\n<p>\u201eDoosan\u201c didelio ekskavatoriaus DH370 str\u0117l\u0117s cilindras yra labai svarbus komponentas, skirtas efektyviam sunkiosios technikos valdymui. \u0160is hidraulinis cilindras yra specialiai sukurtas valdyti kau\u0161\u0173 jud\u0117jim\u0105 \u012fvairioje sunkiojoje technikoje, \u012fskaitant ekskavatorius, ekskavatorinius krautuvus ir frontalinius krautuvus. Str\u0117l\u0117s cilindras leid\u017eia kau\u0161ui pakilti, nuleisti ir pakreipti, taip palengvinant efektyv\u0173 med\u017eiag\u0173 tvarkym\u0105. \u0160ie cilindrai atlieka labai svarb\u0173 vaidmen\u012f hidraulin\u0117se sistemose, kuriose judesiui sukurti naudojamas susl\u0117gtas skystis, u\u017etikrinantis, kad sunkius krovinius b\u016bt\u0173 galima perkelti tiksliai ir lengvai.<\/p>\n<p><img decoding=\"async\" src=\"https:\/\/www.hydraulic-cylinders.net\/wp-content\/uploads\/2025\/04\/songte-company-1.webp\" alt=\"Doosan ekskavatoriaus DH370 str\u0117l\u0117s cilindras\"><\/p>\n<h3>Kau\u0161\u0173 cilindr\u0173 svarba<\/h3>\n<p>Kau\u0161\u0173 cilindrai yra hidrauliniai cilindrai, specialiai sukurti sunkiosios technikos kau\u0161\u0173 jud\u0117jimui valdyti. Jie yra b\u016btini efektyviam kasimo ir krovimo darbui. Pritvirtinti prie ekskavatori\u0173 ar krautuv\u0173, \u0161ie cilindrai hidraulin\u012f sl\u0117g\u012f paver\u010dia mechanine j\u0117ga, leisdami operatoriams efektyviai atlikti tokias u\u017eduotis kaip kasimas, k\u0117limas ir med\u017eiag\u0173 i\u0161vertimas. Str\u0117l\u0117s cilindr\u0173 tikslumas ir galia daro juos nepakei\u010diamus \u012fvairiose pramon\u0117s srityse, tod\u0117l juos galima skland\u017eiai integruoti \u012f hidraulines sistemas.<\/p>\n<h2>Pagrindin\u0117s savyb\u0117s<\/h2>\n<ul>\n<li><strong>Didelis stiprumas ir ilgaam\u017ei\u0161kumas:<\/strong> Pagaminti i\u0161 didelio stiprumo plieno arba aliuminio, \u0161ie cilindrai gali atlaikyti auk\u0161t\u0105 sl\u0117g\u012f ir dideles apkrovas, tod\u0117l tinkami naudoti at\u0161iauriomis darbo s\u0105lygomis. J\u0173 konstrukcija atsi\u017evelg\u0117 \u012f atsparum\u0105 dilimui ir apsaug\u0105 nuo korozijos, taip pailginant j\u0173 tarnavimo laik\u0105.<\/li>\n<li><strong>Efektyvus hidraulinis valdymas:<\/strong> D\u0117l hidraulin\u0117s alyvos sl\u0117gio \u0161ie cilindrai u\u017etikrina skland\u0173 i\u0161st\u016bmim\u0105 ir \u012ftraukim\u0105. Jie greitai reaguoja \u012f operatoriaus komandas, u\u017etikrindami galingas st\u016bmimo ir traukimo j\u0117gas, idealiai tinkan\u010dias sunkioms ir sud\u0117tingoms u\u017eduotims atlikti.<\/li>\n<li><strong>\u012evair\u016bs tipai:<\/strong> \u0160ie cilindrai, tiekiami vienpusio veikimo (veikiantys viena kryptimi) arba dvipusio veikimo (veikiantys abiem kryptimis) modeliuose, atitinka \u012fvairius eksploatacinius poreikius. Kai kurie modeliai yra teleskopiniai, tod\u0117l juos galima labiau i\u0161tiesti nedidinant i\u0161orini\u0173 matmen\u0173, tod\u0117l jie puikiai tinka ribotos erdv\u0117s pritaikymams.<\/li>\n<li><strong>Pritaikomi sprendimai:<\/strong> M\u016bs\u0173 gaminiai gali puikiai pakeisti esamus hidraulinius cilindrus, u\u017etikrindami suderinamum\u0105 ir funkcionalum\u0105.<\/li>\n<\/ul>\n<p><img decoding=\"async\" src=\"https:\/\/www.hydraulic-cylinders.net\/wp-content\/uploads\/2025\/04\/songte-cylinder-head-with-all-kinds-excavator-models.webp\" alt=\"Ekskavatori\u0173 modeliai su str\u0117l\u0117s cilindru\"><\/p>\n<h2>Parai\u0161kos<\/h2>\n<h3>Statybin\u0117 \u012franga<\/h3>\n<p>Ekskavatoriuose str\u0117l\u0117s cilindrai yra labai svarb\u016bs kasant, kraunant ir perkeliant grunt\u0105 ar \u0161iuk\u0161les. Jie suteikia reikiam\u0105 j\u0117g\u0105 prasiskverbti \u012f kietus pavir\u0161ius, tod\u0117l galima efektyviai atlikti kasimo darbus. Ekskavatoriuose krautuvuose kau\u0161o cilindras padeda tiek kasant, tiek keliant, tod\u0117l jis yra esminis statybvie\u010di\u0173 komponentas.<\/p>\n<h3>\u017dem\u0117s \u016bkio technika<\/h3>\n<p>Priekiniuose krautuvuose str\u0117l\u0117s cilindrai naudojami dirvo\u017eemiui, \u0161ienui ir kitoms med\u017eiagoms semti, kelti ir transportuoti. J\u0173 universalumas leid\u017eia \u016bkininkams efektyviai atlikti \u012fvairias u\u017eduotis \u2013 nuo \u200b\u200blauko darb\u0173 iki preki\u0173 transportavimo \u016bkyje. Hidraulinis valdymas u\u017etikrina, kad sunkius krovinius galima valdyti gana lengvai.<\/p>\n<h3>Ekskavatoriai<\/h3>\n<p>Str\u0117l\u0117s cilindras leid\u017eia ekskavatoriams atlikti kasimo veiksmus, leisdamas kau\u0161ui efektyviai \u012fsiskverbti \u012f \u017eem\u0119. \u0160i galimyb\u0117 yra gyvybi\u0161kai svarbi \u012fvairiems statybos ir kra\u0161tovaizd\u017eio tvarkymo projektams, kur reikia tiksliai kasti pamatus, tran\u0161\u0117jas ir kra\u0161tovaizd\u017eio elementus.<\/p>\n<h3>Krautuvai<\/h3>\n<p>Priekiniuose krautuvuose str\u0117l\u0117s cilindrai palengvina efektyv\u0173 krovini\u0173 k\u0117lim\u0105 ir i\u0161vertim\u0105. J\u0173 hidraulin\u0117 galia leid\u017eia skland\u017eiai dirbti tvarkant med\u017eiagas, u\u017etikrinant, kad tokios u\u017eduotys kaip sunkve\u017eimi\u0173 pakrovimas ir \u017eem\u0117s perk\u0117limas b\u016bt\u0173 atliekamos greitai ir saugiai.<\/p>\n<h2>Projektavimo aspektai ir atrankos kriterijai<\/h2>\n<h3>Keliamoji galia<\/h3>\n<p>Renkantis str\u0117l\u0117s cilindr\u0105, vienas i\u0161 pagrindini\u0173 aspekt\u0173 yra jo keliamoji galia. Cilindras turi atlaikyti maksimal\u0173 svor\u012f, su kuriuo susidurs eksploatacijos metu. Med\u017eiagos ir konstrukcijos kokyb\u0117 daro didel\u0119 \u012ftak\u0105 \u0161iai keliamajai galiai, o didesn\u0117 keliamoji galia u\u017etikrina saugum\u0105 ir patikimum\u0105 intensyviomis darbo s\u0105lygomis.<\/p>\n<h3>Plomb\u0117s vientisumas<\/h3>\n<p>Sandariklio vientisumas yra labai svarbus norint palaikyti hidraulin\u012f sl\u0117g\u012f cilindre. Auk\u0161tos kokyb\u0117s sandarikliai apsaugo nuo skys\u010dio nuot\u0117kio, d\u0117l kurio gali suma\u017e\u0117ti na\u0161umas ir b\u016bti pa\u017eeista hidraulin\u0117 sistema. Pasirinkus sandariklius, pagamintus i\u0161 patvari\u0173 med\u017eiag\u0173, toki\u0173 kaip poliuretanas arba nitrilo kau\u010diukas, padid\u0117ja j\u0173 ilgaam\u017ei\u0161kumas ir suma\u017e\u0117ja prie\u017ei\u016bros poreikis.<\/p>\n<h3>Patvarumas<\/h3>\n<p>Patvarumas yra pagrindinis str\u0117l\u0117s cilindr\u0173 konstrukcijos veiksnys. Jie veikiami ekstremali\u0173 s\u0105lyg\u0173, \u012fskaitant auk\u0161to sl\u0117gio aplink\u0105 ir dulki\u0173, ne\u0161varum\u0173 bei dr\u0117gm\u0117s poveik\u012f. Tvirta konstrukcija su apsaugin\u0117mis dangomis gali \u017eymiai pailginti cilindro tarnavimo laik\u0105, tod\u0117l laikui b\u0117gant jis tampa ekonomi\u0161kesnis.<\/p>\n<h3>Saugos funkcijos<\/h3>\n<p>Hidraulini\u0173 cilindr\u0173 konstrukcijoje itin svarbu \u012ftraukti saugos funkcijas. Tai apima sl\u0117gio ma\u017einimo vo\u017etuvus, kurie apsaugo nuo per didelio sl\u0117gio, ir gedim\u0173 prevencijos konstrukcijas, u\u017etikrinan\u010dias, kad cilindras atlaikyt\u0173 netik\u0117tas apkrovas be katastrofi\u0161k\u0173 gedim\u0173. Saugos funkcijos apsaugo ir operatori\u0173, ir mechanizm\u0105.<\/p>\n<h3>Prieinamumas prie prie\u017ei\u016bros<\/h3>\n<p>Siekiant u\u017etikrinti, kad reguliarios patikros ir remontas b\u016bt\u0173 atliekami be ilg\u0173 prastov\u0173, labai svarbu projektuoti prieinamum\u0105 prie technin\u0117s prie\u017ei\u016bros viet\u0173. Tokios savyb\u0117s kaip nuimami dang\u010diai ir strategi\u0161kai i\u0161d\u0117stytos tepimo angos gali supaprastinti technin\u0117s prie\u017ei\u016bros u\u017eduotis ir pailginti hidraulin\u0117s sistemos eksploatavimo laik\u0105.<\/p>\n<p><img decoding=\"async\" src=\"https:\/\/www.hydraulic-cylinders.net\/wp-content\/uploads\/2025\/04\/songte-oil-pipes-and-spare-parts.webp\" alt=\"Hidraulin\u0117s dalys ir priedai\"><\/p>\n<h2>Sandarinimas ir tepimas<\/h2>\n<p>Efektyvus sandarinimas ir tepimas yra gyvybi\u0161kai svarb\u016bs hidraulini\u0173 cilindr\u0173 veikimui. \u012evairi\u0173 sandarinimo komponent\u0173, toki\u0173 kaip st\u016bmokli\u0173 ir kot\u0173 sandarikliai, naudojimas yra b\u016btinas norint i\u0161laikyti hidraulin\u012f vientisum\u0105. Sandarikliai, pagaminti i\u0161 atspari\u0173 dilimui med\u017eiag\u0173, toki\u0173 kaip poliuretanas arba nitrilo kau\u010diukas, padidina patvarum\u0105 ir apsaugo nuo nuot\u0117ki\u0173. Cilindro korpusas ir srieginiai galiniai pavir\u0161iai yra tiksliai apdorojami, siekiant pagerinti atsparum\u0105 dilimui. Be to, b\u016btina reguliariai tepti hidrauline alyva, kad b\u016bt\u0173 u\u017etikrintas sklandus veikimas ir suma\u017einta trintis tarp judan\u010di\u0173 dali\u0173.<\/p>\n<h2>Prevencin\u0117s prie\u017ei\u016bros priemon\u0117s<\/h2>\n<ul>\n<li><strong>Reguliar\u016bs patikrinimai:<\/strong> Atlikite i\u0161samius hidraulini\u0173 cilindr\u0173 patikrinimus, kad nustatytum\u0117te bet kokius susid\u0117v\u0117jimo, nuot\u0117ki\u0173 ar pa\u017eeidim\u0173 po\u017eymius. Ankstyvas aptikimas gali pad\u0117ti i\u0161vengti dideli\u0173 problem\u0173 ir pailginti \u012frangos tarnavimo laik\u0105.<\/li>\n<li><strong>Tinkamas tepimas:<\/strong> U\u017etikrinkite, kad cilindrai b\u016bt\u0173 reguliariai tepami tinkamo tipo ir kiekio hidrauline alyva, kad jie veikt\u0173 skland\u017eiai ir suma\u017e\u0117t\u0173 komponent\u0173 susid\u0117v\u0117jimas.<\/li>\n<li><strong>Sandariklio keitimas:<\/strong> Reguliariai tikrinkite sandarikli\u0173 b\u016bkl\u0119 ir prireikus juos pakeiskite, kad i\u0161laikytum\u0117te efektyv\u0173 sandarum\u0105 ir i\u0161vengtum\u0117te hidraulinio skys\u010dio nuot\u0117kio.<\/li>\n<\/ul>\n<h2>Tinkamo \u012frengimo gair\u0117s<\/h2>\n<p>Montuojant str\u0117l\u0117s cilindr\u0105, labai svarbu laikytis tinkam\u0173 nurodym\u0173, kad b\u016bt\u0173 u\u017etikrintas optimalus veikimas. Prad\u0117kite nuo cilindro teisingo sulygiavimo su tvirtinimo ta\u0161kais. Naudokite tinkamus tvirtinimo laikiklius, kad pritvirtintum\u0117te cilindr\u0105 vietoje, i\u0161vengdami bet kokio jud\u0117jimo, kuris gal\u0117t\u0173 sukelti nesuderinamum\u0105. \u012esitikinkite, kad hidraulin\u0117s linijos yra tvirtai prijungtos ir n\u0117ra sulenktos ar pa\u017eeistos. Po montavimo patikrinkite cilindr\u0105 esant ma\u017eai apkrovai, kad \u012fsitikintum\u0117te, jog jis veikia skland\u017eiai ir be nuot\u0117ki\u0173, prie\u0161 prad\u0117dami j\u012f visi\u0161kai naudoti. Reguliariai per\u017ei\u016br\u0117kite montavim\u0105, kad \u012fsitikintum\u0117te, jog visi komponentai yra tvirtai pritvirtinti ir veikia tinkamai.<\/p>\n<h2>\u012eprastos prie\u017ei\u016bros u\u017eduotys<\/h2>\n<h3>Reguliar\u016bs patikrinimai<\/h3>\n<p>Reguliariai tikrinti hidraulinius cilindrus yra labai svarbu norint nustatyti galimas problemas, kol jos netapo rimtomis. Patikrinim\u0173 metu reik\u0117t\u0173 atkreipti d\u0117mes\u012f \u012f nuot\u0117ki\u0173, sandarikli\u0173 susid\u0117v\u0117jimo ir bet koki\u0173 korozijos ar pa\u017eeidim\u0173 po\u017eymi\u0173 patikrinim\u0105. Toks aktyvus po\u017ei\u016bris padeda i\u0161laikyti hidraulin\u0117s sistemos efektyvum\u0105 ir patikimum\u0105.<\/p>\n<h3>Tinkamas tepimas<\/h3>\n<p>Tinkamas tepimas yra labai svarbus norint u\u017etikrinti skland\u0173 hidraulini\u0173 cilindr\u0173 veikim\u0105. Naudojant tinkam\u0105 hidraulin\u0119 alyv\u0105 ir u\u017etikrinant reguliar\u0173 jos papildym\u0105, suma\u017einama trintis tarp judan\u010di\u0173 dali\u0173, taip pailginant cilindro tarnavimo laik\u0105. Svarbu laikytis gamintojo rekomendacij\u0173 d\u0117l tepimo interval\u0173 ir kieki\u0173.<\/p>\n<h3>Tarpikli\u0173 keitimas ir kalibravimo patikrinimai<\/h3>\n<p>Laikui b\u0117gant, sandarikliai gali susid\u0117v\u0117ti ir juos reikia pakeisti, kad b\u016bt\u0173 i\u0161vengta nuot\u0117ki\u0173 ir palaikomas sl\u0117gis. Reguliariai planuojamas sandarikli\u0173 keitimas ir kalibravimo patikrinimai yra labai svarb\u016bs siekiant u\u017etikrinti, kad hidraulinis cilindras veikt\u0173 maksimaliu efektyvumu. Tinkamas montavimas ir suderinimas \u0161i\u0173 proces\u0173 metu yra labai svarb\u016bs siekiant i\u0161vengti problem\u0173 ateityje ir u\u017etikrinti patikimum\u0105.<\/p>\n<p><img decoding=\"async\" src=\"https:\/\/www.hydraulic-cylinders.net\/wp-content\/uploads\/2025\/04\/songte-chushion-collar.webp\" alt=\"Hidraulinio cilindro pagalv\u0117l\u0117s apykakl\u0117\"><\/p>\n<h2>Saugos aspektai ir aplinkos veiksniai<\/h2>\n<p>Dirbant su hidrauliniais cilindrais, labai svarbu \u012fdiegti saugos priemones, siekiant i\u0161vengti nelaiming\u0173 atsitikim\u0173 ir u\u017etikrinti operatori\u0173 saug\u0105. B\u016btinas tinkamas vis\u0173 hidraulin\u0119 \u012frang\u0105 tvarkan\u010di\u0173 darbuotoj\u0173 mokymas. Be to, aplinkos veiksniai, tokie kaip skys\u010di\u0173 i\u0161siliejimas, turi b\u016bti kruop\u0161\u010diai valdomi, siekiant suma\u017einti poveik\u012f aplinkai. Reguliar\u016bs mokymai ir saugos taisykli\u0173 laikymasis padeda sukurti saugi\u0105 darbo aplink\u0105.<\/p>\n<h2>Gedim\u0173 diagnostika ir da\u017eniausios problemos<\/h2>\n<ul>\n<li><strong>Hidraulini\u0173 skys\u010di\u0173 nuot\u0117kiai:<\/strong> Nuot\u0117kiai gali atsirasti d\u0117l susid\u0117v\u0117jusi\u0173 sandarikli\u0173 arba pa\u017eeist\u0173 \u017earn\u0173. Reguliarios patikros gali pad\u0117ti nustatyti ir pa\u0161alinti nuot\u0117kius, kol jie nesuk\u0117l\u0117 eksploatacini\u0173 sutrikim\u0173.<\/li>\n<li><strong>Nenuoseklus cilindro jud\u0117jimas:<\/strong> Tai gali sukelti oras hidraulin\u0117je sistemoje arba nepakankamas hidraulinio skys\u010dio kiekis. \u0160i\u0105 problem\u0105 galima i\u0161spr\u0119sti i\u0161leidus sistem\u0105 ir u\u017etikrinant tinkam\u0105 skys\u010dio lyg\u012f.<\/li>\n<li><strong>Nenormal\u016bs garsai:<\/strong> Ne\u012fprasti garsai veikimo metu gali rodyti vidin\u012f cilindro susid\u0117v\u0117jim\u0105 arba pa\u017eeidimus. Norint i\u0161vengti tolesni\u0173 pa\u017eeidim\u0173, b\u016btina nedelsiant patikrinti ir prireikus pakeisti.<\/li>\n<\/ul>\n<h2>Trik\u010di\u0173 \u0161alinimo patarimai<\/h2>\n<p>Norint efektyviai diagnozuoti ir i\u0161spr\u0119sti hidraulini\u0173 cilindr\u0173 problemas, b\u016btina laikytis sistemingo po\u017ei\u016brio. Prad\u0117kite nuo skys\u010di\u0173 lygio patikrinimo ir ap\u017ei\u016bros, ar n\u0117ra nuot\u0117ki\u0173. Jei aptinkama nuot\u0117ki\u0173, pakeiskite susid\u0117v\u0117jusius sandariklius ir \u012fsitikinkite, kad visos jungtys yra sandarios. Jei jud\u0117jimas netolygus, i\u0161leiskite or\u0105 i\u0161 hidraulin\u0117s sistemos. Reguliarus techninis aptarnavimas ir eksploatavimo gairi\u0173 laikymasis gali \u017eymiai suma\u017einti problem\u0173 rizik\u0105 ir pailginti hidraulin\u0117s sistemos tarnavimo laik\u0105.<\/p>\n<p><img decoding=\"async\" src=\"https:\/\/www.hydraulic-cylinders.net\/wp-content\/uploads\/2025\/04\/songte-bushings-with-all-kinds-of-excavator-models.webp\" alt=\"Ekskavatori\u0173 modeli\u0173 \u012fvor\u0117s\"><\/p>\n<h2>\u012emon\u0117s ap\u017evalga<\/h2>\n<p>Esame pakaitini\u0173 hidraulini\u0173 cilindr\u0173 gamintojas, si\u016blantis plat\u0173 gamini\u0173 asortiment\u0105, kuris mus pozicionuoja kaip vien\u0105 i\u0161 pirmaujan\u010di\u0173 gamintoj\u0173 ir didmeninink\u0173 tiek vidaus, tiek tarptautin\u0117se rinkose. M\u016bs\u0173 \u012fsipareigojimas siekti meistri\u0161kumo grind\u017eiamas rafinuotomis gamybos valdymo strategijomis ir d\u0117mesiu kokybei. Tur\u0117dami kvalifikuot\u0173 specialist\u0173 komand\u0105, pa\u017eangiausi\u0105 skaitmenin\u0119 gamybos \u012frang\u0105 ir patikim\u0105 testavimo sistem\u0105, nuolat tobuliname savo gamybos paj\u0117gumus, u\u017etikrindami auk\u0161t\u0105 efektyvum\u0105, tikslum\u0105 ir kokyb\u0119, kad patenkintume \u012fvairius klient\u0173 poreikius.<\/p>\n<p><img decoding=\"async\" src=\"https:\/\/www.hydraulic-cylinders.net\/wp-content\/uploads\/2025\/04\/songte-company-4.webp\" alt=\"\u201eSongte\u201c \u012fmon\u0117s ap\u017evalga\"><br \/>\n<img decoding=\"async\" src=\"https:\/\/www.hydraulic-cylinders.net\/wp-content\/uploads\/2025\/04\/songte-company-3.webp\" alt=\"Gamybos \u012fmon\u0117\"><\/p>\n<p>M\u016bs\u0173 patirtis apima \u012fvairias sritis, \u012fskaitant specializacij\u0105 gamybos \u012frangos srityje, tarptautinius sertifikatus ir individualiai pritaikomas paslaugas. Pa\u017eangios gamybos patalpos leid\u017eia mums vykdyti grie\u017et\u0105 kokyb\u0117s kontrol\u0119, u\u017etikrinant, kad m\u016bs\u0173 produktai atitikt\u0173 auk\u0161\u010diausius standartus. M\u016bs\u0173 garantinio aptarnavimo paslaugos taip pat u\u017etikrina klient\u0173 pasitenkinim\u0105, teikdamos individualiai pritaikytus sprendimus ir param\u0105.<\/p>\n<p>Autorius: lyl<\/p>","protected":false},"excerpt":{"rendered":"<p>Boom Cylinder For Doosan Large Excavator DH370 Product Overview The Boom Cylinder for Doosan Large Excavator DH370 is a critical component designed for the effective operation of heavy machinery. This hydraulic cylinder is specifically engineered to control the movement of buckets in various heavy equipment, including excavators, backhoe loaders, and front loaders. The boom cylinder [&hellip;]<\/p>","protected":false},"featured_media":17872,"comment_status":"open","ping_status":"closed","template":"","meta":{"_et_pb_use_builder":"","_et_pb_old_content":"","_et_gb_content_width":""},"product_brand":[],"product_cat":[1546],"product_tag":[1547,1496],"class_list":{"0":"post-19005","1":"product","2":"type-product","3":"status-publish","4":"has-post-thumbnail","6":"product_cat-boom-cylinders","7":"product_tag-boom-cylinders","8":"product_tag-hydraulic-cylinders","10":"first","11":"instock","12":"shipping-taxable","13":"product-type-simple"},"amp_enabled":true,"_links":{"self":[{"href":"https:\/\/www.hydraulic-cylinders.net\/lt\/wp-json\/wp\/v2\/product\/19005","targetHints":{"allow":["GET"]}}],"collection":[{"href":"https:\/\/www.hydraulic-cylinders.net\/lt\/wp-json\/wp\/v2\/product"}],"about":[{"href":"https:\/\/www.hydraulic-cylinders.net\/lt\/wp-json\/wp\/v2\/types\/product"}],"replies":[{"embeddable":true,"href":"https:\/\/www.hydraulic-cylinders.net\/lt\/wp-json\/wp\/v2\/comments?post=19005"}],"wp:featuredmedia":[{"embeddable":true,"href":"https:\/\/www.hydraulic-cylinders.net\/lt\/wp-json\/wp\/v2\/media\/17872"}],"wp:attachment":[{"href":"https:\/\/www.hydraulic-cylinders.net\/lt\/wp-json\/wp\/v2\/media?parent=19005"}],"wp:term":[{"taxonomy":"product_brand","embeddable":true,"href":"https:\/\/www.hydraulic-cylinders.net\/lt\/wp-json\/wp\/v2\/product_brand?post=19005"},{"taxonomy":"product_cat","embeddable":true,"href":"https:\/\/www.hydraulic-cylinders.net\/lt\/wp-json\/wp\/v2\/product_cat?post=19005"},{"taxonomy":"product_tag","embeddable":true,"href":"https:\/\/www.hydraulic-cylinders.net\/lt\/wp-json\/wp\/v2\/product_tag?post=19005"}],"curies":[{"name":"wp","href":"https:\/\/api.w.org\/{rel}","templated":true}]}}