{"id":19008,"date":"2025-04-07T06:06:52","date_gmt":"2025-04-07T06:06:52","guid":{"rendered":"https:\/\/www.hydraulic-cylinders.net\/product\/boom-cylinder-for-doosan-large-excavator-dh300-5\/"},"modified":"2025-04-07T06:06:54","modified_gmt":"2025-04-07T06:06:54","slug":"boom-cylinder-for-doosan-large-excavator-dh300-5","status":"publish","type":"product","link":"https:\/\/www.hydraulic-cylinders.net\/lt\/produktas\/boom-cylinder-for-doosan-large-excavator-dh300-5\/","title":{"rendered":"Str\u0117l\u0117s cilindras Doosan dideliam ekskavatoriui DH300-5"},"content":{"rendered":"<h1>Str\u0117l\u0117s cilindras Doosan dideliam ekskavatoriui DH300-5<\/h1>\n<h2>Produkto ap\u017evalga<\/h2>\n<p>\u201eDoosan\u201c didelio ekskavatoriaus DH300-5 str\u0117l\u0117s cilindras yra labai svarbus komponentas, skirtas valdyti str\u0117l\u0117s jud\u0117jim\u0105 sunkiojoje technikoje. \u0160is hidraulinis cilindras palengvina ekskavatoriaus str\u0117l\u0117s k\u0117lim\u0105, nuleidim\u0105 ir pakreipim\u0105, taip u\u017etikrindamas efektyv\u0173 med\u017eiag\u0173 tvarkym\u0105. Jis atlieka pagrindin\u012f vaidmen\u012f hidraulin\u0117se sistemose, u\u017etikrindamas reikiam\u0105 j\u0117g\u0105, kad b\u016bt\u0173 galima saugiai ir efektyviai atlikti \u012fvairias operacijas.<\/p>\n<p><img decoding=\"async\" src=\"https:\/\/www.hydraulic-cylinders.net\/wp-content\/uploads\/2025\/04\/songte-company-1.webp\" alt=\"Str\u0117l\u0117s cilindras\" \/><\/p>\n<h3>Kau\u0161o cilindro supratimas<\/h3>\n<p>Kau\u0161o cilindras yra hidraulinio cilindro tipas, specialiai sukurtas valdyti kau\u0161\u0173 jud\u0117jim\u0105 \u012fvairiose sunkiosiose ma\u0161inose, tokiose kaip ekskavatoriai, ekskavatoriniai krautuvai ir frontaliniai krautuvai. \u0160ie cilindrai leid\u017eia kau\u0161ui atlikti pagrindines funkcijas, \u012fskaitant kasim\u0105, k\u0117lim\u0105 ir pakreipim\u0105, tod\u0117l jie yra nepakei\u010diami statybos ir \u017eem\u0117s \u016bkio darbams. J\u0173 funkcionalumas daugiausia grind\u017eiamas hidrauliniu sl\u0117giu, kuris u\u017etikrina skland\u0173 ir galing\u0105 veikim\u0105 net ir esant didel\u0117ms apkrovoms.<\/p>\n<h2>Str\u0117l\u0117s cilindro savyb\u0117s<\/h2>\n<ul>\n<li><strong>Didelis stiprumas ir ilgaam\u017ei\u0161kumas:<\/strong> \u0160ie cilindrai, pagaminti i\u0161 didelio stiprumo plieno arba aliuminio, gali atlaikyti auk\u0161t\u0105 sl\u0117g\u012f ir dideles apkrovas, net ir esant at\u0161iaurioms aplinkoms. J\u0173 konstrukcija u\u017etikrina atsparum\u0105 dilimui ir korozijai, o tai \u017eymiai pailgina j\u0173 tarnavimo laik\u0105.<\/li>\n<li><strong>Efektyvus hidraulinis valdymas:<\/strong> Hidraulin\u0117s alyvos sl\u0117gio naudojimas leid\u017eia skland\u017eiai atlikti i\u0161st\u016bmimo ir \u012ftraukimo veiksmus. Cilindrai greitai reaguoja \u012f valdymo komandas, u\u017etikrindami galingas st\u016bmimo ir traukimo j\u0117gas, tinkamas sunkioms ir sud\u0117tingoms u\u017eduotims.<\/li>\n<li><strong>\u012evair\u016bs tipai:<\/strong> Priklausomai nuo eksploatacini\u0173 poreiki\u0173, vartotojai gali rinktis vieno veikimo (hidraulin\u0117 j\u0117ga naudojama viena kryptimi) arba dvigubo veikimo (hidraulin\u0117 j\u0117ga naudojama abiem kryptimis) cilindrus. Kai kurie modeliai yra teleskopin\u0117s konstrukcijos, u\u017etikrinan\u010dios didesn\u012f i\u0161pl\u0117tim\u0105 nedidinant i\u0161orini\u0173 matmen\u0173, tod\u0117l idealiai tinka naudoti ribotoje erdv\u0117je.<\/li>\n<\/ul>\n<h3>Gamybos paj\u0117gumai<\/h3>\n<p>Mes specializuojam\u0117s \u0161io produkto gamyboje, o m\u016bs\u0173 cilindrai yra sukurti taip, kad puikiai pakeist\u0173 esamus hidraulinius cilindrus rinkoje.<\/p>\n<p><img decoding=\"async\" src=\"https:\/\/www.hydraulic-cylinders.net\/wp-content\/uploads\/2025\/04\/songte-cylinder-head-with-all-kinds-excavator-models.webp\" alt=\"Ekskavatori\u0173 modeliai\" \/><\/p>\n<h2>Str\u0117l\u0117s cilindro pritaikymas<\/h2>\n<ul>\n<li><strong>Statybin\u0117 \u012franga:<\/strong> Ekskavatoriuose str\u0117l\u0117s cilindrai yra labai svarb\u016bs kasant, kraunant ir perkeliant \u017eem\u0119 ar \u0161iuk\u0161les. Jie yra labai svarb\u016bs tiek kasimo, tiek k\u0117limo darbams, kuriuos atlieka ekskavatoriai-krautuvai.<\/li>\n<li><strong>\u017dem\u0117s \u016bkio technika:<\/strong> \u0160ie cilindrai, naudojami frontaliniuose krautuvuose, palengvina dirvo\u017eemio, \u0161ieno ir kit\u0173 med\u017eiag\u0173 s\u0117mim\u0105, k\u0117lim\u0105 ir transportavim\u0105, taip padidindami \u016bkininkavimo efektyvum\u0105.<\/li>\n<li><strong>Ekskavatoriai:<\/strong> Str\u0117l\u0117s cilindras leid\u017eia kau\u0161ui efektyviai \u012fsiskverbti \u012f dirv\u0105, tod\u0117l jis yra b\u016btinas kasimo darbams.<\/li>\n<li><strong>Krautuvai:<\/strong> Priekiniuose krautuvuose jie padeda efektyviai kelti ir i\u0161versti krovinius, optimizuodami veiklos na\u0161um\u0105.<\/li>\n<\/ul>\n<h2>Projektavimo aspektai ir atrankos kriterijai<\/h2>\n<h3>Keliamoji galia<\/h3>\n<p>Hidraulinio cilindro keliamoji galia yra esminis projektavimo aspektas. Jis turi atlaikyti keliam\u0173 ir valdom\u0173 krovini\u0173 svor\u012f. Tai apima cilindro kiauryminio skersmens, strypo dyd\u017eio ir bendro stiprumo \u012fvertinim\u0105, siekiant u\u017etikrinti, kad jis atitikt\u0173 arba vir\u0161yt\u0173 aptarnaujamos ma\u0161inos reikalavimus.<\/p>\n<h3>Sandarinimo efektyvumas<\/h3>\n<p>Sandarinimas yra labai svarbus hidraulini\u0173 cilindr\u0173 veikimui. Tinkamas sandarinimas apsaugo nuo hidraulinio skys\u010dio nuot\u0117kio, kuris gali pakenkti na\u0161umui ir saugai. Sandarinimo med\u017eiag\u0173, toki\u0173 kaip poliuretanas arba nitrilo kau\u010diukas, pasirinkimas ir sandarikli\u0173 konstrukcija turi atsi\u017evelgti \u012f eksploatavimo s\u0105lygas, kad b\u016bt\u0173 u\u017etikrintas ilgaam\u017ei\u0161kumas ir patikimumas.<\/p>\n<h3>Patvarumas<\/h3>\n<p>Hidraulini\u0173 cilindr\u0173 konstrukcijoje svarbiausia yra ilgaam\u017ei\u0161kumas. Naudojamos med\u017eiagos turi atlaikyti dilim\u0105, korozij\u0105 ir nuovarg\u012f, susijus\u012f su grie\u017etu veikimu sud\u0117tingomis s\u0105lygomis. Reguliarus techninis aptarnavimas ir med\u017eiag\u0173 kokyb\u0117 vaidina svarb\u0173 vaidmen\u012f pailginant cilindro tarnavimo laik\u0105.<\/p>\n<h3>Saugos funkcijos<\/h3>\n<p>Hidraulini\u0173 cilindr\u0173 konstrukcijoje saugos aspektai apima apsaugini\u0173 vo\u017etuv\u0173 \u012ftraukim\u0105 ir u\u017etikrinim\u0105, kad cilindrai gal\u0117t\u0173 atlaikyti netik\u0117tus sl\u0117gio \u0161uolius. \u0160ios savyb\u0117s yra b\u016btinos siekiant i\u0161vengti nelaiming\u0173 atsitikim\u0173 ir \u012frangos gedim\u0173 eksploatacijos metu.<\/p>\n<h3>Prie\u017ei\u016bra<\/h3>\n<p>Projektuojant atsi\u017evelgiant \u012f technin\u0117s prie\u017ei\u016bros svarb\u0105, reikia sukurti hidraulinius cilindrus, kuriuos b\u016bt\u0173 lengva ap\u017ei\u016br\u0117ti, remontuoti ir pakeisti. Tai apima lengv\u0105 prieig\u0105 prie svarbiausi\u0173 komponent\u0173 ir u\u017etikrinim\u0105, kad atsargin\u0117s dalys b\u016bt\u0173 lengvai prieinamos, taip suma\u017einant prastovas aptarnavimo metu.<\/p>\n<p><img decoding=\"async\" src=\"https:\/\/www.hydraulic-cylinders.net\/wp-content\/uploads\/2025\/04\/songte-oil-pipes-and-spare-parts.webp\" alt=\"Hidraulin\u0117s dalys\" \/><\/p>\n<h2>Sandarinimas ir tepimas<\/h2>\n<p>Hidrauliniuose cilindruose naudojami \u012fvair\u016bs sandarinimo komponentai, \u012fskaitant st\u016bmokli\u0173 ir kot\u0173 sandariklius, kurie yra gyvybi\u0161kai svarb\u016bs palaikant sl\u0117g\u012f ir apsaugant nuo nuot\u0117ki\u0173. D\u0117l savo atsparumo dilimui da\u017eniausiai naudojami i\u0161 patvari\u0173 med\u017eiag\u0173, toki\u0173 kaip poliuretanas ir nitrilo kau\u010diukas, pagaminti sandarikliai. Cilindro korpusas ir srieginiai galai yra kruop\u0161\u010diai apdirbti, siekiant padidinti atsparum\u0105 dilimui. Norint u\u017etikrinti skland\u0173 veikim\u0105 ir i\u0161vengti trinties sukeltos \u017ealos, b\u016btina reguliariai tepti tinkama hidrauline alyva.<\/p>\n<h2>Reguliar\u016bs patikrinimai ir prevencin\u0117 prie\u017ei\u016bra<\/h2>\n<ul>\n<li><strong>Reguliar\u016bs patikrinimai:<\/strong> Reguliar\u016bs hidraulini\u0173 cilindr\u0173 patikrinimai padeda anksti nustatyti galimas problemas. Ie\u0161kokite nuot\u0117kio, korozijos ir susid\u0117v\u0117jimo po\u017eymi\u0173, kurie gali rodyti, kad reikia nedelsiant atlikti remont\u0105.<\/li>\n<li><strong>Profilaktin\u0117 prie\u017ei\u016bra:<\/strong> \u012egyvendinant prevencin\u0119 prie\u017ei\u016bros program\u0105 u\u017etikrinama, kad visos judan\u010dios dalys b\u016bt\u0173 tinkamai suteptos, o sandarikliai b\u016bt\u0173 kei\u010diami pagal poreik\u012f, siekiant pailginti hidraulinio cilindro tarnavimo laik\u0105.<\/li>\n<li><strong>Laiku atliekami remontai:<\/strong> Greitas nustatyt\u0173 problem\u0173 sprendimas padeda i\u0161vengti dideli\u0173 gedim\u0173, d\u0117l kuri\u0173 gali prireikti brangi\u0173 prastov\u0173 ir remonto.<\/li>\n<\/ul>\n<h2>\u012erengimo gair\u0117s<\/h2>\n<p>Tinkamas str\u0117l\u0117s cilindro montavimas yra labai svarbus optimaliam veikimui. Pirmiausia \u012fsitikinkite, kad visi tvirtinimo pavir\u0161iai yra \u0161var\u016bs ir be \u0161iuk\u0161li\u0173. Tinkamai sulygiuokite cilindr\u0105 su tvirtinimo ta\u0161kais, kad i\u0161vengtum\u0117te per didelio cilindro \u012ftempimo. Patartina naudoti tinkamus tvirtinimo laikiklius, kad cilindras b\u016bt\u0173 pritvirtintas vietoje. Hidraulin\u0117s linijos turi b\u016bti prijungtos be sulenkim\u0173, o visos jungtys turi b\u016bti sandarios. Galiausiai laikykit\u0117s gamintojo specifikacij\u0173 d\u0117l hidraulini\u0173 skys\u010di\u0173 tip\u0173 ir u\u017epildymo lygi\u0173, u\u017etikrindami, kad prie\u0161 naudojim\u0105 i\u0161 sistemos b\u016bt\u0173 i\u0161leistas oras.<\/p>\n<h2>\u012eprastos prie\u017ei\u016bros u\u017eduotys<\/h2>\n<ul>\n<li><strong>Reguliar\u016bs patikrinimai:<\/strong> Reguliariai planuokite hidraulinio cilindro b\u016bkl\u0117s patikrinimus. Ie\u0161kokite nuot\u0117ki\u0173 ar susid\u0117v\u0117jimo po\u017eymi\u0173, kurie gal\u0117t\u0173 rodyti remonto poreik\u012f.<\/li>\n<li><strong>Tinkamas tepimas:<\/strong> \u012esitikinkite, kad hidraulinis cilindras yra tinkamai suteptas. Naudokite auk\u0161tos kokyb\u0117s hidraulin\u0119 alyv\u0105, kaip rekomenduojama, ir reguliariai tikrinkite alyvos lyg\u012f, kad i\u0161laikytum\u0117te optimal\u0173 na\u0161um\u0105.<\/li>\n<li><strong>Sandariklio keitimas:<\/strong> Prireikus pakeiskite sandariklius, kad i\u0161vengtum\u0117te nuot\u0117ki\u0173. Ap\u017ei\u016bros metu patikrinkite sandariklius ir, pasteb\u0117j\u0119 koki\u0173 nors nusid\u0117v\u0117jimo po\u017eymi\u0173, pakeiskite juos.<\/li>\n<\/ul>\n<h2>Saugos aspektai ir aplinkos veiksniai<\/h2>\n<p>Saugos priemoni\u0173 \u012fgyvendinimas naudojant hidraulinius cilindrus yra labai svarbus siekiant i\u0161vengti nelaiming\u0173 atsitikim\u0173 ir u\u017etikrinti operatori\u0173 bei technin\u0117s prie\u017ei\u016bros personalo saug\u0105. Visada laikykit\u0117s saugos nurodym\u0173, pavyzd\u017eiui, naudokite asmenines apsaugos priemones ir atlikite tinkamus veiksmus technin\u0117s prie\u017ei\u016bros metu. Be to, atsi\u017evelkite \u012f aplinkos veiksnius, utilizuodami hidraulinius skys\u010dius pagal vietinius reglamentus, kad suma\u017eintum\u0117te poveik\u012f aplinkai.<\/p>\n<h2>Gedim\u0173 diagnostika ir da\u017eniausios problemos<\/h2>\n<ul>\n<li><strong>Nuot\u0117kis:<\/strong> Viena i\u0161 da\u017eniausiai pasitaikan\u010di\u0173 problem\u0173 \u2013 nuot\u0117kis, kuris gali atsirasti d\u0117l susid\u0117v\u0117jusi\u0173 sandarikli\u0173 arba pa\u017eeist\u0173 cilindr\u0173 korpus\u0173. Reguliarios patikros gali pad\u0117ti anksti aptikti ir pa\u0161alinti nuot\u0117k\u012f.<\/li>\n<li><strong>Suma\u017eintas na\u0161umas:<\/strong> Jei cilindras negeneruoja pakankamai galios, tai gali rodyti \u017eem\u0105 hidraulinio skys\u010dio lyg\u012f arba vidinius pa\u017eeidimus. Patikrinkite skys\u010dio lyg\u012f ir ap\u017ei\u016br\u0117kite, ar n\u0117ra vidini\u0173 problem\u0173.<\/li>\n<li><strong>Triuk\u0161mas:<\/strong> Ne\u012fprasti garsai eksploatacijos metu gali rodyti or\u0105 hidraulin\u0117je sistemoje, nepakankam\u0105 tepim\u0105 arba mechanin\u012f susid\u0117v\u0117jim\u0105. Nedelsdami i\u0161tirkite ir pa\u0161alinkite triuk\u0161mo \u0161altin\u012f.<\/li>\n<\/ul>\n<h2>Trik\u010di\u0173 \u0161alinimo patarimai<\/h2>\n<p>Norint efektyviai diagnozuoti ir i\u0161spr\u0119sti hidraulini\u0173 cilindr\u0173 problemas, pirmiausia patikrinkite visas jungtis, ar n\u0117ra nuot\u0117ki\u0173, ir \u012fsitikinkite, kad hidraulinio skys\u010dio lygis yra pakankamas. Jei kyla problem\u0173 d\u0117l veikimo, patikrinkite, ar sandarikliai ir vidiniai komponentai n\u0117ra pa\u017eeisti. \u012egyvendinkite prevencines priemones, pvz., reguliari\u0105 technin\u0119 prie\u017ei\u016br\u0105 ir savalaik\u012f remont\u0105, kad suma\u017eintum\u0117te galimas problemas ir pailgintum\u0117te hidraulini\u0173 cilindr\u0173 tarnavimo laik\u0105.<\/p>\n<p><img decoding=\"async\" src=\"https:\/\/www.hydraulic-cylinders.net\/wp-content\/uploads\/2025\/04\/songte-bushings-with-all-kinds-of-excavator-models.webp\" alt=\"Ekskavatoriaus \u012fvor\u0117s\" \/><\/p>\n<h2>\u012emon\u0117s ap\u017evalga<\/h2>\n<p>Esame pirmaujantis pakaitini\u0173 hidraulini\u0173 cilindr\u0173 gamintojas, si\u016blantis plat\u0173 gamini\u0173 asortiment\u0105, skirt\u0105 tiek vidaus, tiek tarptautinei rinkai. M\u016bs\u0173 \u012fsipareigojimas siekti meistri\u0161kumo akivaizdus kruop\u0161\u010diose gamybos strategijose ir d\u0117mesyje kokybei. Pasitelkdami kvalifikuotus darbuotojus, pa\u017eangias gamybos technologijas ir tvirtas kokyb\u0117s kontrol\u0117s sistemas, nuolat tobuliname savo gamybos paj\u0117gumus, kad patenkintume \u012fvairius klient\u0173 poreikius.<\/p>\n<p><img decoding=\"async\" src=\"https:\/\/www.hydraulic-cylinders.net\/wp-content\/uploads\/2025\/04\/songte-company-4.webp\" alt=\"\u012emon\u0117s ap\u017evalga\" \/><br \/>\n<img decoding=\"async\" src=\"https:\/\/www.hydraulic-cylinders.net\/wp-content\/uploads\/2025\/04\/songte-company-3.webp\" alt=\"\u012emon\u0117s gamykla\" \/><\/p>\n<p>M\u016bs\u0173 patirtis apima tarptautinius sertifikatus, individualiai pritaikytas paslaugas, moderniausi\u0105 gamybos \u012frang\u0105 ir i\u0161skirtin\u012f aptarnavim\u0105 po pardavimo, u\u017etikrinant, kad m\u016bs\u0173 klientai gaut\u0173 auk\u0161tos kokyb\u0117s produktus, pritaikytus j\u0173 konkretiems poreikiams.<\/p>\n<p>Autorius: lyl<\/p>","protected":false},"excerpt":{"rendered":"<p>Boom Cylinder For Doosan Large Excavator DH300-5 Product Overview The Boom Cylinder for Doosan Large Excavator DH300-5 is a critical component designed to control the movement of the boom in heavy machinery. This hydraulic cylinder facilitates the lifting, lowering, and tilting of the excavator&#8217;s boom, enabling efficient material handling tasks. It plays a pivotal role [&hellip;]<\/p>","protected":false},"featured_media":17875,"comment_status":"open","ping_status":"closed","template":"","meta":{"_et_pb_use_builder":"","_et_pb_old_content":"","_et_gb_content_width":""},"product_brand":[],"product_cat":[1546],"product_tag":[1547,1496],"class_list":{"0":"post-19008","1":"product","2":"type-product","3":"status-publish","4":"has-post-thumbnail","6":"product_cat-boom-cylinders","7":"product_tag-boom-cylinders","8":"product_tag-hydraulic-cylinders","10":"first","11":"instock","12":"shipping-taxable","13":"product-type-simple"},"amp_enabled":true,"_links":{"self":[{"href":"https:\/\/www.hydraulic-cylinders.net\/lt\/wp-json\/wp\/v2\/product\/19008","targetHints":{"allow":["GET"]}}],"collection":[{"href":"https:\/\/www.hydraulic-cylinders.net\/lt\/wp-json\/wp\/v2\/product"}],"about":[{"href":"https:\/\/www.hydraulic-cylinders.net\/lt\/wp-json\/wp\/v2\/types\/product"}],"replies":[{"embeddable":true,"href":"https:\/\/www.hydraulic-cylinders.net\/lt\/wp-json\/wp\/v2\/comments?post=19008"}],"wp:featuredmedia":[{"embeddable":true,"href":"https:\/\/www.hydraulic-cylinders.net\/lt\/wp-json\/wp\/v2\/media\/17875"}],"wp:attachment":[{"href":"https:\/\/www.hydraulic-cylinders.net\/lt\/wp-json\/wp\/v2\/media?parent=19008"}],"wp:term":[{"taxonomy":"product_brand","embeddable":true,"href":"https:\/\/www.hydraulic-cylinders.net\/lt\/wp-json\/wp\/v2\/product_brand?post=19008"},{"taxonomy":"product_cat","embeddable":true,"href":"https:\/\/www.hydraulic-cylinders.net\/lt\/wp-json\/wp\/v2\/product_cat?post=19008"},{"taxonomy":"product_tag","embeddable":true,"href":"https:\/\/www.hydraulic-cylinders.net\/lt\/wp-json\/wp\/v2\/product_tag?post=19008"}],"curies":[{"name":"wp","href":"https:\/\/api.w.org\/{rel}","templated":true}]}}