{"id":19009,"date":"2025-04-07T06:06:54","date_gmt":"2025-04-07T06:06:54","guid":{"rendered":"https:\/\/www.hydraulic-cylinders.net\/product\/boom-cylinder-for-doosan-large-excavator-dh330-3\/"},"modified":"2025-04-07T06:06:57","modified_gmt":"2025-04-07T06:06:57","slug":"boom-cylinder-for-doosan-large-excavator-dh330-3","status":"publish","type":"product","link":"https:\/\/www.hydraulic-cylinders.net\/lt\/produktas\/boom-cylinder-for-doosan-large-excavator-dh330-3\/","title":{"rendered":"Str\u0117l\u0117s cilindras, skirtas \u201eDoosan\u201c dideliam ekskavatoriui DH330-3"},"content":{"rendered":"<h1>Str\u0117l\u0117s cilindras, skirtas \u201eDoosan\u201c dideliam ekskavatoriui DH330-3<\/h1>\n<h2>Kau\u0161o cilindro ap\u017evalga<\/h2>\n<p>\u201eDoosan\u201c didelio ekskavatoriaus DH330-3 str\u0117l\u0117s cilindras yra labai svarbus sunkiosios technikos hidraulin\u0117s sistemos komponentas. \u0160is hidraulinis cilindras yra specialiai sukurtas valdyti kau\u0161o jud\u0117jim\u0105 \u012fvairioje sunkiojoje technikoje, pavyzd\u017eiui, ekskavatoriuose, ekskavatoriniuose krautuvais ir frontaliniuose krautuvuose. Jis palengvina kau\u0161o k\u0117lim\u0105, nuleidim\u0105 ir pakreipim\u0105, tod\u0117l yra b\u016btinas efektyviam med\u017eiag\u0173 tvarkymui.<\/p>\n<p>Naudodamas hidraulin\u012f sl\u0117g\u012f, str\u0117l\u0117s cilindras leid\u017eia skland\u017eiai ir tiksliai judinti kau\u0161\u0105, tod\u0117l operatoriai gali lengvai atlikti sud\u0117tingas u\u017eduotis. Jis yra gyvybi\u0161kai svarbus tais atvejais, kai reikia kelti sunkius krovinius, nes suteikia reikiam\u0105 j\u0117g\u0105 dideliems med\u017eiag\u0173, toki\u0173 kaip dirvo\u017eemis, \u017evyras ir \u0161iuk\u0161l\u0117s, kiekiams valdyti. \u0160io hidraulinio cilindro konstrukcija ir funkcionalumas labai prisideda prie bendro mechanizmo, kuriame jis sumontuotas, na\u0161umo ir na\u0161umo.<\/p>\n<p><img decoding=\"async\" src=\"https:\/\/www.hydraulic-cylinders.net\/wp-content\/uploads\/2025\/04\/songte-company-1.webp\" alt=\"Ekskavatoriaus str\u0117l\u0117s cilindras\" \/><\/p>\n<h2>Str\u0117l\u0117s cilindro savyb\u0117s<\/h2>\n<ul>\n<li>\n<h3>Didelis stiprumas ir ilgaam\u017ei\u0161kumas<\/h3>\n<p>Pagamintas i\u0161 didelio stiprumo plieno arba aliuminio, m\u016bs\u0173 str\u0117l\u0117s cilindras gali atlaikyti auk\u0161t\u0105 sl\u0117g\u012f ir dideles apkrovas, tod\u0117l tinka at\u0161iaurioms darbo s\u0105lygoms. Jo konstrukcijoje pabr\u0117\u017eiamas atsparumas dilimui ir apsauga nuo korozijos, tod\u0117l jo tarnavimo laikas gerokai pailg\u0117ja.<\/p>\n<\/li>\n<li>\n<h3>Efektyvus hidraulinis valdymas<\/h3>\n<p>Cilindras skland\u017eiai veikia d\u0117l hidraulin\u0117s alyvos sl\u0117gio, tod\u0117l greitai reaguoja \u012f valdymo komandas. \u0160is efektyvumas u\u017etikrina stipri\u0105 traukimo ir st\u016bmimo j\u0117g\u0105, idealiai tinkan\u010di\u0105 sunkiems daiktams tvarkyti ir sud\u0117tingoms u\u017eduotims atlikti.<\/p>\n<\/li>\n<li>\n<h3>Universal\u016bs tipai<\/h3>\n<p>Priklausomai nuo eksploatacini\u0173 poreiki\u0173, galimi vienpusio veikimo (hidraulinis veikimas viena kryptimi) arba dvipusio veikimo (hidraulinis veikimas abiem kryptimis) cilindrai. Kai kurie modeliai yra teleskopiniai, tod\u0117l juos galima labiau i\u0161tiesti nedidinant i\u0161orini\u0173 matmen\u0173, o tai naudinga dirbant su ribota erdve.<\/p>\n<\/li>\n<li>\n<h3>Suderinamumas<\/h3>\n<p>M\u016bs\u0173 gaminiai sukurti taip, kad puikiai pakeist\u0173 esamus hidraulinius cilindrus, u\u017etikrinant skland\u0173 integravim\u0105 su \u012fvairiais ekskavatori\u0173 modeliais.<\/p>\n<\/li>\n<li>\n<h3>Lengva prie\u017ei\u016bra<\/h3>\n<p>D\u0117mesys naudotojo patogumui u\u017etikrino paprastas prie\u017ei\u016bros proced\u016bras, tod\u0117l operatoriai gal\u0117jo palaikyti \u012frang\u0105 optimalioje darbin\u0117je b\u016bkl\u0117je minimaliomis pastangomis.<\/p>\n<\/li>\n<\/ul>\n<p><img decoding=\"async\" src=\"https:\/\/www.hydraulic-cylinders.net\/wp-content\/uploads\/2025\/04\/songte-cylinder-head-with-all-kinds-excavator-models.webp\" alt=\"Suderinami ekskavatori\u0173 modeliai\" \/><\/p>\n<h2>Str\u0117l\u0117s cilindro pritaikymas<\/h2>\n<ul>\n<li>\n<h3>Statybin\u0117 \u012franga<\/h3>\n<p>Ekskavatoriuose str\u0117l\u0117s cilindrai yra labai svarb\u016bs kasant, kraunant ir perkeliant \u017eem\u0119 ar \u0161iuk\u0161les. D\u0117l savo geb\u0117jimo palengvinti tiek kasimo, tiek k\u0117limo operacijas, jie yra nepakei\u010diami statybviet\u0117se, prisidedant prie efektyvumo ir na\u0161umo.<\/p>\n<\/li>\n<li>\n<h3>\u017dem\u0117s \u016bkio technika<\/h3>\n<p>Priekiniuose krautuvuose naudojami str\u0117l\u0117s cilindrai leid\u017eia kelti, semti ir transportuoti dirvo\u017eem\u012f, \u0161ien\u0105 ir \u012fvairias med\u017eiagas. Tvirta j\u0173 konstrukcija leid\u017eia efektyviai atlikti \u017eem\u0117s \u016bkio u\u017eduotis ir u\u017etikrinti skland\u0173 darb\u0105 \u016bkininkavimo veikloje.<\/p>\n<\/li>\n<li>\n<h3>Ekskavatoriai<\/h3>\n<p>Ekskavatoriuose str\u0117l\u0117s cilindras padeda efektyviai \u012fsiskverbti \u012f dirv\u0105, palengvindamas galingus kasimo veiksmus. \u0160i galimyb\u0117 yra b\u016btina \u012fvairiems kra\u0161tovaizd\u017eio tvarkymo ir statybos projektams, kur reikalingas tikslumas ir galia.<\/p>\n<\/li>\n<li>\n<h3>Krautuvai<\/h3>\n<p>Priekiniuose krautuvuose str\u0117l\u0117s cilindrai padeda efektyviai kelti ir i\u0161versti krovinius. \u0160i funkcija yra gyvybi\u0161kai svarbi atliek\u0173 tvarkymo, med\u017eiag\u0173 tvarkymo ir krovimo operacijoms, didinant bendr\u0105 veiklos efektyvum\u0105.<\/p>\n<\/li>\n<\/ul>\n<h2>Projektavimo aspektai ir atrankos kriterijai<\/h2>\n<ul>\n<li>\n<h3>Keliamoji galia<\/h3>\n<p>Labai svarbu suprasti str\u0117l\u0117s cilindro keliam\u0105j\u0105 gali\u0105. Cilindras turi b\u016bti suprojektuotas taip, kad saugiai atlaikyt\u0173 maksimalias apkrovas be gedim\u0173. \u0160\u012f aspekt\u0105 \u012ftakoja tokie veiksniai kaip med\u017eiagos stiprumas, konstrukcijos konfig\u016bracija ir hidraulinio sl\u0117gio \u012fvertinimai. In\u017einieriai turi atlikti i\u0161samius skai\u010diavimus, kad u\u017etikrint\u0173, jog cilindras atlaikys eksploatacin\u0119 apkrov\u0105 visais naudojimo etapais.<\/p>\n<\/li>\n<li>\n<h3>Sandarinimo mechanizmai<\/h3>\n<p>Efektyvus sandarinimas yra labai svarbus siekiant i\u0161vengti hidraulinio skys\u010dio nuot\u0117kio ir palaikyti sl\u0117g\u012f cilindre. Naudojamos \u012fvairios sandarinimo technologijos, tokios kaip st\u016bmokli\u0173 ir kot\u0173 sandarikliai. Tinkamai parinktos med\u017eiagos, tokios kaip poliuretanas ir nitrilo kau\u010diukas, u\u017etikrina ilgaam\u017ei\u0161kum\u0105 ir atsparum\u0105 dilimui bei aplinkos veiksniams, taip prisidedant prie hidraulin\u0117s sistemos ilgaam\u017ei\u0161kumo.<\/p>\n<\/li>\n<li>\n<h3>Patvarumas<\/h3>\n<p>Str\u0117l\u0117s cilindro patvarumas yra labai svarbus ilgalaikiam darbui. Tai apima atsparum\u0105 dilimui, korozijai ir nuovargiui. Konstrukcijoje tur\u0117t\u0173 b\u016bti numatytos ilgaam\u017ei\u0161kum\u0105 didinan\u010dios savyb\u0117s, pavyzd\u017eiui, pavir\u0161iaus apdorojimas ir auk\u0161tos kokyb\u0117s med\u017eiagos, kad b\u016bt\u0173 galima atlaikyti at\u0161iaurias s\u0105lygas, su kuriomis da\u017enai susiduriama dirbant su sunkiaisiais \u012frenginiais.<\/p>\n<\/li>\n<li>\n<h3>Saugos funkcijos<\/h3>\n<p>Projektuojant str\u0117l\u0117s cilindr\u0105, turi b\u016bti atsi\u017evelgta \u012f saugos aspektus. Tai apima tokias funkcijas kaip apsaugos nuo perkrov\u0173 mechanizmai, skirti apsaugoti nuo pa\u017eeidim\u0173 d\u0117l per dideli\u0173 apkrov\u0173, ir gedim\u0173 prevencijos konstrukcijos, u\u017etikrinan\u010dios sistemos veikim\u0105 net ir sugedus komponentui. Reguliar\u016bs saugos vertinimai ir pramon\u0117s standart\u0173 laikymasis yra labai svarb\u016bs siekiant u\u017etikrinti saug\u0173 veikim\u0105.<\/p>\n<\/li>\n<li>\n<h3>Prieinamumas prie prie\u017ei\u016bros<\/h3>\n<p>Str\u0117l\u0117s cilindro konstrukcija, skirta lengvam techniniam aptarnavimui, yra labai svarbi siekiant suma\u017einti prastovas. Funkcijos, palengvinan\u010dios reguliarias patikras ir technin\u0119 prie\u017ei\u016br\u0105, pavyzd\u017eiui, lengvai prieinami sandarikliai ir tepimo ta\u0161kai, u\u017etikrina, kad operatoriai gal\u0117t\u0173 efektyviai atlikti technin\u0119 prie\u017ei\u016br\u0105, taip pailgindami cilindro tarnavimo laik\u0105 ir patikimum\u0105.<\/p>\n<\/li>\n<\/ul>\n<p><img decoding=\"async\" src=\"https:\/\/www.hydraulic-cylinders.net\/wp-content\/uploads\/2025\/04\/songte-oil-pipes-and-spare-parts.webp\" alt=\"Hidrauliniai komponentai\" \/><\/p>\n<h2>Hidraulinio cilindro sandarinimas ir tepimas<\/h2>\n<p>Str\u0117l\u0117s cilindro sandarinimas ir tepimas yra labai svarb\u016bs optimaliam veikimui. Hidrauliniam vientisumui palaikyti naudojami \u012fvair\u016bs sandarinimo komponentai, tokie kaip st\u016bmokli\u0173 ir stryp\u0173 sandarikliai. Sandarikliai, pagaminti i\u0161 patvari\u0173 med\u017eiag\u0173, toki\u0173 kaip poliuretanas ir nitrilo kau\u010diukas, parenkami d\u0117l j\u0173 atsparumo dilimui ir aplinkos poveikiui.<\/p>\n<p>Be to, cilindro korpusas ir srieginiai galai yra tiksliai apdirbami, siekiant padidinti atsparum\u0105 dilimui, u\u017etikrinant tvirt\u0105 prigludim\u0105, kuris suma\u017eina skys\u010dio nuot\u0117k\u012f. Norint u\u017etikrinti skland\u0173 veikim\u0105 ir i\u0161vengti sandarikli\u0173 bei judan\u010di\u0173 dali\u0173 susid\u0117v\u0117jimo, b\u016btina reguliariai tepti tinkama hidrauline alyva. \u0160i prie\u017ei\u016bros praktika ne tik pailgina cilindro tarnavimo laik\u0105, bet ir padidina bendr\u0105 jo efektyvum\u0105, suma\u017eindama trint\u012f hidraulin\u0117je sistemoje.<\/p>\n<h2>Prevencin\u0117s prie\u017ei\u016bros priemon\u0117s<\/h2>\n<ul>\n<li>\n<h3>Reguliar\u016bs patikrinimai<\/h3>\n<p>Reguliar\u016bs patikrinimai yra labai svarb\u016bs norint anksti nustatyti galimas problemas. Tai apima nusid\u0117v\u0117jimo po\u017eymi\u0173, nuot\u0117ki\u0173 ir bet koki\u0173 ne\u012fprast\u0173 gars\u0173 patikrinim\u0105 eksploatacijos metu. \u012eprasto patikrinimo grafiko nustatymas padeda palaikyti optimal\u0173 na\u0161um\u0105 ir i\u0161vengti netik\u0117t\u0173 gedim\u0173.<\/p>\n<\/li>\n<li>\n<h3>Tinkamas tepimas<\/h3>\n<p>Hidraulinio cilindro tinkamas sutepimas yra b\u016btinas jo skland\u017eiam veikimui. Operatoriai tur\u0117t\u0173 laikytis tepimo grafiko, naudodami rekomenduojamo tipo hidraulin\u0119 alyv\u0105, kad suma\u017eint\u0173 trint\u012f ir sandarikli\u0173 bei judan\u010di\u0173 dali\u0173 susid\u0117v\u0117jim\u0105. \u0160i praktika yra labai svarbi siekiant i\u0161vengti prie\u0161laikinio gedimo ir u\u017etikrinti ilgaam\u017ei\u0161kum\u0105.<\/p>\n<\/li>\n<li>\n<h3>Sandariklio keitimas<\/h3>\n<p>Reguliariai keisti sandariklius b\u016btina norint i\u0161laikyti hidraulin\u0117s sistemos vientisum\u0105. Susid\u0117v\u0117j\u0119 arba pa\u017eeisti sandarikliai gali sukelti nuot\u0117kius ir sl\u0117gio suma\u017e\u0117jim\u0105, o tai turi \u012ftakos str\u0117l\u0117s cilindro veikimui. Operatoriai tur\u0117t\u0173 b\u016bti apmokyti atpa\u017einti sandarikli\u0173 susid\u0117v\u0117jimo po\u017eymius ir laikytis keitimo grafiko, kad b\u016bt\u0173 u\u017etikrintas nuolatinis efektyvus veikimas.<\/p>\n<\/li>\n<\/ul>\n<p><img decoding=\"async\" src=\"https:\/\/www.hydraulic-cylinders.net\/wp-content\/uploads\/2025\/04\/songte-chushion-collar.webp\" alt=\"Pagalv\u0117l\u0117s apykakl\u0117\" \/><\/p>\n<h2>\u012erengimo gair\u0117s<\/h2>\n<p>Tinkamas str\u0117l\u0117s cilindro montavimas yra labai svarbus jo veikimui ir ilgaam\u017ei\u0161kumui. \u0160tai pagrindiniai \u017eingsniai, kuri\u0173 reikia laikytis:<\/p>\n<ol>\n<li>\n<h3>Paruo\u0161imas<\/h3>\n<p>Prie\u0161 montuodami \u012fsitikinkite, kad darbo vieta yra \u0161vari ir yra visi reikalingi \u012frankiai bei komponentai. Per\u017ei\u016br\u0117kite gamintojo specifikacijas ir montavimo instrukcijas, kad susipa\u017eintum\u0117te su procesu.<\/p>\n<\/li>\n<li>\n<h3>Lygiavimas<\/h3>\n<p>Tinkamas cilindro sulygiavimas yra b\u016btinas. \u012esitikinkite, kad tvirtinimo ta\u0161kai yra tinkamai i\u0161d\u0117styti, kad i\u0161vengtum\u0117te per didelio cilindro \u012ftempimo. Prireikus naudokite sulygiavimo \u012frankius, kad pasiektum\u0117te tikslum\u0105.<\/p>\n<\/li>\n<li>\n<h3>Cilindro tvirtinimas<\/h3>\n<p>Naudokite tinkamus tvirtinimo laikiklius, kad cilindras tvirtai laikyt\u0173si vietoje. Tai pad\u0117s i\u0161vengti jud\u0117jimo, kuris gali sukelti prie\u0161laikin\u012f susid\u0117v\u0117jim\u0105 ir gedim\u0105.<\/p>\n<\/li>\n<li>\n<h3>Hidraulin\u0117s jungtys<\/h3>\n<p>Prijunkite hidraulines linijas pagal pateiktas specifikacijas. \u012esitikinkite, kad visos jungtys yra sandarios ir be nuot\u0117ki\u0173, kad b\u016bt\u0173 palaikomas sistemos sl\u0117gis.<\/p>\n<\/li>\n<li>\n<h3>Testavimas<\/h3>\n<p>Po \u012frengimo atlikite i\u0161sam\u0173 hidraulin\u0117s sistemos patikrinim\u0105. Patikrinkite, ar n\u0117ra nuot\u0117ki\u0173, ir \u012fsitikinkite, kad str\u0117l\u0117s cilindras skland\u017eiai veikia visuose judesi\u0173 diapazonuose. Prie\u0161 prad\u0117dami naudoti \u012frang\u0105, i\u0161spr\u0119skite visas problemas.<\/p>\n<\/li>\n<\/ol>\n<h2>Prie\u017ei\u016bros u\u017eduotys<\/h2>\n<ul>\n<li>\n<h3>Reguliar\u016bs patikrinimai<\/h3>\n<p>B\u016btina reguliariai tikrinti str\u0117l\u0117s cilindr\u0105, kad b\u016bt\u0173 u\u017etikrintas tinkamas jo veikimas. Ie\u0161kokite susid\u0117v\u0117jimo, nuot\u0117ki\u0173 ar pa\u017eeidim\u0173 po\u017eymi\u0173 ir nedelsdami spr\u0119skite problemas. Reguliar\u016bs patikrinimai gali pad\u0117ti i\u0161vengti didesni\u0173 problem\u0173 ir pailginti hidraulin\u0117s sistemos tarnavimo laik\u0105.<\/p>\n<\/li>\n<li>\n<h3>Tinkamas tepimas<\/h3>\n<p>\u012esitikinkite, kad cilindras yra tinkamai suteptas pagal gamintojo rekomendacijas. Reguliarus tepimas suma\u017eina trint\u012f, apsaugo nuo sandarikli\u0173 susid\u0117v\u0117jimo ir pailgina bendr\u0105 str\u0117l\u0117s cilindro tarnavimo laik\u0105. Optimaliam na\u0161umui naudokite rekomenduojam\u0105 hidraulin\u0119 alyv\u0105.<\/p>\n<\/li>\n<li>\n<h3>Sandariklio keitimas<\/h3>\n<p>Labai svarbu steb\u0117ti sandarikli\u0173 b\u016bkl\u0119. Susid\u0117v\u0117jusius sandariklius reikia laiku pakeisti, kad b\u016bt\u0173 i\u0161vengta nuot\u0117ki\u0173 ir u\u017etikrintas tinkamas hidraulinis sl\u0117gis sistemoje. Operatoriai tur\u0117t\u0173 b\u016bti apmokyti atpa\u017einti sandarikli\u0173 susid\u0117v\u0117jimo po\u017eymius ir laikytis keitimo grafiko.<\/p>\n<\/li>\n<\/ul>\n<h2>Saugos aspektai ir aplinkos veiksniai<\/h2>\n<p>Dirbant su hidraulin\u0117mis sistemomis, saugos priemon\u0117s yra nepaprastai svarbios. Operatoriai turi b\u016bti apmokyti tinkam\u0173 darbo metod\u0173, kad b\u016bt\u0173 i\u0161vengta nelaiming\u0173 atsitikim\u0173. Asmenini\u0173 apsaugos priemoni\u0173 (AAP) naudojimas yra b\u016btinas siekiant apsisaugoti nuo pavoj\u0173, susijusi\u0173 su hidrauliniu skys\u010diu ir sunki\u0173j\u0173 ma\u0161in\u0173 valdymu. Be to, reik\u0117t\u0173 atsi\u017evelgti \u012f aplinkos veiksnius, pavyzd\u017eiui, u\u017etikrinti, kad hidraulinis skystis b\u016bt\u0173 tinkamai utilizuotas, siekiant i\u0161vengti dirvo\u017eemio ir vandens u\u017eter\u0161imo. Reguliar\u016bs mokymai apie saugos proced\u016bras ir aplinkosaugos taisykles gali suma\u017einti rizik\u0105 ir pagerinti saug\u0105 darbo vietoje.<\/p>\n<h2>Da\u017eniausiai pasitaikan\u010di\u0173 problem\u0173 \u0161alinimas<\/h2>\n<ul>\n<li>\n<h3>Nuot\u0117kis<\/h3>\n<p>Hidraulinio skys\u010dio nuot\u0117kis gali rodyti sandariklio gedim\u0105 arba cilindro pa\u017eeidim\u0105. Patikrinkite, ar sandarikliai n\u0117ra susid\u0117v\u0117j\u0119, ir prireikus juos pakeiskite. \u012esitikinkite, kad visos jungtys yra sandarios ir be nuot\u0117kio.<\/p>\n<\/li>\n<li>\n<h3>Nepakankama galia<\/h3>\n<p>Jei str\u0117l\u0117s cilindras neveikia tinkamai, patikrinkite hidraulinio skys\u010dio lyg\u012f ir \u012fsitikinkite, kad sistemoje n\u0117ra oro. Patikrinkite, ar hidraulin\u0117se linijose n\u0117ra u\u017esikim\u0161im\u0173 ar apribojim\u0173, kurie gal\u0117t\u0173 trukdyti srautui.<\/p>\n<\/li>\n<li>\n<h3>Ne\u012fprasti garsai<\/h3>\n<p>Ne\u012fprasti garsai veikimo metu gali rodyti vidinius pa\u017eeidimus arba nepakankam\u0105 tepim\u0105. Nedelsdami i\u0161junkite sistem\u0105 ir atlikite i\u0161sam\u0173 patikrinim\u0105, kad nustatytum\u0117te problem\u0105.<\/p>\n<\/li>\n<\/ul>\n<p><img decoding=\"async\" src=\"https:\/\/www.hydraulic-cylinders.net\/wp-content\/uploads\/2025\/04\/songte-bushings-with-all-kinds-of-excavator-models.webp\" alt=\"Ekskavatori\u0173 \u012fvor\u0117s\" \/><\/p>\n<p>Nor\u0117dami veiksmingai pa\u0161alinti problemas, operatoriai tur\u0117t\u0173 laikytis sistemingo po\u017ei\u016brio, nustatyti simptomus ir galimas prie\u017eastis. Technin\u0117s prie\u017ei\u016bros \u012fra\u0161\u0173 \u017eurnalo tvarkymas gali pad\u0117ti diagnozuoti pasikartojan\u010dias problemas ir imtis prevencini\u0173 priemoni\u0173.<\/p>\n<h2>Apie m\u016bs\u0173 \u012fmon\u0119<\/h2>\n<p>Esame pirmaujanti pakaitini\u0173 hidraulini\u0173 cilindr\u0173 gamintoja ir didmeninink\u0117, specializuojam\u0117s teikdami plat\u0173 gamini\u0173 asortiment\u0105 tiek vidaus, tiek tarptautin\u0117ms rinkoms. M\u016bs\u0173 \u012fsipareigojimas siekti meistri\u0161kumo atsispindi tikslios gamybos strategijose ir pa\u017eangios skaitmenin\u0117s gamybos \u012frangos naudojime.<\/p>\n<p>Nuolat tobuliname savo gamybos paj\u0117gumus, pasitelkdami techninius specialistus ir diegdami profesionalias testavimo sistemas. M\u016bs\u0173 tvirta gamybos platforma sukurta taip, kad patenkint\u0173 \u012fvairius klient\u0173 poreikius, u\u017etikrindama auk\u0161t\u0105 efektyvum\u0105, tikslum\u0105 ir kokyb\u0119. M\u016bs\u0173 paslaugos apima individualius hidraulini\u0173 cilindr\u0173 sprendimus, pritaikytus konkre\u010dioms reikm\u0117ms, kuriuos patvirtina tarptautiniai sertifikatai, u\u017etikrinantys patikimum\u0105 ir saug\u0105.<\/p>\n<p>Did\u017eiuojam\u0117s savo garantinio aptarnavimo paslaugomis, si\u016blydami prie\u017ei\u016bros, remonto ir keitimo paslaugas, kad u\u017etikrintume, jog m\u016bs\u0173 klientai patirt\u0173 minimal\u0173 prastovas ir maksimal\u0173 pasitenkinim\u0105.<\/p>\n<p><img decoding=\"async\" src=\"https:\/\/www.hydraulic-cylinders.net\/wp-content\/uploads\/2025\/04\/songte-company-4.webp\" alt=\"\u012emon\u0117s ap\u017evalga\" \/><br \/>\n<img decoding=\"async\" src=\"https:\/\/www.hydraulic-cylinders.net\/wp-content\/uploads\/2025\/04\/songte-company-3.webp\" alt=\"Gamybos procesas\" \/><\/p>\n<p>Autorius: lyl<\/p>","protected":false},"excerpt":{"rendered":"<p>Boom Cylinder For Doosan Large Excavator DH330-3 Overview of the Bucket Cylinder The Boom Cylinder for Doosan Large Excavator DH330-3 is a critical component in the hydraulic system of heavy machinery. This hydraulic cylinder is designed specifically to control the movement of the bucket in various heavy equipment, such as excavators, backhoe loaders, and front [&hellip;]<\/p>","protected":false},"featured_media":17876,"comment_status":"open","ping_status":"closed","template":"","meta":{"_et_pb_use_builder":"","_et_pb_old_content":"","_et_gb_content_width":""},"product_brand":[],"product_cat":[1546],"product_tag":[1547,1496],"class_list":{"0":"post-19009","1":"product","2":"type-product","3":"status-publish","4":"has-post-thumbnail","6":"product_cat-boom-cylinders","7":"product_tag-boom-cylinders","8":"product_tag-hydraulic-cylinders","10":"first","11":"instock","12":"shipping-taxable","13":"product-type-simple"},"amp_enabled":true,"_links":{"self":[{"href":"https:\/\/www.hydraulic-cylinders.net\/lt\/wp-json\/wp\/v2\/product\/19009","targetHints":{"allow":["GET"]}}],"collection":[{"href":"https:\/\/www.hydraulic-cylinders.net\/lt\/wp-json\/wp\/v2\/product"}],"about":[{"href":"https:\/\/www.hydraulic-cylinders.net\/lt\/wp-json\/wp\/v2\/types\/product"}],"replies":[{"embeddable":true,"href":"https:\/\/www.hydraulic-cylinders.net\/lt\/wp-json\/wp\/v2\/comments?post=19009"}],"wp:featuredmedia":[{"embeddable":true,"href":"https:\/\/www.hydraulic-cylinders.net\/lt\/wp-json\/wp\/v2\/media\/17876"}],"wp:attachment":[{"href":"https:\/\/www.hydraulic-cylinders.net\/lt\/wp-json\/wp\/v2\/media?parent=19009"}],"wp:term":[{"taxonomy":"product_brand","embeddable":true,"href":"https:\/\/www.hydraulic-cylinders.net\/lt\/wp-json\/wp\/v2\/product_brand?post=19009"},{"taxonomy":"product_cat","embeddable":true,"href":"https:\/\/www.hydraulic-cylinders.net\/lt\/wp-json\/wp\/v2\/product_cat?post=19009"},{"taxonomy":"product_tag","embeddable":true,"href":"https:\/\/www.hydraulic-cylinders.net\/lt\/wp-json\/wp\/v2\/product_tag?post=19009"}],"curies":[{"name":"wp","href":"https:\/\/api.w.org\/{rel}","templated":true}]}}