{"id":19011,"date":"2025-04-07T06:07:00","date_gmt":"2025-04-07T06:07:00","guid":{"rendered":"https:\/\/www.hydraulic-cylinders.net\/product\/boom-cylinder-for-doosan-large-excavator-dx350xl\/"},"modified":"2025-04-07T06:07:03","modified_gmt":"2025-04-07T06:07:03","slug":"boom-cylinder-for-doosan-large-excavator-dx350xl","status":"publish","type":"product","link":"https:\/\/www.hydraulic-cylinders.net\/lt\/produktas\/boom-cylinder-for-doosan-large-excavator-dx350xl\/","title":{"rendered":"Str\u0117l\u0117s cilindras, skirtas \u201eDoosan\u201c dideliems ekskavatoriams DX350XL"},"content":{"rendered":"<h1>Str\u0117l\u0117s cilindras, skirtas \u201eDoosan\u201c dideliems ekskavatoriams DX350XL<\/h1>\n<h2>Produkto ap\u017evalga<\/h2>\n<p>\u201eDoosan Large Excavator DX350XL\u201c str\u0117l\u0117s cilindras yra specializuotas hidraulinis cilindras, skirtas valdyti str\u0117l\u0117s jud\u0117jim\u0105 sunkiojoje technikoje. Kaip labai svarbus hidraulini\u0173 sistem\u0173 komponentas, str\u0117l\u0117s cilindrai pla\u010diai naudojami ekskavatoriuose, ekskavatoriuose ir frontaliniuose krautuvuose, kad b\u016bt\u0173 lengviau pakelti, nuleisti ir pakreipti kau\u0161\u0105. \u0160i funkcija yra gyvybi\u0161kai svarbi efektyviam med\u017eiag\u0173 tvarkymui, tod\u0117l str\u0117l\u0117s cilindrai yra b\u016btini statybose ir \u017eem\u0117s \u016bkio darbuose.<\/p>\n<p><img decoding=\"async\" src=\"https:\/\/www.hydraulic-cylinders.net\/wp-content\/uploads\/2025\/04\/songte-company-1.webp\" alt=\"Str\u0117l\u0117s cilindras\"><\/p>\n<h2>Str\u0117l\u0117s cilindro savyb\u0117s<\/h2>\n<ul>\n<li><strong>Didelis stiprumas ir ilgaam\u017ei\u0161kumas:<\/strong> Pagamintas i\u0161 didelio stiprumo plieno arba aliuminio, \u0161is cilindras gali atlaikyti auk\u0161t\u0105 sl\u0117g\u012f ir dideles apkrovas, prisitaikydamas prie at\u0161iauri\u0173 darbo s\u0105lyg\u0173. Jo konstrukcija taip pat apima atsparum\u0105 dilimui ir apsaug\u0105 nuo korozijos, kad pailgint\u0173 jo tarnavimo laik\u0105.<\/li>\n<li><strong>Efektyvus hidraulinis valdymas:<\/strong> Naudodamas hidraulin\u0117s alyvos sl\u0117g\u012f, jis u\u017etikrina skland\u0173 i\u0161st\u016bmim\u0105 ir atitraukim\u0105, greitai reaguodamas \u012f operacines komandas ir u\u017etikrindamas didel\u0119 st\u016bmimo bei traukimo j\u0117g\u0105, tod\u0117l tinka sunkioms ir sud\u0117tingoms u\u017eduotims atlikti.<\/li>\n<li><strong>\u012evair\u016bs tipai:<\/strong> Galima \u012fsigyti tiek vienpusio veikimo (hidraulin\u0117s j\u0117gos naudojimas viena kryptimi), tiek dvipusio veikimo (hidraulin\u0117s j\u0117gos naudojimas abiem kryptimis) konstrukcij\u0173, tod\u0117l galima pritaikyti sprendimus \u012fvairiems eksploatavimo poreikiams. Kai kurie modeliai yra teleskopiniai, tod\u0117l juos galima labiau prailginti nedidinant i\u0161orini\u0173 matmen\u0173, tod\u0117l jie idealiai tinka naudoti ribotoje erdv\u0117je.<\/li>\n<li><strong>Individuali gamyba:<\/strong> Mes turime galimyb\u0119 gaminti \u0161\u012f gamin\u012f, kuris puikiai pakei\u010dia esamus hidraulinius cilindrus.<\/li>\n<li><strong>Suderinamumas:<\/strong> M\u016bs\u0173 gaminiai gali skland\u017eiai pakeisti \u012fvairius hidraulinius cilindrus, naudojamus skirtinguose ma\u0161in\u0173 modeliuose.<\/li>\n<\/ul>\n<p><img decoding=\"async\" src=\"https:\/\/www.hydraulic-cylinders.net\/wp-content\/uploads\/2025\/04\/songte-cylinder-head-with-all-kinds-excavator-models.webp\" alt=\"Ekskavatori\u0173 modeliai\"><\/p>\n<h2>Str\u0117l\u0117s cilindro pritaikymas<\/h2>\n<h3>Statybin\u0117 \u012franga<\/h3>\n<p>Str\u0117l\u0117s cilindras yra labai svarbus ekskavatoriuose, nes palengvina kasim\u0105, krovim\u0105 ir dirvo\u017eemio ar \u0161iuk\u0161li\u0173 perk\u0117lim\u0105. Ekskavatoriuose-krautuvuose str\u0117l\u0117s cilindras padeda tiek kasant, tiek k\u0117limo darbus, tod\u0117l jis universalus atliekant \u012fvairias statybos u\u017eduotis.<\/p>\n<h3>\u017dem\u0117s \u016bkio technika<\/h3>\n<p>Priekiniuose krautuvuose str\u0117l\u0117s cilindrai yra b\u016btini dirvo\u017eemio, \u0161ieno ir kit\u0173 med\u017eiag\u0173 k\u0117limui, k\u0117limui ir transportavimui, o tai \u017eymiai padidina \u017eem\u0117s \u016bkio produktyvum\u0105.<\/p>\n<h3>Ekskavatoriai<\/h3>\n<p>Leisdamas kau\u0161ui efektyviai \u012fsiskverbti \u012f dirv\u0105, str\u0117l\u0117s cilindras leid\u017eia atlikti efektyvius kasimo veiksmus, tod\u0117l jis yra b\u016btinas atliekant kasimo darbus \u012fvairiuose reljefuose.<\/p>\n<h3>Krautuvai<\/h3>\n<p>Priekiniuose krautuvuose str\u0117l\u0117s cilindras atlieka gyvybi\u0161kai svarb\u0173 vaidmen\u012f efektyviai keliant ir i\u0161ver\u010diant med\u017eiagas, optimizuojant med\u017eiag\u0173 tvarkym\u0105 ir veiklos efektyvum\u0105.<\/p>\n<h2>Projektavimo aspektai ir atrankos standartai<\/h2>\n<ul>\n<li><strong>Keliamoji galia:<\/strong> Konstrukcija turi atitikti arba vir\u0161yti reikiamus apkrovos reikalavimus, kad b\u016bt\u0173 u\u017etikrintas saugus ir efektyvus veikimas. Didesn\u0117 keliamoji galia suteikia didesn\u012f universalum\u0105 ir patikimum\u0105 \u012fvairiose srityse.<\/li>\n<li><strong>Sandarinimo efektyvumas:<\/strong> Efektyvus sandarinimas yra labai svarbus siekiant i\u0161vengti nuot\u0117kio ir u\u017etikrinti efektyv\u0173 hidraulin\u0117s sistemos veikim\u0105. Kokybi\u0161ki sandarikliai prisideda prie hidraulinio cilindro ilgaam\u017ei\u0161kumo ir patikimumo.<\/li>\n<li><strong>Patvarumas:<\/strong> Konstrukcijoje naudojamos med\u017eiagos turi atlaikyti at\u0161iaurias aplinkos s\u0105lygas, \u012fskaitant temperat\u016bros svyravimus ir s\u0105lyt\u012f su korozin\u0117mis med\u017eiagomis, taip u\u017etikrinant ilgaam\u017ei\u0161kum\u0105.<\/li>\n<li><strong>Saugumas:<\/strong> Saugos funkcij\u0173, toki\u0173 kaip sl\u0117gio ma\u017einimo vo\u017etuvai, ir tvirtos konstrukcijos \u012ftraukimas yra labai svarbus siekiant i\u0161vengti nelaiming\u0173 atsitikim\u0173 ir \u012frangos pa\u017eeidim\u0173 eksploatacijos metu.<\/li>\n<li><strong>Prie\u017ei\u016bra:<\/strong> Konstrukcija tur\u0117t\u0173 b\u016bti tokia, kad b\u016bt\u0173 lengva pri\u017ei\u016br\u0117ti ir remontuoti, suteikiant greit\u0105 prieig\u0105 prie komponent\u0173, kuriems gali reik\u0117ti \u012fprastin\u0117s prie\u017ei\u016bros ar keitimo.<\/li>\n<\/ul>\n<p><img decoding=\"async\" src=\"https:\/\/www.hydraulic-cylinders.net\/wp-content\/uploads\/2025\/04\/songte-oil-pipes-and-spare-parts.webp\" alt=\"Hidrauliniai komponentai\"><\/p>\n<h2>Sandarinimas ir tepimas<\/h2>\n<p>\u012evairi\u0173 sandarinimo komponent\u0173, toki\u0173 kaip st\u016bmokli\u0173 ir kot\u0173 sandarikliai, naudojimas yra b\u016btinas norint i\u0161laikyti hidraulin\u012f efektyvum\u0105. D\u0117l atsparumo dilimui pirmenyb\u0117 teikiama sandarikliams, pagamintiems i\u0161 toki\u0173 med\u017eiag\u0173 kaip poliuretanas ir nitrilo kau\u010diukas. Cilindro korpusas ir srieginiai galiniai pavir\u0161iai yra tiksliai apdirbami, kad padid\u0117t\u0173 patvarumas. Norint u\u017etikrinti skland\u0173 veikim\u0105 ir i\u0161vengti dilimo, b\u016btina reguliariai tepti hidrauline alyva.<\/p>\n<h2>Reguliarus patikrinimas ir prevencin\u0117 prie\u017ei\u016bra<\/h2>\n<ul>\n<li><strong>\u012eprastiniai patikrinimai:<\/strong> Periodiniai patikrinimai gali pad\u0117ti nustatyti susid\u0117v\u0117jim\u0105 ir galimas problemas, kol jos nesukelia sistemos gedim\u0173.<\/li>\n<li><strong>Tinkamas tepimas:<\/strong> Tinkamas sandarikli\u0173 ir komponent\u0173 sutepimas yra labai svarbus skland\u017eiam hidraulinio cilindro veikimui ir jo tarnavimo laiko pailginimui.<\/li>\n<li><strong>Sandariklio keitimas:<\/strong> Reguliariai tikrinant tarpikli\u0173 susid\u0117v\u0117jim\u0105 ir kei\u010diant juos pagal poreik\u012f, galima i\u0161vengti hidraulinio skys\u010dio nuot\u0117kio ir i\u0161laikyti sistemos efektyvum\u0105.<\/li>\n<\/ul>\n<h2>\u012erengimo gair\u0117s<\/h2>\n<p>Proper installation of the boom cylinder is crucial for optimal performance. Before installation, ensure that the mounting surfaces are clean and free of debris. Align the cylinder accurately with the mounting brackets, and use appropriate mounting supports to secure the cylinder in place. Follow the manufacturer&#8217;s specifications for torque settings and ensure that hydraulic connections are leak-free. After installation, perform a test operation to confirm functionality and make necessary adjustments.<\/p>\n<h2>\u012eprastos prie\u017ei\u016bros u\u017eduotys<\/h2>\n<ul>\n<li><strong>Reguliar\u016bs patikrinimai:<\/strong> Laikykit\u0117s baliono ir susijusi\u0173 dali\u0173 vientisumo tikrinimo grafiko.<\/li>\n<li><strong>Tinkamas tepimas:<\/strong> Kad u\u017etikrintum\u0117te skland\u0173 veikim\u0105, tinkamai sutepkite visas judan\u010dias dalis.<\/li>\n<li><strong>Sandariklio keitimo ir kalibravimo patikrinimai:<\/strong> Reguliariai tikrinkite sandariklius ir atlikite kalibravim\u0105, kad u\u017etikrintum\u0117te patikim\u0105 veikim\u0105.<\/li>\n<\/ul>\n<h2>Saugos aspektai ir aplinkos veiksniai<\/h2>\n<p>Naudojant hidraulinius cilindrus, itin svarbu laikytis saugos priemoni\u0173. U\u017etikrinkite, kad visi darbuotojai b\u016bt\u0173 apmokyti darbo proced\u016br\u0173 ir suprast\u0173 apsaugini\u0173 priemoni\u0173 naudojimo svarb\u0105. Reguliariai vertinkite darbo aplink\u0105, ar n\u0117ra pavoj\u0173, ir \u012fdiekite kontrol\u0117s priemones, kad suma\u017eintum\u0117te su hidraulin\u0117mis sistemomis susijusi\u0105 rizik\u0105.<\/p>\n<h2>Gedim\u0173 diagnostika ir da\u017eniausios problemos<\/h2>\n<ul>\n<li><strong>Nuot\u0117kis:<\/strong> Nustatykite nuot\u0117kio \u0161altin\u012f, kuris gali kilti d\u0117l susid\u0117v\u0117jusi\u0173 sandarikli\u0173 arba pa\u017eeist\u0173 komponent\u0173, ir prireikus pakeiskite juos.<\/li>\n<li><strong>Prastas na\u0161umas:<\/strong> Jei cilindras neveikia skland\u017eiai, patikrinkite hidraulinio skys\u010dio lyg\u012f ir ap\u017ei\u016br\u0117kite, ar hidraulin\u0117s linijos n\u0117ra u\u017esikim\u0161usios ar pa\u017eeistos.<\/li>\n<li><strong>Nenuoseklus jud\u0117jimas:<\/strong> Tai gali rodyti or\u0105 hidraulin\u0117je sistemoje arba \u017eem\u0105 hidraulinio skys\u010dio sl\u0117g\u012f; sistemos nuorinimas arba skys\u010dio papildymas gali i\u0161spr\u0119sti problem\u0105.<\/li>\n<\/ul>\n<h2>Trik\u010di\u0173 \u0161alinimo patarimai<\/h2>\n<p>Efektyvi gedim\u0173 diagnostika apima sisteming\u0105 da\u017en\u0173 problem\u0173, toki\u0173 kaip skys\u010di\u0173 nuot\u0117kis ar veikimo sutrikimai, tikrinim\u0105. Prevencin\u0117s priemon\u0117s, tokios kaip reguliari prie\u017ei\u016bra ir patikrinimai, gali \u017eymiai suma\u017einti galimas problemas. Technin\u0117s prie\u017ei\u016bros \u017eurnalo vedimas padeda nustatyti pasikartojan\u010dias problemas ir j\u0173 sprendimus.<\/p>\n<p><img decoding=\"async\" src=\"https:\/\/www.hydraulic-cylinders.net\/wp-content\/uploads\/2025\/04\/songte-bushings-with-all-kinds-of-excavator-models.webp\" alt=\"Ekskavatoriaus \u012fvor\u0117s\"><\/p>\n<h2>\u012emon\u0117s ap\u017evalga<\/h2>\n<p>We are a leading manufacturer of hydraulic cylinders, specializing in providing high-quality replacement solutions. Our diverse product range has established us as a prominent player in both domestic and international markets. We adhere to excellence in quality, employing advanced manufacturing strategies and leveraging skilled talent, state-of-the-art equipment, and rigorous testing systems. This commitment to high efficiency, precision, and product quality ensures we meet our clients&#8217; diverse needs.<\/p>\n<p>M\u016bs\u0173 patirtis apima tokius aspektus kaip specializacija, tarptautiniai sertifikatai, individualiai pritaikytos paslaugos, pa\u017eangi gamybos \u012franga ir patikimas aptarnavimas po pardavimo.<\/p>\n<p><img decoding=\"async\" src=\"https:\/\/www.hydraulic-cylinders.net\/wp-content\/uploads\/2025\/04\/songte-company-4.webp\" alt=\"\u012emon\u0117s paveiksl\u0117lis 1\"><\/p>\n<p><img decoding=\"async\" src=\"https:\/\/www.hydraulic-cylinders.net\/wp-content\/uploads\/2025\/04\/songte-company-3.webp\" alt=\"\u012emon\u0117s paveiksl\u0117lis 2\"><\/p>\n<p>Autorius: lyl<\/p>","protected":false},"excerpt":{"rendered":"<p>Boom Cylinder For Doosan Large Excavator DX350XL Product Overview The Boom Cylinder for Doosan Large Excavator DX350XL is a specialized hydraulic cylinder designed to control the movement of the boom in heavy machinery. As a crucial component in hydraulic systems, boom cylinders are extensively used in excavators, backhoes, and front loaders to facilitate the raising, [&hellip;]<\/p>","protected":false},"featured_media":17878,"comment_status":"open","ping_status":"closed","template":"","meta":{"_et_pb_use_builder":"","_et_pb_old_content":"","_et_gb_content_width":""},"product_brand":[],"product_cat":[1546],"product_tag":[1547,1496],"class_list":{"0":"post-19011","1":"product","2":"type-product","3":"status-publish","4":"has-post-thumbnail","6":"product_cat-boom-cylinders","7":"product_tag-boom-cylinders","8":"product_tag-hydraulic-cylinders","10":"first","11":"instock","12":"shipping-taxable","13":"product-type-simple"},"amp_enabled":true,"_links":{"self":[{"href":"https:\/\/www.hydraulic-cylinders.net\/lt\/wp-json\/wp\/v2\/product\/19011","targetHints":{"allow":["GET"]}}],"collection":[{"href":"https:\/\/www.hydraulic-cylinders.net\/lt\/wp-json\/wp\/v2\/product"}],"about":[{"href":"https:\/\/www.hydraulic-cylinders.net\/lt\/wp-json\/wp\/v2\/types\/product"}],"replies":[{"embeddable":true,"href":"https:\/\/www.hydraulic-cylinders.net\/lt\/wp-json\/wp\/v2\/comments?post=19011"}],"wp:featuredmedia":[{"embeddable":true,"href":"https:\/\/www.hydraulic-cylinders.net\/lt\/wp-json\/wp\/v2\/media\/17878"}],"wp:attachment":[{"href":"https:\/\/www.hydraulic-cylinders.net\/lt\/wp-json\/wp\/v2\/media?parent=19011"}],"wp:term":[{"taxonomy":"product_brand","embeddable":true,"href":"https:\/\/www.hydraulic-cylinders.net\/lt\/wp-json\/wp\/v2\/product_brand?post=19011"},{"taxonomy":"product_cat","embeddable":true,"href":"https:\/\/www.hydraulic-cylinders.net\/lt\/wp-json\/wp\/v2\/product_cat?post=19011"},{"taxonomy":"product_tag","embeddable":true,"href":"https:\/\/www.hydraulic-cylinders.net\/lt\/wp-json\/wp\/v2\/product_tag?post=19011"}],"curies":[{"name":"wp","href":"https:\/\/api.w.org\/{rel}","templated":true}]}}