{"id":19019,"date":"2025-04-07T06:07:27","date_gmt":"2025-04-07T06:07:27","guid":{"rendered":"https:\/\/www.hydraulic-cylinders.net\/product\/boom-cylinder-for-doosan-large-excavator-dh500lc-7\/"},"modified":"2025-04-07T06:07:30","modified_gmt":"2025-04-07T06:07:30","slug":"boom-cylinder-for-doosan-large-excavator-dh500lc-7","status":"publish","type":"product","link":"https:\/\/www.hydraulic-cylinders.net\/lt\/produktas\/boom-cylinder-for-doosan-large-excavator-dh500lc-7\/","title":{"rendered":"Str\u0117l\u0117s cilindras, skirtas \u201eDoosan\u201c dideliam ekskavatoriui DH500LC-7"},"content":{"rendered":"<h1>Str\u0117l\u0117s cilindras, skirtas \u201eDoosan\u201c dideliam ekskavatoriui DH500LC-7<\/h1>\n<h2>\u012evadas \u012f str\u0117l\u0117s cilindr\u0105<\/h2>\n<p>Str\u0117l\u0117s cilindras yra labai svarbus sunkiosios technikos komponentas, specialiai sukurtas valdyti kau\u0161\u0173 jud\u0117jim\u0105 \u012fvairioje \u017eem\u0117s kasimo \u012frangoje. \u0160is hidraulinis cilindras atlieka esmin\u012f vaidmen\u012f ekskavatori\u0173, ekskavatorini\u0173 krautuv\u0173 ir frontalini\u0173 krautuv\u0173 valdyme, nes leid\u017eia kau\u0161ui efektyviai pakilti, nuleisti ir pakreipti. \u0160i funkcija yra labai svarbi efektyviam med\u017eiag\u0173 tvarkymui, nes operatoriai gali tiksliai ir lengvai perkelti didelius dirvo\u017eemio, \u0161iuk\u0161li\u0173 ar kit\u0173 med\u017eiag\u0173 kiekius.<\/p>\n<p><img decoding=\"async\" src=\"https:\/\/www.hydraulic-cylinders.net\/wp-content\/uploads\/2025\/04\/songte-company-1.webp\" alt=\"Str\u0117l\u0117s cilindras\"><\/p>\n<h3>Apibr\u0117\u017eimas ir ap\u017evalga<\/h3>\n<p>Kau\u0161o cilindras yra hidraulinio cilindro tipas, specialiai naudojamas sunkiosiose ma\u0161inose kau\u0161\u0173 jud\u0117jimui valdyti. Jis palengvina jud\u0117jim\u0105, reikaling\u0105 kasti, kelti ir transportuoti med\u017eiagas. \u0160is cilindras veikia hidraulinio skys\u010dio pagalba, kuris sukuria sl\u0117g\u012f st\u016bmokliui judinti viduje, leisdamas atlikti kontroliuojamus ir galingus judesius, kurie yra b\u016btini statybos ir kasimo darbuose.<\/p>\n<h2>Str\u0117l\u0117s cilindro savyb\u0117s<\/h2>\n<ul>\n<li><strong>Didelis stiprumas ir ilgaam\u017ei\u0161kumas:<\/strong> Pagaminta i\u0161 didelio stiprumo plieno arba aliuminio, galin\u010dio atlaikyti auk\u0161t\u0105 sl\u0117g\u012f ir dideles apkrovas. Jo konstrukcija atsi\u017evelg\u0117 \u012f atsparum\u0105 dilimui ir korozijai, taip pailginant jo tarnavimo laik\u0105.<\/li>\n<li><strong>Efektyvus hidraulinis valdymas:<\/strong> Naudoja hidraulin\u0117s alyvos sl\u0117g\u012f skland\u017eiam i\u0161st\u016bmimui ir \u012ftraukimui, greitai reaguoja \u012f valdiklius ir u\u017etikrina didel\u0119 traukimo bei st\u016bmimo j\u0117g\u0105, idealiai tinka sunkioms ir sud\u0117tingoms u\u017eduotims atlikti.<\/li>\n<li><strong>\u012evair\u016bs tipai:<\/strong> Galima \u012fsigyti tiek vienpusio veikimo (naudojant hidraulin\u012f sl\u0117g\u012f viena kryptimi), tiek dvipusio veikimo (veikian\u010di\u0173 dviem kryptimis) cilindr\u0173, kad b\u016bt\u0173 galima patenkinti \u012fvairius eksploatacinius poreikius. Kai kurie modeliai yra teleskopiniai, tod\u0117l juos galima labiau i\u0161tiesti nedidinant i\u0161orini\u0173 matmen\u0173, tod\u0117l jie tinka ank\u0161toms patalpoms.<\/li>\n<li><strong>Individuali gamyba:<\/strong> Mes specializuojam\u0117s \u0161io produkto gamyboje, puikiai pakeisdami \u012fvairius hidraulinius cilindrus, u\u017etikrindami suderinamum\u0105 ir na\u0161um\u0105.<\/li>\n<\/ul>\n<p><img decoding=\"async\" src=\"https:\/\/www.hydraulic-cylinders.net\/wp-content\/uploads\/2025\/04\/songte-cylinder-head-with-all-kinds-excavator-models.webp\" alt=\"Ekskavatori\u0173 modeliai\"><\/p>\n<h2>Str\u0117l\u0117s cilindro pritaikymas<\/h2>\n<h3>Statybin\u0117 \u012franga<\/h3>\n<p>Ekskavatoriuose str\u0117l\u0117s cilindras yra gyvybi\u0161kai svarbus kasant, kraunant ir perkeliant \u017eem\u0119 ar \u0161iuk\u0161les. Jo geb\u0117jimas i\u0161skleisti ir susitraukti leid\u017eia operatoriams efektyviai atlikti \u012fvairias u\u017eduotis, taip padidinant na\u0161um\u0105 statybviet\u0117se. Str\u0117l\u0117s cilindro tiekiama hidraulin\u0117 galia leid\u017eia ekskavatoriui pakelti sunkius krovinius, tod\u0117l jis yra b\u016btinas didelio masto \u017eem\u0117s kasimo darbams.<\/p>\n<h3>\u017dem\u0117s \u016bkio technika<\/h3>\n<p>Priekiniuose krautuvuose str\u0117l\u0117s cilindras padeda semti, kelti ir transportuoti dirvo\u017eem\u012f, \u0161ien\u0105 ir kitas med\u017eiagas. Hidraulin\u0117s sistemos efektyvumas u\u017etikrina, kad \u017eem\u0117s \u016bkio u\u017eduotis b\u016bt\u0173 galima atlikti greitai ir minimaliomis pastangomis, o tai skatina geresn\u012f darbo eig\u0105 \u016bkiuose ir \u017eem\u0117s \u016bkio \u012fmon\u0117se.<\/p>\n<h3>Ekskavatoriai<\/h3>\n<p>Str\u0117l\u0117s cilindras leid\u017eia kau\u0161ui \u012fsiskverbti \u012f dirv\u0105, palengvindamas kasimo veiksmus. \u0160i funkcija yra labai svarbi kasant tran\u0161\u0117jas ir pamatus, tod\u0117l labai naudinga statyb\u0173 ir kra\u0161tovaizd\u017eio tvarkymo pramon\u0117je. Jo konstrukcija u\u017etikrina, kad ekskavatorius gali dirbti \u012fvairiomis dirvo\u017eemio s\u0105lygomis, o tai padidina jo universalum\u0105.<\/p>\n<h3>Krautuvai<\/h3>\n<p>Priekiniuose krautuvuose str\u0117l\u0117s cilindras padeda efektyviai kelti ir i\u0161versti krovinius. \u0160i funkcija yra labai svarbi statybos ir med\u017eiag\u0173 tvarkymo operacijose, kur savalaikis ir efektyvus k\u0117limas yra b\u016btinas norint laikytis projekto termin\u0173 ir u\u017etikrinti veiklos efektyvum\u0105.<\/p>\n<h2>Projektavimo aspektai ir atrankos kriterijai<\/h2>\n<h3>Keliamoji galia<\/h3>\n<p>The load capacity of the boom cylinder is a critical design consideration. It must be capable of handling the maximum weight that will be encountered in operation. Engineers must ensure that the cylinder&#8217;s specifications align with the machinery&#8217;s intended use to prevent failures during heavy lifting tasks.<\/p>\n<h3>Sandarumas ir ilgaam\u017ei\u0161kumas<\/h3>\n<p>Sealing mechanisms are vital for maintaining hydraulic pressure and preventing fluid leakage. The choice of sealing materials, such as polyurethane and nitrile rubber, impacts the cylinder&#8217;s performance and longevity. Proper sealing ensures efficiency and reduces maintenance needs over time.<\/p>\n<h3>Saugumas<\/h3>\n<p>Saugumas yra svarbiausias dalykas projektuojant hidraulinius cilindrus. Tokios savyb\u0117s kaip sl\u0117gio ma\u017einimo vo\u017etuvai ir gedim\u0173 prevencijos mechanizmai padeda suma\u017einti su hidrauliniais gedimais susijusi\u0105 rizik\u0105. \u0160ie saugos aspektai yra b\u016btini siekiant u\u017etikrinti operatori\u0173 ir ma\u0161in\u0173 apsaug\u0105.<\/p>\n<h3>Prie\u017ei\u016bra<\/h3>\n<p>Projektuojant atsi\u017evelgiant \u012f technin\u0119 prie\u017ei\u016br\u0105, reikia atsi\u017evelgti \u012f tai, kaip lengva cilindr\u0105 galima pri\u017ei\u016br\u0117ti ar remontuoti. Komponentai tur\u0117t\u0173 b\u016bti lengvai prieinami, o surinkimas tur\u0117t\u0173 leisti lengvai pakeisti sandariklius ir kitas dalis, taip suma\u017einant prastovas atliekant technin\u0117s prie\u017ei\u016bros darbus.<\/p>\n<p><img decoding=\"async\" src=\"https:\/\/www.hydraulic-cylinders.net\/wp-content\/uploads\/2025\/04\/songte-oil-pipes-and-spare-parts.webp\" alt=\"Naftos vamzd\u017eiai ir atsargin\u0117s dalys\"><\/p>\n<h2>Sandarinimas ir tepimas<\/h2>\n<p>Efektyvus sandarinimas ir tepimas yra labai svarb\u016bs hidraulini\u0173 cilindr\u0173 veikimui. Sl\u0117giui palaikyti ir u\u017eter\u0161imui i\u0161vengti naudojami \u012fvair\u016bs sandarinimo komponentai, \u012fskaitant st\u016bmokli\u0173 ir stryp\u0173 sandariklius. Sandarikliai, pagaminti i\u0161 atspari\u0173 dilimui med\u017eiag\u0173, toki\u0173 kaip poliuretanas ir nitrilo kau\u010diukas, u\u017etikrina ilgaam\u017ei\u0161kum\u0105 ir patikimum\u0105. Cilindr\u0173 korpusai ir srieginiai galiniai pavir\u0161iai yra kruop\u0161\u010diai apdirbti, siekiant padidinti atsparum\u0105 dilimui. Reguliarus tepimas hidrauline alyva yra b\u016btinas norint u\u017etikrinti skland\u0173 veikim\u0105 ir i\u0161vengti vidini\u0173 komponent\u0173 susid\u0117v\u0117jimo. \u0160i prie\u017ei\u016bros praktika yra b\u016btina norint pailginti str\u0117l\u0117s cilindro tarnavimo laik\u0105.<\/p>\n<h2>Prevencin\u0117s prie\u017ei\u016bros priemon\u0117s<\/h2>\n<ul>\n<li><strong>Reguliar\u016bs patikrinimai:<\/strong> Reguliariai tikrinant cilindr\u0105, ar n\u0117ra susid\u0117v\u0117jimo ar pa\u017eeidim\u0173 po\u017eymi\u0173, galima i\u0161vengti dideli\u0173 gedim\u0173. Operatoriai tur\u0117t\u0173 ie\u0161koti nuot\u0117ki\u0173, \u012ftr\u016bkim\u0173 ar ne\u012fprast\u0173 gars\u0173 darbo metu ir nedelsdami spr\u0119sti problemas.<\/li>\n<li><strong>Tinkamas tepimas:<\/strong> Str\u0117l\u0117s cilindro veikimui labai svarbu u\u017etikrinti pakankam\u0105 hidraulin\u0117s alyvos lyg\u012f ir naudoti tinkamo tipo alyv\u0105. Reguliarus tepimas padeda palaikyti optimal\u0173 veikim\u0105.<\/li>\n<li><strong>Sandariklio keitimas:<\/strong> Tarpikliai tur\u0117t\u0173 b\u016bti reguliariai tikrinami ir prireikus kei\u010diami, kad b\u016bt\u0173 i\u0161laikytas sl\u0117gio vientisumas. Proaktyvus sandarikli\u0173 valdymo po\u017ei\u016bris gali \u017eymiai suma\u017einti hidraulini\u0173 gedim\u0173 rizik\u0105.<\/li>\n<\/ul>\n<h2>\u012erengimo gair\u0117s<\/h2>\n<p>Tinkamas str\u0117l\u0117s cilindro montavimas yra b\u016btinas optimaliam veikimui. Pirmiausia \u012fsitikinkite, kad visi komponentai yra \u0161var\u016bs ir be \u0161iuk\u0161li\u0173. Tiksliai sulygiuokite cilindr\u0105 su tvirtinimo ta\u0161kais, naudodami tinkamus tvirtinimo laikiklius, kad j\u012f pritvirtintum\u0117te. \u012esitikinkite, kad hidraulin\u0117s linijos yra tinkamai prijungtos ir kad n\u0117ra nuot\u0117ki\u0173. Montavimo metu svarbu laikytis gamintojo nurodym\u0173 ir sukimo momento specifikacij\u0173, kad i\u0161vengtum\u0117te problem\u0173 ateityje. \u012edieg\u0119 sistem\u0105, prie\u0161 naudodami j\u0105 visu paj\u0117gumu, patikrinkite, ar viskas veikia skland\u017eiai.<\/p>\n<h2>Prie\u017ei\u016bros u\u017eduotys<\/h2>\n<ul>\n<li><strong>Reguliar\u016bs patikrinimai:<\/strong> Reguliariai tikrinti hidraulin\u0119 sistem\u0105 yra labai svarbu, kad b\u016bt\u0173 galima nustatyti galimas problemas, kol jos nepa\u016bm\u0117jo. Ie\u0161kokite bet koki\u0173 susid\u0117v\u0117jimo, nuot\u0117kio ar nenormalaus veikimo po\u017eymi\u0173.<\/li>\n<li><strong>Tinkamas tepimas:<\/strong> Ensure that the hydraulic oil is at the recommended levels, and use high-quality lubricants to maintain the cylinder&#8217;s functionality. Regular lubrication minimizes wear and enhances performance.<\/li>\n<li><strong>Sandariklio keitimo ir kalibravimo patikrinimai:<\/strong> Reguliariai tikrinkite sandariklius, ar jie nesusid\u0117v\u0117j\u0119, ir prireikus juos pakeiskite. Kalibravimo patikrinimai u\u017etikrina, kad cilindras veikt\u0173 pagal nurodytus parametrus, i\u0161laikant saug\u0105 ir efektyvum\u0105.<\/li>\n<\/ul>\n<h2>Saugos aspektai ir aplinkos veiksniai<\/h2>\n<p>Dirbant su hidrauliniais cilindrais, saugos priemon\u0117s yra nepaprastai svarbios. Operatoriai tur\u0117t\u0173 b\u016bti apmokyti tinkamai valdyti hidraulines sistemas, u\u017etikrinant, kad b\u016bt\u0173 laikomasi saugos protokol\u0173. Tai apima asmenini\u0173 apsaugos priemoni\u0173 (AAP) naudojim\u0105 ir galim\u0173 pavoj\u0173, susijusi\u0173 su hidraulinio skys\u010dio nuot\u0117kiu, supratim\u0105. Taip pat svarb\u0173 vaidmen\u012f atlieka aplinkosaugos aspektai, nes tinkamas hidraulini\u0173 skys\u010di\u0173 ir med\u017eiag\u0173 \u0161alinimas yra b\u016btinas siekiant suma\u017einti poveik\u012f aplinkai.<\/p>\n<h2>Da\u017eniausiai pasitaikan\u010di\u0173 problem\u0173 \u0161alinimas<\/h2>\n<ul>\n<li><strong>Nuot\u0117kis:<\/strong> Viena i\u0161 da\u017eniausiai pasitaikan\u010di\u0173 problem\u0173 yra hidraulinio skys\u010dio nuot\u0117kis, kuris gali rodyti sandariklio gedim\u0105 ar pa\u017eeidim\u0105. Patikrinkite sandariklius ir jungiam\u0105sias detales, ar n\u0117ra susid\u0117v\u0117jimo po\u017eymi\u0173, ir prireikus pakeiskite.<\/li>\n<li><strong>Suma\u017eintas na\u0161umas:<\/strong> Jei cilindras nereaguoja greitai arba efektyviai, tai gali b\u016bti d\u0117l \u017eemo hidraulinio skys\u010dio lygio arba sistemoje \u012fstrigusio oro. Patikrinkite, ar n\u0117ra nuot\u0117ki\u0173, ir u\u017etikrinkite tinkam\u0105 skys\u010dio lyg\u012f.<\/li>\n<li><strong>Ne\u012fprasti garsai:<\/strong> Bet kokie ne\u012fprasti garsai eksploatacijos metu gali rodyti vidinius pa\u017eeidimus arba \u017eem\u0105 tepimo lyg\u012f. Reguliarus techninis aptarnavimas gali pad\u0117ti i\u0161vengti \u0161i\u0173 problem\u0173.<\/li>\n<\/ul>\n<h2>Prevencin\u0117s priemon\u0117s<\/h2>\n<p>Siekiant suma\u017einti galimas problemas, labai svarbu i\u0161 anksto \u012fgyvendinti prevencines priemones. Reik\u0117t\u0173 nustatyti reguliarias patikras ir technin\u0117s prie\u017ei\u016bros proced\u016bras, kad b\u016bt\u0173 galima steb\u0117ti hidraulin\u0117s sistemos b\u016bkl\u0119. Operatoriai tur\u0117t\u0173 b\u016bti apmokyti atpa\u017einti ankstyvus \u012fsp\u0117jamuosius \u017eenklus ir nedelsiant \u012f juos reaguoti. Auk\u0161tos kokyb\u0117s komponent\u0173 ir tepal\u0173 naudojimas taip pat prisideda prie str\u0117l\u0117s cilindro patikimumo, suma\u017eina gedim\u0173 tikimyb\u0119 ir u\u017etikrina ilgaam\u017ei\u0161kum\u0105.<\/p>\n<p><img decoding=\"async\" src=\"https:\/\/www.hydraulic-cylinders.net\/wp-content\/uploads\/2025\/04\/songte-bushings-with-all-kinds-of-excavator-models.webp\" alt=\"Ekskavatori\u0173 modeli\u0173 \u012fvor\u0117s\"><\/p>\n<h2>\u012emon\u0117s ap\u017evalga<\/h2>\n<p>Esame pirmaujanti hidraulini\u0173 cilindr\u0173 gamintoja ir didmenin\u0117s prekybos \u012fmon\u0117, specializuojam\u0117s pakeitimo sprendimuose. Platus gamini\u0173 asortimentas leid\u017eia mums u\u017eimti svarbi\u0105 pozicij\u0105 tiek vidaus, tiek tarptautin\u0117se rinkose. Laikom\u0117s auk\u0161\u010diausi\u0173 kokyb\u0117s standart\u0173 ir naudojame pa\u017eangias gamybos strategijas, kurias palaiko kvalifikuoti darbuotojai, pa\u017eangiausia skaitmenin\u0117 \u012franga ir i\u0161samios bandym\u0173 sistemos. M\u016bs\u0173 d\u0117mesys meistri\u0161kumui ir efektyvumui u\u017etikrina, kad patenkiname \u012fvairius klient\u0173 poreikius.<\/p>\n<p><img decoding=\"async\" src=\"https:\/\/www.hydraulic-cylinders.net\/wp-content\/uploads\/2025\/04\/songte-company-4.webp\" alt=\"\u012emon\u0117s ap\u017evalga 1\"><br \/>\n<img decoding=\"async\" src=\"https:\/\/www.hydraulic-cylinders.net\/wp-content\/uploads\/2025\/04\/songte-company-3.webp\" alt=\"\u012emon\u0117s ap\u017evalga 2\"><\/p>\n<p>M\u016bs\u0173 \u012fsipareigojimai apima individualiai pritaikyt\u0173 paslaug\u0173 teikim\u0105, tarptautinius sertifikatus ir patikim\u0105 garantin\u012f aptarnavim\u0105. Nuolat tobuliname savo gamybos paj\u0117gumus, siekdami i\u0161laikyti auk\u0161t\u0105 efektyvum\u0105, tikslum\u0105 ir kokyb\u0119, u\u017etikrindami klient\u0173 pasitenkinim\u0105 visais aspektais.<\/p>\n<p>Autorius: lyl<\/p>","protected":false},"excerpt":{"rendered":"<p>Boom Cylinder For Doosan Large Excavator DH500LC-7 Introduction to Boom Cylinder The boom cylinder is a critical component in heavy machinery, specifically designed for controlling the movement of buckets in various earthmoving equipment. This hydraulic cylinder plays an essential role in the operation of excavators, backhoe loaders, and front-end loaders by enabling the bucket to [&hellip;]<\/p>","protected":false},"featured_media":17871,"comment_status":"open","ping_status":"closed","template":"","meta":{"_et_pb_use_builder":"","_et_pb_old_content":"","_et_gb_content_width":""},"product_brand":[],"product_cat":[1546],"product_tag":[1547,1496],"class_list":{"0":"post-19019","1":"product","2":"type-product","3":"status-publish","4":"has-post-thumbnail","6":"product_cat-boom-cylinders","7":"product_tag-boom-cylinders","8":"product_tag-hydraulic-cylinders","10":"first","11":"instock","12":"shipping-taxable","13":"product-type-simple"},"amp_enabled":true,"_links":{"self":[{"href":"https:\/\/www.hydraulic-cylinders.net\/lt\/wp-json\/wp\/v2\/product\/19019","targetHints":{"allow":["GET"]}}],"collection":[{"href":"https:\/\/www.hydraulic-cylinders.net\/lt\/wp-json\/wp\/v2\/product"}],"about":[{"href":"https:\/\/www.hydraulic-cylinders.net\/lt\/wp-json\/wp\/v2\/types\/product"}],"replies":[{"embeddable":true,"href":"https:\/\/www.hydraulic-cylinders.net\/lt\/wp-json\/wp\/v2\/comments?post=19019"}],"wp:featuredmedia":[{"embeddable":true,"href":"https:\/\/www.hydraulic-cylinders.net\/lt\/wp-json\/wp\/v2\/media\/17871"}],"wp:attachment":[{"href":"https:\/\/www.hydraulic-cylinders.net\/lt\/wp-json\/wp\/v2\/media?parent=19019"}],"wp:term":[{"taxonomy":"product_brand","embeddable":true,"href":"https:\/\/www.hydraulic-cylinders.net\/lt\/wp-json\/wp\/v2\/product_brand?post=19019"},{"taxonomy":"product_cat","embeddable":true,"href":"https:\/\/www.hydraulic-cylinders.net\/lt\/wp-json\/wp\/v2\/product_cat?post=19019"},{"taxonomy":"product_tag","embeddable":true,"href":"https:\/\/www.hydraulic-cylinders.net\/lt\/wp-json\/wp\/v2\/product_tag?post=19019"}],"curies":[{"name":"wp","href":"https:\/\/api.w.org\/{rel}","templated":true}]}}