{"id":19030,"date":"2025-04-07T06:07:56","date_gmt":"2025-04-07T06:07:56","guid":{"rendered":"https:\/\/www.hydraulic-cylinders.net\/product\/boom-cylinder-for-hyundai-middle-excavator-r170lc-5\/"},"modified":"2025-04-07T06:07:59","modified_gmt":"2025-04-07T06:07:59","slug":"boom-cylinder-for-hyundai-middle-excavator-r170lc-5","status":"publish","type":"product","link":"https:\/\/www.hydraulic-cylinders.net\/lt\/produktas\/boom-cylinder-for-hyundai-middle-excavator-r170lc-5\/","title":{"rendered":"\u201eHyundai Middle Excavator R170LC-5\u201c str\u0117l\u0117s cilindras"},"content":{"rendered":"<h1>\u201eHyundai Middle Excavator R170LC-5\u201c str\u0117l\u0117s cilindras<\/h1>\n<h2>Produkto ap\u017evalga<\/h2>\n<p>Str\u0117l\u0117s cilindras yra gyvybi\u0161kai svarbus hidraulini\u0173 sistem\u0173 komponentas, specialiai sukurtas valdyti kau\u0161o judesius sunkiosiose ma\u0161inose, tokiose kaip ekskavatoriai, ekskavatoriniai krautuvai ir frontaliniai krautuvai. \u0160ie hidrauliniai cilindrai leid\u017eia kau\u0161\u0105 pakelti, nuleisti ir pakreipti, taip palengvindami efektyv\u0173 med\u017eiag\u0173 tvarkym\u0105. Kau\u0161o cilindras atlieka labai svarb\u0173 vaidmen\u012f ekskavatori\u0173 veikime, nes leid\u017eia jiems tiksliai ir galingai atlikti \u012fvairias funkcijas.<\/p>\n<p><img decoding=\"async\" src=\"https:\/\/www.hydraulic-cylinders.net\/wp-content\/uploads\/2025\/04\/songte-company-1.webp\" alt=\"Ekskavatori\u0173 str\u0117l\u0117s cilindras\" \/><\/p>\n<h3>Apibr\u0117\u017eimas ir funkcija<\/h3>\n<p>Kau\u0161o cilindras yra hidraulinio cilindro tipas, specialiai skirtas valdyti kau\u0161o jud\u0117jim\u0105 sunkiosiose ma\u0161inose. Jis naudoja hidraulin\u0119 alyv\u0105 sl\u0117giui sukurti, tod\u0117l jud\u0117jimas yra kontroliuojamas. \u0160is mechanizmas u\u017etikrina skland\u0173 veikim\u0105, \u017eymiai pagerina ma\u0161inos funkcionalum\u0105 ir palengvina sunki\u0173 krovini\u0173 manevravim\u0105. \u0160i\u0173 cilindr\u0173 konstrukcijoje atsi\u017evelgiama \u012f tokius veiksnius kaip efektyvumas, ilgaam\u017ei\u0161kumas ir atsparumas at\u0161iaurioms darbo s\u0105lygoms, kurios yra b\u016btinos tokiose pramon\u0117s \u0161akose kaip statyba ir \u017eem\u0117s \u016bkis.<\/p>\n<h2>Pagrindin\u0117s str\u0117l\u0117s cilindro savyb\u0117s<\/h2>\n<ul>\n<li><strong>Didelis stiprumas ir ilgaam\u017ei\u0161kumas:<\/strong> Paprastai \u0161ie cilindrai gaminami i\u0161 didelio stiprumo plieno arba aliuminio, jie gali atlaikyti auk\u0161t\u0105 sl\u0117g\u012f ir dideles apkrovas, tod\u0117l tinka at\u0161iaurioms darbo s\u0105lygoms. J\u0173 konstrukcijoje da\u017enai atsi\u017evelgiama \u012f atsparum\u0105 dilimui ir antikorozines savybes, siekiant pailginti j\u0173 tarnavimo laik\u0105.<\/li>\n<li><strong>Efektyvus hidraulinis valdymas:<\/strong> Cilindrai naudoja hidraulin\u0117s alyvos sl\u0117g\u012f, kad skland\u017eiai i\u0161siskleist\u0173 ir susitraukt\u0173. Jie gali greitai reaguoti \u012f operacines komandas, u\u017etikrindami dideles st\u016bmimo ir traukimo j\u0117gas, kurios yra b\u016btinos tvarkant sunkias med\u017eiagas ir atliekant sud\u0117tingas u\u017eduotis.<\/li>\n<li><strong>\u012evair\u016bs tipai:<\/strong> Str\u0117l\u0117s cilindrus galima pasirinkti atsi\u017evelgiant \u012f eksploatacinius poreikius, \u012fskaitant vienpusio veikimo (veikian\u010dius viena kryptimi) arba dvipusio veikimo (veikian\u010dius dviem kryptimis) konstrukcijas. Kai kurie modeliai taip pat gali b\u016bti teleskopin\u0117s konstrukcijos, kad b\u016bt\u0173 galima labiau i\u0161tiesti nedidinant i\u0161orini\u0173 matmen\u0173, tod\u0117l tai idealiai tinka naudoti ribotoje erdv\u0117je.<\/li>\n<\/ul>\n<p>Mes gaminame \u0161\u012f produkt\u0105 ir m\u016bs\u0173 si\u016blomi produktai gali puikiai pakeisti \u012fvairius hidraulinius cilindrus.<\/p>\n<p><img decoding=\"async\" src=\"https:\/\/www.hydraulic-cylinders.net\/wp-content\/uploads\/2025\/04\/songte-cylinder-head-with-all-kinds-excavator-models.webp\" alt=\"Hidraulinis cilindras ekskavatoriams\" \/><\/p>\n<h2>Str\u0117l\u0117s cilindro pritaikymas<\/h2>\n<ul>\n<li><strong>Statybin\u0117 \u012franga:<\/strong> Str\u0117l\u0117s cilindrai randami ekskavatoriuose, kur jie yra b\u016btini kasant, kraunant ir perkeliant \u017eem\u0119 ar \u0161iuk\u0161les. Ekskavatoriuose-krautuvuose \u0161ie cilindrai palengvina tiek kasimo, tiek k\u0117limo darbus, leisdami operatoriams dirbti efektyviai.<\/li>\n<li><strong>\u017dem\u0117s \u016bkio technika:<\/strong> Priekiniuose krautuvuose str\u0117l\u0117s cilindrai naudojami dirvo\u017eemiui, \u0161ienui ir kitoms med\u017eiagoms semti, kelti ir transportuoti. J\u0173 tvirta konstrukcija palengvina \u017eem\u0117s \u016bkio darbus, tod\u0117l u\u017eduotys tampa lengvesn\u0117s ir efektyvesn\u0117s.<\/li>\n<li><strong>Ekskavatoriai:<\/strong> Kau\u0161o cilindras leid\u017eia ekskavatoriams efektyviai \u012fsiskverbti \u012f dirv\u0105, taip padidinant kasimo galimybes. \u0160i funkcija yra labai svarbi statybos, kasybos ir kra\u0161tovaizd\u017eio tvarkymo projektuose.<\/li>\n<li><strong>Krautuvai:<\/strong> Priekiniuose krautuvuose \u0161ie cilindrai padeda efektyviai pakelti ir i\u0161versti krovinius, o tai yra gyvybi\u0161kai svarbu tvarkant \u012fvairias med\u017eiagas statybviet\u0117se.<\/li>\n<\/ul>\n<h2>Projektavimo aspektai ir atrankos kriterijai<\/h2>\n<ul>\n<li><strong>Keliamoji galia:<\/strong> Str\u0117l\u0117s cilindro keliamoji galia yra esminis projektavimo aspektas. Jis turi atlaikyti ir pakelti didelius svorius nepakenkdamas savo konstrukciniam vientisumui. Tai apima bendros apkrovos apskai\u010diavim\u0105 ir cilindro, kuris gali j\u0105 saugiai atlaikyti, pasirinkim\u0105.<\/li>\n<li><strong>Sandarinimas:<\/strong> Efektyvus sandarinimas yra labai svarbus siekiant i\u0161vengti nuot\u0117ki\u0173 ir palaikyti sl\u0117g\u012f hidraulin\u0117je sistemoje. Tinkami sandarikliai, pavyzd\u017eiui, st\u016bmokliniai ir kot\u0173 sandarikliai, pagaminti i\u0161 poliuretano arba nitrilo gumos, u\u017etikrina ilgaam\u017ei\u0161kum\u0105 ir patikimum\u0105 \u012fvairiomis s\u0105lygomis.<\/li>\n<li><strong>Patvarumas:<\/strong> Cilindro ilgaam\u017ei\u0161kum\u0105 lemia jo patvarumas. Tai apima atsparum\u0105 dilimui, korozijai ir nuovargiui, u\u017etikrinant, kad jis gali efektyviai veikti net ir at\u0161iauriomis s\u0105lygomis.<\/li>\n<li><strong>Saugumas:<\/strong> Siekiant i\u0161vengti per didelio sl\u0117gio, kuris gali sukelti gedimus ir avarijas, \u012f konstrukcij\u0105 tur\u0117t\u0173 b\u016bti integruotos tokios saugos priemon\u0117s kaip sl\u0117gio ma\u017einimo vo\u017etuvai. Gerai suprojektuotame balione pirmenyb\u0117 turi b\u016bti teikiama naudotojo saugumui.<\/li>\n<li><strong>Prie\u017ei\u016bra:<\/strong> Lengvas techninis aptarnavimas yra esminis projektavimo veiksnys. \u012ediegus funkcijas, kurios leid\u017eia lengvai atlikti patikrinim\u0105 ir technin\u0119 prie\u017ei\u016br\u0105, galima gerokai suma\u017einti prastovas ir remonto i\u0161laidas.<\/li>\n<\/ul>\n<p><img decoding=\"async\" src=\"https:\/\/www.hydraulic-cylinders.net\/wp-content\/uploads\/2025\/04\/songte-oil-pipes-and-spare-parts.webp\" alt=\"Hidraulini\u0173 cilindr\u0173 dalys\" \/><\/p>\n<h2>Cilindro sandarinimas ir tepimas<\/h2>\n<p>Optimaliam na\u0161umui u\u017etikrinti naudojami \u012fvair\u016bs sandarinimo komponentai, \u012fskaitant st\u016bmokli\u0173 ir kot\u0173 sandariklius. Labai svarbu pasirinkti sandariklius, pagamintus i\u0161 atspari\u0173 dilimui med\u017eiag\u0173, toki\u0173 kaip poliuretanas ir nitrilo kau\u010diukas. Be to, cilindro korpusas ir srieginiai galai yra kruop\u0161\u010diai apdorojami, siekiant padidinti atsparum\u0105 dilimui. Norint u\u017etikrinti tinkam\u0105 sandarikli\u0173 ir visos hidraulin\u0117s sistemos veikim\u0105, i\u0161vengti dilimo ir pailginti cilindro tarnavimo laik\u0105, b\u016btina reguliariai tepti hidrauline alyva.<\/p>\n<h2>\u012eprastin\u0117 ap\u017ei\u016bra ir prevencin\u0117 prie\u017ei\u016bra<\/h2>\n<ul>\n<li><strong>Reguliar\u016bs patikrinimai:<\/strong> Reguliar\u016bs patikrinimai yra labai svarb\u016bs norint nustatyti susid\u0117v\u0117jim\u0105 ir galimas problemas, kol jos nepa\u016bm\u0117jo. Tai apima nuot\u0117ki\u0173 patikrinim\u0105, sandarikli\u0173 patikrinim\u0105 ir vis\u0173 jung\u010di\u0173 tvirtumo u\u017etikrinim\u0105.<\/li>\n<li><strong>Tinkamas tepimas:<\/strong> Tinkamas hidraulin\u0117s alyvos lygis ir \u0161vara pad\u0117s i\u0161laikyti optimal\u0173 na\u0161um\u0105. B\u016btina laikytis gamintojo nurodym\u0173 d\u0117l tepimo da\u017enumo ir kiekio.<\/li>\n<li><strong>Sandariklio keitimo ir kalibravimo patikrinimai:<\/strong> Tarpikliai tur\u0117t\u0173 b\u016bti pakeisti, kai atsiranda susid\u0117v\u0117jimo po\u017eymi\u0173. Reguliar\u016bs kalibravimo patikrinimai u\u017etikrins, kad cilindras veikt\u0173 pagal numatytus parametrus, o tai yra labai svarbu saugumui ir efektyvumui.<\/li>\n<\/ul>\n<h3>\u012erengimo gair\u0117s<\/h3>\n<p>Nor\u0117dami tinkamai sumontuoti str\u0117l\u0117s cilindr\u0105, atlikite \u0161iuos veiksmus:<\/p>\n<ol>\n<li>Prie\u0161 prad\u0117dami montavimo proces\u0105, \u012fsitikinkite, kad \u012franga pastatyta ant stabilaus, lygaus pavir\u0161iaus.<\/li>\n<li>Tinkamai sulygiuokite cilindr\u0105 su tvirtinimo laikikliais, kad i\u0161vengtum\u0117te nesutapimo, kuris gali sukelti prie\u0161laikin\u012f susid\u0117v\u0117jim\u0105 ar gedim\u0105.<\/li>\n<li>Cilindrui pritvirtinti naudokite tinkamus tvirtinimo laikiklius, u\u017etikrindami, kad jis b\u016bt\u0173 tvirtai pritvirtintas ir nejud\u0117t\u0173 eksploatacijos metu.<\/li>\n<li>Prijunkite hidraulines \u017earnas, u\u017etikrindami, kad jos neb\u016bt\u0173 sulenktos ir per daug i\u0161temptos. Dar kart\u0105 patikrinkite visas jungtis, kad neb\u016bt\u0173 nuot\u0117ki\u0173.<\/li>\n<li>\u012edieg\u0119 \u012frang\u0105, atlikite i\u0161sam\u0173 bandym\u0105, kad \u012fsitikintum\u0117te, jog ji tinkamai veikia, prie\u0161 v\u0117l j\u0105 \u012fprastai naudodami.<\/li>\n<\/ol>\n<p><img decoding=\"async\" src=\"https:\/\/www.hydraulic-cylinders.net\/wp-content\/uploads\/2025\/04\/songte-chushion-collar.webp\" alt=\"Hidraulinio cilindro montavimas\" \/><\/p>\n<h2>Saugos aspektai ir aplinkos veiksniai<\/h2>\n<p>Aptariant su str\u0117l\u0117s cilindru susijusias saugos priemones, b\u016btina pabr\u0117\u017eti saugos protokol\u0173 laikymosi svarb\u0105. Operatoriai tur\u0117t\u0173 b\u016bti tinkamai apmokyti, kaip valdyti technik\u0105, \u012fskaitant su hidraulin\u0117mis sistemomis susijusi\u0173 pavoj\u0173 atpa\u017einim\u0105. U\u017etikrinus, kad b\u016bt\u0173 visa saugos \u012franga, pvz., sl\u0117gio ma\u017einimo vo\u017etuvai, galima i\u0161vengti nelaiming\u0173 atsitikim\u0173 ir u\u017etikrinti saugesn\u0119 darbo aplink\u0105.<\/p>\n<h2>Trik\u010di\u0173 \u0161alinimas ir da\u017eniausiai pasitaikan\u010dios problemos<\/h2>\n<ul>\n<li><strong>Nuot\u0117kiai:<\/strong> Hidraulinio skys\u010dio nuot\u0117kis gali rodyti sandariklio gedim\u0105 arba jung\u010di\u0173 problemas. Reguliariai tikrinkite sandariklius ir jungtis, kad nustatytum\u0117te ir pa\u0161alintum\u0117te nuot\u0117kio \u0161altin\u012f.<\/li>\n<li><strong>L\u0117tas veikimas:<\/strong> Jei cilindras veikia l\u0117tai, tai gali b\u016bti d\u0117l \u017eemo hidraulinio skys\u010dio lygio arba u\u017eter\u0161tos alyvos. Patikrinkite skys\u010dio lyg\u012f ir, jei reikia, pakeiskite alyv\u0105.<\/li>\n<li><strong>Ne\u012fprasti garsai:<\/strong> Ne\u012fprasti garsai veikimo metu gali reik\u0161ti mechanines problemas. Patikrinkite cilindr\u0105 ir hidraulin\u0119 sistem\u0105, ar n\u0117ra koki\u0173 nors pa\u017eeidim\u0173 ar susid\u0117v\u0117jimo po\u017eymi\u0173.<\/li>\n<\/ul>\n<h2>Trik\u010di\u0173 \u0161alinimo patarimai<\/h2>\n<p>Nor\u0117dami efektyviai diagnozuoti ir i\u0161spr\u0119sti str\u0117l\u0117s cilindro problemas, atsi\u017evelkite \u012f \u0161iuos patarimus:<\/p>\n<ul>\n<li>Reguliariai steb\u0117kite ir palaikykite hidraulinio skys\u010dio lyg\u012f, kad i\u0161vengtum\u0117te eksploatacini\u0173 problem\u0173.<\/li>\n<li>Steb\u0117kite tarpikli\u0173 veikim\u0105 ir pakeiskite juos vos pasteb\u0117j\u0119 pirmuosius susid\u0117v\u0117jimo po\u017eymius, kad i\u0161vengtum\u0117te skys\u010di\u0173 nuot\u0117kio.<\/li>\n<li>Reguliariai tikrinkite cilindr\u0105, ar n\u0117ra susid\u0117v\u0117jimo ar pa\u017eeidim\u0173 po\u017eymi\u0173, ir spr\u0119skite problemas joms i\u0161kilus, kad i\u0161vengtum\u0117te tolesni\u0173 komplikacij\u0173.<\/li>\n<\/ul>\n<p><img decoding=\"async\" src=\"https:\/\/www.hydraulic-cylinders.net\/wp-content\/uploads\/2025\/04\/songte-bushings-with-all-kinds-of-excavator-models.webp\" alt=\"Hidraulinio cilindro \u012fvor\u0117\" \/><\/p>\n<h2>Apie m\u016bs\u0173 \u012fmon\u0119<\/h2>\n<p>Esame gamintojas, kurio specializacija \u2013 atsargini\u0173 hidraulini\u0173 cilindr\u0173 gamyba. D\u0117l plataus gamini\u0173 asortimento esame pirmaujantis gamintojas ir didmeninis platintojas tiek vidaus, tiek tarptautin\u0117se rinkose. Mes laikom\u0117s auk\u0161\u010diausios kokyb\u0117s principo ir vadovaujam\u0117s rafinuota gamybos valdymo strategija. M\u016bs\u0173 \u012fmon\u0117 nuolat tobulina savo gamybos platform\u0105, pasitelkdama kvalifikuotus darbuotojus, auk\u0161\u010diausios klas\u0117s skaitmenin\u0119 gamybos \u012frang\u0105 ir specializuotas bandym\u0173 sistemas, u\u017etikrindama, kad patenkintume \u012fvairius klient\u0173 poreikius dideliu efektyvumu, tikslumu ir kokybe.<\/p>\n<p><img decoding=\"async\" src=\"https:\/\/www.hydraulic-cylinders.net\/wp-content\/uploads\/2025\/04\/songte-company-4.webp\" alt=\"\u012emon\u0117s ap\u017evalga\" \/><br \/>\n<img decoding=\"async\" src=\"https:\/\/www.hydraulic-cylinders.net\/wp-content\/uploads\/2025\/04\/songte-company-3.webp\" alt=\"Gamybos \u012fmon\u0117\" \/><\/p>\n<p>M\u016bs\u0173 atsidavimas profesionalumui, tarptautiniai sertifikatai, individualiai pritaikytos paslaugos, pa\u017eangi gamybos \u012franga ir i\u0161skirtinis aptarnavimas po pardavimo i\u0161skiria mus i\u0161 kit\u0173 pramon\u0117s \u0161ak\u0173.<\/p>\n<p>Autorius: lyl<\/p>","protected":false},"excerpt":{"rendered":"<p>Boom Cylinder For Hyundai Middle Excavator R170LC-5 Product Overview The Boom Cylinder is a vital component in hydraulic systems, specifically designed for controlling the movements of the bucket in heavy machinery such as excavators, backhoe loaders, and front loaders. These hydraulic cylinders enable the bucket to lift, lower, and tilt, facilitating efficient material handling tasks. [&hellip;]<\/p>","protected":false},"featured_media":17867,"comment_status":"open","ping_status":"closed","template":"","meta":{"_et_pb_use_builder":"","_et_pb_old_content":"","_et_gb_content_width":""},"product_brand":[],"product_cat":[1546],"product_tag":[1547,1496],"class_list":{"0":"post-19030","1":"product","2":"type-product","3":"status-publish","4":"has-post-thumbnail","6":"product_cat-boom-cylinders","7":"product_tag-boom-cylinders","8":"product_tag-hydraulic-cylinders","10":"first","11":"instock","12":"shipping-taxable","13":"product-type-simple"},"amp_enabled":true,"_links":{"self":[{"href":"https:\/\/www.hydraulic-cylinders.net\/lt\/wp-json\/wp\/v2\/product\/19030","targetHints":{"allow":["GET"]}}],"collection":[{"href":"https:\/\/www.hydraulic-cylinders.net\/lt\/wp-json\/wp\/v2\/product"}],"about":[{"href":"https:\/\/www.hydraulic-cylinders.net\/lt\/wp-json\/wp\/v2\/types\/product"}],"replies":[{"embeddable":true,"href":"https:\/\/www.hydraulic-cylinders.net\/lt\/wp-json\/wp\/v2\/comments?post=19030"}],"wp:featuredmedia":[{"embeddable":true,"href":"https:\/\/www.hydraulic-cylinders.net\/lt\/wp-json\/wp\/v2\/media\/17867"}],"wp:attachment":[{"href":"https:\/\/www.hydraulic-cylinders.net\/lt\/wp-json\/wp\/v2\/media?parent=19030"}],"wp:term":[{"taxonomy":"product_brand","embeddable":true,"href":"https:\/\/www.hydraulic-cylinders.net\/lt\/wp-json\/wp\/v2\/product_brand?post=19030"},{"taxonomy":"product_cat","embeddable":true,"href":"https:\/\/www.hydraulic-cylinders.net\/lt\/wp-json\/wp\/v2\/product_cat?post=19030"},{"taxonomy":"product_tag","embeddable":true,"href":"https:\/\/www.hydraulic-cylinders.net\/lt\/wp-json\/wp\/v2\/product_tag?post=19030"}],"curies":[{"name":"wp","href":"https:\/\/api.w.org\/{rel}","templated":true}]}}