{"id":19036,"date":"2025-04-07T06:09:45","date_gmt":"2025-04-07T06:09:45","guid":{"rendered":"https:\/\/www.hydraulic-cylinders.net\/product\/boom-cylinder-for-hyundai-middle-excavator-r190lc-5\/"},"modified":"2025-04-07T06:09:47","modified_gmt":"2025-04-07T06:09:47","slug":"boom-cylinder-for-hyundai-middle-excavator-r190lc-5","status":"publish","type":"product","link":"https:\/\/www.hydraulic-cylinders.net\/lt\/produktas\/boom-cylinder-for-hyundai-middle-excavator-r190lc-5\/","title":{"rendered":"\u201eHyundai Middle Excavator R190LC-5\u201c str\u0117l\u0117s cilindras"},"content":{"rendered":"<h1>\u201eHyundai Middle Excavator R190LC-5\u201c str\u0117l\u0117s cilindras<\/h1>\n<h2>Produkto ap\u017evalga<\/h2>\n<p>\u201eHyundai Middle Excavator R190LC-5\u201c str\u0117l\u0117s cilindras yra specializuotas hidraulinis cilindras, skirtas valdyti sunkiosios technikos str\u0117l\u0117s svirties jud\u0117jim\u0105. \u0160is cilindras atlieka labai svarb\u0173 vaidmen\u012f didinant kasimo darb\u0173 efektyvum\u0105, nes leid\u017eia operatoriui pakelti, nuleisti ir pakreipti str\u0117l\u0119, taip palengvinant med\u017eiag\u0173 tvarkymo operacijas. Kau\u0161o cilindrai yra esminis hidraulini\u0173 sistem\u0173 komponentas, ypa\u010d tokiose ma\u0161inose kaip ekskavatoriai, ekskavatoriniai krautuvai ir frontaliniai krautuvai, kur b\u016btina tiksliai valdyti kau\u0161o jud\u0117jim\u0105, kad b\u016bt\u0173 galima efektyviai kasti, krauti ir transportuoti med\u017eiagas.<\/p>\n<p><img decoding=\"async\" src=\"https:\/\/www.hydraulic-cylinders.net\/wp-content\/uploads\/2025\/04\/songte-company-1.webp\" alt=\"Str\u0117l\u0117s cilindras\"><\/p>\n<h3>Pagrindin\u0117s savyb\u0117s<\/h3>\n<ul>\n<li><strong>Didelis stiprumas ir ilgaam\u017ei\u0161kumas:<\/strong> Pagaminti i\u0161 didelio stiprumo plieno arba aliuminio, \u0161ie cilindrai gali atlaikyti auk\u0161t\u0105 sl\u0117g\u012f ir dideles apkrovas, tod\u0117l tinkami naudoti at\u0161iauriomis darbo s\u0105lygomis. Konstrukcijoje numatytos savyb\u0117s \u2013 atsparumas dilimui ir korozijai, siekiant pailginti tarnavimo laik\u0105.<\/li>\n<li><strong>Efektyvus hidraulinis valdymas:<\/strong> \u0160ie cilindrai, naudodami hidraulin\u0117s alyvos sl\u0117g\u012f skland\u017eiam i\u0161st\u016bmimui ir \u012ftraukimui, greitai reaguoja \u012f operatoriaus komandas ir u\u017etikrina galingas st\u016bmimo bei traukimo j\u0117gas, idealiai tinkan\u010dias sunkioms ir sud\u0117tingoms u\u017eduotims atlikti.<\/li>\n<li><strong>\u012evair\u016bs tipai:<\/strong> Priklausomai nuo eksploatacini\u0173 poreiki\u0173, galite rinktis vienpusio veikimo (hidraulikos naudojimas viena kryptimi) arba dvipusio veikimo (hidraulikos naudojimas abiem kryptimis) cilindrus. Kai kurie modeliai pasi\u017eymi teleskopine konstrukcija, leid\u017eian\u010dia didesn\u012f i\u0161pl\u0117tim\u0105 nedidinant i\u0161orini\u0173 matmen\u0173, tod\u0117l tinka ank\u0161toms erdv\u0117ms.<\/li>\n<li><strong>Individuali gamyba:<\/strong> Mes si\u016blome individuali\u0105 \u0161i\u0173 cilindr\u0173 gamyb\u0105, u\u017etikrindami, kad m\u016bs\u0173 gaminiai puikiai pakeis esamus hidraulinius cilindrus.<\/li>\n<li><strong>Pa\u017eangus dizainas:<\/strong> In\u017eineriniai aspektai u\u017etikrina, kad kiekvienas cilindras veikt\u0173 optimaliai \u012fvairiose srityse.<\/li>\n<\/ul>\n<p><img decoding=\"async\" src=\"https:\/\/www.hydraulic-cylinders.net\/wp-content\/uploads\/2025\/04\/songte-cylinder-head-with-all-kinds-excavator-models.webp\" alt=\"Ekskavatoriaus cilindro galvut\u0117\"><\/p>\n<h2>Parai\u0161kos<\/h2>\n<h3>Statybin\u0117 \u012franga<\/h3>\n<p>Ekskavatoriuose str\u0117l\u0117s cilindrai yra gyvybi\u0161kai svarb\u016bs kasant, kraunant ir perkeliant grunt\u0105 ar \u0161iuk\u0161les. Galimyb\u0117 valdyti str\u0117l\u0117s pad\u0117t\u012f padidina darbo efektyvum\u0105 ir tikslum\u0105, leisdama operatoriams lengvai atlikti sud\u0117tingas u\u017eduotis. Ekskavatoriuose-krautuvuose str\u0117l\u0117s cilindrai padeda tiek kasti, tiek kelti, tod\u0117l jie yra nepakei\u010diami atliekant \u012fvairi\u0105 statybos veikl\u0105.<\/p>\n<h3>\u017dem\u0117s \u016bkio technika<\/h3>\n<p>Priekiniuose krautuvuose str\u0117l\u0117s cilindrai atlieka itin svarb\u0173 vaidmen\u012f semiant, keliant ir transportuojant dirvo\u017eem\u012f, \u0161ien\u0105 ir kitas med\u017eiagas. D\u0117l savo geb\u0117jimo dirbti esant apkrovai jie yra b\u016btini \u017eem\u0117s \u016bkio darbams, kuriems reikalingos didel\u0117s k\u0117limo ir tvarkymo galios.<\/p>\n<h3>Ekskavatoriai<\/h3>\n<p>Ekskavatori\u0173 str\u0117l\u0117s cilindras leid\u017eia kau\u0161ui efektyviai \u012fsiskverbti \u012f dirv\u0105, atliekant kasimo darbus, reikalingus \u017eem\u0117s kasimo projektams. Pateikta hidraulin\u0117 galia leid\u017eia greitai ir efektyviai kasti, o tai \u017eymiai padidina na\u0161um\u0105 darbo vietose.<\/p>\n<h3>Krautuvai<\/h3>\n<p>Priekiniuose krautuvuose str\u0117l\u0117s cilindrai padeda kelti ir i\u0161versti med\u017eiagas, taip padidindami bendr\u0105 veiklos efektyvum\u0105. J\u0173 konstrukcija palengvina sunki\u0173 krovini\u0173 k\u0117lim\u0105 ir efektyv\u0173 med\u017eiag\u0173 tvarkym\u0105 atliekant statybos ar krovimo darbus.<\/p>\n<h2>Projektavimo aspektai ir atrankos kriterijai<\/h2>\n<h3>Keliamoji galia<\/h3>\n<p>Renkantis str\u0117l\u0117s cilindr\u0105, svarbiausias aspektas yra keliamoji galia. Cilindras turi atlaikyti perkeliam\u0173 med\u017eiag\u0173 svor\u012f be gedimo rizikos. Siekiant u\u017etikrinti teising\u0105 pasirinkim\u0105, reikia \u012fvertinti tokius veiksnius kaip maksimalus krovinio svoris, med\u017eiagos tipas ir naudojimo reikalavimai.<\/p>\n<h3>Sandarinimo efektyvumas<\/h3>\n<p>Efektyvus sandarinimas yra labai svarbus hidrauliniams cilindrams. Kokybi\u0161ki sandarikliai apsaugo nuo hidraulinio skys\u010dio nuot\u0117kio, u\u017etikrindami optimal\u0173 na\u0161um\u0105 ir ilgaam\u017ei\u0161kum\u0105. Pasirinkus sandariklius, pagamintus i\u0161 auk\u0161tos kokyb\u0117s med\u017eiag\u0173, toki\u0173 kaip poliuretanas arba nitrilo kau\u010diukas, galima padidinti patvarum\u0105 ir atsparum\u0105 dilimui.<\/p>\n<h3>Patvarumas<\/h3>\n<p>Str\u0117l\u0117s cilindr\u0173 patvarumas yra gyvybi\u0161kai svarbus ilgalaikiam veikimui. Tokie veiksniai kaip med\u017eiagos stiprumas, atsparumas korozijai ir dilimui gali tur\u0117ti didel\u0117s \u012ftakos hidraulini\u0173 cilindr\u0173 tarnavimo laikui. Auk\u0161tos kokyb\u0117s gamybos procesai ir med\u017eiagos padeda sukurti tvirtus cilindrus, galin\u010dius atlaikyti at\u0161iaurias s\u0105lygas.<\/p>\n<h3>Saugos funkcijos<\/h3>\n<p>Dirbant su hidraulin\u0117mis ma\u0161inomis, saugumas yra svarbiausias dalykas. Cilindrai turi b\u016bti suprojektuoti taip, kad b\u016bt\u0173 i\u0161vengta per didelio i\u0161sitempimo ir u\u017etikrintas stabilumas eksploatacijos metu. Saugos priemoni\u0173 \u012fgyvendinimas suma\u017eina nelaiming\u0173 atsitikim\u0173 rizik\u0105 ir padidina naudotoj\u0173 pasitik\u0117jim\u0105 ma\u0161in\u0173 veikimu.<\/p>\n<h3>Prieinamumas prie prie\u017ei\u016bros<\/h3>\n<p>Paprasta prie\u017ei\u016bra yra b\u016btina norint u\u017etikrinti nepertraukiam\u0105 veikim\u0105. Konstrukcija tur\u0117t\u0173 leisti lengvai ap\u017ei\u016br\u0117ti, sutepti ir pakeisti komponentus. Cilindras, u\u017etikrinantis lengv\u0105 prieig\u0105 prie svarbiausi\u0173 prie\u017ei\u016bros viet\u0173, gali sutaupyti laiko ir suma\u017einti prastovas.<\/p>\n<p><img decoding=\"async\" src=\"https:\/\/www.hydraulic-cylinders.net\/wp-content\/uploads\/2025\/04\/songte-oil-pipes-and-spare-parts.webp\" alt=\"Hidraulini\u0173 cilindr\u0173 dalys\"><\/p>\n<h2>Sandarinimas ir tepimas<\/h2>\n<p>Efektyvus sandarinimas ir tepimas yra labai svarb\u016bs hidraulini\u0173 cilindr\u0173 veikimui ir ilgaam\u017ei\u0161kumui. Siekiant i\u0161vengti hidraulinio skys\u010dio nuot\u0117kio, naudojami \u012fvair\u016bs sandarikliai, pavyzd\u017eiui, st\u016bmokli\u0173 ir stryp\u0173 sandarikliai. Sandarikliai, pagaminti i\u0161 atspari\u0173 dilimui med\u017eiag\u0173, toki\u0173 kaip poliuretanas ir nitrilo kau\u010diukas, u\u017etikrina optimal\u0173 veikim\u0105 \u012fvairiomis s\u0105lygomis. Be to, cilindro korpusas ir srieginiai galiniai pavir\u0161iai yra kruop\u0161\u010diai apdorojami, siekiant padidinti atsparum\u0105 dilimui. Taip pat labai svarbu reguliariai pildyti cilindr\u0105 tinkamu hidraulin\u0117s alyvos kiekiu, kad b\u016bt\u0173 u\u017etikrintas tinkamas tepimas, i\u0161vengta dilimo ir pagerintas na\u0161umas.<\/p>\n<h2>Prevencin\u0117s prie\u017ei\u016bros priemon\u0117s<\/h2>\n<ul>\n<li><strong>Reguliar\u016bs patikrinimai:<\/strong> Da\u017enai tikrinkite hidraulinius cilindrus, ar n\u0117ra susid\u0117v\u0117jimo, nuot\u0117ki\u0173 ir pa\u017eeidim\u0173 po\u017eymi\u0173. Ankstyvas galim\u0173 problem\u0173 nustatymas gali pad\u0117ti i\u0161vengti dideli\u0173 gedim\u0173 ir pailginti \u012frangos tarnavimo laik\u0105.<\/li>\n<li><strong>Tinkamas tepimas:<\/strong> \u012esitikinkite, kad hidraulin\u0117s alyvos lygis ir kokyb\u0117 yra tinkami. Reguliariai tikrinkite ir keiskite alyv\u0105, kad i\u0161laikytum\u0117te optimal\u0173 na\u0161um\u0105 ir i\u0161vengtum\u0117te pa\u017eeidim\u0173.<\/li>\n<li><strong>Sandariklio keitimas:<\/strong> Steb\u0117kite tarpikli\u0173 b\u016bkl\u0119 ir prireikus juos keiskite, kad i\u0161vengtum\u0117te nuot\u0117ki\u0173 ir palaikytum\u0117te hidraulin\u012f na\u0161um\u0105. Tarpiklius reikia reguliariai tikrinti, kad nustatytum\u0117te, kada juos reikia keisti.<\/li>\n<\/ul>\n<h2>\u012erengimo gair\u0117s<\/h2>\n<p>Tinkamas str\u0117l\u0117s cilindr\u0173 montavimas yra b\u016btinas optimaliam veikimui. Pirmiausia \u012fsitikinkite, kad visi komponentai yra \u0161var\u016bs ir be \u0161iuk\u0161li\u0173. Tinkamai sulygiuokite cilindr\u0105 su tvirtinimo ta\u0161kais, kad i\u0161vengtum\u0117te nesutapimo, kuris gali sukelti prie\u0161laikin\u012f susid\u0117v\u0117jim\u0105 ir gedim\u0105. Patartina naudoti tinkamus tvirtinimo laikiklius, kad cilindras b\u016bt\u0173 pritvirtintas vietoje. Laikykit\u0117s gamintojo nurodym\u0173 d\u0117l sukimo momento nustatym\u0173 ir jung\u010di\u0173 tip\u0173, kad u\u017etikrintum\u0117te tvirt\u0105 pritvirtinim\u0105. \u012edieg\u0119 atlikite i\u0161sam\u0173 patikrinim\u0105, kad \u012fsitikintum\u0117te, jog visi komponentai veikia tinkamai. Tai apima \u017earn\u0173 ir jungiam\u0173j\u0173 detali\u0173 patikrinim\u0105, ar n\u0117ra nuot\u0117ki\u0173, ir u\u017etikrinim\u0105, kad hidraulin\u0117 sistema b\u016bt\u0173 tinkamai u\u017epildyta.<\/p>\n<h2>\u012eprastos prie\u017ei\u016bros u\u017eduotys<\/h2>\n<h3>Reguliar\u016bs patikrinimai<\/h3>\n<p>Reguliar\u016bs patikrinimai yra labai svarb\u016bs norint nustatyti galimas problemas, kol jos netapo rimtomis. Patikrinkite, ar n\u0117ra susid\u0117v\u0117jimo po\u017eymi\u0173, nuot\u0117ki\u0173 ir r\u016bd\u017ei\u0173. Reguliariai tikrinkite hidraulines linijas ir jungtis, kad \u012fsitikintum\u0117te, jog jos yra tvirtos ir tinkamai veikia.<\/p>\n<h3>Tinkamas tepimas<\/h3>\n<p>Tinkamas tepimas yra labai svarbus norint u\u017etikrinti skland\u0173 veikim\u0105. Reguliariai tikrinkite hidraulinio skys\u010dio lyg\u012f ir prireikus papildykite. Naudokite rekomenduojamo tipo hidraulin\u012f skyst\u012f, kad u\u017etikrintum\u0117te suderinamum\u0105 ir optimal\u0173 veikim\u0105. Tinkamas tepimas suma\u017eina trint\u012f, susid\u0117v\u0117jim\u0105 ir perkaitim\u0105, pailgindamas cilindro tarnavimo laik\u0105.<\/p>\n<h3>Tarpikli\u0173 keitimas ir kalibravimo patikrinimai<\/h3>\n<p>Laikui b\u0117gant, sandarikliai gali susid\u0117v\u0117ti, d\u0117l to gali atsirasti nuot\u0117ki\u0173 ir suma\u017e\u0117ti na\u0161umas. Reguliariai tikrinkite sandariklius ir prireikus juos keiskite, kad i\u0161laikytum\u0117te hidraulin\u0117s sistemos vientisum\u0105. Kalibravimo patikrinimai taip pat svarb\u016bs siekiant u\u017etikrinti, kad hidraulin\u0117 sistema veikt\u0173 pagal nurodytus parametrus, i\u0161vengiant perkrov\u0173 ir galim\u0173 pa\u017eeidim\u0173.<\/p>\n<p><img decoding=\"async\" src=\"https:\/\/www.hydraulic-cylinders.net\/wp-content\/uploads\/2025\/04\/songte-chushion-collar.webp\" alt=\"Pagalv\u0117l\u0117s apykakl\u0117\"><\/p>\n<h2>Saugos aspektai ir aplinkos veiksniai<\/h2>\n<p>Dirbant su hidrauliniais cilindrais, saugos priemon\u0117s turi b\u016bti teikiamos pirmenyb\u0117. Tinkamas operatori\u0173 mokymas yra b\u016btinas, siekiant u\u017etikrinti, kad jie suprast\u0173 su hidrauline \u012franga susijusi\u0105 rizik\u0105. Darbo metu visada reikia d\u0117v\u0117ti apsaugin\u0119 \u012frang\u0105, kad b\u016bt\u0173 i\u0161vengta traum\u0173. Be to, aplinkos veiksniai, tokie kaip temperat\u016bra ir dr\u0117gm\u0117, gali tur\u0117ti \u012ftakos hidrauliniam veikimui. U\u017etikrinus, kad cilindrai b\u016bt\u0173 naudojami nurodytomis aplinkos s\u0105lygomis, galima i\u0161vengti prie\u0161laikinio gedimo ir padidinti saug\u0105.<\/p>\n<h2>Gedim\u0173 diagnostika ir da\u017eniausios problemos<\/h2>\n<ul>\n<li><strong>Nuot\u0117kis:<\/strong> Hidraulinio skys\u010dio nuot\u0117kis gali rodyti susid\u0117v\u0117jusius sandariklius arba pa\u017eeistas \u017earnas. Reguliarus patikrinimas gali pad\u0117ti anksti nustatyti \u0161ias problemas.<\/li>\n<li><strong>Na\u0161umo problemos:<\/strong> Jei str\u0117l\u0117s cilindras nereaguoja tinkamai, tai gali b\u016bti d\u0117l nepakankamo hidraulinio skys\u010dio lygio arba u\u017eter\u0161tumo sistemoje.<\/li>\n<li><strong>Perkaitimas:<\/strong> Perkaitim\u0105 gali sukelti nepakankamas tepimas arba per didel\u0117 apkrova. Darbin\u0117s temperat\u016bros steb\u0117jimas gali pad\u0117ti i\u0161vengti \u017ealos.<\/li>\n<\/ul>\n<h2>Trik\u010di\u0173 \u0161alinimo patarimai<\/h2>\n<p>Nor\u0117dami efektyviai pa\u0161alinti hidraulikos problemas, pirmiausia patikrinkite, ar n\u0117ra nuot\u0117ki\u0173, ir patikrinkite sandariklius bei \u017earnas. \u012esitikinkite, kad hidraulinio skys\u010dio lygis yra rekomenduojamas ir jame n\u0117ra ter\u0161al\u0173. Jei kyla problem\u0173 d\u0117l veikimo, per\u017ei\u016br\u0117kite eksploatacinius nustatymus ir patikrinkite, ar n\u0117ra ne\u012fprast\u0173 gars\u0173, kurie gali rodyti mechanin\u012f gedim\u0105. Taip pat patartina reguliariai atlikti technin\u0119 prie\u017ei\u016br\u0105, kad b\u016bt\u0173 suma\u017eintas galim\u0173 problem\u0173 skai\u010dius.<\/p>\n<p><img decoding=\"async\" src=\"https:\/\/www.hydraulic-cylinders.net\/wp-content\/uploads\/2025\/04\/songte-bushings-with-all-kinds-of-excavator-models.webp\" alt=\"Ekskavatoriaus \u012fvor\u0117s\"><\/p>\n<h2>\u012emon\u0117s ap\u017evalga<\/h2>\n<p>Esame pirmaujantis pakaitini\u0173 hidraulini\u0173 cilindr\u0173 gamintojas ir didmenininkas, si\u016blantis plat\u0173 gamini\u0173 asortiment\u0105. M\u016bs\u0173 \u012fsipareigojimas siekti meistri\u0161kumo ir pa\u017eangios gamybos strategijos \u012ftvirtino m\u016bs\u0173, kaip \u017einomo \u017eaid\u0117jo tiek vidaus, tiek tarptautin\u0117se rinkose, pozicij\u0105. Pasitelkdami kvalifikuotus darbuotojus ir auk\u0161\u010diausios klas\u0117s skaitmenin\u0119 gamybos \u012frang\u0105, nuolat tobuliname savo gamybos paj\u0117gumus ir u\u017etikriname auk\u0161tus kokyb\u0117s standartus. D\u0117mesys efektyvumui, tikslumui ir kokybei leid\u017eia mums efektyviai patenkinti \u012fvairius klient\u0173 poreikius.<\/p>\n<p><img decoding=\"async\" src=\"https:\/\/www.hydraulic-cylinders.net\/wp-content\/uploads\/2025\/04\/songte-company-4.webp\" alt=\"\u012emon\u0117s ap\u017evalga\"><br \/>\n<img decoding=\"async\" src=\"https:\/\/www.hydraulic-cylinders.net\/wp-content\/uploads\/2025\/04\/songte-company-3.webp\" alt=\"\u012emon\u0117s gamyba\"><\/p>\n<p>M\u016bs\u0173 \u012fmon\u0117 pasi\u017eymi profesine patirtimi, tarptautiniais sertifikatais, individualiai pritaikytomis paslaugomis, pa\u017eangia gamybos \u012franga ir i\u0161skirtiniu aptarnavimu po pardavimo.<\/p>\n<p>Autorius: lyl<\/p>","protected":false},"excerpt":{"rendered":"<p>Boom Cylinder For Hyundai Middle Excavator R190LC-5 Product Overview The Boom Cylinder for Hyundai Middle Excavator R190LC-5 is a specialized hydraulic cylinder designed to control the movement of the boom arm in heavy machinery. This cylinder plays a crucial role in enhancing the efficiency of excavating tasks by allowing the operator to lift, lower, and [&hellip;]<\/p>","protected":false},"featured_media":17872,"comment_status":"open","ping_status":"closed","template":"","meta":{"_et_pb_use_builder":"","_et_pb_old_content":"","_et_gb_content_width":""},"product_brand":[],"product_cat":[1546],"product_tag":[1547,1496],"class_list":{"0":"post-19036","1":"product","2":"type-product","3":"status-publish","4":"has-post-thumbnail","6":"product_cat-boom-cylinders","7":"product_tag-boom-cylinders","8":"product_tag-hydraulic-cylinders","10":"first","11":"instock","12":"shipping-taxable","13":"product-type-simple"},"amp_enabled":true,"_links":{"self":[{"href":"https:\/\/www.hydraulic-cylinders.net\/lt\/wp-json\/wp\/v2\/product\/19036","targetHints":{"allow":["GET"]}}],"collection":[{"href":"https:\/\/www.hydraulic-cylinders.net\/lt\/wp-json\/wp\/v2\/product"}],"about":[{"href":"https:\/\/www.hydraulic-cylinders.net\/lt\/wp-json\/wp\/v2\/types\/product"}],"replies":[{"embeddable":true,"href":"https:\/\/www.hydraulic-cylinders.net\/lt\/wp-json\/wp\/v2\/comments?post=19036"}],"wp:featuredmedia":[{"embeddable":true,"href":"https:\/\/www.hydraulic-cylinders.net\/lt\/wp-json\/wp\/v2\/media\/17872"}],"wp:attachment":[{"href":"https:\/\/www.hydraulic-cylinders.net\/lt\/wp-json\/wp\/v2\/media?parent=19036"}],"wp:term":[{"taxonomy":"product_brand","embeddable":true,"href":"https:\/\/www.hydraulic-cylinders.net\/lt\/wp-json\/wp\/v2\/product_brand?post=19036"},{"taxonomy":"product_cat","embeddable":true,"href":"https:\/\/www.hydraulic-cylinders.net\/lt\/wp-json\/wp\/v2\/product_cat?post=19036"},{"taxonomy":"product_tag","embeddable":true,"href":"https:\/\/www.hydraulic-cylinders.net\/lt\/wp-json\/wp\/v2\/product_tag?post=19036"}],"curies":[{"name":"wp","href":"https:\/\/api.w.org\/{rel}","templated":true}]}}