{"id":19050,"date":"2025-04-07T06:10:22","date_gmt":"2025-04-07T06:10:22","guid":{"rendered":"https:\/\/www.hydraulic-cylinders.net\/product\/boom-cylinder-for-hyundai-large-excavator-r450lc-5\/"},"modified":"2025-04-07T06:10:24","modified_gmt":"2025-04-07T06:10:24","slug":"boom-cylinder-for-hyundai-large-excavator-r450lc-5","status":"publish","type":"product","link":"https:\/\/www.hydraulic-cylinders.net\/lt\/produktas\/boom-cylinder-for-hyundai-large-excavator-r450lc-5\/","title":{"rendered":"\u201eHyundai\u201c didelio ekskavatoriaus R450LC-5 str\u0117l\u0117s cilindras"},"content":{"rendered":"<h1>\u201eHyundai\u201c didelio ekskavatoriaus R450LC-5 str\u0117l\u0117s cilindras<\/h1>\n<h2>\u012evadas \u012f str\u0117l\u0117s cilindrus<\/h2>\n<p>Str\u0117l\u0117s cilindras yra labai svarbus hidraulinis komponentas, specialiai sukurtas valdyti str\u0117l\u0117s svirties jud\u0117jim\u0105 sunkiosiose ma\u0161inose, tokiose kaip ekskavatoriai, ekskavatoriai ir frontaliniai krautuvai. Jis leid\u017eia str\u0117lei kelti, nuleisti ir pakreipti, taip palengvindamas efektyv\u0173 med\u017eiag\u0173 tvarkym\u0105. \u0160ie hidrauliniai cilindrai veikia naudodami hidraulinio skys\u010dio sl\u0117g\u012f, kad sukurt\u0173 kontroliuojamus judesius, tod\u0117l jie yra b\u016btini \u012fvairioms statyb\u0173 ir \u017eem\u0117s \u016bkio ma\u0161in\u0173 reikm\u0117ms.<\/p>\n<p><img decoding=\"async\" src=\"https:\/\/www.hydraulic-cylinders.net\/wp-content\/uploads\/2025\/04\/songte-company-1.webp\" alt=\"Str\u0117l\u0117s cilindras\" \/><\/p>\n<h2>Pagrindin\u0117s str\u0117l\u0117s cilindro savyb\u0117s<\/h2>\n<ul>\n<li><strong>Didelis stiprumas ir ilgaam\u017ei\u0161kumas:<\/strong> Paprastai \u0161ie cilindrai, pagaminti i\u0161 didelio stiprumo plieno arba aliuminio, gali atlaikyti auk\u0161t\u0105 sl\u0117g\u012f ir dideles apkrovas. Jie sukurti taip, kad b\u016bt\u0173 atspar\u016bs dilimui ir korozijai, tod\u0117l j\u0173 tarnavimo laikas pailg\u0117ja net ir esant at\u0161iaurioms darbo s\u0105lygoms.<\/li>\n<li><strong>Efektyvus hidraulinis valdymas:<\/strong> Naudojant hidraulin\u0117s alyvos sl\u0117g\u012f, cilindrai u\u017etikrina skland\u0173 \u012ftraukim\u0105 ir i\u0161st\u016bmim\u0105, leid\u017eiant\u012f greitai reaguoti \u012f operatoriaus komandas ir u\u017etikrinti galingas st\u016bmimo bei traukimo j\u0117gas, tinkamas sunkioms ir sud\u0117tingoms u\u017eduotims.<\/li>\n<li><strong>\u012evair\u016bs tipai:<\/strong> Str\u0117l\u0117s cilindrai tiekiami vienpusio veikimo (hidraulin\u0117 j\u0117ga naudojama viena kryptimi) arba dvipusio veikimo (hidraulin\u0117 j\u0117ga naudojama abiem kryptimis) konfig\u016bracij\u0173, atsi\u017evelgiant \u012f \u012fvairius eksploatacinius poreikius. Kai kurie modeliai pasi\u017eymi teleskopin\u0117mis konstrukcijomis, kurios leid\u017eia didesn\u012f i\u0161pl\u0117tim\u0105 nedidinant i\u0161orini\u0173 matmen\u0173, tod\u0117l idealiai tinka naudoti ribotoje erdv\u0117je.<\/li>\n<li><strong>Suderinamumas:<\/strong> \u0160iuos str\u0117l\u0117s cilindrus gaminame taip, kad jie puikiai pakeist\u0173 esamus hidraulinius cilindrus, esan\u010dius \u012fvairiuose ma\u0161in\u0173 modeliuose, u\u017etikrindami skland\u0173 integravim\u0105 ir na\u0161um\u0105.<\/li>\n<li><strong>Pritaikomos parinktys:<\/strong> Klientai gali pritaikyti specifikacijas pagal savo unikalius reikalavimus, taip padidindami lankstum\u0105 ir funkcionalum\u0105 skirtingose \u200b\u200bveiklos situacijose.<\/li>\n<\/ul>\n<p><img decoding=\"async\" src=\"https:\/\/www.hydraulic-cylinders.net\/wp-content\/uploads\/2025\/04\/songte-cylinder-head-with-all-kinds-excavator-models.webp\" alt=\"Ekskavatori\u0173 modeliai\" \/><\/p>\n<h2>Str\u0117l\u0117s cilindr\u0173 taikymo scenarijai<\/h2>\n<h3>1. Statybin\u0117 \u012franga<\/h3>\n<p>Ekskavatoriuose str\u0117l\u0117s cilindrai yra labai svarb\u016bs kasant, kraunant ir transportuojant \u017eem\u0119 ar \u0161iuk\u0161les. Str\u0117l\u0117s cilindro sukuriama hidraulin\u0117 j\u0117ga leid\u017eia ekskavatoriui atlikti galingus kasimo veiksmus, tod\u0117l jis yra nepakei\u010diamas \u012frankis statybos projektuose. Be to, ekskavatoriuose-krautuvuose str\u0117l\u0117s cilindrai padeda tiek kasant, tiek keliant, u\u017etikrindami universalum\u0105 atliekant \u012fvairias u\u017eduotis, tokias kaip tran\u0161\u0117j\u0173 kasimas ir med\u017eiag\u0173 pakrovimas \u012f sunkve\u017eimius.<\/p>\n<h3>2. \u017dem\u0117s \u016bkio technika<\/h3>\n<p>Priekiniuose krautuvuose str\u0117l\u0117s cilindrai atlieka gyvybi\u0161kai svarb\u0173 vaidmen\u012f semiant, keliant ir transportuojant dirvo\u017eem\u012f, \u0161ien\u0105 ir kitas med\u017eiagas. Efektyvus \u0161i\u0173 cilindr\u0173 veikimas leid\u017eia greitai ir efektyviai atlikti \u017eem\u0117s \u016bkio u\u017eduotis, o tai prisideda prie didesnio na\u0161umo \u016bkiuose. U\u017etikrindami skland\u0173 jud\u0117jim\u0105, str\u0117l\u0117s cilindrai pagerina \u017eem\u0117s \u016bkio \u012frangos funkcionalum\u0105, tod\u0117l jie yra b\u016btini \u0161iuolaikin\u0117je \u017eem\u0117s \u016bkio praktikoje.<\/p>\n<h3>3. Ekskavatoriai<\/h3>\n<p>Str\u0117l\u0117s cilindras leid\u017eia ekskavatoriaus kau\u0161ui efektyviai \u012fsiskverbti \u012f dirv\u0105, pasiekiant norim\u0105 kasimo veiksm\u0105. \u0160is geb\u0117jimas tiksliai ir galingai judinti kau\u0161\u0105 daro ekskavatorius pageidaujamu pasirinkimu \u017eem\u0117s kasimo ir statybos darbams. Hidraulin\u0117 sistema, \u012fskaitant str\u0117l\u0117s cilindr\u0105, u\u017etikrina, kad operatoriai gal\u0117t\u0173 efektyviai atlikti savo darb\u0105 net ir sud\u0117tingomis s\u0105lygomis.<\/p>\n<h3>4. Krautuvai<\/h3>\n<p>Priekiniuose krautuvuose str\u0117l\u0117s cilindrai padeda efektyviai kelti ir i\u0161versti krovinius. \u0160i\u0173 cilindr\u0173 teikiama hidraulin\u0117 j\u0117ga leid\u017eia operatoriams lengvai tvarkyti sunkias med\u017eiagas, taip pagerinant veiklos efektyvum\u0105. Str\u0117l\u0117s cilindr\u0173 konstrukcija ir funkcionalumas daro juos labai svarbius gerinant bendr\u0105 krovimo ma\u0161in\u0173 na\u0161um\u0105, u\u017etikrinant, kad u\u017eduotys b\u016bt\u0173 atliekamos greitai ir efektyviai.<\/p>\n<h2>Projektavimo aspektai ir atrankos kriterijai<\/h2>\n<h3>1. Keliamoji galia<\/h3>\n<p>Str\u0117l\u0117s cilindro keliamoji galia yra nepaprastai svarbi. Jis turi atlaikyti jam skirt\u0173 krovini\u0173 svor\u012f nepakenkdamas saugumui ar na\u0161umui. Projektuojant reikia atsi\u017evelgti \u012f maksimalius konkre\u010dios ma\u0161inos, kurioje jis bus naudojamas, apkrovos reikalavimus, u\u017etikrinant, kad cilindras gal\u0117t\u0173 saugiai veikti visomis numatomomis s\u0105lygomis.<\/p>\n<h3>2. Sandarinimo efektyvumas<\/h3>\n<p>Efektyvus sandarinimas yra labai svarbus norint palaikyti hidraulin\u012f sl\u0117g\u012f ir i\u0161vengti skys\u010dio nuot\u0117kio. Sandarinimo med\u017eiag\u0173 ir konstrukcij\u0173 pasirinkimas tur\u0117t\u0173 u\u017etikrinti ilgaam\u017ei\u0161kum\u0105 ir patikimum\u0105 net ir esant auk\u0161tam sl\u0117giui. Tinkamas sandarinimas ne tik padidina efektyvum\u0105, bet ir pailgina cilindro tarnavimo laik\u0105, suma\u017eindamas prie\u017ei\u016bros i\u0161laidas laikui b\u0117gant.<\/p>\n<h3>3. Patvarumas<\/h3>\n<p>Projektuojant str\u0117l\u0117s cilindrus, j\u0173 ilgaam\u017ei\u0161kumas yra labai svarbus, nes jie veikia sud\u0117tingomis s\u0105lygomis. Norint u\u017etikrinti patikim\u0105 veikim\u0105, b\u016btinos med\u017eiagos, kurios yra atsparios dilimui, korozijai ir nuovargiui. Be to, gamybos procesai, kurie pagerina cilindro konstrukcin\u012f vientisum\u0105, prisideda prie jo ilgalaikio patvarumo ir eksploatacinio efektyvumo.<\/p>\n<h3>4. Saugos funkcijos<\/h3>\n<p>Labai svarbu \u012f str\u0117l\u0117s cilindr\u0173 konstrukcij\u0105 \u012ftraukti saugos funkcijas. Tai apima mechanizmus, apsaugan\u010dius nuo perkrovos, taip pat saugos vo\u017etuvus, kurie gedimo atveju gali i\u0161leisti sl\u0117g\u012f. U\u017etikrinus, kad \u0161ios saugos funkcijos b\u016bt\u0173 veiksmingos, ne tik apsaugoma technika, bet ir operatoriai bei aplinkiniai darbuotojai.<\/p>\n<h3>5. Prieinamumas prie prie\u017ei\u016bros<\/h3>\n<p>Projektuojant taip pat reik\u0117t\u0173 atsi\u017evelgti \u012f prie\u017ei\u016bros paprastum\u0105. Funkcijos, leid\u017eian\u010dios paprastai ap\u017ei\u016br\u0117ti, sutepti ir remontuoti, gali \u017eymiai suma\u017einti prastovas ir pailginti str\u0117l\u0117s cilindro tarnavimo laik\u0105. Prieiga atliekant technin\u0117s prie\u017ei\u016bros u\u017eduotis padidina veiklos efektyvum\u0105 ir suma\u017eina netik\u0117t\u0173 gedim\u0173 tikimyb\u0119 naudojimo metu.<\/p>\n<p><img decoding=\"async\" src=\"https:\/\/www.hydraulic-cylinders.net\/wp-content\/uploads\/2025\/04\/songte-oil-pipes-and-spare-parts.webp\" alt=\"Naftos vamzd\u017eiai ir atsargin\u0117s dalys\" \/><\/p>\n<h2>Str\u0117l\u0117s cilindro sandarinimas ir tepimas<\/h2>\n<p>Tinkamas sandarinimas ir tepimas yra gyvybi\u0161kai svarb\u016bs str\u0117l\u0117s cilindr\u0173 ilgaam\u017ei\u0161kumui ir veikimui. \u012evair\u016bs sandarinimo elementai, tokie kaip st\u016bmokli\u0173 ir stryp\u0173 sandarikliai, naudojami siekiant i\u0161vengti hidraulinio skys\u010dio nutek\u0117jimo i\u0161 cilindro. Sandarinimo med\u017eiag\u0173, \u012fskaitant poliuretan\u0105 ir nitrilo gum\u0105, pasirinkimas yra labai svarbus, nes \u0161ios med\u017eiagos pasi\u017eymi puikiu atsparumu dilimui ir gali atlaikyti at\u0161iaurias eksploatavimo s\u0105lygas.<\/p>\n<p>Cilindro korpusas ir srieginiai galai turi b\u016bti kruop\u0161\u010diai apdirbti, siekiant padidinti atsparum\u0105 dilimui ir u\u017etikrinti, kad sandarikliai laikui b\u0117gant i\u0161laikyt\u0173 savo vientisum\u0105. B\u016btina reguliariai tepti; operatoriai tur\u0117t\u0173 reguliariai papildyti hidraulin\u0119 alyv\u0105, kad u\u017etikrint\u0173 skland\u0173 veikim\u0105 ir i\u0161vengt\u0173 prie\u0161laikinio sandarikli\u0173 ir kit\u0173 vidini\u0173 komponent\u0173 susid\u0117v\u0117jimo.<\/p>\n<h2>Reguliarios patikros ir prevencin\u0117s prie\u017ei\u016bros priemon\u0117s<\/h2>\n<ul>\n<li><strong>Reguliar\u016bs patikrinimai:<\/strong> B\u016btina atlikti reguliarias str\u0117l\u0117s cilindro patikras. Operatoriai tur\u0117t\u0173 patikrinti, ar n\u0117ra susid\u0117v\u0117jimo, nuot\u0117ki\u0173 ar pa\u017eeidim\u0173 po\u017eymi\u0173. Ankstyvas problem\u0173 nustatymas gali pad\u0117ti i\u0161vengti didesni\u0173 problem\u0173 ir u\u017etikrinti nuolatin\u012f saug\u0173 mechanizm\u0173 veikim\u0105.<\/li>\n<li><strong>Tinkamas tepimas:<\/strong> Svarbu palaikyti tinkam\u0105 hidraulin\u0117s sistemos tepim\u0105. Reguliariai pildant hidraulin\u0119 alyv\u0105, suma\u017e\u0117ja trintis, u\u017etikrinamas sklandus veikimas ir pailginamas cilindro tarnavimo laikas. Operatoriai tur\u0117t\u0173 laikytis rekomenduojam\u0173 alyvos keitimo ir tepimo grafik\u0173.<\/li>\n<li><strong>Sandariklio keitimas:<\/strong> Laikui b\u0117gant, sandarikliai gali susid\u0117v\u0117ti ir sugesti. Reguliariai tikrinti sandarikli\u0173 b\u016bkl\u0119 ir juos keisti pagal poreik\u012f yra labai svarbu norint i\u0161laikyti hidraulin\u0117s sistemos vientisum\u0105. \u0160i prevencin\u0117 priemon\u0117 gali \u017eymiai suma\u017einti nuot\u0117ki\u0173 ir sistemos gedim\u0173 rizik\u0105.<\/li>\n<\/ul>\n<h2>Tinkamo \u012frengimo gair\u0117s<\/h2>\n<p>Tinkamas str\u0117l\u0117s cilindro montavimas yra b\u016btinas optimaliam veikimui. Pirmiausia \u012fsitikinkite, kad darbo aplinka yra saugi ir kad yra visi reikalingi \u012frankiai bei \u012franga. Tinkamai sulygiuokite cilindr\u0105 su ma\u0161inos tvirtinimo ta\u0161kais, u\u017etikrindami, kad neb\u016bt\u0173 nesuderinamumo, kuris gal\u0117t\u0173 sukelti prie\u0161laikin\u012f susid\u0117v\u0117jim\u0105 ar gedim\u0105. Rekomenduojama naudoti tinkamus tvirtinimo laikiklius, kad cilindras b\u016bt\u0173 pritvirtintas vietoje.<\/p>\n<p>Montavimo metu \u012fsitikinkite, kad visos hidraulin\u0117s jungtys yra sandarios ir be nuot\u0117ki\u0173. Po montavimo atlikite i\u0161sam\u0173 hidraulin\u0117s sistemos patikrinim\u0105, kad \u012fsitikintum\u0117te, jog n\u0117ra nuot\u0117ki\u0173 ir kad cilindras laisvai juda. Taip pat patartina po montavimo atlikti bandom\u0105j\u012f mechanizmo paleidim\u0105, kad \u012fsitikintum\u0117te, jog viskas veikia taip, kaip numatyta.<\/p>\n<h2>\u012eprastos prie\u017ei\u016bros u\u017eduotys<\/h2>\n<h3>1. Reguliar\u016bs patikrinimai<\/h3>\n<p>Reguliar\u016bs patikrinimai atlieka labai svarb\u0173 vaidmen\u012f palaikant str\u0117l\u0117s cilindro funkcionalum\u0105 ir saug\u0105. Operatoriai tur\u0117t\u0173 planuoti \u012fprastinius patikrinimus, kad nustatyt\u0173 bet kokius susid\u0117v\u0117jimo po\u017eymius, pvz., \u012ftr\u016bkimus ar nuot\u0117kius, ir \u012fsitikint\u0173, kad visi komponentai yra geros b\u016bkl\u0117s. Ankstyvas galim\u0173 problem\u0173 nustatymas gali suma\u017einti gedim\u0173 ir brangaus remonto rizik\u0105, u\u017etikrinant skland\u0173 ir efektyv\u0173 mechanizm\u0173 veikim\u0105.<\/p>\n<h3>2. Tinkamas tepimas<\/h3>\n<p>Tinkamas tepimas yra b\u016btinas efektyviam str\u0117l\u0117s cilindro veikimui. Operatoriai tur\u0117t\u0173 laikytis reguliaraus tepimo grafiko ir u\u017etikrinti, kad hidraulin\u0117s alyvos lygis b\u016bt\u0173 tinkamas. Tinkamas tepimas suma\u017eina trint\u012f ir nusid\u0117v\u0117jim\u0105, pailgindamas cilindro tarnavimo laik\u0105 ir pagerindamas bendr\u0105 na\u0161um\u0105. Svarbu naudoti rekomenduojam\u0105 hidraulin\u0117s alyvos tip\u0105, kad b\u016bt\u0173 pasiekti optimal\u016bs rezultatai.<\/p>\n<h3>3. Sandariklio keitimas ir kalibravimo patikrinimai<\/h3>\n<p>Laikui b\u0117gant, sandarikliai gali susid\u0117v\u0117ti ir sukelti hidraulinio skys\u010dio nuot\u0117k\u012f. Reguliarus sandarikli\u0173 b\u016bkl\u0117s tikrinimas ir j\u0173 keitimas prireikus yra labai svarbus norint i\u0161laikyti sistemos vientisum\u0105. Be to, hidraulin\u0117s sistemos kalibravimo patikrinimai u\u017etikrina, kad komponentai veikt\u0173 pagal nurodytus parametrus, taip i\u0161vengiant netik\u0117t\u0173 gedim\u0173 ir gerinant veiklos efektyvum\u0105.<\/p>\n<p><img decoding=\"async\" src=\"https:\/\/www.hydraulic-cylinders.net\/wp-content\/uploads\/2025\/04\/songte-chushion-collar.webp\" alt=\"Pagalv\u0117l\u0117s apykakl\u0117\" \/><\/p>\n<h2>Saugos aspektai ir aplinkos veiksniai<\/h2>\n<p>Dirbant su hidrauliniais cilindrais, saugos priemon\u0117s yra nepaprastai svarbios. Operatoriai turi b\u016bti apmokyti atpa\u017einti galimus pavojus, susijusius su hidraulin\u0117mis sistemomis, \u012fskaitant auk\u0161to sl\u0117gio skys\u010di\u0173 nuot\u0117kio rizik\u0105. Saugos protokol\u0173, toki\u0173 kaip asmenini\u0173 apsaugos priemoni\u0173 (AAP) naudojimas ir tinkamo mokymo u\u017etikrinimas, \u012fgyvendinimas padeda suma\u017einti nelaiming\u0173 atsitikim\u0173 rizik\u0105. Be to, reikia atsi\u017evelgti \u012f aplinkosaugos aspektus, \u012fskaitant tinkamus hidraulini\u0173 skys\u010di\u0173 \u0161alinimo b\u016bdus, siekiant i\u0161vengti u\u017eter\u0161imo.<\/p>\n<h2>Gedim\u0173 diagnostika ir da\u017eniausios problemos<\/h2>\n<h3>1. Hidraulinio sl\u0117gio praradimas<\/h3>\n<p>Viena da\u017ena str\u0117l\u0117s cilindr\u0173 problema yra hidraulinio sl\u0117gio praradimas, kuris gali atsirasti d\u0117l nuot\u0117ki\u0173 ar pa\u017eeist\u0173 sandarikli\u0173. Operatoriai tur\u0117t\u0173 patikrinti hidraulines linijas ir jungtis, ar n\u0117ra susid\u0117v\u0117jimo ar pa\u017eeidim\u0173 po\u017eymi\u0173, taip pat \u012fsitikinti, kad hidraulinio skys\u010dio lygis yra pakankamas.<\/p>\n<h3>2. Nereaguojantis cilindro jud\u0117jimas<\/h3>\n<p>Jei str\u0117l\u0117s cilindras nereaguoja, tai gali rodyti hidraulinio siurblio problemas arba u\u017esikim\u0161imus hidraulin\u0117se linijose. \u0160ias problemas galima veiksmingai i\u0161spr\u0119sti patikrinus, ar n\u0117ra kli\u016b\u010di\u0173, ir u\u017etikrinant, kad hidraulin\u0117 sistema b\u016bt\u0173 tinkamai pri\u017ei\u016brima.<\/p>\n<h3>3. Perkaitimas<\/h3>\n<p>Hidraulin\u0117 sistema gali perkaisti, jei per daug apkrauta arba nepakankamai au\u0161inama. Reguliarus hidraulinio skys\u010dio temperat\u016bros pri\u017ei\u016br\u0117jimas ir steb\u0117jimas gali pad\u0117ti i\u0161vengti perkaitimo ir u\u017etikrinti skland\u0173 veikim\u0105.<\/p>\n<h2>Trik\u010di\u0173 \u0161alinimo patarimai ir sprendimai<\/h2>\n<p>Nor\u0117dami efektyviai diagnozuoti ir i\u0161spr\u0119sti str\u0117l\u0117s cilindr\u0173 problemas, operatoriai tur\u0117t\u0173 laikytis sistemingo po\u017ei\u016brio. Prad\u0117kite nuo matom\u0173 nuot\u0117ki\u0173 patikrinimo ir sandarikli\u0173 ap\u017ei\u016bros. Jei suma\u017e\u0117ja sl\u0117gis, \u012fsitikinkite, kad hidraulinio skys\u010dio lygis yra tinkamas ir kad sistemoje n\u0117ra u\u017esikim\u0161im\u0173. Perkaitimo atveju apsvarstykite galimyb\u0119 suma\u017einti cilindro apkrov\u0105 arba leisti jam atv\u0117sti prie\u0161 t\u0119siant darb\u0105. Prevencin\u0117s priemon\u0117s, tokios kaip reguliari prie\u017ei\u016bra ir steb\u0117jimas, gali \u017eymiai suma\u017einti b\u016bsim\u0173 problem\u0173 rizik\u0105 ir pailginti hidraulin\u0117s sistemos tarnavimo laik\u0105.<\/p>\n<p><img decoding=\"async\" src=\"https:\/\/www.hydraulic-cylinders.net\/wp-content\/uploads\/2025\/04\/songte-bushings-with-all-kinds-of-excavator-models.webp\" alt=\"Ekskavatori\u0173 modeli\u0173 \u012fvor\u0117s\" \/><\/p>\n<h2>Apie m\u016bs\u0173 \u012fmon\u0119<\/h2>\n<p>Esame pirmaujantis pakaitini\u0173 hidraulini\u0173 cilindr\u0173 gamintojas, si\u016blantis plat\u0173 gamini\u0173 asortiment\u0105, kuris leido mums tapti pagrindiniu \u017eaid\u0117ju tiek vidaus, tiek tarptautin\u0117se rinkose. M\u016bs\u0173 \u012fsipareigojim\u0105 siekti nepriekai\u0161tingos kokyb\u0117s palaiko rafinuota gamybos strategija, kurioje pabr\u0117\u017eiamas tikslumas ir efektyvumas.<\/p>\n<p>Mes pasitelkiame kvalifikuotus techninius darbuotojus, pa\u017eangi\u0105 skaitmenin\u0119 gamybos \u012frang\u0105 ir patikimas bandym\u0173 sistemas, kad nuolat tobulintume savo gamybos paj\u0117gumus. Tai leid\u017eia mums patenkinti \u012fvairius klient\u0173 poreikius dideliu tikslumu ir kokybe, u\u017etikrinant, kad i\u0161liktume patikimu partneriu hidraulini\u0173 cilindr\u0173 pramon\u0117je.<\/p>\n<p>M\u016bs\u0173 si\u016blomos paslaugos apima tarptautinius sertifikatus, individualiai pritaikytas paslaugas, pritaikytas konkretiems klient\u0173 reikalavimams, ir i\u0161skirtin\u012f aptarnavim\u0105 po pardavimo, u\u017etikrinant\u012f pasitenkinim\u0105 ir patikimum\u0105 kiekviename m\u016bs\u0173 gaminamame produkte.<\/p>\n<p><img decoding=\"async\" src=\"https:\/\/www.hydraulic-cylinders.net\/wp-content\/uploads\/2025\/04\/songte-company-4.webp\" alt=\"\u012emon\u0117s ap\u017evalga\" \/><br \/>\n<img decoding=\"async\" src=\"https:\/\/www.hydraulic-cylinders.net\/wp-content\/uploads\/2025\/04\/songte-company-3.webp\" alt=\"Gamybos \u012frenginys\" \/><\/p>\n<p>Autorius: lyl<\/p>","protected":false},"excerpt":{"rendered":"<p>Boom Cylinder For Hyundai Large Excavator R450LC-5 Introduction to Boom Cylinders A boom cylinder is a critical hydraulic component specifically designed to control the movement of the boom arm in heavy machinery such as excavators, backhoes, and front loaders. It enables the boom to lift, lower, and tilt, facilitating efficient material handling tasks. These hydraulic [&hellip;]<\/p>","protected":false},"featured_media":17871,"comment_status":"open","ping_status":"closed","template":"","meta":{"_et_pb_use_builder":"","_et_pb_old_content":"","_et_gb_content_width":""},"product_brand":[],"product_cat":[1546],"product_tag":[1547,1496],"class_list":{"0":"post-19050","1":"product","2":"type-product","3":"status-publish","4":"has-post-thumbnail","6":"product_cat-boom-cylinders","7":"product_tag-boom-cylinders","8":"product_tag-hydraulic-cylinders","10":"first","11":"instock","12":"shipping-taxable","13":"product-type-simple"},"amp_enabled":true,"_links":{"self":[{"href":"https:\/\/www.hydraulic-cylinders.net\/lt\/wp-json\/wp\/v2\/product\/19050","targetHints":{"allow":["GET"]}}],"collection":[{"href":"https:\/\/www.hydraulic-cylinders.net\/lt\/wp-json\/wp\/v2\/product"}],"about":[{"href":"https:\/\/www.hydraulic-cylinders.net\/lt\/wp-json\/wp\/v2\/types\/product"}],"replies":[{"embeddable":true,"href":"https:\/\/www.hydraulic-cylinders.net\/lt\/wp-json\/wp\/v2\/comments?post=19050"}],"wp:featuredmedia":[{"embeddable":true,"href":"https:\/\/www.hydraulic-cylinders.net\/lt\/wp-json\/wp\/v2\/media\/17871"}],"wp:attachment":[{"href":"https:\/\/www.hydraulic-cylinders.net\/lt\/wp-json\/wp\/v2\/media?parent=19050"}],"wp:term":[{"taxonomy":"product_brand","embeddable":true,"href":"https:\/\/www.hydraulic-cylinders.net\/lt\/wp-json\/wp\/v2\/product_brand?post=19050"},{"taxonomy":"product_cat","embeddable":true,"href":"https:\/\/www.hydraulic-cylinders.net\/lt\/wp-json\/wp\/v2\/product_cat?post=19050"},{"taxonomy":"product_tag","embeddable":true,"href":"https:\/\/www.hydraulic-cylinders.net\/lt\/wp-json\/wp\/v2\/product_tag?post=19050"}],"curies":[{"name":"wp","href":"https:\/\/api.w.org\/{rel}","templated":true}]}}