{"id":19052,"date":"2025-04-07T06:10:27","date_gmt":"2025-04-07T06:10:27","guid":{"rendered":"https:\/\/www.hydraulic-cylinders.net\/product\/boom-cylinder-for-hyundai-wheel-excavator-r60w-5\/"},"modified":"2025-04-07T06:10:31","modified_gmt":"2025-04-07T06:10:31","slug":"boom-cylinder-for-hyundai-wheel-excavator-r60w-5","status":"publish","type":"product","link":"https:\/\/www.hydraulic-cylinders.net\/lt\/produktas\/boom-cylinder-for-hyundai-wheel-excavator-r60w-5\/","title":{"rendered":"\u201eHyundai R60W-5\u201c ratinio ekskavatoriaus str\u0117l\u0117s cilindras"},"content":{"rendered":"<h1>\u201eHyundai R60W-5\u201c ratinio ekskavatoriaus str\u0117l\u0117s cilindras<\/h1>\n<h2>Produkto ap\u017evalga<\/h2>\n<p>Str\u0117l\u0117s cilindras yra labai svarbus sunkiosios technikos, ypa\u010d ekskavatori\u0173, hidraulini\u0173 sistem\u0173 komponentas. Specialiai \u201eHyundai\u201c ratiniam ekskavatoriui R60W-5 sukurtas hidraulinis cilindras palengvina str\u0117l\u0117s svirties jud\u0117jim\u0105, tod\u0117l galima efektyviai atlikti \u012fvairius statybos ir kasimo darbus. Str\u0117l\u0117s cilindras atlieka gyvybi\u0161kai svarb\u0173 vaidmen\u012f valdant kau\u0161o k\u0117lim\u0105, nuleidim\u0105 ir pakreipim\u0105, tod\u0117l jis yra esmin\u0117 med\u017eiag\u0173 tvarkymo operacij\u0173 dalis.<\/p>\n<p><img decoding=\"async\" src=\"https:\/\/www.hydraulic-cylinders.net\/wp-content\/uploads\/2025\/04\/songte-company-1.webp\" alt=\"Str\u0117l\u0117s cilindro vaizdas\"><\/p>\n<h3>Apibr\u0117\u017eimas ir funkcionalumas<\/h3>\n<p>Str\u0117l\u0117s cilindras yra hidraulinio cilindro tipas, specialiai naudojamas valdyti kau\u0161\u0173 jud\u0117jim\u0105 sunkiosiose ma\u0161inose, tokiose kaip ekskavatoriai, ekskavatoriniai krautuvai ir frontaliniai krautuvai. Jis leid\u017eia kau\u0161ui pakelti, nuleisti ir pakreipti, taip efektyviai palengvinant med\u017eiag\u0173 tvarkymo u\u017eduotis. Hidraulin\u0117 sistema veikia naudodama susl\u0117gt\u0105 skyst\u012f judesiui ir j\u0117gai generuoti, leisdama operatoriams tiksliai ir lengvai valdyti \u012frang\u0105. Str\u0117l\u0117s cilindro funkcionalumas yra neatsiejama bendro ma\u0161inos na\u0161umo dalis, tiesiogiai veikianti na\u0161um\u0105 ir efektyvum\u0105 \u012fvairiose srityse.<\/p>\n<h2>Produkto savyb\u0117s<\/h2>\n<ul>\n<li><strong>Didelis stiprumas ir ilgaam\u017ei\u0161kumas:<\/strong> Pagaminti i\u0161 didelio stiprumo plieno arba aliuminio, galintys atlaikyti auk\u0161t\u0105 sl\u0117g\u012f ir dideles apkrovas, sukurti ekstremalioms darbo aplinkoms, ypating\u0105 d\u0117mes\u012f skiriant atsparumui dilimui ir apsaugai nuo korozijos.<\/li>\n<li><strong>Efektyvus hidraulinis valdymas:<\/strong> Naudoja hidraulin\u0117s alyvos sl\u0117g\u012f skland\u017eiam i\u0161st\u016bmimui ir \u012ftraukimui, greitai reaguoja \u012f valdymo komandas, u\u017etikrina stipri\u0105 st\u016bmimo ir traukimo j\u0117g\u0105, idealiai tinka sunkioms ir sud\u0117tingoms u\u017eduotims atlikti.<\/li>\n<li><strong>\u012evair\u016bs tipai:<\/strong> Galima rinktis vienpusio veikimo (hidraulin\u0117 sistema naudojama viena kryptimi) arba dvipusio veikimo (hidraulin\u0117 sistema naudojama abiem kryptimis) konfig\u016bracijas, pritaikytas skirtingiems eksploatavimo poreikiams, o kai kurie modeliai yra teleskopiniai, kad b\u016bt\u0173 didesnis pasiekiamumas nedidinant i\u0161orini\u0173 matmen\u0173.<\/li>\n<\/ul>\n<h3>Gamybos paj\u0117gumai<\/h3>\n<p>Mes turime galimyb\u0119 pagaminti \u0161\u012f str\u0117l\u0117s cilindr\u0105, u\u017etikrindami, kad m\u016bs\u0173 gaminiai puikiai pakeis esamus hidraulinius cilindrus j\u016bs\u0173 \u012frangoje.<\/p>\n<p><img decoding=\"async\" src=\"https:\/\/www.hydraulic-cylinders.net\/wp-content\/uploads\/2025\/04\/songte-cylinder-head-with-all-kinds-excavator-models.webp\" alt=\"Cilindro galvut\u0117s vaizdas\"><\/p>\n<h2>Parai\u0161kos<\/h2>\n<h3>Statybin\u0117 \u012franga<\/h3>\n<p>Ekskavatoriuose str\u0117l\u0117s cilindrai yra b\u016btini kasant, kraunant ir perkeliant \u017eem\u0119 ar \u0161iuk\u0161les. Jie suteikia reikiam\u0105 j\u0117g\u0105 \u012fsiskverbti \u012f \u017eem\u0119, tod\u0117l galima efektyviai atlikti kasimo darbus. Ekskavatoriuose-krautuvuose str\u0117l\u0117s cilindrai padeda ne tik kasti, bet ir kelti sunkias med\u017eiagas, tod\u0117l jie universal\u016bs statybos darbuose.<\/p>\n<h3>\u017dem\u0117s \u016bkio technika<\/h3>\n<p>Priekiniuose krautuvuose str\u0117l\u0117s cilindrai padeda semti, kelti ir transportuoti dirvo\u017eem\u012f, \u0161ien\u0105 ir kitas med\u017eiagas. J\u0173 geb\u0117jimas atlikti \u0161ias u\u017eduotis padidina produktyvum\u0105 \u016bkiuose, kur efektyvus med\u017eiag\u0173 tvarkymas yra labai svarbus veiklai.<\/p>\n<h3>Ekskavatoriai<\/h3>\n<p>Str\u0117l\u0117s cilindras leid\u017eia kau\u0161ui \u012fsiskverbti \u012f dirv\u0105, kad b\u016bt\u0173 galima efektyviai kasti. Tai labai svarbu atliekant \u012fvairius darbus \u2013 nuo \u200b\u200bkra\u0161tovaizd\u017eio tvarkymo iki didelio masto statybos projekt\u0173, kur reikalingas tikslus dirvo\u017eemio jud\u0117jimas.<\/p>\n<h3>Krautuvai<\/h3>\n<p>Priekiniuose krautuvuose \u0161ie cilindrai padeda efektyviai kelti ir i\u0161versti med\u017eiagas. D\u0117l tvirtos konstrukcijos jie gali valdyti \u012fvairius krovinius, tod\u0117l yra gyvybi\u0161kai svarb\u016bs efektyviam med\u017eiag\u0173 tvarkymui krovimo operacijose.<\/p>\n<h2>Projektavimo aspektai ir atrankos kriterijai<\/h2>\n<h3>Keliamoji galia<\/h3>\n<p>Renkantis str\u0117l\u0117s cilindr\u0105, b\u016btina atsi\u017evelgti \u012f keliam\u0105j\u0105 gali\u0105. Tai rei\u0161kia maksimal\u0173 svor\u012f, kur\u012f cilindras gali pakelti nesuged\u0119s. Tinkamai \u012fvertintas cilindras u\u017etikrina, kad jis gali atlaikyti kasdien\u0117se operacijose sutinkamas apkrovas be \u017ealos ar gedimo rizikos. In\u017einieriai turi \u012fvertinti konkre\u010dius mechanizm\u0173 reikalavimus ir tipines apkrovas, kurias jie atlaikys, kad pasirinkt\u0173 tinkamo \u012fvertinimo cilindr\u0105.<\/p>\n<h3>Sandarinimas<\/h3>\n<p>Sandarikliai yra labai svarb\u016bs siekiant i\u0161vengti hidraulinio skys\u010dio nuot\u0117kio ir u\u017eter\u0161imo. Auk\u0161tos kokyb\u0117s sandarikliai u\u017etikrina cilindro ilgaam\u017ei\u0161kum\u0105 ir patikimum\u0105. Renkantis cilindr\u0105, labai svarbu atsi\u017evelgti \u012f naudojam\u0173 sandarinimo med\u017eiag\u0173 tip\u0105, nes jos turi atlaikyti darbin\u012f sl\u0117g\u012f ir aplinkos s\u0105lygas. Naudojant tokias med\u017eiagas kaip poliuretanas ir nitrilo kau\u010diukas, galima pagerinti cilindro na\u0161um\u0105 ir tarnavimo laik\u0105.<\/p>\n<h3>Patvarumas<\/h3>\n<p>Patvarumas yra pagrindinis str\u0117l\u0117s cilindro konstrukcijos veiksnys. Konstrukcijoje naudojamos med\u017eiagos turi b\u016bti pakankamai tvirtos, kad atlaikyt\u0173 at\u0161iaurias darbo s\u0105lygas nepakenkiant konstrukcijos vientisumui. Gamintojai tur\u0117t\u0173 sutelkti d\u0117mes\u012f \u012f cilindr\u0173, kurie laikui b\u0117gant atlaikyt\u0173 nusid\u0117v\u0117jim\u0105 ir nuovarg\u012f, k\u016brim\u0105, o tai yra labai svarbu norint pailginti gaminio tarnavimo laik\u0105 ir suma\u017einti da\u017eno keitimo poreik\u012f.<\/p>\n<h3>Saugos funkcijos<\/h3>\n<p>Saugumas yra svarbiausias dalykas projektuojant hidraulinius cilindrus. Siekiant i\u0161vengti nelaiming\u0173 atsitikim\u0173 ir \u012frangos gedim\u0173, tur\u0117t\u0173 b\u016bti integruotos tokios funkcijos kaip sl\u0117gio ma\u017einimo vo\u017etuvai ir perkrovos apsauga. Saugumo u\u017etikrinimas projektavimo etape padeda u\u017etikrinti, kad operatoriai gal\u0117t\u0173 dirbti u\u017etikrintai, suma\u017einant su hidraulin\u0117mis operacijomis susijusi\u0105 rizik\u0105.<\/p>\n<h3>Prie\u017ei\u016bra<\/h3>\n<p>Renkantis str\u0117l\u0117s cilindr\u0105, svarbus aspektas yra prie\u017ei\u016bros paprastumas. Konstrukcijos, u\u017etikrinan\u010dios lengv\u0105 prieig\u0105 ap\u017ei\u016brai, remontui ir dali\u0173 keitimui, gali \u017eymiai suma\u017einti prastovas ir prie\u017ei\u016bros i\u0161laidas. Gamintojai tur\u0117t\u0173 atsi\u017evelgti \u012f tai, kaip j\u0173 gaminio konstrukcija veikia prie\u017ei\u016bros praktik\u0105, suteikdama operatoriams galimyb\u0119 palaikyti savo \u012frang\u0105 optimalioje darbin\u0117je b\u016bkl\u0117je minimaliomis pastangomis.<\/p>\n<p><img decoding=\"async\" src=\"https:\/\/www.hydraulic-cylinders.net\/wp-content\/uploads\/2025\/04\/songte-oil-pipes-and-spare-parts.webp\" alt=\"Naftos vamzd\u017ei\u0173 vaizdas\"><\/p>\n<h2>Sandarinimas ir tepimas<\/h2>\n<p>Efektyvus sandarinimas ir tepimas yra labai svarb\u016bs str\u0117l\u0117s cilindr\u0173 funkcionalumui ir ilgaam\u017ei\u0161kumui. \u012evair\u016bs sandarinimo elementai, tokie kaip st\u016bmokli\u0173 ir stryp\u0173 sandarikliai, atlieka svarb\u0173 vaidmen\u012f u\u017ekertant keli\u0105 nuot\u0117kiams ir u\u017etikrinant tinkam\u0105 veikim\u0105. D\u0117l atsparumo dilimui pirmenyb\u0117 teikiama sandarikliams, pagamintiems i\u0161 patvari\u0173 med\u017eiag\u0173, toki\u0173 kaip poliuretanas ir nitrilo kau\u010diukas. Cilindro vidiniai pavir\u0161iai ir srieginiai galiniai pavir\u0161iai turi b\u016bti kruop\u0161\u010diai apdirbti, kad padid\u0117t\u0173 patvarumas. Reguliarus tepimas tinkama hidrauline alyva yra b\u016btinas norint u\u017etikrinti skland\u0173 veikim\u0105 ir suma\u017einti sandarikli\u0173 bei judan\u010di\u0173 dali\u0173 susid\u0117v\u0117jim\u0105.<\/p>\n<h2>Prevencin\u0117s prie\u017ei\u016bros priemon\u0117s<\/h2>\n<ul>\n<li><strong>Reguliar\u016bs patikrinimai:<\/strong> Reguliariai atlikite patikrinimus, kad nustatytum\u0117te susid\u0117v\u0117jimo, nuot\u0117ki\u0173 ar pa\u017eeidim\u0173 po\u017eymius. Ankstyvas aptikimas gali pad\u0117ti i\u0161vengti rimtesni\u0173 problem\u0173, kurios gali sukelti brang\u0173 remont\u0105 ar \u012frangos gedim\u0105.<\/li>\n<li><strong>Tinkamas tepimas:<\/strong> \u012esitikinkite, kad hidraulin\u0117 sistema yra tinkamai sutepta gamintojo rekomenduojamu hidrauliniu skys\u010diu. Nepakankamas tepimas gali padidinti hidraulin\u0117s sistemos susid\u0117v\u0117jim\u0105 ir sukelti gedim\u0105.<\/li>\n<li><strong>Sandariklio keitimas:<\/strong> Reguliariai tikrinkite sandariklius, ar jie nesusid\u0117v\u0117j\u0119, ir prireikus juos pakeiskite, kad i\u0161vengtum\u0117te nuot\u0117ki\u0173 ir palaikytum\u0117te hidraulin\u012f sl\u0117g\u012f. Tinkamas sandarumas yra labai svarbus efektyviam hidraulin\u0117s sistemos veikimui.<\/li>\n<\/ul>\n<h2>\u012erengimo gair\u0117s<\/h2>\n<p>Tinkamas str\u0117l\u0117s cilindro montavimas yra labai svarbus optimaliam veikimui. Pirmiausia \u012fsitikinkite, kad visi komponentai yra \u0161var\u016bs ir be \u0161iuk\u0161li\u0173. Tinkamai sulygiuokite cilindr\u0105 su tvirtinimo laikikliais, kad i\u0161vengtum\u0117te per didelio \u012ftempimo. Naudokite tinkamus tvirtinimo laikiklius, kad pritvirtintum\u0117te cilindr\u0105 vietoje ir u\u017etikrintum\u0117te stabil\u0173 montavim\u0105. B\u016btina laikytis gamintojo nurodym\u0173 d\u0117l var\u017et\u0173 sukimo momento specifikacij\u0173. \u012edieg\u0119 patikrinkite, ar n\u0117ra hidraulini\u0173 jung\u010di\u0173 nuot\u0117ki\u0173, ir prie\u0161 naudodami sistem\u0105, patikrinkite, ar ji tinkamai veikia. Laikantis \u0161i\u0173 nurodym\u0173, galima \u017eymiai pagerinti hidraulinio cilindro na\u0161um\u0105 ir ilgaam\u017ei\u0161kum\u0105.<\/p>\n<h2>\u012eprastos prie\u017ei\u016bros u\u017eduotys<\/h2>\n<ul>\n<li><strong>Reguliar\u016bs patikrinimai:<\/strong> Reguliar\u016bs patikrinimai yra b\u016btini norint anksti nustatyti bet kokius susid\u0117v\u0117jimo ar pa\u017eeidimo po\u017eymius. Ie\u0161kokite nuot\u0117ki\u0173, ne\u012fprast\u0173 gars\u0173 ar veikimo poky\u010di\u0173 ir nedelsdami juos pa\u0161alinkite, kad i\u0161vengtum\u0117te tolesni\u0173 komplikacij\u0173.<\/li>\n<li><strong>Tinkamas tepimas:<\/strong> Labai svarbu u\u017etikrinti tinkam\u0105 hidraulini\u0173 komponent\u0173 tepim\u0105. Reguliariai tikrinkite ir papildykite hidraulinio skys\u010dio lyg\u012f ir, siekdami optimalaus na\u0161umo, naudokite rekomenduojamo tipo hidraulin\u0119 alyv\u0105.<\/li>\n<li><strong>Sandariklio keitimas:<\/strong> Steb\u0117kite tarpiklius, ar n\u0117ra susid\u0117v\u0117jimo po\u017eymi\u0173. Susid\u0117v\u0117jusi\u0173 tarpikli\u0173 keitimas pagal poreik\u012f yra labai svarbus siekiant i\u0161vengti hidraulinio skys\u010dio nuot\u0117kio, kuris gali sukelti sistemos gedim\u0105.<\/li>\n<\/ul>\n<h2>Saugos aspektai ir aplinkos veiksniai<\/h2>\n<p>Naudojant str\u0117l\u0117s cilindrus, saugos priemon\u0117s yra nepaprastai svarbios. Operatoriai visada turi d\u0117v\u0117ti tinkamas asmenines apsaugos priemones (AAP) ir b\u016bti apmokyti saugiai valdyti hidraulines ma\u0161inas. Be to, laikantis saugos gairi\u0173, suma\u017e\u0117ja nelaiming\u0173 atsitikim\u0173 ir su\u017ealojim\u0173 rizika. Taip pat reik\u0117t\u0173 atsi\u017evelgti \u012f aplinkos veiksnius; tinkamas hidraulini\u0173 skys\u010di\u0173 ir komponent\u0173 \u0161alinimas yra b\u016btinas siekiant suma\u017einti poveik\u012f aplinkai. U\u017etikrinant, kad visos operacijos atitikt\u0173 vietinius hidraulini\u0173 sistem\u0173 reglamentus, galima apsaugoti aplink\u0105 ir i\u0161laikyti saugi\u0105 darbo viet\u0105.<\/p>\n<h2>Gedim\u0173 diagnostika ir da\u017eniausios problemos<\/h2>\n<ul>\n<li><strong>Sl\u0117gio praradimas:<\/strong> Da\u017ena hidraulini\u0173 sistem\u0173 problema \u2013 sl\u0117gio suma\u017e\u0117jimas, kur\u012f gali sukelti nuot\u0117kiai arba suged\u0119 sandarikliai. Reguliarios patikros gali pad\u0117ti nustatyti ir i\u0161spr\u0119sti \u0161ias problemas, kol jos nepaveik\u0117 na\u0161umo.<\/li>\n<li><strong>Ne\u012fprasti garsai:<\/strong> Tokie garsai kaip girg\u017ed\u0117jimas ar \u0161nyp\u0161timas gali rodyti problemas, tokias kaip vidiniai pa\u017eeidimai arba oras hidraulin\u0117se linijose. Greitas \u0161i\u0173 gars\u0173 pa\u0161alinimas gali pad\u0117ti i\u0161vengti tolesni\u0173 sistemos pa\u017eeidim\u0173.<\/li>\n<li><strong>L\u0117tas arba nenuoseklus jud\u0117jimas:<\/strong> Tai gali reik\u0161ti \u017eem\u0105 hidraulinio skys\u010dio lyg\u012f arba u\u017eter\u0161tum\u0105. Reguliarus skys\u010di\u0173 lygio ir kokyb\u0117s tikrinimas gali pad\u0117ti i\u0161laikyti pastov\u0173 na\u0161um\u0105.<\/li>\n<\/ul>\n<h2>Trik\u010di\u0173 \u0161alinimo patarimai<\/h2>\n<p>Nor\u0117dami efektyviai diagnozuoti ir i\u0161spr\u0119sti str\u0117l\u0117s cilindr\u0173 problemas, operatoriai tur\u0117t\u0173 laikytis sistemingo po\u017ei\u016brio. Prad\u0117kite nuo nuot\u0117ki\u0173 patikrinimo ir \u012fsitikinkite, kad visi sandarikliai yra nepa\u017eeisti. Tada \u012fvertinkite hidraulinio skys\u010dio lyg\u012f ir kokyb\u0119, prireikus papildykite arba pakeiskite skys\u010dius. Jei aptinkate ne\u012fprast\u0173 gars\u0173, patikrinkite cilindr\u0105, ar n\u0117ra vidinio susid\u0117v\u0117jimo ar pa\u017eeidimo po\u017eymi\u0173, ir nedelsdami pa\u0161alinkite visus radinius. Prevencin\u0117s priemon\u0117s, tokios kaip reguliari prie\u017ei\u016bra ir patikrinimai, gali gerokai suma\u017einti tikimyb\u0119 susidurti su \u0161iomis problemomis.<\/p>\n<p><img decoding=\"async\" src=\"https:\/\/www.hydraulic-cylinders.net\/wp-content\/uploads\/2025\/04\/songte-bushings-with-all-kinds-of-excavator-models.webp\" alt=\"\u012evori\u0173 vaizdas\"><\/p>\n<h2>\u012emon\u0117s ap\u017evalga<\/h2>\n<p>Esame pirmaujantis pakaitini\u0173 hidraulini\u0173 cilindr\u0173 gamintojas, si\u016blantis plat\u0173 gamini\u0173 asortiment\u0105, skirt\u0105 tiek vidaus, tiek tarptautinei rinkai. M\u016bs\u0173 \u012fmon\u0117, siekdama meistri\u0161kumo, remiasi rafinuota gamybos strategija, kurioje naudojamos pa\u017eangios technologijos, kvalifikuoti darbuotojai ir grie\u017etos kokyb\u0117s kontrol\u0117s sistemos. \u0160is \u012fsipareigojimas laikytis auk\u0161t\u0173 standart\u0173 leid\u017eia mums efektyviai patenkinti \u012fvairius klient\u0173 poreikius. M\u016bs\u0173 gamini\u0173 asortiment\u0105 sudaro individual\u016bs sprendimai ir tarptautiniu mastu sertifikuoti dizainai, u\u017etikrinantys, kad i\u0161liktume konkurencingi pasaulin\u0117je rinkoje. Sutelkdami d\u0117mes\u012f \u012f klient\u0173 pasitenkinim\u0105, teikiame pirmenyb\u0119 garantiniam aptarnavimui ir aptarnavimui, taip sustiprindami savo \u012fsipareigojim\u0105 kokybei ir patikimumui.<\/p>\n<p><img decoding=\"async\" src=\"https:\/\/www.hydraulic-cylinders.net\/wp-content\/uploads\/2025\/04\/songte-company-4.webp\" alt=\"\u012emon\u0117s paveiksl\u0117lis 1\"><br \/>\n<img decoding=\"async\" src=\"https:\/\/www.hydraulic-cylinders.net\/wp-content\/uploads\/2025\/04\/songte-company-3.webp\" alt=\"\u012emon\u0117s paveiksl\u0117lis 2\"><\/p>\n<p>Autorius: lyl<\/p>","protected":false},"excerpt":{"rendered":"<p>Boom Cylinder For Hyundai Wheel Excavator R60W-5 Product Overview The boom cylinder is a crucial component in the hydraulic systems of heavy machinery, particularly in excavators. Specifically designed for the Hyundai Wheel Excavator R60W-5, this hydraulic cylinder facilitates the movement of the boom arm, allowing for efficient operation in various construction and excavation tasks. The [&hellip;]<\/p>","protected":false},"featured_media":17873,"comment_status":"open","ping_status":"closed","template":"","meta":{"_et_pb_use_builder":"","_et_pb_old_content":"","_et_gb_content_width":""},"product_brand":[],"product_cat":[1546],"product_tag":[1547,1496],"class_list":{"0":"post-19052","1":"product","2":"type-product","3":"status-publish","4":"has-post-thumbnail","6":"product_cat-boom-cylinders","7":"product_tag-boom-cylinders","8":"product_tag-hydraulic-cylinders","10":"first","11":"instock","12":"shipping-taxable","13":"product-type-simple"},"amp_enabled":true,"_links":{"self":[{"href":"https:\/\/www.hydraulic-cylinders.net\/lt\/wp-json\/wp\/v2\/product\/19052","targetHints":{"allow":["GET"]}}],"collection":[{"href":"https:\/\/www.hydraulic-cylinders.net\/lt\/wp-json\/wp\/v2\/product"}],"about":[{"href":"https:\/\/www.hydraulic-cylinders.net\/lt\/wp-json\/wp\/v2\/types\/product"}],"replies":[{"embeddable":true,"href":"https:\/\/www.hydraulic-cylinders.net\/lt\/wp-json\/wp\/v2\/comments?post=19052"}],"wp:featuredmedia":[{"embeddable":true,"href":"https:\/\/www.hydraulic-cylinders.net\/lt\/wp-json\/wp\/v2\/media\/17873"}],"wp:attachment":[{"href":"https:\/\/www.hydraulic-cylinders.net\/lt\/wp-json\/wp\/v2\/media?parent=19052"}],"wp:term":[{"taxonomy":"product_brand","embeddable":true,"href":"https:\/\/www.hydraulic-cylinders.net\/lt\/wp-json\/wp\/v2\/product_brand?post=19052"},{"taxonomy":"product_cat","embeddable":true,"href":"https:\/\/www.hydraulic-cylinders.net\/lt\/wp-json\/wp\/v2\/product_cat?post=19052"},{"taxonomy":"product_tag","embeddable":true,"href":"https:\/\/www.hydraulic-cylinders.net\/lt\/wp-json\/wp\/v2\/product_tag?post=19052"}],"curies":[{"name":"wp","href":"https:\/\/api.w.org\/{rel}","templated":true}]}}