{"id":19057,"date":"2025-04-07T06:10:50","date_gmt":"2025-04-07T06:10:50","guid":{"rendered":"https:\/\/www.hydraulic-cylinders.net\/product\/boom-cylinder-for-kobelco-small-excavator-sk70sr-2\/"},"modified":"2025-04-07T06:10:52","modified_gmt":"2025-04-07T06:10:52","slug":"boom-cylinder-for-kobelco-small-excavator-sk70sr-2","status":"publish","type":"product","link":"https:\/\/www.hydraulic-cylinders.net\/lt\/produktas\/boom-cylinder-for-kobelco-small-excavator-sk70sr-2\/","title":{"rendered":"Kobelco ma\u017eo ekskavatoriaus SK70SR-2 str\u0117l\u0117s cilindras"},"content":{"rendered":"<h1>Kobelco ma\u017eo ekskavatoriaus SK70SR-2 str\u0117l\u0117s cilindras<\/h1>\n<h2>\u012evadas \u012f str\u0117l\u0117s cilindrus<\/h2>\n<p>Str\u0117l\u0117s cilindras yra labai svarbus statybini\u0173 ma\u0161in\u0173 hidraulin\u0117s sistemos komponentas, specialiai sukurtas valdyti str\u0117l\u0117s, kuri yra ekskavatoriaus svirtis, jud\u0117jim\u0105. Tokioje sistemoje kaip \u201eKobelco SK70SR-2\u201c str\u0117l\u0117s cilindras leid\u017eia atlikti tikslius veiksmus, tokius kaip str\u0117l\u0117s k\u0117limas, nuleidimas ir pakreipimas, taip palengvindamas \u012fvairias med\u017eiag\u0173 tvarkymo u\u017eduotis.<\/p>\n<p>\u0160is hidraulinis cilindras yra b\u016btinas sunkiosios technikos, \u012fskaitant ekskavatorius, ekskavatorinius krautuvus ir frontalinius krautuvus, veikimui. Jis veikia naudodamas hidraulin\u012f sl\u0117g\u012f str\u0117lei i\u0161skleisti ir sutraukti, taip suteikdamas reikiam\u0105 j\u0117g\u0105 str\u0117lei efektyviai valdyti. Str\u0117l\u0117s cilindro svarba slypi jo geb\u0117jime padidinti veiklos efektyvum\u0105, saug\u0105 ir na\u0161um\u0105 darbo vietose.<\/p>\n<p><img decoding=\"async\" src=\"https:\/\/www.hydraulic-cylinders.net\/wp-content\/uploads\/2025\/04\/songte-company-1.webp\" alt=\"Str\u0117l\u0117s cilindras\"><\/p>\n<h2>Str\u0117l\u0117s cilindro savyb\u0117s<\/h2>\n<ul>\n<li>\n<h3>Didelis stiprumas ir ilgaam\u017ei\u0161kumas<\/h3>\n<p>\u0160is str\u0117l\u0117s cilindras, pagamintas i\u0161 didelio stiprumo plieno arba aliuminio, yra skirtas atlaikyti auk\u0161t\u0105 sl\u0117g\u012f ir dideles apkrovas, tod\u0117l tinka at\u0161iaurioms darbo s\u0105lygoms. Jo konstrukcijoje pirmenyb\u0117 teikiama atsparumui dilimui ir korozijos prevencijai, tod\u0117l jo tarnavimo laikas gerokai pailg\u0117ja.<\/p>\n<\/li>\n<li>\n<h3>Efektyvus hidraulinis valdymas<\/h3>\n<p>Naudodamas hidraulin\u0117s alyvos sl\u0117g\u012f, str\u0117l\u0117s cilindras u\u017etikrina skland\u0173 i\u0161skleidim\u0105 ir \u012ftraukim\u0105, greitai reaguodamas \u012f operatoriaus komandas. Jis u\u017etikrina galingas st\u016bmimo ir traukimo j\u0117gas, tod\u0117l idealiai tinka sunki\u0173 med\u017eiag\u0173 tvarkymui ir sud\u0117tingoms u\u017eduotims atlikti.<\/p>\n<\/li>\n<li>\n<h3>\u012evair\u016bs tipai<\/h3>\n<p>Priklausomai nuo eksploatacini\u0173 poreiki\u0173, si\u016blome tiek vienpusio veikimo (veikian\u010dius viena kryptimi), tiek dvipusio veikimo (veikian\u010dius abiem kryptimis) cilindrus. Kai kurie modeliai yra teleskopiniai, tod\u0117l juos galima labiau prailginti nedidinant i\u0161orini\u0173 matmen\u0173, tod\u0117l jie puikiai tinka naudoti ribotoje erdv\u0117je.<\/p>\n<\/li>\n<li>\n<h3>Individualios gamybos galimyb\u0117s<\/h3>\n<p>M\u016bs\u0173 gaminiai gali puikiai pakeisti esamus \u012fvairi\u0173 gamintoj\u0173 hidraulinius cilindrus, u\u017etikrinant suderinamum\u0105 ir na\u0161um\u0105.<\/p>\n<\/li>\n<\/ul>\n<p><img decoding=\"async\" src=\"https:\/\/www.hydraulic-cylinders.net\/wp-content\/uploads\/2025\/04\/songte-cylinder-head-with-all-kinds-excavator-models.webp\" alt=\"Hidraulini\u0173 cilindr\u0173 variantai\"><\/p>\n<h2>Taikymo scenarijai<\/h2>\n<h3>Statybin\u0117 \u012franga<\/h3>\n<p>Ekskavatoriuose str\u0117l\u0117s cilindrai yra gyvybi\u0161kai svarb\u016bs kasant, kraunant ir perkeliant \u017eem\u0119 ar \u0161iuk\u0161les. J\u0173 vaidmuo yra labai svarbus didinant efektyvum\u0105 ir na\u0161um\u0105 statybviet\u0117se. Ekskavatoriuose-krautuvuose jie padeda tiek kasti, tiek kelti, tod\u0117l yra nepakei\u010diami atliekant \u012fvairias statybos u\u017eduotis.<\/p>\n<h3>\u017dem\u0117s \u016bkio technika<\/h3>\n<p>Priekiniuose krautuvuose str\u0117l\u0117s cilindrai naudojami dirvo\u017eemiui, \u0161ienui ir kitoms med\u017eiagoms semti, kelti ir transportuoti, taip palengvinant \u017eem\u0117s \u016bkio darbus. J\u0173 tvirta konstrukcija u\u017etikrina, kad jie gali efektyviai atlikti \u016bkio darbus.<\/p>\n<h3>Ekskavatoriai<\/h3>\n<p>Ekskavatoriuose str\u0117l\u0117s cilindras leid\u017eia kau\u0161ui \u012fsiskverbti \u012f \u017eem\u0119, taip \u012fgalinant efektyvius kasimo veiksmus. \u0160i funkcija yra labai svarbi atliekant \u012fvairias kasimo u\u017eduotis, didinant na\u0161um\u0105 ir sutrumpinant darbo laik\u0105.<\/p>\n<h3>Krautuvai<\/h3>\n<p>Priekiniuose krautuvuose str\u0117l\u0117s cilindrai padeda efektyviai kelti ir i\u0161versti krovinius. J\u0173 konstrukcija optimizuota dideliems keliamiesiems paj\u0117gumams, u\u017etikrinant skland\u0173 veikim\u0105 perkeliant med\u017eiagas.<\/p>\n<h2>Projektavimo aspektai ir atrankos kriterijai<\/h2>\n<h3>Keliamoji galia<\/h3>\n<p>Renkantis str\u0117l\u0117s cilindr\u0105, labai svarbu suprasti keliam\u0105j\u0105 gali\u0105. \u0160is veiksnys lemia maksimal\u0173 svor\u012f, kur\u012f cilindras gali atlaikyti nepakenkdamas saugumui ar na\u0161umui. In\u017einieriai turi \u012fvertinti konkre\u010dius savo ma\u0161in\u0173 reikalavimus, kad u\u017etikrint\u0173 optimal\u0173 veikim\u0105.<\/p>\n<h3>Sandarumo vientisumas<\/h3>\n<p>Efektyvus sandarinimas yra nepaprastai svarbus siekiant i\u0161vengti hidraulinio skys\u010dio nuot\u0117kio ir palaikyti sl\u0117g\u012f. Auk\u0161tos kokyb\u0117s sandarikliai, tokie kaip poliuretanas arba nitrilo kau\u010diukas, yra b\u016btini ilgalaikiam veikimui. Tinkamas sandarinimas u\u017etikrina efektyv\u0173 cilindro veikim\u0105, suma\u017eina prie\u017ei\u016bros poreik\u012f ir padidina patikimum\u0105.<\/p>\n<h3>Patvarumas<\/h3>\n<p>Patvarumas yra svarbus str\u0117l\u0117s cilindr\u0173 veiksnys, ypa\u010d at\u0161iauriomis s\u0105lygomis. Komponentai turi b\u016bti suprojektuoti taip, kad atlaikyt\u0173 nusid\u0117v\u0117jim\u0105, o j\u0173 apdorojimas b\u016bt\u0173 atsparus korozijai ir nuovargiui. \u0160is ilgaam\u017ei\u0161kumas galiausiai lemia ma\u017eesnes eksploatavimo i\u0161laidas ir ilgesn\u012f ma\u0161in\u0173 veikimo laik\u0105.<\/p>\n<h3>Saugos funkcijos<\/h3>\n<p>Sauga yra labai svarbus hidraulini\u0173 cilindr\u0173 projektavimo aspektas. Tokios savyb\u0117s kaip sl\u0117gio ma\u017einimo vo\u017etuvai, kurie apsaugo nuo perkrovos, yra b\u016btinos tiek \u012frangai, tiek operatoriui apsaugoti. Norint tinkamai naudoti, labai svarbu suprasti saugos protokolus ir standartus.<\/p>\n<h3>Prieinamumas prie prie\u017ei\u016bros<\/h3>\n<p>Labai svarbu suprojektuoti str\u0117l\u0117s cilindrus taip, kad juos b\u016bt\u0173 lengva pri\u017ei\u016br\u0117ti. Reik\u0117t\u0173 apsvarstyti prieigos ta\u0161kus tepimui, sandarikli\u0173 keitimui ir patikrai, kad b\u016bt\u0173 suma\u017eintas prastovos laikas ir palengvintas reguliarus aptarnavimas. Gerai apgalvota konstrukcija prailgina bendr\u0105 cilindro gyvavimo cikl\u0105.<\/p>\n<p><img decoding=\"async\" src=\"https:\/\/www.hydraulic-cylinders.net\/wp-content\/uploads\/2025\/04\/songte-oil-pipes-and-spare-parts.webp\" alt=\"Naftos vamzd\u017eiai ir atsargin\u0117s dalys\"><\/p>\n<h2>Sandarinimas ir tepimas<\/h2>\n<p>Str\u0117l\u0117s cilindro ilgaam\u017ei\u0161kumas ir na\u0161umas labai priklauso nuo jo sandarinimo ir tepimo sistemos. Hidrauliniam skys\u010diui efektyviai sulaikyti naudojami \u012fvair\u016bs sandarikliai, \u012fskaitant st\u016bmokli\u0173 ir stryp\u0173 sandariklius. Sandarikliai, pagaminti i\u0161 atspari\u0173 dilimui med\u017eiag\u0173, toki\u0173 kaip poliuretanas ir nitrilo kau\u010diukas, idealiai tinka nuot\u0117kiams i\u0161vengti ir efektyvumui u\u017etikrinti.<\/p>\n<p>Be to, cilindro korpusas ir srieginiai galiniai pavir\u0161iai yra kruop\u0161\u010diai apdirbami, siekiant padidinti atsparum\u0105 dilimui. Reguliarus tepimas hidrauline alyva yra b\u016btinas norint suma\u017einti trint\u012f ir dilim\u0105, u\u017etikrinant skland\u0173 veikim\u0105. Tinkamas tepimas pailgina cilindro tarnavimo laik\u0105 ir suma\u017eina netik\u0117t\u0173 gedim\u0173 tikimyb\u0119.<\/p>\n<h2>Reguliarus patikrinimas ir prevencin\u0117 prie\u017ei\u016bra<\/h2>\n<ul>\n<li>\n<h3>Reguliar\u016bs patikrinimai<\/h3>\n<p>Reguliariai tikrinti str\u0117l\u0117s cilindr\u0105 yra b\u016btina norint nustatyti galimas problemas, kol jos nepa\u016bm\u0117jo. Patikrinkite, ar n\u0117ra susid\u0117v\u0117jimo, nuot\u0117kio ar pa\u017eeidimo po\u017eymi\u0173. Reguliar\u016bs patikrinimai gali pad\u0117ti i\u0161vengti brangaus remonto ir u\u017etikrinti saug\u0173 eksploatavim\u0105.<\/p>\n<\/li>\n<li>\n<h3>Tinkamas tepimas<\/h3>\n<p>Tinkamas tepimas yra labai svarbus. U\u017etikrinkite, kad cilindras b\u016bt\u0173 reguliariai pildomas tinkama hidrauline alyva, kad b\u016bt\u0173 i\u0161vengta susid\u0117v\u0117jimo ir i\u0161laikytas optimalus veikimas. Reguliar\u016bs tepimo intervalai tur\u0117t\u0173 b\u016bti nustatomi atsi\u017evelgiant \u012f darbo s\u0105lygas.<\/p>\n<\/li>\n<li>\n<h3>Tarpikli\u0173 keitimas ir kalibravimo patikrinimai<\/h3>\n<p>Savalaikis susid\u0117v\u0117jusi\u0173 sandarikli\u0173 pakeitimas gali pad\u0117ti i\u0161vengti nuot\u0117ki\u0173 ir i\u0161laikyti sl\u0117gio vientisum\u0105. Be to, \u012fprasti kalibravimo patikrinimai u\u017etikrina, kad cilindras veikt\u0173 pagal nurodytus parametrus. \u0160i praktika padidina saugum\u0105 ir pailgina \u012frangos tarnavimo laik\u0105.<\/p>\n<\/li>\n<\/ul>\n<p>Tinkamas i\u0161lyginimas montavimo metu yra labai svarbus norint u\u017etikrinti funkcionalum\u0105. Rekomenduojama naudoti tinkamus tvirtinimo laikiklius cilindrui pritvirtinti, kad b\u016bt\u0173 suma\u017einta komponento apkrova.<\/p>\n<p><img decoding=\"async\" src=\"https:\/\/www.hydraulic-cylinders.net\/wp-content\/uploads\/2025\/04\/songte-chushion-collar.webp\" alt=\"Pagalv\u0117l\u0117s apykakl\u0117\"><\/p>\n<h2>Saugos aspektai ir aplinkos veiksniai<\/h2>\n<p>Naudojant str\u0117l\u0117s cilindrus, itin svarbu \u012fdiegti saugos priemones. Operatoriai turi b\u016bti apmokyti saugiai elgtis su hidrauline \u012franga ir j\u0105 valdyti, kad b\u016bt\u0173 i\u0161vengta nelaiming\u0173 atsitikim\u0173. Be to, norint laikytis taisykli\u0173 ir u\u017etikrinti saugi\u0105 darbo aplink\u0105, b\u016btina atkreipti d\u0117mes\u012f \u012f aplinkos veiksnius, tokius kaip triuk\u0161mo lygis ir hidraulinio skys\u010dio valdymas.<\/p>\n<h2>Da\u017eniausiai pasitaikan\u010di\u0173 problem\u0173 \u0161alinimas<\/h2>\n<h3>Da\u017enos problemos ir sprendimai<\/h3>\n<ul>\n<li>\n<h3>Nuot\u0117kis<\/h3>\n<p>Nuot\u0117kis gali atsirasti d\u0117l susid\u0117v\u0117jusi\u0173 sandarikli\u0173 arba cilindro korpuso pa\u017eeidimo. Reguliariai tikrinkite sandariklius ir keiskite juos pagal poreik\u012f. Jei cilindro korpusas pa\u017eeistas, gali prireikti profesionalo remonto arba pakeitimo.<\/p>\n<\/li>\n<li>\n<h3>Suma\u017eintas na\u0161umas<\/h3>\n<p>Jei cilindras nereaguoja efektyviai, patikrinkite hidraulinio skys\u010dio lyg\u012f ir \u012fsitikinkite, kad hidraulin\u0117se linijose n\u0117ra u\u017esikim\u0161im\u0173. \u017demas skys\u010dio lygis arba \u0161iuk\u0161l\u0117s gali pakenkti veikimui.<\/p>\n<\/li>\n<li>\n<h3>Triuk\u0161mingas veikimas<\/h3>\n<p>Per didelis triuk\u0161mas veikimo metu gali rodyti nepakankam\u0105 tepim\u0105 arba or\u0105 hidraulin\u0117je sistemoje. \u012esitikinkite, kad sistemoje yra tinkamas tepimas, ir i\u0161leiskite or\u0105, kad pa\u0161alintum\u0117te vis\u0105 \u012fstrigus\u012f or\u0105.<\/p>\n<\/li>\n<\/ul>\n<h2>Prevencijos strategijos problemoms suma\u017einti<\/h2>\n<p>Siekiant suma\u017einti problem\u0173 tikimyb\u0119, reik\u0117t\u0173 reguliariai atlikti technin\u0119 prie\u017ei\u016br\u0105. Tai apima savalaikius patikrinimus, tepimo grafik\u0173 laikym\u0105si ir neatid\u0117liotin\u0105 d\u0117mes\u012f bet kokiems susid\u0117v\u0117jimo ar pa\u017eeidimo po\u017eymiams. Prevencin\u0117s prie\u017ei\u016bros plano parengimas gali \u017eymiai suma\u017einti eksploatavimo rizik\u0105 ir padidinti str\u0117l\u0117s cilindro ilgaam\u017ei\u0161kum\u0105.<\/p>\n<p><img decoding=\"async\" src=\"https:\/\/www.hydraulic-cylinders.net\/wp-content\/uploads\/2025\/04\/songte-bushings-with-all-kinds-of-excavator-models.webp\" alt=\"Ekskavatori\u0173 \u012fvor\u0117s\"><\/p>\n<h2>\u012emon\u0117s ap\u017evalga<\/h2>\n<p>Esame pirmaujantis pakaitini\u0173 hidraulini\u0173 cilindr\u0173 gamintojas, si\u016blantis plat\u0173 gamini\u0173 asortiment\u0105, skirt\u0105 tiek vidaus, tiek tarptautinei rinkai. M\u016bs\u0173 \u012fsipareigojimas siekti meistri\u0161kumo atsispindi m\u016bs\u0173 gamybos strategijose, kuriose pirmenyb\u0117 teikiama kokybei, taikant tiksli\u0105j\u0105 in\u017einerij\u0105 ir grie\u017etus bandym\u0173 protokolus. Nuolat tobuliname savo gamybos paj\u0117gumus, pasitelkdami pa\u017eangias gamybos technologijas ir kvalifikuot\u0105 darbo j\u0117g\u0105.<\/p>\n<p>Be standartini\u0173 pasi\u016blym\u0173, teikiame ir individualias paslaugas, kad patenkintume konkre\u010dius klient\u0173 poreikius, u\u017etikrindami, kad galime pritaikyti juos \u012fvairiems poreikiams. M\u016bs\u0173 gamyklos apr\u016bpintos moderniausia \u012franga, skirta gaminti auk\u0161tos kokyb\u0117s hidraulinius cilindrus, pasi\u017eymin\u010dius optimaliais na\u0161umo standartais.<\/p>\n<p><img decoding=\"async\" src=\"https:\/\/www.hydraulic-cylinders.net\/wp-content\/uploads\/2025\/04\/songte-company-4.webp\" alt=\"\u012emon\u0117s gamybos \u012frenginiai\"><br \/>\n<img decoding=\"async\" src=\"https:\/\/www.hydraulic-cylinders.net\/wp-content\/uploads\/2025\/04\/songte-company-3.webp\" alt=\"\u012emon\u0117s gamybos procesas\"><\/p>\n<p>M\u016bs\u0173 patirtis apima profesional\u0173 aptarnavim\u0105 po pardavimo, pagalb\u0105 klientams diegimo patarimais, trik\u010di\u0173 \u0161alinimu ir prie\u017ei\u016bros rekomendacijomis. Did\u017eiuojam\u0117s savo tarptautiniais sertifikatais, kurie patvirtina m\u016bs\u0173 gamini\u0173 kokyb\u0119 ir saug\u0105.<\/p>\n<p>Autorius: lyl<\/p>","protected":false},"excerpt":{"rendered":"<p>Boom Cylinder For Kobelco Small Excavator SK70SR-2 Introduction to Boom Cylinders The boom cylinder is a crucial component in the hydraulic system of construction machinery, specifically designed to control the movement of the boom, which is the arm of an excavator. In a system like the Kobelco SK70SR-2, the boom cylinder allows for precise actions [&hellip;]<\/p>","protected":false},"featured_media":17878,"comment_status":"open","ping_status":"closed","template":"","meta":{"_et_pb_use_builder":"","_et_pb_old_content":"","_et_gb_content_width":""},"product_brand":[],"product_cat":[1546],"product_tag":[1547,1496],"class_list":{"0":"post-19057","1":"product","2":"type-product","3":"status-publish","4":"has-post-thumbnail","6":"product_cat-boom-cylinders","7":"product_tag-boom-cylinders","8":"product_tag-hydraulic-cylinders","10":"first","11":"instock","12":"shipping-taxable","13":"product-type-simple"},"amp_enabled":true,"_links":{"self":[{"href":"https:\/\/www.hydraulic-cylinders.net\/lt\/wp-json\/wp\/v2\/product\/19057","targetHints":{"allow":["GET"]}}],"collection":[{"href":"https:\/\/www.hydraulic-cylinders.net\/lt\/wp-json\/wp\/v2\/product"}],"about":[{"href":"https:\/\/www.hydraulic-cylinders.net\/lt\/wp-json\/wp\/v2\/types\/product"}],"replies":[{"embeddable":true,"href":"https:\/\/www.hydraulic-cylinders.net\/lt\/wp-json\/wp\/v2\/comments?post=19057"}],"wp:featuredmedia":[{"embeddable":true,"href":"https:\/\/www.hydraulic-cylinders.net\/lt\/wp-json\/wp\/v2\/media\/17878"}],"wp:attachment":[{"href":"https:\/\/www.hydraulic-cylinders.net\/lt\/wp-json\/wp\/v2\/media?parent=19057"}],"wp:term":[{"taxonomy":"product_brand","embeddable":true,"href":"https:\/\/www.hydraulic-cylinders.net\/lt\/wp-json\/wp\/v2\/product_brand?post=19057"},{"taxonomy":"product_cat","embeddable":true,"href":"https:\/\/www.hydraulic-cylinders.net\/lt\/wp-json\/wp\/v2\/product_cat?post=19057"},{"taxonomy":"product_tag","embeddable":true,"href":"https:\/\/www.hydraulic-cylinders.net\/lt\/wp-json\/wp\/v2\/product_tag?post=19057"}],"curies":[{"name":"wp","href":"https:\/\/api.w.org\/{rel}","templated":true}]}}