{"id":1906,"date":"2023-10-19T06:58:04","date_gmt":"2023-10-19T06:58:04","guid":{"rendered":"https:\/\/hydraulic-cylinders.net\/?post_type=product&#038;p=1906"},"modified":"2025-04-11T02:51:49","modified_gmt":"2025-04-11T02:51:49","slug":"double-shield-tbm-support-shoe-cylinder","status":"publish","type":"product","link":"https:\/\/www.hydraulic-cylinders.net\/lt\/produktas\/double-shield-tbm-support-shoe-cylinder\/","title":{"rendered":"Dvigubo skydo TBM atraminio bato cilindras"},"content":{"rendered":"<h1 style=\"text-align: center;\"><strong>Dvigubo skydo TBM atraminio bato cilindras<\/strong><\/h1>\n<p><img loading=\"lazy\" decoding=\"async\" class=\"aligncenter wp-image-1907\" src=\"https:\/\/hydraulic-cylinders.net\/wp-content\/uploads\/2023\/10\/support-shoe-cylinder-1-2-300x300.webp\" alt=\"\" width=\"400\" height=\"400\" \/><\/p>\n<p>Dvigubo skydo TBM atraminis padas yra pa\u017eangus hidraulinis komponentas, skirtas tuneli\u0173 gr\u0119\u017eimo operacij\u0173 efektyvumui ir saugai padidinti. \u0160is specializuotas cilindras atlieka labai svarb\u0173 vaidmen\u012f palaikant dvigubo skydo tuneli\u0173 gr\u0119\u017eimo ma\u0161inos (TBM) skyd\u0105, u\u017etikrinant stabilum\u0105 ir apsaug\u0105 kasimo metu. \u0160iame informaciniame straipsnyje bus nagrin\u0117jamos pagrindin\u0117s dvigubo skydo TBM atraminio padas cilindro charakteristikos, naudojimo b\u016bdai ir prie\u017ei\u016bros gair\u0117s.<\/p>\n<p>Dvigubo skydo TBM atraminis padas yra gyvybi\u0161kai svarbus komponentas, didinantis dvigubo skydo tuneli\u0173 gr\u0119\u017eimo operacij\u0173 efektyvum\u0105 ir saug\u0105. D\u0117l patobulinto stabilumo, tikslaus valdymo, dvigubo veikimo konstrukcijos, patvarumo ir patikimumo \u0161is cilindras u\u017etikrina saug\u0173 TBM skydo atramos palaikym\u0105 ir apsaug\u0105 kasimo metu. Laikantis rekomenduojam\u0173 naudojimo metod\u0173 ir reguliarios prie\u017ei\u016bros praktikos, dvigubo skydo TBM atraminis padas ir toliau u\u017etikrins puik\u0173 na\u0161um\u0105, prisid\u0117damas prie tuneli\u0173 projekt\u0173 s\u0117km\u0117s. Patirkite dvigubo skydo TBM atraminio padas cilindro efektyvum\u0105 ir saugum\u0105, kuris pa\u017eangiomis technologijomis ir patikimumu kei\u010dia tuneli\u0173 gr\u0119\u017eimo operacijas.<\/p>\n<p>Dvigubo skydo TBM atraminio pad\u0173 cilindro pagrindin\u0117s charakteristikos:<\/p>\n<ul>\n<li>Padidintas stabilumas ir apkrovos i\u0161laikymas: Dvigubo skydo TBM atraminio pad\u0173 cilindras suprojektuotas taip, kad u\u017etikrint\u0173 i\u0161skirtin\u012f TBM skydo stabilum\u0105 ir apkrovos i\u0161laikymo gali\u0105. Tvirta konstrukcija ir tiksli in\u017einerija u\u017etikrina, kad skydas tvirtai laikyt\u0173si vietoje kasimo metu, suma\u017einant grunto \u012fgriuvimo rizik\u0105 ir u\u017etikrinant tuneli\u0173 kasimo komandos saugum\u0105.<\/li>\n<li>Tikslus valdymas ir pad\u0117ties nustatymas: \u0160is cilindras, apr\u016bpintas pa\u017eangiomis hidraulin\u0117mis valdymo sistemomis, leid\u017eia tiksliai valdyti atramini\u0173 pad\u0173 pad\u0117t\u012f. Tai leid\u017eia operatoriams reguliuoti pad\u0173 orientacij\u0105 ir i\u0161lygiavim\u0105, kad jie atitikt\u0173 konkre\u010dias grunto s\u0105lygas, u\u017etikrinant tiksl\u0173 ir efektyv\u0173 kasim\u0105.<\/li>\n<li>Dvigubo veikimo konstrukcija: Dvigubo skydo TBM atraminio bato cilindras pasi\u017eymi dvigubo veikimo konstrukcija, o tai rei\u0161kia, kad jis gali veikti tiek i\u0161pl\u0117timo, tiek atitraukimo kryptimis. \u0160i galimyb\u0117 leid\u017eia lanks\u010diai ir kontroliuojamai jud\u0117ti atraminiams batams, u\u017etikrinant optimal\u0173 atramos ir stabilumo valdym\u0105 tuneli\u0173 kasimo proceso metu.<\/li>\n<li>Patvarumas ir patikimumas: Pagamintas i\u0161 auk\u0161tos kokyb\u0117s med\u017eiag\u0173, dvigubo skydo TBM atraminis padas cilindras yra sukurtas taip, kad atlaikyt\u0173 sud\u0117tingas s\u0105lygas, su kuriomis susiduriama tuneli\u0173 kasimo metu. Jis gali atlaikyti dideles apkrovas, vibracij\u0105 ir sm\u016bgius, u\u017etikrindamas ilgalaik\u012f patvarum\u0105, suma\u017eindamas prastovas ir prie\u017ei\u016bros i\u0161laidas.<\/li>\n<\/ul>\n<h2><strong>Dvigubo skydo TBM atraminio bato cilindro parametras:<\/strong><\/h2>\n<table border=\"1\" cellspacing=\"0\" cellpadding=\"0\">\n<tbody>\n<tr>\n<td>Produkto pavadinimas<\/td>\n<td>Dvigubo skydo tunelinio gr\u0119\u017eimo ma\u0161inos atraminio bato cilindras<\/td>\n<\/tr>\n<tr>\n<td>Savyb\u0117s:<\/td>\n<td>Suteikia tunelinio gr\u0119\u017eimo j\u0117g\u0105<\/td>\n<\/tr>\n<tr>\n<td>Skyl\u0117s skersmuo:<\/td>\n<td>320 mm ~ 700 mm<\/td>\n<\/tr>\n<tr>\n<td>Strypo skersmuo:<\/td>\n<td>220 mm ~ 500 mm<br \/>\nSt\u016bmoklis: 300 mm ~ 1200 mm<\/td>\n<\/tr>\n<tr>\n<td>Sl\u0117gis:<\/td>\n<td>iki 35 MPa<\/td>\n<\/tr>\n<tr>\n<td>Parai\u0161kos:<\/td>\n<td>Dvigubo skydo tunelio gr\u0119\u017eimo ma\u0161ina<\/td>\n<\/tr>\n<\/tbody>\n<\/table>\n<h2><strong>Dvigubo skydo TBM cilindro taikymas:<\/strong><\/h2>\n<p><img loading=\"lazy\" decoding=\"async\" class=\"alignnone wp-image-1909 size-full\" src=\"https:\/\/hydraulic-cylinders.net\/wp-content\/uploads\/2023\/10\/double-shield-tbm-cylinder-1.webp\" alt=\"\" width=\"709\" height=\"473\" srcset=\"https:\/\/hydraulic-cylinders.net\/wp-content\/uploads\/2023\/10\/double-shield-tbm-cylinder-1.webp 709w, https:\/\/hydraulic-cylinders.net\/wp-content\/uploads\/2023\/10\/double-shield-tbm-cylinder-1-480x320.webp 480w\" sizes=\"(min-width: 0px) and (max-width: 480px) 480px, (min-width: 481px) 709px, 100vw\" \/><\/p>\n<h2><strong>Naudojimo b\u016bdas <\/strong><strong>Dvigubo skydo TBM atraminio bato cilindras<\/strong><strong>:<\/strong><\/h2>\n<ul>\n<li><strong>Cilindro montavimas:<\/strong>\u00a0 Dvigubo skydo TBM atraminio pado cilindr\u0105 sumontuokite pagal gamintojo instrukcijas. Naudokite tinkamus tvirtinimo laikiklius arba priedus, kad u\u017etikrintum\u0117te tinkam\u0105 sulygiavim\u0105 ir tvirt\u0105 pritvirtinim\u0105 prie TBM atraminio pado konstrukcijos.<\/li>\n<li><strong>Hidraulin\u0117s sistemos integravimas:<\/strong> Prijunkite cilindr\u0105 prie TBM hidraulin\u0117s sistemos naudodami suderinamas \u017earnas ir jungiam\u0105sias detales. Patikrinkite, ar visos jungtys yra tvirtos, nepralaid\u017eios ir tinkamai priver\u017etos, kad b\u016bt\u0173 u\u017etikrintas optimalus hidraulinis veikimas.<\/li>\n<li><strong>Valdymas ir pad\u0117ties nustatymas:<\/strong>\u00a0 Susipa\u017einkite su dvigubo skydo TBM atraminio pad\u0173 cilindro taisykl\u0117mis. Naudokite \u0161iuos valdiklius, kad prireikus sureguliuotum\u0117te atramini\u0173 pad\u0173 pad\u0117t\u012f, i\u0161lyginim\u0105 ir kamp\u0105. Laikykit\u0117s TBM gamintojo nurodym\u0173 ir rekomendacij\u0173, kaip optimaliai i\u0161d\u0117styti atramin\u012f pad\u0105, atsi\u017evelgiant \u012f \u017eem\u0117s s\u0105lygas.<\/li>\n<li><strong>Saugos priemon\u0117s:<\/strong>\u00a0 Laikykit\u0117s vis\u0173 TBM gamintojo pateikt\u0173 saugos protokol\u0173 ir gairi\u0173. U\u017etikrinkite, kad operatoriai b\u016bt\u0173 apmokyti saugiai valdyti TBM ir dvigubo skydo TBM atraminio pad\u0173 cilindr\u0105. Reguliariai tikrinkite saugos mechanizmus ir atlikite technin\u0119 prie\u017ei\u016br\u0105, kaip rekomenduojama, kad u\u017etikrintum\u0117te tinkam\u0105 veikim\u0105.<\/li>\n<\/ul>\n<h2><strong>Kaip pagaminti hidraulin\u012f cilindr\u0105?<\/strong><\/h2>\n<p>Hidraulinio cilindro gamybai reikalingos pa\u017eangios in\u017einerin\u0117s \u017einios, specializuota \u012franga ir galimyb\u0117 naudotis auk\u0161tos kokyb\u0117s med\u017eiagomis. D\u0117l sud\u0117tingumo ir tikslumo \u0161i\u0105 u\u017eduot\u012f paprastai atlieka profesional\u016bs gamintojai. Ta\u010diau pateikiame bendr\u0105 hidraulinio cilindro gamybos etap\u0173 ap\u017evalg\u0105:<\/p>\n<ol>\n<li><strong>Projektavimas ir in\u017einerija:<\/strong>\n<ul>\n<li>Nustatykite konkre\u010dius hidraulinio cilindro reikalavimus ir specifikacijas, pvz., eigos ilg\u012f, kiaurym\u0119, darbin\u012f sl\u0117g\u012f ir keliam\u0105j\u0105 gali\u0105.<\/li>\n<li>Naudokite kompiuterinio projektavimo (CAD) programin\u0119 \u012frang\u0105, kad sukurtum\u0117te detal\u0173 plan\u0105, kuriame b\u016bt\u0173 nurodyti cilindro matmenys, vidiniai komponentai ir sandarikliai.<\/li>\n<\/ul>\n<\/li>\n<li><strong>Med\u017eiag\u0173 pasirinkimas:<\/strong>\n<ul>\n<li>Hidraulin\u0117ms reikm\u0117ms rinkit\u0117s auk\u0161tos kokyb\u0117s med\u017eiagas, tokias kaip plienas arba aliuminis cilindro korpusui, st\u016bmokliui ir galiniams dangteliams.<\/li>\n<li>Pasirinkite tinkamus sandariklius, pvz., O formos \u017eiedus arba st\u016bmoklinius sandariklius, kurie gali atlaikyti eksploatavimo s\u0105lygas ir skys\u010di\u0173 suderinamum\u0105.<\/li>\n<\/ul>\n<\/li>\n<li><strong>Apdirbimas:<\/strong>\n<ul>\n<li>Cilindro komponentams pagaminti pagal projektavimo specifikacijas naudokite tiksli\u0105j\u0105 apdirbimo \u012frang\u0105, toki\u0105 kaip tekinimo stakl\u0117s, frezavimo stakl\u0117s ir \u0161lifavimo stakl\u0117s.<\/li>\n<li>Apdorokite cilindro korpus\u0105, galinius dangtelius, st\u016bmokl\u012f, kot\u0105 ir kitus vidinius komponentus pagal reikiamus matmenis ir tolerancijas.<\/li>\n<\/ul>\n<\/li>\n<li><strong>Surinkimas:<\/strong>\n<ul>\n<li>Kruop\u0161\u010diai nuvalykite visus komponentus, kad pa\u0161alintum\u0117te ne\u0161varumus ar priemai\u0161as.<\/li>\n<li>\u012estatykite sandariklius \u012f tam skirtus griovelius ant st\u016bmoklio, galini\u0173 dangteli\u0173 ir strypo.<\/li>\n<li>Atsargiai \u012fki\u0161kite st\u016bmokl\u012f \u012f cilindro korpus\u0105, u\u017etikrindami tinkam\u0105 sulygiavim\u0105 ir laisvum\u0105.<\/li>\n<li>Pritvirtinkite galinius dangtelius prie cilindro korpuso, u\u017etikrindami saug\u0173 ir sandar\u0173 sujungim\u0105.<\/li>\n<li>\u012eki\u0161kite stryp\u0105 \u012f st\u016bmokl\u012f ir pritvirtinkite j\u012f atitinkamais tvirtinimo elementais.<\/li>\n<li>Pritvirtinkite hidraulines jungtis arba prievadus prie galini\u0173 dangteli\u0173, skirt\u0173 skys\u010di\u0173 jungtims.<\/li>\n<\/ul>\n<\/li>\n<li><strong>Testavimas ir kokyb\u0117s kontrol\u0117:<\/strong>\n<ul>\n<li>Atlikite sl\u0117gio bandym\u0105, kad \u012fsitikintum\u0117te, jog cilindras gali atlaikyti nurodyt\u0105 darbin\u012f sl\u0117g\u012f be nuot\u0117ki\u0173 ar gedim\u0173.<\/li>\n<li>Patikrinkite cilindro tinkam\u0105 veikim\u0105, j\u012f kontroliuojamomis s\u0105lygomis i\u0161tiesdami ir \u012ftraukdami.<\/li>\n<li>Patikrinkite visus komponentus, ar n\u0117ra defekt\u0173 ar netobulum\u0173, ir \u012fsitikinkite, kad jie atitinka reikiamus reikalavimus.<\/li>\n<li>Atlikite kokyb\u0117s kontrol\u0117s patikrinimus, kad \u012fsitikintum\u0117te, jog balionas atitinka saugos ir norminius reikalavimus.<\/li>\n<\/ul>\n<\/li>\n<\/ol>\n<h2><strong>Gamyklos paj\u0117gumai ir talpa:<\/strong><\/h2>\n<h3>(1) Surinkimas<\/h3>\n<p>Turime pirmos klas\u0117s nepriklausom\u0105 tyrim\u0173 ir pl\u0117tros surinkimo platform\u0105. Hidraulini\u0173 cilindr\u0173 gamybos ceche yra keturios pusiau automatin\u0117s k\u0117limo cilindr\u0173 surinkimo linijos ir viena automatin\u0117 pakreipimo cilindr\u0173 surinkimo linija, kuri\u0173 projektinis metinis gamybos paj\u0117gumas yra 1 milijonas vienet\u0173. Speciali\u0173j\u0173 cilindr\u0173 ceche \u012frengta \u012fvairi\u0173 specifikacij\u0173 pusiau automatin\u0117 valymo surinkimo sistema, kurios projektinis metinis gamybos paj\u0117gumas yra 200 000 vienet\u0173, ir garsi CNC apdirbimo \u012franga, apdirbimo centras, didelio tikslumo cilindr\u0173 apdirbimo speciali \u012franga, robotinis suvirinimo aparatas, automatinis valymo aparatas, automatinis cilindr\u0173 surinkimo aparatas ir automatin\u0117 da\u017eymo gamybos linija. Esama daugiau nei 300 rinkini\u0173 (komplekt\u0173) kritin\u0117 \u012franga. Optimalus \u012frangos i\u0161tekli\u0173 paskirstymas ir efektyvus naudojimas u\u017etikrina gamini\u0173 tikslumo reikalavimus ir auk\u0161tus gamini\u0173 kokyb\u0117s poreikius.<\/p>\n<p><img loading=\"lazy\" decoding=\"async\" class=\"alignnone wp-image-626\" src=\"https:\/\/hydraulic-cylinders.net\/wp-content\/uploads\/2023\/08\/hydraulic-cylinder-product-1-300x158.webp\" alt=\"\" width=\"495\" height=\"260\" srcset=\"https:\/\/hydraulic-cylinders.net\/wp-content\/uploads\/2023\/08\/hydraulic-cylinder-product-1-300x158.webp 495w, https:\/\/hydraulic-cylinders.net\/wp-content\/uploads\/2023\/08\/hydraulic-cylinder-product-1-480x252.webp 480w\" sizes=\"(min-width: 0px) and (max-width: 480px) 480px, (min-width: 481px) 495px, 100vw\" \/> <img loading=\"lazy\" decoding=\"async\" class=\"alignnone wp-image-627\" src=\"https:\/\/hydraulic-cylinders.net\/wp-content\/uploads\/2023\/08\/hydraulic-cylinder-product-2-300x189.webp\" alt=\"\" width=\"413\" height=\"260\" \/><\/p>\n<h3>(2) Apdirbimas<\/h3>\n<p>Mechaninio apdirbimo ceche \u012frengtas pritaikytas nuo\u017eulnaus b\u0117gio tekinimo centras, apdirbimo centras, greitaeigis galandimo stakl\u0117s, suvirinimo robotas ir kita susijusi \u012franga, galinti apdirbti cilindrinius vamzd\u017eius, kuri\u0173 maksimalus vidinis skersmuo yra 400 mm, o maksimalus ilgis \u2013 6 metrai.<\/p>\n<p><img loading=\"lazy\" decoding=\"async\" class=\"alignnone wp-image-628 size-large\" src=\"https:\/\/hydraulic-cylinders.net\/wp-content\/uploads\/2023\/08\/hydraulic-cylinder-product-3-1024x391.webp\" alt=\"\" width=\"1024\" height=\"391\" srcset=\"https:\/\/hydraulic-cylinders.net\/wp-content\/uploads\/2023\/08\/hydraulic-cylinder-product-3-980x374.webp 980w, https:\/\/hydraulic-cylinders.net\/wp-content\/uploads\/2023\/08\/hydraulic-cylinder-product-3-480x183.webp 480w\" sizes=\"(min-width: 0px) and (max-width: 480px) 480px, (min-width: 481px) and (max-width: 980px) 980px, (min-width: 981px) 1024px, 100vw\" \/><\/p>\n<h3>(3) Suvirinimas<\/h3>\n<p><img loading=\"lazy\" decoding=\"async\" class=\"alignnone wp-image-629 size-large\" src=\"https:\/\/hydraulic-cylinders.net\/wp-content\/uploads\/2023\/08\/hydraulic-cylinder-product-4-1024x510.webp\" alt=\"\" width=\"1024\" height=\"510\" srcset=\"https:\/\/hydraulic-cylinders.net\/wp-content\/uploads\/2023\/08\/hydraulic-cylinder-product-4-980x488.webp 980w, https:\/\/hydraulic-cylinders.net\/wp-content\/uploads\/2023\/08\/hydraulic-cylinder-product-4-480x239.webp 480w\" sizes=\"(min-width: 0px) and (max-width: 480px) 480px, (min-width: 481px) and (max-width: 980px) 980px, (min-width: 981px) 1024px, 100vw\" \/><\/p>\n<h3>(4) Da\u017eymas ir dengimas<\/h3>\n<p>Su ma\u017eomis ir vidutinio dyd\u017eio cilindrin\u0117mis automatin\u0117mis vandens pagrindo da\u017e\u0173 dengimo linijomis, siekiant automatinio robot\u0173 pakrovimo ir i\u0161krovimo bei automatinio pur\u0161kimo, projektinis paj\u0117gumas yra 4000 vienet\u0173 per pamain\u0105;<br \/>\nTaip pat turime pusiau automatin\u0119 dideli\u0173 cilindr\u0173 da\u017e\u0173 gamybos linij\u0105, varom\u0105 grandin\u0117s, kurios projektinis na\u0161umas yra 60 d\u0117\u017ei\u0173 per pamain\u0105.<\/p>\n<p><img loading=\"lazy\" decoding=\"async\" class=\"alignnone wp-image-630\" src=\"https:\/\/hydraulic-cylinders.net\/wp-content\/uploads\/2023\/08\/hydraulic-cylinder-product-5-300x213.webp\" alt=\"\" width=\"366\" height=\"260\" \/> <img loading=\"lazy\" decoding=\"async\" class=\"alignnone wp-image-631\" src=\"https:\/\/hydraulic-cylinders.net\/wp-content\/uploads\/2023\/08\/hydraulic-cylinder-product-6-300x225.webp\" alt=\"\" width=\"347\" height=\"260\" \/><\/p>\n<h3>(5) Testavimas<\/h3>\n<p>Turime auk\u0161\u010diausios klas\u0117s patikros patalpas ir bandym\u0173 stendus, kad u\u017etikrintume, jog baliono veikimas atitinka reikalavimus.<\/p>\n<p><img loading=\"lazy\" decoding=\"async\" class=\"alignnone wp-image-632\" src=\"https:\/\/hydraulic-cylinders.net\/wp-content\/uploads\/2023\/08\/hydraulic-cylinder-product-8-300x200.webp\" alt=\"\" width=\"389\" height=\"260\" \/><\/p>\n<p>&nbsp;<\/p>\n<p>&nbsp;<\/p>\n<p>Esame vienas geriausi\u0173 hidraulini\u0173 cilindr\u0173 gamintoj\u0173. Galime pasi\u016blyti i\u0161samius hidraulinius cilindrus. Taip pat teikiame atitinkamus <a href=\"https:\/\/hzpt.com\/agricultural-pto-gearbox\/\" target=\"_blank\" rel=\"noopener\">\u017eem\u0117s \u016bkio pavar\u0173 d\u0117\u017e\u0117s<\/a>Mes eksportuojame savo gaminius klientams visame pasaulyje ir peln\u0117me ger\u0105 reputacij\u0105 d\u0117l auk\u0161\u010diausios gamini\u0173 kokyb\u0117s ir aptarnavimo po pardavimo. Mes laukiame klient\u0173 \u0161alyje ir u\u017esienyje, norin\u010di\u0173 susisiekti su mumis der\u0117tis d\u0117l verslo, keistis informacija ir... <a href=\"https:\/\/www.hydraulic-cylinders.net\/lt\/contact-us\/\">bendradarbiauti su mumis<\/a>!<\/p>\n<p>&nbsp;<\/p>","protected":false},"excerpt":{"rendered":"<p>Double Shield TBM Support Shoe Cylinder The double shield TBM support shoe cylinder is a cutting-edge hydraulic component designed to enhance tunnel boring operations&#8217; efficiency and safety. This specialized cylinder plays a crucial role in supporting the shield of a double-shield tunnel boring machine (TBM), ensuring stability and protection during excavation. This informative article will [&hellip;]<\/p>","protected":false},"featured_media":1908,"comment_status":"open","ping_status":"closed","template":"","meta":{"_et_pb_use_builder":"","_et_pb_old_content":"","_et_gb_content_width":""},"product_brand":[],"product_cat":[1519,1549],"product_tag":[1380],"class_list":{"0":"post-1906","1":"product","2":"type-product","3":"status-publish","4":"has-post-thumbnail","6":"product_cat-shield-machine-hydraulic-cylinders","7":"product_cat-single-acting-hydraulic-cylinder","8":"product_tag-hydraulic-cylinder","10":"first","11":"instock","12":"shipping-taxable","13":"product-type-simple"},"amp_enabled":true,"_links":{"self":[{"href":"https:\/\/www.hydraulic-cylinders.net\/lt\/wp-json\/wp\/v2\/product\/1906","targetHints":{"allow":["GET"]}}],"collection":[{"href":"https:\/\/www.hydraulic-cylinders.net\/lt\/wp-json\/wp\/v2\/product"}],"about":[{"href":"https:\/\/www.hydraulic-cylinders.net\/lt\/wp-json\/wp\/v2\/types\/product"}],"replies":[{"embeddable":true,"href":"https:\/\/www.hydraulic-cylinders.net\/lt\/wp-json\/wp\/v2\/comments?post=1906"}],"wp:featuredmedia":[{"embeddable":true,"href":"https:\/\/www.hydraulic-cylinders.net\/lt\/wp-json\/wp\/v2\/media\/1908"}],"wp:attachment":[{"href":"https:\/\/www.hydraulic-cylinders.net\/lt\/wp-json\/wp\/v2\/media?parent=1906"}],"wp:term":[{"taxonomy":"product_brand","embeddable":true,"href":"https:\/\/www.hydraulic-cylinders.net\/lt\/wp-json\/wp\/v2\/product_brand?post=1906"},{"taxonomy":"product_cat","embeddable":true,"href":"https:\/\/www.hydraulic-cylinders.net\/lt\/wp-json\/wp\/v2\/product_cat?post=1906"},{"taxonomy":"product_tag","embeddable":true,"href":"https:\/\/www.hydraulic-cylinders.net\/lt\/wp-json\/wp\/v2\/product_tag?post=1906"}],"curies":[{"name":"wp","href":"https:\/\/api.w.org\/{rel}","templated":true}]}}