{"id":19068,"date":"2025-04-07T06:11:17","date_gmt":"2025-04-07T06:11:17","guid":{"rendered":"https:\/\/www.hydraulic-cylinders.net\/product\/boom-cylinder-for-kobelco-small-excavator-sk60-3-8\/"},"modified":"2025-04-07T06:11:19","modified_gmt":"2025-04-07T06:11:19","slug":"boom-cylinder-for-kobelco-small-excavator-sk60-3-8","status":"publish","type":"product","link":"https:\/\/www.hydraulic-cylinders.net\/lt\/produktas\/boom-cylinder-for-kobelco-small-excavator-sk60-3-8\/","title":{"rendered":"Kobelco ma\u017eo ekskavatoriaus SK60-3-8 str\u0117l\u0117s cilindras"},"content":{"rendered":"<h1>Kobelco ma\u017eo ekskavatoriaus SK60-3-8 str\u0117l\u0117s cilindras<\/h1>\n<h2>\u012evadas \u012f str\u0117l\u0117s cilindr\u0105<\/h2>\n<p>Str\u0117l\u0117s cilindras yra esminis hidraulinis komponentas, specialiai sukurtas valdyti kau\u0161o jud\u0117jim\u0105 \u012fvairiose sunkiosiose ma\u0161inose, tokiose kaip ekskavatoriai, ekskavatoriniai krautuvai ir frontaliniai krautuvai. \u0160is hidraulinis cilindras leid\u017eia kau\u0161\u0105 pakelti, nuleisti ir pakreipti, taip palengvindamas efektyv\u0173 med\u017eiag\u0173 tvarkym\u0105. Tinkamas str\u0117l\u0117s cilindro veikimas yra labai svarbus norint maksimaliai padidinti ekskavatori\u0173 eksploatacines galimybes, ypa\u010d statybose ir \u017eem\u0117s kasimo darbuose.<\/p>\n<p><img decoding=\"async\" src=\"https:\/\/www.hydraulic-cylinders.net\/wp-content\/uploads\/2025\/04\/songte-company-1.webp\" alt=\"Str\u0117l\u0117s cilindras\" \/><\/p>\n<h2>Str\u0117l\u0117s cilindro savyb\u0117s<\/h2>\n<ul>\n<li>\n<h3>Didelis stiprumas ir ilgaam\u017ei\u0161kumas<\/h3>\n<p>Paprastai i\u0161 didelio stiprumo plieno arba aliuminio pagaminti str\u0117l\u0117s cilindrai gali atlaikyti auk\u0161t\u0105 sl\u0117g\u012f ir dideles apkrovas. Jie sukurti taip, kad atlaikyt\u0173 at\u0161iaurias darbo s\u0105lygas, atsi\u017evelgiant \u012f atsparum\u0105 dilimui ir korozijai, taip pailginant j\u0173 tarnavimo laik\u0105.<\/li>\n<li>\n<h3>Efektyvus hidraulinis valdymas<\/h3>\n<p>Naudojant hidraulin\u0117s alyvos sl\u0117g\u012f, str\u0117l\u0117s cilindrai u\u017etikrina skland\u0173 i\u0161skleidim\u0105 ir \u012ftraukim\u0105. Jie greitai reaguoja \u012f operacines komandas, u\u017etikrindami didel\u0119 st\u016bmimo ir traukimo j\u0117g\u0105, kuri idealiai tinka sunki\u0173 med\u017eiag\u0173 tvarkymui ir sud\u0117tingoms u\u017eduotims atlikti.<\/li>\n<li>\n<h3>\u012evair\u016bs tipai<\/h3>\n<p>Priklausomai nuo reikalavim\u0173, str\u0117l\u0117s cilindrai gali b\u016bti vienpusio veikimo (hidraulin\u0117 j\u0117ga naudojama viena kryptimi) arba dvipusio veikimo (hidraulin\u0117 j\u0117ga naudojama abiem kryptimis). Kai kurie modeliai yra teleskopiniai, tod\u0117l juos galima labiau i\u0161tiesti nedidinant i\u0161orini\u0173 matmen\u0173, tod\u0117l jie tinka naudoti ribotoje erdv\u0117je.<\/li>\n<\/ul>\n<p>Mes gaminame \u0161\u012f produkt\u0105, o m\u016bs\u0173 cilindrai puikiai pakei\u010dia \u0161ias hidraulines sistemas.<\/p>\n<p><img decoding=\"async\" src=\"https:\/\/www.hydraulic-cylinders.net\/wp-content\/uploads\/2025\/04\/songte-cylinder-head-with-all-kinds-excavator-models.webp\" alt=\"Kobelco ekskavatori\u0173 modeliai\" \/><\/p>\n<h2>Taikymo scenarijai<\/h2>\n<ul>\n<li>\n<h3>Statybin\u0117 \u012franga<\/h3>\n<p>Ekskavatoriuose str\u0117l\u0117s cilindrai yra gyvybi\u0161kai svarb\u016bs kasant, kraunant ir perkeliant \u017eem\u0119 ar \u0161iuk\u0161les. Jie padeda tiek atliekant kasimo, tiek k\u0117limo darbus ekskavatoriniuose krautuvais, tod\u0117l yra nepakei\u010diami statybose.<\/h3>\n<\/li>\n<li>\n<h3>\u017dem\u0117s \u016bkio technika<\/h3>\n<p>\u0160ie cilindrai naudojami frontaliniuose krautuvuose dirvo\u017eemiui, \u0161ienui ir kitoms med\u017eiagoms semti, kelti ir transportuoti, taip padidinant \u017eem\u0117s \u016bkio darb\u0173 efektyvum\u0105.<\/h3>\n<\/li>\n<li>\n<h3>Ekskavatoriai<\/h3>\n<p>Str\u0117l\u0117s cilindras leid\u017eia kau\u0161ui \u012fsiskverbti \u012f dirv\u0105, palengvindamas kasimo darbus, b\u016btinus \u012fvairiems kasimo projektams.<\/h3>\n<\/li>\n<li>\n<h3>Krautuvai<\/h3>\n<p>Priekiniuose krautuvuose str\u0117l\u0117s cilindrai padeda efektyviai pakelti ir i\u0161versti prekes, o tai yra labai svarbu tvarkant med\u017eiagas \u012fvairiose srityse.<\/h3>\n<\/li>\n<\/ul>\n<h2>Projektavimo aspektai ir atrankos kriterijai<\/h2>\n<ul>\n<li>\n<h3>Keliamoji galia<\/h3>\n<p>Norint pasirinkti tinkam\u0105 model\u012f konkre\u010dioms reikm\u0117ms, labai svarbu suprasti str\u0117l\u0117s cilindro keliam\u0105j\u0105 gali\u0105. Tai u\u017etikrina, kad cilindras gali atlaikyti numatom\u0105 svor\u012f be gedimo rizikos.<\/h3>\n<\/li>\n<li>\n<h3>Sandarinimas<\/h3>\n<p>Veiksmingi sandarinimo mechanizmai yra gyvybi\u0161kai svarb\u016bs siekiant i\u0161vengti hidraulinio skys\u010dio nuot\u0117kio, kuris gali pakenkti cilindro efektyvumui ir veikimui. Auk\u0161tos kokyb\u0117s sandarikliai turi b\u016bti parinkti atsi\u017evelgiant \u012f eksploatavimo s\u0105lygas.<\/h3>\n<\/li>\n<li>\n<h3>Patvarumas<\/h3>\n<p>Str\u0117l\u0117s cilindro gamybai naudojamos med\u017eiagos turi b\u016bti atsparios nusid\u0117v\u0117jimui. \u0160is patvarumas yra nepaprastai svarbus siekiant u\u017etikrinti ilg\u0105 tarnavimo laik\u0105 ir suma\u017einti prie\u017ei\u016bros poreik\u012f.<\/h3>\n<\/li>\n<li>\n<h3>Saugumas<\/h3>\n<p>Projektuojant turi b\u016bti integruotos saugos funkcijos, skirtos apsaugoti operatorius ir \u012frang\u0105 eksploatacijos metu. Tai apima apsaugos nuo perkrov\u0173 sistemas, skirtas cilindr\u0173 gedimams i\u0161vengti.<\/h3>\n<\/li>\n<li>\n<h3>Prie\u017ei\u016bra<\/h3>\n<p>Projektuojant reik\u0117t\u0173 atsi\u017evelgti \u012f prie\u017ei\u016bros paprastum\u0105, suteikiant galimyb\u0119 lengvai pasiekti komponentus, kuriuos reikia reguliariai tikrinti ir keisti.<\/h3>\n<\/li>\n<\/ul>\n<p><img decoding=\"async\" src=\"https:\/\/www.hydraulic-cylinders.net\/wp-content\/uploads\/2025\/04\/songte-oil-pipes-and-spare-parts.webp\" alt=\"Hidrauliniai komponentai\" \/><\/p>\n<h2>Sandarinimas ir tepimas<\/h2>\n<p>\u012evairi\u0173 sandarikli\u0173, toki\u0173 kaip st\u016bmokli\u0173 ir kot\u0173 sandarikliai, naudojimas yra b\u016btinas norint i\u0161laikyti hidraulin\u0117s sistemos vientisum\u0105. I\u0161 patvari\u0173 med\u017eiag\u0173, toki\u0173 kaip poliuretanas ir nitrilo kau\u010diukas, pagaminti sandarikliai padidina tarnavimo laik\u0105 ir suma\u017eina nusid\u0117v\u0117jim\u0105. Cilindro korpusas ir srieginiai galai yra kruop\u0161\u010diai apdirbami, kad padid\u0117t\u0173 atsparumas dilimui. Norint u\u017etikrinti skland\u0173 veikim\u0105 ir i\u0161vengti vidini\u0173 pa\u017eeidim\u0173, b\u016btina reguliariai tepti hidrauline alyva. B\u016btina palaikyti tinkam\u0105 alyvos lyg\u012f, kad b\u016bt\u0173 i\u0161vengta perkaitimo ir prie\u0161laikinio nusid\u0117v\u0117jimo.<\/p>\n<h2>Prevencin\u0117s prie\u017ei\u016bros priemon\u0117s<\/h2>\n<ul>\n<li>\n<h3>Reguliar\u016bs patikrinimai<\/h3>\n<p>Planini\u0173 patikrinim\u0173 atlikimas padeda nustatyti galimas problemas, kol jos nepa\u016bm\u0117jo. Tai apima nuot\u0117ki\u0173, susid\u0117v\u0117jimo ir bendro cilindro vientisumo patikrinim\u0105.<\/h3>\n<\/li>\n<li>\n<h3>Tepimas<\/h3>\n<p>Norint u\u017etikrinti skland\u0173 veikim\u0105, b\u016btina reguliariai sutepti str\u0117l\u0117s cilindr\u0105. Tinkamas tepimas suma\u017eina trint\u012f ir susid\u0117v\u0117jim\u0105, pailgindamas komponento tarnavimo laik\u0105.<\/h3>\n<\/li>\n<li>\n<h3>Sandariklio keitimas<\/h3>\n<p>Reguliariai tikrinkite sandariklius, ar jie nesusid\u0117v\u0117j\u0119, ir prireikus pakeiskite juos, kad i\u0161vengtum\u0117te hidraulinio skys\u010dio nuot\u0117kio, kuris gali lemti na\u0161umo suma\u017e\u0117jim\u0105.<\/h3>\n<\/li>\n<\/ul>\n<h2>\u012erengimo gair\u0117s<\/h2>\n<p>Str\u0117l\u0117s cilindro montavim\u0105 tur\u0117t\u0173 atlikti profesionalai, kad b\u016bt\u0173 u\u017etikrintas saugumas ir funkcionalumas. Pirmiausia tiksliai sulygiuokite cilindr\u0105 su tvirtinimo ta\u0161kais. Naudokite tinkamus tvirtinimo laikiklius, kad pritvirtintum\u0117te cilindr\u0105 vietoje. \u012esitikinkite, kad hidraulin\u0117s linijos yra tinkamai prijungtos, vengiant lenkim\u0173 ar sulenkim\u0173. Po montavimo rekomenduojama i\u0161leisti or\u0105 i\u0161 hidraulin\u0117s sistemos, kad pa\u0161alintum\u0117te vis\u0105 joje esant\u012f or\u0105. Galiausiai, sumontavus, atlikite bandom\u0105j\u012f paleidim\u0105, kad patikrintum\u0117te veikimo efektyvum\u0105.<\/p>\n<h2>\u012eprastos prie\u017ei\u016bros u\u017eduotys<\/h2>\n<ul>\n<li>\n<h3>Reguliar\u016bs patikrinimai<\/h3>\n<p>Reguliariai atliekant patikrinimus galima anksti aptikti bet kokias problemas ir taip suma\u017einti prastovas. Cilindro ap\u017ei\u016bra, ar n\u0117ra susid\u0117v\u0117jimo ar pa\u017eeidim\u0173 po\u017eymi\u0173, yra labai svarbi norint i\u0161laikyti na\u0161um\u0105.<\/h3>\n<\/li>\n<li>\n<h3>Tinkamas tepimas<\/h3>\n<p>Tinkamas str\u0117l\u0117s cilindro sutepimas yra labai svarbus siekiant i\u0161vengti per didelio susid\u0117v\u0117jimo. Reguliarus tepimas padeda palaikyti optimal\u0173 veikim\u0105 ir pailgina cilindro tarnavimo laik\u0105.<\/h3>\n<\/li>\n<li>\n<h3>Sandariklio keitimas<\/h3>\n<p>Svarbu steb\u0117ti tarpiklius, ar n\u0117ra susid\u0117v\u0117jimo po\u017eymi\u0173. Tarpikli\u0173 keitimas pagal poreik\u012f padeda i\u0161vengti nuot\u0117ki\u0173 ir palaiko hidraulin\u012f sl\u0117g\u012f, kuris yra b\u016btinas eksploatavimo efektyvumui.<\/h3>\n<\/li>\n<\/ul>\n<p><img decoding=\"async\" src=\"https:\/\/www.hydraulic-cylinders.net\/wp-content\/uploads\/2025\/04\/songte-chushion-collar.webp\" alt=\"Hidraulini\u0173 cilindr\u0173 komponentai\" \/><\/p>\n<h2>Saugos aspektai ir aplinkos veiksniai<\/h2>\n<p>Naudojant str\u0117l\u0117s cilindrus, labai svarbu laikytis saugos protokol\u0173, kad b\u016bt\u0173 i\u0161vengta nelaiming\u0173 atsitikim\u0173. Operatoriai tur\u0117t\u0173 b\u016bti apmokyti saugaus elgesio su \u012frenginiais proced\u016br\u0173, o mechanizmai tur\u0117t\u0173 b\u016bti reguliariai tikrinami d\u0117l defekt\u0173. Be to, norint suma\u017einti poveik\u012f aplinkai, b\u016btina tinkamai utilizuoti hidraulinius skys\u010dius ir panaudotus sandariklius.<\/p>\n<h2>Trik\u010di\u0173 \u0161alinimas ir da\u017eniausiai pasitaikan\u010dios problemos<\/h2>\n<ul>\n<li>\n<h3>Hidraulini\u0173 skys\u010di\u0173 nuot\u0117kiai<\/h3>\n<p>Nuot\u0117kiai gali atsirasti d\u0117l susid\u0117v\u0117jusi\u0173 sandarikli\u0173 arba pa\u017eeist\u0173 \u017earn\u0173. Nedelsdami patikrinkite ir pakeiskite visus sugedusius komponentus, kad i\u0161vengtum\u0117te na\u0161umo problem\u0173.<\/h3>\n<\/li>\n<li>\n<h3>Nenuoseklus cilindro jud\u0117jimas<\/h3>\n<p>Jei str\u0117l\u0117s cilindras skland\u017eiai nei\u0161siple\u010dia arba nesusitraukia, patikrinkite hidraulinio skys\u010dio lyg\u012f, ar sistemoje n\u0117ra oro ar n\u0117ra kli\u016b\u010di\u0173.<\/h3>\n<\/li>\n<li>\n<h3>Ne\u012fprasti garsai<\/h3>\n<p>Keistai girdimi garsai veikimo metu gali rodyti vidin\u012f susid\u0117v\u0117jim\u0105 arba pa\u017eeidim\u0105. Patikrinkite cilindr\u0105 ir prireikus pakeiskite komponentus.<\/h3>\n<\/li>\n<\/ul>\n<p>Siekiant i\u0161vengti galim\u0173 problem\u0173, reik\u0117t\u0173 pabr\u0117\u017eti reguliari\u0105 prie\u017ei\u016br\u0105 ir tinkam\u0105 tvarkym\u0105.<\/p>\n<p><img decoding=\"async\" src=\"https:\/\/www.hydraulic-cylinders.net\/wp-content\/uploads\/2025\/04\/songte-bushings-with-all-kinds-of-excavator-models.webp\" alt=\"Ekskavatoriaus \u012fvor\u0117s\" \/><\/p>\n<h2>\u012emon\u0117s ap\u017evalga<\/h2>\n<p>Esame hidraulini\u0173 cilindr\u0173 gamintojas, si\u016blantis plat\u0173 gamini\u0173 asortiment\u0105 ir tap\u0119s vienu i\u0161 pirmaujan\u010di\u0173 gamintoj\u0173 bei didmeninink\u0173 tiek vidaus, tiek tarptautin\u0117se rinkose. M\u016bs\u0173 \u012fsipareigojim\u0105 siekti meistri\u0161kumo palaiko rafinuota gamybos valdymo strategija, pasitelkiant kvalifikuotus techninius darbuotojus, pa\u017eangi\u0105 skaitmenin\u0119 gamybos \u012frang\u0105 ir profesionalias testavimo sistemas. Stiprus inovacij\u0173 diegimo paj\u0117gumas kartu su dideliu efektyvumu, tikslumu ir kokyb\u0117s principais leid\u017eia mums efektyviai patenkinti \u012fvairius klient\u0173 poreikius.<\/p>\n<p><img decoding=\"async\" src=\"https:\/\/www.hydraulic-cylinders.net\/wp-content\/uploads\/2025\/04\/songte-company-4.webp\" alt=\"\u012emon\u0117s ap\u017evalga\" \/><br \/>\n<img decoding=\"async\" src=\"https:\/\/www.hydraulic-cylinders.net\/wp-content\/uploads\/2025\/04\/songte-company-3.webp\" alt=\"Gamybos \u012fmon\u0117\" \/><\/p>\n<p>Siekdami u\u017etikrinti klient\u0173 pasitenkinim\u0105, si\u016blome individualiai pritaikytas paslaugas, pagr\u012fstas tarptautiniais sertifikatais, ir patikim\u0105 garantinio aptarnavimo sistem\u0105.<\/p>\n<p>Autorius: lyl<\/p>","protected":false},"excerpt":{"rendered":"<p>Boom Cylinder For Kobelco Small Excavator SK60-3-8 Introduction to Boom Cylinder The boom cylinder is an essential hydraulic component specifically designed to control the movement of the bucket in various heavy machinery, such as excavators, backhoe loaders, and front loaders. This hydraulic cylinder enables the bucket to lift, lower, and tilt, facilitating efficient material handling [&hellip;]<\/p>","protected":false},"featured_media":17874,"comment_status":"open","ping_status":"closed","template":"","meta":{"_et_pb_use_builder":"","_et_pb_old_content":"","_et_gb_content_width":""},"product_brand":[],"product_cat":[1546],"product_tag":[1547,1496],"class_list":{"0":"post-19068","1":"product","2":"type-product","3":"status-publish","4":"has-post-thumbnail","6":"product_cat-boom-cylinders","7":"product_tag-boom-cylinders","8":"product_tag-hydraulic-cylinders","10":"first","11":"instock","12":"shipping-taxable","13":"product-type-simple"},"amp_enabled":true,"_links":{"self":[{"href":"https:\/\/www.hydraulic-cylinders.net\/lt\/wp-json\/wp\/v2\/product\/19068","targetHints":{"allow":["GET"]}}],"collection":[{"href":"https:\/\/www.hydraulic-cylinders.net\/lt\/wp-json\/wp\/v2\/product"}],"about":[{"href":"https:\/\/www.hydraulic-cylinders.net\/lt\/wp-json\/wp\/v2\/types\/product"}],"replies":[{"embeddable":true,"href":"https:\/\/www.hydraulic-cylinders.net\/lt\/wp-json\/wp\/v2\/comments?post=19068"}],"wp:featuredmedia":[{"embeddable":true,"href":"https:\/\/www.hydraulic-cylinders.net\/lt\/wp-json\/wp\/v2\/media\/17874"}],"wp:attachment":[{"href":"https:\/\/www.hydraulic-cylinders.net\/lt\/wp-json\/wp\/v2\/media?parent=19068"}],"wp:term":[{"taxonomy":"product_brand","embeddable":true,"href":"https:\/\/www.hydraulic-cylinders.net\/lt\/wp-json\/wp\/v2\/product_brand?post=19068"},{"taxonomy":"product_cat","embeddable":true,"href":"https:\/\/www.hydraulic-cylinders.net\/lt\/wp-json\/wp\/v2\/product_cat?post=19068"},{"taxonomy":"product_tag","embeddable":true,"href":"https:\/\/www.hydraulic-cylinders.net\/lt\/wp-json\/wp\/v2\/product_tag?post=19068"}],"curies":[{"name":"wp","href":"https:\/\/api.w.org\/{rel}","templated":true}]}}