{"id":19078,"date":"2025-04-07T06:11:50","date_gmt":"2025-04-07T06:11:50","guid":{"rendered":"https:\/\/www.hydraulic-cylinders.net\/product\/boom-cylinder-for-kobelco-middle-excavator-sk250-6-6e\/"},"modified":"2025-04-07T06:11:52","modified_gmt":"2025-04-07T06:11:52","slug":"boom-cylinder-for-kobelco-middle-excavator-sk250-6-6e","status":"publish","type":"product","link":"https:\/\/www.hydraulic-cylinders.net\/lt\/produktas\/boom-cylinder-for-kobelco-middle-excavator-sk250-6-6e\/","title":{"rendered":"Kobelco vidutinio ekskavatoriaus SK250-6-6E str\u0117l\u0117s cilindras"},"content":{"rendered":"<h1>Kobelco vidutinio ekskavatoriaus SK250-6-6E str\u0117l\u0117s cilindras<\/h1>\n<h2>Produkto ap\u017evalga<\/h2>\n<p>\u201eKobelco\u201c vidutinio profilio ekskavatoriaus SK250-6-6E str\u0117l\u0117s cilindras yra labai svarbus komponentas, specialiai sukurtas efektyviam ekskavatori\u0173 darbui. \u0160is hidraulinis cilindras yra neatsiejama kau\u0161o jud\u0117jimo valdymo dalis \u012fvairiose sunkiosios technikos srityse, tokiose kaip ekskavatoriai, ekskavatoriniai krautuvai ir frontaliniai krautuvai. Jis leid\u017eia kau\u0161ui pakilti, nuleisti ir pakreipti, taip palengvinant med\u017eiag\u0173 tvarkymo u\u017eduotis.<\/p>\n<p>Str\u0117l\u0117s cilindras, kaip hidraulinio cilindro tipas, veikia naudodamas hidraulinio skys\u010dio sl\u0117g\u012f judesiui sukurti. \u0160ios hidraulin\u0117s sistemos funkcionalumas yra gyvybi\u0161kai svarbus atliekant u\u017eduotis, kurioms reikalingas tikslumas ir tvirtumas, u\u017etikrinant, kad sunkius krovinius b\u016bt\u0173 galima lengvai manevruoti. Nesvarbu, ar kasate \u017eem\u0119, ar keliate sunkias med\u017eiagas, str\u0117l\u0117s cilindras atlieka pagrindin\u012f vaidmen\u012f ekskavatori\u0173 eksploatavimo efektyvumui.<\/p>\n<p><img decoding=\"async\" src=\"https:\/\/www.hydraulic-cylinders.net\/wp-content\/uploads\/2025\/04\/songte-company-1.webp\" alt=\"Ekskavatoriaus str\u0117l\u0117s cilindras\" \/><\/p>\n<h2>Str\u0117l\u0117s cilindro savyb\u0117s<\/h2>\n<ul>\n<li><strong>Didelis stiprumas ir ilgaam\u017ei\u0161kumas:<\/strong> \u0160ie cilindrai, pagaminti i\u0161 didelio stiprumo plieno arba aliuminio, yra sukurti taip, kad atlaikyt\u0173 auk\u0161t\u0105 sl\u0117g\u012f ir dideles apkrovas. D\u0117l tvirtos konstrukcijos jie taip pat pritaikyti naudoti at\u0161iaurioje darbo aplinkoje, nes pasi\u017eymi atspariomis dilimui ir korozijai konstrukcijomis, kurios prailgina j\u0173 tarnavimo laik\u0105.<\/li>\n<li><strong>Efektyvus hidraulinis valdymas:<\/strong> Str\u0117l\u0117s cilindras naudoja hidraulinio skys\u010dio sl\u0117g\u012f, kad str\u0117l\u0117 skland\u017eiai ir greitai i\u0161siskleist\u0173 ir atitraukt\u0173, greitai reaguot\u0173 \u012f veikimo komandas ir u\u017etikrint\u0173 didel\u0119 st\u016bmimo bei traukimo j\u0117g\u0105, tod\u0117l tinka sunkioms ir sud\u0117tingoms u\u017eduotims atlikti.<\/li>\n<li><strong>\u012evair\u016bs tipai:<\/strong> Galima \u012fsigyti vienpusio veikimo (hidraulinis sl\u0117gis viena kryptimi) arba dvipusio veikimo (hidraulinis sl\u0117gis abiem kryptimis) konfig\u016bracij\u0173, kad b\u016bt\u0173 patenkinti \u012fvair\u016bs eksploataciniai poreikiai, o kai kurie modeliai si\u016blo teleskopines konstrukcijas, leid\u017eian\u010dias didesn\u012f i\u0161pl\u0117tim\u0105 nedidinant i\u0161orini\u0173 matmen\u0173, tod\u0117l idealiai tinka naudoti ribotoje erdv\u0117je.<\/li>\n<li><strong>Individuali gamyba:<\/strong> Mes specializuojam\u0117s \u0161i\u0173 hidraulini\u0173 cilindr\u0173 gamyboje, u\u017etikrindami puik\u0173 esam\u0173 str\u0117l\u0117s cilindr\u0173 pakeitim\u0105 \u012fvairiuose modeliuose.<\/li>\n<li><strong>Kokyb\u0117s u\u017etikrinimas:<\/strong> Kiekvienas produktas yra grie\u017etai testuojamas, siekiant u\u017etikrinti, kad jis atitikt\u0173 pramon\u0117s standartus ir klient\u0173 specifikacijas.<\/li>\n<\/ul>\n<p><img decoding=\"async\" src=\"https:\/\/www.hydraulic-cylinders.net\/wp-content\/uploads\/2025\/04\/songte-cylinder-head-with-all-kinds-excavator-models.webp\" alt=\"Hidraulini\u0173 cilindr\u0173 tipai\" \/><\/p>\n<h2>Str\u0117l\u0117s cilindro pritaikymas<\/h2>\n<h3>Statybin\u0117 \u012franga<\/h3>\n<p>Ekskavatoriuose str\u0117l\u0117s cilindrai yra gyvybi\u0161kai svarb\u016bs atliekant tokias u\u017eduotis kaip kasimas, krovimas ir \u017eem\u0117s ar \u0161iuk\u0161li\u0173 perk\u0117limas. Jie leid\u017eia operatoriams efektyviai atlikti \u0161ias u\u017eduotis, padidinant na\u0161um\u0105 statybviet\u0117se. Ekskavatoriuose-krautuvuose kau\u0161o cilindras padeda tiek kasant, tiek keliant, tod\u0117l jis yra esminis universali\u0173 operacij\u0173 komponentas.<\/p>\n<h3>\u017dem\u0117s \u016bkio technika<\/h3>\n<p>Priekiniuose krautuvuose str\u0117l\u0117s cilindras yra labai svarbus semiant, keliant ir transportuojant dirvo\u017eem\u012f, \u0161ien\u0105 ir kitas med\u017eiagas. D\u0117l to jis yra nepakei\u010diamas \u012frankis \u0161iuolaikiniame \u017eem\u0117s \u016bkyje, didinantis efektyvum\u0105 ir ma\u017einantis darbo s\u0105naudas.<\/p>\n<h3>Ekskavatoriai<\/h3>\n<p>Ekskavatoriuose naudojami str\u0117l\u0117s cilindrai, kad kau\u0161as gal\u0117t\u0173 efektyviai \u012fsiskverbti \u012f dirv\u0105 ir taip palengvinti kasimo darbus. \u0160i\u0173 cilindr\u0173 konstrukcija ir funkcionalumas tiesiogiai veikia ma\u0161inos na\u0161um\u0105 ir efektyvum\u0105, tod\u0117l auk\u0161tos kokyb\u0117s hidrauliniai cilindrai yra b\u016btini optimaliam darbui.<\/p>\n<h3>Krautuvai<\/h3>\n<p>Priekiniuose krautuvuose str\u0117l\u0117s cilindrai padeda efektyviai kelti ir i\u0161versti krovinius. \u0160i galimyb\u0117 yra gyvybi\u0161kai svarbi atliekant \u012fvairias krovimo u\u017eduotis, u\u017etikrinant greit\u0105 ir efektyv\u0173 med\u017eiag\u0173 tvarkym\u0105, taip pagerinant bendr\u0105 darbo eig\u0105 ir na\u0161um\u0105.<\/p>\n<h2>Projektavimo aspektai ir atrankos kriterijai<\/h2>\n<h3>Keliamoji galia<\/h3>\n<p>Renkantis str\u0117l\u0117s cilindr\u0105, labai svarbi keliamoji galia. Cilindras turi atlaikyti did\u017eiausias numatomas apkrovas nepakenkiant na\u0161umui ar saugumui. Tinkama keliamoji galia u\u017etikrina, kad \u012franga gal\u0117t\u0173 efektyviai veikti sunkiomis s\u0105lygomis.<\/p>\n<h3>Sandarinimas<\/h3>\n<p>Efektyvus sandarinimas yra b\u016btinas siekiant i\u0161vengti hidraulinio skys\u010dio nuot\u0117kio, u\u017etikrinant optimal\u0173 cilindro veikim\u0105 ir ilgaam\u017ei\u0161kum\u0105. Auk\u0161tos kokyb\u0117s sandarinimo med\u017eiagos, tokios kaip poliuretanas arba nitrilo kau\u010diukas, yra gyvybi\u0161kai svarbios norint i\u0161laikyti hidraulin\u0117s sistemos vientisum\u0105.<\/p>\n<h3>Patvarumas<\/h3>\n<p>Cilindro patvarumas yra nepaprastai svarbus, ypa\u010d sud\u0117tingomis s\u0105lygomis. Tokie veiksniai kaip atsparumas dilimui ir apsauga nuo korozijos vaidina svarb\u0173 vaidmen\u012f gaminio ilgaam\u017ei\u0161kumui, u\u017etikrinant, kad jis atlaikyt\u0173 at\u0161iaurias s\u0105lygas be gedim\u0173.<\/p>\n<h3>Saugumas<\/h3>\n<p>Renkantis hidraulin\u012f cilindr\u0105, prioritetas tur\u0117t\u0173 b\u016bti teikiamas saugos funkcijoms. Tai apima \u012fmontuotus mechanizmus, kurie apsaugo nuo per didelio i\u0161sitempimo ir u\u017etikrina tinkam\u0105 veikim\u0105, apsaugodami tiek operatori\u0173, tiek mechanizm\u0105.<\/p>\n<h3>Prie\u017ei\u016bra<\/h3>\n<p>Kitas svarbus aspektas yra prie\u017ei\u016bros paprastumas. Konstrukcija tur\u0117t\u0173 u\u017etikrinti nesud\u0117tingus patikrinimus, sandarikli\u0173 keitim\u0105 ir bendr\u0105 technin\u0119 prie\u017ei\u016br\u0105, siekiant u\u017etikrinti, kad balionas i\u0161likt\u0173 puikios b\u016bkl\u0117s vis\u0105 jo eksploatavimo laik\u0105.<\/p>\n<p><img decoding=\"async\" src=\"https:\/\/www.hydraulic-cylinders.net\/wp-content\/uploads\/2025\/04\/songte-oil-pipes-and-spare-parts.webp\" alt=\"Hidraulin\u0117s dalys\" \/><\/p>\n<h2>Sandarinimas ir tepimas<\/h2>\n<p>Tinkamas sandarinimas ir tepimas yra gyvybi\u0161kai svarb\u016bs hidraulini\u0173 cilindr\u0173 prie\u017ei\u016bros komponentai. \u012evair\u016bs sandarikliai, tokie kaip st\u016bmokli\u0173 ir kot\u0173 sandarikliai, atlieka esmin\u012f vaidmen\u012f u\u017ekertant keli\u0105 nuot\u0117kiams ir palaikant hidraulin\u012f sl\u0117g\u012f. Auk\u0161tos kokyb\u0117s sandarinimo med\u017eiagos, \u012fskaitant atsparias dilimui parinktis, tokias kaip poliuretanas ir nitrilo kau\u010diukas, yra svarbios ilgaam\u017ei\u0161kumui.<\/p>\n<p>Cilindro korpusas ir srieginiai galiniai pavir\u0161iai yra kruop\u0161\u010diai apdirbti, siekiant padidinti atsparum\u0105 dilimui, prisidedant prie bendro sistemos efektyvumo ir ilgaam\u017ei\u0161kumo. Reguliarus tepimas hidrauline alyva yra b\u016btinas siekiant suma\u017einti trint\u012f ir i\u0161vengti dilimo, u\u017etikrinti skland\u0173 veikim\u0105 ir pailginti hidraulinio cilindro tarnavimo laik\u0105.<\/p>\n<h2>Reguliarus patikrinimas ir prevencin\u0117 prie\u017ei\u016bra<\/h2>\n<ul>\n<li><strong>\u012eprastiniai patikrinimai:<\/strong> Reguliariai tikrinkite, ar n\u0117ra susid\u0117v\u0117jimo, nuot\u0117kio ar pa\u017eeidimo po\u017eymi\u0173. Ankstyvas aptikimas gali pad\u0117ti i\u0161vengti brangaus remonto ir prastov\u0173.<\/li>\n<li><strong>Tinkamas tepimas:<\/strong> \u012esitikinkite, kad hidraulin\u0117 sistema yra tinkamai sutepta pagal gamintojo specifikacijas, kad i\u0161vengtum\u0117te su trintimi susijusi\u0173 gedim\u0173.<\/li>\n<li><strong>Sandariklio keitimas:<\/strong> Reguliariai tikrinkite ir prireikus keiskite sandariklius, kad i\u0161laikytum\u0117te sistemos vientisum\u0105 ir veikim\u0105.<\/li>\n<\/ul>\n<h2>\u012erengimo gair\u0117s<\/h2>\n<p>Tinkamas str\u0117l\u0117s cilindro montavimas yra labai svarbus optimaliam veikimui. Pirmiausia \u012fsitikinkite, kad montavimo vieta yra \u0161vari ir be \u0161iuk\u0161li\u0173. Tiksliai sulygiuokite cilindr\u0105 su tvirtinimo ta\u0161kais, naudodami tinkamus tvirtinimo laikiklius, kad j\u012f pritvirtintum\u0117te. Montuojant svarbu laikytis gamintojo nurodym\u0173 d\u0117l sukimo momento specifikacij\u0173 ir sulygiavimo, kad i\u0161vengtum\u0117te prie\u0161laikinio susid\u0117v\u0117jimo ar gedimo.<\/p>\n<p>Prie\u0161 prad\u0117dami eksploatuoti mechanizm\u0105, atlikite i\u0161sam\u0173 patikrinim\u0105, kad \u012fsitikintum\u0117te, jog visi komponentai yra tinkamai sumontuoti ir pritvirtinti. Nustatykite \u012fsiva\u017ein\u0117jimo laikotarp\u012f palaipsniui didindami darbines apkrovas, kad cilindras gal\u0117t\u0173 tinkamai prisitaikyti. Reguliariai tikrinkite lygiavim\u0105 ir pritvirtinkite jungtis po \u012frengimo, kad i\u0161laikytum\u0117te optimal\u0173 veikim\u0105.<\/p>\n<h2>\u012eprastos prie\u017ei\u016bros u\u017eduotys<\/h2>\n<ul>\n<li><strong>Reguliar\u016bs patikrinimai:<\/strong> Norint u\u017etikrinti efektyv\u0173 hidraulin\u0117s sistemos veikim\u0105, b\u016btina da\u017enai tikrinti, ar n\u0117ra susid\u0117v\u0117jimo ar pa\u017eeidim\u0173 po\u017eymi\u0173. Toks prevencinis po\u017ei\u016bris suma\u017eina netik\u0117t\u0173 gedim\u0173 rizik\u0105.<\/li>\n<li><strong>Tinkamas tepimas:<\/strong> Tinkamas tepimas suma\u017eina judan\u010di\u0173 dali\u0173 trint\u012f ir susid\u0117v\u0117jim\u0105. Norint i\u0161laikyti hidraulin\u012f na\u0161um\u0105, labai svarbu laikytis gamintojo nurodyt\u0173 rekomenduojam\u0173 tepimo interval\u0173.<\/li>\n<li><strong>Sandariklio keitimas ir kalibravimas:<\/strong> Reguliariai kei\u010diant sandariklius ir kalibruojant hidraulin\u0119 sistem\u0105 u\u017etikrinamas optimalus veikimas ir pailginamas cilindro tarnavimo laikas. Reguliavimas ir keitimas tur\u0117t\u0173 b\u016bti atliekami pagal gamintojo rekomendacijas.<\/li>\n<\/ul>\n<p>Montuojant labai svarbu tinkamai sulygiuoti cilindr\u0105, kad b\u016bt\u0173 i\u0161vengta nesuderinamumo problem\u0173. Tinkam\u0173 tvirtinimo laikikli\u0173 naudojimas gali pad\u0117ti veiksmingai pritvirtinti cilindr\u0105. Laikantis rekomenduojam\u0173 patikrinimo, remonto ir keitimo protokol\u0173, bus u\u017etikrintas maksimalus hidraulinio cilindro efektyvumas. \u0160i\u0173 metod\u0173 \u012fgyvendinimas \u017eymiai padidins str\u0117l\u0117s cilindro ilgaam\u017ei\u0161kum\u0105.<\/p>\n<p><img decoding=\"async\" src=\"https:\/\/www.hydraulic-cylinders.net\/wp-content\/uploads\/2025\/04\/songte-chushion-collar.webp\" alt=\"Pagalv\u0117l\u0117s apykakl\u0117\" \/><\/p>\n<h2>Saugos aspektai ir aplinkos veiksniai<\/h2>\n<p>Bet kurioje hidraulin\u0117je sistemoje saugos priemon\u0117s yra nepaprastai svarbios. Operatoriai turi b\u016bti apmokyti atpa\u017einti saugos funkcijas ir suprasti su hidraulinio skys\u010dio ir \u012frangos veikimu susijusi\u0105 rizik\u0105. Apsaugini\u0173 priemoni\u0173 naudojimas ir nustatyt\u0173 saugos protokol\u0173 laikymasis suma\u017eina nelaiming\u0173 atsitikim\u0173 rizik\u0105 eksploatacijos ir prie\u017ei\u016bros metu.<\/p>\n<p>Aplinkosaugos aspektai taip pat vaidina svarb\u0173 vaidmen\u012f, ypa\u010d kalbant apie hidraulini\u0173 skys\u010di\u0173 i\u0161siliejimus ir \u0161alinim\u0105. Labai svarbu laikytis aplinkosaugos taisykli\u0173 ir geriausios praktikos, kad b\u016bt\u0173 suma\u017eintas bet koks neigiamas poveikis aplinkai technin\u0117s prie\u017ei\u016bros ir eksploatavimo metu.<\/p>\n<h2>Gedim\u0173 diagnostika ir da\u017eniausios problemos<\/h2>\n<ul>\n<li><strong>Nesandar\u016bs sandarikliai:<\/strong> Da\u017ena problema, galinti sukelti suma\u017e\u0117jus\u012f hidraulin\u012f sl\u0117g\u012f ir veikimo sutrikimus. B\u016btina reguliariai tikrinti ir laiku pakeisti tarpin\u0119.<\/li>\n<li><strong>Nereaguojantis cilindras:<\/strong> Tai gali sukelti \u017eemas hidraulinio skys\u010dio lygis arba oras sistemoje, tod\u0117l reikia atlikti kruop\u0161t\u0173 patikrinim\u0105 ir papildyti skys\u010dio lyg\u012f.<\/li>\n<li><strong>Per didelis susid\u0117v\u0117jimas:<\/strong> Pasteb\u0117j\u0119 ne\u012fprastus garsus ar veikimo problemas, galite pasteb\u0117ti susid\u0117v\u0117jim\u0105, d\u0117l kurio reikia nedelsiant atkreipti d\u0117mes\u012f ir pakeisti susid\u0117v\u0117jusius komponentus.<\/li>\n<\/ul>\n<p>Anksti nustatydami \u0161ias da\u017enas problemas, operatoriai gali \u012fgyvendinti veiksmingus sprendimus ir prevencines priemones, suma\u017eindami galimas prastovas ir brangiai kainuojan\u010dius remonto darbus. Reguliar\u016bs technin\u0117s prie\u017ei\u016bros patikrinimai ir eksploatavimo gairi\u0173 laikymasis gali \u017eymiai suma\u017einti \u0161i\u0173 problem\u0173 atsiradimo tikimyb\u0119.<\/p>\n<p><img decoding=\"async\" src=\"https:\/\/www.hydraulic-cylinders.net\/wp-content\/uploads\/2025\/04\/songte-bushings-with-all-kinds-of-excavator-models.webp\" alt=\"Hidraulin\u0117s \u012fvor\u0117s\" \/><\/p>\n<h2>\u012emon\u0117s ap\u017evalga<\/h2>\n<p>Esame pirmaujantis hidraulini\u0173 cilindr\u0173 gamintojas ir didmenininkas, specializuojantis auk\u0161tos kokyb\u0117s pakaitini\u0173 hidraulini\u0173 cilindr\u0173, skirt\u0173 \u012fvairioms reikm\u0117ms, gamyboje. Platus gamini\u0173 asortimentas ir \u012fsipareigojimas siekti meistri\u0161kumo leido mums tapti pagrindiniu \u017eaid\u0117ju tiek vidaus, tiek tarptautin\u0117se rinkose.<\/p>\n<p>M\u016bs\u0173 gamybos strategija pabr\u0117\u017eia kokyb\u0119, naudodami pa\u017eangius gamybos valdymo metodus ir auk\u0161\u010diausios klas\u0117s skaitmenin\u0119 gamybos \u012frang\u0105. Mes nuolat tobuliname savo gamybos platformas, diegdami technologines inovacijas, u\u017etikrindami, kad m\u016bs\u0173 produktai atitikt\u0173 auk\u0161\u010diausius standartus.<\/p>\n<p>Didel\u012f d\u0117mes\u012f skirdami tikslumui ir efektyvumui, m\u016bs\u0173 \u012fmon\u0117 si\u016blo individualiai pritaikytas paslaugas, kad patenkint\u0173 \u012fvairius klient\u0173 reikalavimus, o m\u016bs\u0173 produktai atitinka pramon\u0117s standartus, o tai patvirtina tarptautiniai sertifikatai. M\u016bs\u0173 atsidavusi garantinio aptarnavimo komanda visada pasiruo\u0161usi suteikti palaikym\u0105 ir pagalb\u0105, u\u017etikrindama klient\u0173 pasitenkinim\u0105 ir ilgalaik\u0119 partneryst\u0119.<\/p>\n<p><img decoding=\"async\" src=\"https:\/\/www.hydraulic-cylinders.net\/wp-content\/uploads\/2025\/04\/songte-company-4.webp\" alt=\"\u012emon\u0117s ap\u017evalga\" \/><br \/>\n<img decoding=\"async\" src=\"https:\/\/www.hydraulic-cylinders.net\/wp-content\/uploads\/2025\/04\/songte-company-3.webp\" alt=\"Gamybos \u012fmon\u0117\" \/><\/p>\n<p>Autorius: lyl<\/p>","protected":false},"excerpt":{"rendered":"<p>Boom Cylinder For Kobelco Middle Excavator SK250-6-6E Product Overview The Boom Cylinder for Kobelco Middle Excavator SK250-6-6E is a crucial component designed specifically for the efficient operation of excavators. This hydraulic cylinder is integral to controlling the movement of the bucket in various heavy machinery applications such as excavators, backhoe loaders, and front loaders. It [&hellip;]<\/p>","protected":false},"featured_media":17869,"comment_status":"open","ping_status":"closed","template":"","meta":{"_et_pb_use_builder":"","_et_pb_old_content":"","_et_gb_content_width":""},"product_brand":[],"product_cat":[1546],"product_tag":[1547,1496],"class_list":{"0":"post-19078","1":"product","2":"type-product","3":"status-publish","4":"has-post-thumbnail","6":"product_cat-boom-cylinders","7":"product_tag-boom-cylinders","8":"product_tag-hydraulic-cylinders","10":"first","11":"instock","12":"shipping-taxable","13":"product-type-simple"},"amp_enabled":true,"_links":{"self":[{"href":"https:\/\/www.hydraulic-cylinders.net\/lt\/wp-json\/wp\/v2\/product\/19078","targetHints":{"allow":["GET"]}}],"collection":[{"href":"https:\/\/www.hydraulic-cylinders.net\/lt\/wp-json\/wp\/v2\/product"}],"about":[{"href":"https:\/\/www.hydraulic-cylinders.net\/lt\/wp-json\/wp\/v2\/types\/product"}],"replies":[{"embeddable":true,"href":"https:\/\/www.hydraulic-cylinders.net\/lt\/wp-json\/wp\/v2\/comments?post=19078"}],"wp:featuredmedia":[{"embeddable":true,"href":"https:\/\/www.hydraulic-cylinders.net\/lt\/wp-json\/wp\/v2\/media\/17869"}],"wp:attachment":[{"href":"https:\/\/www.hydraulic-cylinders.net\/lt\/wp-json\/wp\/v2\/media?parent=19078"}],"wp:term":[{"taxonomy":"product_brand","embeddable":true,"href":"https:\/\/www.hydraulic-cylinders.net\/lt\/wp-json\/wp\/v2\/product_brand?post=19078"},{"taxonomy":"product_cat","embeddable":true,"href":"https:\/\/www.hydraulic-cylinders.net\/lt\/wp-json\/wp\/v2\/product_cat?post=19078"},{"taxonomy":"product_tag","embeddable":true,"href":"https:\/\/www.hydraulic-cylinders.net\/lt\/wp-json\/wp\/v2\/product_tag?post=19078"}],"curies":[{"name":"wp","href":"https:\/\/api.w.org\/{rel}","templated":true}]}}