{"id":19091,"date":"2025-04-07T06:12:23","date_gmt":"2025-04-07T06:12:23","guid":{"rendered":"https:\/\/www.hydraulic-cylinders.net\/product\/boom-cylinder-for-kobelco-large-excavator-sk4608\/"},"modified":"2025-04-07T06:12:25","modified_gmt":"2025-04-07T06:12:25","slug":"boom-cylinder-for-kobelco-large-excavator-sk4608","status":"publish","type":"product","link":"https:\/\/www.hydraulic-cylinders.net\/lt\/produktas\/boom-cylinder-for-kobelco-large-excavator-sk4608\/","title":{"rendered":"Kobelco didelio ekskavatoriaus SK4608 str\u0117l\u0117s cilindras"},"content":{"rendered":"<h1>Kobelco didelio ekskavatoriaus SK4608 str\u0117l\u0117s cilindras<\/h1>\n<h2>Produkto ap\u017evalga<\/h2>\n<p>The <strong>Str\u0117l\u0117s cilindras<\/strong> yra hidraulinis komponentas, specialiai sukurtas sunkiosioms ma\u0161inoms, ypa\u010d <strong>Kobelco didelis ekskavatorius SK4608<\/strong>\u0160is cilindras atlieka labai svarb\u0173 vaidmen\u012f valdant ekskavatoriaus str\u0117l\u0117s jud\u0117jim\u0105, leid\u017eiant atlikti k\u0117limo, nuleidimo ir pakreipimo operacijas. \u0160ie judesiai yra b\u016btini efektyviam med\u017eiag\u0173 tvarkymo darbui, pavyzd\u017eiui, kasimui, k\u0117limui ir \u012fvairi\u0173 med\u017eiag\u0173 transportavimui statybviet\u0117se.<\/p>\n<p><img decoding=\"async\" src=\"https:\/\/www.hydraulic-cylinders.net\/wp-content\/uploads\/2025\/04\/songte-company-1.webp\" alt=\"Ekskavatori\u0173 str\u0117l\u0117s cilindras\"><\/p>\n<h3>Apibr\u0117\u017eimas ir funkcionalumas<\/h3>\n<p>Str\u0117l\u0117s cilindras yra hidraulinio cilindro tipas, kuris judesiui sukurti naudoja hidraulin\u0117s alyvos sl\u0117g\u012f. Jis pritaikytas naudoti ekskavatoriuose, ekskavatoriniuose krautuvams ir frontaliniams krautuvams, leid\u017eiant operatoriams tiksliai atlikti \u012fvairias u\u017eduotis. Cilindro konstrukcija leid\u017eia jam atlaikyti auk\u0161t\u0105 sl\u0117g\u012f ir dideles apkrovas, tod\u0117l jis idealiai tinka sud\u0117tingoms aplinkoms. Jo funkcionalumas u\u017etikrina, kad str\u0117l\u0117 gal\u0117t\u0173 skland\u017eiai i\u0161tiesti ir susitraukti, taip pagerinant bendr\u0105 ekskavatoriaus na\u0161um\u0105.<\/p>\n<h2>Pagrindin\u0117s savyb\u0117s<\/h2>\n<ul>\n<li><strong>Didelis stiprumas ir ilgaam\u017ei\u0161kumas:<\/strong> Pagaminta i\u0161 didelio stiprumo plieno arba aliuminio, galin\u010dio atlaikyti auk\u0161t\u0105 sl\u0117g\u012f ir dideles apkrovas. Sukurta atsparumui dilimui ir korozijai, tod\u0117l prailgina tarnavimo laik\u0105.<\/li>\n<li><strong>Efektyvus hidraulinis valdymas:<\/strong> Naudoja hidraulin\u0117s alyvos sl\u0117g\u012f skland\u017eiam i\u0161st\u016bmimui ir atitraukimui, greitai reaguoja \u012f valdymo komandas ir u\u017etikrina galing\u0105 st\u016bmimo bei traukimo j\u0117g\u0105, tinkam\u0105 sunkioms ir sud\u0117tingoms u\u017eduotims.<\/li>\n<li><strong>\u012evair\u016bs tipai:<\/strong> Galima \u012fsigyti vienpusio veikimo (veikia viena kryptimi) arba dvipusio veikimo (veikia dviem kryptimis) konfig\u016bracij\u0173, kad atitikt\u0173 \u012fvairius eksploatacinius poreikius. Kai kurie modeliai yra teleskopiniai, tod\u0117l juos galima labiau i\u0161tiesti nedidinant i\u0161orini\u0173 matmen\u0173, tod\u0117l jie idealiai tinka naudoti ribotoje erdv\u0117je.<\/li>\n<li><strong>Individuali gamyba:<\/strong> Mes gaminame \u0161\u012f gamin\u012f, o m\u016bs\u0173 cilindrai gali puikiai pakeisti esamus hidraulinius cilindrus, u\u017etikrindami suderinamum\u0105 ir na\u0161um\u0105.<\/li>\n<li><strong>Universalios taikymo sritys:<\/strong> Tinka \u012fvairioms sunkiosioms ma\u0161inoms, didinant veiklos efektyvum\u0105 \u012fvairiuose sektoriuose.<\/li>\n<\/ul>\n<p><img decoding=\"async\" src=\"https:\/\/www.hydraulic-cylinders.net\/wp-content\/uploads\/2025\/04\/songte-cylinder-head-with-all-kinds-excavator-models.webp\" alt=\"Ekskavatori\u0173 modeliai\"><\/p>\n<h2>Parai\u0161kos<\/h2>\n<h3>Statybin\u0117 \u012franga<\/h3>\n<p>Ekskavatoriuose str\u0117l\u0117s cilindrai yra b\u016btini kasant, kraunant ir perkeliant grunt\u0105 ar \u0161iuk\u0161les. J\u0173 geb\u0117jimas valdyti str\u0117l\u0117s jud\u0117jim\u0105 leid\u017eia tiksliai kasti ir kelti, tod\u0117l jie yra nepakei\u010diami statybos projektuose. Ekskavatoriuose-krautuvuose str\u0117l\u0117s cilindras padeda atlikti tiek kasimo, tiek k\u0117limo funkcijas, padidindamas ma\u0161inos universalum\u0105 statybviet\u0117je.<\/p>\n<h3>\u017dem\u0117s \u016bkio technika<\/h3>\n<p>Priekiniuose krautuvuose str\u0117l\u0117s cilindrai naudojami dirvo\u017eemiui, \u0161ienui ir kitoms med\u017eiagoms semti, kelti ir transportuoti. J\u0173 tvirta konstrukcija u\u017etikrina efektyv\u0173 darb\u0105 \u017eem\u0117s \u016bkio aplinkoje, kur patvarumas ir patikimumas yra labai svarb\u016bs produktyvumui.<\/p>\n<h3>Ekskavatoriai<\/h3>\n<p>Ekskavatori\u0173 str\u0117l\u0117s cilindras leid\u017eia kau\u0161ui giliai \u012fsiskverbti \u012f dirv\u0105, taip palengvindamas efektyvius kasimo darbus. J\u0173 konstrukcija optimizuoja na\u0161um\u0105 \u012fvairiomis dirvo\u017eemio s\u0105lygomis, pagerindama operatoriaus geb\u0117jim\u0105 efektyviai atlikti u\u017eduotis.<\/p>\n<h3>Krautuvai<\/h3>\n<p>Priekiniuose krautuvuose str\u0117l\u0117s cilindrai padeda efektyviai kelti ir i\u0161versti med\u017eiagas. J\u0173 patikimas veikimas vaidina gyvybi\u0161kai svarb\u0173 vaidmen\u012f gerinant krovimo darb\u0173 na\u0161um\u0105 ir supaprastinant \u012fvairi\u0173 pramon\u0117s \u0161ak\u0173 veikl\u0105.<\/p>\n<h2>Dizaino aspektai<\/h2>\n<h3>Keliamoji galia<\/h3>\n<p>Renkantis str\u0117l\u0117s cilindr\u0105, keliamoji galia yra labai svarbus veiksnys. Ji lemia maksimal\u0173 svor\u012f, kur\u012f cilindras gali saugiai atlaikyti. Gerai suprojektuotas cilindras tur\u0117s keliam\u0105j\u0105 gali\u0105, kuri atitiks ekskavatoriaus eksploatavimo reikalavimus, u\u017etikrindama saug\u0173 ir efektyv\u0173 darb\u0105. Reikia atsi\u017evelgti \u012f med\u017eiagos stiprum\u0105, cilindro skersmen\u012f ir naudojam\u0173 hidraulini\u0173 sandarikli\u0173 kokyb\u0119, nes \u0161ie elementai kartu daro \u012ftak\u0105 keliamajai galiai.<\/p>\n<h3>Sandarinimo efektyvumas<\/h3>\n<p>Efektyvus sandarinimas yra b\u016btinas siekiant i\u0161vengti hidraulinio skys\u010dio nuot\u0117kio, kuris gali pakenkti na\u0161umui ir saugai. Auk\u0161tos kokyb\u0117s sandarikliai suma\u017eina nusid\u0117v\u0117jim\u0105 ir u\u017etikrina, kad hidraulinis skystis likt\u0173 cilindre. Sandarikliai da\u017eniausiai naudojami d\u0117l j\u0173 patvarumo ir atsparumo dilimui, pavyzd\u017eiui, poliuretanas ir nitrilo kau\u010diukas. Tinkamas sandarinimas taip pat prisideda prie bendro hidraulin\u0117s sistemos efektyvumo, suma\u017eindamas prie\u017ei\u016bros poreik\u012f.<\/p>\n<h3>Patvarumas<\/h3>\n<p>Hidrauliniams cilindrams, veikiantiems at\u0161iauriomis s\u0105lygomis, patvarumas yra nepaprastai svarbus. Projektuojant reik\u0117t\u0173 atsi\u017evelgti \u012f tokius veiksnius kaip atsparumas korozijai ir dilimui. Naudojant didelio stiprumo med\u017eiagas ir apsaugines dangas, galima \u017eymiai pailginti cilindro tarnavimo laik\u0105, suma\u017einant keitimo ir remonto da\u017enum\u0105. Reguliarus techninis aptarnavimas taip pat yra labai svarbus norint i\u0161laikyti cilindro patvarum\u0105 ir u\u017etikrinti optimal\u0173 jo veikim\u0105 laikui b\u0117gant.<\/p>\n<h3>Saugos funkcijos<\/h3>\n<p>Projektuojant str\u0117l\u0117s cilindrus, labai svarbu atsi\u017evelgti \u012f saugos aspektus. Tokios savyb\u0117s kaip sl\u0117gio ma\u017einimo vo\u017etuvai ir gedim\u0173 prevencijos mechanizmai gali pad\u0117ti i\u0161vengti katastrofi\u0161k\u0173 gedim\u0173 eksploatacijos metu. Gerai suprojektuota hidraulin\u0117 sistema taip pat tur\u0117t\u0173 tur\u0117ti tinkamus sl\u0117gio steb\u0117jimo \u012frankius, kurie \u012fsp\u0117t\u0173 operatorius apie bet kokius pa\u017eeidimus, galin\u010dius rodyti galimas problemas, ir leist\u0173 laiku imtis veiksm\u0173.<\/p>\n<h3>Prie\u017ei\u016bra<\/h3>\n<p>Lengva prie\u017ei\u016bra yra svarbus projektavimo aspektas. Balionai tur\u0117t\u0173 b\u016bti suprojektuoti taip, kad b\u016bt\u0173 lengva pasiekti komponentus, kuriuos reikia reguliariai tikrinti arba keisti, pvz., sandariklius ir tarpiklius. Patogi naudoti konstrukcija gali \u017eymiai suma\u017einti prastovas ir prie\u017ei\u016bros i\u0161laidas, nes leid\u017eia grei\u010diau atlikti remont\u0105 ir technin\u0119 prie\u017ei\u016br\u0105. Reguliarus prie\u017ei\u016bros grafikas padeda u\u017etikrinti, kad visi komponentai i\u0161likt\u0173 geros darbin\u0117s b\u016bkl\u0117s, o tai yra labai svarbu baliono ilgaam\u017ei\u0161kumui.<\/p>\n<p><img decoding=\"async\" src=\"https:\/\/www.hydraulic-cylinders.net\/wp-content\/uploads\/2025\/04\/songte-oil-pipes-and-spare-parts.webp\" alt=\"Atsargin\u0117s dalys\"><\/p>\n<h2>Sandarinimas ir tepimas<\/h2>\n<p>Tinkamas sandarinimas ir tepimas yra labai svarb\u016bs efektyviam str\u0117l\u0117s cilindr\u0173 veikimui. Hidrauliniam sl\u0117giui palaikyti ir nuot\u0117kiams i\u0161vengti naudojami \u012fvair\u016bs sandarikliai, \u012fskaitant st\u016bmokli\u0173 ir stryp\u0173 sandariklius. Sandarinimo med\u017eiag\u0173, toki\u0173 kaip poliuretanas ir nitrilo kau\u010diukas, pasirinkimas vaidina svarb\u0173 vaidmen\u012f j\u0173 ilgaam\u017ei\u0161kumui ir veikimui. Cilindro korpusas ir srieginiai galiniai pavir\u0161iai yra kruop\u0161\u010diai apdorojami, siekiant padidinti atsparum\u0105 dilimui ir u\u017etikrinti ilgalaik\u012f funkcionalum\u0105.<\/p>\n<p>Reguliarus tepimas hidrauline alyva yra b\u016btinas norint u\u017etikrinti skland\u0173 veikim\u0105. Pakankamas hidraulin\u0117s alyvos lygis suma\u017eina trint\u012f ir dilim\u0105 tarp judan\u010di\u0173 dali\u0173, pailgindamas cilindro tarnavimo laik\u0105. Operatoriai tur\u0117t\u0173 atid\u017eiai steb\u0117ti alyvos lyg\u012f ir prireikus papildyti, kad i\u0161vengt\u0173 sistemos gedim\u0173.<\/p>\n<h2>Prevencin\u0117s prie\u017ei\u016bros priemon\u0117s<\/h2>\n<ul>\n<li><strong>Reguliar\u016bs patikrinimai:<\/strong> Reguliariai atliekant hidraulin\u0117s sistemos patikras, galima nustatyti galimas problemas, kol jos neperaugo \u012f rimtesnes. Ie\u0161kokite bet koki\u0173 susid\u0117v\u0117jimo, nuot\u0117ki\u0173 ar veikimo sutrikim\u0173 po\u017eymi\u0173.<\/li>\n<li><strong>Tepimas:<\/strong> \u012esitikinkite, kad visos judan\u010dios dalys yra tinkamai suteptos, kad suma\u017eintum\u0117te trint\u012f ir susid\u0117v\u0117jim\u0105. Tai apima hidraulin\u0117s alyvos lygio patikrinim\u0105 ir papildym\u0105 pagal poreik\u012f, kad b\u016bt\u0173 i\u0161laikytas optimalus veikimas.<\/li>\n<li><strong>Sandariklio keitimas:<\/strong> Reguliariai tikrinkite sandariklius, ar jie nesusid\u0117v\u0117j\u0119, ir prireikus juos pakeiskite. Tai pad\u0117s i\u0161vengti nuot\u0117ki\u0173 ir i\u0161laikyti hidraulin\u0117s sistemos efektyvum\u0105.<\/li>\n<\/ul>\n<h2>\u012erengimo gair\u0117s<\/h2>\n<p>Teisingas str\u0117l\u0117s cilindro montavimas yra labai svarbus efektyviam jo veikimui. Pirmiausia \u012fsitikinkite, kad visi tvirtinimo laikikliai ir atramos yra tvirti ir tinkamai sulygiuoti. Cilindrui prie ma\u0161inos pritvirtinti naudokite tinkamas tvirtinimo detales, u\u017etikrindami tvirtus sujungimus, kad darbo metu jis nejud\u0117t\u0173.<\/p>\n<p>Ypating\u0105 d\u0117mes\u012f atkreipkite \u012f tiksl\u0173 cilindro sulygiavim\u0105; netinkamas sulygiavimas gali sukelti prie\u0161laikin\u012f susid\u0117v\u0117jim\u0105 ir gedim\u0105. Naudokite guls\u010diuk\u0105, kad \u012fsitikintum\u0117te, jog cilindras yra tinkamoje pad\u0117tyje, ir prireikus sureguliuokite. \u012edieg\u0119, paleiskite ma\u0161in\u0105 ma\u017eu grei\u010diu, kad patikrintum\u0117te, ar cilindras veikia tinkamai ir ar n\u0117ra nuot\u0117ki\u0173 ar ne\u012fprast\u0173 gars\u0173.<\/p>\n<p>Taip pat patartina laikytis gamintojo nurodym\u0173 d\u0117l var\u017et\u0173 ir jungiam\u0173j\u0173 detali\u0173 montavimo proced\u016br\u0173 ir sukimo momento specifikacij\u0173, kad b\u016bt\u0173 u\u017etikrintas saugumas ir patikimumas.<\/p>\n<h2>Prie\u017ei\u016bros u\u017eduotys<\/h2>\n<h3>Reguliar\u016bs patikrinimai<\/h3>\n<p>Reguliar\u016bs patikrinimai atlieka esmin\u012f vaidmen\u012f palaikant str\u0117l\u0117s cilindro veikim\u0105. Patikrinkite, ar n\u0117ra susid\u0117v\u0117jimo ar pa\u017eeidimo po\u017eymi\u0173, ir \u012fsitikinkite, kad visos jungtys yra tvirtos. Reguliariai steb\u0117kite hidraulinio skys\u010dio lyg\u012f ir sandarikli\u0173 b\u016bkl\u0119.<\/p>\n<h3>Tinkamas tepimas<\/h3>\n<p>Nuolatinis tepimas yra gyvybi\u0161kai svarbus hidraulin\u0117s sistemos ilgaam\u017ei\u0161kumui. \u012esitikinkite, kad visi judantys komponentai yra tinkamai sutepti tinkamu hidrauliniu skys\u010diu. Laikui b\u0117gant, tepalai gali sugesti arba u\u017esiter\u0161ti, tod\u0117l juos reikia patikrinti ir pakeisti.<\/p>\n<h3>Sandariklio keitimas ir kalibravimas<\/h3>\n<p>Susid\u0117v\u0117jusi\u0173 sandarikli\u0173 keitimas yra labai svarbus siekiant i\u0161vengti nuot\u0117ki\u0173 ir palaikyti sistemos sl\u0117g\u012f. Be to, kalibravimo patikrinimai u\u017etikrina, kad hidraulin\u0117 sistema veikt\u0173 optimaliai. Tinkamai sukalibruotos sistemos suma\u017eina gedim\u0173 rizik\u0105 ir pagerina bendr\u0105 na\u0161um\u0105.<\/p>\n<h2>Saugos aspektai ir aplinkos veiksniai<\/h2>\n<p>Dirbant su hidraulin\u0117mis sistemomis, saugos priemon\u0117s yra nepaprastai svarbios. Dirbdami su hidraulin\u0117mis ma\u0161inomis, operatoriai visada tur\u0117t\u0173 d\u0117v\u0117ti tinkamas asmenines apsaugos priemones (AAP). Reguliar\u016bs mokymai apie saugos protokolus u\u017etikrina, kad visi darbuotojai \u017einot\u0173 apie galimus pavojus, susijusius su hidraulin\u0117mis sistemomis, ir suprast\u0173, kaip veiksmingai suma\u017einti rizik\u0105.<\/p>\n<p>Aplinkos veiksniai taip pat turi \u012ftakos hidraulini\u0173 sistem\u0173 ilgaam\u017ei\u0161kumui ir efektyvumui. Renkantis komponentus svarbu atsi\u017evelgti \u012f darbo aplink\u0105, nes ekstremali temperat\u016bra arba s\u0105lytis su korozin\u0117mis med\u017eiagomis gali tur\u0117ti \u012ftakos veikimui. Reguliar\u016bs aplinkos vertinimai gali pad\u0117ti suprasti s\u0105lygas, kuriomis veikia \u012frenginiai, ir atitinkamai parengti technin\u0117s prie\u017ei\u016bros protokolus.<\/p>\n<h2>Trik\u010di\u0173 \u0161alinimas ir da\u017eniausiai pasitaikan\u010dios problemos<\/h2>\n<ul>\n<li><strong>Nuot\u0117kis:<\/strong> Hidraulinio skys\u010dio nuot\u0117kis gali atsirasti d\u0117l susid\u0117v\u0117jusi\u0173 sandarikli\u0173 arba pa\u017eeist\u0173 \u017earn\u0173. Patikrinkite, ar sandarikliai ir \u017earnos n\u0117ra susid\u0117v\u0117j\u0119, ir prireikus pakeiskite.<\/li>\n<li><strong>L\u0117tas veikimas:<\/strong> Jei cilindras veikia l\u0117tai, tai gali rodyti \u017eem\u0105 hidraulinio skys\u010dio lyg\u012f arba sistemoje yra \u012fstrigusio oro. Patikrinkite skys\u010dio lyg\u012f ir i\u0161leiskite or\u0105 i\u0161 sistemos.<\/li>\n<li><strong>Perkaitimas:<\/strong> Perkaitim\u0105 gali sukelti per didel\u0117 apkrova arba nepakankamas tepimas. Steb\u0117kite eksploatavimo s\u0105lygas ir u\u017etikrinkite tinkam\u0105 tepimo lyg\u012f.<\/li>\n<\/ul>\n<h2>Trik\u010di\u0173 \u0161alinimo patarimai<\/h2>\n<p>Nor\u0117dami efektyviai diagnozuoti ir i\u0161spr\u0119sti problemas, pirmiausia atlikite i\u0161sam\u0173 vis\u0173 komponent\u0173 patikrinim\u0105. Patikrinkite, ar n\u0117ra matom\u0173 pa\u017eeidim\u0173 ar susid\u0117v\u0117jimo po\u017eymi\u0173, ir \u012fsitikinkite, kad visos jungtys yra tvirtos. Reguliarus technin\u0117s prie\u017ei\u016bros darbas gali pad\u0117ti i\u0161vengti daugelio da\u017eniausiai pasitaikan\u010di\u0173 problem\u0173.<\/p>\n<p>\u012egyvendinkite prevencines priemones, tokias kaip reguliarus tepimas ir savalaikis sandarikli\u0173 keitimas, kad suma\u017eintum\u0117te b\u016bsim\u0173 problem\u0173 rizik\u0105. Jei problemos i\u0161lieka, pasikonsultuokite su specialistu, kad nustatytum\u0117te pagrindines prie\u017eastis ir surastum\u0117te tinkamus sprendimus.<\/p>\n<p><img decoding=\"async\" src=\"https:\/\/www.hydraulic-cylinders.net\/wp-content\/uploads\/2025\/04\/songte-bushings-with-all-kinds-of-excavator-models.webp\" alt=\"\u012evori\u0173 tipai\"><\/p>\n<h2>Apie m\u016bs\u0173 \u012fmon\u0119<\/h2>\n<p>Esame pirmaujanti hidraulini\u0173 cilindr\u0173 gamintoja ir didmenin\u0117 platintoja, teikianti plat\u0173 gamini\u0173 asortiment\u0105 vidaus ir tarptautin\u0117ms rinkoms. M\u016bs\u0173 \u012fsipareigojimas siekti meistri\u0161kumo atsispindi kruop\u0161\u010diose gamybos strategijose ir auk\u0161t\u0173 kokyb\u0117s standart\u0173 laikymesi.<\/p>\n<p>M\u016bs\u0173 \u012fmon\u0117 naudoja pa\u017eangius gamybos \u012frenginius ir pa\u017eangiausias technologijas, kad gamint\u0173 hidraulinius cilindrus, atitinkan\u010dius \u012fvairius m\u016bs\u0173 klient\u0173 poreikius. M\u016bs\u0173 kvalifikuot\u0173 specialist\u0173 komanda u\u017etikrina, kad kiekvienas produktas b\u016bt\u0173 grie\u017etai patikrintas kokyb\u0117s po\u017ei\u016briu, taip u\u017etikrinant na\u0161um\u0105 ir patikimum\u0105. Taip pat si\u016blome pritaikymo paslaugas, kad patenkintume konkre\u010dius klient\u0173 reikalavimus.<\/p>\n<p>Be to, did\u017eiuojam\u0117s teikdami i\u0161skirtin\u0119 garantinio aptarnavimo paslaug\u0105, pad\u0117dami klientams diegti, pri\u017ei\u016br\u0117ti ir atsakyti \u012f visus su m\u016bs\u0173 produktais susijusius klausimus.<\/p>\n<p><img decoding=\"async\" src=\"https:\/\/www.hydraulic-cylinders.net\/wp-content\/uploads\/2025\/04\/songte-company-4.webp\" alt=\"\u012emon\u0117s ap\u017evalga\"><br \/>\n<img decoding=\"async\" src=\"https:\/\/www.hydraulic-cylinders.net\/wp-content\/uploads\/2025\/04\/songte-company-3.webp\" alt=\"Gamybos \u012frenginys\"><\/p>\n<p>Autorius: lyl<\/p>","protected":false},"excerpt":{"rendered":"<p>Boom Cylinder For Kobelco Large Excavator SK4608 Product Overview The Boom Cylinder is a hydraulic component specifically designed for heavy machinery, particularly the Kobelco Large Excavator SK4608. This cylinder plays a crucial role in controlling the movement of the excavator&#8217;s boom, allowing for lifting, lowering, and tilting operations. These movements are essential for efficient material [&hellip;]<\/p>","protected":false},"featured_media":17867,"comment_status":"open","ping_status":"closed","template":"","meta":{"_et_pb_use_builder":"","_et_pb_old_content":"","_et_gb_content_width":""},"product_brand":[],"product_cat":[1546],"product_tag":[1547,1496],"class_list":{"0":"post-19091","1":"product","2":"type-product","3":"status-publish","4":"has-post-thumbnail","6":"product_cat-boom-cylinders","7":"product_tag-boom-cylinders","8":"product_tag-hydraulic-cylinders","10":"first","11":"instock","12":"shipping-taxable","13":"product-type-simple"},"amp_enabled":true,"_links":{"self":[{"href":"https:\/\/www.hydraulic-cylinders.net\/lt\/wp-json\/wp\/v2\/product\/19091","targetHints":{"allow":["GET"]}}],"collection":[{"href":"https:\/\/www.hydraulic-cylinders.net\/lt\/wp-json\/wp\/v2\/product"}],"about":[{"href":"https:\/\/www.hydraulic-cylinders.net\/lt\/wp-json\/wp\/v2\/types\/product"}],"replies":[{"embeddable":true,"href":"https:\/\/www.hydraulic-cylinders.net\/lt\/wp-json\/wp\/v2\/comments?post=19091"}],"wp:featuredmedia":[{"embeddable":true,"href":"https:\/\/www.hydraulic-cylinders.net\/lt\/wp-json\/wp\/v2\/media\/17867"}],"wp:attachment":[{"href":"https:\/\/www.hydraulic-cylinders.net\/lt\/wp-json\/wp\/v2\/media?parent=19091"}],"wp:term":[{"taxonomy":"product_brand","embeddable":true,"href":"https:\/\/www.hydraulic-cylinders.net\/lt\/wp-json\/wp\/v2\/product_brand?post=19091"},{"taxonomy":"product_cat","embeddable":true,"href":"https:\/\/www.hydraulic-cylinders.net\/lt\/wp-json\/wp\/v2\/product_cat?post=19091"},{"taxonomy":"product_tag","embeddable":true,"href":"https:\/\/www.hydraulic-cylinders.net\/lt\/wp-json\/wp\/v2\/product_tag?post=19091"}],"curies":[{"name":"wp","href":"https:\/\/api.w.org\/{rel}","templated":true}]}}