{"id":19095,"date":"2025-04-07T06:12:32","date_gmt":"2025-04-07T06:12:32","guid":{"rendered":"https:\/\/www.hydraulic-cylinders.net\/product\/boom-cylinder-for-yugong-wy75-7-8\/"},"modified":"2025-04-07T06:12:34","modified_gmt":"2025-04-07T06:12:34","slug":"boom-cylinder-for-yugong-wy75-7-8","status":"publish","type":"product","link":"https:\/\/www.hydraulic-cylinders.net\/lt\/produktas\/boom-cylinder-for-yugong-wy75-7-8\/","title":{"rendered":"Str\u0117l\u0117s cilindras, skirtas \u201eYugong WY75-7-8\u201c"},"content":{"rendered":"<h1>Str\u0117l\u0117s cilindras, skirtas \u201eYugong WY75-7-8\u201c<\/h1>\n<h2>\u012evadas \u012f str\u0117l\u0117s cilindr\u0105<\/h2>\n<p>Str\u0117l\u0117s cilindras yra specializuotas hidraulinis cilindras, atliekantis svarb\u0173 vaidmen\u012f valdant kau\u0161\u0173 jud\u0117jim\u0105 \u012fvairiose sunkiosiose ma\u0161inose, tokiose kaip ekskavatoriai, ekskavatoriniai krautuvai ir frontaliniai krautuvai. \u0160is hidraulinis komponentas leid\u017eia kau\u0161ui pakelti, nuleisti ir pakreipti, taip palengvindamas efektyv\u0173 med\u017eiag\u0173 tvarkym\u0105. Kau\u0161\u0173 cilindrai yra sukurti taip, kad u\u017etikrint\u0173 galingus ir tikslius judesius, tod\u0117l jie yra b\u016btini statybose, \u017eem\u0117s \u016bkyje ir pramon\u0117je.<\/p>\n<p><img decoding=\"async\" src=\"https:\/\/www.hydraulic-cylinders.net\/wp-content\/uploads\/2025\/04\/songte-company-1.webp\" alt=\"Ekskavatori\u0173 str\u0117l\u0117s cilindras\"><\/p>\n<h3>Apibr\u0117\u017eimas ir ap\u017evalga<\/h3>\n<p>Hidraulin\u0117se sistemose str\u0117l\u0117s cilindras yra gyvybi\u0161kai svarbus atliekant sunkias u\u017eduotis. \u0160is cilindras veikia naudodamas susl\u0117gt\u0105 hidraulin\u012f skyst\u012f judesiui sukurti. Galimyb\u0117 i\u0161tiesti ir \u012ftraukti cilindr\u0105 lemia kau\u0161o universalum\u0105 efektyviai tvarkant \u012fvairias med\u017eiagas. Nesvarbu, ar kasate \u017eem\u0119, ar keliate sunkius krovinius, str\u0117l\u0117s cilindro na\u0161umas yra labai svarbus nustatant bendr\u0105 ma\u0161inos efektyvum\u0105.<\/p>\n<h2>Str\u0117l\u0117s cilindro savyb\u0117s<\/h2>\n<ul>\n<li><strong>Didelis stiprumas ir ilgaam\u017ei\u0161kumas:<\/strong> Paprastai i\u0161 didelio stiprumo plieno arba aliuminio pagamintas str\u0117l\u0117s cilindras gali atlaikyti didel\u012f sl\u0117g\u012f ir dideles apkrovas, tod\u0117l tinka at\u0161iaurioms darbo s\u0105lygoms. Konstrukcijoje taip pat pabr\u0117\u017eiamas atsparumas dilimui ir apsauga nuo korozijos, siekiant pailginti jo tarnavimo laik\u0105.<\/li>\n<li><strong>Efektyvus hidraulinis valdymas:<\/strong> Cilindras naudoja hidraulin\u0117s alyvos sl\u0117g\u012f, kad u\u017etikrint\u0173 skland\u0173 ir jautr\u0173 i\u0161pl\u0117tim\u0105 bei atitraukim\u0105, u\u017etikrindamas tvirt\u0105 st\u016bmimo ir traukimo j\u0117g\u0105, b\u016btin\u0105 atliekant sunkias ar sud\u0117tingas u\u017eduotis.<\/li>\n<li><strong>\u012evair\u016bs tipai:<\/strong> Str\u0117l\u0117s cilindras, kur\u012f galima \u012fsigyti vienpusio (veikian\u010dio viena kryptimi) arba dvipusio (veikian\u010dio abiem kryptimis) veikimo konstrukcij\u0173, gali b\u016bti pritaikytas \u012fvairiems eksploatavimo poreikiams. Kai kurie modeliai yra teleskopiniai, tod\u0117l juos galima labiau i\u0161tiesti nedidinant i\u0161orini\u0173 matmen\u0173, tod\u0117l jie idealiai tinka naudoti ribotoje erdv\u0117je.<\/li>\n<li><strong>Individuali gamyba:<\/strong> Mes specializuojam\u0117s \u0161io produkto gamyboje, u\u017etikrindami, kad m\u016bs\u0173 cilindrai puikiai pakeis esamus hidraulinius cilindrus ma\u0161inose ir u\u017etikrins patikim\u0105 veikim\u0105.<\/li>\n<li><strong>Suderinamumas su \u012fvairiais modeliais:<\/strong> M\u016bs\u0173 str\u0117l\u0117s cilindrai sukurti taip, kad skland\u017eiai veikt\u0173 su \u012fvairiais ekskavatori\u0173 modeliais, u\u017etikrinant universalum\u0105 \u012fvairiose srityse.<\/li>\n<\/ul>\n<p><img decoding=\"async\" src=\"https:\/\/www.hydraulic-cylinders.net\/wp-content\/uploads\/2025\/04\/songte-cylinder-head-with-all-kinds-excavator-models.webp\" alt=\"Str\u0117l\u0117s cilindro suderinamumas\"><\/p>\n<h2>Taikymo scenarijai<\/h2>\n<h3>Statybin\u0117 \u012franga<\/h3>\n<p>Str\u0117l\u0117s cilindrai daugiausia randami ekskavatoriuose ir atlieka labai svarb\u0173 vaidmen\u012f kasant, kraunant ir perkeliant \u017eem\u0119 ar \u0161iuk\u0161les. Jie suteikia reikiam\u0105 j\u0117g\u0105 prasiskverbti \u012f dirv\u0105 ir pakelti med\u017eiagas, tod\u0117l yra ne\u012fkainojami statybviet\u0117se. Ekskavatoriuose-krautuvuose str\u0117l\u0117s cilindrai padeda ne tik kasant, bet ir k\u0117limo operacijose, padidindami j\u0173 naudingum\u0105.<\/p>\n<h3>\u017dem\u0117s \u016bkio technika<\/h3>\n<p>Priekiniuose krautuvuose str\u0117l\u0117s cilindrai naudojami dirvo\u017eemiui, \u0161ienui ir kitoms med\u017eiagoms efektyviai semti, kelti ir transportuoti. J\u0173 konstrukcija u\u017etikrina lengv\u0105 manevringum\u0105 ir \u017eem\u0117s \u016bkio produkt\u0173 tvarkym\u0105, o tai \u017eymiai padidina \u016bki\u0173 produktyvum\u0105.<\/p>\n<h3>Ekskavatoriai<\/h3>\n<p>Ekskavatori\u0173 str\u0117l\u0117s cilindrai leid\u017eia kau\u0161ui efektyviai \u012fsiskverbti \u012f dirv\u0105, taip pagerindami kasimo darb\u0105. Tai leid\u017eia atlikti gilesnius ir efektyvesnius kasimo darbus, kurie yra labai svarb\u016bs ruo\u0161iant statybviet\u0119 \u012fvairiuose statybos projektuose.<\/p>\n<h3>Krautuvai<\/h3>\n<p>Priekiniuose krautuvuose str\u0117l\u0117s cilindrai padeda efektyviai pakelti ir i\u0161versti krovinius. Jie suteikia reikiam\u0105 gali\u0105 sunkioms med\u017eiagoms valdyti, u\u017etikrindami skland\u0173 darb\u0105 pakrovimo ir i\u0161krovimo metu.<\/p>\n<h2>Projektavimo aspektai ir atrankos kriterijai<\/h2>\n<h3>Keliamoji galia<\/h3>\n<p>Renkantis str\u0117l\u0117s cilindr\u0105, labai svarbu suprasti jo keliam\u0105j\u0105 gali\u0105. Cilindras turi atlaikyti did\u017eiausi\u0105 numatom\u0105 apkrov\u0105 nepakenkdamas saugumui ar na\u0161umui. Gamintojai pateikia specifikacijas, kuriose i\u0161samiai nurodoma maksimali cilindro atlaikoma apkrova, kuri tur\u0117t\u0173 atitikti ma\u0161inos eksploatavimo reikalavimus.<\/p>\n<h3>Sandarumas ir ilgaam\u017ei\u0161kumas<\/h3>\n<p>Sandarinimas yra labai svarbus str\u0117l\u0117s cilindro konstrukcijos aspektas. Efektyv\u016bs sandarikliai apsaugo nuo hidraulinio skys\u010dio nuot\u0117kio, u\u017etikrindami optimal\u0173 na\u0161um\u0105 ir ilgaam\u017ei\u0161kum\u0105. I\u0161 patvari\u0173 med\u017eiag\u0173, toki\u0173 kaip poliuretanas arba nitrilo kau\u010diukas, pagaminti sandarikliai padidina cilindro atsparum\u0105 dilimui ir aplinkos veiksniams, apsaugodami jo funkcionalum\u0105 laikui b\u0117gant. Reguliarus sandarikli\u0173 tikrinimas ir prie\u017ei\u016bra yra b\u016btini siekiant i\u0161vengti eksploatacini\u0173 gedim\u0173.<\/p>\n<h3>Saugos funkcijos<\/h3>\n<p>Projektuojant hidraulinius cilindrus, svarbiausia yra sauga. Tokios savyb\u0117s kaip sl\u0117gio ma\u017einimo vo\u017etuvai gali pad\u0117ti i\u0161vengti perkrov\u0173, o tvirtos konstrukcin\u0117s med\u017eiagos pagerina cilindro geb\u0117jim\u0105 atlaikyti auk\u0161t\u0105 sl\u0117g\u012f. Tokios savyb\u0117s yra labai svarbios u\u017etikrinant saug\u0173 eksploatavim\u0105, ypa\u010d sud\u0117tingomis s\u0105lygomis. Technin\u0117s prie\u017ei\u016bros proced\u016bros tur\u0117t\u0173 apimti patikrinimus, siekiant nustatyti bet koki\u0105 galim\u0105 saugos rizik\u0105.<\/p>\n<h3>Prie\u017ei\u016bra ir remonto galimyb\u0117s<\/h3>\n<p>Kitas svarbus aspektas yra prie\u017ei\u016bros ir remonto paprastumas. Gerai suprojektuotas str\u0117l\u0117s cilindras tur\u0117t\u0173 u\u017etikrinti lengv\u0105 prieig\u0105 prie jo komponent\u0173 remontui ar keitimui. Siekiant u\u017etikrinti nuolatin\u012f funkcionalum\u0105 ir na\u0161um\u0105, tur\u0117t\u0173 b\u016bti sudaryti reguliar\u016bs prie\u017ei\u016bros grafikai, \u012fskaitant patikrinimus ir dali\u0173 keitim\u0105.<\/p>\n<p><img decoding=\"async\" src=\"https:\/\/www.hydraulic-cylinders.net\/wp-content\/uploads\/2025\/04\/songte-oil-pipes-and-spare-parts.webp\" alt=\"Hidraulini\u0173 cilindr\u0173 dalys\"><\/p>\n<h2>Sandarinimas ir tepimas<\/h2>\n<p>Str\u0117l\u0117s cilindro veikimas labai priklauso nuo efektyvaus sandarinimo ir tepimo. Hidrauliniam sl\u0117giui palaikyti ir apsaugai nuo i\u0161orini\u0173 ter\u0161al\u0173 naudojami \u012fvair\u016bs sandarikliai, tokie kaip st\u016bmoklio ir strypo sandarikliai. D\u0117l ilgaam\u017ei\u0161kumo ir patikimumo pirmenyb\u0117 teikiama sandarikliams, pagamintiems i\u0161 atspari\u0173 dilimui med\u017eiag\u0173, toki\u0173 kaip poliuretanas ir nitrilo kau\u010diukas.<\/p>\n<p>Be to, cilindro korpusas ir srieginiai galiniai pavir\u0161iai yra tiksliai apdirbami, siekiant padidinti atsparum\u0105 dilimui. Reguliarus tepimas tinkama hidrauline alyva yra b\u016btinas, kad judan\u010dios dalys veikt\u0173 skland\u017eiai, suma\u017eint\u0173 trint\u012f ir dilim\u0105.<\/p>\n<h2>Prevencin\u0117s prie\u017ei\u016bros priemon\u0117s<\/h2>\n<ul>\n<li><strong>Reguliar\u016bs patikrinimai:<\/strong> Reguliar\u016bs nuot\u0117ki\u0173, korozijos ir susid\u0117v\u0117jimo patikrinimai yra b\u016btini norint nustatyti problemas, kol jos nepa\u016bm\u0117jo. Patikrinkite sandariklius ir jungiam\u0105sias detales, ar n\u0117ra susid\u0117v\u0117jimo po\u017eymi\u0173, ir prireikus pakeiskite juos.<\/li>\n<li><strong>Tepimas:<\/strong> Siekiant i\u0161laikyti cilindro veikim\u0105, u\u017etikrinkite tinkam\u0105 tepim\u0105 rekomenduojamais intervalais. Naudokite nurodyt\u0105 hidraulin\u0119 alyv\u0105, kad i\u0161vengtum\u0117te suderinamumo problem\u0173.<\/li>\n<li><strong>Sandariklio keitimas:<\/strong> Planuokite periodi\u0161k\u0105 sandarikli\u0173 keitim\u0105 kaip technin\u0117s prie\u017ei\u016bros dal\u012f, kad u\u017etikrintum\u0117te optimal\u0173 veikim\u0105 ir i\u0161vengtum\u0117te nuot\u0117ki\u0173. Steb\u0117kite sandarikli\u0173 nusid\u0117v\u0117jim\u0105, ypa\u010d at\u0161iauriomis s\u0105lygomis.<\/li>\n<\/ul>\n<h2>\u012erengimo gair\u0117s<\/h2>\n<p>Tinkamas str\u0117l\u0117s cilindro montavimas yra labai svarbus optimaliam veikimui. Prie\u0161 montuodami \u012fsitikinkite, kad visi komponentai yra \u0161var\u016bs ir be \u0161iuk\u0161li\u0173. Naudokite tinkamus lygiavimo \u012frankius, kad tiksliai sulygiuotum\u0117te cilindr\u0105 mechanizme. Rekomenduojama naudoti tinkamus tvirtinimo laikiklius, kad cilindras b\u016bt\u0173 pritvirtintas vietoje ir b\u016bt\u0173 i\u0161vengta bet kokio i\u0161lyginimo eksploatacijos metu.<\/p>\n<p>Tvirtindami cilindr\u0105, laikykit\u0117s gamintojo nurodym\u0173 d\u0117l sukimo momento nustatym\u0173, kad i\u0161vengtum\u0117te pa\u017eeidim\u0173. Sumontavus patikrinkite, ar hidraulin\u0117s jungtys n\u0117ra sandarios, ir \u012fsitikinkite, kad hidraulinio skys\u010dio lygis yra pakankamas. Prie\u0161 visi\u0161kai j\u012f naudojant, patikrinkite cilindro veikim\u0105 kontroliuojamomis s\u0105lygomis, kad patvirtintum\u0117te tinkam\u0105 montavim\u0105.<\/p>\n<h2>\u012eprastos prie\u017ei\u016bros u\u017eduotys<\/h2>\n<h3>Reguliar\u016bs patikrinimai<\/h3>\n<p>Reguliar\u016bs patikrinimai yra labai svarb\u016bs norint anksti nustatyti galimas problemas. Patikrinkite, ar n\u0117ra hidraulin\u0117s sistemos susid\u0117v\u0117jimo, nuot\u0117ki\u0173 ir pa\u017eeidim\u0173. Reguliar\u016bs patikrinimai padeda palaikyti bendr\u0105 mechanizm\u0173 b\u016bkl\u0119 ir u\u017etikrinti saug\u0173 j\u0173 veikim\u0105.<\/p>\n<h3>Tinkamas tepimas<\/h3>\n<p>Tinkamas tepimas yra b\u016btinas norint suma\u017einti trint\u012f ir dilim\u0105 tarp judan\u010di\u0173 dali\u0173. \u012esitikinkite, kad hidraulin\u0117s alyvos lygis yra pakankamas, ir tepimui naudokite rekomenduojamo tipo alyv\u0105. Nepakankamas tepimas gali sukelti prie\u0161laikin\u012f cilindro susid\u0117v\u0117jim\u0105 ir gedim\u0105.<\/p>\n<h3>Tarpiklio keitimas ir kalibravimo patikrinimas<\/h3>\n<p>Reguliariai keiskite susid\u0117v\u0117jusius sandariklius, kad palaikytum\u0117te hidraulin\u012f sl\u0117g\u012f ir i\u0161vengtum\u0117te nuot\u0117ki\u0173. Reik\u0117t\u0173 atlikti kalibravimo patikrinimus, siekiant u\u017etikrinti, kad cilindras veikt\u0173 pagal nurodytus parametrus. Tinkamas sandarinimas ir kalibravimas yra labai svarb\u016bs norint pailginti str\u0117l\u0117s cilindro tarnavimo laik\u0105.<\/p>\n<p><img decoding=\"async\" src=\"https:\/\/www.hydraulic-cylinders.net\/wp-content\/uploads\/2025\/04\/songte-chushion-collar.webp\" alt=\"Str\u0117l\u0117s cilindro amortizatoriaus \u017eiedas\"><\/p>\n<h2>Saugos aspektai ir aplinkos veiksniai<\/h2>\n<p>Naudojant str\u0117l\u0117s cilindrus, b\u016btina \u012fdiegti saugos priemones, siekiant i\u0161vengti nelaiming\u0173 atsitikim\u0173. Operatoriai tur\u0117t\u0173 d\u0117v\u0117ti tinkamas asmenines apsaugos priemones (AAP) ir laikytis saugos protokol\u0173, kad suma\u017eint\u0173 pavojus darbo metu. Aplinkos veiksniai, tokie kaip kra\u0161tutin\u0117 temperat\u016bra, gali tur\u0117ti \u012ftakos hidraulinio skys\u010dio savyb\u0117ms ir na\u0161umui. \u012esitikinkite, kad cilindras tinka darbo aplinkai, kad i\u0161laikyt\u0173 efektyvum\u0105.<\/p>\n<h2>Trik\u010di\u0173 \u0161alinimas ir da\u017eniausiai pasitaikan\u010dios problemos<\/h2>\n<ul>\n<li><strong>Nuot\u0117kis:<\/strong> Jei aptinkama nuot\u0117ki\u0173, patikrinkite, ar sandarikliai ir jungiamosios detal\u0117s n\u0117ra susid\u0117v\u0117j\u0119. Nedelsdami pakeiskite pa\u017eeistus komponentus, kad i\u0161vengtum\u0117te hidraulinio skys\u010dio praradimo.<\/li>\n<li><strong>Galios praradimas:<\/strong> Suma\u017e\u0117j\u0119s na\u0161umas gali rodyti \u017eem\u0105 hidraulinio skys\u010dio lyg\u012f arba vidinius pa\u017eeidimus. Patikrinkite skys\u010dio lyg\u012f ir, jei reikia, apsvarstykite galimyb\u0119 atlikti vidinius patikrinimus.<\/li>\n<li><strong>Ne\u012fprasti garsai:<\/strong> Triuk\u0161mai veikimo metu gali rodyti, kad sistemoje yra oro arba susid\u0117v\u0117jusius komponentus. I\u0161leiskite or\u0105 i\u0161 hidraulin\u0117s sistemos ir patikrinkite, ar n\u0117ra mechanini\u0173 problem\u0173.<\/li>\n<\/ul>\n<p>\u012ediegus prevencines priemones galima gerokai suma\u017einti \u0161i\u0173 problem\u0173 atsiradim\u0105 ir u\u017etikrinti skland\u0173 str\u0117l\u0117s cilindro veikim\u0105.<\/p>\n<p><img decoding=\"async\" src=\"https:\/\/www.hydraulic-cylinders.net\/wp-content\/uploads\/2025\/04\/songte-bushings-with-all-kinds-of-excavator-models.webp\" alt=\"Str\u0117l\u0117s cilindro \u012fvor\u0117s\"><\/p>\n<h2>Apie m\u016bs\u0173 \u012fmon\u0119<\/h2>\n<p>Esame pirmaujantis pakaitini\u0173 hidraulini\u0173 cilindr\u0173 gamintojas, si\u016blantis plat\u0173 gamini\u0173 asortiment\u0105, skirt\u0105 tiek vidaus, tiek tarptautinei rinkai. M\u016bs\u0173 \u012fsipareigojimas siekti meistri\u0161kumo atsispindi pa\u017eangiausiose gamybos praktikose, kurias lemia kruop\u0161taus gamybos valdymo strategija.<\/p>\n<p>Sutelkdami d\u0117mes\u012f \u012f kokyb\u0119, pasitelkiame pa\u017eangias technologijas, kvalifikuot\u0105 personal\u0105 ir patikim\u0105 testavimo sistem\u0105, kad patobulintume savo gamybos platform\u0105. \u0160is integruotas po\u017ei\u016bris leid\u017eia mums patenkinti \u012fvairius klient\u0173 poreikius, u\u017etikrinant auk\u0161t\u0105 efektyvum\u0105, tikslum\u0105 ir kokyb\u0119.<\/p>\n<p>M\u016bs\u0173 \u012fsipareigojim\u0105 teikti profesionalias paslaugas sustiprina tarptautiniai sertifikatai, leid\u017eiantys pasi\u016blyti individualius sprendimus, atitinkan\u010dius pramon\u0117s standartus. Mes teikiame pirmenyb\u0119 klient\u0173 pasitenkinimui, teikdami greit\u0105 garantin\u012f aptarnavim\u0105 ir individualiai pritaikytas paslaugas, u\u017etikrindami, kad m\u016bs\u0173 klientai gaut\u0173 geriausius produktus savo reikm\u0117ms.<\/p>\n<p><img decoding=\"async\" src=\"https:\/\/www.hydraulic-cylinders.net\/wp-content\/uploads\/2025\/04\/songte-company-4.webp\" alt=\"M\u016bs\u0173 \u012fmon\u0117s ap\u017evalga\"><br \/>\n<img decoding=\"async\" src=\"https:\/\/www.hydraulic-cylinders.net\/wp-content\/uploads\/2025\/04\/songte-company-3.webp\" alt=\"\u012emon\u0117s patalpos\"><\/p>\n<p>Autorius: lyl<\/p>","protected":false},"excerpt":{"rendered":"<p>Boom Cylinder For Yugong WY75-7-8 Introduction to Boom Cylinder A boom cylinder is a specialized hydraulic cylinder that plays a critical role in controlling the movement of buckets in various heavy machinery such as excavators, backhoe loaders, and front loaders. This hydraulic component enables the bucket to lift, lower, and tilt, facilitating efficient material handling [&hellip;]<\/p>","protected":false},"featured_media":17871,"comment_status":"open","ping_status":"closed","template":"","meta":{"_et_pb_use_builder":"","_et_pb_old_content":"","_et_gb_content_width":""},"product_brand":[],"product_cat":[1546],"product_tag":[1547,1496],"class_list":{"0":"post-19095","1":"product","2":"type-product","3":"status-publish","4":"has-post-thumbnail","6":"product_cat-boom-cylinders","7":"product_tag-boom-cylinders","8":"product_tag-hydraulic-cylinders","10":"first","11":"instock","12":"shipping-taxable","13":"product-type-simple"},"amp_enabled":true,"_links":{"self":[{"href":"https:\/\/www.hydraulic-cylinders.net\/lt\/wp-json\/wp\/v2\/product\/19095","targetHints":{"allow":["GET"]}}],"collection":[{"href":"https:\/\/www.hydraulic-cylinders.net\/lt\/wp-json\/wp\/v2\/product"}],"about":[{"href":"https:\/\/www.hydraulic-cylinders.net\/lt\/wp-json\/wp\/v2\/types\/product"}],"replies":[{"embeddable":true,"href":"https:\/\/www.hydraulic-cylinders.net\/lt\/wp-json\/wp\/v2\/comments?post=19095"}],"wp:featuredmedia":[{"embeddable":true,"href":"https:\/\/www.hydraulic-cylinders.net\/lt\/wp-json\/wp\/v2\/media\/17871"}],"wp:attachment":[{"href":"https:\/\/www.hydraulic-cylinders.net\/lt\/wp-json\/wp\/v2\/media?parent=19095"}],"wp:term":[{"taxonomy":"product_brand","embeddable":true,"href":"https:\/\/www.hydraulic-cylinders.net\/lt\/wp-json\/wp\/v2\/product_brand?post=19095"},{"taxonomy":"product_cat","embeddable":true,"href":"https:\/\/www.hydraulic-cylinders.net\/lt\/wp-json\/wp\/v2\/product_cat?post=19095"},{"taxonomy":"product_tag","embeddable":true,"href":"https:\/\/www.hydraulic-cylinders.net\/lt\/wp-json\/wp\/v2\/product_tag?post=19095"}],"curies":[{"name":"wp","href":"https:\/\/api.w.org\/{rel}","templated":true}]}}