{"id":19096,"date":"2025-04-07T06:12:34","date_gmt":"2025-04-07T06:12:34","guid":{"rendered":"https:\/\/www.hydraulic-cylinders.net\/product\/boom-cylinder-for-yugong-wy135-8\/"},"modified":"2025-04-07T06:12:40","modified_gmt":"2025-04-07T06:12:40","slug":"boom-cylinder-for-yugong-wy135-8","status":"publish","type":"product","link":"https:\/\/www.hydraulic-cylinders.net\/lt\/produktas\/boom-cylinder-for-yugong-wy135-8\/","title":{"rendered":"Str\u0117l\u0117s cilindras, skirtas \u201eYugong WY135-8\u201c"},"content":{"rendered":"<h1>Str\u0117l\u0117s cilindras, skirtas \u201eYugong WY135-8\u201c<\/h1>\n<h2>Produkto ap\u017evalga<\/h2>\n<p>\u201eYugong WY135-8\u201c str\u0117l\u0117s cilindras yra specializuotas hidraulinis cilindras, skirtas valdyti str\u0117l\u0117s svirties jud\u0117jim\u0105 \u012fvairiose sunkiosiose ma\u0161inose, tokiose kaip ekskavatoriai, ekskavatoriniai krautuvai ir frontaliniai krautuvai. \u0160ie cilindrai leid\u017eia tiksliai pakelti, nuleisti ir pakreipti \u012frang\u0105, taip palengvindami efektyv\u0173 med\u017eiag\u0173 tvarkym\u0105. Kaip esminis hidraulini\u0173 sistem\u0173 komponentas, str\u0117l\u0117s cilindras veikia paversdamas hidraulin\u0119 energij\u0105 mechanine energija, tod\u0117l judesiai gali b\u016bti galingi ir kontroliuojami.<\/p>\n<p><img decoding=\"async\" src=\"https:\/\/www.hydraulic-cylinders.net\/wp-content\/uploads\/2025\/04\/songte-company-1.webp\" alt=\"Str\u0117l\u0117s cilindro vaizdas\" \/><\/p>\n<h2>Pagrindin\u0117s savyb\u0117s<\/h2>\n<ul>\n<li>\n<h3>Didelis stiprumas ir ilgaam\u017ei\u0161kumas<\/h3>\n<p>Pagamintas i\u0161 didelio stiprumo plieno arba aliuminio, str\u0117l\u0117s cilindras yra skirtas atlaikyti auk\u0161t\u0105 sl\u0117g\u012f ir dideles apkrovas, tod\u0117l tinka sud\u0117tingoms darbo aplinkoms. Jo konstrukcijoje integruotas atsparumas dilimui ir apsauga nuo korozijos, siekiant pailginti gaminio tarnavimo laik\u0105.<\/p>\n<\/li>\n<li>\n<h3>Efektyvus hidraulinis valdymas<\/h3>\n<p>Cilindras naudoja hidraulin\u0117s alyvos sl\u0117g\u012f, kad skland\u017eiai i\u0161siskleist\u0173 ir susitraukt\u0173, greitai reaguot\u0173 \u012f operatoriaus komandas ir u\u017etikrint\u0173 tvirt\u0105 st\u016bmimo bei traukimo j\u0117g\u0105. \u0160is efektyvumas yra b\u016btinas tvarkant sunkias med\u017eiagas ir atliekant sud\u0117tingas eksploatavimo u\u017eduotis.<\/p>\n<\/li>\n<li>\n<h3>\u012evairios konfig\u016bracijos<\/h3>\n<p>Str\u0117l\u0117s cilindras, tiekiamas tiek vienpusio veikimo (veikiantis viena kryptimi), tiek dvipusio veikimo (veikiantis dviem kryptimis) konstrukcij\u0173, gali atitikti \u012fvairius eksploatacinius reikalavimus. Kai kurie modeliai yra teleskopin\u0117s konstrukcijos, leid\u017eian\u010dios didesn\u012f i\u0161pl\u0117tim\u0105 nedidinant i\u0161orini\u0173 matmen\u0173, tod\u0117l idealiai tinka naudoti su ribota erdve.<\/p>\n<\/li>\n<li>\n<h3>Pritaikoma gamyba<\/h3>\n<p>Mes turime galimyb\u0119 gaminti \u0161\u012f produkt\u0105, o m\u016bs\u0173 cilindrai gali skland\u017eiai pakeisti esamus hidraulinius cilindrus rinkoje.<\/p>\n<\/li>\n<\/ul>\n<p><img decoding=\"async\" src=\"https:\/\/www.hydraulic-cylinders.net\/wp-content\/uploads\/2025\/04\/songte-cylinder-head-with-all-kinds-excavator-models.webp\" alt=\"Ekskavatoriaus modelis\" \/><\/p>\n<h2>Parai\u0161kos<\/h2>\n<ul>\n<li>\n<h3>Statybin\u0117 \u012franga<\/h3>\n<p>Ekskavatoriuose str\u0117l\u0117s cilindrai yra gyvybi\u0161kai svarb\u016bs kasant, kraunant ir perkeliant \u017eem\u0119 ar \u0161iuk\u0161les. Jie ne tik padeda atlikti \u017eem\u0117s kasimo darbus, bet ir kelti med\u017eiagas, o tai \u017eymiai padidina ma\u0161inos na\u0161um\u0105. J\u0173 patikimas veikimas yra labai svarbus kasdienei statyb\u0173 pramon\u0117s veiklai.<\/p>\n<\/li>\n<li>\n<h3>\u017dem\u0117s \u016bkio technika<\/h3>\n<p>\u0160ie cilindrai, naudojami frontaliniuose krautuvuose, yra atsakingi u\u017e dirvo\u017eemio, \u0161ieno ir kit\u0173 med\u017eiag\u0173 k\u0117lim\u0105, k\u0117lim\u0105 ir transportavim\u0105. J\u0173 konstrukcija leid\u017eia efektyviai atlikti \u012fvairias \u017eem\u0117s \u016bkio u\u017eduotis, u\u017etikrinant, kad \u016bkininkai gal\u0117t\u0173 efektyviai tvarkyti med\u017eiagas ir padidinti savo produktyvum\u0105.<\/p>\n<\/li>\n<li>\n<h3>Ekskavatoriai<\/h3>\n<p>Str\u0117l\u0117s cilindras leid\u017eia kau\u0161ui \u012fsiskverbti \u012f \u017eem\u0119 kasimo metu, tod\u0117l operatoriai gali efektyviai kasti. Tikslus str\u0117l\u0117s jud\u0117jimo valdymas u\u017etikrina, kad ekskavatoriai gali kasti giliau ir tiksliau, tod\u0117l jie yra b\u016btini statybos ir kra\u0161tovaizd\u017eio tvarkymo projektuose.<\/p>\n<\/li>\n<li>\n<h3>Krautuvai<\/h3>\n<p>Priekiniuose krautuvuose str\u0117l\u0117s cilindrai padeda efektyviai pakelti ir i\u0161versti krovinius. J\u0173 reaguojantis veikimas ir tvirtumas u\u017etikrina, kad krautuvai gali lengvai tvarkyti \u012fvairias med\u017eiagas \u2013 nuo \u200b\u200b\u200b\u200b\u017eem\u0117s iki u\u017epild\u0173, \u2013 ir prisideda prie bendro krovimo proceso efektyvumo.<\/p>\n<\/li>\n<\/ul>\n<h2>Projektavimo aspektai ir atrankos kriterijai<\/h2>\n<ul>\n<li>\n<h3>Keliamoji galia<\/h3>\n<p>Renkantis str\u0117l\u0117s cilindr\u0105, labai svarbu atsi\u017evelgti \u012f keliam\u0105j\u0105 gali\u0105. Cilindras turi atlaikyti did\u017eiausi\u0105 numatom\u0105 apkrov\u0105 nepakenkiant saugumui ar na\u0161umui. Tai apima perkeliam\u0173 med\u017eiag\u0173 svorio ir konkre\u010di\u0173 mechanizm\u0173 reikalavim\u0173 \u012fvertinim\u0105.<\/p>\n<\/li>\n<li>\n<h3>Sandarinimo efektyvumas<\/h3>\n<p>Efektyvus sandarinimas yra b\u016btinas norint palaikyti hidraulin\u012f sl\u0117g\u012f ir i\u0161vengti nuot\u0117ki\u0173. Auk\u0161tos kokyb\u0117s sandarikliai, pagaminti i\u0161 patvari\u0173 med\u017eiag\u0173, yra gyvybi\u0161kai svarb\u016bs siekiant u\u017etikrinti cilindro ilgaam\u017ei\u0161kum\u0105 ir patikimum\u0105. Tinkamas sandarinimas suma\u017eina prie\u017ei\u016bros poreik\u012f ir padidina eksploatavimo efektyvum\u0105.<\/p>\n<\/li>\n<li>\n<h3>Patvarumas<\/h3>\n<p>Patvarumas yra svarbus hidraulinio cilindro konstrukcijos veiksnys. Cilindras turi atlaikyti at\u0161iaurias darbo s\u0105lygas, \u012fskaitant ne\u0161varum\u0173, \u0161iuk\u0161li\u0173 ir ekstremali\u0173 temperat\u016br\u0173 poveik\u012f. Norint ilginti tarnavimo laik\u0105, b\u016btina pasirinkti med\u017eiagas ir apdail\u0105, kurios b\u016bt\u0173 atsparios korozijai ir dilimui.<\/p>\n<\/li>\n<li>\n<h3>Saugos funkcijos<\/h3>\n<p>Saugumas visada tur\u0117t\u0173 b\u016bti prioritetas projektuojant hidraulinius cilindrus. \u012erengus saugos elementus, tokius kaip sl\u0117gio ma\u017einimo vo\u017etuvai ir apsauginiai gaubtai, u\u017etikrinama, kad sistema gali susidoroti su nenumatytomis aplinkyb\u0117mis nekeldama pavojaus operatoriams ar \u012frangai.<\/p>\n<\/li>\n<li>\n<h3>Prieinamumas prie prie\u017ei\u016bros<\/h3>\n<p>Projektuojant taip pat reik\u0117t\u0173 atsi\u017evelgti \u012f prie\u017ei\u016bros paprastum\u0105. Jis tur\u0117t\u0173 u\u017etikrinti nesud\u0117ting\u0105 dali\u0173 patikrinim\u0105, tepim\u0105 ir keitim\u0105. Prieinamumas yra labai svarbus siekiant u\u017etikrinti, kad reguliari prie\u017ei\u016bra b\u016bt\u0173 atliekama efektyviai ir taip pailg\u0117t\u0173 cilindro tarnavimo laikas.<\/p>\n<\/li>\n<\/ul>\n<p><img decoding=\"async\" src=\"https:\/\/www.hydraulic-cylinders.net\/wp-content\/uploads\/2025\/04\/songte-oil-pipes-and-spare-parts.webp\" alt=\"Hidraulin\u0117s dalys\" \/><\/p>\n<h2>Sandarinimas ir tepimas<\/h2>\n<p>Tinkamas sandarinimas ir tepimas yra labai svarb\u016bs efektyviam hidraulini\u0173 cilindr\u0173 veikimui. Sistemoje sl\u0117giui palaikyti naudojami \u012fvair\u016bs sandarinimo komponentai, tokie kaip st\u016bmokli\u0173 ir stryp\u0173 sandarikliai. Siekiant padidinti patvarum\u0105, da\u017eniausiai naudojami sandarikliai, pagaminti i\u0161 atspari\u0173 dilimui med\u017eiag\u0173, toki\u0173 kaip poliuretanas ir nitrilo kau\u010diukas.<\/p>\n<p>Cilindro korpusas ir srieginiai galai yra kruop\u0161\u010diai apdirbti, siekiant pagerinti atsparum\u0105 dilimui ir u\u017etikrinti, kad sandarikliai laikui b\u0117gant i\u0161laikyt\u0173 savo vientisum\u0105. Reguliarus tepimas hidrauline alyva yra b\u016btinas siekiant suma\u017einti trint\u012f ir i\u0161vengti dilimo tarp judan\u010di\u0173 dali\u0173. Grie\u017etas tepimo grafiko laikymasis padeda i\u0161laikyti veikimo efektyvum\u0105 ir pailginti cilindro tarnavimo laik\u0105.<\/p>\n<h2>Reguliarus patikrinimas ir prevencin\u0117 prie\u017ei\u016bra<\/h2>\n<ul>\n<li>\n<h3>Reguliar\u016bs patikrinimai<\/h3>\n<p>Reguliariai atliekami patikrinimai yra labai svarb\u016bs norint nustatyti galimas problemas, kol jos nepa\u016bm\u0117jo. Operatoriai tur\u0117t\u0173 vizualiai patikrinti, ar n\u0117ra cilindro ir jo komponent\u0173 nuot\u0117ki\u0173, susid\u0117v\u0117jimo ir pa\u017eeidim\u0173, kad u\u017etikrint\u0173 optimal\u0173 veikim\u0105.<\/p>\n<\/li>\n<li>\n<h3>Tinkamas tepimas<\/h3>\n<p>Norint u\u017etikrinti skland\u0173 hidraulinio cilindro veikim\u0105, labai svarbu u\u017etikrinti tinkam\u0105 jo sutepim\u0105. Operatoriai tur\u0117t\u0173 laikytis gamintojo nurodym\u0173 d\u0117l tepimo interval\u0173 ir naudoti rekomenduojam\u0105 hidraulin\u0119 alyv\u0105, kad i\u0161vengt\u0173 susid\u0117v\u0117jimo.<\/p>\n<\/li>\n<li>\n<h3>Sandariklio keitimas<\/h3>\n<p>Siekiant i\u0161laikyti hidraulin\u012f vientisum\u0105, sandariklius reikia reguliariai keisti. Operatoriai turi b\u016bti budr\u016bs, steb\u0117ti sandarikli\u0173 veikim\u0105 ir nedelsdami pa\u0161alinti bet kokius susid\u0117v\u0117jimo ar nuot\u0117ki\u0173 po\u017eymius, kad b\u016bt\u0173 i\u0161vengta sistemos gedimo.<\/p>\n<\/li>\n<\/ul>\n<h2>\u012erengimo gair\u0117s<\/h2>\n<p>Tinkamas str\u0117l\u0117s cilindro montavimas yra labai svarbus optimaliam na\u0161umui. \u0160tai keli esminiai \u017eingsniai, kuri\u0173 reikia laikytis:<\/p>\n<ol>\n<li>\u012esitikinkite, kad tvirtinimo pavir\u0161iai yra \u0161var\u016bs ir be \u0161iuk\u0161li\u0173.<\/li>\n<li>Tinkamai sulygiuokite cilindr\u0105, kad i\u0161vengtum\u0117te i\u0161lygiavimo klaid\u0173, kurios gali sukelti prie\u0161laikin\u012f susid\u0117v\u0117jim\u0105.<\/li>\n<li>Cilindrui pritvirtinti naudokite tinkamus tvirtinimo laikiklius, u\u017etikrindami, kad jis b\u016bt\u0173 stabilus ir tiksliai pad\u0117tas.<\/li>\n<li>\u012edieg\u0119 patikrinkite, ar cilindras tinkamai juda, ir atlikite reikiamus reguliavimus.<\/li>\n<li>Priver\u017edami var\u017etus ir jungiam\u0105sias detales, laikykit\u0117s gamintojo nurodym\u0173 d\u0117l sukimo momento specifikacij\u0173.<\/li>\n<\/ol>\n<h2>\u012eprastos prie\u017ei\u016bros u\u017eduotys<\/h2>\n<ul>\n<li>\n<h3>Reguliar\u016bs patikrinimai<\/h3>\n<p>Reguliariai tikrinti hidraulin\u0119 sistem\u0105, \u012fskaitant str\u0117l\u0117s cilindr\u0105, yra labai svarbu norint anksti nustatyti bet kokias problemas. Operatoriai tur\u0117t\u0173 \u012fvertinti bendr\u0105 cilindro ir aplinkini\u0173 komponent\u0173 b\u016bkl\u0119, kad \u012fsitikint\u0173, jog viskas veikia tinkamai.<\/p>\n<\/li>\n<li>\n<h3>Tinkamas tepimas<\/h3>\n<p>Tepimas yra gyvybi\u0161kai svarbus siekiant suma\u017einti hidraulini\u0173 sistem\u0173 trint\u012f ir nusid\u0117v\u0117jim\u0105. Operatoriai privalo laikytis tepimo grafik\u0173 ir naudoti tinkamas hidraulines alyvas, kad u\u017etikrint\u0173 str\u0117l\u0117s cilindro ilgaam\u017ei\u0161kum\u0105 ir efektyvum\u0105.<\/p>\n<\/li>\n<li>\n<h3>Tarpikli\u0173 keitimas ir kalibravimo patikrinimai<\/h3>\n<p>Reguliarus sandarikli\u0173 keitimas ir baliono kalibravimo tikrinimas yra b\u016btinos prie\u017ei\u016bros u\u017eduotys. Operatoriai tur\u0117t\u0173 steb\u0117ti sandarikli\u0173 veikim\u0105 ir prireikus juos keisti, kad b\u016bt\u0173 i\u0161vengta nuot\u0117ki\u0173 ir palaikomas sl\u0117gis. Kalibravimo patikrinimai u\u017etikrina, kad balionas veikt\u0173 pagal nurodytus parametrus.<\/p>\n<\/li>\n<\/ul>\n<p><img decoding=\"async\" src=\"https:\/\/www.hydraulic-cylinders.net\/wp-content\/uploads\/2025\/04\/songte-chushion-collar.webp\" alt=\"Pagalv\u0117l\u0117s apykakl\u0117\" \/><\/p>\n<h2>Saugos ir aplinkosaugos aspektai<\/h2>\n<p>Naudojant hidraulinius cilindrus, b\u016btina \u012fdiegti saugos priemones, skirtas apsaugoti operatorius ir aplink\u0105. Tinkami mokymai apie darbo proced\u016bras ir saugos protokolus suma\u017eina nelaiming\u0173 atsitikim\u0173 rizik\u0105. Be to, naudojant aplinkai nekenksmingas hidraulines alyvas ir u\u017etikrinant tinkamus atliek\u0173 \u0161alinimo b\u016bdus, suma\u017einamas hidraulini\u0173 operacij\u0173 poveikis aplinkai.<\/p>\n<h2>Trik\u010di\u0173 \u0161alinimas ir da\u017eniausiai pasitaikan\u010dios problemos<\/h2>\n<ul>\n<li>\n<h3>Nuot\u0117kis<\/h3>\n<p>Viena da\u017ena hidraulini\u0173 cilindr\u0173 problema yra nuot\u0117kis. Tai gali atsirasti d\u0117l susid\u0117v\u0117jusi\u0173 sandarikli\u0173 arba pa\u017eeist\u0173 komponent\u0173. Operatoriai tur\u0117t\u0173 reguliariai tikrinti sandariklius ir pakeisti juos pasteb\u0117j\u0119 pirmuosius susid\u0117v\u0117jimo po\u017eymius, kad i\u0161vengt\u0173 tolesn\u0117s \u017ealos.<\/p>\n<\/li>\n<li>\n<h3>L\u0117tas jud\u0117jimas<\/h3>\n<p>Jei cilindras veikia l\u0117tai, tai gali reik\u0161ti \u017eem\u0105 hidraulinio skys\u010dio lyg\u012f arba u\u017esikim\u0161imus sistemoje. \u0160i\u0105 problem\u0105 gali pad\u0117ti i\u0161spr\u0119sti patikrinus skys\u010dio lyg\u012f ir \u012fsitikinus, kad hidraulin\u0117se linijose n\u0117ra kli\u016b\u010di\u0173.<\/p>\n<\/li>\n<li>\n<h3>Ne\u012fprasti garsai<\/h3>\n<p>Ne\u012fprasti garsai eksploatacijos metu gali rodyti vidin\u012f susid\u0117v\u0117jim\u0105 arba tepimo tr\u016bkum\u0105. Operatoriai tur\u0117t\u0173 i\u0161tirti bet kokius keistus garsus ir atlikti reikiam\u0105 technin\u0119 prie\u017ei\u016br\u0105, kad i\u0161vengt\u0173 rimt\u0173 gedim\u0173.<\/p>\n<\/li>\n<\/ul>\n<p><img decoding=\"async\" src=\"https:\/\/www.hydraulic-cylinders.net\/wp-content\/uploads\/2025\/04\/songte-bushings-with-all-kinds-of-excavator-models.webp\" alt=\"\u012evor\u0117s\" \/><\/p>\n<h2>I\u0161vada<\/h2>\n<p>M\u016bs\u0173 \u012fmon\u0117 specializuojasi auk\u0161tos kokyb\u0117s hidraulini\u0173 cilindr\u0173, \u012fskaitant str\u0117l\u0117s cilindr\u0105, skirt\u0105 \u201eYugong WY135-8\u201c, gamyboje. Esame \u012fsipareigoj\u0119 tiekti \u012fvairius hidraulinius sprendimus, tod\u0117l esame pirmaujantys gamintojai ir didmeniniai platintojai tiek vidaus, tiek tarptautin\u0117se rinkose. M\u016bs\u0173 d\u0117mesys meistri\u0161kumui kartu su pa\u017eangiomis gamybos strategijomis u\u017etikrina, kad patenkiname \u012fvairius klient\u0173 poreikius, u\u017etikrindami auk\u0161t\u0105 efektyvum\u0105, tikslum\u0105 ir kokyb\u0119.<\/p>\n<p>Tur\u0117dami profesionali\u0105 patirt\u012f, tarptautinius sertifikatus, pritaikytas paslaugas, pa\u017eangi\u0105 gamybos \u012frang\u0105 ir patikim\u0105 aptarnavim\u0105 po pardavimo, esame pasiry\u017e\u0119 teikti auk\u0161\u010diausios klas\u0117s produktus ir paslaugas savo klientams.<\/p>\n<p><img decoding=\"async\" src=\"https:\/\/www.hydraulic-cylinders.net\/wp-content\/uploads\/2025\/04\/songte-company-4.webp\" alt=\"\u012emon\u0117s paveiksl\u0117lis 1\" \/><br \/>\n<img decoding=\"async\" src=\"https:\/\/www.hydraulic-cylinders.net\/wp-content\/uploads\/2025\/04\/songte-company-3.webp\" alt=\"\u012emon\u0117s paveiksl\u0117lis 2\" \/><\/p>\n<p>Autorius: lyl<\/p>","protected":false},"excerpt":{"rendered":"<p>Boom Cylinder For Yugong WY135-8 Product Overview The Boom Cylinder for Yugong WY135-8 is a specialized hydraulic cylinder designed to control the movement of the boom arm in various heavy machinery such as excavators, backhoe loaders, and front loaders. These cylinders enable the precise lifting, lowering, and tilting of equipment, thus facilitating efficient material handling [&hellip;]<\/p>","protected":false},"featured_media":17872,"comment_status":"open","ping_status":"closed","template":"","meta":{"_et_pb_use_builder":"","_et_pb_old_content":"","_et_gb_content_width":""},"product_brand":[],"product_cat":[1546],"product_tag":[1547,1496],"class_list":{"0":"post-19096","1":"product","2":"type-product","3":"status-publish","4":"has-post-thumbnail","6":"product_cat-boom-cylinders","7":"product_tag-boom-cylinders","8":"product_tag-hydraulic-cylinders","10":"first","11":"instock","12":"shipping-taxable","13":"product-type-simple"},"amp_enabled":true,"_links":{"self":[{"href":"https:\/\/www.hydraulic-cylinders.net\/lt\/wp-json\/wp\/v2\/product\/19096","targetHints":{"allow":["GET"]}}],"collection":[{"href":"https:\/\/www.hydraulic-cylinders.net\/lt\/wp-json\/wp\/v2\/product"}],"about":[{"href":"https:\/\/www.hydraulic-cylinders.net\/lt\/wp-json\/wp\/v2\/types\/product"}],"replies":[{"embeddable":true,"href":"https:\/\/www.hydraulic-cylinders.net\/lt\/wp-json\/wp\/v2\/comments?post=19096"}],"wp:featuredmedia":[{"embeddable":true,"href":"https:\/\/www.hydraulic-cylinders.net\/lt\/wp-json\/wp\/v2\/media\/17872"}],"wp:attachment":[{"href":"https:\/\/www.hydraulic-cylinders.net\/lt\/wp-json\/wp\/v2\/media?parent=19096"}],"wp:term":[{"taxonomy":"product_brand","embeddable":true,"href":"https:\/\/www.hydraulic-cylinders.net\/lt\/wp-json\/wp\/v2\/product_brand?post=19096"},{"taxonomy":"product_cat","embeddable":true,"href":"https:\/\/www.hydraulic-cylinders.net\/lt\/wp-json\/wp\/v2\/product_cat?post=19096"},{"taxonomy":"product_tag","embeddable":true,"href":"https:\/\/www.hydraulic-cylinders.net\/lt\/wp-json\/wp\/v2\/product_tag?post=19096"}],"curies":[{"name":"wp","href":"https:\/\/api.w.org\/{rel}","templated":true}]}}