{"id":19099,"date":"2025-04-07T06:12:53","date_gmt":"2025-04-07T06:12:53","guid":{"rendered":"https:\/\/www.hydraulic-cylinders.net\/product\/boom-cylinder-for-grand-cme150lc\/"},"modified":"2025-04-07T06:12:55","modified_gmt":"2025-04-07T06:12:55","slug":"boom-cylinder-for-grand-cme150lc","status":"publish","type":"product","link":"https:\/\/www.hydraulic-cylinders.net\/lt\/produktas\/boom-cylinder-for-grand-cme150lc\/","title":{"rendered":"Str\u0117l\u0117s cilindras, skirtas Grand CME150LC"},"content":{"rendered":"<h1>Str\u0117l\u0117s cilindras, skirtas Grand CME150LC<\/h1>\n<h2>\u012evadas \u012f str\u0117l\u0117s cilindr\u0105<\/h2>\n<p>\u201eGrand CME150LC\u201c str\u0117l\u0117s cilindras yra esminis komponentas, skirtas pagerinti sunkiosios technikos, ypa\u010d hidraulini\u0173 sistem\u0173, na\u0161um\u0105. \u0160is hidraulinis cilindras yra labai svarbus valdant \u012fvairi\u0173 ma\u0161in\u0173 kau\u0161\u0173, \u012fskaitant ekskavatorius, ekskavatorius ir frontalinius krautuvus, jud\u0117jim\u0105. Pagrindin\u0117 str\u0117l\u0117s cilindro funkcija yra palengvinti kau\u0161o k\u0117lim\u0105, nuleidim\u0105 ir pakreipim\u0105, tod\u0117l jis yra b\u016btinas med\u017eiag\u0173 tvarkymo u\u017eduotims.<\/p>\n<p>I\u0161 esm\u0117s kau\u0161o cilindras yra hidraulinio cilindro tipas, specialiai sukurtas sunkioms reikm\u0117ms. Jis veikia naudodamas hidraulin\u012f skyst\u012f sl\u0117giui sukurti, kuris v\u0117liau virsta mechaniniu jud\u0117jimu. Tod\u0117l \u0161is komponentas atlieka gyvybi\u0161kai svarb\u0173 vaidmen\u012f daugelyje pramonini\u0173 ir \u017eem\u0117s \u016bkio ma\u0161in\u0173, u\u017etikrindamas efektyvum\u0105.<\/p>\n<p><img decoding=\"async\" src=\"https:\/\/www.hydraulic-cylinders.net\/wp-content\/uploads\/2025\/04\/songte-company-1.webp\" alt=\"Str\u0117l\u0117s cilindras\" \/><\/p>\n<h2>Str\u0117l\u0117s cilindro savyb\u0117s<\/h2>\n<ul>\n<li><strong>Didelis stiprumas ir ilgaam\u017ei\u0161kumas:<\/strong> Pagamintas i\u0161 didelio stiprumo plieno arba aliuminio, str\u0117l\u0117s cilindras gali atlaikyti auk\u0161t\u0105 sl\u0117g\u012f ir dideles apkrovas, tod\u0117l tinka at\u0161iaurioms darbo s\u0105lygoms.<\/li>\n<li><strong>Efektyvus hidraulinis valdymas:<\/strong> Cilindras, naudodamas hidraulin\u0117s alyvos sl\u0117g\u012f skland\u017eiam i\u0161st\u016bmimui ir \u012ftraukimui, greitai reaguoja \u012f valdymo komandas ir u\u017etikrina tvirt\u0105 st\u016bmimo bei traukimo j\u0117g\u0105, idealiai tinkan\u010di\u0105 sunkioms ir sud\u0117tingoms u\u017eduotims atlikti.<\/li>\n<li><strong>\u012evair\u016bs tipai:<\/strong> Priklausomai nuo pritaikymo, cilindrai gali b\u016bti vienpusio veikimo (veikiantys viena kryptimi) arba dvipusio veikimo (veikiantys abiem kryptimis). Kai kurie modeliai yra teleskopiniai, tod\u0117l juos galima labiau i\u0161tiesti nedidinant i\u0161orini\u0173 matmen\u0173, tod\u0117l jie puikiai tinka naudoti ribotoje erdv\u0117je.<\/li>\n<li><strong>Pritaikomos parinktys:<\/strong> Str\u0117l\u0117s cilindr\u0105 galima pritaikyti konkretiems eksploatavimo reikalavimams, u\u017etikrinant suderinamum\u0105 su \u012fvairiais technikos modeliais ir u\u017eduotimis.<\/li>\n<li><strong>Prie\u017ei\u016brai draugi\u0161kas dizainas:<\/strong> Sukurtas lengvai prie\u017ei\u016brai, cilindras leid\u017eia atlikti paprastas patikras ir technin\u0119 prie\u017ei\u016br\u0105, kad b\u016bt\u0173 u\u017etikrintas ilgalaikis veikimas.<\/li>\n<\/ul>\n<p>Mes specializuojam\u0117s \u0161io produkto gamyboje, si\u016blydami cilindrus, kurie puikiai pakei\u010dia esamus hidraulinius cilindrus.<\/p>\n<p><img decoding=\"async\" src=\"https:\/\/www.hydraulic-cylinders.net\/wp-content\/uploads\/2025\/04\/songte-cylinder-head-with-all-kinds-excavator-models.webp\" alt=\"Hidraulinio cilindro galvut\u0117\" \/><\/p>\n<h2>Str\u0117l\u0117s cilindro pritaikymas<\/h2>\n<h3>Statybin\u0117 \u012franga<\/h3>\n<p>Statybin\u0117je technikoje str\u0117l\u0117s cilindrai randami ekskavatoriuose, kur jie yra labai svarb\u016bs kasant, kraunant ir perkeliant \u017eem\u0119 ar \u0161iuk\u0161les. J\u0173 geb\u0117jimas i\u0161skleisti ir susitraukti leid\u017eia lanks\u010diai dirbti esant \u012fvairiems kasimo gyliams ir kampams, taip padidinant na\u0161um\u0105 darbo vietose.<\/p>\n<h3>\u017dem\u0117s \u016bkio technika<\/h3>\n<p>Priekiniuose krautuvuose str\u0117l\u0117s cilindrai palengvina dirvo\u017eemio, \u0161ieno ir kit\u0173 med\u017eiag\u0173 pakrovim\u0105, k\u0117lim\u0105 ir transportavim\u0105. Jie pagerina krautuvo galimybes, leisdami efektyviau tvarkyti birias med\u017eiagas, suma\u017einti darbo s\u0105naudas ir pagerinti darbo greit\u012f.<\/p>\n<h3>Ekskavatoriai<\/h3>\n<p>Kau\u0161o cilindras leid\u017eia atlikti kasimo veiksm\u0105, leisdamas kau\u0161ui efektyviai \u012fsiskverbti \u012f \u017eem\u0119. Tai labai svarbu atliekant \u017eem\u0117s kasimo darbus, kai reikalingas tikslumas ir galia, norint prasiskverbti pro \u012fvairi\u0173 tip\u0173 dirvo\u017eem\u012f.<\/p>\n<h3>Krautuvai<\/h3>\n<p>Priekiniuose krautuvuose str\u0117l\u0117s cilindrai padeda efektyviai pakelti ir i\u0161krauti med\u017eiagas. Jie leid\u017eia greitai atlikti pakrovimo ir i\u0161krovimo ciklus, taip prisidedant prie efektyvaus med\u017eiag\u0173 tvarkymo statybose ir \u017eem\u0117s \u016bkio aplinkoje.<\/p>\n<h2>Projektavimo aspektai ir atrankos kriterijai<\/h2>\n<h3>Keliamoji galia<\/h3>\n<p>Str\u0117l\u0117s cilindro keliamoji galia yra labai svarbus aspektas, nes ji lemia maksimal\u0173 svor\u012f, kur\u012f jis gali saugiai atlaikyti. B\u016btina pasirinkti cilindr\u0105, kuris gal\u0117t\u0173 atlaikyti numatomas apkrovas eksploatacijos metu. To nepadarius, gali atsirasti mechanini\u0173 gedim\u0173 arba pavoj\u0173 saugai. Tinkamos keliamosios galios pasirinkimas gali pad\u0117ti i\u0161analizavus taikymo reikalavimus ir pasikonsultavus su gamintojais.<\/p>\n<h3>Sandarinimo mechanizmai<\/h3>\n<p>Sandarinimas yra nepaprastai svarbus siekiant i\u0161vengti hidraulinio skys\u010dio nuot\u0117kio ir u\u017etikrinti efektyv\u0173 veikim\u0105. Auk\u0161tos kokyb\u0117s sandarikliai, tokie kaip st\u016bmokli\u0173 ir kot\u0173 sandarikliai, yra b\u016btini norint i\u0161laikyti hidraulin\u0117s sistemos vientisum\u0105. Toki\u0173 med\u017eiag\u0173 kaip poliuretanas ir nitrilo kau\u010diukas pasirinkimas sandarikliams padidina j\u0173 patvarum\u0105 nuo dilimo ir aplinkos veiksni\u0173.<\/p>\n<h3>Patvarumas<\/h3>\n<p>Patvarumas yra reik\u0161mingas veiksnys, turintis \u012ftakos bendram str\u0117l\u0117s cilindro tarnavimo laikui. Med\u017eiaga ir konstrukcija turi atlaikyti ekstremalias s\u0105lygas, \u012fskaitant temperat\u016bros svyravimus ir abrazyvini\u0173 med\u017eiag\u0173 poveik\u012f. Gamintojai da\u017enai naudoja pa\u017eangias technologijas, kad padidint\u0173 cilindro atsparum\u0105, u\u017etikrindami patikim\u0105 veikim\u0105 ilg\u0105 laik\u0105.<\/p>\n<h3>Saugos funkcijos<\/h3>\n<p>Saugumas hidraulin\u0117se sistemose yra nepaprastai svarbus. Str\u0117l\u0117s cilindro konstrukcijoje tur\u0117t\u0173 b\u016bti numatytos tokios funkcijos kaip sl\u0117gio ma\u017einimo vo\u017etuvai ir gedim\u0173 prevencijos mechanizmai, kad b\u016bt\u0173 i\u0161vengta nelaiming\u0173 atsitikim\u0173 eksploatacijos metu. Reguliarus bandymas ir saugos standart\u0173 laikymasis yra b\u016btini norint i\u0161laikyti eksploatacin\u012f vientisum\u0105.<\/p>\n<h3>Prie\u017ei\u016bros aspektai<\/h3>\n<p>Lengvas techninis aptarnavimas yra labai svarbus projektavimo aspektas. Cilindras tur\u0117t\u0173 b\u016bti toks, kad j\u012f b\u016bt\u0173 galima greitai ap\u017ei\u016br\u0117ti ir pri\u017ei\u016br\u0117ti, nereikalaujant didelio i\u0161montavimo. \u012eprast\u0173 susid\u0117v\u0117jimo ta\u0161k\u0173, toki\u0173 kaip sandarikliai ir guoliai, projektavimas gali supaprastinti technin\u0117s prie\u017ei\u016bros proces\u0105, u\u017etikrinant, kad \u012frenginiai i\u0161likt\u0173 veikiantys ir prastovos b\u016bt\u0173 kuo trumpesn\u0117s.<\/p>\n<p><img decoding=\"async\" src=\"https:\/\/www.hydraulic-cylinders.net\/wp-content\/uploads\/2025\/04\/songte-oil-pipes-and-spare-parts.webp\" alt=\"Hidraulin\u0117s dalys\" \/><\/p>\n<h2>Sandarinimas ir tepimas<\/h2>\n<p>Sandarinimas ir tepimas yra gyvybi\u0161kai svarb\u016bs efektyviam hidraulini\u0173 cilindr\u0173 veikimui. Siekiant i\u0161vengti nuot\u0117ki\u0173 ir u\u017eter\u0161imo, naudojami \u012fvair\u016bs sandarikliai, \u012fskaitant st\u016bmokli\u0173 ir kot\u0173 sandariklius. Naudojant patvarias med\u017eiagas, tokias kaip poliuretanas ir nitrilo kau\u010diukas, padid\u0117ja atsparumas dilimui ir ilgaam\u017ei\u0161kumas.<\/p>\n<p>Cilindro korpusas ir srieginiai galiniai pavir\u0161iai yra kruop\u0161\u010diai apdirbami, siekiant pagerinti atsparum\u0105 dilimui ir u\u017etikrinti patikim\u0105 sandarum\u0105 laikui b\u0117gant. Reguliarus tepimas hidrauline alyva yra b\u016btinas norint suma\u017einti trint\u012f ir dilim\u0105, pailginti cilindro tarnavimo laik\u0105 ir i\u0161vengti prie\u0161laikinio gedimo.<\/p>\n<h2>Prevencin\u0117s prie\u017ei\u016bros priemon\u0117s<\/h2>\n<ul>\n<li><strong>Reguliar\u016bs patikrinimai:<\/strong> Reguliar\u016bs patikrinimai padeda anksti nustatyti susid\u0117v\u0117jim\u0105 ir galimas problemas, taip i\u0161vengiant brangaus remonto.<\/li>\n<li><strong>Tinkamas tepimas:<\/strong> Tinkamas tepimas suma\u017eina trint\u012f ir susid\u0117v\u0117jim\u0105, pagerindamas cilindro na\u0161um\u0105.<\/li>\n<li><strong>Sandariklio keitimas:<\/strong> Laiku kei\u010diamas sandariklis yra labai svarbus norint i\u0161laikyti hidraulin\u012f vientisum\u0105 ir i\u0161vengti nuot\u0117ki\u0173.<\/li>\n<\/ul>\n<h2>\u012erengimo gair\u0117s<\/h2>\n<p>Tinkamas str\u0117l\u0117s cilindro montavimas yra b\u016btinas norint u\u017etikrinti efektyv\u0173 jo veikim\u0105. Pirmiausia \u012fsitikinkite, kad tvirtinimo pavir\u0161iai yra \u0161var\u016bs ir be \u0161iuk\u0161li\u0173. Montuodami tiksliai sulygiuokite cilindr\u0105, kad i\u0161vengtum\u0117te nesuderinamumo, kuris gali sukelti prie\u0161laikin\u012f susid\u0117v\u0117jim\u0105.<\/p>\n<p>Cilindrui pritvirtinti naudokite tinkamus tvirtinimo laikiklius. \u012esitikinkite, kad visi var\u017etai ir tvirtinimo elementai yra priver\u017eti pagal gamintojo specifikacijas, kad eksploatacijos metu jie nejud\u0117t\u0173. \u012ereng\u0119 atlikite funkcin\u012f patikrinim\u0105, kad \u012fsitikintum\u0117te, jog cilindras skland\u017eiai veikia visais numatytais judesi\u0173 diapazonais. Dokumentuokite montavimo proces\u0105, kad gal\u0117tum\u0117te j\u012f per\u017ei\u016br\u0117ti ir pri\u017ei\u016br\u0117ti.<\/p>\n<h2>\u012eprastos prie\u017ei\u016bros u\u017eduotys<\/h2>\n<h3>Reguliar\u016bs patikrinimai<\/h3>\n<p>Reguliar\u016bs patikrinimai yra labai svarb\u016bs norint anksti aptikti susid\u0117v\u0117jim\u0105, nuot\u0117kius ir galimas problemas. Patikrinkite sandariklius ir jungtis, ar n\u0117ra susid\u0117v\u0117jimo po\u017eymi\u0173, ir patikrinkite hidraulinio skys\u010dio lyg\u012f, kad u\u017etikrintum\u0117te optimal\u0173 veikim\u0105.<\/p>\n<h3>Tinkamas tepimas<\/h3>\n<p>Tinkamas tepimas yra labai svarbus norint i\u0161vengti trinties ir pailginti cilindro tarnavimo laik\u0105. \u012esitikinkite, kad hidraulin\u0117s alyvos kiekis yra iki rekomenduojamo lygio ir kad tepimo ta\u0161kai b\u016bt\u0173 reguliariai pri\u017ei\u016brimi.<\/p>\n<h3>Sandariklio keitimas ir kalibravimas<\/h3>\n<p>Reguliariai tikrinkite sandarikli\u0173 susid\u0117v\u0117jim\u0105 ir prireikus juos pakeiskite, kad i\u0161laikytum\u0117te hidraulin\u012f efektyvum\u0105. Taip pat reik\u0117t\u0173 atlikti kalibravimo patikrinimus, siekiant u\u017etikrinti, kad cilindras veikt\u0173 pagal nurodytus parametrus, taip suma\u017einant gedimo rizik\u0105.<\/p>\n<p><img decoding=\"async\" src=\"https:\/\/www.hydraulic-cylinders.net\/wp-content\/uploads\/2025\/04\/songte-chushion-collar.webp\" alt=\"Pagalv\u0117l\u0117s apykakl\u0117\" \/><\/p>\n<h2>Saugos aspektai ir aplinkos veiksniai<\/h2>\n<p>Naudojant hidraulines sistemas, labai svarbu \u012fdiegti saugos priemones, siekiant i\u0161vengti nelaiming\u0173 atsitikim\u0173. Tinkam\u0173 saugos protokol\u0173, toki\u0173 kaip operatori\u0173 mokymai ir reguliari \u012frangos patikra, \u012fgyvendinimas gali \u017eymiai suma\u017einti su hidraulini\u0173 cilindr\u0173 veikimu susijusi\u0105 rizik\u0105.<\/p>\n<h2>Trik\u010di\u0173 \u0161alinimas ir da\u017eniausiai pasitaikan\u010dios problemos<\/h2>\n<h3>Hidraulini\u0173 skys\u010di\u0173 nuot\u0117kiai<\/h3>\n<p>Hidraulinio skys\u010dio nuot\u0117kiai yra da\u017ena problema, kuri gali kilti d\u0117l susid\u0117v\u0117jusi\u0173 sandarikli\u0173 arba netinkamai priver\u017et\u0173 jung\u010di\u0173. Patikrinkite cilindr\u0105, ar n\u0117ra matom\u0173 skys\u010dio nuot\u0117kio po\u017eymi\u0173, ir prireikus pakeiskite sandariklius, kad atkurtum\u0117te funkcionalum\u0105.<\/p>\n<h3>L\u0117tas cilindro jud\u0117jimas<\/h3>\n<p>Jei str\u0117l\u0117s cilindras veikia l\u0117tai, tai gali rodyti \u017eem\u0105 hidraulinio skys\u010dio lyg\u012f arba sistemos u\u017eter\u0161tum\u0105. \u012esitikinkite, kad skys\u010dio lygis yra pakankamas, o filtrai \u2013 \u0161var\u016bs, kad sistema veikt\u0173 skland\u017eiai.<\/p>\n<h3>Ne\u012fprasti garsai<\/h3>\n<p>Ne\u012fprasti garsai eksploatacijos metu gali signalizuoti apie vidines problemas, tokias kaip kavitacija ar komponent\u0173 susid\u0117v\u0117jimas. Norint i\u0161vengti tolesn\u0117s \u017ealos, b\u016btina i\u0161tirti triuk\u0161mo \u0161altin\u012f ir greitai j\u012f pa\u0161alinti.<\/p>\n<p>Siekiant suma\u017einti galimas problemas, labai svarbu reguliariai pri\u017ei\u016br\u0117ti ir apmokyti operatorius. Atid\u017eiai stebint sistemos veikim\u0105 galima pasteb\u0117ti problemas, kol jos neperauga \u012f rimtus gedimus.<\/p>\n<p><img decoding=\"async\" src=\"https:\/\/www.hydraulic-cylinders.net\/wp-content\/uploads\/2025\/04\/songte-bushings-with-all-kinds-of-excavator-models.webp\" alt=\"\u012evor\u0117s\" \/><\/p>\n<h2>Apie m\u016bs\u0173 \u012fmon\u0119<\/h2>\n<p>Esame pirmaujantis hidraulini\u0173 cilindr\u0173 gamintojas ir didmeninis platintojas, specializuojantis alternatyviuose sprendimuose. D\u0117l plataus gamini\u0173 asortimento esame vienas i\u0161 pirmaujan\u010di\u0173 gamintoj\u0173 tiek vidaus, tiek tarptautin\u0117je rinkose. Siekiame nepriekai\u0161tingos kokyb\u0117s, kuri\u0105 palaiko industrializuota gamybos valdymo strategija m\u016bs\u0173 patobulintose gamybos dirbtuv\u0117se.<\/p>\n<p>M\u016bs\u0173 \u012fsipareigojim\u0105 diegti inovacijas atspindi kvalifikuota darbo j\u0117ga, pa\u017eangi skaitmenin\u0117 gamybos \u012franga ir profesionalios testavimo sistemos. \u0160is nuolatinis gamybos platformos ir produkt\u0173 kokyb\u0117s tobulinimas didina m\u016bs\u0173 geb\u0117jim\u0105 efektyviai patenkinti \u012fvairius klient\u0173 poreikius.<\/p>\n<p>Taip pat si\u016blome pritaikymo paslaugas, u\u017etikrindami, kad m\u016bs\u0173 gaminiai atitikt\u0173 konkre\u010dius reikalavimus. M\u016bs\u0173 tarptautiniai sertifikatai atspindi m\u016bs\u0173 atsidavim\u0105 kokybei ir saugumui, o patikimas garantinio aptarnavimo servisas u\u017etikrina klient\u0173 pasitenkinim\u0105.<\/p>\n<p><img decoding=\"async\" src=\"https:\/\/www.hydraulic-cylinders.net\/wp-content\/uploads\/2025\/04\/songte-company-4.webp\" alt=\"\u012emon\u0117s paveiksl\u0117lis 1\" \/><br \/>\n<img decoding=\"async\" src=\"https:\/\/www.hydraulic-cylinders.net\/wp-content\/uploads\/2025\/04\/songte-company-3.webp\" alt=\"\u012emon\u0117s paveiksl\u0117lis 2\" \/><\/p>\n<p>Autorius: lyl<\/p>","protected":false},"excerpt":{"rendered":"<p>Boom Cylinder For Grand CME150LC Introduction to Boom Cylinder The Boom Cylinder for the Grand CME150LC is an essential component designed to enhance the performance of heavy machinery, particularly in hydraulic systems. This hydraulic cylinder is crucial for controlling the movement of various machinery buckets, including excavators, backhoes, and front loaders. The primary function of [&hellip;]<\/p>","protected":false},"featured_media":17875,"comment_status":"open","ping_status":"closed","template":"","meta":{"_et_pb_use_builder":"","_et_pb_old_content":"","_et_gb_content_width":""},"product_brand":[],"product_cat":[1546],"product_tag":[1547,1496],"class_list":{"0":"post-19099","1":"product","2":"type-product","3":"status-publish","4":"has-post-thumbnail","6":"product_cat-boom-cylinders","7":"product_tag-boom-cylinders","8":"product_tag-hydraulic-cylinders","10":"first","11":"instock","12":"shipping-taxable","13":"product-type-simple"},"amp_enabled":true,"_links":{"self":[{"href":"https:\/\/www.hydraulic-cylinders.net\/lt\/wp-json\/wp\/v2\/product\/19099","targetHints":{"allow":["GET"]}}],"collection":[{"href":"https:\/\/www.hydraulic-cylinders.net\/lt\/wp-json\/wp\/v2\/product"}],"about":[{"href":"https:\/\/www.hydraulic-cylinders.net\/lt\/wp-json\/wp\/v2\/types\/product"}],"replies":[{"embeddable":true,"href":"https:\/\/www.hydraulic-cylinders.net\/lt\/wp-json\/wp\/v2\/comments?post=19099"}],"wp:featuredmedia":[{"embeddable":true,"href":"https:\/\/www.hydraulic-cylinders.net\/lt\/wp-json\/wp\/v2\/media\/17875"}],"wp:attachment":[{"href":"https:\/\/www.hydraulic-cylinders.net\/lt\/wp-json\/wp\/v2\/media?parent=19099"}],"wp:term":[{"taxonomy":"product_brand","embeddable":true,"href":"https:\/\/www.hydraulic-cylinders.net\/lt\/wp-json\/wp\/v2\/product_brand?post=19099"},{"taxonomy":"product_cat","embeddable":true,"href":"https:\/\/www.hydraulic-cylinders.net\/lt\/wp-json\/wp\/v2\/product_cat?post=19099"},{"taxonomy":"product_tag","embeddable":true,"href":"https:\/\/www.hydraulic-cylinders.net\/lt\/wp-json\/wp\/v2\/product_tag?post=19099"}],"curies":[{"name":"wp","href":"https:\/\/api.w.org\/{rel}","templated":true}]}}