{"id":19104,"date":"2025-04-07T06:13:06","date_gmt":"2025-04-07T06:13:06","guid":{"rendered":"https:\/\/www.hydraulic-cylinders.net\/product\/boom-cylinder-for-volvo-small-excavator-ec140blc\/"},"modified":"2025-04-07T06:13:08","modified_gmt":"2025-04-07T06:13:08","slug":"boom-cylinder-for-volvo-small-excavator-ec140blc","status":"publish","type":"product","link":"https:\/\/www.hydraulic-cylinders.net\/lt\/produktas\/boom-cylinder-for-volvo-small-excavator-ec140blc\/","title":{"rendered":"Str\u0117l\u0117s cilindras Volvo ma\u017eajam ekskavatoriui EC140BLC"},"content":{"rendered":"<h1>Str\u0117l\u0117s cilindras Volvo ma\u017eajam ekskavatoriui EC140BLC<\/h1>\n<h2>\u012evadas \u012f str\u0117l\u0117s cilindrus<\/h2>\n<p>Str\u0117l\u0117s cilindras atlieka itin svarb\u0173 vaidmen\u012f valdant \u012fvairias sunkiasvores ma\u0161inas, \u012fskaitant \u201eVolvo Small Excavator EC140BLC\u201c. \u0160is hidraulinis cilindras yra specialiai sukurtas str\u0117l\u0117s jud\u0117jimui valdyti, leid\u017eiant jai kelti, nuleisti ir pakreipti. \u0160i funkcija yra b\u016btina atliekant med\u017eiag\u0173 tvarkymo u\u017eduotis, tod\u0117l str\u0117l\u0117s cilindrai yra gyvybi\u0161kai svarbus hidraulini\u0173 sistem\u0173 komponentas.<\/p>\n<p>Str\u0117l\u0117s cilindras, kaip hidraulinio cilindro tipas, yra suprojektuotas taip, kad atlaikyt\u0173 dideles j\u0117gas, veikian\u010dias kasimo, krovimo ir med\u017eiag\u0173 transportavimo metu. Jo konstrukcija u\u017etikrina, kad jis atlaikyt\u0173 at\u0161iaurias s\u0105lygas ir tuo pa\u010diu metu tiksliai valdyt\u0173 str\u0117l\u0117s pad\u0117t\u012f.<\/p>\n<p><img decoding=\"async\" src=\"https:\/\/www.hydraulic-cylinders.net\/wp-content\/uploads\/2025\/04\/songte-company-1.webp\" alt=\"Str\u0117l\u0117s cilindro vaizdas\"><\/p>\n<h3>Pagrindin\u0117s str\u0117l\u0117s cilindr\u0173 savyb\u0117s<\/h3>\n<ul>\n<li><strong>Didelis stiprumas ir ilgaam\u017ei\u0161kumas:<\/strong> Pagaminti i\u0161 didelio stiprumo plieno arba aliuminio, \u0161ie cilindrai gali atlaikyti auk\u0161t\u0105 sl\u0117g\u012f ir dideles apkrovas, tod\u0117l tinka naudoti sud\u0117tingoje aplinkoje.<\/li>\n<li><strong>Efektyvus hidraulinis valdymas:<\/strong> Str\u0117l\u0117s cilindras naudoja hidraulin\u0117s alyvos sl\u0117g\u012f, kad str\u0117l\u0117 skland\u017eiai i\u0161skleist\u0173 ir atitraukt\u0173 str\u0117l\u0119, greitai reaguot\u0173 \u012f operatoriaus komandas ir u\u017etikrint\u0173 didel\u0119 st\u016bmimo bei traukimo j\u0117g\u0105.<\/li>\n<li><strong>\u012evair\u016bs tipai:<\/strong> Priklausomai nuo eksploatacini\u0173 poreiki\u0173, str\u0117l\u0117s cilindrai gali b\u016bti vienpusio arba dvipusio veikimo, o tai suteikia lankstumo \u012fvairiose srityse. Kai kurie modeliai gali b\u016bti net teleskopiniai, tod\u0117l str\u0117l\u0119 galima labiau i\u0161tiesti nedidinant i\u0161orini\u0173 matmen\u0173.<\/li>\n<li><strong>Tikslioji in\u017einerija:<\/strong> D\u0117mesys dilimui ir apsaugai nuo korozijos u\u017etikrina, kad \u0161ie cilindrai tarnaut\u0173 ilgiau, tod\u0117l juos reikia ma\u017eiau da\u017enai keisti.<\/li>\n<li><strong>Individuali gamyba:<\/strong> Mes specializuojam\u0117s str\u0117l\u0117s cilindr\u0173, kurie puikiai pakei\u010dia esamus hidraulinius cilindrus, gamyboje, u\u017etikrindami suderinamum\u0105 ir na\u0161um\u0105.<\/li>\n<\/ul>\n<p><img decoding=\"async\" src=\"https:\/\/www.hydraulic-cylinders.net\/wp-content\/uploads\/2025\/04\/songte-cylinder-head-with-all-kinds-excavator-models.webp\" alt=\"Ekskavatori\u0173 modeliai\"><\/p>\n<h2>Str\u0117l\u0117s cilindr\u0173 pritaikymas<\/h2>\n<h3>Statybin\u0117 \u012franga<\/h3>\n<p>Ekskavatoriuose str\u0117l\u0117s cilindrai yra labai svarb\u016bs kasant, kraunant ir perkeliant grunt\u0105 ar \u0161iuk\u0161les. Jie leid\u017eia kasimo svirtimii suktis ir pasiekti skirtingus kampus, taip padidindami ma\u0161inos universalum\u0105 ir efektyvum\u0105. Hidraulin\u0117s sistemos stiprumas u\u017etikrina tiksl\u0173 valdym\u0105, \u017eymiai padidindamas na\u0161um\u0105 statybviet\u0117se.<\/p>\n<h3>\u017dem\u0117s \u016bkio technika<\/h3>\n<p>Priekiniuose krautuvuose str\u0117l\u0117s cilindrai yra gyvybi\u0161kai svarb\u016bs dirvo\u017eemio, \u0161ieno ir kit\u0173 med\u017eiag\u0173 k\u0117limui, k\u0117limui ir transportavimui. D\u0117l tvirtos konstrukcijos jie gali atlikti sud\u0117tingus \u017eem\u0117s \u016bkio darbus ir u\u017etikrinti patikimum\u0105 piko metu. \u0160ie cilindrai atlieka pagrindin\u012f vaidmen\u012f gerinant \u016bkio operacij\u0173 efektyvum\u0105.<\/p>\n<h3>Kasimo u\u017eduotys<\/h3>\n<p>Ekskavatoriuose str\u0117l\u0117s cilindras leid\u017eia kau\u0161ui efektyviai \u012fsiskverbti \u012f \u017eem\u0119, tod\u0117l lengviau i\u0161kasti med\u017eiagas. J\u0173 konstrukcija u\u017etikrina skland\u0173 veikim\u0105, kuris yra gyvybi\u0161kai svarbus norint i\u0161laikyti na\u0161um\u0105 kasimo darb\u0173 metu. Galimyb\u0117 tiksliai valdyti kau\u0161\u0105 leid\u017eia efektyviai pa\u0161alinti ir sud\u0117ti med\u017eiagas.<\/p>\n<h3>Krautuvo operacijos<\/h3>\n<p>Priekiniuose krautuvuose str\u0117l\u0117s cilindrai padeda efektyviai kelti ir i\u0161versti krovinius. Hidraulin\u0117 sistema suteikia galios, reikalingos sunkiems kroviniams kelti, i\u0161laikant stabilum\u0105 ir valdym\u0105. \u0160i savyb\u0117 yra labai svarbi u\u017etikrinant saugum\u0105 ir efektyvum\u0105 krovimo metu.<\/p>\n<h2>Projektavimo aspektai ir atrankos kriterijai<\/h2>\n<h3>Keliamoji galia<\/h3>\n<p>Str\u0117l\u0117s cilindro keliamoji galia yra vienas i\u0161 svarbiausi\u0173 projektavimo aspekt\u0173. Jis turi atlaikyti maksimal\u0173 perkeliam\u0173 med\u017eiag\u0173 svor\u012f nepakenkdamas na\u0161umui ar saugumui. B\u016btini tinkami skai\u010diavimai, pagr\u012fsti ma\u0161inos specifikacijomis ir numatomomis apkrovomis eksploatacijos metu. Tinkamos keliamosios galios cilindro pasirinkimas padeda i\u0161vengti mechanini\u0173 gedim\u0173 ir u\u017etikrina patikim\u0105 veikim\u0105.<\/p>\n<h3>Sandarinimo efektyvumas<\/h3>\n<p>Hidrauliniuose cilindruose sandarinimas yra labai svarbus, siekiant i\u0161vengti skys\u010dio nuot\u0117kio ir palaikyti sl\u0117g\u012f. Auk\u0161tos kokyb\u0117s sandarikliai, pagaminti i\u0161 patvari\u0173 med\u017eiag\u0173, toki\u0173 kaip poliuretanas ir nitrilo kau\u010diukas, yra b\u016btini optimaliam veikimui. Tai apsaugo nuo u\u017eter\u0161imo ir pailgina cilindro tarnavimo laik\u0105, u\u017etikrinant, kad hidraulin\u0117 alyva i\u0161likt\u0173 sistemoje. Reguliarus sandarikli\u0173 tikrinimas gali pad\u0117ti i\u0161vengti brangaus remonto ir prastov\u0173.<\/p>\n<h3>Patvarumas ir prie\u017ei\u016bra<\/h3>\n<p>Patvarumas yra svarbus str\u0117l\u0117s cilindr\u0173, ypa\u010d naudojam\u0173 at\u0161iauriomis s\u0105lygomis, veiksnys. Naudojamos med\u017eiagos turi b\u016bti atsparios dilimui ir korozijai, kad b\u016bt\u0173 u\u017etikrintas ilgalaikis veikimas. Norint anksti nustatyti susid\u0117v\u0117jim\u0105 ir galimus gedimus, b\u016btina reguliariai pri\u017ei\u016br\u0117ti, \u012fskaitant valym\u0105 ir ap\u017ei\u016br\u0105. Tai padeda prailginti cilindro tarnavimo laik\u0105 ir suma\u017einti poreik\u012f j\u012f anks\u010diau keisti.<\/p>\n<h3>Saugos funkcijos<\/h3>\n<p>Projektuojant str\u0117l\u0117s cilindrus, saugumas yra svarbiausias dalykas. \u012etraukus funkcijas, kurios apsaugo nuo per didelio i\u0161sitempimo ir netik\u0117to jud\u0117jimo, galima gerokai suma\u017einti nelaiming\u0173 atsitikim\u0173 rizik\u0105. Apsauginiai vo\u017etuvai ir sl\u0117gio ma\u017einimo sistemos yra esminiai komponentai, kurie tur\u0117t\u0173 b\u016bti \u012ftraukti siekiant apsaugoti tiek ma\u0161inas, tiek operatorius darbo metu.<\/p>\n<p><img decoding=\"async\" src=\"https:\/\/www.hydraulic-cylinders.net\/wp-content\/uploads\/2025\/04\/songte-oil-pipes-and-spare-parts.webp\" alt=\"Hidraulin\u0117s dalys\"><\/p>\n<h2>Sandarinimas ir tepimas<\/h2>\n<p>Efektyvus sandarinimas ir tepimas yra b\u016btini hidraulini\u0173 cilindr\u0173 ilgaam\u017ei\u0161kumui ir efektyvumui. \u012evair\u016bs sandarikliai, tokie kaip st\u016bmokli\u0173 ir kot\u0173 sandarikliai, atlieka svarb\u0173 vaidmen\u012f palaikant sistemos vientisum\u0105. Sandarikliai, pagaminti i\u0161 atspari\u0173 dilimui med\u017eiag\u0173, toki\u0173 kaip poliuretanas ir nitrilo kau\u010diukas, u\u017etikrina efektyv\u0173 sandarinim\u0105 nuo hidraulinio skys\u010dio. Cilindro korpusas ir srieginiai galai turi b\u016bti kruop\u0161\u010diai apdirbti, siekiant padidinti atsparum\u0105 dilimui ir bendr\u0105 na\u0161um\u0105.<\/p>\n<p>Reguliarus tepimas tinkamu hidraulin\u0117s alyvos kiekiu yra labai svarbus norint suma\u017einti trint\u012f ir nusid\u0117v\u0117jim\u0105. Tinkama tepimo praktika pagerina veikimo efektyvum\u0105 ir apsaugo nuo prie\u0161laikinio sandarikli\u0173 bei judan\u010di\u0173 dali\u0173 susid\u0117v\u0117jimo. Tepalo lygio steb\u0117jimas ir papildymas pagal poreik\u012f yra pagrindiniai hidraulin\u0117s sistemos veikimo palaikymo b\u016bdai.<\/p>\n<h2>Prevencin\u0117s prie\u017ei\u016bros priemon\u0117s<\/h2>\n<ul>\n<li><strong>Reguliar\u016bs patikrinimai:<\/strong> Reguliar\u016bs patikrinimai padeda nustatyti galimas problemas, kol jos neperauga \u012f rimtesnes. Sandarikli\u0173 nuot\u0117ki\u0173, susid\u0117v\u0117jimo ir vientisumo tikrinimas tur\u0117t\u0173 b\u016bti standartin\u0117 prie\u017ei\u016bros dalis.<\/li>\n<li><strong>Tinkamas tepimas:<\/strong> Skland\u017eiam veikimui labai svarbu u\u017etikrinti optimal\u0173 hidraulin\u0117s alyvos lyg\u012f ir tinkamo tipo alyv\u0105. Tepimas turi b\u016bti atliekamas pagal gamintojo nurodymus, kad b\u016bt\u0173 i\u0161laikytas efektyvumas.<\/li>\n<li><strong>Sandariklio keitimas:<\/strong> Tarpikliai tur\u0117t\u0173 b\u016bti stebimi ir prireikus kei\u010diami, kad b\u016bt\u0173 i\u0161vengta nuot\u0117ki\u0173 ir palaikomas sl\u0117gis. Reguliarus patikrinimas ir savalaikis keitimas gali pad\u0117ti sutaupyti su hidraulinio skys\u010dio nuostoliais susijusias i\u0161laidas.<\/li>\n<\/ul>\n<h2>Tinkamo \u012frengimo gair\u0117s<\/h2>\n<p>Tinkamas str\u0117l\u0117s cilindro montavimas yra labai svarbus optimaliam veikimui. Pirmiausia \u012fsitikinkite, kad visi komponentai yra \u0161var\u016bs ir be \u0161iuk\u0161li\u0173. Tinkamai sulygiuokite cilindr\u0105 su tvirtinimo laikikliais, naudodami tinkamas montavimo atramas, kad i\u0161laikytum\u0117te sulygiavim\u0105. Priver\u017ekite tvirtinimo detales pagal gamintojo specifikacijas, u\u017etikrindami, kad neb\u016bt\u0173 perver\u017eimo, nes tai gali sukelti pa\u017eeidimus.<\/p>\n<p>Po \u012frengimo patikrinkite, ar n\u0117ra koki\u0173 nors nesuderinamumo ar jud\u0117jimo po\u017eymi\u0173. Patikrinkite hidraulin\u0119 sistem\u0105, kad \u012fsitikintum\u0117te, jog ji veikia skland\u017eiai, ir steb\u0117kite, ar n\u0117ra nuot\u0117ki\u0173 aplink sandariklius. Laikantis geriausios \u012frengimo praktikos, galima i\u0161vengti eksploatacini\u0173 problem\u0173 ir pailginti hidraulinio cilindro tarnavimo laik\u0105.<\/p>\n<h2>\u012eprastos prie\u017ei\u016bros u\u017eduotys<\/h2>\n<h3>Reguliar\u016bs patikrinimai<\/h3>\n<p>Reguliar\u016bs patikrinimai yra b\u016btini norint anksti nustatyti susid\u0117v\u0117jim\u0105 ir galimus gedimus. Tai apima sandarikli\u0173 patikrinim\u0105, ar n\u0117ra nuot\u0117ki\u0173, ir vis\u0173 hidraulini\u0173 jung\u010di\u0173 tvirtum\u0105. Reguliar\u016bs patikrinimai gali pad\u0117ti palaikyti optimal\u0173 na\u0161um\u0105 ir i\u0161vengti netik\u0117t\u0173 prastov\u0173.<\/p>\n<h3>Tinkamas tepimas<\/h3>\n<p>Tinkamas tepimo lygis yra gyvybi\u0161kai svarbus efektyviam hidraulini\u0173 cilindr\u0173 veikimui. Tinkamo tipo hidraulin\u0117s alyvos naudojimas ir tinkamas jos lygis gali labai paveikti na\u0161um\u0105 ir ilgaam\u017ei\u0161kum\u0105. Tinkama tepimo praktika suma\u017eina trint\u012f ir susid\u0117v\u0117jim\u0105, taip padidindama cilindro ilgaam\u017ei\u0161kum\u0105.<\/p>\n<h3>Tarpikli\u0173 keitimas ir kalibravimo patikrinimai<\/h3>\n<p>Tarpikli\u0173 keitimas yra labai svarbus norint i\u0161laikyti hidraulin\u012f vientisum\u0105. Reguliariai tikrinkite tarpiklius, ar n\u0117ra susid\u0117v\u0117jimo po\u017eymi\u0173, ir prireikus pakeiskite juos, kad i\u0161vengtum\u0117te nuot\u0117kio. Kalibravimo patikrinimai u\u017etikrina, kad hidraulin\u0117 sistema veikt\u0173 pagal nurodytus parametrus, i\u0161vengiant perkrov\u0173 ir galim\u0173 gedim\u0173.<\/p>\n<p><img decoding=\"async\" src=\"https:\/\/www.hydraulic-cylinders.net\/wp-content\/uploads\/2025\/04\/songte-chushion-collar.webp\" alt=\"Pagalv\u0117l\u0117s apykakl\u0117\"><\/p>\n<h2>Saugos aspektai ir aplinkos veiksniai<\/h2>\n<p>Dirbant su hidraulin\u0117mis sistemomis, saugos priemon\u0117s yra nepaprastai svarbios. Operatoriai tur\u0117t\u0173 b\u016bti apmokyti suprasti galimus pavojus, susijusius su hidrauline \u012franga. Asmenini\u0173 apsaugos priemoni\u0173 (AAP) naudojimas ir saugos protokol\u0173 laikymasis gali \u017eymiai suma\u017einti nelaiming\u0173 atsitikim\u0173 rizik\u0105. Aplinkosaugos aspektai, pavyzd\u017eiui, tinkamas hidraulini\u0173 skys\u010di\u0173 \u0161alinimas ir nuot\u0117ki\u0173 ma\u017einimas, taip pat yra b\u016btini siekiant suma\u017einti poveik\u012f aplinkai.<\/p>\n<h2>Trik\u010di\u0173 \u0161alinimas ir da\u017eniausiai pasitaikan\u010dios problemos<\/h2>\n<ul>\n<li><strong>Nuot\u0117kis:<\/strong> Patikrinkite sandariklius ir jungtis, ar jie n\u0117ra susid\u0117v\u0117j\u0119 ir nepa\u017eeisti. Sandarikli\u0173 keitimas ir jung\u010di\u0173 priver\u017eimas da\u017enai gali i\u0161spr\u0119sti \u0161i\u0105 problem\u0105.<\/li>\n<li><strong>Prastas na\u0161umas:<\/strong> \u012esitikinkite, kad hidraulinio skys\u010dio lygis yra tinkamas ir kad sistemoje n\u0117ra oro nuot\u0117ki\u0173. Reguliarus techninis aptarnavimas gali pad\u0117ti i\u0161laikyti na\u0161um\u0105.<\/li>\n<li><strong>Perkaitimas:<\/strong> Patikrinkite, ar hidraulin\u0117se linijose n\u0117ra u\u017esikim\u0161im\u0173, ir \u012fsitikinkite, kad sistema n\u0117ra per daug apkrauta. \u0160i\u0173 veiksni\u0173 pa\u0161alinimas gali pad\u0117ti i\u0161vengti perkaitimo.<\/li>\n<\/ul>\n<h2>Patarimai, kaip efektyviai atlikti trik\u010di\u0173 \u0161alinim\u0105<\/h2>\n<p>Diagnozuojant hidraulini\u0173 cilindr\u0173 problemas, prad\u0117kite nuo simptom\u0173 nustatymo ir matom\u0173 nuot\u0117ki\u0173 patikrinimo. Reguliarus techninis aptarnavimas ir eksploatavimo gairi\u0173 laikymasis gali suma\u017einti problem\u0173 rizik\u0105. Prevencini\u0173 priemoni\u0173, toki\u0173 kaip \u012fprastiniai patikrinimai ir tinkamo hidraulinio skys\u010dio lygio palaikymas, \u012fgyvendinimas prisideda prie patikimesn\u0117s hidraulin\u0117s sistemos.<\/p>\n<p><img decoding=\"async\" src=\"https:\/\/www.hydraulic-cylinders.net\/wp-content\/uploads\/2025\/04\/songte-bushings-with-all-kinds-of-excavator-models.webp\" alt=\"\u012evori\u0173 vaizdas\"><\/p>\n<h2>Apie m\u016bs\u0173 \u012fmon\u0119<\/h2>\n<p>Esame pirmaujantis hidraulini\u0173 cilindr\u0173 gamintojas, specializuojantis tiekiant auk\u0161tos kokyb\u0117s \u012fvairi\u0173 modeli\u0173 pakaitalus. Platus gamini\u0173 asortimentas leido mums tapti vienais i\u0161 geriausi\u0173 gamintoj\u0173 ir didmenini\u0173 platintoj\u0173 tiek vidaus, tiek tarptautin\u0117se rinkose. Mes teikiame pirmenyb\u0119 nepriekai\u0161tingai kokybei ir laikom\u0117s pa\u017eangi\u0173 gamybos strategij\u0173, kurios u\u017etikrina optimal\u0173 gamybos valdym\u0105.<\/p>\n<p>D\u0117mes\u012f sutelkdami \u012f kvalifikuotus darbuotojus, moderniausi\u0105 skaitmenin\u0119 gamybos \u012frang\u0105 ir profesionalias testavimo sistemas, nuolat tobuliname savo gamybos platform\u0105. M\u016bs\u0173 \u012fsipareigojimas u\u017etikrinti auk\u0161t\u0105 efektyvum\u0105, tikslum\u0105 ir kokyb\u0119 leid\u017eia mums efektyviai patenkinti \u012fvairius klient\u0173 poreikius. Be to, si\u016blome profesionalias pritaikymo paslaugas, kad patenkintume konkre\u010dius reikalavimus, u\u017etikrindami, kad m\u016bs\u0173 klientai gaut\u0173 individualius sprendimus.<\/p>\n<p><img decoding=\"async\" src=\"https:\/\/www.hydraulic-cylinders.net\/wp-content\/uploads\/2025\/04\/songte-company-4.webp\" alt=\"\u012emon\u0117s paveiksl\u0117lis 1\"><br \/>\n<img decoding=\"async\" src=\"https:\/\/www.hydraulic-cylinders.net\/wp-content\/uploads\/2025\/04\/songte-company-3.webp\" alt=\"\u012emon\u0117s paveiksl\u0117lis 2\"><\/p>\n<p>Autorius: lyl<\/p>","protected":false},"excerpt":{"rendered":"<p>Boom Cylinder For Volvo Small Excavator EC140BLC Introduction to Boom Cylinders The Boom Cylinder plays a critical role in the operation of various heavy machinery, including the Volvo Small Excavator EC140BLC. This hydraulic cylinder is specifically designed to control the movement of the boom, allowing it to lift, lower, and tilt. This functionality is essential [&hellip;]<\/p>","protected":false},"featured_media":17880,"comment_status":"open","ping_status":"closed","template":"","meta":{"_et_pb_use_builder":"","_et_pb_old_content":"","_et_gb_content_width":""},"product_brand":[],"product_cat":[1546],"product_tag":[1547,1496],"class_list":{"0":"post-19104","1":"product","2":"type-product","3":"status-publish","4":"has-post-thumbnail","6":"product_cat-boom-cylinders","7":"product_tag-boom-cylinders","8":"product_tag-hydraulic-cylinders","10":"first","11":"instock","12":"shipping-taxable","13":"product-type-simple"},"amp_enabled":true,"_links":{"self":[{"href":"https:\/\/www.hydraulic-cylinders.net\/lt\/wp-json\/wp\/v2\/product\/19104","targetHints":{"allow":["GET"]}}],"collection":[{"href":"https:\/\/www.hydraulic-cylinders.net\/lt\/wp-json\/wp\/v2\/product"}],"about":[{"href":"https:\/\/www.hydraulic-cylinders.net\/lt\/wp-json\/wp\/v2\/types\/product"}],"replies":[{"embeddable":true,"href":"https:\/\/www.hydraulic-cylinders.net\/lt\/wp-json\/wp\/v2\/comments?post=19104"}],"wp:featuredmedia":[{"embeddable":true,"href":"https:\/\/www.hydraulic-cylinders.net\/lt\/wp-json\/wp\/v2\/media\/17880"}],"wp:attachment":[{"href":"https:\/\/www.hydraulic-cylinders.net\/lt\/wp-json\/wp\/v2\/media?parent=19104"}],"wp:term":[{"taxonomy":"product_brand","embeddable":true,"href":"https:\/\/www.hydraulic-cylinders.net\/lt\/wp-json\/wp\/v2\/product_brand?post=19104"},{"taxonomy":"product_cat","embeddable":true,"href":"https:\/\/www.hydraulic-cylinders.net\/lt\/wp-json\/wp\/v2\/product_cat?post=19104"},{"taxonomy":"product_tag","embeddable":true,"href":"https:\/\/www.hydraulic-cylinders.net\/lt\/wp-json\/wp\/v2\/product_tag?post=19104"}],"curies":[{"name":"wp","href":"https:\/\/api.w.org\/{rel}","templated":true}]}}