{"id":19107,"date":"2025-04-07T06:13:13","date_gmt":"2025-04-07T06:13:13","guid":{"rendered":"https:\/\/www.hydraulic-cylinders.net\/product\/boom-cylinder-for-volvo-small-excavator-ec140b\/"},"modified":"2025-04-07T06:13:15","modified_gmt":"2025-04-07T06:13:15","slug":"boom-cylinder-for-volvo-small-excavator-ec140b","status":"publish","type":"product","link":"https:\/\/www.hydraulic-cylinders.net\/lt\/produktas\/boom-cylinder-for-volvo-small-excavator-ec140b\/","title":{"rendered":"\u201eVolvo Small Excavator EC140B\u201c str\u0117l\u0117s cilindras"},"content":{"rendered":"<h1>\u201eVolvo Small Excavator EC140B\u201c str\u0117l\u0117s cilindras<\/h1>\n<h2>\u012evadas \u012f str\u0117l\u0117s cilindrus<\/h2>\n<p>Str\u0117l\u0117s cilindras yra labai svarbus sunki\u0173j\u0173 ma\u0161in\u0173 hidraulini\u0173 sistem\u0173 komponentas, specialiai sukurtas kau\u0161o arba str\u0117l\u0117s jud\u0117jimui valdyti. Tokiose ma\u0161inose kaip ekskavatoriai, ekskavatoriai ir frontaliniai krautuvai str\u0117l\u0117s cilindras leid\u017eia pakelti, nuleisti ir pakreipti kau\u0161\u0105, o tai efektyviai palengvina med\u017eiag\u0173 tvarkymo u\u017eduotis. I\u0161 esm\u0117s, kau\u0161o cilindras yra hidraulinio cilindro tipas, kuris suteikia reikiam\u0105 j\u0117g\u0105 \u0161ioms operacijoms atlikti. Panaudodamas hidraulin\u012f sl\u0117g\u012f, str\u0117l\u0117s cilindras suteikia gali\u0105, reikaling\u0105 \u012fvairioms u\u017eduotims atlikti, tod\u0117l jis yra nepakei\u010diama statybos ir \u017eem\u0117s \u016bkio technikos dalis.<\/p>\n<p><img decoding=\"async\" src=\"https:\/\/www.hydraulic-cylinders.net\/wp-content\/uploads\/2025\/04\/songte-company-1.webp\" alt=\"Ekskavatori\u0173 str\u0117l\u0117s cilindras\" \/><\/p>\n<h2>Str\u0117l\u0117s cilindro savyb\u0117s<\/h2>\n<ul>\n<li><strong>Didelis stiprumas ir ilgaam\u017ei\u0161kumas:<\/strong> Paprastai i\u0161 didelio stiprumo plieno arba aliuminio pagamintas str\u0117l\u0117s cilindras yra skirtas atlaikyti didel\u012f sl\u0117g\u012f ir dideles apkrovas. Jo konstrukcija taip pat atsi\u017evelg\u0117 \u012f atsparum\u0105 dilimui ir korozijai, tod\u0117l pailg\u0117ja jo tarnavimo laikas.<\/li>\n<li><strong>Efektyvus hidraulinis valdymas:<\/strong> Naudodamas hidraulin\u0117s alyvos sl\u0117g\u012f, str\u0117l\u0117s cilindras u\u017etikrina skland\u0173 i\u0161pl\u0117tim\u0105 ir \u012ftraukim\u0105, leid\u017eiant\u012f greitai reaguoti \u012f operatoriaus komandas ir u\u017etikrinti dideles st\u016bmimo bei traukimo j\u0117gas, tinkamas sunkiems k\u0117limo darbams.<\/li>\n<li><strong>\u012evair\u016bs tipai:<\/strong> Str\u0117l\u0117s cilindrai tiekiami tiek vienpusio veikimo (veikiantys viena kryptimi), tiek dvipusio veikimo (veikiantys dviem kryptimis), kad atitikt\u0173 \u012fvairius eksploatacinius poreikius. Kai kurie modeliai yra teleskopiniai, tod\u0117l juos galima labiau i\u0161tiesti nedidinant i\u0161orini\u0173 matmen\u0173, tod\u0117l jie idealiai tinka naudoti ribotoje erdv\u0117je.<\/li>\n<\/ul>\n<p>M\u016bs\u0173 gaminiai gali puikiai pakeisti \u0161iuos hidraulinius cilindrus.<\/p>\n<p><img decoding=\"async\" src=\"https:\/\/www.hydraulic-cylinders.net\/wp-content\/uploads\/2025\/04\/songte-cylinder-head-with-all-kinds-excavator-models.webp\" alt=\"Ekskavatori\u0173 modeliai\" \/><\/p>\n<h2>Taikymo scenarijai<\/h2>\n<h3>Statybin\u0117 \u012franga<\/h3>\n<p>Ekskavatoriuose str\u0117l\u0117s cilindrai yra gyvybi\u0161kai svarb\u016bs kasant, kraunant ir perkeliant \u017eem\u0119 ar \u0161iuk\u0161les. Jie leid\u017eia kau\u0161ui efektyviai \u012fsiskverbti \u012f \u017eem\u0119, tod\u0117l galima efektyviai atlikti kasimo darbus. Ekskavatoriuose-krautuvuose str\u0117l\u0117s cilindras padeda tiek kasant, tiek keliant, tod\u0117l tai universalus \u012frankis statybviet\u0117se.<\/p>\n<h3>\u017dem\u0117s \u016bkio technika<\/h3>\n<p>Priekiniuose krautuvuose str\u0117l\u0117s cilindrai naudojami dirvo\u017eemiui, \u0161ienui ir kitoms med\u017eiagoms semti, kelti ir transportuoti. Tvirta j\u0173 konstrukcija leid\u017eia patikimai atlikti \u012fvairius \u017eem\u0117s \u016bkio darbus, didinant na\u0161um\u0105 ir efektyvum\u0105.<\/p>\n<h3>Ekskavatoriai<\/h3>\n<p>Str\u0117l\u0117s cilindro geb\u0117jimas leisti kau\u0161ui \u012fsiskverbti \u012f dirv\u0105 yra labai svarbus efektyviems kasimo darbams. Str\u0117l\u0117s cilindro sukuriama hidraulin\u0117 j\u0117ga palengvina gil\u0173 kasim\u0105, tod\u0117l jis yra nepakei\u010diamas kasimo darb\u0173 komponentas.<\/p>\n<h3>Krautuvai<\/h3>\n<p>Priekiniuose krautuvuose str\u0117l\u0117s cilindrai padeda efektyviai kelti ir i\u0161versti krovinius. Jie u\u017etikrina, kad ma\u0161ina gal\u0117t\u0173 susidoroti su sunkiomis med\u017eiagomis, i\u0161laikant stabilum\u0105 ir valdym\u0105 darbo metu.<\/p>\n<h2>Projektavimo aspektai ir atrankos kriterijai<\/h2>\n<ul>\n<li><strong>Keliamoji galia:<\/strong> Vienas i\u0161 pagrindini\u0173 aspekt\u0173, \u012f kuriuos reikia atsi\u017evelgti renkantis str\u0117l\u0117s cilindr\u0105, yra jo keliamoji galia. Cilindras turi atlaikyti did\u017eiausias apkrovas, tik\u0117tinas eksploatacijos metu. B\u016btina atsi\u017evelgti \u012f gamintojo specifikacijas, kad \u012fsitikintum\u0117te, jog pasirinktas cilindras atitinka \u0161iuos reikalavimus. Keliamoji galia priklauso nuo cilindro med\u017eiagos, konstrukcijos ir hidraulini\u0173 specifikacij\u0173. Norint pasirinkti tinkam\u0105 cilindr\u0105, labai svarbu gerai suprasti ma\u0161inos eksploatacinius reikalavimus.<\/li>\n<li><strong>Sandarinimas:<\/strong> Sandarinimo kokyb\u0117 yra nepaprastai svarbi efektyviam str\u0117l\u0117s cilindro veikimui. Auk\u0161tos kokyb\u0117s sandarikliai apsaugo nuo hidraulinio skys\u010dio nuot\u0117kio, kuris gali pakenkti funkcionalumui ir sukelti gedimus. Atsi\u017evelgiant \u012f konkret\u0173 pritaikym\u0105, tur\u0117t\u0173 b\u016bti naudojami \u012fvairi\u0173 tip\u0173 sandarikliai, \u012fskaitant st\u016bmoklio ir koto sandariklius. D\u0117l savo atsparumo dilimui rekomenduojamos tokios med\u017eiagos kaip poliuretanas ir nitrilo kau\u010diukas. Reguliarus sandarikli\u0173 tikrinimas ir keitimas yra b\u016btinas norint i\u0161laikyti hidraulin\u012f efektyvum\u0105 ir i\u0161vengti u\u017eter\u0161imo.<\/li>\n<li><strong>Patvarumas:<\/strong> Str\u0117l\u0117s cilindro patvarumas yra labai svarbus, nes jis turi atlaikyti at\u0161iaurias darbo s\u0105lygas. Tokie veiksniai kaip dr\u0117gm\u0117s, purvo ir ekstremali\u0173 temperat\u016br\u0173 poveikis gali tur\u0117ti \u012ftakos cilindro tarnavimo laikui. Med\u017eiag\u0173 ir apsaugini\u0173 dang\u0173 pasirinkimas vaidina svarb\u0173 vaidmen\u012f didinant patvarum\u0105. Be to, \u012ftraukus konstrukcines ypatybes, kurios ma\u017eina nusid\u0117v\u0117jim\u0105, galima \u017eymiai pailginti cilindro tarnavimo laik\u0105.<\/li>\n<li><strong>Saugumas:<\/strong> Saugos funkcijos yra gyvybi\u0161kai svarbios hidraulin\u0117se sistemose. Str\u0117l\u0117s cilindre tur\u0117t\u0173 b\u016bti \u012fmontuoti saugos mechanizmai, kad b\u016bt\u0173 i\u0161vengta atsitiktinio veikimo ir u\u017etikrintas kontroliuojamas jud\u0117jimas. Avarinio stabdymo funkcijos ir sl\u0117gio ma\u017einimo vo\u017etuvai tur\u0117t\u0173 b\u016bti standartiniai, siekiant suma\u017einti su hidrauliniais gedimais susijusi\u0105 rizik\u0105. Reik\u0117t\u0173 reguliariai atlikti saugos patikrinimus, siekiant u\u017etikrinti, kad visos saugos funkcijos veikt\u0173 tinkamai.<\/li>\n<li><strong>Prie\u017ei\u016bra:<\/strong> Kitas svarbus aspektas, \u012f kur\u012f reikia atsi\u017evelgti, yra prie\u017ei\u016bros paprastumas. Str\u0117l\u0117s cilindras tur\u0117t\u0173 b\u016bti suprojektuotas taip, kad b\u016bt\u0173 lengva pasiekti komponentus, kuriems reikalinga reguliari prie\u017ei\u016bra, pvz., sandariklius ir tepimo ta\u0161kus. Prie\u017ei\u016bros plane tur\u0117t\u0173 b\u016bti numatytos \u012fprastini\u0173 patikrinim\u0173 gair\u0117s, siekiant u\u017etikrinti optimal\u0173 na\u0161um\u0105 ir ilgaam\u017ei\u0161kum\u0105.<\/li>\n<\/ul>\n<p><img decoding=\"async\" src=\"https:\/\/www.hydraulic-cylinders.net\/wp-content\/uploads\/2025\/04\/songte-oil-pipes-and-spare-parts.webp\" alt=\"Naftos vamzd\u017eiai ir atsargin\u0117s dalys\" \/><\/p>\n<h2>Sandarinimas ir tepimas<\/h2>\n<p>Str\u0117l\u0117s cilindro efektyvumas labai priklauso nuo tinkam\u0173 sandarinimo med\u017eiag\u0173 ir tepimo metod\u0173 naudojimo. \u012evair\u016bs sandarikliai, tokie kaip st\u016bmoklio ir strypo sandarikliai, yra b\u016btini norint palaikyti hidraulin\u012f skyst\u012f cilindre. Pasirinkus sandariklius, pagamintus i\u0161 patvari\u0173 med\u017eiag\u0173, toki\u0173 kaip poliuretanas ir nitrilo kau\u010diukas, padid\u0117ja j\u0173 atsparumas dilimui. Be to, cilindro korpusas ir srieginiai galiniai pavir\u0161iai turi b\u016bti tiksliai apdirbti, kad padid\u0117t\u0173 atsparumas dilimui ir b\u016bt\u0173 u\u017etikrintas sandarumas. Reguliarus tepimas hidrauline alyva yra b\u016btinas, siekiant suma\u017einti trint\u012f ir i\u0161vengti prie\u0161laikinio susid\u0117v\u0117jimo, u\u017etikrinant skland\u0173 hidraulin\u0117s sistemos veikim\u0105.<\/p>\n<h2>Reguliarios patikros ir prevencin\u0117s prie\u017ei\u016bros priemon\u0117s<\/h2>\n<ul>\n<li><strong>Reguliar\u016bs patikrinimai:<\/strong> Reguliariai atlikite patikrinimus, kad nustatytum\u0117te susid\u0117v\u0117jimo, nuot\u0117ki\u0173 ar pa\u017eeidim\u0173 po\u017eymius. Toks prevencinis po\u017ei\u016bris padeda aptikti galimas problemas, kol jos neperauga \u012f brang\u0173 remont\u0105.<\/li>\n<li><strong>Tinkamas tepimas:<\/strong> U\u017etikrinkite, kad hidraulin\u0117s alyvos lygis b\u016bt\u0173 palaikomas ir kad tepimas b\u016bt\u0173 atliekamas reguliariai. Nepakankamas tepimas gali padidinti trint\u012f ir sukelti prie\u0161laikin\u012f cilindro gedim\u0105.<\/li>\n<li><strong>Sandariklio keitimas:<\/strong> Steb\u0117kite sandarikli\u0173 b\u016bkl\u0119 ir prireikus juos pakeiskite. Susid\u0117v\u0117j\u0119 sandarikliai gali sukelti nuot\u0117kius ir suma\u017einti hidraulin\u012f efektyvum\u0105, o tai turi \u012ftakos bendram na\u0161umui.<\/li>\n<\/ul>\n<h2>\u012erengimo gair\u0117s<\/h2>\n<p>Tinkamas str\u0117l\u0117s cilindro montavimas yra labai svarbus siekiant u\u017etikrinti optimal\u0173 na\u0161um\u0105. Prad\u0117kite tiksliai sulygiuodami cilindr\u0105 su tvirtinimo laikikliais, kad i\u0161vengtum\u0117te nesuderinamumo problem\u0173. Patartina naudoti tinkamus tvirtinimo laikiklius, kad cilindras b\u016bt\u0173 tvirtai pritvirtintas. Montavimo metu \u012fsitikinkite, kad visos hidraulin\u0117s jungtys yra sandarios ir be nuot\u0117ki\u0173. Po montavimo atlikite i\u0161sam\u0173 patikrinim\u0105, kad \u012fsitikintum\u0117te, jog cilindras veikia skland\u017eiai ir be joki\u0173 kli\u016b\u010di\u0173. Reguliariai tikrinkite lygiavim\u0105 eksploatacijos metu, kad \u012fsitikintum\u0117te, jog cilindras i\u0161laiko numatyt\u0105 trajektorij\u0105 ir funkcij\u0105. Tinkamas montavimas ne tik pagerina funkcionalum\u0105, bet ir padidina saugum\u0105 eksploatacijos metu.<\/p>\n<h2>\u012eprastos prie\u017ei\u016bros u\u017eduotys<\/h2>\n<ul>\n<li><strong>Reguliarus patikrinimas:<\/strong> Reguliar\u016bs patikrinimai yra labai svarb\u016bs norint anksti nustatyti susid\u0117v\u0117jim\u0105. Patikrinkite, ar n\u0117ra cilindro ir jo komponent\u0173 nuot\u0117kio, korozijos ar pa\u017eeidim\u0173 po\u017eymi\u0173. Ankstyvas aptikimas leid\u017eia laiku atlikti technin\u0119 prie\u017ei\u016br\u0105 ir i\u0161vengti dideli\u0173 gedim\u0173.<\/li>\n<li><strong>Tinkamas tepimas:<\/strong> \u012esitikinkite, kad hidraulin\u0117s alyvos lygis yra pakankamas ir kad tepimo ta\u0161kai yra tinkamai pri\u017ei\u016brimi. Reguliarus tepimas suma\u017eina trint\u012f ir susid\u0117v\u0117jim\u0105, pailgindamas cilindro tarnavimo laik\u0105.<\/li>\n<li><strong>Sandariklio keitimas ir kalibravimas:<\/strong> Steb\u0117kite sandarikli\u0173 susid\u0117v\u0117jim\u0105 ir prireikus juos pakeiskite. Hidraulin\u0117s sistemos kalibravimas u\u017etikrina optimal\u0173 na\u0161um\u0105 ir padeda i\u0161vengti eksploatacini\u0173 problem\u0173.<\/li>\n<\/ul>\n<p><img decoding=\"async\" src=\"https:\/\/www.hydraulic-cylinders.net\/wp-content\/uploads\/2025\/04\/songte-chushion-collar.webp\" alt=\"Pagalv\u0117l\u0117s apykakl\u0117\" \/><\/p>\n<h2>Saugos aspektai ir aplinkos veiksniai<\/h2>\n<p>Dirbant su hidraulin\u0117mis sistemomis, saugos priemon\u0117s yra nepaprastai svarbios. Operatoriai tur\u0117t\u0173 b\u016bti apmokyti saugaus elgesio su jomis praktikos, kad b\u016bt\u0173 kuo ma\u017eiau nelaiming\u0173 atsitikim\u0173. Asmenini\u0173 apsaugos priemoni\u0173 (AAP) naudojimas yra b\u016btinas siekiant apsisaugoti nuo galim\u0173 pavoj\u0173, susijusi\u0173 su auk\u0161to sl\u0117gio sistemomis. Be to, projektuojant ir eksploatuojant str\u0117l\u0117s cilindrus, reikia atsi\u017evelgti \u012f aplinkos veiksnius, tokius kaip ekstremali\u0173 oro s\u0105lyg\u0173 poveikis, siekiant u\u017etikrinti ilgaam\u017ei\u0161kum\u0105 ir patikimum\u0105.<\/p>\n<h2>Trik\u010di\u0173 \u0161alinimas ir da\u017eniausiai pasitaikan\u010dios problemos<\/h2>\n<ul>\n<li><strong>Hidrauliniai nuot\u0117kiai:<\/strong> Patikrinkite, ar hidraulin\u0117je sistemoje n\u0117ra nuot\u0117ki\u0173, kuriuos gali sukelti susid\u0117v\u0117j\u0119 sandarikliai arba pa\u017eeistos \u017earnos. Norint i\u0161laikyti hidraulin\u012f sl\u0117g\u012f ir sistemos efektyvum\u0105, b\u016btina nedelsiant pa\u0161alinti nuot\u0117kius.<\/li>\n<li><strong>L\u0117tas cilindro jud\u0117jimas:<\/strong> Jei cilindras juda l\u0117tai, tai gali rodyti \u017eem\u0105 hidraulinio skys\u010dio lyg\u012f arba or\u0105 hidraulin\u0117se linijose. Patikrinkite skys\u010dio lyg\u012f ir, jei reikia, i\u0161leiskite i\u0161 sistemos or\u0105.<\/li>\n<li><strong>Per didelis triuk\u0161mas:<\/strong> Ne\u012fprasti garsai eksploatacijos metu gali signalizuoti apie vidin\u012f susid\u0117v\u0117jim\u0105 arba hidraulin\u0119 kavitacij\u0105. I\u0161tirkite triuk\u0161mo \u0161altin\u012f ir atlikite reikiamus remonto darbus.<\/li>\n<\/ul>\n<p>Nor\u0117dami veiksmingai pa\u0161alinti problemas, operatoriai tur\u0117t\u0173 tvarkyti na\u0161umo rodikli\u0173 \u017eurnal\u0105 ir reguliariai atlikti sistemos patikrinimus, kad anksti pasteb\u0117t\u0173 pa\u017eeidimus. Prevencin\u0117s priemon\u0117s, tokios kaip \u012fprastin\u0117 prie\u017ei\u016bra ir patikrinimai, gali \u017eymiai suma\u017einti eksploatacini\u0173 problem\u0173 tikimyb\u0119.<\/p>\n<p><img decoding=\"async\" src=\"https:\/\/www.hydraulic-cylinders.net\/wp-content\/uploads\/2025\/04\/songte-bushings-with-all-kinds-of-excavator-models.webp\" alt=\"Ekskavatori\u0173 \u012fvor\u0117s\" \/><\/p>\n<h2>Apie m\u016bs\u0173 \u012fmon\u0119<\/h2>\n<p>Esame pirmaujantis pakaitini\u0173 hidraulini\u0173 cilindr\u0173 gamintojas, si\u016blantis plat\u0173 gamini\u0173 asortiment\u0105, kuris \u012ftvirtino m\u016bs\u0173, kaip pagrindinio \u017eaid\u0117jo, pozicij\u0105 tiek vidaus, tiek tarptautin\u0117se rinkose. M\u016bs\u0173 \u012fsipareigojimas siekti meistri\u0161kumo atsispindi detaliuose gamybos procesuose ir tikslaus gamybos valdymo strategijoje. Nuolat tobuliname savo gamybos paj\u0117gumus, integruodami kvalifikuotus techninius darbuotojus, pa\u017eangi\u0105 skaitmenin\u0119 gamybos \u012frang\u0105 ir profesionalias testavimo sistemas. \u0160is nepalenkiamas atsidavimas kokybei leid\u017eia mums efektyviai ir tiksliai patenkinti \u012fvairius klient\u0173 poreikius.<\/p>\n<p>M\u016bs\u0173 \u012fmon\u0117 pabr\u0117\u017eia profesionalum\u0105, tarptautin\u012f sertifikavim\u0105, individualiai pritaikytas paslaugas, pa\u017eangi\u0105 gamybos \u012frang\u0105 ir visapusi\u0161k\u0105 garantin\u012f aptarnavim\u0105, tod\u0117l esame patikimas partneris hidraulini\u0173 cilindr\u0173 rinkoje.<\/p>\n<p><img decoding=\"async\" src=\"https:\/\/www.hydraulic-cylinders.net\/wp-content\/uploads\/2025\/04\/songte-company-4.webp\" alt=\"\u012emon\u0117s veikla\" \/><br \/>\n<img decoding=\"async\" src=\"https:\/\/www.hydraulic-cylinders.net\/wp-content\/uploads\/2025\/04\/songte-company-3.webp\" alt=\"\u012emon\u0117s patalpos\" \/><\/p>\n<p>Autorius: lyl<\/p>","protected":false},"excerpt":{"rendered":"<p>Boom Cylinder For Volvo Small Excavator EC140B Introduction to Boom Cylinders The boom cylinder is a crucial component in the hydraulic systems of heavy machinery, specifically designed to control the movement of the bucket or boom. In machines like excavators, backhoes, and front loaders, the boom cylinder allows for lifting, lowering, and tilting of the [&hellip;]<\/p>","protected":false},"featured_media":17868,"comment_status":"open","ping_status":"closed","template":"","meta":{"_et_pb_use_builder":"","_et_pb_old_content":"","_et_gb_content_width":""},"product_brand":[],"product_cat":[1546],"product_tag":[1547,1496],"class_list":{"0":"post-19107","1":"product","2":"type-product","3":"status-publish","4":"has-post-thumbnail","6":"product_cat-boom-cylinders","7":"product_tag-boom-cylinders","8":"product_tag-hydraulic-cylinders","10":"first","11":"instock","12":"shipping-taxable","13":"product-type-simple"},"amp_enabled":true,"_links":{"self":[{"href":"https:\/\/www.hydraulic-cylinders.net\/lt\/wp-json\/wp\/v2\/product\/19107","targetHints":{"allow":["GET"]}}],"collection":[{"href":"https:\/\/www.hydraulic-cylinders.net\/lt\/wp-json\/wp\/v2\/product"}],"about":[{"href":"https:\/\/www.hydraulic-cylinders.net\/lt\/wp-json\/wp\/v2\/types\/product"}],"replies":[{"embeddable":true,"href":"https:\/\/www.hydraulic-cylinders.net\/lt\/wp-json\/wp\/v2\/comments?post=19107"}],"wp:featuredmedia":[{"embeddable":true,"href":"https:\/\/www.hydraulic-cylinders.net\/lt\/wp-json\/wp\/v2\/media\/17868"}],"wp:attachment":[{"href":"https:\/\/www.hydraulic-cylinders.net\/lt\/wp-json\/wp\/v2\/media?parent=19107"}],"wp:term":[{"taxonomy":"product_brand","embeddable":true,"href":"https:\/\/www.hydraulic-cylinders.net\/lt\/wp-json\/wp\/v2\/product_brand?post=19107"},{"taxonomy":"product_cat","embeddable":true,"href":"https:\/\/www.hydraulic-cylinders.net\/lt\/wp-json\/wp\/v2\/product_cat?post=19107"},{"taxonomy":"product_tag","embeddable":true,"href":"https:\/\/www.hydraulic-cylinders.net\/lt\/wp-json\/wp\/v2\/product_tag?post=19107"}],"curies":[{"name":"wp","href":"https:\/\/api.w.org\/{rel}","templated":true}]}}