{"id":19126,"date":"2025-04-07T06:14:09","date_gmt":"2025-04-07T06:14:09","guid":{"rendered":"https:\/\/www.hydraulic-cylinders.net\/product\/boom-cylinder-for-volvo-large-excavator-ec460b\/"},"modified":"2025-04-07T06:14:11","modified_gmt":"2025-04-07T06:14:11","slug":"boom-cylinder-for-volvo-large-excavator-ec460b","status":"publish","type":"product","link":"https:\/\/www.hydraulic-cylinders.net\/lt\/produktas\/boom-cylinder-for-volvo-large-excavator-ec460b\/","title":{"rendered":"\u201eVolvo\u201c didelio ekskavatoriaus EC460B str\u0117l\u0117s cilindras"},"content":{"rendered":"<h1>\u201eVolvo\u201c didelio ekskavatoriaus EC460B str\u0117l\u0117s cilindras<\/h1>\n<h2>Produkto ap\u017evalga<\/h2>\n<p>\u201eVolvo Large Excavator EC460B\u201c str\u0117l\u0117s cilindras yra labai svarbus hidraulinis komponentas, skirtas valdyti sunkiosios technikos str\u0117l\u0117s jud\u0117jim\u0105. \u0160is specializuotas hidraulinis cilindras leid\u017eia str\u0117lei pakelti, nuleisti ir pakreipti, taip palengvindamas efektyv\u0173 med\u017eiag\u0173 tvarkym\u0105 statybos ir kasimo darbuose. Kaip hidraulinio cilindro tipas, jis atlieka pagrindin\u012f vaidmen\u012f ekskavatori\u0173, ekskavatori\u0173-krautuv\u0173 ir frontalini\u0173 krautuv\u0173 hidraulin\u0117je sistemoje, u\u017etikrindamas skland\u0173 veikim\u0105 ir dideli\u0173 krovini\u0173 valdym\u0105.<\/p>\n<p><img decoding=\"async\" src=\"https:\/\/www.hydraulic-cylinders.net\/wp-content\/uploads\/2025\/04\/songte-company-1.webp\" alt=\"Ekskavatori\u0173 str\u0117l\u0117s cilindras\" \/><\/p>\n<h2>Str\u0117l\u0117s cilindro savyb\u0117s<\/h2>\n<ul>\n<li><strong>Didelis stiprumas ir ilgaam\u017ei\u0161kumas:<\/strong> \u0160is cilindras, pagamintas i\u0161 didelio stiprumo plieno arba aliuminio, yra skirtas atlaikyti auk\u0161t\u0105 sl\u0117g\u012f ir dideles apkrovas, tod\u0117l tinka at\u0161iaurioms darbo aplinkoms. Jo konstrukcija atsi\u017evelgia \u012f atsparum\u0105 dilimui ir korozijai, tod\u0117l pailg\u0117ja jo tarnavimo laikas.<\/li>\n<li><strong>Efektyvus hidraulinis valdymas:<\/strong> Hidraulin\u0117s alyvos sl\u0117gio panaudojimas leid\u017eia skland\u017eiai i\u0161skleisti ir atitraukti, greitai reaguoti \u012f operatoriaus komandas ir u\u017etikrinti didel\u0119 st\u016bmimo bei traukimo j\u0117g\u0105, idealiai tinka sunki\u0173 med\u017eiag\u0173 tvarkymui ir sud\u0117tingoms u\u017eduotims atlikti.<\/li>\n<li><strong>\u012evair\u016bs tipai:<\/strong> \u0160is gaminys, tiekiamas kaip vienpusio veikimo (hidraulinis sl\u0117gis naudojamas viena kryptimi) arba dvipusio veikimo (hidraulinis sl\u0117gis naudojamas abiem kryptimis) cilindrai, gali patenkinti \u012fvairius eksploatacinius poreikius. Kai kurie modeliai taip pat gali tur\u0117ti teleskopines funkcijas, kad b\u016bt\u0173 galima labiau prailginti nedidinant i\u0161orini\u0173 matmen\u0173, tod\u0117l puikiai tinka naudoti ribotoje erdv\u0117je.<\/li>\n<li><strong>Individuali gamyba:<\/strong> Galime pagaminti \u0161\u012f gamin\u012f, kuris puikiai pakeis esamus hidraulinius cilindrus, u\u017etikrindamas suderinamum\u0105 ir patikimum\u0105.<\/li>\n<li><strong>Profesin\u0117s kokyb\u0117s u\u017etikrinimas:<\/strong> M\u016bs\u0173 gamybos procesas atitinka grie\u017etus kokyb\u0117s standartus, u\u017etikrinant, kad kiekvienas cilindras atitikt\u0173 \u0161iuolaikini\u0173 sunki\u0173j\u0173 ma\u0161in\u0173 na\u0161umo reikalavimus.<\/li>\n<\/ul>\n<p><img decoding=\"async\" src=\"https:\/\/www.hydraulic-cylinders.net\/wp-content\/uploads\/2025\/04\/songte-cylinder-head-with-all-kinds-excavator-models.webp\" alt=\"Ekskavatori\u0173 modeliai\" \/><\/p>\n<h2>Taikymo scenarijai<\/h2>\n<h3>Statybin\u0117 \u012franga<\/h3>\n<p>Ekskavatoriuose str\u0117l\u0117s cilindrai yra labai svarb\u016bs kasant, kraunant ir perkeliant grunt\u0105 ar \u0161iuk\u0161les. Jie leid\u017eia str\u0117lei pasiekti \u012fvairius gylius ir kampus, taip maksimaliai padidinant kasimo efektyvum\u0105. Ekskavatoriuose-krautuvuose str\u0117l\u0117s cilindras padeda tiek kasti, tiek kelti, leisdamas operatoriams efektyviai ir greitai atlikti u\u017eduotis.<\/p>\n<h3>\u017dem\u0117s \u016bkio technika<\/h3>\n<p>Priekiniuose krautuvuose str\u0117l\u0117s cilindrai yra b\u016btini dirvo\u017eemio, \u0161ieno ir kit\u0173 med\u017eiag\u0173 k\u0117limui, k\u0117limui ir transportavimui. J\u0173 hidraulin\u0117s galimyb\u0117s pagerina krautuvo na\u0161um\u0105, tod\u0117l jis yra nepakei\u010diamas \u012frankis \u017eem\u0117s \u016bkio darbuose, kur efektyvumas ir patikimumas yra svarbiausi.<\/p>\n<h3>Ekskavatoriai<\/h3>\n<p>Str\u0117l\u0117s cilindrai leid\u017eia ekskavatoriaus kau\u0161ui \u012fsiskverbti \u012f dirv\u0105, palengvindami efektyv\u0173 kasim\u0105. Jie suteikia reikiam\u0105 j\u0117g\u0105, kad b\u016bt\u0173 galima \u012fveikti sud\u0117ting\u0105 reljef\u0105, tod\u0117l jie yra gyvybi\u0161kai svarb\u016bs statybose ir kasybos darbuose, kur reikia atlikti \u017eem\u0117s kasimo darbus.<\/p>\n<h3>Krautuvai<\/h3>\n<p>Priekiniuose krautuvuose str\u0117l\u0117s cilindrai padeda efektyviai kelti ir i\u0161versti med\u017eiagas. J\u0173 hidraulinis veikimas u\u017etikrina, kad kroviniai b\u016bt\u0173 keliami skland\u017eiai ir i\u0161ver\u010diami tiksliai, taip pagerinant na\u0161um\u0105 darbo vietose.<\/p>\n<h2>Projektavimo aspektai ir atrankos kriterijai<\/h2>\n<h3>Keliamoji galia<\/h3>\n<p>Renkantis str\u0117l\u0117s cilindr\u0105, b\u016btina atsi\u017evelgti \u012f jo keliam\u0105j\u0105 gali\u0105. Cilindras turi atlaikyti maksimal\u0173 keliam\u0173 ar kasam\u0173 med\u017eiag\u0173 svor\u012f. Netinkamo dyd\u017eio cilindras gali sukelti eksploatacinius neefektyvumus ar net \u012frangos gedimus, o tai gali b\u016bti brangu ir pavojinga.<\/p>\n<h3>Sandarumo vientisumas<\/h3>\n<p>Hidraulin\u0117se sistemose sandarinimas yra labai svarbus siekiant i\u0161vengti nuot\u0117ki\u0173 ir palaikyti sl\u0117g\u012f. Cilindro konstrukcijoje turi b\u016bti auk\u0161tos kokyb\u0117s sandarikliai, kurie gali atlaikyti hidraulinio skys\u010dio sl\u0117g\u012f ir potencialiai at\u0161iaurias aplinkos s\u0105lygas. Norint u\u017etikrinti ilgalaik\u012f veikim\u0105, b\u016btina reguliariai tikrinti ir pri\u017ei\u016br\u0117ti sandariklius.<\/p>\n<h3>Patvarumas<\/h3>\n<p>Str\u0117l\u0117s cilindras turi b\u016bti pagamintas ilgaam\u017ei\u0161kai, i\u0161 med\u017eiag\u0173, atspari\u0173 dilimui ir korozijai. Tai ypa\u010d svarbu tais atvejais, kai numatomas at\u0161iauri\u0173 aplinkos veiksni\u0173 poveikis. Konstrukcijoje tur\u0117t\u0173 b\u016bti numatytos ilgaam\u017ei\u0161kum\u0105 didinan\u010dios savyb\u0117s, pavyzd\u017eiui, sustiprintos konstrukcijos ir apsaugin\u0117s dangos.<\/p>\n<h3>Saugos funkcijos<\/h3>\n<p>Saugumas yra svarbiausias dalykas valdant sunki\u0105j\u0105 technik\u0105. Str\u0117l\u0117s cilindruose tur\u0117t\u0173 b\u016bti saugos \u012ftaisai, tokie kaip sl\u0117gio ma\u017einimo vo\u017etuvai ir gedim\u0173 prevencijos mechanizmai, siekiant i\u0161vengti nelaiming\u0173 atsitikim\u0173 eksploatavimo metu. Tinkamai suprojektuoti saugos \u012ftaisai padeda u\u017etikrinti, kad operatoriai gal\u0117t\u0173 dirbti be rizikos.<\/p>\n<h3>Prieinamumas prie prie\u017ei\u016bros<\/h3>\n<p>Lengva prieiga prie technin\u0117s prie\u017ei\u016bros ta\u0161k\u0173 yra labai svarbi siekiant u\u017etikrinti str\u0117l\u0117s cilindro ilgaam\u017ei\u0161kum\u0105. Konstrukcijos, kurios palengvina patikrinimus, remont\u0105 ir dali\u0173 keitim\u0105, gali \u017eymiai suma\u017einti prastovas ir technin\u0117s prie\u017ei\u016bros i\u0161laidas. Atsi\u017evelgimas \u012f tinkamum\u0105 naudoti projektavimo etape gali lemti efektyvesn\u012f eksploatavimo laik\u0105.<\/p>\n<p><img decoding=\"async\" src=\"https:\/\/www.hydraulic-cylinders.net\/wp-content\/uploads\/2025\/04\/songte-oil-pipes-and-spare-parts.webp\" alt=\"Hidrauliniai komponentai\" \/><\/p>\n<h2>Sandarinimas ir tepimas<\/h2>\n<p>Efektyvus sandarinimas ir tepimas yra b\u016btini optimaliam hidraulini\u0173 cilindr\u0173 veikimui. Siekiant i\u0161vengti hidraulinio skys\u010dio nuot\u0117kio, naudojami \u012fvair\u016bs sandarikliai, pavyzd\u017eiui, st\u016bmokli\u0173 ir stryp\u0173 sandarikliai. D\u0117l atsparumo dilimui ir ilgaam\u017ei\u0161kumo da\u017enai pasirenkamos auk\u0161tos kokyb\u0117s med\u017eiagos, tokios kaip poliuretanas ir nitrilo kau\u010diukas. Cilindro korpusas ir srieginiai galiniai pavir\u0161iai turi b\u016bti kruop\u0161\u010diai apdirbti, kad padid\u0117t\u0173 atsparumas dilimui. Reguliarus tepimas hidrauline alyva yra b\u016btinas siekiant u\u017etikrinti skland\u0173 veikim\u0105 ir suma\u017einti trint\u012f, kuri gali lemti prie\u0161laikin\u012f komponent\u0173 susid\u0117v\u0117jim\u0105.<\/p>\n<h2>Reguliarios patikros ir prevencin\u0117s prie\u017ei\u016bros priemon\u0117s<\/h2>\n<ul>\n<li><strong>Reguliar\u016bs patikrinimai:<\/strong> Reguliariai tikrinkite, ar n\u0117ra nuot\u0117ki\u0173, susid\u0117v\u0117jimo ir pa\u017eeidim\u0173. Ap\u017ei\u016br\u0117kite sandariklius ir ie\u0161kokite hidraulinio skys\u010dio nuot\u0117kio po\u017eymi\u0173, kad anksti pasteb\u0117tum\u0117te galimas problemas.<\/li>\n<li><strong>Tinkamas tepimas:<\/strong> \u012esitikinkite, kad cilindras yra tinkamai suteptas tinkama hidrauline alyva, kad b\u016bt\u0173 u\u017etikrintas sklandus veikimas ir i\u0161vengta susid\u0117v\u0117jimo.<\/li>\n<li><strong>Sandariklio keitimas:<\/strong> Reguliariai tikrinkite sandariklius, ar n\u0117ra nusid\u0117v\u0117jimo ar nusid\u0117v\u0117jimo po\u017eymi\u0173, ir prireikus juos pakeiskite, kad i\u0161vengtum\u0117te nuot\u0117ki\u0173 ir palaikytum\u0117te sistemos sl\u0117g\u012f.<\/li>\n<\/ul>\n<h2>Tinkamo \u012frengimo gair\u0117s<\/h2>\n<p>Teisingas str\u0117l\u0117s cilindro montavimas yra labai svarbus jo veikimui ir ilgaam\u017ei\u0161kumui. Prad\u0117kite tiksliai sulygiuodami cilindr\u0105 su tvirtinimo ta\u0161kais, kad i\u0161vengtum\u0117te nesutapimo eksploatacijos metu. Naudokite tinkamus tvirtinimo laikiklius, kad pritvirtintum\u0117te cilindr\u0105 vietoje ir u\u017etikrintum\u0117te, jog jis atlaikys veikian\u010dias j\u0117gas. B\u016btina naudoti tinkam\u0105 \u012frang\u0105 ir sukimo momento specifikacijas, kaip nurodyta gamintojo instrukcijose. Po montavimo atlikite i\u0161samius patikrinimus, kad \u012fsitikintum\u0117te, jog visos jungtys yra tvirtos ir n\u0117ra nuot\u0117ki\u0173. Reguliariai tikrinkite lygiavim\u0105 ir prireikus pakoreguokite, kad palaikytum\u0117te optimal\u0173 veikim\u0105.<\/p>\n<p><img decoding=\"async\" src=\"https:\/\/www.hydraulic-cylinders.net\/wp-content\/uploads\/2025\/04\/songte-chushion-collar.webp\" alt=\"Cilindro montavimas\" \/><\/p>\n<h2>\u012eprastos prie\u017ei\u016bros u\u017eduotys<\/h2>\n<ul>\n<li><strong>Reguliar\u016bs patikrinimai:<\/strong> Reguliariai tikrinkite str\u0117l\u0117s cilindr\u0105, ar n\u0117ra nuot\u0117ki\u0173 ir susid\u0117v\u0117jimo. Ankstyvas problem\u0173 nustatymas gali pad\u0117ti i\u0161vengti didesni\u0173 problem\u0173 atsiradimo ir u\u017etikrinti saug\u0173 darb\u0105.<\/li>\n<li><strong>Tinkamas tepimas:<\/strong> Hidraulin\u012f cilindr\u0105 sutepkite rekomenduojama hidrauline alyva. Tinkamas sutepimas suma\u017eina trint\u012f ir pailgina cilindro tarnavimo laik\u0105.<\/li>\n<li><strong>Sandariklio keitimo ir kalibravimo patikrinimai:<\/strong> Pakeiskite senstan\u010dius sandariklius ir prireikus kalibruokite hidraulin\u0119 sistem\u0105. Tinkamas kalibravimas yra b\u016btinas efektyvumui ir saugumui u\u017etikrinti.<\/li>\n<\/ul>\n<p>Tinkamas i\u0161lyginimas montavimo metu yra labai svarbus. Prie\u0161 pritvirtindami visus komponentus, \u012fsitikinkite, kad jie yra tinkamai i\u0161lyginti. Tai pad\u0117s i\u0161vengti per didelio cilindro ir aplinkini\u0173 dali\u0173 \u012ftempimo.<\/p>\n<h2>Saugos aspektai ir aplinkos veiksniai<\/h2>\n<p>Naudojant hidraulinius cilindrus, b\u016btina \u012fdiegti saugos priemones operatoriams ir \u012frangai apsaugoti. Reguliar\u016bs mokymai apie saugaus darbo proced\u016bras ir avarinius protokolus gali \u017eymiai suma\u017einti nelaiming\u0173 atsitikim\u0173 rizik\u0105. Be to, u\u017etikrinkite, kad visa saugos \u012franga, pvz., sl\u0117gio ma\u017einimo vo\u017etuvai ir avarinio i\u0161jungimo sistemos, veikt\u0173 tinkamai. Aplinkos veiksni\u0173, pvz., temperat\u016bros ir s\u0105ly\u010dio su korozin\u0117mis med\u017eiagomis, \u017einojimas taip pat gali tur\u0117ti \u012ftakos hidraulini\u0173 komponent\u0173 veikimui ir tarnavimo laikui.<\/p>\n<h2>Trik\u010di\u0173 \u0161alinimas ir da\u017eniausiai pasitaikan\u010dios problemos<\/h2>\n<ul>\n<li><strong>Nuot\u0117kis:<\/strong> Nuot\u0117kis gali atsirasti d\u0117l susid\u0117v\u0117jusi\u0173 sandarikli\u0173 arba pa\u017eeist\u0173 jungiam\u0173j\u0173 detali\u0173. Reguliarios patikros gali pad\u0117ti nustatyti ir pa\u0161alinti nuot\u0117kius, kol jie netapo problemi\u0161ki.<\/li>\n<li><strong>Nenuoseklus veikimas:<\/strong> Jei cilindras neveikia skland\u017eiai, tai gali reik\u0161ti, kad reikia tepti arba yra hidraulin\u0117s sistemos problema.<\/li>\n<li><strong>Perkaitimas:<\/strong> Per didelis kar\u0161tis gali pa\u017eeisti hidraulinius komponentus. \u012esitikinkite, kad sistema n\u0117ra perkrauta ir kad yra \u012frengtos tinkamos au\u0161inimo priemon\u0117s.<\/li>\n<\/ul>\n<h2>Gedim\u0173 sprendimo patarimai<\/h2>\n<p>Spr\u0119skite nuot\u0117kio problemas tikrindami sandariklius ir jungiam\u0105sias detales, prireikus pakeisdami sugedusius komponentus. Jei sistema veikia netolygiai, patikrinkite hidraulinio skys\u010dio lyg\u012f ir \u012fsitikinkite, kad sistema yra tinkamai sutepta. Perkaitimo atveju patikrinkite, ar sistemoje n\u0117ra per dideli\u0173 apkrov\u0173, ir apsvarstykite galimyb\u0119 \u012fdiegti au\u0161inimo sprendimus, kad suma\u017e\u0117t\u0173 \u0161ilumos kaupimasis. Reguliarios prevencin\u0117s priemon\u0117s gali pad\u0117ti suma\u017einti galimas problemas ir u\u017etikrinti nuosekl\u0173, patikim\u0105 str\u0117l\u0117s cilindro veikim\u0105.<\/p>\n<p><img decoding=\"async\" src=\"https:\/\/www.hydraulic-cylinders.net\/wp-content\/uploads\/2025\/04\/songte-bushings-with-all-kinds-of-excavator-models.webp\" alt=\"Ekskavatoriaus \u012fvor\u0117s\" \/><\/p>\n<h2>\u012emon\u0117s pristatymas<\/h2>\n<p>Esame pirmaujantis pakaitini\u0173 hidraulini\u0173 cilindr\u0173 gamintojas, si\u016blantis plat\u0173 gamini\u0173 asortiment\u0105 tiek vidaus, tiek tarptautin\u0117ms rinkoms. M\u016bs\u0173 \u012fmon\u0117 yra \u012fsipareigojusi siekti meistri\u0161kumo, pasitelkdama sud\u0117tingas gamybos strategijas ir auk\u0161\u010diausios klas\u0117s skaitmenin\u0119 \u012frang\u0105, kad padidint\u0173 savo gamybos paj\u0117gumus. Daugiausia d\u0117mesio skirdami kokyb\u0117s u\u017etikrinimui ir technologin\u0117ms inovacijoms, nuolat tobuliname savo gamybos procesus, kad patenkintume \u012fvairius klient\u0173 poreikius. M\u016bs\u0173 \u012fsipareigojimas klient\u0173 pasitenkinimui atsispindi ir i\u0161samiame garantinio aptarnavimo teikime, u\u017etikrinan\u010diame vis\u0173 m\u016bs\u0173 gamini\u0173 palaikym\u0105.<\/p>\n<p><img decoding=\"async\" src=\"https:\/\/www.hydraulic-cylinders.net\/wp-content\/uploads\/2025\/04\/songte-company-4.webp\" alt=\"\u012emon\u0117s ap\u017evalga\" \/><br \/>\n<img decoding=\"async\" src=\"https:\/\/www.hydraulic-cylinders.net\/wp-content\/uploads\/2025\/04\/songte-company-3.webp\" alt=\"Gamybos \u012fmon\u0117\" \/><\/p>\n<p>Autorius: lyl<\/p>","protected":false},"excerpt":{"rendered":"<p>Boom Cylinder For Volvo Large Excavator EC460B Product Overview The Boom Cylinder for Volvo Large Excavator EC460B is a critical hydraulic component designed to control the movement of the boom in heavy machinery. This specialized hydraulic cylinder enables the boom to raise, lower, and tilt, facilitating efficient material handling tasks within construction and excavation operations. [&hellip;]<\/p>","protected":false},"featured_media":17872,"comment_status":"open","ping_status":"closed","template":"","meta":{"_et_pb_use_builder":"","_et_pb_old_content":"","_et_gb_content_width":""},"product_brand":[],"product_cat":[1546],"product_tag":[1547,1496],"class_list":{"0":"post-19126","1":"product","2":"type-product","3":"status-publish","4":"has-post-thumbnail","6":"product_cat-boom-cylinders","7":"product_tag-boom-cylinders","8":"product_tag-hydraulic-cylinders","10":"first","11":"instock","12":"shipping-taxable","13":"product-type-simple"},"amp_enabled":true,"_links":{"self":[{"href":"https:\/\/www.hydraulic-cylinders.net\/lt\/wp-json\/wp\/v2\/product\/19126","targetHints":{"allow":["GET"]}}],"collection":[{"href":"https:\/\/www.hydraulic-cylinders.net\/lt\/wp-json\/wp\/v2\/product"}],"about":[{"href":"https:\/\/www.hydraulic-cylinders.net\/lt\/wp-json\/wp\/v2\/types\/product"}],"replies":[{"embeddable":true,"href":"https:\/\/www.hydraulic-cylinders.net\/lt\/wp-json\/wp\/v2\/comments?post=19126"}],"wp:featuredmedia":[{"embeddable":true,"href":"https:\/\/www.hydraulic-cylinders.net\/lt\/wp-json\/wp\/v2\/media\/17872"}],"wp:attachment":[{"href":"https:\/\/www.hydraulic-cylinders.net\/lt\/wp-json\/wp\/v2\/media?parent=19126"}],"wp:term":[{"taxonomy":"product_brand","embeddable":true,"href":"https:\/\/www.hydraulic-cylinders.net\/lt\/wp-json\/wp\/v2\/product_brand?post=19126"},{"taxonomy":"product_cat","embeddable":true,"href":"https:\/\/www.hydraulic-cylinders.net\/lt\/wp-json\/wp\/v2\/product_cat?post=19126"},{"taxonomy":"product_tag","embeddable":true,"href":"https:\/\/www.hydraulic-cylinders.net\/lt\/wp-json\/wp\/v2\/product_tag?post=19126"}],"curies":[{"name":"wp","href":"https:\/\/api.w.org\/{rel}","templated":true}]}}