{"id":1913,"date":"2023-10-19T07:48:03","date_gmt":"2023-10-19T07:48:03","guid":{"rendered":"https:\/\/hydraulic-cylinders.net\/?post_type=product&#038;p=1913"},"modified":"2025-04-11T02:51:43","modified_gmt":"2025-04-11T02:51:43","slug":"double-shield-tbm-auxiliary-thrust-cylinder","status":"publish","type":"product","link":"https:\/\/www.hydraulic-cylinders.net\/lt\/produktas\/double-shield-tbm-auxiliary-thrust-cylinder\/","title":{"rendered":"Dvigubo skydo TBM pagalbinis traukos cilindras"},"content":{"rendered":"<h1 style=\"text-align: center;\"><strong>Dvigubo skydo TBM pagalbinis traukos cilindras<\/strong><\/h1>\n<p><img loading=\"lazy\" decoding=\"async\" class=\"aligncenter wp-image-1914\" src=\"https:\/\/hydraulic-cylinders.net\/wp-content\/uploads\/2023\/10\/auxiliary-thrust-cylinder-1-300x300.webp\" alt=\"\" width=\"400\" height=\"400\" \/><\/p>\n<p>Dvigubo skydo TBM pagalbinis traukos cilindras yra pa\u017eangus hidraulinis komponentas, kuris yra gyvybi\u0161kai svarbus optimizuojant tuneli\u0173 gr\u0119\u017eimo ma\u0161in\u0173 na\u0161um\u0105. \u0160is specializuotas cilindras skirtas u\u017etikrinti pagalbin\u0119 traukos j\u0117g\u0105, palaikant pagrindin\u012f traukos cilindr\u0105 ir didinant tuneli\u0173 kasimo proceso efektyvum\u0105. \u0160iame i\u0161samiame straipsnyje bus nagrin\u0117jamos pagrindin\u0117s dvigubo skydo TBM pagalbinio traukos cilindro charakteristikos, naudojimo metodai ir prie\u017ei\u016bros gair\u0117s.<\/p>\n<p>Dvigubo skydo TBM pagalbinis traukos cilindras yra labai svarbus komponentas, suteikiantis tuneli\u0173 gr\u0119\u017eimo ma\u0161inoms galimyb\u0119 pasiekti neprilygstam\u0105 efektyvum\u0105 ir na\u0161um\u0105. D\u0117l patobulintos traukos atramos, tvirtos konstrukcijos, kompakti\u0161ko dizaino ir tiksli\u0173 valdymo mechanizm\u0173 \u0161is cilindras u\u017etikrina skland\u0173 ir efektyv\u0173 tuneli\u0173 kasimo darb\u0173 eig\u0105. Laikantis rekomenduojam\u0173 naudojimo metod\u0173 ir reguliarios prie\u017ei\u016bros praktikos, dvigubo skydo TBM pagalbinis traukos cilindras ir toliau u\u017etikrins i\u0161skirtin\u012f na\u0161um\u0105, prisid\u0117damas prie tuneli\u0173 kasimo projekt\u0173 s\u0117km\u0117s. Pasinaudokite dvigubo skydo TBM pagalbinio traukos cilindro galia ir patikimumu, kurie sukels revoliucij\u0105 tuneli\u0173 gr\u0119\u017eime su neprilygstamu efektyvumu ir veiksmingumu.<\/p>\n<p>Dvigubo skydo TBM pagalbinio traukos cilindro pagrindin\u0117s charakteristikos:<\/p>\n<ul>\n<li>Patobulinta traukos atrama: Dvigubo skydo pagalbinis traukos cilindras suprojektuotas taip, kad suteikt\u0173 i\u0161skirtin\u0119 pagalbin\u0119 traukos atram\u0105 pagrindiniam traukos cilindrui. Suteikdamas papildom\u0105 j\u0117g\u0105, jis u\u017etikrina stabil\u0173 ir efektyv\u0173 tuneli\u0173 gr\u0119\u017eimo ma\u0161inos jud\u0117jim\u0105 net ir sud\u0117tingomis grunto s\u0105lygomis.<\/li>\n<li>Tvirta konstrukcija: \u0160is cilindras pasi\u017eymi tvirta ir patvaria konstrukcija, sukurta atlaikyti sud\u0117tingas tuneli\u0173 kasimo darb\u0173 s\u0105lygas. Auk\u0161tos kokyb\u0117s med\u017eiagos ir kruop\u0161tus meistri\u0161kumas u\u017etikrina ilgaam\u017ei\u0161kum\u0105 ir patikimum\u0105 net ir pa\u010diomis at\u0161iauriausiomis s\u0105lygomis.<\/li>\n<li>Kompakti\u0161ka konstrukcija: Dvigubo skydo TBM pagalbinis traukos cilindras pasi\u017eymi kompakti\u0161ka konstrukcija, tod\u0117l j\u012f lengva integruoti \u012f tuneli\u0173 gr\u0119\u017eimo ma\u0161in\u0105. D\u0117l erdv\u0119 taupan\u010dios konstrukcijos u\u017etikrinamas minimalus trukdis kitiems komponentams, taip maksimaliai padidinant bendr\u0105 tuneli\u0173 kasimo proceso efektyvum\u0105.<\/li>\n<li>Tiksl\u016bs valdymo mechanizmai: \u0160is cilindras, apr\u016bpintas pa\u017eangiais valdymo mechanizmais, u\u017etikrina tiksl\u0173 ir greitai reaguojant\u012f veikim\u0105. Operatoriai gali reguliuoti pagalbin\u0119 traukos j\u0117g\u0105 pagal konkre\u010dias \u017eem\u0117s s\u0105lygas, u\u017etikrindami optimal\u0173 na\u0161um\u0105 ir suma\u017eindami trikd\u017ei\u0173 rizik\u0105.<\/li>\n<\/ul>\n<h2><strong>Dvigubo skydo TBM pagalbinio traukos cilindro parametras:<\/strong><\/h2>\n<table border=\"1\" cellspacing=\"0\" cellpadding=\"0\">\n<tbody>\n<tr>\n<td>Produkto pavadinimas<\/td>\n<td>Dvigubo skydo tunelinio gr\u0119\u017eimo ma\u0161inos pagalbinis traukos cilindras<\/td>\n<\/tr>\n<tr>\n<td>Savyb\u0117s:<\/td>\n<td>Remiantis pagalbinio st\u016bmimo cilindro reakcijos j\u0117ga, stumiama vamzd\u017eio dalis, kad TBM jud\u0117t\u0173 \u012f priek\u012f<\/td>\n<\/tr>\n<tr>\n<td>Skyl\u0117s skersmuo:<\/td>\n<td>220 mm ~ 320 mm<\/td>\n<\/tr>\n<tr>\n<td>Strypo skersmuo:<\/td>\n<td>180 mm\uff5e240 mm<br \/>\nSt\u016bmoklio eiga: 2100 mm\uff5e2600 mm<\/td>\n<\/tr>\n<tr>\n<td>Sl\u0117gis:<\/td>\n<td>iki 35 MPa<br \/>\nSpecial\u016bs reikalavimai iki 45 MPa<\/td>\n<\/tr>\n<tr>\n<td>Parai\u0161kos:<\/td>\n<td>Dvigubo skydo tunelio gr\u0119\u017eimo ma\u0161ina<\/td>\n<\/tr>\n<\/tbody>\n<\/table>\n<h2><strong>Dvigubo skydo TBM cilindro taikymas:<\/strong><\/h2>\n<p><img loading=\"lazy\" decoding=\"async\" class=\"alignnone wp-image-1909 size-full\" src=\"https:\/\/hydraulic-cylinders.net\/wp-content\/uploads\/2023\/10\/double-shield-tbm-cylinder-1.webp\" alt=\"\" width=\"709\" height=\"473\" srcset=\"https:\/\/hydraulic-cylinders.net\/wp-content\/uploads\/2023\/10\/double-shield-tbm-cylinder-1.webp 709w, https:\/\/hydraulic-cylinders.net\/wp-content\/uploads\/2023\/10\/double-shield-tbm-cylinder-1-480x320.webp 480w\" sizes=\"(min-width: 0px) and (max-width: 480px) 480px, (min-width: 481px) 709px, 100vw\" \/><\/p>\n<h2><strong>Dvigubo skydo TBM pagalbinio traukos cilindro naudojimo metodas<\/strong><strong>:<\/strong><\/h2>\n<ol>\n<li><strong>Cilindro integracija:<\/strong> Sumontuokite dvigubo skydo TBM pagalbin\u012f traukos cilindr\u0105 tam skirtoje vietoje tuneli\u0173 gr\u0119\u017eimo ma\u0161inoje, laikydamiesi gamintojo nurodym\u0173 ir specifikacij\u0173. U\u017etikrinkite tinkam\u0105 i\u0161lyginim\u0105 ir tvirt\u0105 pritvirtinim\u0105 prie TBM konstrukcijos, naudodami tinkamus tvirtinimo laikiklius arba priedus.<\/li>\n<li><strong>Hidraulin\u0117s sistemos integravimas:<\/strong> Prijunkite cilindr\u0105 prie TBM hidraulin\u0117s sistemos naudodami suderinamas \u017earnas ir jungiam\u0105sias detales. Patikrinkite, ar visos jungtys yra tvirtos, nepralaid\u017eios ir tinkamai priver\u017etos, kad b\u016bt\u0173 u\u017etikrintas optimalus hidraulinis veikimas.<\/li>\n<li><strong>Valdymas ir veikimas:<\/strong>\u00a0 Susipa\u017einkite su TBM valdymo sistema ir konkre\u010diais valdikliais, susijusiais su dvigubo skydo TBM pagalbiniu traukos cilindru. Naudokite \u0161iuos valdiklius pagalbinei traukos j\u0117gai \u012fjungti, reguliuoti ir steb\u0117ti, pritaikydami j\u0105 prie tuneli\u0173 kasimo proceso ir grunto s\u0105lyg\u0173 reikalavim\u0173.<\/li>\n<li><strong>Steb\u0117jimas ir koregavimas:<\/strong>\u00a0 Nuolat steb\u0117ti dvigubo skydo TBM pagalbinio traukos cilindro veikim\u0105 ir bendr\u0105 tuneli\u0173 gr\u0119\u017eimo ma\u0161inos elgsen\u0105. Atlikite reikiamus pagalbin\u0117s traukos j\u0117gos koregavimus, atsi\u017evelgdami \u012f grunto s\u0105lygas, geologinius poky\u010dius ir kitus veiksnius, kurie gali tur\u0117ti \u012ftakos tuneli\u0173 kasimo procesui.<\/li>\n<\/ol>\n<h2><strong>Kaip pakeisti hidraulinio cilindro sandarikl\u012f?<\/strong><\/h2>\n<p>Prie\u0161 prad\u0117dami \u012fsitikinkite, kad turite reikiamus \u012frankius, pakaitinius sandariklius ir \u0161vari\u0105 darbo viet\u0105. Be to, laikykit\u0117s saugos priemoni\u0173, kad i\u0161vengtum\u0117te nelaiming\u0173 atsitikim\u0173, pavyzd\u017eiui, i\u0161leiskite sistemos sl\u0117g\u012f.<\/p>\n<ol>\n<li><strong>Cilindro paruo\u0161imas:<\/strong>\n<ul>\n<li>Atjunkite hidraulin\u012f cilindr\u0105 nuo sistemos ir \u012fsitikinkite, kad jame n\u0117ra sl\u0117gio.<\/li>\n<li>I\u0161ardymo metu nuvalykite cilindro i\u0161or\u0119, kad \u012f j\u012f nepatekt\u0173 ne\u0161varum\u0173 ar \u0161iuk\u0161li\u0173.<\/li>\n<li>Pad\u0117kite cilindr\u0105 ant stabilaus darbinio pavir\u0161iaus ir pritvirtinkite j\u012f spaustukais arba spaustuvais.<\/li>\n<\/ul>\n<\/li>\n<li><strong>Nuimkite tvirtinimo komponentus:<\/strong>\n<ul>\n<li>Nustatykite cilindro galvut\u0119 arba dangtel\u012f tvirtinan\u010dius tvirtinimo komponentus, tokius kaip var\u017etai arba spaustukai.<\/li>\n<li>\u0160iems tvirtinimo elementams atlaisvinti ir nuimti naudokite tinkamus \u012frankius (ver\u017eliarak\u010dius, lizdus, \u200b\u200breples).<\/li>\n<li>Pad\u0117kite komponentus saugioje vietoje, kad gal\u0117tum\u0117te juos surinkti.<\/li>\n<\/ul>\n<\/li>\n<li><strong>Atskirkite cilindro komponentus:<\/strong>\n<ul>\n<li>\u0160velniai pastuksenkite cilindro galvut\u0119 arba dangtel\u012f mink\u0161tu plaktuku, kad nupl\u0117\u0161tum\u0117te bet kok\u012f sandarikl\u012f ar klij\u0173 jungt\u012f.<\/li>\n<li>L\u0117tai ir atsargiai nuimkite cilindro galvut\u0119 arba dangtel\u012f, atidengdami st\u016bmokl\u012f ir sandarikl\u012f.<\/li>\n<li>Atkreipkite d\u0117mes\u012f \u012f visas esan\u010dias tarpines, tarpiklius ar kitus komponentus ir nuimkite juos, kad v\u0117liau gal\u0117tum\u0117te surinkti.<\/li>\n<\/ul>\n<\/li>\n<li><strong>Nuimkite sen\u0105 sandarikl\u012f:<\/strong>\n<ul>\n<li>Patikrinkite sen\u0105 sandarikl\u012f, ar n\u0117ra pa\u017eeidim\u0173 ar susid\u0117v\u0117jimo, ir nustatykite naudoto sandariklio tip\u0105.<\/li>\n<li>Priklausomai nuo tarpin\u0117s tipo, gali tekti naudoti tarpin\u0117s nu\u0117mimo \u012frankius (kirtiklius, kabliukus) arba atsargiai j\u0105 i\u0161traukti plok\u0161\u010diu atsuktuvu.<\/li>\n<li>Nor\u0117dami tinkamai sumontuoti nauj\u0105 sandarikl\u012f, atkreipkite d\u0117mes\u012f \u012f sandariklio orientacij\u0105.<\/li>\n<\/ul>\n<\/li>\n<li><strong>I\u0161valyti ir ap\u017ei\u016br\u0117ti:<\/strong>\n<ul>\n<li>Kruop\u0161\u010diai nuvalykite cilindro ang\u0105, st\u016bmokl\u012f ir aplinkinius komponentus, naudodami nep\u016bkuot\u0105 \u0161luost\u0119 arba tirpikl\u012f, tinkam\u0105 j\u016bs\u0173 hidraulinei sistemai.<\/li>\n<li>Patikrinkite visus komponentus, ar n\u0117ra koki\u0173 nors pa\u017eeidim\u0173, susid\u0117v\u0117jimo ar \u012fbr\u0117\u017eim\u0173 po\u017eymi\u0173. Prireikus pakeiskite visas susid\u0117v\u0117jusias ar pa\u017eeistas dalis.<\/li>\n<\/ul>\n<\/li>\n<li><strong>\u012ediekite nauj\u0105 sandarikl\u012f:<\/strong>\n<ul>\n<li>Sutepkite nauj\u0105 sandarikl\u012f hidrauliniu skys\u010diu arba suderinamu sandariklio tepalu.<\/li>\n<li>Atsargiai \u012fstatykite nauj\u0105 tarpin\u0119 \u012f tarpin\u0117s griovel\u012f arba ant st\u016bmoklio, u\u017etikrindami, kad ji b\u016bt\u0173 tinkamai orientuota, kaip nurodyta nuimant tarpin\u0119.<\/li>\n<li>Naudokite sandariklio montavimo \u012frank\u012f arba mink\u0161t\u0105 plaktuk\u0105, kad \u0161velniai prispaustum\u0117te sandarikl\u012f prie jo vietos ir \u012fsitikintum\u0117te, kad jis tinkamai ir tolygiai \u012fstatytas.<\/li>\n<\/ul>\n<\/li>\n<li><strong>Surinkite cilindr\u0105 i\u0161 naujo:<\/strong>\n<ul>\n<li>V\u0117l sumontuokite plei\u0161tus, tarpiklius ar kitus komponentus, kurie buvo pa\u0161alinti i\u0161ardymo metu.<\/li>\n<li>Atsargiai sulygiuokite cilindro galvut\u0119 arba dangtel\u012f su cilindro korpusu ir per j\u012f perki\u0161kite st\u016bmokl\u012f.<\/li>\n<li>Ant tvirtinimo komponent\u0173 u\u017etepkite tinkamo sriegi\u0173 sandariklio arba sriegi\u0173 fiksavimo mi\u0161inio ir v\u0117l juos tvirtai pritvirtinkite.<\/li>\n<li>Priver\u017edami tvirtinimo komponentus, laikykit\u0117s gamintojo nurodyt\u0173 sukimo moment\u0173 nurodym\u0173, kad u\u017etikrintum\u0117te tinkam\u0105 sandarum\u0105 ir sulygiavim\u0105.<\/li>\n<\/ul>\n<\/li>\n<li><strong>Patikrinkite ir patikrinkite:<\/strong>\n<ul>\n<li>Prijunkite hidraulin\u012f cilindr\u0105 prie sistemos ir \u012fsitikinkite, kad visos jungtys yra tvirtos.<\/li>\n<li>Palaipsniui atkurkite sistemos sl\u0117g\u012f, tikrindami, ar n\u0117ra nuot\u0117ki\u0173 ar ne\u012fprasto veikimo.<\/li>\n<li>Visi\u0161kai atlikite hidraulinio cilindro cikl\u0105, kad patvirtintum\u0117te tinkam\u0105 veikim\u0105 ir sandariklio vientisum\u0105.<\/li>\n<\/ul>\n<\/li>\n<\/ol>\n<h2><strong>Gamyklos paj\u0117gumai ir talpa:<\/strong><\/h2>\n<h3>(1) Surinkimas<\/h3>\n<p>Turime pirmos klas\u0117s nepriklausom\u0105 tyrim\u0173 ir pl\u0117tros surinkimo platform\u0105. Hidraulini\u0173 cilindr\u0173 gamybos ceche yra keturios pusiau automatin\u0117s k\u0117limo cilindr\u0173 surinkimo linijos ir viena automatin\u0117 pakreipimo cilindr\u0173 surinkimo linija, kuri\u0173 projektinis metinis gamybos paj\u0117gumas yra 1 milijonas vienet\u0173. Speciali\u0173j\u0173 cilindr\u0173 ceche \u012frengta \u012fvairi\u0173 specifikacij\u0173 pusiau automatin\u0117 valymo surinkimo sistema, kurios projektinis metinis gamybos paj\u0117gumas yra 200 000 vienet\u0173, ir garsi CNC apdirbimo \u012franga, apdirbimo centras, didelio tikslumo cilindr\u0173 apdirbimo speciali \u012franga, robotinis suvirinimo aparatas, automatinis valymo aparatas, automatinis cilindr\u0173 surinkimo aparatas ir automatin\u0117 da\u017eymo gamybos linija. Esama daugiau nei 300 rinkini\u0173 (komplekt\u0173) kritin\u0117 \u012franga. Optimalus \u012frangos i\u0161tekli\u0173 paskirstymas ir efektyvus naudojimas u\u017etikrina gamini\u0173 tikslumo reikalavimus ir auk\u0161tus gamini\u0173 kokyb\u0117s poreikius.<\/p>\n<p><img loading=\"lazy\" decoding=\"async\" class=\"alignnone wp-image-626\" src=\"https:\/\/hydraulic-cylinders.net\/wp-content\/uploads\/2023\/08\/hydraulic-cylinder-product-1-300x158.webp\" alt=\"\" width=\"495\" height=\"260\" srcset=\"https:\/\/hydraulic-cylinders.net\/wp-content\/uploads\/2023\/08\/hydraulic-cylinder-product-1-300x158.webp 495w, https:\/\/hydraulic-cylinders.net\/wp-content\/uploads\/2023\/08\/hydraulic-cylinder-product-1-480x252.webp 480w\" sizes=\"(min-width: 0px) and (max-width: 480px) 480px, (min-width: 481px) 495px, 100vw\" \/> <img loading=\"lazy\" decoding=\"async\" class=\"alignnone wp-image-627\" src=\"https:\/\/hydraulic-cylinders.net\/wp-content\/uploads\/2023\/08\/hydraulic-cylinder-product-2-300x189.webp\" alt=\"\" width=\"413\" height=\"260\" \/><\/p>\n<h3>(2) Apdirbimas<\/h3>\n<p>Mechaninio apdirbimo ceche \u012frengtas pritaikytas nuo\u017eulnaus b\u0117gio tekinimo centras, apdirbimo centras, greitaeigis galandimo stakl\u0117s, suvirinimo robotas ir kita susijusi \u012franga, galinti apdirbti cilindrinius vamzd\u017eius, kuri\u0173 maksimalus vidinis skersmuo yra 400 mm, o maksimalus ilgis \u2013 6 metrai.<\/p>\n<p><img loading=\"lazy\" decoding=\"async\" class=\"alignnone wp-image-628 size-large\" src=\"https:\/\/hydraulic-cylinders.net\/wp-content\/uploads\/2023\/08\/hydraulic-cylinder-product-3-1024x391.webp\" alt=\"\" width=\"1024\" height=\"391\" srcset=\"https:\/\/hydraulic-cylinders.net\/wp-content\/uploads\/2023\/08\/hydraulic-cylinder-product-3-980x374.webp 980w, https:\/\/hydraulic-cylinders.net\/wp-content\/uploads\/2023\/08\/hydraulic-cylinder-product-3-480x183.webp 480w\" sizes=\"(min-width: 0px) and (max-width: 480px) 480px, (min-width: 481px) and (max-width: 980px) 980px, (min-width: 981px) 1024px, 100vw\" \/><\/p>\n<h3>(3) Suvirinimas<\/h3>\n<p><img loading=\"lazy\" decoding=\"async\" class=\"alignnone wp-image-629 size-large\" src=\"https:\/\/hydraulic-cylinders.net\/wp-content\/uploads\/2023\/08\/hydraulic-cylinder-product-4-1024x510.webp\" alt=\"\" width=\"1024\" height=\"510\" srcset=\"https:\/\/hydraulic-cylinders.net\/wp-content\/uploads\/2023\/08\/hydraulic-cylinder-product-4-980x488.webp 980w, https:\/\/hydraulic-cylinders.net\/wp-content\/uploads\/2023\/08\/hydraulic-cylinder-product-4-480x239.webp 480w\" sizes=\"(min-width: 0px) and (max-width: 480px) 480px, (min-width: 481px) and (max-width: 980px) 980px, (min-width: 981px) 1024px, 100vw\" \/><\/p>\n<h3>(4) Da\u017eymas ir dengimas<\/h3>\n<p>Su ma\u017eomis ir vidutinio dyd\u017eio cilindrin\u0117mis automatin\u0117mis vandens pagrindo da\u017e\u0173 dengimo linijomis, siekiant automatinio robot\u0173 pakrovimo ir i\u0161krovimo bei automatinio pur\u0161kimo, projektinis paj\u0117gumas yra 4000 vienet\u0173 per pamain\u0105;<br \/>\nTaip pat turime pusiau automatin\u0119 dideli\u0173 cilindr\u0173 da\u017e\u0173 gamybos linij\u0105, varom\u0105 grandin\u0117s, kurios projektinis na\u0161umas yra 60 d\u0117\u017ei\u0173 per pamain\u0105.<\/p>\n<p><img loading=\"lazy\" decoding=\"async\" class=\"alignnone wp-image-630\" src=\"https:\/\/hydraulic-cylinders.net\/wp-content\/uploads\/2023\/08\/hydraulic-cylinder-product-5-300x213.webp\" alt=\"\" width=\"366\" height=\"260\" \/> <img loading=\"lazy\" decoding=\"async\" class=\"alignnone wp-image-631\" src=\"https:\/\/hydraulic-cylinders.net\/wp-content\/uploads\/2023\/08\/hydraulic-cylinder-product-6-300x225.webp\" alt=\"\" width=\"347\" height=\"260\" \/><\/p>\n<h3>(5) Testavimas<\/h3>\n<p>Turime auk\u0161\u010diausios klas\u0117s patikros patalpas ir bandym\u0173 stendus, kad u\u017etikrintume, jog baliono veikimas atitinka reikalavimus.<\/p>\n<p><img loading=\"lazy\" decoding=\"async\" class=\"alignnone wp-image-632\" src=\"https:\/\/hydraulic-cylinders.net\/wp-content\/uploads\/2023\/08\/hydraulic-cylinder-product-8-300x200.webp\" alt=\"\" width=\"389\" height=\"260\" \/><\/p>\n<p>&nbsp;<\/p>\n<p>&nbsp;<\/p>\n<p>Esame vienas geriausi\u0173 hidraulini\u0173 cilindr\u0173 gamintoj\u0173. Galime pasi\u016blyti i\u0161samius hidraulinius cilindrus. Taip pat teikiame atitinkamus <a href=\"https:\/\/hzpt.com\/agricultural-pto-gearbox\/\" target=\"_blank\" rel=\"noopener\">\u017eem\u0117s \u016bkio pavar\u0173 d\u0117\u017e\u0117s<\/a>Mes eksportuojame savo gaminius klientams visame pasaulyje ir peln\u0117me ger\u0105 reputacij\u0105 d\u0117l auk\u0161\u010diausios gamini\u0173 kokyb\u0117s ir aptarnavimo po pardavimo. Mes laukiame klient\u0173 \u0161alyje ir u\u017esienyje, norin\u010di\u0173 susisiekti su mumis der\u0117tis d\u0117l verslo, keistis informacija ir... <a href=\"https:\/\/www.hydraulic-cylinders.net\/lt\/contact-us\/\">bendradarbiauti su mumis<\/a>!<\/p>\n<p>&nbsp;<\/p>","protected":false},"excerpt":{"rendered":"<p>Double Shield TBM Auxiliary Thrust Cylinder The double shield TBM auxiliary thrust cylinder is a cutting-edge hydraulic component that is vital in optimizing tunnel boring machines&#8217; performance. This specialized cylinder is designed to provide auxiliary thrust force, supporting the main thrust cylinder and enhancing the efficiency of the tunneling process. This comprehensive article will delve [&hellip;]<\/p>","protected":false},"featured_media":1915,"comment_status":"open","ping_status":"closed","template":"","meta":{"_et_pb_use_builder":"","_et_pb_old_content":"","_et_gb_content_width":""},"product_brand":[],"product_cat":[1519,1549],"product_tag":[1380],"class_list":{"0":"post-1913","1":"product","2":"type-product","3":"status-publish","4":"has-post-thumbnail","6":"product_cat-shield-machine-hydraulic-cylinders","7":"product_cat-single-acting-hydraulic-cylinder","8":"product_tag-hydraulic-cylinder","10":"first","11":"instock","12":"shipping-taxable","13":"product-type-simple"},"amp_enabled":true,"_links":{"self":[{"href":"https:\/\/www.hydraulic-cylinders.net\/lt\/wp-json\/wp\/v2\/product\/1913","targetHints":{"allow":["GET"]}}],"collection":[{"href":"https:\/\/www.hydraulic-cylinders.net\/lt\/wp-json\/wp\/v2\/product"}],"about":[{"href":"https:\/\/www.hydraulic-cylinders.net\/lt\/wp-json\/wp\/v2\/types\/product"}],"replies":[{"embeddable":true,"href":"https:\/\/www.hydraulic-cylinders.net\/lt\/wp-json\/wp\/v2\/comments?post=1913"}],"wp:featuredmedia":[{"embeddable":true,"href":"https:\/\/www.hydraulic-cylinders.net\/lt\/wp-json\/wp\/v2\/media\/1915"}],"wp:attachment":[{"href":"https:\/\/www.hydraulic-cylinders.net\/lt\/wp-json\/wp\/v2\/media?parent=1913"}],"wp:term":[{"taxonomy":"product_brand","embeddable":true,"href":"https:\/\/www.hydraulic-cylinders.net\/lt\/wp-json\/wp\/v2\/product_brand?post=1913"},{"taxonomy":"product_cat","embeddable":true,"href":"https:\/\/www.hydraulic-cylinders.net\/lt\/wp-json\/wp\/v2\/product_cat?post=1913"},{"taxonomy":"product_tag","embeddable":true,"href":"https:\/\/www.hydraulic-cylinders.net\/lt\/wp-json\/wp\/v2\/product_tag?post=1913"}],"curies":[{"name":"wp","href":"https:\/\/api.w.org\/{rel}","templated":true}]}}