{"id":19133,"date":"2025-04-07T06:14:26","date_gmt":"2025-04-07T06:14:26","guid":{"rendered":"https:\/\/www.hydraulic-cylinders.net\/product\/boom-cylinder-for-volvo-wheel-excavator-ew60c\/"},"modified":"2025-04-07T06:14:29","modified_gmt":"2025-04-07T06:14:29","slug":"boom-cylinder-for-volvo-wheel-excavator-ew60c","status":"publish","type":"product","link":"https:\/\/www.hydraulic-cylinders.net\/lt\/produktas\/boom-cylinder-for-volvo-wheel-excavator-ew60c\/","title":{"rendered":"\u201eVolvo\u201c ratinio ekskavatoriaus EW60C str\u0117l\u0117s cilindras"},"content":{"rendered":"<h1>\u201eVolvo\u201c ratinio ekskavatoriaus EW60C str\u0117l\u0117s cilindras<\/h1>\n<h2>\u012evadas \u012f str\u0117l\u0117s cilindr\u0105<\/h2>\n<p>The boom cylinder is a crucial hydraulic component used in various heavy machinery, particularly in excavators, backhoe loaders, and front loaders. This hydraulic cylinder facilitates the movement of the bucket, enabling it to lift, lower, and tilt efficiently, which is essential for material handling tasks. The boom cylinder operates within the hydraulic system, leveraging the power of pressurized hydraulic fluid to control the bucket&#8217;s actions. This allows operators to perform complex tasks effectively, enhancing productivity on the job site.<\/p>\n<p><img decoding=\"async\" src=\"https:\/\/www.hydraulic-cylinders.net\/wp-content\/uploads\/2025\/04\/songte-company-1.webp\" alt=\"Ekskavatoriaus str\u0117l\u0117s cilindras\" \/><\/p>\n<h2>Str\u0117l\u0117s cilindro savyb\u0117s<\/h2>\n<ul>\n<li><strong>Didelis stiprumas ir ilgaam\u017ei\u0161kumas:<\/strong> Paprastai pagaminti i\u0161 didelio stiprumo plieno arba aliuminio, \u0161ie cilindrai gali atlaikyti didel\u012f sl\u0117g\u012f ir dideles apkrovas, tod\u0117l tinka at\u0161iaurioms darbo s\u0105lygoms. J\u0173 konstrukcija u\u017etikrina atsparum\u0105 dilimui ir korozijai, o tai prailgina j\u0173 tarnavimo laik\u0105.<\/li>\n<li><strong>Efektyvus hidraulinis valdymas:<\/strong> Str\u0117l\u0117s cilindras naudoja hidraulin\u0117s alyvos sl\u0117g\u012f, kad str\u0117l\u0117 b\u016bt\u0173 skland\u017eiai i\u0161skleista ir atitraukta. Jis greitai reaguoja \u012f operatoriaus komandas, u\u017etikrindamas stiprias st\u016bmimo ir traukimo j\u0117gas, kurios idealiai tinka sunki\u0173 med\u017eiag\u0173 tvarkymui ir sud\u0117tingoms u\u017eduotims atlikti.<\/li>\n<li><strong>\u012evair\u016bs tipai:<\/strong> Priklausomai nuo eksploatacini\u0173 poreiki\u0173, galite rinktis i\u0161 vienpusio veikimo (hidraulinis veikimas viena kryptimi) arba dvipusio veikimo (hidraulinis veikimas abiem kryptimis) cilindr\u0173. Kai kurie modeliai yra teleskopiniai, tod\u0117l juos galima labiau i\u0161tiesti nedidinant i\u0161orini\u0173 matmen\u0173, tod\u0117l jie puikiai tinka naudoti ribotoje erdv\u0117je.<\/li>\n<\/ul>\n<p>Mes gaminame \u0161\u012f produkt\u0105, o m\u016bs\u0173 hidrauliniai cilindrai puikiai pakei\u010dia esamus modelius.<\/p>\n<p><img decoding=\"async\" src=\"https:\/\/www.hydraulic-cylinders.net\/wp-content\/uploads\/2025\/04\/songte-cylinder-head-with-all-kinds-excavator-models.webp\" alt=\"Ekskavatori\u0173 modeliai\" \/><\/p>\n<h2>Str\u0117l\u0117s cilindro pritaikymas<\/h2>\n<h3>Statybin\u0117 \u012franga<\/h3>\n<p>Ekskavatoriuose str\u0117l\u0117s cilindrai yra b\u016btini kasant, kraunant ir perkeliant \u017eem\u0119 ar \u0161iuk\u0161les. J\u0173 hidraulin\u0117s galimyb\u0117s padeda atlikti \u012fvairias funkcijas, pavyzd\u017eiui, semti ir kelti med\u017eiagas. Ekskavatoriuose-krautuvuose \u0161ie cilindrai padeda ne tik kasant, bet ir kelti, tod\u0117l jie yra universal\u016bs statybos \u012frankiai.<\/p>\n<h3>\u017dem\u0117s \u016bkio technika<\/h3>\n<p>Priekiniuose krautuvuose str\u0117l\u0117s cilindrai naudojami dirvo\u017eemiui, \u0161ienui ir kitoms med\u017eiagoms semti, kelti ir transportuoti. Jie leid\u017eia efektyviai perkelti ir tvarkyti \u017eem\u0117s \u016bkio i\u0161teklius, taip padidindami \u016bkininkavimo operacij\u0173 produktyvum\u0105.<\/p>\n<h3>Ekskavatoriai<\/h3>\n<p>Ekskavatoriuose str\u0117l\u0117s cilindras leid\u017eia kau\u0161ui \u012fsiskverbti \u012f dirv\u0105, palengvindamas kasimo veiksm\u0105. Hidraulinis valdymas leid\u017eia tiksliai atlikti kasimo darbus, o tai labai svarbu statybos ir kra\u0161tovaizd\u017eio tvarkymo projektuose.<\/p>\n<h3>Krautuvai<\/h3>\n<p>Priekiniuose krautuvuose str\u0117l\u0117s cilindrai padeda efektyviai kelti ir i\u0161versti krovinius. J\u0173 hidraulin\u0117 mechanika u\u017etikrina, kad operatoriai gal\u0117t\u0173 lengvai kelti sunkius krovinius, optimizuodami med\u017eiag\u0173 tvarkymo u\u017eduo\u010di\u0173 efektyvum\u0105.<\/p>\n<h2>Projektavimo aspektai ir atrankos kriterijai<\/h2>\n<h3>Keliamoji galia<\/h3>\n<p>Vienas i\u0161 pagrindini\u0173 str\u0117l\u0117s cilindr\u0173 projektavimo aspekt\u0173 yra keliamoji galia. Labai svarbu, kad cilindras gal\u0117t\u0173 atlaikyti maksimali\u0105 apkrov\u0105, kurios tikimasi eksploatacijos metu, kad b\u016bt\u0173 i\u0161vengta gedim\u0173. Tai apima perkeliam\u0173 med\u017eiag\u0173 svorio \u012fvertinim\u0105 ir u\u017etikrinim\u0105, kad cilindro stiprumas vir\u0161yt\u0173 \u0161iuos reikalavimus. Gamintojai da\u017enai pateikia specifikacijas, kuriose nurodomos apkrovos ribos, \u012f kurias reik\u0117t\u0173 atid\u017eiai atsi\u017evelgti renkantis. Tinkamai \u012fvertinti cilindrai prisideda prie saugos ir efektyvumo, suma\u017eindami nelaiming\u0173 atsitikim\u0173 ir ma\u0161in\u0173 sugadinimo rizik\u0105.<\/p>\n<h3>Sandarinimas<\/h3>\n<p>Efektyvus sandarinimas yra labai svarbus hidrauliniams cilindrams, siekiant i\u0161vengti nuot\u0117kio ir palaikyti sl\u0117g\u012f. Sandarikliai turi b\u016bti suprojektuoti taip, kad atlaikyt\u0173 auk\u0161t\u0105 sl\u0117g\u012f ir \u012fvairias aplinkos s\u0105lygas. Auk\u0161tos kokyb\u0117s med\u017eiag\u0173, toki\u0173 kaip poliuretanas ir nitrilo kau\u010diukas, naudojimas u\u017etikrina ilgaam\u017ei\u0161kum\u0105. Sandariklius taip pat reikia reguliariai tikrinti ir keisti, kad b\u016bt\u0173 i\u0161laikytas optimalus veikimas, nes susid\u0117v\u0117j\u0119 sandarikliai gali suma\u017einti efektyvum\u0105 ir padidinti prie\u017ei\u016bros i\u0161laidas.<\/p>\n<h3>Patvarumas<\/h3>\n<p>Str\u0117l\u0117s cilindrams, ypa\u010d naudojamiems sud\u0117tingomis s\u0105lygomis, ilgaam\u017ei\u0161kumas yra labai svarbus. Med\u017eiag\u0173, toki\u0173 kaip didelio stiprumo plienas, pasirinkimas vaidina svarb\u0173 vaidmen\u012f cilindr\u0173 ilgaam\u017ei\u0161kumui. Be to, pavir\u0161iaus apdorojimas, kuris padidina atsparum\u0105 korozijai ir dilimui, padeda prailginti gaminio gyvavimo cikl\u0105. Darbo s\u0105lyg\u0173 supratimas ir toms aplinkoms skirt\u0173 cilindr\u0173 parinkimas gali pad\u0117ti i\u0161vengti prie\u0161laikinio gedimo ir brangaus remonto.<\/p>\n<h3>Saugumas<\/h3>\n<p>Projektuojant hidraulinius cilindrus, negalima pamir\u0161ti saugumo. Tokios savyb\u0117s kaip sl\u0117gio ma\u017einimo vo\u017etuvai ir gerai suprojektuotos tvirtinimo sistemos yra labai svarbios siekiant i\u0161vengti nelaiming\u0173 atsitikim\u0173. Operatoriai turi b\u016bti apmokyti suprasti \u012frangos ribas ir reguliari\u0173 saugos patikrinim\u0173 svarb\u0105, siekiant u\u017etikrinti, kad visi komponentai veikt\u0173 tinkamai. Saugos priemon\u0117s ne tik apsaugo operatorius, bet ir pailgina mechanizm\u0173 tarnavimo laik\u0105.<\/p>\n<h3>Prie\u017ei\u016bra<\/h3>\n<p>Prie\u017ei\u016bra yra pagrindinis bet kurios hidraulin\u0117s sistemos aspektas. Labai svarbu pasirinkti str\u0117l\u0117s cilindr\u0105, kuris leist\u0173 lengvai pasiekti svarbiausius komponentus aptarnavimui. Reguliar\u016bs prie\u017ei\u016bros patikrinimai, \u012fskaitant skys\u010di\u0173 lyg\u012f, sandarikli\u0173 b\u016bkl\u0119 ir cilindr\u0173 suderinim\u0105, u\u017etikrina, kad \u012franga i\u0161likt\u0173 optimalios darbin\u0117s b\u016bkl\u0117s. Ai\u0161kios prie\u017ei\u016bros instrukcijos gali gerokai padidinti operacij\u0173 efektyvum\u0105 ir saug\u0105.<\/p>\n<p><img decoding=\"async\" src=\"https:\/\/www.hydraulic-cylinders.net\/wp-content\/uploads\/2025\/04\/songte-oil-pipes-and-spare-parts.webp\" alt=\"Hidrauliniai komponentai\" \/><\/p>\n<h2>Sandarinimas ir tepimas<\/h2>\n<p>Tinkamas str\u0117l\u0117s cilindr\u0173 sandarinimas ir tepimas yra labai svarb\u016bs j\u0173 funkcionalumui ir ilgaam\u017ei\u0161kumui. \u012evair\u016bs sandarinimo komponentai, tokie kaip st\u016bmokli\u0173 ir stryp\u0173 sandarikliai, yra labai svarb\u016bs palaikant sl\u0117g\u012f hidraulin\u0117je sistemoje. Sandarikliai paprastai gaminami i\u0161 patvari\u0173 med\u017eiag\u0173, toki\u0173 kaip poliuretanas ir nitrilo kau\u010diukas, kurios u\u017etikrina puik\u0173 atsparum\u0105 dilimui. Cilindro korpusas ir srieginiai galiniai pavir\u0161iai turi b\u016bti kruop\u0161\u010diai apdirbti, kad padid\u0117t\u0173 atsparumas dilimui ir pailg\u0117t\u0173 sandarikli\u0173 tarnavimo laikas.<\/p>\n<p>Be to, labai svarbu reguliariai \u012fpilti tinkam\u0105 hidraulin\u0117s alyvos kiek\u012f tepimui. Tinkamas tepimas suma\u017eina judan\u010di\u0173 dali\u0173 trint\u012f ir susid\u0117v\u0117jim\u0105, u\u017etikrindamas skland\u0173 veikim\u0105. Tepimo nepaisymas gali padidinti susid\u0117v\u0117jim\u0105, d\u0117l kurio hidraulin\u0117 sistema gali per anksti sugesti. \u012eprastin\u0117s prie\u017ei\u016bros grafikas tur\u0117t\u0173 apimti tepimo ir sandarikli\u0173 vientisumo patikrinimus, siekiant i\u0161laikyti optimal\u0173 veikim\u0105.<\/p>\n<h2>Reguliarus patikrinimas ir prevencin\u0117 prie\u017ei\u016bra<\/h2>\n<ul>\n<li><strong>Da\u017enos patikros:<\/strong> Reguliariai tikrinti str\u0117l\u0117s cilindrus yra labai svarbu, kad b\u016bt\u0173 galima nustatyti galimas problemas, kol jos nepa\u016bm\u0117jo. Operatoriai tur\u0117t\u0173 ie\u0161koti nuot\u0117ki\u0173, susid\u0117v\u0117jimo ar pa\u017eeidim\u0173 po\u017eymi\u0173 ir nedelsdami spr\u0119sti \u0161ias problemas, kad b\u016bt\u0173 i\u0161vengta eksploatacini\u0173 gedim\u0173.<\/li>\n<li><strong>Tinkamas tepimas:<\/strong> Reguliariai tepti cilindr\u0105 pagal gamintojo rekomendacijas yra b\u016btina norint i\u0161laikyti optimal\u0173 veikim\u0105. Naudojant tinkam\u0105 hidraulin\u0117s alyvos tip\u0105 ir u\u017etikrinant, kad visos judan\u010dios dalys b\u016bt\u0173 tinkamai suteptos, galima \u017eymiai pailginti cilindro tarnavimo laik\u0105.<\/li>\n<li><strong>Sandariklio keitimas:<\/strong> Sandarikliai yra susid\u0117vintys komponentai, kuriuos reikia reguliariai keisti, kad b\u016bt\u0173 i\u0161laikytas sistemos vientisumas. Susid\u0117v\u0117jusi\u0173 arba pa\u017eeist\u0173 sandarikli\u0173 nustatymas ir pakeitimas gali pad\u0117ti i\u0161vengti nuot\u0117ki\u0173 ir palaikyti sl\u0117g\u012f hidraulin\u0117je sistemoje, u\u017etikrinant efektyv\u0173 veikim\u0105.<\/li>\n<\/ul>\n<h2>\u012erengimo gair\u0117s<\/h2>\n<p>Teisingas str\u0117l\u0117s cilindr\u0173 montavimas yra nepaprastai svarbus j\u0173 veikimui ir ilgaam\u017ei\u0161kumui. Prie\u0161 \u012fstatydami cilindr\u0105, pirmiausia \u012fsitikinkite, kad visi montavimo pavir\u0161iai yra \u0161var\u016bs ir be \u0161iuk\u0161li\u0173. Cilindrui pritvirtinti naudokite tinkamus montavimo laikiklius, kad b\u016bt\u0173 galima teisingai sulygiuoti su kitais komponentais. B\u016btina laikytis gamintojo nurodym\u0173 d\u0117l sukimo momento nustatym\u0173 ir jung\u010di\u0173 tip\u0173, kad b\u016bt\u0173 i\u0161vengta mechanini\u0173 gedim\u0173.<\/p>\n<p>Montuodami atkreipkite d\u0117mes\u012f \u012f cilindro orientacij\u0105, kad u\u017etikrintum\u0117te tinkam\u0105 jo veikim\u0105. Tinkamas sulygiavimas suma\u017eins cilindro ir susijusi\u0173 komponent\u0173 apkrov\u0105, padidindamas ilgaam\u017ei\u0161kum\u0105. Po montavimo atlikite i\u0161samius patikrinimus, kad \u012fsitikintum\u0117te, jog visos jungtys yra tvirtos ir kad hidraulin\u0117 sistema veikia tinkamai, prie\u0161 prad\u0117dami eksploatuoti mechanizm\u0105.<\/p>\n<h2>\u012eprastos prie\u017ei\u016bros u\u017eduotys<\/h2>\n<h3>Reguliar\u016bs patikrinimai<\/h3>\n<p>Reguliar\u016bs str\u0117l\u0117s cilindro patikrinimai yra labai svarb\u016bs norint anksti nustatyti galim\u0105 susid\u0117v\u0117jim\u0105 ar pa\u017eeidimus. Operatoriai tur\u0117t\u0173 patikrinti, ar n\u0117ra hidraulinio skys\u010dio nuot\u0117kio po\u017eymi\u0173, ne\u012fprast\u0173 gars\u0173 darbo metu ir ar n\u0117ra matom\u0173 korozijos ar fizin\u0117s \u017ealos po\u017eymi\u0173. Patikrinim\u0173 \u017eurnalo tvarkymas gali pad\u0117ti steb\u0117ti cilindro b\u016bkl\u0119 ir palengvinti savalaik\u012f remont\u0105.<\/p>\n<h3>Tinkamas tepimas<\/h3>\n<p>Tinkamas tepimas yra b\u016btinas efektyviam hidraulini\u0173 sistem\u0173 veikimui. Operatoriai tur\u0117t\u0173 u\u017etikrinti, kad str\u0117l\u0117s cilindras b\u016bt\u0173 reguliariai tepamas tinkama hidrauline alyva. Tai suma\u017eina trint\u012f tarp judan\u010di\u0173 dali\u0173 ir padeda i\u0161vengti perkaitimo. Gamintojo rekomendacij\u0173 d\u0117l tepimo interval\u0173 laikymasis gali pagerinti cilindro veikim\u0105 ir ilgaam\u017ei\u0161kum\u0105.<\/p>\n<h3>Tarpikli\u0173 keitimas ir kalibravimo patikrinimai<\/h3>\n<p>Regularly replacing seals is critical to prevent leaks and maintain the cylinder&#8217;s pressure. Operators should observe the condition of seals during inspections and replace them as needed. Additionally, performing calibration checks ensures that the hydraulic system operates within the correct parameters, enhancing safety and efficiency during operations.<\/p>\n<p><img decoding=\"async\" src=\"https:\/\/www.hydraulic-cylinders.net\/wp-content\/uploads\/2025\/04\/songte-chushion-collar.webp\" alt=\"Pagalv\u0117l\u0117s apykakl\u0117\" \/><\/p>\n<h2>Saugos aspektai ir aplinkos veiksniai<\/h2>\n<p>Dirbant su hidrauliniais cilindrais labai svarbu \u012fdiegti saugos priemones, siekiant apsaugoti operatorius ir \u012frang\u0105. Operatoriai, atlikdami eksploatacij\u0105 ir technin\u0119 prie\u017ei\u016br\u0105, tur\u0117t\u0173 d\u0117v\u0117ti tinkamas asmenines apsaugos priemones (AAP) ir laikytis saugos protokol\u0173. Be to, u\u017etikrinant, kad naudojamas hidraulinis skystis b\u016bt\u0173 saugus aplinkai, galima suma\u017einti galim\u0173 nuot\u0117ki\u0173 ar i\u0161siliejim\u0173 ekologin\u012f poveik\u012f.<\/p>\n<h2>Gedim\u0173 diagnostika ir da\u017eniausios problemos<\/h2>\n<ul>\n<li><strong>Nuot\u0117kis:<\/strong> Viena i\u0161 da\u017eniausi\u0173 str\u0117l\u0117s cilindr\u0173 problem\u0173 yra nuot\u0117kis. Tai gali sukelti susid\u0117v\u0117j\u0119 sandarikliai, pa\u017eeistos cilindro sienel\u0117s arba netinkamas montavimas. Reguliar\u016bs patikrinimai tur\u0117t\u0173 apimti skys\u010di\u0173 praradimo po\u017eymi\u0173 patikrinim\u0105 ir bet koki\u0173 nuot\u0117ki\u0173 skub\u0173 pa\u0161alinim\u0105.<\/li>\n<li><strong>Sl\u0117gio praradimas:<\/strong> Jei cilindras nepalaiko sl\u0117gio, tai gali rodyti sandarikli\u0173 arba hidraulin\u0117s sistemos problemas. Operatoriai tur\u0117t\u0173 \u012fvertinti vis\u0105 hidraulin\u0119 grandin\u0119, ar n\u0117ra u\u017esikim\u0161im\u0173 ar nuot\u0117ki\u0173, kurie gal\u0117t\u0173 tur\u0117ti \u012ftakos veikimui.<\/li>\n<li><strong>Ne\u012fprasti garsai:<\/strong> Hidrauliniai cilindrai turi veikti tyliai. Bet koks girg\u017ed\u0117jimas ar \u017evang\u0117jimas gali signalizuoti apie mechanin\u012f gedim\u0105 arba netinkam\u0105 sulygiavim\u0105. B\u016btina nedelsiant atlikti tyrim\u0105, kad b\u016bt\u0173 i\u0161vengta tolesn\u0117s \u017ealos.<\/li>\n<\/ul>\n<p>Gedim\u0173 \u0161alinimo patarimai apima i\u0161samaus cilindr\u0173 veikimo \u017eurnalo vedim\u0105 ir reguliarius technin\u0117s prie\u017ei\u016bros patikrinimus. Problem\u0173 sprendimas joms i\u0161kilus gali pad\u0117ti i\u0161vengti nedideli\u0173 problem\u0173 peraugimo \u012f rimtus gedimus. Operatoriai taip pat tur\u0117t\u0173 b\u016bti apmokyti atpa\u017einti \u012fsp\u0117jamuosius \u017eenklus ir suprasti savalaikio remonto svarb\u0105.<\/p>\n<p><img decoding=\"async\" src=\"https:\/\/www.hydraulic-cylinders.net\/wp-content\/uploads\/2025\/04\/songte-bushings-with-all-kinds-of-excavator-models.webp\" alt=\"Ekskavatoriaus \u012fvor\u0117s\" \/><\/p>\n<h2>Apie m\u016bs\u0173 \u012fmon\u0119<\/h2>\n<p>Esame pirmaujantis pakaitini\u0173 hidraulini\u0173 cilindr\u0173 gamintojas, si\u016blantis plat\u0173 gamini\u0173 asortiment\u0105, kuris pavert\u0117 mus \u017eymiu \u017eaid\u0117ju tiek vidaus, tiek tarptautin\u0117se rinkose. M\u016bs\u0173 \u012fsipareigojimas siekti meistri\u0161kumo skatina m\u016bs\u0173 pramonin\u0117s gamybos valdymo strategij\u0105, daugiausia d\u0117mesio skiriant patobulintiems gamybos procesams ir auk\u0161tiems kokyb\u0117s standartams. Siekdami didinti savo gamybos paj\u0117gumus, pasitelkiame pa\u017eangias technologijas, kvalifikuot\u0105 personal\u0105 ir moderniausi\u0105 gamybos \u012frang\u0105.<\/p>\n<p>M\u016bs\u0173 gamini\u0173 asortimentas apima \u012fvairius hidraulinius cilindrus, pritaikytus \u012fvairiems klient\u0173 poreikiams. Mes teikiame pirmenyb\u0119 tikslumui ir efektyvumui, u\u017etikrindami, kad m\u016bs\u0173 gaminiai atitikt\u0173 tarptautinius sertifikatus. M\u016bs\u0173 atsidavusi klient\u0173 aptarnavimo komanda teikia individualiai pritaikomus sprendimus ir garantinio aptarnavimo paslaugas, taip sustiprindama m\u016bs\u0173 \u012fsipareigojim\u0105 u\u017etikrinti klient\u0173 pasitenkinim\u0105.<\/p>\n<p><img decoding=\"async\" src=\"https:\/\/www.hydraulic-cylinders.net\/wp-content\/uploads\/2025\/04\/songte-company-4.webp\" alt=\"\u012emon\u0117s ap\u017evalga\" \/><br \/>\n<img decoding=\"async\" src=\"https:\/\/www.hydraulic-cylinders.net\/wp-content\/uploads\/2025\/04\/songte-company-3.webp\" alt=\"Gamybos \u012fmon\u0117\" \/><\/p>\n<p>Autorius: lyl<\/p>","protected":false},"excerpt":{"rendered":"<p>Boom Cylinder For Volvo Wheel Excavator EW60C Introduction to Boom Cylinder The boom cylinder is a crucial hydraulic component used in various heavy machinery, particularly in excavators, backhoe loaders, and front loaders. This hydraulic cylinder facilitates the movement of the bucket, enabling it to lift, lower, and tilt efficiently, which is essential for material handling [&hellip;]<\/p>","protected":false},"featured_media":17879,"comment_status":"open","ping_status":"closed","template":"","meta":{"_et_pb_use_builder":"","_et_pb_old_content":"","_et_gb_content_width":""},"product_brand":[],"product_cat":[1546],"product_tag":[1547,1496],"class_list":{"0":"post-19133","1":"product","2":"type-product","3":"status-publish","4":"has-post-thumbnail","6":"product_cat-boom-cylinders","7":"product_tag-boom-cylinders","8":"product_tag-hydraulic-cylinders","10":"first","11":"instock","12":"shipping-taxable","13":"product-type-simple"},"amp_enabled":true,"_links":{"self":[{"href":"https:\/\/www.hydraulic-cylinders.net\/lt\/wp-json\/wp\/v2\/product\/19133","targetHints":{"allow":["GET"]}}],"collection":[{"href":"https:\/\/www.hydraulic-cylinders.net\/lt\/wp-json\/wp\/v2\/product"}],"about":[{"href":"https:\/\/www.hydraulic-cylinders.net\/lt\/wp-json\/wp\/v2\/types\/product"}],"replies":[{"embeddable":true,"href":"https:\/\/www.hydraulic-cylinders.net\/lt\/wp-json\/wp\/v2\/comments?post=19133"}],"wp:featuredmedia":[{"embeddable":true,"href":"https:\/\/www.hydraulic-cylinders.net\/lt\/wp-json\/wp\/v2\/media\/17879"}],"wp:attachment":[{"href":"https:\/\/www.hydraulic-cylinders.net\/lt\/wp-json\/wp\/v2\/media?parent=19133"}],"wp:term":[{"taxonomy":"product_brand","embeddable":true,"href":"https:\/\/www.hydraulic-cylinders.net\/lt\/wp-json\/wp\/v2\/product_brand?post=19133"},{"taxonomy":"product_cat","embeddable":true,"href":"https:\/\/www.hydraulic-cylinders.net\/lt\/wp-json\/wp\/v2\/product_cat?post=19133"},{"taxonomy":"product_tag","embeddable":true,"href":"https:\/\/www.hydraulic-cylinders.net\/lt\/wp-json\/wp\/v2\/product_tag?post=19133"}],"curies":[{"name":"wp","href":"https:\/\/api.w.org\/{rel}","templated":true}]}}