{"id":19135,"date":"2025-04-07T06:14:33","date_gmt":"2025-04-07T06:14:33","guid":{"rendered":"https:\/\/www.hydraulic-cylinders.net\/product\/boom-cylinder-for-volvo-wheel-excavator-ew205d\/"},"modified":"2025-04-07T06:14:35","modified_gmt":"2025-04-07T06:14:35","slug":"boom-cylinder-for-volvo-wheel-excavator-ew205d","status":"publish","type":"product","link":"https:\/\/www.hydraulic-cylinders.net\/lt\/produktas\/boom-cylinder-for-volvo-wheel-excavator-ew205d\/","title":{"rendered":"\u201eVolvo\u201c ratinio ekskavatoriaus EW205D str\u0117l\u0117s cilindras"},"content":{"rendered":"<h1>\u201eVolvo\u201c ratinio ekskavatoriaus EW205D str\u0117l\u0117s cilindras<\/h1>\n<h2>Produkto ap\u017evalga<\/h2>\n<p>Str\u0117l\u0117s cilindras yra esmin\u0117 sunkiosios technikos, tokios kaip ekskavatoriai, ekskavatoriniai krautuvai ir frontaliniai krautuvai, hidraulini\u0173 sistem\u0173 dalis. Jis specialiai sukurtas kau\u0161o jud\u0117jimui valdyti, leid\u017eiant jam efektyviai kelti, nuleisti ir pakreipti atliekant med\u017eiag\u0173 tvarkymo u\u017eduotis. Str\u0117l\u0117s cilindras atlieka labai svarb\u0173 vaidmen\u012f bendrame ma\u0161inos veikime, leisdamas operatoriams tiksliai ir lengvai atlikti \u012fvairias u\u017eduotis, tokias kaip kasimas, k\u0117limas ir med\u017eiag\u0173 transportavimas.<\/p>\n<p><img decoding=\"async\" src=\"https:\/\/www.hydraulic-cylinders.net\/wp-content\/uploads\/2025\/04\/songte-company-1.webp\" alt=\"\u201eVolvo EW205D\u201c str\u0117l\u0117s cilindras\" \/><\/p>\n<h3>Apibr\u0117\u017eimas ir funkcionalumas<\/h3>\n<p>Kau\u0161o cilindras yra hidraulinio cilindro tipas, kuris veikia naudodamas hidraulin\u012f skyst\u012f j\u0117gai generuoti. \u0160i j\u0117ga naudojama mechaniniam darbui atlikti, leid\u017eiant ma\u0161inos kau\u0161ui susikibti su perkeliama med\u017eiaga. Hidraulin\u0117 sistema u\u017etikrina, kad kau\u0161as gal\u0117t\u0173 skland\u017eiai jud\u0117ti ir greitai reaguoti \u012f operatoriaus komandas, tod\u0117l jis yra nepakei\u010diamas \u012fvairiose sunkiosiose srityse.<\/p>\n<h2>Pagrindin\u0117s str\u0117l\u0117s cilindro savyb\u0117s<\/h2>\n<ul>\n<li><strong>Didelis stiprumas ir ilgaam\u017ei\u0161kumas:<\/strong> Pagamintas i\u0161 didelio stiprumo plieno arba aliuminio, str\u0117l\u0117s cilindras yra skirtas atlaikyti auk\u0161t\u0105 sl\u0117g\u012f ir dideles apkrovas, tod\u0117l tinka at\u0161iaurioms darbo s\u0105lygoms.<\/li>\n<li><strong>Efektyvus hidraulinis valdymas:<\/strong> Cilindras veikia naudodamas hidraulin\u0117s alyvos sl\u0117g\u012f, kad skland\u017eiai i\u0161skleist\u0173 ir atitraukt\u0173, u\u017etikrindamas stipri\u0105 st\u016bmimo ir traukimo j\u0117g\u0105, reikaling\u0105 sud\u0117tingoms u\u017eduotims atlikti.<\/li>\n<li><strong>Tip\u0173 \u012fvairov\u0117:<\/strong> Kai kurie modeliai yra teleskopiniai, tod\u0117l juos galima labiau prailginti nedidinant i\u0161orini\u0173 matmen\u0173, nes jie gali b\u016bti vienpusio veikimo (hidraulin\u0117 sistema naudojama viena kryptimi) arba dvipusio veikimo (hidraulin\u0117 sistema naudojama abiem kryptimis).<\/li>\n<li><strong>Pritaikomos parinktys:<\/strong> Str\u0117l\u0117s cilindr\u0105 galima pritaikyti konkretiems eksploatavimo poreikiams, u\u017etikrinant, kad jis skland\u017eiai integruosis su \u012fvairi\u0173 tip\u0173 technika.<\/li>\n<li><strong>Atsparumas korozijai:<\/strong> Sukurtos atsi\u017evelgiant \u012f atsparum\u0105 dilimui, str\u0117l\u0117s cilindro med\u017eiagos da\u017enai yra apdorojamos, kad b\u016bt\u0173 atsparios korozijai, taip pailginant jo tarnavimo laik\u0105.<\/li>\n<\/ul>\n<h2>Gamybos paj\u0117gumai<\/h2>\n<p>Specializuojam\u0117s str\u0117l\u0117s cilindr\u0173 gamyboje, u\u017etikrindami, kad m\u016bs\u0173 gaminiai puikiai pakeis esamus hidraulinius cilindrus. M\u016bs\u0173 gamybos procesas atitinka grie\u017etus kokyb\u0117s standartus, kad b\u016bt\u0173 u\u017etikrintas patikimumas ir na\u0161umas.<\/p>\n<p><img decoding=\"async\" src=\"https:\/\/www.hydraulic-cylinders.net\/wp-content\/uploads\/2025\/04\/songte-cylinder-head-with-all-kinds-excavator-models.webp\" alt=\"Ekskavatoriaus cilindr\u0173 modeliai\" \/><\/p>\n<h2>Str\u0117l\u0117s cilindro pritaikymas<\/h2>\n<ul>\n<li><strong>Statybin\u0117 \u012franga:<\/strong> Ekskavatoriuose b\u016btini str\u0117l\u0117s cilindrai palengvina pagrindines operacijas, tokias kaip kasimas, krovimas ir \u017eem\u0117s ar \u0161iuk\u0161li\u0173 perk\u0117limas. Ekskavatoriuose-krautuvuose jie padeda atlikti tiek kasimo, tiek k\u0117limo u\u017eduotis.<\/li>\n<li><strong>\u017dem\u0117s \u016bkio technika:<\/strong> Priekiniuose krautuvuose str\u0117l\u0117s cilindras leid\u017eia operatoriams efektyviai semti, kelti ir transportuoti med\u017eiagas, tokias kaip dirvo\u017eemis, \u0161ienas ir kiti bir\u016bs daiktai.<\/li>\n<li><strong>Ekskavatoriai:<\/strong> Str\u0117l\u0117s cilindras leid\u017eia kau\u0161ui \u012fsiskverbti \u012f \u017eem\u0119, palengvindamas efektyvius kasimo veiksmus, tod\u0117l tai yra pagrindinis kasimo darb\u0173 komponentas.<\/li>\n<li><strong>Krautuvai:<\/strong> Priekiniuose krautuvuose str\u0117l\u0117s cilindrai padeda kelti ir i\u0161versti krovinius, taip padidindami bendr\u0105 med\u017eiag\u0173 tvarkymo operacij\u0173 efektyvum\u0105.<\/li>\n<\/ul>\n<h2>Dizaino aspektai<\/h2>\n<ul>\n<li><strong>Keliamoji galia:<\/strong> Str\u0117l\u0117s cilindras turi b\u016bti suprojektuotas taip, kad atlaikyt\u0173 maksimali\u0105 apkrov\u0105, numatom\u0105 eksploatacijos metu. Tai apima kruop\u0161t\u0173 naudojam\u0173 med\u017eiag\u0173 apskai\u010diavim\u0105 ir konstrukcijos konstrukcin\u012f vientisum\u0105.<\/li>\n<li><strong>Sandarinimo efektyvumas:<\/strong> Efektyvus sandarinimas yra labai svarbus siekiant i\u0161vengti hidraulinio skys\u010dio nuot\u0117kio. Siekiant u\u017etikrinti ilgaam\u017ei\u0161kum\u0105 ir patikimum\u0105, taip suma\u017einant prie\u017ei\u016bros problem\u0173 rizik\u0105, reikia naudoti auk\u0161tos kokyb\u0117s sandariklius.<\/li>\n<li><strong>Patvarumas:<\/strong> Konstrukcijoje tur\u0117t\u0173 b\u016bti naudojamos med\u017eiagos ir apdailos med\u017eiagos, kurios apsaugo nuo nusid\u0117v\u0117jimo, korozijos ir nuovargio, u\u017etikrinant efektyv\u0173 baliono veikim\u0105 vis\u0105 jo eksploatavimo laik\u0105.<\/li>\n<li><strong>Saugos funkcijos:<\/strong> Labai svarbu \u012fdiegti saugos mechanizmus, kad b\u016bt\u0173 i\u0161vengta gedim\u0173 ir nelaiming\u0173 atsitikim\u0173 eksploatacijos metu, u\u017etikrinant operatori\u0173 ir aplinkini\u0173 darbuotoj\u0173 saugum\u0105.<\/li>\n<li><strong>Tinkamumas naudoti:<\/strong> Konstrukcija tur\u0117t\u0173 u\u017etikrinti lengv\u0105 prieig\u0105 prie komponent\u0173 techninei prie\u017ei\u016brai ir remontui, taip suma\u017einant prastovas ir padidinant na\u0161um\u0105.<\/li>\n<\/ul>\n<p><img decoding=\"async\" src=\"https:\/\/www.hydraulic-cylinders.net\/wp-content\/uploads\/2025\/04\/songte-oil-pipes-and-spare-parts.webp\" alt=\"Hidrauliniai komponentai\" \/><\/p>\n<h2>Sandarinimas ir tepimas<\/h2>\n<p>\u012evairi\u0173 sandarinimo element\u0173, toki\u0173 kaip st\u016bmoklio ir koto sandarikliai, naudojimas yra labai svarbus efektyviam str\u0117l\u0117s cilindro veikimui. Sandarikliai, pagaminti i\u0161 patvari\u0173 med\u017eiag\u0173, toki\u0173 kaip poliuretanas ir nitrilo kau\u010diukas, u\u017etikrina ilgalaik\u012f veikim\u0105. Be to, cilindro korpusas ir srieginiai galai turi b\u016bti kruop\u0161\u010diai apdirbti, kad padid\u0117t\u0173 atsparumas dilimui. Taip pat b\u016btina reguliariai tepti hidrauline alyva, kad b\u016bt\u0173 u\u017etikrintas sklandus veikimas ir i\u0161vengta pa\u017eeidim\u0173.<\/p>\n<h2>Prevencin\u0117s prie\u017ei\u016bros priemon\u0117s<\/h2>\n<ul>\n<li><strong>Reguliar\u016bs patikrinimai:<\/strong> Reguliariai tikrinkite, ar n\u0117ra nusid\u0117v\u0117jimo ar pa\u017eeidim\u0173 po\u017eymi\u0173. Ankstyvas problem\u0173 nustatymas gali pad\u0117ti i\u0161vengti rimtesni\u0173 problem\u0173 ateityje.<\/li>\n<li><strong>Tinkamas tepimas:<\/strong> Reguliariai papildykite hidraulin\u0117s alyvos lyg\u012f, kad i\u0161laikytum\u0117te optimal\u0173 na\u0161um\u0105 ir i\u0161vengtum\u0117te judan\u010di\u0173 dali\u0173 per didelio susid\u0117v\u0117jimo.<\/li>\n<li><strong>Sandariklio keitimas:<\/strong> Steb\u0117kite sandarikli\u0173 b\u016bkl\u0119 ir prireikus juos pakeiskite, kad i\u0161vengtum\u0117te nuot\u0117ki\u0173 ir palaikytum\u0117te hidraulin\u012f sl\u0117g\u012f.<\/li>\n<\/ul>\n<h2>\u012erengimo gair\u0117s<\/h2>\n<p>Tinkamas str\u0117l\u0117s cilindro montavimas yra labai svarbus optimaliam veikimui. Pirmiausia \u012fsitikinkite, kad cilindras teisingai sulygiuotas su tvirtinimo ta\u0161kais. Naudokite tinkamus tvirtinimo laikiklius, kad pritvirtintum\u0117te cilindr\u0105 vietoje, u\u017etikrindami lankstum\u0105 ir jud\u0117jim\u0105 be per didelio \u012ftempimo. Laikykit\u0117s gamintojo specifikacij\u0173, kaip prijungti hidraulines linijas, u\u017etikrindami, kad neb\u016bt\u0173 joki\u0173 sulenkim\u0173 ar kli\u016b\u010di\u0173. \u012edieg\u0119 patikrinkite, ar sistemoje n\u0117ra nuot\u0117ki\u0173, ir atlikite funkcin\u012f bandym\u0105, kad \u012fsitikintum\u0117te, jog viskas veikia skland\u017eiai.<\/p>\n<h2>Prie\u017ei\u016bros u\u017eduotys<\/h2>\n<ul>\n<li><strong>Reguliar\u016bs patikrinimai:<\/strong> Suplanuokite \u012fprastinius patikrinimus, kad \u012fvertintum\u0117te baliono ir aplinkini\u0173 komponent\u0173 b\u016bkl\u0119, ie\u0161kodami susid\u0117v\u0117jimo ar pa\u017eeidimo po\u017eymi\u0173.<\/li>\n<li><strong>Tinkamas tepimas:<\/strong> Palaikykite tinkam\u0105 hidraulin\u0117s alyvos lyg\u012f, kad u\u017etikrintum\u0117te skland\u0173 veikim\u0105 ir suma\u017eintum\u0117te trint\u012f tarp judan\u010di\u0173 dali\u0173.<\/li>\n<li><strong>Sandariklio keitimas ir kalibravimas:<\/strong> Nedelsdami pakeiskite susid\u0117v\u0117jusius sandariklius ir prireikus sukalibruokite hidraulin\u0119 sistem\u0105, kad u\u017etikrintum\u0117te pastov\u0173 veikim\u0105 ir i\u0161vengtum\u0117te nuot\u0117ki\u0173.<\/li>\n<\/ul>\n<h2>Saugos aspektai ir aplinkos veiksniai<\/h2>\n<p>Valdant sunki\u0105j\u0105 technik\u0105, saugos priemon\u0117s yra nepaprastai svarbios. Operatoriai visada turi d\u0117v\u0117ti tinkam\u0105 apsaugin\u0119 \u012frang\u0105 ir laikytis tinkam\u0173 darbo protokol\u0173, kad suma\u017eint\u0173 rizik\u0105. Be to, reikia laikytis aplinkosaugos reikalavim\u0173, pavyzd\u017eiui, hidraulini\u0173 skys\u010di\u0173 i\u0161siliejimo tvarkymo ir tinkam\u0173 atliek\u0173 \u0161alinimo b\u016bd\u0173, siekiant apsaugoti aplink\u0105 ir laikytis taisykli\u0173.<\/p>\n<h2>Da\u017eniausiai pasitaikan\u010di\u0173 problem\u0173 \u0161alinimas<\/h2>\n<ul>\n<li><strong>Sl\u0117gio praradimas:<\/strong> Tai gali rodyti hidraulin\u0117s sistemos nuot\u0117k\u012f. Patikrinkite visas jungtis ir sandariklius, ar n\u0117ra skys\u010dio nuot\u0117kio po\u017eymi\u0173.<\/li>\n<li><strong>Neefektyvus jud\u0117jimas:<\/strong> Jei cilindras skland\u017eiai nei\u0161siple\u010dia arba nesusitraukia, patikrinkite, ar hidrauliniame skystyje n\u0117ra u\u017esikim\u0161im\u0173 ar u\u017eter\u0161tumo.<\/li>\n<li><strong>Ne\u012fprasti garsai:<\/strong> \u010ciurks\u0117jimas ar bar\u0161k\u0117jimas eksploatacijos metu gali rodyti mechanin\u012f gedim\u0105 arba nepakankam\u0105 tepim\u0105.<\/li>\n<\/ul>\n<h2>Problem\u0173 sprendimo patarimai<\/h2>\n<p>Norint veiksmingai diagnozuoti ir i\u0161spr\u0119sti problemas, reikia vesti na\u0161umo ir vis\u0173 eksploatacijos metu pasteb\u0117t\u0173 pa\u017eeidim\u0173 \u017eurnal\u0105. Reguliarus techninis aptarnavimas gali pad\u0117ti i\u0161vengti galim\u0173 problem\u0173, pavyzd\u017eiui, pakeisti sandariklius prie\u0161 jiems sugedus arba u\u017etikrinti pakankam\u0105 hidraulinio skys\u010dio lyg\u012f. Skatinimas operatori\u0173 nedelsiant prane\u0161ti apie bet kok\u012f ne\u012fprast\u0105 elges\u012f taip pat gali pad\u0117ti i\u0161laikyti str\u0117l\u0117s cilindro ilgaam\u017ei\u0161kum\u0105 ir efektyvum\u0105.<\/p>\n<p><img decoding=\"async\" src=\"https:\/\/www.hydraulic-cylinders.net\/wp-content\/uploads\/2025\/04\/songte-bushings-with-all-kinds-of-excavator-models.webp\" alt=\"Ekskavatori\u0173 modeli\u0173 \u012fvor\u0117s\" \/><\/p>\n<h2>\u012emon\u0117s ap\u017evalga<\/h2>\n<p>Esame pirmaujantis hidraulini\u0173 cilindr\u0173 gamintojas, specializuojantis tiekiant auk\u0161tos kokyb\u0117s \u012fvairi\u0173 ma\u0161in\u0173 pakaitalus. Platus gamini\u0173 asortimentas leido mums tapti pirmaujan\u010diu didmenininku tiek vidaus, tiek tarptautin\u0117se rinkose. Mes teikiame pirmenyb\u0119 nepriekai\u0161tingai kokybei, taikydami rafinuotas gamybos strategijas, apiman\u010dias pa\u017eangias technologijas ir kvalifikuotus darbuotojus. M\u016bs\u0173 \u012fsipareigojimas diegti inovacijas u\u017etikrina, kad efektyviai ir veiksmingai patenkiname \u012fvairius klient\u0173 poreikius.<\/p>\n<p><img decoding=\"async\" src=\"https:\/\/www.hydraulic-cylinders.net\/wp-content\/uploads\/2025\/04\/songte-company-4.webp\" alt=\"\u012emon\u0117s gamyba\" \/><br \/>\n<img decoding=\"async\" src=\"https:\/\/www.hydraulic-cylinders.net\/wp-content\/uploads\/2025\/04\/songte-company-3.webp\" alt=\"Hidraulini\u0173 cilindr\u0173 gamyba\" \/><\/p>\n<p>M\u016bs\u0173 patirtis apima ne tik gamyb\u0105, bet ir profesional\u0173 sertifikavim\u0105, individualiai pritaikytas paslaugas bei patikim\u0105 garantin\u012f aptarnavim\u0105, u\u017etikrinant, kad m\u016bs\u0173 klientai gaut\u0173 ne tik auk\u0161\u010diausios kokyb\u0117s produktus, bet ir i\u0161skirtin\u012f aptarnavim\u0105 visos j\u0173 patirties metu.<\/p>\n<p>Autorius: lyl<\/p>","protected":false},"excerpt":{"rendered":"<p>Boom Cylinder For Volvo Wheel Excavator EW205D Product Overview The boom cylinder is an essential component of hydraulic systems in heavy machinery such as excavators, backhoe loaders, and front loaders. It is specifically designed to control the movement of the bucket, enabling it to lift, lower, and tilt efficiently during material handling tasks. The boom [&hellip;]<\/p>","protected":false},"featured_media":17881,"comment_status":"open","ping_status":"closed","template":"","meta":{"_et_pb_use_builder":"","_et_pb_old_content":"","_et_gb_content_width":""},"product_brand":[],"product_cat":[1546],"product_tag":[1547,1496],"class_list":{"0":"post-19135","1":"product","2":"type-product","3":"status-publish","4":"has-post-thumbnail","6":"product_cat-boom-cylinders","7":"product_tag-boom-cylinders","8":"product_tag-hydraulic-cylinders","10":"first","11":"instock","12":"shipping-taxable","13":"product-type-simple"},"amp_enabled":true,"_links":{"self":[{"href":"https:\/\/www.hydraulic-cylinders.net\/lt\/wp-json\/wp\/v2\/product\/19135","targetHints":{"allow":["GET"]}}],"collection":[{"href":"https:\/\/www.hydraulic-cylinders.net\/lt\/wp-json\/wp\/v2\/product"}],"about":[{"href":"https:\/\/www.hydraulic-cylinders.net\/lt\/wp-json\/wp\/v2\/types\/product"}],"replies":[{"embeddable":true,"href":"https:\/\/www.hydraulic-cylinders.net\/lt\/wp-json\/wp\/v2\/comments?post=19135"}],"wp:featuredmedia":[{"embeddable":true,"href":"https:\/\/www.hydraulic-cylinders.net\/lt\/wp-json\/wp\/v2\/media\/17881"}],"wp:attachment":[{"href":"https:\/\/www.hydraulic-cylinders.net\/lt\/wp-json\/wp\/v2\/media?parent=19135"}],"wp:term":[{"taxonomy":"product_brand","embeddable":true,"href":"https:\/\/www.hydraulic-cylinders.net\/lt\/wp-json\/wp\/v2\/product_brand?post=19135"},{"taxonomy":"product_cat","embeddable":true,"href":"https:\/\/www.hydraulic-cylinders.net\/lt\/wp-json\/wp\/v2\/product_cat?post=19135"},{"taxonomy":"product_tag","embeddable":true,"href":"https:\/\/www.hydraulic-cylinders.net\/lt\/wp-json\/wp\/v2\/product_tag?post=19135"}],"curies":[{"name":"wp","href":"https:\/\/api.w.org\/{rel}","templated":true}]}}