{"id":19138,"date":"2025-04-07T06:14:41","date_gmt":"2025-04-07T06:14:41","guid":{"rendered":"https:\/\/www.hydraulic-cylinders.net\/product\/boom-cylinder-for-sany-small-excavator-sy65-9\/"},"modified":"2025-04-07T06:14:43","modified_gmt":"2025-04-07T06:14:43","slug":"boom-cylinder-for-sany-small-excavator-sy65-9","status":"publish","type":"product","link":"https:\/\/www.hydraulic-cylinders.net\/lt\/produktas\/boom-cylinder-for-sany-small-excavator-sy65-9\/","title":{"rendered":"Sany ma\u017eo ekskavatoriaus SY65-9 str\u0117l\u0117s cilindras"},"content":{"rendered":"<h1>Sany ma\u017eo ekskavatoriaus SY65-9 str\u0117l\u0117s cilindras<\/h1>\n<h2>Produkto ap\u017evalga<\/h2>\n<p>\u201eSany Small Excavator SY65-9\u201c str\u0117l\u0117s cilindras yra hidraulinis cilindras, specialiai sukurtas valdyti ekskavatori\u0173 str\u0117l\u0117s jud\u0117jim\u0105. \u0160ie cilindrai atlieka labai svarb\u0173 vaidmen\u012f hidraulin\u0117se sistemose, u\u017etikrindami reikiam\u0105 j\u0117g\u0105 str\u0117lei pakelti, nuleisti ir pakreipti. \u0160i savyb\u0117 leid\u017eia efektyviai tvarkyti med\u017eiagas \u012fvairiose srityse, \u012fskaitant statybos ir kasimo darbus. Kau\u0161o cilindras yra b\u016btinas sunkiosioms ma\u0161inoms, tokioms kaip ekskavatoriai, ekskavatoriniai krautuvai ir frontaliniai krautuvai. Jo hidraulin\u0117 konstrukcija u\u017etikrina skland\u0173 veikim\u0105 ir geb\u0117jim\u0105 atlaikyti auk\u0161t\u0105 sl\u0117g\u012f, tod\u0117l jis yra b\u016btinas atliekant sunkiasvores u\u017eduotis.<\/p>\n<p><img decoding=\"async\" src=\"https:\/\/www.hydraulic-cylinders.net\/wp-content\/uploads\/2025\/04\/songte-company-1.webp\" alt=\"Ekskavatori\u0173 str\u0117l\u0117s cilindras\"><\/p>\n<h2>Pagrindin\u0117s str\u0117l\u0117s cilindro savyb\u0117s<\/h2>\n<ul>\n<li><strong>Didelis stiprumas ir ilgaam\u017ei\u0161kumas:<\/strong> \u0160ie cilindrai, pagaminti i\u0161 didelio stiprumo plieno arba aliuminio, gali atlaikyti didel\u012f sl\u0117g\u012f ir dideles apkrovas, prisitaikydami prie at\u0161iauri\u0173 darbo s\u0105lyg\u0173. J\u0173 konstrukcija atsi\u017evelg\u0117 \u012f atsparum\u0105 dilimui ir apsaug\u0105 nuo korozijos, tod\u0117l pailg\u0117ja j\u0173 tarnavimo laikas.<\/li>\n<li><strong>Efektyvus hidraulinis valdymas:<\/strong> Naudodamas hidraulin\u0117s alyvos sl\u0117g\u012f, str\u0117l\u0117s cilindras u\u017etikrina skland\u0173 i\u0161skleidim\u0105 ir \u012ftraukim\u0105, greitai reaguodamas \u012f valdymo komandas ir u\u017etikrindamas galing\u0105 st\u016bmimo bei traukimo j\u0117g\u0105, idealiai tinkan\u010di\u0105 sunkioms ir sud\u0117tingoms u\u017eduotims atlikti.<\/li>\n<li><strong>\u012evair\u016bs tipai:<\/strong> Galima \u012fsigyti tiek vienpusio veikimo (hidraulinis naudojimas viena kryptimi), tiek dvipusio veikimo (hidraulinis naudojimas abiem kryptimis) konstrukcij\u0173, kai kurie modeliai turi teleskopines galimybes, leid\u017eian\u010dias labiau i\u0161tiesti nedidinant i\u0161orini\u0173 matmen\u0173, tod\u0117l tinka naudoti ribotoje erdv\u0117je.<\/li>\n<li><strong>Individuali gamyba:<\/strong> Galime pagaminti \u0161\u012f gamin\u012f, u\u017etikrindami, kad jis puikiai pakeist\u0173 esamus hidraulinius cilindrus \u012fvairiose ma\u0161inose, pagerindamas suderinamum\u0105 ir na\u0161um\u0105.<\/li>\n<\/ul>\n<p><img decoding=\"async\" src=\"https:\/\/www.hydraulic-cylinders.net\/wp-content\/uploads\/2025\/04\/songte-cylinder-head-with-all-kinds-excavator-models.webp\" alt=\"Ekskavatoriaus cilindro galvut\u0117\"><\/p>\n<h2>Taikymo scenarijai<\/h2>\n<h3>Statybin\u0117 \u012franga<\/h3>\n<p>Ekskavatoriuose str\u0117l\u0117s cilindrai yra labai svarb\u016bs kasant, kraunant ir perkeliant \u017eem\u0119 ar \u0161iuk\u0161les. J\u0173 geb\u0117jimas greitai i\u0161sitiesti ir susitraukti leid\u017eia operatoriams efektyviai atlikti u\u017eduotis be v\u0117lavim\u0173. Ekskavatoriuose-krautuvuose \u0161ie cilindrai padeda ne tik kasti, bet ir kelti, tod\u0117l jie yra universal\u016bs \u012frankiai statybviet\u0117se.<\/p>\n<h3>\u017dem\u0117s \u016bkio technika<\/h3>\n<p>Priekiniuose krautuvuose str\u0117l\u0117s cilindrai naudojami dirvo\u017eemiui, \u0161ienui ir kitoms med\u017eiagoms semti, kelti ir transportuoti. D\u0117l tvirtos konstrukcijos ir greito veikimo jie yra b\u016btini \u012fvairioms \u017eem\u0117s \u016bkio u\u017eduotims atlikti, didinant na\u0161um\u0105 ir efektyvum\u0105.<\/p>\n<h3>Ekskavatoriai<\/h3>\n<p>Ekskavatoriai labai pasikliauja str\u0117l\u0117s cilindrais, kad \u012fsiskverbt\u0173 \u012f \u017eem\u0119 ir taip palengvint\u0173 kasimo proces\u0105. \u0160i\u0173 cilindr\u0173 konstrukcija leid\u017eia tiksliai valdyti str\u0117l\u0117s jud\u0117jim\u0105, u\u017etikrinant, kad operatoriai gal\u0117t\u0173 lengvai \u012fveikti sud\u0117ting\u0105 reljef\u0105.<\/p>\n<h3>Krautuvai<\/h3>\n<p>Priekiniuose krautuvuose str\u0117l\u0117s cilindrai atlieka gyvybi\u0161kai svarb\u0173 vaidmen\u012f efektyviai keliant ir i\u0161kraunant krovinius. J\u0173 geb\u0117jimas susidoroti su dideliais svoriais u\u017etikrina, kad operatoriai gali greitai ir efektyviai atlikti krovimo u\u017eduotis, maksimaliai padidindami produktyvum\u0105 darbo vietoje.<\/p>\n<h2>Projektavimo aspektai ir atrankos kriterijai<\/h2>\n<h3>Keliamoji galia<\/h3>\n<p>Renkantis str\u0117l\u0117s cilindr\u0105, labai svarbu suprasti jo keliam\u0105j\u0105 gali\u0105. Cilindras turi atlaikyti maksimal\u0173 svor\u012f, kuris bus veikiamas eksploatacijos metu. Tai apima tiek statini\u0173, tiek dinamini\u0173 apkrov\u0173 \u012fvertinim\u0105, siekiant u\u017etikrinti saug\u0173 ir patikim\u0105 veikim\u0105. Cilindro perkrova gali sukelti gedim\u0105, d\u0117l kurio gali kilti brangi\u0173 prastov\u0173 ir remonto darb\u0173.<\/p>\n<h3>Sandarinimas<\/h3>\n<p>Sandarinimas yra labai svarbus efektyviam hidraulini\u0173 cilindr\u0173 veikimui. Auk\u0161tos kokyb\u0117s sandarikliai apsaugo nuo hidraulinio skys\u010dio nutek\u0117jimo ir u\u017etikrina efektyv\u0173 veikim\u0105. Pasirinkus sandariklius, pagamintus i\u0161 toki\u0173 med\u017eiag\u0173 kaip poliuretanas ir nitrilo kau\u010diukas, padid\u0117ja patvarumas ir atsparumas dilimui, pailginant cilindro tarnavimo laik\u0105.<\/p>\n<h3>Patvarumas<\/h3>\n<p>Patvarumas yra pagrindinis str\u0117l\u0117s cilindr\u0173 aspektas, ypa\u010d atsi\u017evelgiant \u012f sud\u0117tingas j\u0173 eksploatavimo s\u0105lygas. Pasirinkus cilindrus su apsaugin\u0117mis dangomis ir tvirtomis med\u017eiagomis, galima gerokai suma\u017einti nusid\u0117v\u0117jim\u0105 ir \u017eal\u0105 aplinkai, taip pailginant tarnavimo laik\u0105 ir suma\u017einant prie\u017ei\u016bros i\u0161laidas.<\/p>\n<h3>Saugumas<\/h3>\n<p>Saugos funkcijos yra labai svarbios projektuojant hidraulinius cilindrus. Apsaugini\u0173 vo\u017etuv\u0173 ir sl\u0117gio ma\u017einimo mechanizm\u0173 \u012ftraukimas gali pad\u0117ti i\u0161vengti nelaiming\u0173 atsitikim\u0173 ir su\u017ealojim\u0173 darbo vietoje. Reguliarus \u0161i\u0173 funkcij\u0173 vertinimas atliekant technin\u0119 prie\u017ei\u016br\u0105 gali u\u017etikrinti, kad jos tinkamai veikt\u0173, kai to reikia.<\/p>\n<h3>Prie\u017ei\u016bra<\/h3>\n<p>Konstrukcija, u\u017etikrinanti lengv\u0105 prie\u017ei\u016br\u0105, yra gyvybi\u0161kai svarbi norint prailginti str\u0117l\u0117s cilindr\u0173 tarnavimo laik\u0105. Tokios savyb\u0117s kaip lengvai kei\u010diami sandarikliai ir paprastos prieigos ta\u0161kai tepimui ir patikrai gali sutaupyti laiko ir darbo s\u0105naud\u0173. \u012egyvendinant prevencin\u0117s prie\u017ei\u016bros grafik\u0105 galima gerokai padidinti cilindro na\u0161um\u0105 ir patikimum\u0105.<\/p>\n<p><img decoding=\"async\" src=\"https:\/\/www.hydraulic-cylinders.net\/wp-content\/uploads\/2025\/04\/songte-oil-pipes-and-spare-parts.webp\" alt=\"Hidraulin\u0117s dalys ir priedai\"><\/p>\n<h2>Sandarinimas ir tepimas<\/h2>\n<p>Tinkamas sandarinimas ir tepimas yra labai svarb\u016bs efektyviam str\u0117l\u0117s cilindr\u0173 veikimui. \u012evairi\u0173 sandarinimo element\u0173, toki\u0173 kaip st\u016bmokli\u0173 ir stryp\u0173 sandarikliai, naudojimas u\u017etikrina, kad hidraulinis skystis likt\u0173 sandarus ir neb\u016bt\u0173 nuot\u0117ki\u0173. Tokios med\u017eiagos kaip poliuretanas ir nitrilo kau\u010diukas yra pageidaujamos d\u0117l j\u0173 atsparumo dilimui. Cilindro korpusas ir srieginiai galiniai pavir\u0161iai turi b\u016bti kruop\u0161\u010diai apdirbti, kad padid\u0117t\u0173 j\u0173 patvarumas. Taip pat b\u016btina reguliariai \u012fpilti tinkam\u0105 kiek\u012f hidraulin\u0117s alyvos tepimui, kad b\u016bt\u0173 i\u0161laikytas optimalus veikimas ir i\u0161vengta dilimo.<\/p>\n<h2>Reguliarios patikros ir prevencin\u0117s prie\u017ei\u016bros priemon\u0117s<\/h2>\n<ul>\n<li><strong>\u012eprastiniai patikrinimai:<\/strong> Reguliariai tikrinkite str\u0117l\u0117s cilindr\u0105, ar n\u0117ra susid\u0117v\u0117jimo, nuot\u0117ki\u0173 ar pa\u017eeidim\u0173 po\u017eymi\u0173. Ankstyvas problem\u0173 nustatymas gali pad\u0117ti i\u0161vengti brangaus remonto ir pailginti cilindro tarnavimo laik\u0105.<\/li>\n<li><strong>Tinkamas tepimas:<\/strong> Siekiant u\u017etikrinti skland\u0173 veikim\u0105, reguliariai atlikite tepim\u0105. Naudokite rekomenduojam\u0105 hidraulin\u0119 alyv\u0105 ir laikykit\u0117s gamintojo nurodym\u0173 d\u0117l tepimo interval\u0173.<\/li>\n<li><strong>Sandariklio keitimas:<\/strong> Steb\u0117kite tarpikli\u0173 b\u016bkl\u0119 ir prireikus juos keiskite, kad i\u0161vengtum\u0117te nuot\u0117ki\u0173 ir i\u0161laikytum\u0117te efektyvum\u0105. Tarpikli\u0173 keitimo planavimas \u012fprastin\u0117s prie\u017ei\u016bros metu gali pagerinti cilindro na\u0161um\u0105 ir patikimum\u0105.<\/li>\n<\/ul>\n<h2>\u012erengimo gair\u0117s<\/h2>\n<p>Norint tinkamai sumontuoti str\u0117l\u0117s cilindr\u0105, pirmiausia tiksliai sulygiuokite j\u012f su ekskavatoriaus tvirtinimo ta\u0161kais. Naudojant tinkamus tvirtinimo laikiklius, cilindr\u0105 galima pritvirtinti vietoje. B\u016btinai laikykit\u0117s gamintojo nurodym\u0173 d\u0117l sukimo momento nustatym\u0173, kad u\u017etikrintum\u0117te tvirt\u0105 pritvirtinim\u0105. \u012estat\u0119 patikrinkite, ar n\u0117ra kli\u016b\u010di\u0173, kurios gali trukdyti cilindro jud\u0117jimui. \u012erengus cilindr\u0105, labai svarbu i\u0161bandyti jo veikim\u0105 saugiomis s\u0105lygomis, kad prie\u0161 pradedant visapusi\u0161k\u0105 darb\u0105 \u012fsitikintum\u0117te, jog jis veikia tinkamai. Konkre\u010dias instrukcijas, susijusias su j\u016bs\u0173 modeliu, visada \u017er. techniniame vadove.<\/p>\n<h2>\u012eprastos prie\u017ei\u016bros u\u017eduotys<\/h2>\n<h3>Reguliar\u016bs patikrinimai<\/h3>\n<p>Reguliar\u016bs patikrinimai yra b\u016btini norint nustatyti galimas problemas, kol jos nepa\u016bm\u0117jo. Eksploatacijos metu ie\u0161kokite susid\u0117v\u0117jimo po\u017eymi\u0173, skys\u010di\u0173 nuot\u0117ki\u0173 ar ne\u012fprast\u0173 gars\u0173. I\u0161sami\u0173 patikrinim\u0173 ir nustatyt\u0173 problem\u0173 \u012fra\u0161\u0173 tvarkymas gali pad\u0117ti i\u0161laikyti cilindro veikim\u0105 ir patikimum\u0105.<\/p>\n<h3>Tinkamas tepimas<\/h3>\n<p>Tinkamas tepimas yra labai svarbus hidraulini\u0173 komponent\u0173 ilgaam\u017ei\u0161kumui. Naudokite gamintojo rekomenduojam\u0105 hidraulin\u0119 alyv\u0105 ir u\u017etikrinkite, kad ji b\u016bt\u0173 tepama nurodytais intervalais. Reguliarus tepimas padeda suma\u017einti trint\u012f tarp judan\u010di\u0173 dali\u0173 ir apsaugo nuo prie\u0161laikinio susid\u0117v\u0117jimo, u\u017etikrindamas skland\u0173 veikim\u0105.<\/p>\n<h3>Tarpikli\u0173 keitimas ir kalibravimo patikrinimai<\/h3>\n<p>Norint i\u0161laikyti hidraulin\u012f vientisum\u0105, b\u016btina periodi\u0161kai keisti sandariklius. Sandarikli\u0173 susid\u0117v\u0117jimo steb\u0117jimas ir savalaikis j\u0173 pakeitimas gali pad\u0117ti i\u0161vengti brangiai kainuojan\u010di\u0173 nuot\u0117ki\u0173. Be to, atliekant kalibravimo patikrinimus u\u017etikrinama, kad hidraulinis cilindras veikt\u0173 pagal nurodytus parametrus, taip padidinant saug\u0105 ir efektyvum\u0105.\n<\/p>\n<p><img decoding=\"async\" src=\"https:\/\/www.hydraulic-cylinders.net\/wp-content\/uploads\/2025\/04\/songte-chushion-collar.webp\" alt=\"Ekskavatori\u0173 pagalv\u0117li\u0173 apykakl\u0117\"><\/p>\n<h2>Saugos aspektai ir aplinkos veiksniai<\/h2>\n<p>Dirbant su hidrauliniais cilindrais, labai svarbu \u012fdiegti saugos priemones. Operatoriai tur\u0117t\u0173 b\u016bti apmokyti saugaus elgesio proced\u016br\u0173, kad b\u016bt\u0173 suma\u017einta rizika, pvz., skys\u010di\u0173 nuot\u0117kis ar \u012frangos gedimas. Be to, ekologi\u0161k\u0173 hidraulini\u0173 skys\u010di\u0173 naudojimas gali suma\u017einti poveik\u012f aplinkai ir skatinti tvarum\u0105 operacijose.<\/p>\n<h2>Trik\u010di\u0173 \u0161alinimas ir da\u017eniausiai pasitaikan\u010dios problemos<\/h2>\n<ul>\n<li><strong>Skys\u010di\u0173 nuot\u0117kiai:<\/strong> D\u0117l susid\u0117v\u0117jusi\u0173 sandarikli\u0173 arba pa\u017eeist\u0173 jungiam\u0173j\u0173 detali\u0173 gali da\u017enai atsirasti nuot\u0117ki\u0173. Sandarikli\u0173 patikrinimas ir pakeitimas da\u017enai gali i\u0161spr\u0119sti \u0161i\u0105 problem\u0105.<\/li>\n<li><strong>Nenuoseklus na\u0161umas:<\/strong> Jei str\u0117l\u0117s cilindras juda netolygiai, patikrinkite, ar hidraulin\u0117je sistemoje n\u0117ra oro nuot\u0117kio. Gali prireikti i\u0161leisti or\u0105 i\u0161 sistemos.<\/li>\n<li><strong>Per didelis triuk\u0161mas:<\/strong> Triuk\u0161mingas veikimas gali rodyti \u017eem\u0105 hidraulinio skys\u010dio lyg\u012f arba vidinius pa\u017eeidimus. Reguliar\u016bs technin\u0117s prie\u017ei\u016bros patikrinimai gali pad\u0117ti diagnozuoti ir i\u0161spr\u0119sti \u0161ias problemas.<\/li>\n<\/ul>\n<h2>Trik\u010di\u0173 \u0161alinimo patarimai<\/h2>\n<p>Norint veiksmingai diagnozuoti ir i\u0161spr\u0119sti str\u0117l\u0117s cilindro problemas, pirmiausia nustatykite simptomus ir patikrinkite, ar cilindras nepa\u017eeistas ar n\u0117ra nuot\u0117ki\u0173. Reguliarios prie\u017ei\u016bros protokolai gali pad\u0117ti i\u0161vengti daugelio \u012fprast\u0173 problem\u0173, toki\u0173 kaip skys\u010di\u0173 nuot\u0117kis ir nevienodas veikimas. Atid\u017eiai stebint hidraulinio skys\u010dio lyg\u012f ir u\u017etikrinant, kad sandarikliai b\u016bt\u0173 geros b\u016bkl\u0117s, galima gerokai suma\u017einti rimtesni\u0173 problem\u0173 tikimyb\u0119.<\/p>\n<p><img decoding=\"async\" src=\"https:\/\/www.hydraulic-cylinders.net\/wp-content\/uploads\/2025\/04\/songte-bushings-with-all-kinds-of-excavator-models.webp\" alt=\"Ekskavatori\u0173 \u012fvor\u0117s\"><\/p>\n<h2>\u012emon\u0117s ap\u017evalga<\/h2>\n<p>Esame pirmaujanti pakaitini\u0173 hidraulini\u0173 cilindr\u0173 gamintoja ir didmenin\u0117 platintoja, si\u016blanti plat\u0173 gamini\u0173 asortiment\u0105. M\u016bs\u0173 \u012fsipareigojimas siekti meistri\u0161kumo atsispindi kruop\u0161\u010diuose gamybos procesuose ir valdymo strategijose. Naudodami pa\u017eangias gamybos technologijas ir patikim\u0105 kokyb\u0117s kontrol\u0117s sistem\u0105, nuolat tobuliname savo gamybos paj\u0117gumus. D\u0117mesys dideliam efektyvumui, tikslumui ir kokybei leid\u017eia mums efektyviai patenkinti \u012fvairius klient\u0173 poreikius.<\/p>\n<h3>Ekspertiz\u0117 ir sertifikatai<\/h3>\n<p>M\u016bs\u0173 \u012fmon\u0117 pabr\u0117\u017eia profesionalum\u0105 ir tarptautinius sertifikatus, u\u017etikrindama, kad m\u016bs\u0173 produktai atitikt\u0173 pasaulinius kokyb\u0117s standartus. Si\u016blome individualius sprendimus, pritaikytus konkretiems m\u016bs\u0173 klient\u0173 poreikiams, didindami j\u0173 veiklos efektyvum\u0105.<\/p>\n<h3>Gamybos \u012franga<\/h3>\n<p>Naudodami pa\u017eangiausi\u0105 gamybos \u012frang\u0105, galime efektyviai gaminti auk\u0161tos kokyb\u0117s hidraulinius cilindrus. M\u016bs\u0173 gamyklos apr\u016bpintos pa\u017eangiomis technologijomis, kurios palaiko tiksli\u0105j\u0105 in\u017einerij\u0105 ir didelio masto gamyb\u0105.<\/p>\n<h3>Aptarnavimas po pardavimo<\/h3>\n<p>Did\u017eiuojam\u0117s i\u0161skirtiniu aptarnavimu po pardavimo, teikdami nuolatin\u0119 param\u0105 ir technin\u0117s prie\u017ei\u016bros pagalb\u0105, kad m\u016bs\u0173 klientai gal\u0117t\u0173 pasikliauti m\u016bs\u0173 produktais, tenkindami savo eksploatacinius poreikius. M\u016bs\u0173 atsidavusi komanda visada pasiruo\u0161usi atsakyti \u012f visus klausimus ar palaikymo klausimus.<\/p>\n<p><img decoding=\"async\" src=\"https:\/\/www.hydraulic-cylinders.net\/wp-content\/uploads\/2025\/04\/songte-company-4.webp\" alt=\"Hidraulini\u0173 cilindr\u0173 gamybos \u012frenginys\"><br \/>\n<img decoding=\"async\" src=\"https:\/\/www.hydraulic-cylinders.net\/wp-content\/uploads\/2025\/04\/songte-company-3.webp\" alt=\"Hidraulinio cilindro gamybos linija\"><\/p>\n<p>Autorius: lyl<\/p>","protected":false},"excerpt":{"rendered":"<p>Boom Cylinder For Sany Small Excavator SY65-9 Product Overview The Boom Cylinder for the Sany Small Excavator SY65-9 is a hydraulic cylinder specifically designed to control the movement of the boom on excavators. These cylinders play a crucial role in hydraulic systems, providing the necessary force to lift, lower, and tilt the boom. This ability [&hellip;]<\/p>","protected":false},"featured_media":17869,"comment_status":"open","ping_status":"closed","template":"","meta":{"_et_pb_use_builder":"","_et_pb_old_content":"","_et_gb_content_width":""},"product_brand":[],"product_cat":[1546],"product_tag":[1547,1496],"class_list":{"0":"post-19138","1":"product","2":"type-product","3":"status-publish","4":"has-post-thumbnail","6":"product_cat-boom-cylinders","7":"product_tag-boom-cylinders","8":"product_tag-hydraulic-cylinders","10":"first","11":"instock","12":"shipping-taxable","13":"product-type-simple"},"amp_enabled":true,"_links":{"self":[{"href":"https:\/\/www.hydraulic-cylinders.net\/lt\/wp-json\/wp\/v2\/product\/19138","targetHints":{"allow":["GET"]}}],"collection":[{"href":"https:\/\/www.hydraulic-cylinders.net\/lt\/wp-json\/wp\/v2\/product"}],"about":[{"href":"https:\/\/www.hydraulic-cylinders.net\/lt\/wp-json\/wp\/v2\/types\/product"}],"replies":[{"embeddable":true,"href":"https:\/\/www.hydraulic-cylinders.net\/lt\/wp-json\/wp\/v2\/comments?post=19138"}],"wp:featuredmedia":[{"embeddable":true,"href":"https:\/\/www.hydraulic-cylinders.net\/lt\/wp-json\/wp\/v2\/media\/17869"}],"wp:attachment":[{"href":"https:\/\/www.hydraulic-cylinders.net\/lt\/wp-json\/wp\/v2\/media?parent=19138"}],"wp:term":[{"taxonomy":"product_brand","embeddable":true,"href":"https:\/\/www.hydraulic-cylinders.net\/lt\/wp-json\/wp\/v2\/product_brand?post=19138"},{"taxonomy":"product_cat","embeddable":true,"href":"https:\/\/www.hydraulic-cylinders.net\/lt\/wp-json\/wp\/v2\/product_cat?post=19138"},{"taxonomy":"product_tag","embeddable":true,"href":"https:\/\/www.hydraulic-cylinders.net\/lt\/wp-json\/wp\/v2\/product_tag?post=19138"}],"curies":[{"name":"wp","href":"https:\/\/api.w.org\/{rel}","templated":true}]}}