{"id":19152,"date":"2025-04-07T06:15:27","date_gmt":"2025-04-07T06:15:27","guid":{"rendered":"https:\/\/www.hydraulic-cylinders.net\/product\/boom-cylinder-for-sany-middle-excavator-sy235-8-9\/"},"modified":"2025-04-07T06:15:29","modified_gmt":"2025-04-07T06:15:29","slug":"boom-cylinder-for-sany-middle-excavator-sy235-8-9","status":"publish","type":"product","link":"https:\/\/www.hydraulic-cylinders.net\/lt\/produktas\/boom-cylinder-for-sany-middle-excavator-sy235-8-9\/","title":{"rendered":"Sany vidutinio ekskavatoriaus SY235-8-9 str\u0117l\u0117s cilindras"},"content":{"rendered":"<h1>Sany vidutinio ekskavatoriaus SY235-8-9 str\u0117l\u0117s cilindras<\/h1>\n<h2>Produkto ap\u017evalga<\/h2>\n<p>\u201eSany Middle Excavator SY235-8-9\u201c str\u0117l\u0117s cilindras yra esminis sunkiosios technikos komponentas, specialiai sukurtas valdyti kau\u0161o jud\u0117jim\u0105 ekskavatoriuose. \u0160ie hidrauliniai cilindrai leid\u017eia kau\u0161\u0105 kelti, nuleisti ir pakreipti, tod\u0117l med\u017eiag\u0173 tvarkymo darbai tampa daug efektyvesni. Kau\u0161o cilindras atlieka labai svarb\u0173 vaidmen\u012f hidraulin\u0117se sistemose, nes jis paver\u010dia hidraulin\u012f sl\u0117g\u012f mechanine j\u0117ga, leisdamas tiksliai valdyti ekskavatoriaus veikim\u0105. Paprastai ekskavatoriuose, ekskavatoriuose ir frontaliniuose krautuvuose randami \u0161ie cilindrai yra gyvybi\u0161kai svarb\u016bs kasant, kraunant ir perkeliant tokias med\u017eiagas kaip purvas ir \u0161iuk\u0161l\u0117s.<\/p>\n<p><img decoding=\"async\" src=\"https:\/\/www.hydraulic-cylinders.net\/wp-content\/uploads\/2025\/04\/songte-company-1.webp\" alt=\"Str\u0117l\u0117s cilindro vaizdas\"><\/p>\n<h2>Str\u0117l\u0117s cilindro savyb\u0117s<\/h2>\n<ul>\n<li><strong>Didelis stiprumas ir ilgaam\u017ei\u0161kumas:<\/strong> Pagaminta i\u0161 didelio stiprumo plieno arba aliuminio, galin\u010dio atlaikyti auk\u0161t\u0105 sl\u0117g\u012f ir dideles apkrovas. Sukurta atsparumui dilimui ir korozijai, tod\u0117l prailgina tarnavimo laik\u0105.<\/li>\n<li><strong>Efektyvus hidraulinis valdymas:<\/strong> Naudoja hidraulin\u0117s alyvos sl\u0117g\u012f skland\u017eiam i\u0161pl\u0117timui ir \u012ftraukimui, u\u017etikrindamas galing\u0105 traukimo ir st\u016bmimo j\u0117g\u0105, tinkan\u010di\u0105 sunkioms ir sud\u0117tingoms darbo u\u017eduotims atlikti.<\/li>\n<li><strong>\u012evair\u016bs tipai:<\/strong> Galima \u012fsigyti su vienpusio veikimo (hidraulinis veikimas viena kryptimi) arba dvipusio veikimo (hidraulinis veikimas abiem kryptimis) cilindrais, kad b\u016bt\u0173 galima patenkinti \u012fvairius eksploatacinius poreikius. Kai kurie modeliai yra teleskopiniai, tod\u0117l juos galima labiau i\u0161tiesti nedidinant i\u0161orini\u0173 matmen\u0173, tod\u0117l jie idealiai tinka u\u017edaroms erdv\u0117ms.<\/li>\n<li><strong>Tikslioji in\u017einerija:<\/strong> D\u0117l pa\u017eangi\u0173 gamybos technologij\u0173 \u0161ie cilindrai yra sukurti optimaliam na\u0161umui ir patikimumui.<\/li>\n<li><strong>Individualios gamybos galimyb\u0117s:<\/strong> M\u016bs\u0173 gaminiai gali puikiai pakeisti \u012fvairius hidraulinius cilindrus, u\u017etikrindami suderinamum\u0105 ir efektyvum\u0105.<\/li>\n<\/ul>\n<p><img decoding=\"async\" src=\"https:\/\/www.hydraulic-cylinders.net\/wp-content\/uploads\/2025\/04\/songte-cylinder-head-with-all-kinds-excavator-models.webp\" alt=\"Cilindro galvut\u0117s vaizdas\"><\/p>\n<h2>Taikymo scenarijai<\/h2>\n<h3>Statybin\u0117 \u012franga<\/h3>\n<p>Ekskavatoriuose str\u0117l\u0117s cilindrai yra labai svarb\u016bs kasant, kraunant ir perkeliant grunt\u0105 ar \u0161iuk\u0161les. J\u0173 geb\u0117jimas u\u017etikrinti reikiam\u0105 j\u0117g\u0105 leid\u017eia operatoriams efektyviai atlikti kasimo darbus. Ekskavatoriuose-krautuvuose str\u0117l\u0117s cilindras padeda tiek kasant, tiek keliant, tod\u0117l yra ne\u012fkainojamas \u012frankis statybviet\u0117se.<\/p>\n<h3>\u017dem\u0117s \u016bkio technika<\/h3>\n<p>Priekiniuose krautuvuose str\u0117l\u0117s cilindrai naudojami dirvo\u017eemiui, \u0161ienui ir kitoms med\u017eiagoms semti, kelti ir transportuoti. D\u0117l savo geb\u0117jimo atlaikyti svor\u012f ir sl\u0117g\u012f jie tinka \u017eem\u0117s \u016bkio u\u017eduotims, didinant na\u0161um\u0105 ir efektyvum\u0105 \u016bkininkavimo operacijose.<\/p>\n<h3>Kasimas<\/h3>\n<p>Ekskavatoriai naudoja str\u0117l\u0117s cilindrus, kad prasiskverbt\u0173 \u012f dirvo\u017eem\u012f ir j\u012f i\u0161kast\u0173, o tai labai svarbu \u012fvairiems statybos ir kra\u0161tovaizd\u017eio tvarkymo projektams. Hidraulin\u0117 j\u0117ga leid\u017eia giliai kasti, tod\u0117l lengviau tiksliai perkelti didelius \u017eem\u0117s kiekius.<\/p>\n<h3>Krautuvai<\/h3>\n<p>Priekiniuose krautuvuose str\u0117l\u0117s cilindrai padeda efektyviai pakelti ir i\u0161versti krovinius. Jie skirti atlaikyti sunki\u0173 krovini\u0173 keliam\u0105 apkrov\u0105, u\u017etikrinant, kad med\u017eiagas b\u016bt\u0173 galima greitai ir saugiai perkelti.<\/p>\n<h2>Projektavimo aspektai ir atrankos kriterijai<\/h2>\n<h3>Keliamoji galia<\/h3>\n<p>Renkantis str\u0117l\u0117s cilindr\u0105, b\u016btina atsi\u017evelgti \u012f jo keliam\u0105j\u0105 gali\u0105. J\u0105 lemia cilindro konstrukcin\u0117s med\u017eiagos ir konstrukcija. Didesn\u0117 keliamoji galia rei\u0161kia, kad cilindras gali atlaikyti didesn\u012f svor\u012f, o tai labai svarbu sud\u0117tingiems statybos ir \u017eem\u0117s \u016bkio darbams. Tinkamas cilindro keliamosios galios pritaikymas prie numatyto ma\u0161inos naudojimo yra labai svarbus saugiam ir efektyviam darbui.<\/p>\n<h3>Sandarinimas<\/h3>\n<p>Efektyvus sandarinimas yra b\u016btinas hidrauliniams cilindrams, siekiant i\u0161laikyti sl\u0117g\u012f ir i\u0161vengti skys\u010di\u0173 nuot\u0117kio. Kokybi\u0161ki sandarikliai, pagaminti i\u0161 patvari\u0173 med\u017eiag\u0173, toki\u0173 kaip poliuretanas arba nitrilo kau\u010diukas, u\u017etikrina ilgaam\u017ei\u0161kum\u0105 ir patikimum\u0105 \u012fvairiomis s\u0105lygomis. Cilindro konstrukcijoje \u0161ie sandarikliai turi b\u016bti efektyviai \u012ftraukti, kad suma\u017e\u0117t\u0173 prie\u017ei\u016bros poreikis ir pager\u0117t\u0173 na\u0161umas.<\/p>\n<h3>Patvarumas<\/h3>\n<p>Patvarumas yra pagrindinis str\u0117l\u0117s cilindr\u0173 konstrukcijos veiksnys. \u0160ie komponentai yra veikiami at\u0161iauri\u0173 darbo s\u0105lyg\u0173 ir turi atlaikyti nusid\u0117v\u0117jim\u0105. Pasirinkus korozijai ir nusid\u0117v\u0117jimui atsparias med\u017eiagas, kartu su tvirta konstrukcija u\u017etikrinamas efektyvus cilindr\u0173 veikimas ilg\u0105 laik\u0105, tod\u0117l suma\u017e\u0117ja da\u017eno keitimo poreikis.<\/p>\n<h3>Saugumas<\/h3>\n<p>Projektuojant hidraulinius cilindrus, svarbiausia yra saugumas. Siekiant i\u0161vengti nelaiming\u0173 atsitikim\u0173 eksploatacijos metu, labai svarbu u\u017etikrinti, kad cilindras atlaikyt\u0173 auk\u0161t\u0105 sl\u0117g\u012f ir tur\u0117t\u0173 \u012fmontuotas saugos funkcijas. Reguliar\u016bs patikrinimai ir saugos protokol\u0173 laikymasis gali dar labiau padidinti eksploatavimo saug\u0105.<\/p>\n<h3>Prie\u017ei\u016bra<\/h3>\n<p>Prie\u017ei\u016bra yra labai svarbi str\u0117l\u0117s cilindr\u0173 ilgaam\u017ei\u0161kumui. Konstrukcija tur\u0117t\u0173 u\u017etikrinti lengv\u0105 prieig\u0105 prie komponent\u0173, kad b\u016bt\u0173 galima reguliariai atlikti technin\u0119 prie\u017ei\u016br\u0105. \u012etraukus funkcijas, kurios leid\u017eia greitai patikrinti ir atlikti technin\u0119 prie\u017ei\u016br\u0105, galima \u017eymiai suma\u017einti prastovas ir eksploatavimo i\u0161laidas.<\/p>\n<p><img decoding=\"async\" src=\"https:\/\/www.hydraulic-cylinders.net\/wp-content\/uploads\/2025\/04\/songte-oil-pipes-and-spare-parts.webp\" alt=\"Naftos vamzd\u017eiai ir atsargin\u0117s dalys Vaizdas\"><\/p>\n<h2>Sandarinimas ir tepimas<\/h2>\n<p>Sandarinimas ir tepimas yra labai svarb\u016bs str\u0117l\u0117s cilindr\u0173 veikimui. \u012evair\u016bs sandarinimo komponentai, tokie kaip st\u016bmokli\u0173 ir stryp\u0173 sandarikliai, naudojami siekiant i\u0161vengti hidraulinio skys\u010dio nuot\u0117kio. Sandarikliai, pagaminti i\u0161 atspari\u0173 dilimui med\u017eiag\u0173, toki\u0173 kaip poliuretanas ir nitrilo kau\u010diukas, u\u017etikrina puik\u0173 patvarum\u0105. Cilindro korpusas ir srieginiai galai yra kruop\u0161\u010diai apdirbti, siekiant padidinti atsparum\u0105 dilimui. Reguliarus tepimas hidrauline alyva yra b\u016btinas norint u\u017etikrinti skland\u0173 veikim\u0105 ir i\u0161vengti vidini\u0173 komponent\u0173 susid\u0117v\u0117jimo.<\/p>\n<h2>Prevencin\u0117s prie\u017ei\u016bros priemon\u0117s<\/h2>\n<ul>\n<li><strong>Reguliar\u016bs patikrinimai:<\/strong> Suplanuokite \u012fprastinius patikrinimus, kad nustatytum\u0117te bet kokius nusid\u0117v\u0117jimo ar pa\u017eeidimo po\u017eymius.<\/li>\n<li><strong>Tinkamas tepimas:<\/strong> \u012esitikinkite, kad hidraulin\u0117s alyvos lygis yra optimalus, ir keiskite j\u0105 pagal poreik\u012f, kad i\u0161laikytum\u0117te na\u0161um\u0105.<\/li>\n<li><strong>Sandariklio keitimas:<\/strong> Reguliariai tikrinkite sandariklius, ar n\u0117ra susid\u0117v\u0117jimo, ir pakeiskite juos, kad i\u0161vengtum\u0117te nuot\u0117ki\u0173 ir palaikytum\u0117te sl\u0117g\u012f.<\/li>\n<\/ul>\n<h2>\u012erengimo gair\u0117s<\/h2>\n<p>Tinkamas montavimas yra labai svarbus efektyviam str\u0117l\u0117s cilindr\u0173 veikimui. Pirmiausia \u012fsitikinkite, kad visi komponentai yra \u0161var\u016bs ir be \u0161iuk\u0161li\u0173. Tinkamai pastatykite cilindr\u0105 ir naudokite tinkamus tvirtinimo laikiklius, kad j\u012f pritvirtintum\u0117te. Tiksliai sulygiuokite cilindr\u0105, kad i\u0161vengtum\u0117te nesutapimo eksploatacijos metu. Svarbu laikytis gamintojo nurodym\u0173 d\u0117l sukimo momento ir pad\u0117ties, kad b\u016bt\u0173 u\u017etikrintas patikimas veikimas. \u012edieg\u0119, prie\u0161 prad\u0117dami darb\u0105, atid\u017eiai patikrinkite, ar viskas veikia tinkamai. Reguliariai per\u017ei\u016br\u0117kite montavim\u0105, ar n\u0117ra koki\u0173 nors susid\u0117v\u0117jimo ar poslinkio po\u017eymi\u0173.<\/p>\n<p><img decoding=\"async\" src=\"https:\/\/www.hydraulic-cylinders.net\/wp-content\/uploads\/2025\/04\/songte-chushion-collar.webp\" alt=\"Pagalv\u0117l\u0117s apykakl\u0117s vaizdas\"><\/p>\n<h2>\u012eprastos prie\u017ei\u016bros u\u017eduotys<\/h2>\n<ul>\n<li><strong>Reguliar\u016bs patikrinimai:<\/strong> Reguliariai tikrinant cilindr\u0105, galima nustatyti galimas problemas, kol jos nepa\u016bm\u0117jo. Patikrinkite, ar n\u0117ra nuot\u0117ki\u0173, susid\u0117v\u0117jimo ir sulygiavimo.<\/li>\n<li><strong>Tinkamas tepimas:<\/strong> Kad cilindras veikt\u0173 skland\u017eiai, palaikykite tinkam\u0105 tepimo lyg\u012f. Tai apima alyvos lygio patikrinim\u0105 ir susid\u0117v\u0117jusio hidraulinio skys\u010dio keitim\u0105.<\/li>\n<li><strong>Sandariklio keitimas:<\/strong> Kad i\u0161vengtum\u0117te nuot\u0117ki\u0173 ir i\u0161laikytum\u0117te cilindro efektyvum\u0105, keiskite tarpiklius pagal poreik\u012f. Reguliar\u016bs patikrinimai gali pad\u0117ti nustatyti, kada reikia keisti tarpiklius.<\/li>\n<\/ul>\n<h2>Saugos aspektai<\/h2>\n<p>Saugos priemoni\u0173 \u012fgyvendinimas yra gyvybi\u0161kai svarbus eksploatuojant hidraulinius cilindrus. Tinkamas operatori\u0173 mokymas u\u017etikrina, kad jie suprast\u0173, kaip saugiai naudotis ma\u0161inomis. Visada d\u0117v\u0117kite apsaugin\u0119 \u012frang\u0105 ir laikykit\u0117s eksploatavimo protokol\u0173, kad suma\u017eintum\u0117te rizik\u0105. Reguliar\u016bs technin\u0117s prie\u017ei\u016bros patikrinimai gali pad\u0117ti i\u0161vengti nelaiming\u0173 atsitikim\u0173 ir u\u017etikrinti, kad \u012franga veikt\u0173 saugiai ir efektyviai.<\/p>\n<h2>Trik\u010di\u0173 \u0161alinimas ir da\u017eniausiai pasitaikan\u010dios problemos<\/h2>\n<ul>\n<li><strong>Sl\u0117gio praradimas:<\/strong> Tai gali rodyti sistemos nuot\u0117k\u012f. Patikrinkite, ar sandarikliai ir jungtys nepa\u017eeistos.<\/li>\n<li><strong>L\u0117tas veikimas:<\/strong> Jei cilindras veikia l\u0117tai, patikrinkite hidraulinio skys\u010dio lyg\u012f ir \u012fsitikinkite, kad sistemoje n\u0117ra u\u017esikim\u0161im\u0173.<\/li>\n<li><strong>Ne\u012fprasti garsai:<\/strong> Triuk\u0161mai veikimo metu gali signalizuoti apie problem\u0105. Patikrinkite, ar n\u0117ra atsilaisvinusi\u0173 komponent\u0173 ar vidini\u0173 pa\u017eeidim\u0173.<\/li>\n<\/ul>\n<h2>Problem\u0173 sprendimo patarimai<\/h2>\n<p>Efektyviam trik\u010di\u0173 \u0161alinimui reikalingas sistemingas po\u017ei\u016bris. Prad\u0117kite nuo hidraulinio skys\u010dio lygio ir sandarikli\u0173 patikrinimo. Ie\u0161kokite matom\u0173 pa\u017eeidim\u0173 ar susid\u0117v\u0117jimo. Jei problemos i\u0161lieka, per\u017ei\u016br\u0117kite gamintojo rekomendacijas d\u0117l konkre\u010di\u0173 trik\u010di\u0173 \u0161alinimo proced\u016br\u0173. Reguliariai pri\u017ei\u016brint \u012frang\u0105 galima i\u0161vengti daugelio problem\u0173, suma\u017einti prastovas ir padidinti na\u0161um\u0105.<\/p>\n<p><img decoding=\"async\" src=\"https:\/\/www.hydraulic-cylinders.net\/wp-content\/uploads\/2025\/04\/songte-bushings-with-all-kinds-of-excavator-models.webp\" alt=\"\u012evori\u0173 vaizdas\"><\/p>\n<h2>\u012emon\u0117s ap\u017evalga<\/h2>\n<p>Esame pirmaujanti hidraulini\u0173 cilindr\u0173 gamintoja ir didmeninink\u0117, specializuojam\u0117s pakaitini\u0173 cilindr\u0173, skirt\u0173 \u012fvairiems pritaikymams, gamyboje. M\u016bs\u0173 \u012fsipareigojim\u0105 kokybei atspindi moderniausi gamybos \u012frenginiai ir grie\u017eti kokyb\u0117s kontrol\u0117s procesai. Naudojame pa\u017eangi\u0105 skaitmenin\u0119 gamybos \u012frang\u0105 ir kvalifikuot\u0105 darbo j\u0117g\u0105, kad u\u017etikrintume, jog m\u016bs\u0173 gaminiai atitinka auk\u0161\u010diausius na\u0161umo ir patikimumo standartus. M\u016bs\u0173 atsidavimas inovacijoms leid\u017eia mums patenkinti \u012fvairius klient\u0173 poreikius tiek vidaus, tiek tarptautin\u0117se rinkose.<\/p>\n<p><img decoding=\"async\" src=\"https:\/\/www.hydraulic-cylinders.net\/wp-content\/uploads\/2025\/04\/songte-company-4.webp\" alt=\"\u012emon\u0117s \u012fvaizdis\"><br \/>\n<img decoding=\"async\" src=\"https:\/\/www.hydraulic-cylinders.net\/wp-content\/uploads\/2025\/04\/songte-company-3.webp\" alt=\"\u012emon\u0117s \u012fvaizdis\"><\/p>\n<h2>I\u0161vada<\/h2>\n<p>Apibendrinant galima teigti, kad \u201eSany Middle Excavator SY235-8-9\u201c str\u0117l\u0117s cilindras yra esminis komponentas, u\u017etikrinantis efektyv\u0173 \u012fvairi\u0173 sunki\u0173j\u0173 ma\u0161in\u0173 darb\u0105. Supratimas apie jo savybes, pritaikym\u0105 ir prie\u017ei\u016bros reikalavimus gali gerokai padidinti ma\u0161in\u0173 na\u0161um\u0105 ir ilgaam\u017ei\u0161kum\u0105. M\u016bs\u0173 \u012fmon\u0117 yra pasiry\u017eusi tiekti auk\u0161tos kokyb\u0117s hidraulinius cilindrus ir i\u0161skirtin\u012f klient\u0173 aptarnavim\u0105, u\u017etikrindama, kad m\u016bs\u0173 klientai rast\u0173 idealius sprendimus pagal savo poreikius.<\/p>\n<p>Autorius: lyl<\/p>","protected":false},"excerpt":{"rendered":"<p>Boom Cylinder For Sany Middle Excavator SY235-8-9 Product Overview The Boom Cylinder for Sany Middle Excavator SY235-8-9 is an essential component of heavy machinery, specifically designed to control the movement of the bucket in excavators. These hydraulic cylinders enable the bucket to lift, lower, and tilt, making material handling tasks much more efficient. The bucket [&hellip;]<\/p>","protected":false},"featured_media":17868,"comment_status":"open","ping_status":"closed","template":"","meta":{"_et_pb_use_builder":"","_et_pb_old_content":"","_et_gb_content_width":""},"product_brand":[],"product_cat":[1546],"product_tag":[1547,1496],"class_list":{"0":"post-19152","1":"product","2":"type-product","3":"status-publish","4":"has-post-thumbnail","6":"product_cat-boom-cylinders","7":"product_tag-boom-cylinders","8":"product_tag-hydraulic-cylinders","10":"first","11":"instock","12":"shipping-taxable","13":"product-type-simple"},"amp_enabled":true,"_links":{"self":[{"href":"https:\/\/www.hydraulic-cylinders.net\/lt\/wp-json\/wp\/v2\/product\/19152","targetHints":{"allow":["GET"]}}],"collection":[{"href":"https:\/\/www.hydraulic-cylinders.net\/lt\/wp-json\/wp\/v2\/product"}],"about":[{"href":"https:\/\/www.hydraulic-cylinders.net\/lt\/wp-json\/wp\/v2\/types\/product"}],"replies":[{"embeddable":true,"href":"https:\/\/www.hydraulic-cylinders.net\/lt\/wp-json\/wp\/v2\/comments?post=19152"}],"wp:featuredmedia":[{"embeddable":true,"href":"https:\/\/www.hydraulic-cylinders.net\/lt\/wp-json\/wp\/v2\/media\/17868"}],"wp:attachment":[{"href":"https:\/\/www.hydraulic-cylinders.net\/lt\/wp-json\/wp\/v2\/media?parent=19152"}],"wp:term":[{"taxonomy":"product_brand","embeddable":true,"href":"https:\/\/www.hydraulic-cylinders.net\/lt\/wp-json\/wp\/v2\/product_brand?post=19152"},{"taxonomy":"product_cat","embeddable":true,"href":"https:\/\/www.hydraulic-cylinders.net\/lt\/wp-json\/wp\/v2\/product_cat?post=19152"},{"taxonomy":"product_tag","embeddable":true,"href":"https:\/\/www.hydraulic-cylinders.net\/lt\/wp-json\/wp\/v2\/product_tag?post=19152"}],"curies":[{"name":"wp","href":"https:\/\/api.w.org\/{rel}","templated":true}]}}