{"id":19158,"date":"2025-04-07T06:15:41","date_gmt":"2025-04-07T06:15:41","guid":{"rendered":"https:\/\/www.hydraulic-cylinders.net\/product\/boom-cylinder-for-sany-middle-excavator-sy265cq\/"},"modified":"2025-04-07T06:15:43","modified_gmt":"2025-04-07T06:15:43","slug":"boom-cylinder-for-sany-middle-excavator-sy265cq","status":"publish","type":"product","link":"https:\/\/www.hydraulic-cylinders.net\/lt\/produktas\/boom-cylinder-for-sany-middle-excavator-sy265cq\/","title":{"rendered":"Sany vidutinio ekskavatoriaus SY265CQ str\u0117l\u0117s cilindras"},"content":{"rendered":"<h1>Sany vidutinio ekskavatoriaus SY265CQ str\u0117l\u0117s cilindras<\/h1>\n<h2>Produkto ap\u017evalga<\/h2>\n<p>\u201eSany Middle Excavator SY265CQ\u201c str\u0117l\u0117s cilindras yra esminis hidraulinis komponentas, specialiai sukurtas ekskavatoriaus str\u0117l\u0117s jud\u0117jimui valdyti. \u0160is hidraulinis cilindras leid\u017eia str\u0117lei pakelti, nuleisti ir pakreipti, taip palengvinant efektyv\u0173 med\u017eiag\u0173 tvarkym\u0105. Kau\u0161o cilindras atlieka labai svarb\u0173 vaidmen\u012f hidraulin\u0117se sistemose, u\u017etikrindamas reikiamas st\u016bmimo ir traukimo j\u0117gas, reikalingas \u012fvairioms sunkiosios technikos operacijoms, tokioms kaip kasimas, pakrovimas ir med\u017eiag\u0173 transportavimas.<\/p>\n<p>Kaip hidraulinis cilindras, jis veikia paversdamas skys\u010dio sl\u0117g\u012f mechanine energija, leisdamas sunkiosioms ma\u0161inoms lengvai atlikti sud\u0117tingas u\u017eduotis. Kau\u0161o cilindras yra gyvybi\u0161kai svarbus tokioje \u012frangoje kaip ekskavatoriai, ekskavatoriniai krautuvai ir frontaliniai krautuvai, tod\u0117l jis yra b\u016btinas statybose ir \u017eem\u0117s \u016bkio reikm\u0117ms.<\/p>\n<p><img decoding=\"async\" src=\"https:\/\/www.hydraulic-cylinders.net\/wp-content\/uploads\/2025\/04\/songte-company-1.webp\" alt=\"Ekskavatori\u0173 str\u0117l\u0117s cilindras\" \/><\/p>\n<h2>Pagrindin\u0117s savyb\u0117s<\/h2>\n<ul>\n<li>\n<h3>Didelis stiprumas ir ilgaam\u017ei\u0161kumas<\/h3>\n<p>Pagamintas i\u0161 didelio stiprumo plieno arba aliuminio, str\u0117l\u0117s cilindras yra skirtas atlaikyti auk\u0161t\u0105 sl\u0117g\u012f ir dideles apkrovas. Jis tinka at\u0161iaurioms darbo aplinkoms, atsi\u017evelgiant \u012f atsparum\u0105 dilimui ir apsaug\u0105 nuo korozijos, o tai ilgainiui pailgina jo tarnavimo laik\u0105.<\/p>\n<\/li>\n<li>\n<h3>Efektyvus hidraulinis valdymas<\/h3>\n<p>Cilindras naudoja hidraulin\u012f sl\u0117g\u012f, kad skland\u017eiai i\u0161siskleist\u0173 ir susitraukt\u0173, tod\u0117l greitai reaguot\u0173 \u012f operatoriaus komandas. Jis u\u017etikrina didel\u0119 st\u016bmimo ir traukimo j\u0117g\u0105, tod\u0117l idealiai tinka sunkiems k\u0117limo darbams ir sud\u0117tingoms u\u017eduotims.<\/p>\n<\/li>\n<li>\n<h3>\u012evair\u016bs tipai<\/h3>\n<p>Str\u0117l\u0117s cilindras, tiekiamas tiek vienpusio veikimo (hidraulinis veikimas viena kryptimi), tiek dvipusio veikimo (hidraulinis veikimas abiem kryptimis) konfig\u016bracijomis, gali b\u016bti pritaikytas \u012fvairiems eksploatavimo poreikiams. Kai kurie modeliai yra teleskopiniai, tod\u0117l juos galima labiau i\u0161tiesti nedidinant i\u0161orini\u0173 matmen\u0173, tod\u0117l jie tinka naudoti ribotoje erdv\u0117je.<\/p>\n<\/li>\n<\/ul>\n<p>M\u016bs\u0173 \u012fmon\u0117 specializuojasi \u0161io produkto gamyboje, tiekdama hidraulinius cilindrus, kurie puikiai pakei\u010dia esamus modelius, u\u017etikrindami optimal\u0173 na\u0161um\u0105 ir suderinamum\u0105.<\/p>\n<p><img decoding=\"async\" src=\"https:\/\/www.hydraulic-cylinders.net\/wp-content\/uploads\/2025\/04\/songte-cylinder-head-with-all-kinds-excavator-models.webp\" alt=\"\u012evair\u016bs ekskavatori\u0173 modeliai\" \/><\/p>\n<h2>Parai\u0161kos<\/h2>\n<ul>\n<li>\n<h3>Statybin\u0117 \u012franga<\/h3>\n<p>Ekskavatoriuose str\u0117l\u0117s cilindrai yra labai svarb\u016bs kasant, kraunant ir perkeliant grunt\u0105 ar \u0161iuk\u0161les. Ekskavatoriuose-krautuvuose jie padeda atlikti tiek kasimo, tiek k\u0117limo darbus, tod\u0117l yra neatsiejama \u0161i\u0173 ma\u0161in\u0173 dalis.<\/p>\n<\/li>\n<li>\n<h3>\u017dem\u0117s \u016bkio technika<\/h3>\n<p>Priekiniuose krautuvuose naudojami str\u0117l\u0117s cilindrai palengvina dirvo\u017eemio, \u0161ieno ir kit\u0173 med\u017eiag\u0173 s\u0117mim\u0105, k\u0117lim\u0105 ir transportavim\u0105. J\u0173 efektyvumas \u017eymiai padidina \u017eem\u0117s \u016bkio darb\u0173 na\u0161um\u0105.<\/p>\n<\/li>\n<li>\n<h3>Ekskavatoriai<\/h3>\n<p>Str\u0117l\u0117s cilindrai leid\u017eia kasti, leisdami kau\u0161ui efektyviai \u012fsiskverbti \u012f dirv\u0105. \u0160i galimyb\u0117 yra b\u016btina atliekant kasimo darbus \u012fvairiuose sektoriuose, \u012fskaitant statybas ir kra\u0161tovaizd\u017eio tvarkym\u0105.<\/p>\n<\/li>\n<li>\n<h3>Krautuvai<\/h3>\n<p>Priekiniuose krautuvuose str\u0117l\u0117s cilindrai padeda efektyviai kelti ir i\u0161versti krovinius. J\u0173 konstrukcija leid\u017eia greitai tvarkyti med\u017eiagas, tod\u0117l jie yra nepakei\u010diami statybviet\u0117se ir sand\u0117liuose.<\/p>\n<\/li>\n<\/ul>\n<h2>Dizaino aspektai<\/h2>\n<ul>\n<li>\n<h3>Keliamoji galia<\/h3>\n<p>Labai svarbu, kad str\u0117l\u0117s cilindrai pasi\u017eym\u0117t\u0173 didele keliam\u0105ja galia, jog atlaikyt\u0173 sunki\u0173 med\u017eiag\u0173 k\u0117limo apkrov\u0105. Konstrukcija turi u\u017etikrinti saug\u0105 ir efektyvum\u0105, i\u0161vengiant mechanini\u0173 gedim\u0173 eksploatacijos metu.<\/p>\n<\/li>\n<li>\n<h3>Sandarinimas<\/h3>\n<p>Efektyvus sandarinimas yra b\u016btinas siekiant i\u0161vengti hidraulinio skys\u010dio nuot\u0117kio. Auk\u0161tos kokyb\u0117s sandarikliai padeda palaikyti sl\u0117g\u012f ir pailginti cilindro tarnavimo laik\u0105, nes apsaugo nuo u\u017eter\u0161imo ir susid\u0117v\u0117jimo d\u0117l i\u0161orini\u0173 veiksni\u0173.<\/p>\n<\/li>\n<li>\n<h3>Patvarumas<\/h3>\n<p>Patvarumas yra pagrindinis konstrukcijos aspektas, u\u017etikrinantis, kad cilindras atlaikyt\u0173 at\u0161iaurias eksploatavimo s\u0105lygas. Kad b\u016bt\u0173 u\u017etikrintas ilgaam\u017ei\u0161kumas, naudojamos med\u017eiagos turi b\u016bti atsparios dilimui ir korozijai.<\/p>\n<\/li>\n<li>\n<h3>Saugumas<\/h3>\n<p>Svarbiausia yra projektuoti atsi\u017evelgiant \u012f saugum\u0105. Tokios savyb\u0117s kaip sl\u0117gio ma\u017einimo vo\u017etuvai ir tvirtos tvirtinimo sistemos padidina eksploatavimo saug\u0105 ir suma\u017eina avarij\u0173 rizik\u0105.<\/p>\n<\/li>\n<li>\n<h3>Prie\u017ei\u016bra<\/h3>\n<p>Lengva prie\u017ei\u016bra yra labai svarbi eksploatavimo efektyvumui. Konstrukcija tur\u0117t\u0173 u\u017etikrinti lengv\u0105 prieig\u0105 prie komponent\u0173, kad b\u016bt\u0173 galima atlikti \u012fprastinius patikrinimus ir remont\u0105, taip suma\u017einant prastovas.<\/p>\n<\/li>\n<\/ul>\n<p><img decoding=\"async\" src=\"https:\/\/www.hydraulic-cylinders.net\/wp-content\/uploads\/2025\/04\/songte-oil-pipes-and-spare-parts.webp\" alt=\"Hidraulin\u0117s dalys\" \/><\/p>\n<h2>Sandarinimas ir tepimas<\/h2>\n<p>Tinkamas sandarinimas ir tepimas yra gyvybi\u0161kai svarb\u016bs str\u0117l\u0117s cilindr\u0173 veikimui. \u012evair\u016bs sandarinimo komponentai, tokie kaip st\u016bmokli\u0173 ir stryp\u0173 sandarikliai, atlieka svarb\u0173 vaidmen\u012f palaikant hidraulin\u012f vientisum\u0105. \u0160ie sandarikliai paprastai gaminami i\u0161 patvari\u0173 med\u017eiag\u0173, toki\u0173 kaip poliuretanas ir nitrilo kau\u010diukas, kurios yra atsparios dilimui ir aplinkos veiksniams.<\/p>\n<p>Cilindro korpusas ir srieginiai galiniai pavir\u0161iai yra tiksliai apdirbami, siekiant padidinti atsparum\u0105 dilimui. Norint u\u017etikrinti skland\u0173 veikim\u0105 ir i\u0161vengti trinties sukeltos \u017ealos, reikia reguliariai tepti hidrauline alyva. Tinkamas tepimas suma\u017eina vidini\u0173 komponent\u0173 susid\u0117v\u0117jim\u0105 ir pailgina hidraulin\u0117s sistemos tarnavimo laik\u0105.<\/p>\n<h2>Reguliari prie\u017ei\u016bra ir prevencin\u0117s priemon\u0117s<\/h2>\n<ul>\n<li>\n<h3>Reguliar\u016bs patikrinimai<\/h3>\n<p>Reguliariai tikrinti hidraulinius cilindrus yra labai svarbu norint anksti nustatyti susid\u0117v\u0117jim\u0105. Eksploatacijos metu ie\u0161kokite bet koki\u0173 nuot\u0117kio po\u017eymi\u0173, \u012ftr\u016bkim\u0173 ar ne\u012fprast\u0173 gars\u0173, kurie gali rodyti pagrindines problemas.<\/p>\n<\/li>\n<li>\n<h3>Tinkamas tepimas<\/h3>\n<p>\u012esitikinkite, kad hidraulin\u0117s alyvos lygis yra pakankamas ir kad alyva kei\u010diama pagal rekomendacijas. Tinkamas tepimas suma\u017eina trint\u012f ir padeda i\u0161laikyti cilindro veikim\u0105.<\/p>\n<\/li>\n<li>\n<h3>Sandariklio keitimas<\/h3>\n<p>Reguliariai tikrinkite ir prireikus keiskite tarpiklius, kad i\u0161vengtum\u0117te nuot\u0117ki\u0173. Susid\u0117v\u0117j\u0119 tarpikliai gali suma\u017einti na\u0161um\u0105 ir sugadinti hidraulin\u0119 sistem\u0105. Tarpikli\u0173 keitimo planavimas gali pad\u0117ti i\u0161laikyti efektyvum\u0105.<\/p>\n<\/li>\n<\/ul>\n<h2>\u012erengimo gair\u0117s<\/h2>\n<p>Tinkamas str\u0117l\u0117s cilindro montavimas yra labai svarbus optimaliam veikimui. Pirmiausia \u012fsitikinkite, kad cilindras yra tinkamai sulygiuotas su tvirtinimo ta\u0161kais. Naudokite tinkamus tvirtinimo laikiklius, kad tvirtai pritvirtintum\u0117te cilindr\u0105. Svarbu patikrinti, ar n\u0117ra joki\u0173 kli\u016b\u010di\u0173, kurios gal\u0117t\u0173 trukdyti cilindro jud\u0117jimui veikimo metu.<\/p>\n<p>Montuodami \u012fsitikinkite, kad hidraulin\u0117s linijos yra sandariai prijungtos, kad neb\u016bt\u0173 nuot\u0117ki\u0173. Po nustatymo atlikite bandom\u0105j\u012f paleidim\u0105, kad patikrintum\u0117te veikim\u0105 ir atliktum\u0117te reikiamus reguliavimus. Tinkamas montavimas tiesiogiai veikia hidraulinio cilindro tarnavimo laik\u0105 ir efektyvum\u0105.<\/p>\n<h2>\u012eprastos prie\u017ei\u016bros u\u017eduotys<\/h2>\n<ul>\n<li>\n<h3>Reguliar\u016bs patikrinimai<\/h3>\n<p>Reguliariai planuokite patikrinimus, kad \u012fvertintum\u0117te bendr\u0105 str\u0117l\u0117s cilindro b\u016bkl\u0119. Tai apima bet koki\u0173 susid\u0117v\u0117jimo po\u017eymi\u0173 patikrinim\u0105, pakankamo hidraulinio skys\u010dio lygio u\u017etikrinim\u0105 ir nuot\u0117ki\u0173 nebuvimo patvirtinim\u0105.<\/p>\n<\/li>\n<li>\n<h3>Tinkamas tepimas<\/h3>\n<p>Reguliariai sutepkite cilindr\u0105, kad u\u017etikrintum\u0117te skland\u0173 veikim\u0105. Naudokite rekomenduojamo tipo hidraulin\u0119 alyv\u0105, kad i\u0161laikytum\u0117te optimal\u0173 na\u0161um\u0105 ir i\u0161vengtum\u0117te pa\u017eeidim\u0173 d\u0117l trinties.<\/p>\n<\/li>\n<li>\n<h3>Sandariklio keitimas ir kalibravimas<\/h3>\n<p>Prireikus keiskite sandariklius, kad palaikytum\u0117te sl\u0117g\u012f ir i\u0161vengtum\u0117te nuot\u0117ki\u0173. Kalibravimo patikrinimai u\u017etikrina, kad cilindras veikt\u0173 pagal norimus parametrus ir efektyviai. Priklausomai nuo taikymo ir naudojimo intensyvumo, gali prireikti reguliavimo.<\/p>\n<\/li>\n<\/ul>\n<p><img decoding=\"async\" src=\"https:\/\/www.hydraulic-cylinders.net\/wp-content\/uploads\/2025\/04\/songte-chushion-collar.webp\" alt=\"Pagalv\u0117l\u0117s apykakl\u0117\" \/><\/p>\n<h2>Saugos aspektai ir aplinkos veiksniai<\/h2>\n<p>Dirbant su hidrauliniais cilindrais, saugos priemon\u0117s turi b\u016bti prioritetas. Operatoriai tur\u0117t\u0173 b\u016bti apmokyti dirbti su konkre\u010diais \u012frenginiais ir suprasti su hidraulin\u0117mis operacijomis susijusi\u0105 rizik\u0105. \u012esitikinkite, kad visos apsaugos yra savo vietose ir kad darbo zonoje yra matomi \u012fsp\u0117jamieji \u017eenklai. Be to, atsi\u017evelkite \u012f hidraulini\u0173 skys\u010di\u0173 poveik\u012f aplinkai, u\u017etikrindami tinkam\u0105 j\u0173 utilizavim\u0105 ir kuo labiau suma\u017eindami i\u0161siliejim\u0105.<\/p>\n<h2>Trik\u010di\u0173 \u0161alinimas ir da\u017eniausiai pasitaikan\u010dios problemos<\/h2>\n<ul>\n<li>\n<h3>Nuot\u0117kis<\/h3>\n<p>Hidraulinio skys\u010dio nuot\u0117kis gali atsirasti d\u0117l susid\u0117v\u0117jusi\u0173 sandarikli\u0173 arba pa\u017eeist\u0173 \u017earn\u0173. Reguliariai tikrinkite sandariklius ir \u017earnas ir, pasteb\u0117j\u0119 koki\u0173 nors susid\u0117v\u0117jimo po\u017eymi\u0173, pakeiskite juos.<\/p>\n<\/li>\n<li>\n<h3>L\u0117tas veikimas<\/h3>\n<p>Jei cilindras veikia l\u0117tai, patikrinkite, ar sistemoje n\u0117ra \u017eemo hidraulinio skys\u010dio lygio arba oro. Sistemos nuorinimas ir skys\u010dio lygio papildymas da\u017enai gali i\u0161spr\u0119sti \u0161i\u0105 problem\u0105.<\/p>\n<\/li>\n<li>\n<h3>Ne\u012fprasti garsai<\/h3>\n<p>Keistai girdimi garsai veikimo metu gali rodyti vidin\u012f susid\u0117v\u0117jim\u0105 ar pa\u017eeidimus. Nustokite naudoti \u012frengin\u012f ir atlikite i\u0161sam\u0173 patikrinim\u0105, kad nustatytum\u0117te problem\u0105.<\/p>\n<\/li>\n<\/ul>\n<p>Kad i\u0161vengtum\u0117te problem\u0173 ateityje, sudarykite \u012fprastin\u0117s prie\u017ei\u016bros grafik\u0105 ir nedelsdami pa\u0161alinkite bet kokius gedimo po\u017eymius. Reguliar\u016bs patikrinimai gali gerokai suma\u017einti rizik\u0105 ir pailginti hidraulini\u0173 komponent\u0173 tarnavimo laik\u0105.<\/p>\n<p><img decoding=\"async\" src=\"https:\/\/www.hydraulic-cylinders.net\/wp-content\/uploads\/2025\/04\/songte-bushings-with-all-kinds-of-excavator-models.webp\" alt=\"Ekskavatoriaus \u012fvor\u0117s\" \/><\/p>\n<h2>\u012emon\u0117s ap\u017evalga<\/h2>\n<p>Esame pirmaujanti alternatyvi\u0173 hidraulini\u0173 cilindr\u0173 gamintoja ir didmeninink\u0117, siekianti tiekti \u012fvair\u0173 produkt\u0173 asortiment\u0105 tiek vidaus, tiek tarptautin\u0117ms rinkoms. M\u016bs\u0173 \u012fsipareigojimas siekti meistri\u0161kumo yra pagr\u012fstas tikslios gamybos strategijomis. Nuolat investuojame \u012f kvalifikuot\u0105 personal\u0105, pa\u017eangias gamybos technologijas ir i\u0161samias bandym\u0173 sistemas, siekdami padidinti savo gamybos paj\u0117gumus.<\/p>\n<p>M\u016bs\u0173 tvirta gamybos platforma sukurta atsi\u017evelgiant \u012f didel\u012f efektyvum\u0105, tikslum\u0105 ir kokyb\u0119, kad patenkint\u0173 \u012fvairius klient\u0173 poreikius. Did\u017eiuojam\u0117s gal\u0117dami pasi\u016blyti individualius sprendimus, u\u017etikrindami, kad kiekvienas klientas gaut\u0173 produktus, pritaikytus jo konkretiems poreikiams. Be to, m\u016bs\u0173 tarptautiniai sertifikatai patvirtina m\u016bs\u0173 \u012fsipareigojim\u0105 kokybei ir profesionaliam aptarnavimui, tod\u0117l esame patikimas partneris hidraulini\u0173 cilindr\u0173 pramon\u0117je.<\/p>\n<p><img decoding=\"async\" src=\"https:\/\/www.hydraulic-cylinders.net\/wp-content\/uploads\/2025\/04\/songte-company-4.webp\" alt=\"\u012emon\u0117s gamyba\" \/><br \/>\n<img decoding=\"async\" src=\"https:\/\/www.hydraulic-cylinders.net\/wp-content\/uploads\/2025\/04\/songte-company-3.webp\" alt=\"\u012emon\u0117s ap\u017evalga\" \/><\/p>\n<p>Autorius: lyl<\/p>","protected":false},"excerpt":{"rendered":"<p>Boom Cylinder For Sany Middle Excavator SY265CQ Product Overview The Boom Cylinder for Sany Middle Excavator SY265CQ is an essential hydraulic component specifically designed to control the movement of the excavator&#8217;s boom. This hydraulic cylinder enables the boom to lift, lower, and tilt, facilitating the efficient handling of materials. The bucket cylinder plays a critical [&hellip;]<\/p>","protected":false},"featured_media":17874,"comment_status":"open","ping_status":"closed","template":"","meta":{"_et_pb_use_builder":"","_et_pb_old_content":"","_et_gb_content_width":""},"product_brand":[],"product_cat":[1546],"product_tag":[1547,1496],"class_list":{"0":"post-19158","1":"product","2":"type-product","3":"status-publish","4":"has-post-thumbnail","6":"product_cat-boom-cylinders","7":"product_tag-boom-cylinders","8":"product_tag-hydraulic-cylinders","10":"first","11":"instock","12":"shipping-taxable","13":"product-type-simple"},"amp_enabled":true,"_links":{"self":[{"href":"https:\/\/www.hydraulic-cylinders.net\/lt\/wp-json\/wp\/v2\/product\/19158","targetHints":{"allow":["GET"]}}],"collection":[{"href":"https:\/\/www.hydraulic-cylinders.net\/lt\/wp-json\/wp\/v2\/product"}],"about":[{"href":"https:\/\/www.hydraulic-cylinders.net\/lt\/wp-json\/wp\/v2\/types\/product"}],"replies":[{"embeddable":true,"href":"https:\/\/www.hydraulic-cylinders.net\/lt\/wp-json\/wp\/v2\/comments?post=19158"}],"wp:featuredmedia":[{"embeddable":true,"href":"https:\/\/www.hydraulic-cylinders.net\/lt\/wp-json\/wp\/v2\/media\/17874"}],"wp:attachment":[{"href":"https:\/\/www.hydraulic-cylinders.net\/lt\/wp-json\/wp\/v2\/media?parent=19158"}],"wp:term":[{"taxonomy":"product_brand","embeddable":true,"href":"https:\/\/www.hydraulic-cylinders.net\/lt\/wp-json\/wp\/v2\/product_brand?post=19158"},{"taxonomy":"product_cat","embeddable":true,"href":"https:\/\/www.hydraulic-cylinders.net\/lt\/wp-json\/wp\/v2\/product_cat?post=19158"},{"taxonomy":"product_tag","embeddable":true,"href":"https:\/\/www.hydraulic-cylinders.net\/lt\/wp-json\/wp\/v2\/product_tag?post=19158"}],"curies":[{"name":"wp","href":"https:\/\/api.w.org\/{rel}","templated":true}]}}