{"id":1916,"date":"2023-10-19T07:55:02","date_gmt":"2023-10-19T07:55:02","guid":{"rendered":"https:\/\/hydraulic-cylinders.net\/?post_type=product&#038;p=1916"},"modified":"2025-04-11T03:43:23","modified_gmt":"2025-04-11T03:43:23","slug":"double-shield-tbm-torque-cylinder","status":"publish","type":"product","link":"https:\/\/www.hydraulic-cylinders.net\/lt\/produktas\/double-shield-tbm-torque-cylinder\/","title":{"rendered":"Dvigubo skydo TBM sukimo momento cilindras"},"content":{"rendered":"<h1 style=\"text-align: center;\"><strong>Dvigubo skydo TBM sukimo momento cilindras<\/strong><\/h1>\n<p><img loading=\"lazy\" decoding=\"async\" class=\"aligncenter wp-image-1917\" src=\"https:\/\/hydraulic-cylinders.net\/wp-content\/uploads\/2023\/10\/torque-cylinder-1-2-300x300.webp\" alt=\"\" width=\"400\" height=\"400\" \/><\/p>\n<p>Dvigubo skydo TBM sukimo momento cilindras yra pa\u017eangus hidraulinis komponentas, kuris maksimaliai padidina tuneli\u0173 gr\u0119\u017eimo ma\u0161in\u0173 efektyvum\u0105 ir tikslum\u0105. \u0160is specializuotas cilindras u\u017etikrina reikiam\u0105 sukimo moment\u0105 pjovimo galvut\u0117s sukimui, tod\u0117l tuneli\u0173 kasimo metu galima skland\u017eiai ir tiksliai atlikti kasimo darbus. \u0160iame i\u0161samiame straipsnyje bus nagrin\u0117jamos pagrindin\u0117s dvigubo skydo TBM sukimo momento cilindro charakteristikos, naudojimo b\u016bdai ir prie\u017ei\u016bros gair\u0117s.<\/p>\n<p>Dvigubo skydo TBM sukimo momento cilindras yra tvirtas ir patikimas komponentas, kei\u010diantis tuneli\u0173 gr\u0119\u017eimo operacijas. D\u0117l didelio sukimo momento, tikslios in\u017einerijos, tvirtos konstrukcijos ir erdv\u0119 taupan\u010dio dizaino \u0161is cilindras padidina tuneli\u0173 gr\u0119\u017eimo proces\u0173 efektyvum\u0105 ir tikslum\u0105. Laikantis rekomenduojam\u0173 naudojimo metod\u0173 ir reguliarios prie\u017ei\u016bros praktikos, dvigubo skydo TBM sukimo momento cilindras ir toliau u\u017etikrins i\u0161skirtin\u012f na\u0161um\u0105, prisid\u0117damas prie tuneli\u0173 kasimo projekt\u0173 s\u0117km\u0117s. Pasinaudokite dvigubo skydo TBM sukimo momento cilindro galia ir tikslumu, atskleisdami vis\u0105 tuneli\u0173 gr\u0119\u017eimo potencial\u0105 su neprilygstamu efektyvumu ir tikslumu.<\/p>\n<p>Dvigubo skydo TBM sukimo momento cilindro pagrindin\u0117s charakteristikos:<\/p>\n<ul>\n<li>Didelis sukimo momentas: Dvigubas TBM apsauginis sukimo momento cilindras u\u017etikrina tvirt\u0105 sukimo moment\u0105, leid\u017eiant\u012f efektyviai sukti pjovimo galvut\u0119. Galingas jo veikimas u\u017etikrina efektyv\u0173 ir tiksl\u0173 kasim\u0105 net ir sud\u0117tingomis geologin\u0117mis s\u0105lygomis.<\/li>\n<li>Tikslioji in\u017einerija: \u0161is cilindras yra tiksliai suprojektuotas taip, kad b\u016bt\u0173 u\u017etikrintas sklandus ir tikslus sukimo momento perdavimas. Jo pa\u017eangi konstrukcija suma\u017eina laisvum\u0105 ir palaiko pastov\u0173 sukimosi greit\u012f, tod\u0117l atliekamas tikslus kasimas ir padid\u0117ja tuneli\u0173 kasimo na\u0161umas.<\/li>\n<li>Tvirta konstrukcija: Dvigubo skydo TBM sukimo momento cilindras pasi\u017eymi tvirta konstrukcija, sukurta atlaikyti sud\u0117tingas s\u0105lygas, su kuriomis susiduriama gr\u0119\u017eiant tunelius. Auk\u0161tos kokyb\u0117s med\u017eiagos ir kruop\u0161tus meistri\u0161kumas u\u017etikrina ilgaam\u017ei\u0161kum\u0105 ir patikimum\u0105 at\u0161iauriausiomis s\u0105lygomis.<\/li>\n<li>Kompakti\u0161kas ir taupantis erdv\u0119: \u0161is cilindras optimizuoja erdv\u0117s panaudojim\u0105 tuneli\u0173 gr\u0119\u017eimo ma\u0161inoje d\u0117l kompakti\u0161ko dizaino. D\u0117l supaprastintos konstrukcijos j\u012f lengva integruoti, suma\u017einti trukd\u017eius kitiems komponentams ir maksimaliai padidinti bendr\u0105 tuneli\u0173 kasimo proceso efektyvum\u0105.<\/li>\n<\/ul>\n<h2><strong>Dvigubo skydo TBM sukimo momento cilindro parametras:<\/strong><\/h2>\n<table border=\"1\" cellspacing=\"0\" cellpadding=\"0\">\n<tbody>\n<tr>\n<td>Produkto pavadinimas<\/td>\n<td>Dvigubo skydo tunelinio gr\u0119\u017eimo ma\u0161inos sukimo momento cilindras<\/td>\n<\/tr>\n<tr>\n<td>Savyb\u0117s:<\/td>\n<td>Perduoti pjovimo galvut\u0117s sukimo moment\u0105<\/td>\n<\/tr>\n<tr>\n<td>Specifikacija:<\/td>\n<td>\u012evairios sukimo momento cilindr\u0173 konstrukcijos ir specifikacijos gali b\u016bti suprojektuotos ir pagamintos pagal kliento reikalavimus<\/td>\n<\/tr>\n<tr>\n<td>Sl\u0117gis:<\/td>\n<td>iki 25 MPa<br \/>\nSpecial\u016bs reikalavimai iki 35 MPa<\/td>\n<\/tr>\n<tr>\n<td>Parai\u0161kos:<\/td>\n<td>Dvigubo skydo tunelio gr\u0119\u017eimo ma\u0161ina<\/td>\n<\/tr>\n<\/tbody>\n<\/table>\n<h2><strong>Dvigubo skydo TBM cilindro taikymas:<\/strong><\/h2>\n<p><img loading=\"lazy\" decoding=\"async\" class=\"alignnone wp-image-1909 size-full\" src=\"https:\/\/hydraulic-cylinders.net\/wp-content\/uploads\/2023\/10\/double-shield-tbm-cylinder-1.webp\" alt=\"\" width=\"709\" height=\"473\" srcset=\"https:\/\/hydraulic-cylinders.net\/wp-content\/uploads\/2023\/10\/double-shield-tbm-cylinder-1.webp 709w, https:\/\/hydraulic-cylinders.net\/wp-content\/uploads\/2023\/10\/double-shield-tbm-cylinder-1-480x320.webp 480w\" sizes=\"(min-width: 0px) and (max-width: 480px) 480px, (min-width: 481px) 709px, 100vw\" \/><\/p>\n<h2><strong>Dvigubo skydo TBM sukimo momento cilindro naudojimo b\u016bdas<\/strong><strong>:<\/strong><\/h2>\n<ul>\n<li><strong>Cilindro integracija:<\/strong> Sumontuokite dvigubo skydo TBM sukimo momento cilindr\u0105 tam skirtoje vietoje tuneli\u0173 gr\u0119\u017eimo ma\u0161inoje, laikydamiesi gamintojo nurodym\u0173 ir specifikacij\u0173. U\u017etikrinkite tinkam\u0105 i\u0161lyginim\u0105 ir tvirt\u0105 pritvirtinim\u0105 prie TBM konstrukcijos, naudodami tinkamus tvirtinimo laikiklius arba priedus.<\/li>\n<li><strong>Hidraulin\u0117s sistemos integravimas:<\/strong> Prijunkite cilindr\u0105 prie TBM hidraulin\u0117s sistemos naudodami suderinamas \u017earnas ir jungiam\u0105sias detales. Patikrinkite, ar visos jungtys yra tvirtos, nepralaid\u017eios ir tinkamai priver\u017etos, kad b\u016bt\u0173 u\u017etikrintas optimalus hidraulinis veikimas.<\/li>\n<li><strong>Valdymas ir veikimas:<\/strong> Susipa\u017einkite su TBM valdymo sistema ir su dvigubo skydo TBM sukimo momento cilindru susijusiomis taisykl\u0117mis. Naudokite \u0161iuos valdiklius sukimo momento i\u0161eigai \u012fjungti, reguliuoti ir steb\u0117ti, pritaikydami j\u0105 prie kasimo darb\u0173 reikalavim\u0173 ir geologini\u0173 s\u0105lyg\u0173.<\/li>\n<li><strong>Steb\u0117jimas ir koregavimas:<\/strong> Nuolat steb\u0117kite dvigubo skydo TBM sukimo momento cilindro veikim\u0105 ir bendr\u0105 tuneli\u0173 gr\u0119\u017eimo ma\u0161inos elges\u012f. Reguliuokite sukimo moment\u0105, atsi\u017evelgdami \u012f grunto s\u0105lygas, pjovimo \u012franki\u0173 susid\u0117v\u0117jim\u0105 ir kasimo eig\u0105, kad u\u017etikrintum\u0117te optimal\u0173 efektyvum\u0105 ir na\u0161um\u0105.<\/li>\n<\/ul>\n<h2><strong>Kaip pakeisti hidraulini\u0173 cilindr\u0173 sandariklius?<\/strong><\/h2>\n<p>Kei\u010diant hidraulinio cilindro sandariklius, reikia kruop\u0161\u010diai i\u0161ardyti ir v\u0117l surinkti cilindro komponentus. \u0160tai nuoseklus vadovas, kuris pad\u0117s jums atlikti \u0161\u012f proces\u0105:<\/p>\n<ol>\n<li><strong>Cilindro paruo\u0161imas:<\/strong>\n<ul>\n<li>Atjunkite hidraulin\u012f cilindr\u0105 nuo sistemos ir \u012fsitikinkite, kad jame n\u0117ra sl\u0117gio.<\/li>\n<li>I\u0161ardymo metu nuvalykite cilindro i\u0161or\u0119, kad \u012f j\u012f nepatekt\u0173 ne\u0161varum\u0173 ar \u0161iuk\u0161li\u0173.<\/li>\n<li>Pad\u0117kite cilindr\u0105 ant stabilaus darbinio pavir\u0161iaus ir pritvirtinkite j\u012f spaustukais arba spaustuvais.<\/li>\n<\/ul>\n<\/li>\n<li><strong>Atpa\u017einkite plombas:<\/strong>\n<ul>\n<li>Nustatykite sandarikli\u0173, kuriuos reikia pakeisti, tipus ir vietas.<\/li>\n<li>Hidrauliniai cilindrai paprastai turi kelis sandariklius, \u012fskaitant stryp\u0173 sandariklius, st\u016bmokli\u0173 sandariklius ir valytuv\u0173 sandariklius.<\/li>\n<li>Nor\u0117dami nustatyti reikiamus sandariklius, \u017er. gamintojo dokumentacij\u0105 arba informacin\u0119 med\u017eiag\u0105.<\/li>\n<\/ul>\n<\/li>\n<li><strong>I\u0161ardymas:<\/strong>\n<ul>\n<li>Nuimkite visus tvirtinimo elementus, tokius kaip var\u017etai, spaustukai arba tvirtinimo \u017eiedai, kurie tvirtina cilindro galvut\u0119 arba dangtel\u012f.<\/li>\n<li>Atsargiai nuimkite cilindro galvut\u0119 arba dangtel\u012f, atidengdami st\u016bmokl\u012f, stryp\u0105 ir sandariklius.<\/li>\n<li>Kad tinkamai surinktum\u0117te, atkreipkite d\u0117mes\u012f \u012f sandarikli\u0173 i\u0161d\u0117stym\u0105 ir tvark\u0105.<\/li>\n<\/ul>\n<\/li>\n<li><strong>Nuimkite senus sandariklius:<\/strong>\n<ul>\n<li>Patikrinkite senus sandariklius, ar jie nepa\u017eeisti ar nesusid\u0117v\u0117j\u0119, ir nustatykite tinkam\u0105 i\u0161\u0117mimo b\u016bd\u0105.<\/li>\n<li>Priklausomai nuo tarpin\u0117s tipo, gali tekti naudoti tarpin\u0117s \u0161alinimo \u012frankius, pvz., kirtiklius ar kabliukus, arba atsargiai i\u0161traukti j\u0105 plok\u0161\u010diu atsuktuvu.<\/li>\n<li>Nuimdami sandarikl\u012f, b\u016bkite atsarg\u016bs, kad nepa\u017eeistum\u0117te cilindro pavir\u0161iaus.<\/li>\n<\/ul>\n<\/li>\n<li><strong>I\u0161valyti ir ap\u017ei\u016br\u0117ti:<\/strong>\n<ul>\n<li>Kruop\u0161\u010diai nuvalykite cilindro ang\u0105, kot\u0105 ir aplinkinius komponentus nep\u016bkuotu skudur\u0117liu arba tinkamu tirpikliu.<\/li>\n<li>Patikrinkite visus komponentus, ar n\u0117ra koki\u0173 nors pa\u017eeidim\u0173, susid\u0117v\u0117jimo ar \u012fbr\u0117\u017eim\u0173 po\u017eymi\u0173. Prireikus pakeiskite visas susid\u0117v\u0117jusias ar pa\u017eeistas dalis.<\/li>\n<\/ul>\n<\/li>\n<li><strong>\u012ediekite naujus sandariklius:<\/strong>\n<ul>\n<li>Ant nauj\u0173 sandarikli\u0173 u\u017etepkite plon\u0105 hidraulinio skys\u010dio arba sandarinimo tepalo sluoksn\u012f, kad b\u016bt\u0173 lengviau montuoti ir u\u017etikrinti tinkam\u0105 sandarum\u0105.<\/li>\n<li>Atsargiai \u012fstatykite naujus sandariklius \u012f j\u0173 griovelius, u\u017etikrindami, kad jie b\u016bt\u0173 tinkamai orientuoti.<\/li>\n<li>Naudokite sandarikli\u0173 montavimo \u012frank\u012f arba mink\u0161t\u0105 plaktuk\u0105, kad \u0161velniai \u012fspaustum\u0117te sandariklius \u012f viet\u0105 ir u\u017etikrintum\u0117te, jog jie b\u016bt\u0173 tolygiai ir tvirtai \u012fstatyti.<\/li>\n<\/ul>\n<\/li>\n<li><strong>Surinkimas:<\/strong>\n<ul>\n<li>Sumontuokite visus likusius komponentus, kurie buvo pa\u0161alinti i\u0161ardymo metu, pvz., var\u017etus, spaustukus arba tvirtinimo \u017eiedus.<\/li>\n<li>Kad u\u017etikrintum\u0117te tinkam\u0105 sandarum\u0105 ir sulygiavim\u0105, laikykit\u0117s gamintojo nurodyt\u0173 sukimo momento ver\u010di\u0173 ir priver\u017eimo sekos nurodym\u0173.<\/li>\n<li>Dar kart\u0105 patikrinkite tarpikli\u0173 tvark\u0105 ir i\u0161d\u0117stym\u0105, kad \u012fsitikintum\u0117te, jog jie yra teisingoje pad\u0117tyje.<\/li>\n<\/ul>\n<\/li>\n<li><strong>Testavimas ir patikrinimas:<\/strong>\n<ul>\n<li>Prijunkite hidraulin\u012f cilindr\u0105 prie sistemos ir \u012fsitikinkite, kad visos jungtys yra tvirtos.<\/li>\n<li>Palaipsniui atkurkite sistemos sl\u0117g\u012f, tikrindami, ar n\u0117ra nuot\u0117ki\u0173 ar ne\u012fprasto veikimo.<\/li>\n<li>Hidraulin\u012f cilindr\u0105 atlikite pilnu judesio diapazonu, kad patikrintum\u0117te tinkam\u0105 sandariklio veikim\u0105 ir bendr\u0105 funkcionalum\u0105.<\/li>\n<\/ul>\n<\/li>\n<\/ol>\n<h2><strong>Gamyklos paj\u0117gumai ir talpa:<\/strong><\/h2>\n<h3>(1) Surinkimas<\/h3>\n<p>Turime pirmos klas\u0117s nepriklausom\u0105 tyrim\u0173 ir pl\u0117tros surinkimo platform\u0105. Hidraulini\u0173 cilindr\u0173 gamybos ceche yra keturios pusiau automatin\u0117s k\u0117limo cilindr\u0173 surinkimo linijos ir viena automatin\u0117 pakreipimo cilindr\u0173 surinkimo linija, kuri\u0173 projektinis metinis gamybos paj\u0117gumas yra 1 milijonas vienet\u0173. Speciali\u0173j\u0173 cilindr\u0173 ceche \u012frengta \u012fvairi\u0173 specifikacij\u0173 pusiau automatin\u0117 valymo surinkimo sistema, kurios projektinis metinis gamybos paj\u0117gumas yra 200 000 vienet\u0173, ir garsi CNC apdirbimo \u012franga, apdirbimo centras, didelio tikslumo cilindr\u0173 apdirbimo speciali \u012franga, robotinis suvirinimo aparatas, automatinis valymo aparatas, automatinis cilindr\u0173 surinkimo aparatas ir automatin\u0117 da\u017eymo gamybos linija. Esama daugiau nei 300 rinkini\u0173 (komplekt\u0173) kritin\u0117 \u012franga. Optimalus \u012frangos i\u0161tekli\u0173 paskirstymas ir efektyvus naudojimas u\u017etikrina gamini\u0173 tikslumo reikalavimus ir auk\u0161tus gamini\u0173 kokyb\u0117s poreikius.<\/p>\n<p><img loading=\"lazy\" decoding=\"async\" class=\"alignnone wp-image-626\" src=\"https:\/\/hydraulic-cylinders.net\/wp-content\/uploads\/2023\/08\/hydraulic-cylinder-product-1-300x158.webp\" alt=\"\" width=\"495\" height=\"260\" srcset=\"https:\/\/hydraulic-cylinders.net\/wp-content\/uploads\/2023\/08\/hydraulic-cylinder-product-1-300x158.webp 495w, https:\/\/hydraulic-cylinders.net\/wp-content\/uploads\/2023\/08\/hydraulic-cylinder-product-1-480x252.webp 480w\" sizes=\"(min-width: 0px) and (max-width: 480px) 480px, (min-width: 481px) 495px, 100vw\" \/> <img loading=\"lazy\" decoding=\"async\" class=\"alignnone wp-image-627\" src=\"https:\/\/hydraulic-cylinders.net\/wp-content\/uploads\/2023\/08\/hydraulic-cylinder-product-2-300x189.webp\" alt=\"\" width=\"413\" height=\"260\" \/><\/p>\n<h3>(2) Apdirbimas<\/h3>\n<p>Mechaninio apdirbimo ceche \u012frengtas pritaikytas nuo\u017eulnaus b\u0117gio tekinimo centras, apdirbimo centras, greitaeigis galandimo stakl\u0117s, suvirinimo robotas ir kita susijusi \u012franga, galinti apdirbti cilindrinius vamzd\u017eius, kuri\u0173 maksimalus vidinis skersmuo yra 400 mm, o maksimalus ilgis \u2013 6 metrai.<\/p>\n<p><img loading=\"lazy\" decoding=\"async\" class=\"alignnone wp-image-628 size-large\" src=\"https:\/\/hydraulic-cylinders.net\/wp-content\/uploads\/2023\/08\/hydraulic-cylinder-product-3-1024x391.webp\" alt=\"\" width=\"1024\" height=\"391\" srcset=\"https:\/\/hydraulic-cylinders.net\/wp-content\/uploads\/2023\/08\/hydraulic-cylinder-product-3-980x374.webp 980w, https:\/\/hydraulic-cylinders.net\/wp-content\/uploads\/2023\/08\/hydraulic-cylinder-product-3-480x183.webp 480w\" sizes=\"(min-width: 0px) and (max-width: 480px) 480px, (min-width: 481px) and (max-width: 980px) 980px, (min-width: 981px) 1024px, 100vw\" \/><\/p>\n<h3>(3) Suvirinimas<\/h3>\n<p><img loading=\"lazy\" decoding=\"async\" class=\"alignnone wp-image-629 size-large\" src=\"https:\/\/hydraulic-cylinders.net\/wp-content\/uploads\/2023\/08\/hydraulic-cylinder-product-4-1024x510.webp\" alt=\"\" width=\"1024\" height=\"510\" srcset=\"https:\/\/hydraulic-cylinders.net\/wp-content\/uploads\/2023\/08\/hydraulic-cylinder-product-4-980x488.webp 980w, https:\/\/hydraulic-cylinders.net\/wp-content\/uploads\/2023\/08\/hydraulic-cylinder-product-4-480x239.webp 480w\" sizes=\"(min-width: 0px) and (max-width: 480px) 480px, (min-width: 481px) and (max-width: 980px) 980px, (min-width: 981px) 1024px, 100vw\" \/><\/p>\n<h3>(4) Da\u017eymas ir dengimas<\/h3>\n<p>Su ma\u017eomis ir vidutinio dyd\u017eio cilindrin\u0117mis automatin\u0117mis vandens pagrindo da\u017e\u0173 dengimo linijomis, siekiant automatinio robot\u0173 pakrovimo ir i\u0161krovimo bei automatinio pur\u0161kimo, projektinis paj\u0117gumas yra 4000 vienet\u0173 per pamain\u0105;<br \/>\nTaip pat turime pusiau automatin\u0119 dideli\u0173 cilindr\u0173 da\u017e\u0173 gamybos linij\u0105, varom\u0105 grandin\u0117s, kurios projektinis na\u0161umas yra 60 d\u0117\u017ei\u0173 per pamain\u0105.<\/p>\n<p><img loading=\"lazy\" decoding=\"async\" class=\"alignnone wp-image-630\" src=\"https:\/\/hydraulic-cylinders.net\/wp-content\/uploads\/2023\/08\/hydraulic-cylinder-product-5-300x213.webp\" alt=\"\" width=\"366\" height=\"260\" \/> <img loading=\"lazy\" decoding=\"async\" class=\"alignnone wp-image-631\" src=\"https:\/\/hydraulic-cylinders.net\/wp-content\/uploads\/2023\/08\/hydraulic-cylinder-product-6-300x225.webp\" alt=\"\" width=\"347\" height=\"260\" \/><\/p>\n<h3>(5) Testavimas<\/h3>\n<p>Turime auk\u0161\u010diausios klas\u0117s patikros patalpas ir bandym\u0173 stendus, kad u\u017etikrintume, jog baliono veikimas atitinka reikalavimus.<\/p>\n<p><img loading=\"lazy\" decoding=\"async\" class=\"alignnone wp-image-632\" src=\"https:\/\/hydraulic-cylinders.net\/wp-content\/uploads\/2023\/08\/hydraulic-cylinder-product-8-300x200.webp\" alt=\"\" width=\"389\" height=\"260\" \/><\/p>\n<p>&nbsp;<\/p>\n<p>&nbsp;<\/p>\n<p>Esame vienas geriausi\u0173 hidraulini\u0173 cilindr\u0173 gamintoj\u0173. Galime pasi\u016blyti i\u0161samius hidraulinius cilindrus. Taip pat teikiame atitinkamus <a href=\"https:\/\/hzpt.com\/agricultural-pto-gearbox\/\" target=\"_blank\" rel=\"noopener\">\u017eem\u0117s \u016bkio pavar\u0173 d\u0117\u017e\u0117s<\/a>Mes eksportuojame savo gaminius klientams visame pasaulyje ir peln\u0117me ger\u0105 reputacij\u0105 d\u0117l auk\u0161\u010diausios gamini\u0173 kokyb\u0117s ir aptarnavimo po pardavimo. Mes laukiame klient\u0173 \u0161alyje ir u\u017esienyje, norin\u010di\u0173 susisiekti su mumis der\u0117tis d\u0117l verslo, keistis informacija ir... <a href=\"https:\/\/www.hydraulic-cylinders.net\/lt\/contact-us\/\">bendradarbiauti su mumis<\/a>!<\/p>\n<p>&nbsp;<\/p>","protected":false},"excerpt":{"rendered":"<p>Double Shield TBM Torque Cylinder The double shield TBM torque cylinder is a cutting-edge hydraulic component that maximizes the efficiency and accuracy of tunnel boring machines. This specialized cylinder provides the necessary torque force for the rotation of the cutterhead, enabling smooth and precise excavation during tunneling operations. This comprehensive article will explore the key [&hellip;]<\/p>","protected":false},"featured_media":1918,"comment_status":"open","ping_status":"closed","template":"","meta":{"_et_pb_use_builder":"","_et_pb_old_content":"","_et_gb_content_width":""},"product_brand":[],"product_cat":[1550,1519],"product_tag":[1380],"class_list":{"0":"post-1916","1":"product","2":"type-product","3":"status-publish","4":"has-post-thumbnail","6":"product_cat-double-acting-hydraulic-cylinder","7":"product_cat-shield-machine-hydraulic-cylinders","8":"product_tag-hydraulic-cylinder","10":"first","11":"instock","12":"shipping-taxable","13":"product-type-simple"},"amp_enabled":true,"_links":{"self":[{"href":"https:\/\/www.hydraulic-cylinders.net\/lt\/wp-json\/wp\/v2\/product\/1916","targetHints":{"allow":["GET"]}}],"collection":[{"href":"https:\/\/www.hydraulic-cylinders.net\/lt\/wp-json\/wp\/v2\/product"}],"about":[{"href":"https:\/\/www.hydraulic-cylinders.net\/lt\/wp-json\/wp\/v2\/types\/product"}],"replies":[{"embeddable":true,"href":"https:\/\/www.hydraulic-cylinders.net\/lt\/wp-json\/wp\/v2\/comments?post=1916"}],"wp:featuredmedia":[{"embeddable":true,"href":"https:\/\/www.hydraulic-cylinders.net\/lt\/wp-json\/wp\/v2\/media\/1918"}],"wp:attachment":[{"href":"https:\/\/www.hydraulic-cylinders.net\/lt\/wp-json\/wp\/v2\/media?parent=1916"}],"wp:term":[{"taxonomy":"product_brand","embeddable":true,"href":"https:\/\/www.hydraulic-cylinders.net\/lt\/wp-json\/wp\/v2\/product_brand?post=1916"},{"taxonomy":"product_cat","embeddable":true,"href":"https:\/\/www.hydraulic-cylinders.net\/lt\/wp-json\/wp\/v2\/product_cat?post=1916"},{"taxonomy":"product_tag","embeddable":true,"href":"https:\/\/www.hydraulic-cylinders.net\/lt\/wp-json\/wp\/v2\/product_tag?post=1916"}],"curies":[{"name":"wp","href":"https:\/\/api.w.org\/{rel}","templated":true}]}}