{"id":19180,"date":"2025-04-07T06:16:46","date_gmt":"2025-04-07T06:16:46","guid":{"rendered":"https:\/\/www.hydraulic-cylinders.net\/product\/boom-cylinder-for-xcmg-small-excavator-xe75\/"},"modified":"2025-04-07T06:16:48","modified_gmt":"2025-04-07T06:16:48","slug":"boom-cylinder-for-xcmg-small-excavator-xe75","status":"publish","type":"product","link":"https:\/\/www.hydraulic-cylinders.net\/lt\/produktas\/boom-cylinder-for-xcmg-small-excavator-xe75\/","title":{"rendered":"XCMG ma\u017eo ekskavatoriaus XE75 str\u0117l\u0117s cilindras"},"content":{"rendered":"<h1>XCMG ma\u017eo ekskavatoriaus XE75 str\u0117l\u0117s cilindras<\/h1>\n<h2>Str\u0117l\u0117s cilindro supratimas<\/h2>\n<p>Str\u0117l\u0117s cilindras yra labai svarbus \u012fvairi\u0173 sunki\u0173j\u0173 ma\u0161in\u0173, ypa\u010d ekskavatori\u0173, ekskavatorini\u0173 krautuv\u0173 ir frontalini\u0173 krautuv\u0173, komponentas. Tai hidraulinio cilindro tipas, specialiai sukurtas kau\u0161o jud\u0117jimui valdyti, leid\u017eiant jam efektyviai kelti, nuleisti ir pakreipti. \u0160i funkcija yra b\u016btina med\u017eiag\u0173 tvarkymo u\u017eduotims, leid\u017eianti operatoriams tiksliai atlikti kasimo, krovimo ir perk\u0117limo operacijas.<\/p>\n<p><img decoding=\"async\" src=\"https:\/\/www.hydraulic-cylinders.net\/wp-content\/uploads\/2025\/04\/songte-company-1.webp\" alt=\"Hidraulinis cilindras\"><\/p>\n<h3>Vaidmuo ir taikymas hidraulin\u0117se sistemose<\/h3>\n<p>Hidraulin\u0117se sistemose str\u0117l\u0117s cilindras atlieka gyvybi\u0161kai svarb\u0173 vaidmen\u012f, nes jis hidraulin\u0119 energij\u0105 paver\u010dia mechanine energija. Kai hidraulinis skystis pumpuojamas \u012f cilindr\u0105, jis sukuria sl\u0117g\u012f, kuris i\u0161ple\u010dia arba atitraukia cilindr\u0105, tod\u0117l kau\u0161as juda norimu b\u016bdu. \u0160is mechanizmas yra ne tik efektyvus, bet ir leid\u017eia skland\u017eiai ir kontroliuojamai veikti, tod\u0117l jis yra nepakei\u010diama \u0161iuolaikini\u0173 ekskavatori\u0173 dalis.<\/p>\n<h2>Str\u0117l\u0117s cilindro savyb\u0117s<\/h2>\n<ul>\n<li><strong>Didelis stiprumas ir ilgaam\u017ei\u0161kumas:<\/strong> Paprastai pagaminti i\u0161 didelio stiprumo plieno arba aliuminio, jie gali atlaikyti didel\u012f sl\u0117g\u012f ir dideles apkrovas, yra sukurti at\u0161iaurioms darbo aplinkoms, pasi\u017eymintys atspariomis dilimui ir korozijai savyb\u0117mis, kurios prailgina j\u0173 tarnavimo laik\u0105.<\/li>\n<li><strong>Efektyvus hidraulinis valdymas:<\/strong> Str\u0117l\u0117s cilindras naudoja hidraulin\u0117s alyvos sl\u0117g\u012f, kad str\u0117l\u0117 skland\u017eiai i\u0161skleist\u0173 ir atitraukt\u0173 str\u0117l\u0119, tod\u0117l greitai reaguoja \u012f operatoriaus komandas ir u\u017etikrina galing\u0105 st\u016bmimo bei traukimo j\u0117g\u0105, tinkam\u0105 sunkioms med\u017eiagoms tvarkyti ir sud\u0117tingoms u\u017eduotims atlikti.<\/li>\n<li><strong>\u012evair\u016bs tipai:<\/strong> \u0160ie cilindrai tiekiami vienpusio veikimo (hidraulinis veikimas viena kryptimi) arba dvipusio veikimo (hidraulinis veikimas abiem kryptimis) konfig\u016bracij\u0173, kad atitikt\u0173 \u012fvairius eksploatacinius reikalavimus, o kai kurie modeliai yra teleskopiniai, leid\u017eiantys didesn\u012f i\u0161pl\u0117tim\u0105 nedidinant i\u0161orini\u0173 matmen\u0173, tod\u0117l idealiai tinka naudoti ribotoje erdv\u0117je.<\/li>\n<li><strong>Suderinamumas:<\/strong> M\u016bs\u0173 gaminiai gali puikiai pakeisti esamus hidraulinius cilindrus, u\u017etikrindami skland\u0173 integravim\u0105 su \u012fvairiais ekskavatori\u0173 modeliais.<\/li>\n<\/ul>\n<p><img decoding=\"async\" src=\"https:\/\/www.hydraulic-cylinders.net\/wp-content\/uploads\/2025\/04\/songte-cylinder-head-with-all-kinds-excavator-models.webp\" alt=\"Ekskavatori\u0173 modeliai\"><\/p>\n<h2>Str\u0117l\u0117s cilindr\u0173 pritaikymas<\/h2>\n<ul>\n<li><strong>Statybin\u0117 \u012franga:<\/strong> Ekskavatoriuose str\u0117l\u0117s cilindrai yra b\u016btini kasant, kraunant ir perkeliant grunt\u0105 ar \u0161iuk\u0161les. Tikslus j\u0173 valdymas leid\u017eia efektyviai atlikti kasimo darbus ir tvarkyti med\u017eiagas, o tai labai svarbu bet kurioje statybviet\u0117je.<\/li>\n<li><strong>\u017dem\u0117s \u016bkio technika:<\/strong> Priekiniuose krautuvuose naudojami str\u0117l\u0117s cilindrai palengvina dirvo\u017eemio, \u0161ieno ir kit\u0173 med\u017eiag\u0173 k\u0117lim\u0105, k\u0117lim\u0105 ir transportavim\u0105, tod\u0117l jie yra ne\u012fkainojami \u017eem\u0117s \u016bkio darbuose.<\/li>\n<li><strong>Ekskavatoriai:<\/strong> \u0160ie cilindrai leid\u017eia kau\u0161ui efektyviai \u012fsiskverbti \u012f dirv\u0105, pagerindami kasimo proces\u0105 ir padidindami na\u0161um\u0105 darbo vietose.<\/li>\n<li><strong>Krautuvai:<\/strong> Priekiniuose krautuvuose str\u0117l\u0117s cilindrai padeda efektyviai kelti ir i\u0161versti med\u017eiagas, tod\u0117l jie universal\u016bs ir tinka \u012fvairi\u0173 tip\u0173 ma\u0161inoms.<\/li>\n<\/ul>\n<h2>Projektavimo aspektai ir atrankos kriterijai<\/h2>\n<ul>\n<li><strong>Keliamoji galia:<\/strong> Projektuojant reikia atsi\u017evelgti \u012f maksimali\u0105 apkrov\u0105, kad b\u016bt\u0173 i\u0161vengta gedim\u0173 eksploatacijos metu. Tinkama in\u017einerija u\u017etikrina, kad cilindras gal\u0117t\u0173 atlaikyti perkeliam\u0173 med\u017eiag\u0173 svor\u012f nepakenkdamas saugumui ar na\u0161umui.<\/li>\n<li><strong>Sandarumo vientisumas:<\/strong> Efektyvus sandarinimas yra labai svarbus siekiant i\u0161vengti hidraulinio skys\u010dio nuot\u0117kio, kuris gali sukelti na\u0161umo problem\u0173 ir aplinkosaugos problem\u0173. Norint i\u0161laikyti cilindr\u0173 funkcionalum\u0105, b\u016btina naudoti auk\u0161tos kokyb\u0117s sandariklius, kurie atlaiko sl\u0117g\u012f ir dilim\u0105.<\/li>\n<li><strong>Patvarumas:<\/strong> Statyboje naudojamos med\u017eiagos turi b\u016bti atsparios dilimui ir korozijai, ypa\u010d sud\u0117tingomis s\u0105lygomis. \u0160is aspektas taikomas ir pavir\u0161iaus apdorojimui, kuris prailgina tarnavimo laik\u0105 ir suma\u017eina prie\u017ei\u016bros poreik\u012f.<\/li>\n<li><strong>Saugos funkcijos:<\/strong> Saugos mechanizmai, tokie kaip sl\u0117gio ma\u017einimo vo\u017etuvai, yra gyvybi\u0161kai svarb\u016bs norint apsaugoti sistem\u0105 nuo per didelio sl\u0117gio ir u\u017etikrinti saug\u0173 veikim\u0105 net ir esant didel\u0117ms apkrovoms.<\/li>\n<li><strong>Prieinamumas prie prie\u017ei\u016bros:<\/strong> Konstrukcija tur\u0117t\u0173 b\u016bti tokia, kad b\u016bt\u0173 lengva pri\u017ei\u016br\u0117ti ir remontuoti, suteikiant operatoriams galimyb\u0119 atlikti \u012fprastinius patikrinimus ir technin\u0119 prie\u017ei\u016br\u0105 be ilg\u0173 prastov\u0173.<\/li>\n<\/ul>\n<p><img decoding=\"async\" src=\"https:\/\/www.hydraulic-cylinders.net\/wp-content\/uploads\/2025\/04\/songte-oil-pipes-and-spare-parts.webp\" alt=\"Naftos vamzd\u017eiai ir atsargin\u0117s dalys\"><\/p>\n<h2>Sandarinimas ir tepimas<\/h2>\n<p>Tinkamas sandarinimas ir tepimas yra labai svarb\u016bs str\u0117l\u0117s cilindr\u0173 veikimui ir ilgaam\u017ei\u0161kumui. Siekiant u\u017etikrinti, kad hidraulinis skystis likt\u0173 cilindre, naudojami \u012fvair\u016bs sandarikliai, pavyzd\u017eiui, st\u016bmokli\u0173 ir stryp\u0173 sandarikliai. Sandarikliai da\u017enai gaminami i\u0161 patvari\u0173 med\u017eiag\u0173, toki\u0173 kaip poliuretanas ir nitrilo kau\u010diukas, kurios yra atsparios dilimui ir aplinkos poveikiui.<\/p>\n<p>Be to, cilindro korpusas ir srieginiai galiniai pavir\u0161iai yra tiksliai apdirbami, siekiant padidinti atsparum\u0105 dilimui. Norint u\u017etikrinti skland\u0173 veikim\u0105 ir i\u0161vengti d\u0117l trinties atsirandan\u010dio nusid\u0117v\u0117jimo bei pa\u017eeidim\u0173, b\u016btina reguliariai tepti hidrauline alyva. Planin\u0117 prie\u017ei\u016bra tur\u0117t\u0173 apimti alyvos lygio ir sandarikli\u0173 vientisumo patikrinimus.<\/p>\n<h2>Reguliarios patikros ir prevencin\u0117s prie\u017ei\u016bros priemon\u0117s<\/h2>\n<ul>\n<li><strong>\u012eprastiniai patikrinimai:<\/strong> Reik\u0117t\u0173 reguliariai tikrinti str\u0117l\u0117s cilindr\u0105, kad b\u016bt\u0173 nustatyti susid\u0117v\u0117jimo, nuot\u0117ki\u0173 ar pa\u017eeidim\u0173 po\u017eymiai. Ankstyvas problem\u0173 nustatymas gali pad\u0117ti i\u0161vengti brangaus remonto ir prastov\u0173.<\/li>\n<li><strong>Tepimas:<\/strong> Tinkamas tepimas yra b\u016btinas skland\u017eiam veikimui ir nusid\u0117v\u0117jimo prevencijai. Operatoriai tur\u0117t\u0173 u\u017etikrinti, kad hidraulin\u0117s alyvos lygis b\u016bt\u0173 rekomenduojamas, ir papildyti pagal poreik\u012f, atsi\u017evelgiant \u012f naudojim\u0105.<\/li>\n<li><strong>Sandariklio keitimas:<\/strong> Laikui b\u0117gant, sandarikliai gali susid\u0117v\u0117ti ir sukelti nuot\u0117kius. Tarpikli\u0173 patikros ir keitimo grafikas pad\u0117s i\u0161laikyti cilindro vientisum\u0105 ir veikim\u0105.<\/li>\n<\/ul>\n<h2>\u012erengimo gair\u0117s<\/h2>\n<p>Tinkamas str\u0117l\u0117s cilindro montavimas yra labai svarbus optimaliam veikimui. Prad\u0117kite tinkamai sulygiuodami cilindr\u0105 su tvirtinimo laikikliais ir u\u017etikrinkite, kad jis b\u016bt\u0173 tvirtai pritvirtintas. Montavimo metu naudokite tinkamas tvirtinimo atramas, kad cilindras laikyt\u0173si vietoje.<\/p>\n<p>Prie\u0161 pritvirtindami cilindr\u0105, patikrinkite, ar visos hidraulin\u0117s linijos n\u0117ra sulenktos ar pa\u017eeistos. Sumontavus, patikrinkite cilindro veikim\u0105, atlikdami vis\u0105 jo judesio diapazon\u0105 ir patikrindami, ar n\u0117ra nuot\u0117ki\u0173 ar ne\u012fprast\u0173 gars\u0173. Gali prireikti atlikti reguliavim\u0105, kad b\u016bt\u0173 u\u017etikrintas tinkamas suderinimas ir veikimas.<\/p>\n<h2>\u012eprastos prie\u017ei\u016bros u\u017eduotys<\/h2>\n<ul>\n<li><strong>Reguliar\u016bs patikrinimai:<\/strong> Da\u017enai tikrinkite cilindr\u0173 susid\u0117v\u0117jim\u0105, nuot\u0117kius ir bendr\u0105 b\u016bkl\u0119, kad pasteb\u0117tum\u0117te nedidelius gedimus, kol jie netapo rimtomis problemomis.<\/li>\n<li><strong>Tinkamas tepimas:<\/strong> \u012esitikinkite, kad hidraulin\u0117s alyvos lygis yra papildomas ir palaikomas reikiamu lygiu, kad b\u016bt\u0173 u\u017etikrintas optimalus veikimas.<\/li>\n<li><strong>Sandariklio keitimas:<\/strong> Steb\u0117kite sandariklius, ar n\u0117ra susid\u0117v\u0117jimo po\u017eymi\u0173, ir suplanuokite j\u0173 keitim\u0105, kad i\u0161vengtum\u0117te skys\u010di\u0173 nuot\u0117kio ir i\u0161laikytum\u0117te efektyvum\u0105.<\/li>\n<\/ul>\n<p>Montavimo metu labai svarbu tinkamai sulygiuoti cilindr\u0105, kad b\u016bt\u0173 i\u0161vengta per didelio \u012ftempimo ir galimo gedimo. Tinkam\u0173 montavimo laikikli\u0173 ir tvirtinimo detali\u0173 naudojimas u\u017etikrins stabilum\u0105. Rekomenduojamos patikrinimo, remonto ir keitimo proced\u016bros pad\u0117s prailginti str\u0117l\u0117s cilindro tarnavimo laik\u0105.<\/p>\n<p><img decoding=\"async\" src=\"https:\/\/www.hydraulic-cylinders.net\/wp-content\/uploads\/2025\/04\/songte-chushion-collar.webp\" alt=\"Pagalv\u0117l\u0117s apykakl\u0117\"><\/p>\n<h2>Saugos aspektai ir aplinkos veiksniai<\/h2>\n<p>Dirbant su str\u0117l\u0117s cilindrais, saugos priemon\u0117s yra nepaprastai svarbios. Operatoriai visada tur\u0117t\u0173 laikytis rekomenduojam\u0173 saugos protokol\u0173, \u012fskaitant tinkam\u0173 asmenini\u0173 apsaugos priemoni\u0173 (AAP) d\u0117v\u0117jim\u0105 ir u\u017etikrinim\u0105, kad darbo zonoje neb\u016bt\u0173 pavoj\u0173. Tinkamas hidraulini\u0173 cilindr\u0173 valdymo ir prie\u017ei\u016bros mokymas yra b\u016btinas siekiant i\u0161vengti nelaiming\u0173 atsitikim\u0173.<\/p>\n<p>Taip pat svarb\u0173 vaidmen\u012f atlieka aplinkosaugos aspektai. Hidraulinius skys\u010dius reikia tvarkyti atsargiai, kad jie nei\u0161siliet\u0173, o panaudot\u0105 alyv\u0105 reikia utilizuoti pagal vietos taisykles, kad b\u016bt\u0173 kuo labiau suma\u017eintas poveikis aplinkai.<\/p>\n<h2>Gedim\u0173 diagnostika ir da\u017eniausios problemos<\/h2>\n<ul>\n<li><strong>Nuot\u0117kis:<\/strong> Da\u017ena problema yra skys\u010dio nuot\u0117kis i\u0161 tarpikli\u0173, da\u017enai atsirandantis d\u0117l susid\u0117v\u0117jimo ar pa\u017eeidimo. Norint laiku atlikti remont\u0105, labai svarbu nustatyti nuot\u0117kio \u0161altin\u012f.<\/li>\n<li><strong>Suma\u017eintas na\u0161umas:<\/strong> Jei cilindras skland\u017eiai nei\u0161sitraukia arba nesusitraukia, tai gali rodyti \u017eem\u0105 hidraulinio skys\u010dio lyg\u012f arba vidinius pa\u017eeidimus.<\/li>\n<li><strong>Triuk\u0161mas veikimo metu:<\/strong> Ne\u012fprasti garsai gali rodyti tepimo ar mechaninio susid\u0117v\u0117jimo problemas, tod\u0117l reikia nedelsiant i\u0161tirti.<\/li>\n<\/ul>\n<h2>Trik\u010di\u0173 \u0161alinimo patarimai<\/h2>\n<p>Nor\u0117dami efektyviai diagnozuoti ir i\u0161spr\u0119sti str\u0117l\u0117s cilindr\u0173 problemas, operatoriai tur\u0117t\u0173 reguliariai steb\u0117ti na\u0161um\u0105 ir imtis iniciatyvos \u0161alinant bet kokius pa\u017eeidimus. \u012egyvendinkite prevencines priemones, pvz., planin\u0119 technin\u0119 prie\u017ei\u016br\u0105, kad suma\u017eintum\u0117te problem\u0173 tikimyb\u0119. I\u0161samus technin\u0117s prie\u017ei\u016bros \u017eurnalas gali pad\u0117ti steb\u0117ti cilindr\u0173 veikim\u0105 ir nustatyti modelius, kurie gali rodyti kylan\u010dias problemas.<\/p>\n<p><img decoding=\"async\" src=\"https:\/\/www.hydraulic-cylinders.net\/wp-content\/uploads\/2025\/04\/songte-bushings-with-all-kinds-of-excavator-models.webp\" alt=\"\u012evor\u0117s su ekskavatori\u0173 modeliais\"><\/p>\n<h2>Apie m\u016bs\u0173 \u012fmon\u0119<\/h2>\n<p>Esame pirmaujantis alternatyvi\u0173 hidraulini\u0173 cilindr\u0173 gamintojas ir didmenininkas, \u017einomas d\u0117l plataus gamini\u0173 asortimento. M\u016bs\u0173 \u012fsipareigojim\u0105 siekti meistri\u0161kumo lemia sud\u0117tinga gamybos valdymo strategija, kurioje pabr\u0117\u017eiamas tikslumas ir kokyb\u0117. Sutelkdami d\u0117mes\u012f \u012f technologin\u0119 pa\u017eang\u0105, naudojame itin pa\u017eangi\u0105 gamybos \u012frang\u0105 ir profesionalias bandym\u0173 sistemas, kad padidintume savo gamybos paj\u0117gumus.<\/p>\n<p>M\u016bs\u0173 \u012fmon\u0117 did\u017eiuojasi savo stipriais inovacij\u0173 paj\u0117gumais, kurie leid\u017eia mums patenkinti \u012fvairius klient\u0173 poreikius teikiant individualiai pritaikytas paslaugas. Esame tarptautiniu mastu sertifikuoti, tod\u0117l u\u017etikriname, kad m\u016bs\u0173 produktai atitikt\u0173 pasaulinius kokyb\u0117s standartus. M\u016bs\u0173 specializuotas garantinio aptarnavimo skyrius dar labiau sustiprina m\u016bs\u0173 \u012fsipareigojim\u0105 u\u017etikrinti klient\u0173 pasitenkinim\u0105.<\/p>\n<p><img decoding=\"async\" src=\"https:\/\/www.hydraulic-cylinders.net\/wp-content\/uploads\/2025\/04\/songte-company-4.webp\" alt=\"\u012emon\u0117s ap\u017evalga\"><br \/>\n<img decoding=\"async\" src=\"https:\/\/www.hydraulic-cylinders.net\/wp-content\/uploads\/2025\/04\/songte-company-3.webp\" alt=\"\u012emon\u0117s gamybos \u012frenginiai\"><\/p>\n<p>Autorius: lyl<\/p>","protected":false},"excerpt":{"rendered":"<p>Boom Cylinder For XCMG Small Excavator XE75 Understanding the Boom Cylinder The boom cylinder is a crucial component in various heavy machinery, particularly in excavators, backhoe loaders, and front loaders. It is a type of hydraulic cylinder designed specifically to control the movement of the bucket, allowing it to lift, lower, and tilt efficiently. This [&hellip;]<\/p>","protected":false},"featured_media":17881,"comment_status":"open","ping_status":"closed","template":"","meta":{"_et_pb_use_builder":"","_et_pb_old_content":"","_et_gb_content_width":""},"product_brand":[],"product_cat":[1546],"product_tag":[1547,1496],"class_list":{"0":"post-19180","1":"product","2":"type-product","3":"status-publish","4":"has-post-thumbnail","6":"product_cat-boom-cylinders","7":"product_tag-boom-cylinders","8":"product_tag-hydraulic-cylinders","10":"first","11":"instock","12":"shipping-taxable","13":"product-type-simple"},"amp_enabled":true,"_links":{"self":[{"href":"https:\/\/www.hydraulic-cylinders.net\/lt\/wp-json\/wp\/v2\/product\/19180","targetHints":{"allow":["GET"]}}],"collection":[{"href":"https:\/\/www.hydraulic-cylinders.net\/lt\/wp-json\/wp\/v2\/product"}],"about":[{"href":"https:\/\/www.hydraulic-cylinders.net\/lt\/wp-json\/wp\/v2\/types\/product"}],"replies":[{"embeddable":true,"href":"https:\/\/www.hydraulic-cylinders.net\/lt\/wp-json\/wp\/v2\/comments?post=19180"}],"wp:featuredmedia":[{"embeddable":true,"href":"https:\/\/www.hydraulic-cylinders.net\/lt\/wp-json\/wp\/v2\/media\/17881"}],"wp:attachment":[{"href":"https:\/\/www.hydraulic-cylinders.net\/lt\/wp-json\/wp\/v2\/media?parent=19180"}],"wp:term":[{"taxonomy":"product_brand","embeddable":true,"href":"https:\/\/www.hydraulic-cylinders.net\/lt\/wp-json\/wp\/v2\/product_brand?post=19180"},{"taxonomy":"product_cat","embeddable":true,"href":"https:\/\/www.hydraulic-cylinders.net\/lt\/wp-json\/wp\/v2\/product_cat?post=19180"},{"taxonomy":"product_tag","embeddable":true,"href":"https:\/\/www.hydraulic-cylinders.net\/lt\/wp-json\/wp\/v2\/product_tag?post=19180"}],"curies":[{"name":"wp","href":"https:\/\/api.w.org\/{rel}","templated":true}]}}