{"id":19186,"date":"2025-04-07T06:17:08","date_gmt":"2025-04-07T06:17:08","guid":{"rendered":"https:\/\/www.hydraulic-cylinders.net\/product\/boom-cylinder-for-xcmg-small-excavator-xe135b\/"},"modified":"2025-04-07T06:17:11","modified_gmt":"2025-04-07T06:17:11","slug":"boom-cylinder-for-xcmg-small-excavator-xe135b","status":"publish","type":"product","link":"https:\/\/www.hydraulic-cylinders.net\/lt\/produktas\/boom-cylinder-for-xcmg-small-excavator-xe135b\/","title":{"rendered":"XCMG ma\u017eo ekskavatoriaus XE135B str\u0117l\u0117s cilindras"},"content":{"rendered":"<h1>XCMG ma\u017eo ekskavatoriaus XE135B str\u0117l\u0117s cilindras<\/h1>\n<h2>\u012evadas \u012f str\u0117l\u0117s cilindr\u0105<\/h2>\n<p>Str\u0117l\u0117s cilindras, labai svarbus hidraulini\u0173 sistem\u0173 komponentas, skirtas valdyti kau\u0161o jud\u0117jim\u0105 \u012fvairiose sunkiosiose ma\u0161inose, tokiose kaip ekskavatoriai, ekskavatoriniai krautuvai ir frontaliniai krautuvai. Jis leid\u017eia kau\u0161ui kelti, nuleisti ir pakreipti, taip efektyviai atliekant med\u017eiag\u0173 tvarkymo u\u017eduotis. Str\u0117l\u0117s cilindras veikia hidrauliniu sl\u0117giu, tod\u0117l judesiai yra skland\u016bs ir tiksl\u016bs, o tai yra b\u016btina atliekant kasimo, k\u0117limo ir med\u017eiag\u0173 transportavimo u\u017eduotis.<\/p>\n<p><img decoding=\"async\" src=\"https:\/\/www.hydraulic-cylinders.net\/wp-content\/uploads\/2025\/04\/songte-company-1.webp\" alt=\"Str\u0117l\u0117s cilindro vaizdas\"><\/p>\n<p>I\u0161 esm\u0117s str\u0117l\u0117s cilindras sunkiojoje \u012frangoje veikia kaip pavara, paver\u010dianti hidraulin\u0119 energij\u0105 mechanine energija. Jo vaidmuo yra gyvybi\u0161kai svarbus atliekant \u012fvairias funkcijas \u2013 nuo \u200b\u200bkasimo iki med\u017eiag\u0173 transportavimo, tod\u0117l jis yra b\u016btinas statybos ir \u017eem\u0117s \u016bkio ma\u0161inoje.<\/p>\n<h2>Str\u0117l\u0117s cilindro savyb\u0117s<\/h2>\n<ul>\n<li>\n<h3>Didelis stiprumas ir ilgaam\u017ei\u0161kumas<\/h3>\n<p>Pagamintas i\u0161 didelio stiprumo plieno arba aliuminio, str\u0117l\u0117s cilindras yra sukurtas taip, kad atlaikyt\u0173 auk\u0161t\u0105 sl\u0117g\u012f ir dideles apkrovas, tod\u0117l tinka sud\u0117tingoms darbo s\u0105lygoms. Jo konstrukcija atsi\u017evelgia \u012f atsparum\u0105 dilimui ir korozijai, o tai \u017eymiai pailgina jo tarnavimo laik\u0105.<\/p>\n<\/li>\n<li>\n<h3>Efektyvus hidraulinis valdymas<\/h3>\n<p>Cilindras naudoja hidraulin\u0117s alyvos sl\u0117g\u012f, kad skland\u017eiai i\u0161siskleist\u0173 ir susitraukt\u0173, tod\u0117l greitai reaguot\u0173 \u012f valdymo komandas. Tai u\u017etikrina galingas st\u016bmimo ir traukimo j\u0117gas, tod\u0117l jis veiksmingas tvarkant sunkius daiktus ir atliekant sud\u0117tingas u\u017eduotis.<\/p>\n<\/li>\n<li>\n<h3>Tip\u0173 \u012fvairov\u0117<\/h3>\n<p>Priklausomai nuo eksploatacini\u0173 poreiki\u0173, str\u0117l\u0117s cilindras gali b\u016bti vienpusio veikimo (veikiantis viena kryptimi) arba dvipusio veikimo (veikiantis abiem kryptimis) konfig\u016bracijos. Kai kurie modeliai yra teleskopiniai, tod\u0117l galima labiau i\u0161tiesti str\u0117l\u0119 nedidinant i\u0161orini\u0173 matmen\u0173, tod\u0117l tai idealiai tinka naudoti ribotoje erdv\u0117je.<\/p>\n<\/li>\n<li>\n<h3>Tikslioji in\u017einerija<\/h3>\n<p>Kiekvienas str\u0117l\u0117s cilindras yra pagamintas tiksliai, siekiant u\u017etikrinti optimal\u0173 na\u0161um\u0105 sud\u0117tingomis s\u0105lygomis. Konstrukcijoje naudojamos pa\u017eangios gamybos technologijos, kurios padidina patikimum\u0105 ir efektyvum\u0105.<\/p>\n<\/li>\n<li>\n<h3>Individualios gamybos galimyb\u0117s<\/h3>\n<p>Turime galimyb\u0119 pagaminti \u0161\u012f gamin\u012f, pritaikyt\u0105 konkretiems reikalavimams, u\u017etikrindami, kad m\u016bs\u0173 str\u0117l\u0117s cilindrai gal\u0117t\u0173 skland\u017eiai pakeisti esamus hidraulinius cilindrus \u012fvairiose srityse.<\/p>\n<\/li>\n<\/ul>\n<p><img decoding=\"async\" src=\"https:\/\/www.hydraulic-cylinders.net\/wp-content\/uploads\/2025\/04\/songte-cylinder-head-with-all-kinds-excavator-models.webp\" alt=\"Cilindro galvut\u0117s vaizdas\"><\/p>\n<h2>Str\u0117l\u0117s cilindro pritaikymas<\/h2>\n<ul>\n<li>\n<h3>Statybin\u0117 \u012franga<\/h3>\n<p>Ekskavatoriuose str\u0117l\u0117s cilindras atlieka labai svarb\u0173 vaidmen\u012f kasant, kraunant ir perkeliant grunt\u0105 ar \u0161iuk\u0161les. Jo geb\u0117jimas valdyti kau\u0161o kamp\u0105 ir pad\u0117t\u012f leid\u017eia operatoriams atlikti u\u017eduotis tiksliai. Ekskavatoriuose-krautuvuose str\u0117l\u0117s cilindras padeda tiek kasti, tiek kelti, tod\u0117l jis universalus \u012fvairioms statybos u\u017eduotims.<\/p>\n<\/li>\n<li>\n<h3>\u017dem\u0117s \u016bkio technika<\/h3>\n<p>Priekiniai krautuvai naudoja str\u0117l\u0117s cilindrus dirvo\u017eemiui, \u0161ienui ir kitoms med\u017eiagoms semti, kelti ir transportuoti. \u0160i\u0173 cilindr\u0173 efektyvumas leid\u017eia \u016bkininkams efektyviai valdyti savo veikl\u0105, didinant produktyvum\u0105 derliaus nu\u0117mimo ir med\u017eiag\u0173 tvarkymo metu.<\/p>\n<\/li>\n<li>\n<h3>Ekskavatoriai<\/h3>\n<p>Ekskavatoriuose str\u0117l\u0117s cilindras yra b\u016btinas, kad kau\u0161as gal\u0117t\u0173 \u012fsiskverbti \u012f dirv\u0105 ir efektyviai kasti. \u0160i funkcija yra gyvybi\u0161kai svarbi statybos ir kra\u0161tovaizd\u017eio tvarkymo projektuose, kur reikalingas kasimo gylis ir tikslumas.<\/p>\n<\/li>\n<li>\n<h3>Krautuvai<\/h3>\n<p>Priekiniuose krautuvuose str\u0117l\u0117s cilindrai yra atsakingi u\u017e efektyv\u0173 krovini\u0173 k\u0117lim\u0105 ir i\u0161vertim\u0105. J\u0173 patikimas veikimas u\u017etikrina, kad operatoriai gal\u0117t\u0173 greitai ir efektyviai perkelti med\u017eiagas, o tai yra labai svarbu atliekant \u012fvairias med\u017eiag\u0173 tvarkymo u\u017eduotis.<\/p>\n<\/li>\n<\/ul>\n<h2>Projektavimo aspektai ir atrankos kriterijai<\/h2>\n<ul>\n<li>\n<h3>Keliamoji galia<\/h3>\n<p>Vienas i\u0161 pagrindini\u0173 str\u0117l\u0117s cilindr\u0173 projektavimo aspekt\u0173 yra keliamoji galia. Labai svarbu u\u017etikrinti, kad cilindras gal\u0117t\u0173 atlaikyti did\u017eiausias tik\u0117tinas apkrovas be deformacijos ar gedimo. Tai rei\u0161kia, kad reikia pasirinkti med\u017eiagas ir matmenis, kurie u\u017etikrint\u0173 pakankam\u0105 stiprum\u0105 ir stabilum\u0105 esant darbiniam sl\u0117giui.<\/p>\n<\/li>\n<li>\n<h3>Sandarinimo efektyvumas<\/h3>\n<p>Str\u0117l\u0117s cilindro efektyvumas labai priklauso nuo jo sandarumo. Auk\u0161tos kokyb\u0117s sandarikliai apsaugo nuo hidraulinio skys\u010dio nuot\u0117kio, palaiko sl\u0117g\u012f ir efektyvum\u0105. Sandarikli\u0173, toki\u0173 kaip O formos \u017eiedai ir st\u016bmokliniai sandarikliai, pagaminti i\u0161 patvari\u0173 med\u017eiag\u0173, pasirinkimas vaidina svarb\u0173 vaidmen\u012f prailginant cilindro tarnavimo laik\u0105 ir suma\u017einant prie\u017ei\u016bros poreik\u012f.<\/p>\n<\/li>\n<li>\n<h3>Patvarumas<\/h3>\n<p>Patvarumas yra pagrindinis str\u0117l\u0117s cilindr\u0173 projektavimo veiksnys, ypa\u010d at\u0161iauriomis eksploatavimo s\u0105lygomis. Projektavimo procese reikia atsi\u017evelgti \u012f tokius veiksnius kaip atsparumas korozijai, atsparumas dilimui ir geb\u0117jimas atlaikyti ekstremalias temperat\u016bras, siekiant u\u017etikrinti ilgaam\u017ei\u0161kum\u0105 ir patikimum\u0105.<\/p>\n<\/li>\n<li>\n<h3>Saugos funkcijos<\/h3>\n<p>Saugos funkcij\u0173 \u012ftraukimas \u012f str\u0117l\u0117s cilindr\u0173 konstrukcij\u0105 yra b\u016btinas siekiant i\u0161vengti nelaiming\u0173 atsitikim\u0173 ir u\u017etikrinti saug\u0173 darb\u0105. Tokios funkcijos kaip sl\u0117gio ma\u017einimo vo\u017etuvai ir apsaugos nuo perkrovos mechanizmai padidina \u012frangos ir jos operatori\u0173 saugum\u0105.<\/p>\n<\/li>\n<li>\n<h3>Prieinamumas prie prie\u017ei\u016bros<\/h3>\n<p>Projektuojant str\u0117l\u0117s cilindrus atsi\u017evelgiant \u012f technin\u0119 prie\u017ei\u016br\u0105, galima gerokai supaprastinti prie\u017ei\u016bros proces\u0105. Tai apima lengv\u0105 prieig\u0105 prie sandarikli\u0173 ir kit\u0173 komponent\u0173, kad juos b\u016bt\u0173 galima patikrinti ir pakeisti, o tai padeda i\u0161laikyti optimal\u0173 na\u0161um\u0105 su minimaliomis prastovomis.<\/p>\n<\/li>\n<\/ul>\n<p><img decoding=\"async\" src=\"https:\/\/www.hydraulic-cylinders.net\/wp-content\/uploads\/2025\/04\/songte-oil-pipes-and-spare-parts.webp\" alt=\"Naftos vamzd\u017eiai ir atsargin\u0117s dalys Vaizdas\"><\/p>\n<h2>Sandarinimas ir tepimas<\/h2>\n<p>Tinkamas sandarinimas ir tepimas yra labai svarb\u016bs str\u0117l\u0117s cilindr\u0173 veikimui. \u012evair\u016bs sandarinimo komponentai, tokie kaip st\u016bmokli\u0173 ir stryp\u0173 sandarikliai, yra b\u016btini siekiant i\u0161vengti hidraulinio skys\u010dio nuot\u0117kio. \u0160i\u0173 sandarikli\u0173 med\u017eiag\u0173, \u012fskaitant poliuretan\u0105 ir nitrilo gum\u0105, pasirinkimas yra labai svarbus j\u0173 patvarumui ir efektyvumui auk\u0161to sl\u0117gio aplinkoje.<\/p>\n<p>Cilindro korpusas ir srieginiai galiniai pavir\u0161iai yra kruop\u0161\u010diai apdorojami, siekiant padidinti atsparum\u0105 dilimui, o tai svarbu norint i\u0161laikyti sandarikli\u0173 vientisum\u0105. Reguliarus tepimas hidrauline alyva yra b\u016btinas norint suma\u017einti trint\u012f ir dilim\u0105 tarp judan\u010di\u0173 dali\u0173, u\u017etikrinant skland\u0173 cilindro veikim\u0105.<\/p>\n<p>Optimaliam veikimui b\u016btina palaikyti tinkam\u0105 hidraulin\u0117s alyvos kiek\u012f. Nepakankamas tepimas gali padidinti susid\u0117v\u0117jim\u0105 ir sukelti gedim\u0105, o per didelis tepimas gali sukelti sl\u0117gio padid\u0117jim\u0105 ir nuot\u0117kius. Tod\u0117l rekomenduojamo tepimo grafiko laikymasis yra labai svarbus str\u0117l\u0117s cilindro ilgaam\u017ei\u0161kumui.<\/p>\n<h2>Prevencin\u0117s prie\u017ei\u016bros priemon\u0117s<\/h2>\n<ul>\n<li>\n<h3>Reguliar\u016bs patikrinimai<\/h3>\n<p>Reguliariai tikrinti str\u0117l\u0117s cilindr\u0105 yra b\u016btina norint anksti nustatyti bet kokius susid\u0117v\u0117jimo ar pa\u017eeidimo po\u017eymius. Tai apima nuot\u0117ki\u0173 patikrinim\u0105, sandarikli\u0173 ap\u017ei\u016br\u0105 ir cilindro korpuso vientisumo u\u017etikrinim\u0105. Ankstyvas problem\u0173 nustatymas gali pad\u0117ti i\u0161vengti rimtesni\u0173 problem\u0173 ir brangaus remonto.<\/p>\n<\/li>\n<li>\n<h3>Tinkamas tepimas<\/h3>\n<p>Tinkamas str\u0117l\u0117s cilindro sutepimas yra labai svarbus efektyviam jo veikimui. Gamintojo rekomendacij\u0173 d\u0117l tepimo interval\u0173 ir kieki\u0173 laikymasis pad\u0117s u\u017etikrinti skland\u0173 cilindro veikim\u0105 ir suma\u017einti komponent\u0173 susid\u0117v\u0117jim\u0105. Taip pat svarbu reguliariai tikrinti hidraulin\u0117s alyvos b\u016bkl\u0119, nes u\u017eter\u0161ta alyva gali sukelti gedimus.<\/p>\n<\/li>\n<li>\n<h3>Sandariklio keitimas<\/h3>\n<p>Laikui b\u0117gant, sandarikliai gali susid\u0117v\u0117ti ir tapti neveiksmingi. Reguliarus sandarikli\u0173 tikrinimas ir keitimas gali pad\u0117ti i\u0161laikyti str\u0117l\u0117s cilindro veikim\u0105. Labai svarbu naudoti auk\u0161tos kokyb\u0117s pakaitinius sandariklius, kad b\u016bt\u0173 u\u017etikrintas suderinamumas ir ilgaam\u017ei\u0161kumas.<\/p>\n<\/li>\n<\/ul>\n<h2>\u012erengimo gair\u0117s<\/h2>\n<p>Teisingas str\u0117l\u0117s cilindro montavimas yra labai svarbus jo veikimui. Pirmiausia \u012fsitikinkite, kad tvirtinimo laikikliai yra tvirtai pritvirtinti prie ma\u0161inos pagal gamintojo specifikacijas. Tinkamas cilindro suderinimas yra b\u016btinas; neteisingas suderinimas gali sukelti prie\u0161laikin\u012f susid\u0117v\u0117jim\u0105 ir gedim\u0105. Tinkam\u0173 tvirtinimo detali\u0173 ir atram\u0173 naudojimas pad\u0117s i\u0161laikyti teising\u0105 pad\u0117t\u012f darbo metu.<\/p>\n<p>Prie\u0161 montuodami patikrinkite, ar visi pavir\u0161iai \u0161var\u016bs ir be \u0161iuk\u0161li\u0173. Sutepkite tvirtinimo ta\u0161kus, kaip nurodyta, kad b\u016bt\u0173 u\u017etikrintas sklandus veikimas. Sumontavus str\u0117l\u0117s cilindr\u0105, atlikite bandym\u0173 serij\u0105, kad \u012fsitikintum\u0117te, jog jis veikia tinkamai, be joki\u0173 nuot\u0117ki\u0173 ar kli\u016b\u010di\u0173. Pradini\u0173 operacij\u0173 steb\u0117jimas pad\u0117s anksti nustatyti bet kokias lygiavimo ar montavimo problemas.<\/p>\n<h2>Prie\u017ei\u016bros u\u017eduotys<\/h2>\n<ul>\n<li>\n<h3>Reguliar\u016bs patikrinimai<\/h3>\n<p>Reguliar\u016bs str\u0117l\u0117s cilindro patikrinimai yra b\u016btini norint aptikti bet kokius susid\u0117v\u0117jimo ar pa\u017eeidimo po\u017eymius. Tai apima nuot\u0117ki\u0173 patikrinim\u0105, sandarikli\u0173 veikimo \u012fvertinim\u0105 ir u\u017etikrinim\u0105, kad cilindras veikt\u0173 skland\u017eiai, be ne\u012fprast\u0173 gars\u0173.<\/p>\n<\/li>\n<li>\n<h3>Tinkamas tepimas<\/h3>\n<p>Tinkamas tepimas yra labai svarbus str\u0117l\u0117s cilindro ilgaam\u017ei\u0161kumui. Reguliarus tepimas padeda suma\u017einti trint\u012f ir nusid\u0117v\u0117jim\u0105. Norint optimalaus veikimo, b\u016btina laikytis gamintojo rekomendacij\u0173 d\u0117l tepimo interval\u0173 ir tinkamos hidraulin\u0117s alyvos tipo.<\/p>\n<\/li>\n<li>\n<h3>Sandariklio keitimas ir kalibravimas<\/h3>\n<p>Laikui b\u0117gant, sandarikliai susid\u0117v\u0117s ir juos reik\u0117s keisti. Reguliar\u016bs patikrinimai gali pad\u0117ti nustatyti, kada reikia keisti sandariklius. Taip pat reik\u0117t\u0173 atlikti kalibravimo patikrinimus, siekiant u\u017etikrinti, kad cilindras veikt\u0173 pagal nurodytus parametrus, o tai prisid\u0117t\u0173 prie jo bendro efektyvumo ir saugumo.<\/p>\n<\/li>\n<\/ul>\n<p><img decoding=\"async\" src=\"https:\/\/www.hydraulic-cylinders.net\/wp-content\/uploads\/2025\/04\/songte-chushion-collar.webp\" alt=\"Pagalv\u0117l\u0117s apykakl\u0117s vaizdas\"><\/p>\n<h2>Saugos aspektai ir aplinkos veiksniai<\/h2>\n<p>Kalbant apie str\u0117l\u0117s cilindrus, saugos priemon\u0117s yra nepaprastai svarbios. Eksploatacijos ir technin\u0117s prie\u017ei\u016bros metu labai svarbu \u012fdiegti saugos praktikas, kad b\u016bt\u0173 apsaugoti tiek operatoriai, tiek \u012franga. Operatoriai tur\u0117t\u0173 b\u016bti apmokyti atpa\u017einti galimus pavojus, susijusius su hidraulin\u0117mis sistemomis, \u012fskaitant nuot\u0117ki\u0173 ir auk\u0161to sl\u0117gio skys\u010di\u0173 pursl\u0173 rizik\u0105.<\/p>\n<p>Be to, aplinkos veiksniai, tokie kaip ekstremalios temperat\u016bros ir koroziniai elementai, gali smarkiai paveikti str\u0117l\u0117s cilindr\u0173 veikim\u0105 ir ilgaam\u017ei\u0161kum\u0105. Apsaugini\u0173 priemoni\u0173 taikymas ir med\u017eiag\u0173, kurios gali atlaikyti at\u0161iaurias s\u0105lygas, naudojimas yra labai svarbus siekiant i\u0161laikyti eksploatavimo saug\u0105 ir efektyvum\u0105.<\/p>\n<h2>Trik\u010di\u0173 \u0161alinimas ir da\u017eniausiai pasitaikan\u010dios problemos<\/h2>\n<ul>\n<li>\n<h3>Nuot\u0117kis<\/h3>\n<p>Nuot\u0117kis yra viena i\u0161 da\u017eniausi\u0173 str\u0117l\u0117s cilindr\u0173 problem\u0173. Labai svarbu nustatyti nuot\u0117kio \u0161altin\u012f, nes jis gali kilti d\u0117l susid\u0117v\u0117jusi\u0173 sandarikli\u0173 arba cilindro korpuso pa\u017eeidimo. Reguliar\u016bs patikrinimai ir greitas susid\u0117v\u0117jusi\u0173 sandarikli\u0173 keitimas gali pad\u0117ti i\u0161spr\u0119sti \u0161i\u0105 problem\u0105.<\/p>\n<\/li>\n<li>\n<h3>Nenuoseklus na\u0161umas<\/h3>\n<p>Jei str\u0117l\u0117s cilindro veikimas nepastovus, tai gali reik\u0161ti hidraulinio skys\u010dio lygio arba u\u017eter\u0161tumo problemas. Skys\u010dio lygio tikrinimas ir hidraulin\u0117s alyvos \u0161varos u\u017etikrinimas yra esminiai \u017eingsniai \u0161iai problemai spr\u0119sti. Reguliari prie\u017ei\u016bra gali pad\u0117ti i\u0161vengti toki\u0173 veikimo sutrikim\u0173.<\/p>\n<\/li>\n<li>\n<h3>Perkaitimas<\/h3>\n<p>Hidraulin\u0117s sistemos perkaitimas gali sukelti str\u0117l\u0117s cilindro gedim\u0105. Tai gali sukelti nepakankamas tepimas arba per didel\u0117s eksploatacin\u0117s apkrovos. Eksploatavimo s\u0105lyg\u0173 steb\u0117jimas ir u\u017etikrinimas, kad cilindras neb\u016bt\u0173 veikiamas per didelio sl\u0117gio, gali pad\u0117ti i\u0161vengti perkaitimo.<\/p>\n<\/li>\n<\/ul>\n<p><img decoding=\"async\" src=\"https:\/\/www.hydraulic-cylinders.net\/wp-content\/uploads\/2025\/04\/songte-bushings-with-all-kinds-of-excavator-models.webp\" alt=\"\u012evori\u0173 vaizdas\"><\/p>\n<p>Nor\u0117dami efektyviai diagnozuoti ir i\u0161spr\u0119sti \u0161ias problemas, operatoriai tur\u0117t\u0173 taikyti sisteming\u0105 trik\u010di\u0173 \u0161alinimo metod\u0105. Ai\u0161kus veikimo parametr\u0173 ir galim\u0173 gedim\u0173 ta\u0161k\u0173 supratimas leid\u017eia grei\u010diau i\u0161spr\u0119sti problemas ir suma\u017einti prastovas.<\/p>\n<h2>\u012emon\u0117s ap\u017evalga<\/h2>\n<p>Esame pirmaujantis alternatyvi\u0173 hidraulini\u0173 cilindr\u0173 gamintojas, si\u016blantis plat\u0173 gamini\u0173 asortiment\u0105, skirt\u0105 tiek vidaus, tiek tarptautinei rinkai. M\u016bs\u0173 \u012fsipareigojimas siekti meistri\u0161kumo atsispindi m\u016bs\u0173 gamybos strategijose, kuriose pabr\u0117\u017eiami kruop\u0161t\u016bs gamybos procesai ir kokyb\u0117s valdymas. Didel\u012f d\u0117mes\u012f skirdami technologijoms, naudojame pa\u017eangi\u0105 skaitmenin\u0119 gamybos \u012frang\u0105 ir profesionalias bandym\u0173 sistemas, kad padidintume savo gamybos paj\u0117gumus.<\/p>\n<p>M\u016bs\u0173 \u012fmon\u0117 did\u017eiuojasi savo geb\u0117jimu prisitaikyti prie klient\u0173 poreiki\u0173, si\u016blydama individualius sprendimus, atitinkan\u010dius konkre\u010dius reikalavimus. Esame \u012fgij\u0119 tarptautinius sertifikatus, patvirtinan\u010dius m\u016bs\u0173 atitikt\u012f pasauliniams kokyb\u0117s standartams. M\u016bs\u0173 garantinio aptarnavimo paslaugos yra patikimos, u\u017etikrinant, kad klientai gaut\u0173 nuolatin\u0119 param\u0105 ir pagalb\u0105 ilgai po pirkimo.<\/p>\n<p><img decoding=\"async\" src=\"https:\/\/www.hydraulic-cylinders.net\/wp-content\/uploads\/2025\/04\/songte-company-4.webp\" alt=\"\u012emon\u0117s paveiksl\u0117lis 1\"><br \/>\n<img decoding=\"async\" src=\"https:\/\/www.hydraulic-cylinders.net\/wp-content\/uploads\/2025\/04\/songte-company-3.webp\" alt=\"\u012emon\u0117s paveiksl\u0117lis 2\"><\/p>\n<p>Autorius: lyl<\/p>","protected":false},"excerpt":{"rendered":"<p>Boom Cylinder For XCMG Small Excavator XE135B Introduction to Boom Cylinder The boom cylinder, a crucial component in hydraulic systems, is designed to control the movement of the bucket in various heavy machinery such as excavators, backhoe loaders, and front-end loaders. It enables the bucket to lift, lower, and tilt, facilitating material handling tasks efficiently. [&hellip;]<\/p>","protected":false},"featured_media":17872,"comment_status":"open","ping_status":"closed","template":"","meta":{"_et_pb_use_builder":"","_et_pb_old_content":"","_et_gb_content_width":""},"product_brand":[],"product_cat":[1546],"product_tag":[1547,1496],"class_list":{"0":"post-19186","1":"product","2":"type-product","3":"status-publish","4":"has-post-thumbnail","6":"product_cat-boom-cylinders","7":"product_tag-boom-cylinders","8":"product_tag-hydraulic-cylinders","10":"first","11":"instock","12":"shipping-taxable","13":"product-type-simple"},"amp_enabled":true,"_links":{"self":[{"href":"https:\/\/www.hydraulic-cylinders.net\/lt\/wp-json\/wp\/v2\/product\/19186","targetHints":{"allow":["GET"]}}],"collection":[{"href":"https:\/\/www.hydraulic-cylinders.net\/lt\/wp-json\/wp\/v2\/product"}],"about":[{"href":"https:\/\/www.hydraulic-cylinders.net\/lt\/wp-json\/wp\/v2\/types\/product"}],"replies":[{"embeddable":true,"href":"https:\/\/www.hydraulic-cylinders.net\/lt\/wp-json\/wp\/v2\/comments?post=19186"}],"wp:featuredmedia":[{"embeddable":true,"href":"https:\/\/www.hydraulic-cylinders.net\/lt\/wp-json\/wp\/v2\/media\/17872"}],"wp:attachment":[{"href":"https:\/\/www.hydraulic-cylinders.net\/lt\/wp-json\/wp\/v2\/media?parent=19186"}],"wp:term":[{"taxonomy":"product_brand","embeddable":true,"href":"https:\/\/www.hydraulic-cylinders.net\/lt\/wp-json\/wp\/v2\/product_brand?post=19186"},{"taxonomy":"product_cat","embeddable":true,"href":"https:\/\/www.hydraulic-cylinders.net\/lt\/wp-json\/wp\/v2\/product_cat?post=19186"},{"taxonomy":"product_tag","embeddable":true,"href":"https:\/\/www.hydraulic-cylinders.net\/lt\/wp-json\/wp\/v2\/product_tag?post=19186"}],"curies":[{"name":"wp","href":"https:\/\/api.w.org\/{rel}","templated":true}]}}