{"id":19189,"date":"2025-04-07T06:17:15","date_gmt":"2025-04-07T06:17:15","guid":{"rendered":"https:\/\/www.hydraulic-cylinders.net\/product\/boom-cylinder-for-xcmg-middle-excavator-xe225ca\/"},"modified":"2025-04-07T06:17:18","modified_gmt":"2025-04-07T06:17:18","slug":"boom-cylinder-for-xcmg-middle-excavator-xe225ca","status":"publish","type":"product","link":"https:\/\/www.hydraulic-cylinders.net\/lt\/produktas\/boom-cylinder-for-xcmg-middle-excavator-xe225ca\/","title":{"rendered":"XCMG vidutinio ekskavatoriaus XE225CA str\u0117l\u0117s cilindras"},"content":{"rendered":"<h1>XCMG vidutinio ekskavatoriaus XE225CA str\u0117l\u0117s cilindras<\/h1>\n<h2>Produkto ap\u017evalga<\/h2>\n<p>XCMG vidutinio profilio ekskavatoriaus XE225CA str\u0117l\u0117s cilindras yra specializuotas hidraulinis cilindras, skirtas valdyti \u012fvairi\u0173 sunki\u0173j\u0173 ma\u0161in\u0173, toki\u0173 kaip ekskavatoriai, ekskavatoriai ir frontaliniai krautuvai, jud\u0117jim\u0105. \u0160is hidraulinis cilindras palengvina str\u0117l\u0117s k\u0117lim\u0105, nuleidim\u0105 ir pakreipim\u0105, tod\u0117l jis yra b\u016btinas efektyviam med\u017eiag\u0173 tvarkymui.<\/p>\n<p>Str\u0117l\u0117s cilindras, kaip labai svarbus hidraulin\u0117s sistemos komponentas, leid\u017eia skland\u017eiai ir tiksliai jud\u0117ti, u\u017etikrindamas, kad operatoriai gal\u0117t\u0173 efektyviai valdyti sunkius krovinius ir atlikti sud\u0117tingas operacijas. Str\u0117l\u0117s cilindro konstrukcija atspindi jo funkcionalum\u0105, u\u017etikrinant tvirtum\u0105 ir patikimum\u0105 sud\u0117tingomis s\u0105lygomis. \u0160is hidraulinis cilindras paprastai veikia esant auk\u0161tam sl\u0117giui ir turi atlaikyti dideles apkrovas, tod\u0117l jo patvarumas ir na\u0161umas yra nepaprastai svarb\u016bs.<\/p>\n<p><img decoding=\"async\" src=\"https:\/\/www.hydraulic-cylinders.net\/wp-content\/uploads\/2025\/04\/songte-company-1.webp\" alt=\"Str\u0117l\u0117s cilindro vaizdas\"><\/p>\n<h2>Str\u0117l\u0117s cilindro savyb\u0117s<\/h2>\n<ul>\n<li><strong>Didelis stiprumas ir ilgaam\u017ei\u0161kumas:<\/strong> Pagaminti i\u0161 didelio stiprumo plieno arba aliuminio, \u0161ie cilindrai gali atlaikyti auk\u0161t\u0105 sl\u0117g\u012f ir dideles apkrovas, tuo pa\u010diu metu yra atspar\u016bs dilimui ir korozijai, taip pailgindami savo tarnavimo laik\u0105.<\/li>\n<li><strong>Efektyvus hidraulinis valdymas:<\/strong> Str\u0117l\u0117s cilindras naudoja hidraulin\u0117s alyvos sl\u0117g\u012f, kad b\u016bt\u0173 u\u017etikrintas sklandus str\u0117l\u0117s i\u0161skleidimas ir \u012ftraukimas, u\u017etikrinant greit\u0105 reakcij\u0105 \u012f valdymo komandas ir galingas st\u016bmimo bei traukimo j\u0117gas sunkioms med\u017eiagoms tvarkyti.<\/li>\n<li><strong>\u012evair\u016bs tipai:<\/strong> Galima \u012fsigyti vienpusio veikimo (hidraulin\u0117 j\u0117ga naudojama viena kryptimi) arba dvipusio veikimo (hidraulin\u0117 j\u0117ga naudojama abiem kryptimis) konfig\u016bracij\u0173, kai kurie modeliai turi teleskopines konstrukcijas, kad b\u016bt\u0173 didesnis pasiekiamumas nedidinant i\u0161orini\u0173 matmen\u0173.<\/li>\n<li><strong>Patobulinta sandarinimo technologija:<\/strong> \u012erengtos pa\u017eangios sandarinimo sistemos, kurios apsaugo nuo hidraulinio skys\u010dio nuot\u0117kio, u\u017etikrina optimal\u0173 na\u0161um\u0105 ir suma\u017eina prie\u017ei\u016bros poreik\u012f.<\/li>\n<li><strong>Pritaikomos parinktys:<\/strong> Individualiai pritaikyti sprendimai \u012fvairioms reikm\u0117ms ir ma\u0161inoms, u\u017etikrinantys suderinamum\u0105 ir na\u0161um\u0105 tarp skirting\u0173 ekskavatori\u0173 ir sunkiosios \u012frangos modeli\u0173.<\/li>\n<\/ul>\n<h2>Gamybos paj\u0117gumai<\/h2>\n<p>M\u016bs\u0173 \u012fmon\u0117 specializuojasi auk\u0161tos kokyb\u0117s hidraulini\u0173 cilindr\u0173 gamyboje, \u012fskaitant str\u0117l\u0117s cilindr\u0105 XCMG vidutinio profilio ekskavatoriui XE225CA. Galime pagaminti cilindrus, kurie puikiai pakei\u010dia esamas hidraulines sistemas, u\u017etikrindami skland\u0173 integravim\u0105 ir funkcionalum\u0105.<\/p>\n<p><img decoding=\"async\" src=\"https:\/\/www.hydraulic-cylinders.net\/wp-content\/uploads\/2025\/04\/songte-cylinder-head-with-all-kinds-excavator-models.webp\" alt=\"Ekskavatori\u0173 modeliai\"><\/p>\n<h2>Taikymo scenarijai<\/h2>\n<h3>Statybin\u0117 \u012franga<\/h3>\n<p>Ekskavatoriuose str\u0117l\u0117s cilindrai yra gyvybi\u0161kai svarb\u016bs kasant, kraunant ir perkeliant grunt\u0105 ar \u0161iuk\u0161les. J\u0173 veikimas tiesiogiai veikia statybos projekt\u0173 efektyvum\u0105. Galimyb\u0117 kelti ir pakreipti u\u017etikrina, kad operatoriai gali efektyviai manevruoti ekskavatoriumi, tod\u0117l jis yra svarbus statyb\u0173 pramon\u0117s komponentas.<\/p>\n<h3>\u017dem\u0117s \u016bkio technika<\/h3>\n<p>Priekiniuose krautuvuose str\u0117l\u0117s cilindras padeda semti, kelti ir transportuoti dirvo\u017eem\u012f, \u0161ien\u0105 ir kitas med\u017eiagas. \u0160i funkcija yra labai svarbi siekiant pagerinti na\u0161um\u0105 \u016bkiuose, nes leid\u017eia greitai ir efektyviai tvarkyti birias med\u017eiagas.<\/p>\n<h3>Ekskavatoriai<\/h3>\n<p>Ekskavatori\u0173 str\u0117l\u0117s cilindras leid\u017eia kau\u0161ui efektyviai \u012fsiskverbti \u012f \u017eem\u0119, palengvindamas kasimo darbus. D\u0117l \u0161ios savyb\u0117s jis yra nepakei\u010diamas atliekant \u017eem\u0117s darb\u0173 u\u017eduotis, kai reikalingas tikslus valdymas, siekiant suma\u017einti trikd\u017eius ir padidinti na\u0161um\u0105.<\/p>\n<h3>Krautuvai<\/h3>\n<p>Priekiniuose krautuvuose str\u0117l\u0117s cilindras padeda efektyviai kelti ir i\u0161versti krovinius. Tai u\u017etikrina, kad med\u017eiagas b\u016bt\u0173 galima greitai perkelti i\u0161 vienos vietos \u012f kit\u0105, taip padidinant bendr\u0105 veiklos na\u0161um\u0105.<\/p>\n<h2>Dizaino aspektai<\/h2>\n<h3>Keliamoji galia<\/h3>\n<p>Vienas i\u0161 pagrindini\u0173 str\u0117l\u0117s cilindro projektavimo aspekt\u0173 yra jo keliamoji galia. Jis turi b\u016bti suprojektuotas taip, kad atlaikyt\u0173 maksimal\u0173 svor\u012f, su kuriuo susidurs eksploatacijos metu. Tai apima ne tik k\u0117limo j\u0117g\u0105, bet ir galimas dinamines apkrovas, kurios gali atsirasti eksploatacijos metu. Tinkami skai\u010diavimai ir med\u017eiag\u0173 parinkimas yra b\u016btini siekiant u\u017etikrinti patikimum\u0105 ir saug\u0105.<\/p>\n<h3>Sandarinimas<\/h3>\n<p>Sandarinimo technologija yra labai svarbi hidrauliniuose cilindruose, siekiant i\u0161vengti skys\u010dio nuot\u0117kio ir u\u017eter\u0161imo. Konstrukcijoje tur\u0117t\u0173 b\u016bti auk\u0161tos kokyb\u0117s sandarikliai, kurie gali atlaikyti darbin\u012f sl\u0117g\u012f ir temperat\u016br\u0105. Tinkamas sandarinimas u\u017etikrina efektyv\u0173 veikim\u0105, suma\u017eina technin\u0117s prie\u017ei\u016bros da\u017enum\u0105 ir pailgina cilindro tarnavimo laik\u0105.<\/p>\n<h3>Patvarumas<\/h3>\n<p>Patvarumas yra esminis hidraulini\u0173 cilindr\u0173 projektavimo aspektas. Jie tur\u0117t\u0173 b\u016bti pagaminti i\u0161 tvirt\u0173 med\u017eiag\u0173, kurios yra atsparios nusid\u0117v\u0117jimui d\u0117l nuolatinio naudojimo at\u0161iauriomis s\u0105lygomis. Tai apima aplinkos veiksni\u0173, toki\u0173 kaip kra\u0161tutin\u0117 temperat\u016bra, dr\u0117gm\u0117 ir s\u0105lytis su korozin\u0117mis med\u017eiagomis, \u012fvertinim\u0105.<\/p>\n<h3>Saugumas<\/h3>\n<p>Siekiant i\u0161vengti nelaiming\u0173 atsitikim\u0173 eksploatacijos metu, \u012f konstrukcij\u0105 tur\u0117t\u0173 b\u016bti integruotos saugos priemon\u0117s. Tai gali b\u016bti sl\u0117gio ma\u017einimo vo\u017etuvai ir saugos blokatoriai, kurie neleid\u017eia ma\u0161inai veikti nesaugiomis s\u0105lygomis. Saugos u\u017etikrinimas hidraulin\u0117je konstrukcijoje yra ne tik teisinis reikalavimas, bet ir moralin\u0117 pareiga apsaugoti operatorius ir pa\u0161alinius asmenis.<\/p>\n<h3>Prie\u017ei\u016bra<\/h3>\n<p>Projektuojant atsi\u017evelgiant \u012f technin\u0119 prie\u017ei\u016br\u0105, b\u016btina u\u017etikrinti hidraulini\u0173 cilindr\u0173 ilgaam\u017ei\u0161kum\u0105. Tai apima funkcijas, kurios leid\u017eia lengvai pakeisti sandariklius, ap\u017ei\u016br\u0117ti komponentus ir papildyti hidraulinius skys\u010dius. Patogi naudoti konstrukcija gali \u017eymiai suma\u017einti prastovas ir padidinti na\u0161um\u0105.<\/p>\n<p><img decoding=\"async\" src=\"https:\/\/www.hydraulic-cylinders.net\/wp-content\/uploads\/2025\/04\/songte-oil-pipes-and-spare-parts.webp\" alt=\"Hidraulin\u0117s dalys\"><\/p>\n<h2>Sandarinimas ir tepimas<\/h2>\n<p>Efektyvus sandarinimas ir tepimas yra labai svarb\u016bs optimaliam hidraulini\u0173 cilindr\u0173 veikimui. \u012evair\u016bs sandarikliai, tokie kaip st\u016bmokli\u0173 ir stryp\u0173 sandarikliai, naudojami sl\u0117giui cilindre palaikyti ir kartu u\u017ekirsti keli\u0105 hidraulinio skys\u010dio nutek\u0117jimui. D\u0117l savo atsparumo dilimui ir sandarinimo savybi\u0173 da\u017eniausiai naudojamos auk\u0161tos kokyb\u0117s med\u017eiagos, tokios kaip poliuretanas ir nitrilo kau\u010diukas.<\/p>\n<p>Cilindro korpusas ir srieginiai galiniai pavir\u0161iai yra tiksliai apdirbami, siekiant padidinti atsparum\u0105 dilimui ir u\u017etikrinti puik\u0173 sandarikli\u0173 prigludim\u0105. Reguliarus techninis aptarnavimas tur\u0117t\u0173 apimti savalaik\u012f hidraulin\u0117s alyvos papildym\u0105 judan\u010di\u0173 dali\u0173 sutepimui, siekiant i\u0161vengti trinties ir dilimo.<\/p>\n<h2>Reguliarus patikrinimas ir prevencin\u0117 prie\u017ei\u016bra<\/h2>\n<ul>\n<li><strong>Reguliar\u016bs patikrinimai:<\/strong> Labai svarbu atlikti reguliarius patikrinimus, ar n\u0117ra nuot\u0117ki\u0173, susid\u0117v\u0117jimo ir kit\u0173 galimo gedimo po\u017eymi\u0173. Operatoriai tur\u0117t\u0173 b\u016bti apmokyti atpa\u017einti ankstyvuosius problem\u0173 po\u017eymius ir nedelsdami apie juos prane\u0161ti.<\/li>\n<li><strong>Tinkamas tepimas:<\/strong> Tinkamas hidraulinio cilindro sutepimas apsaugo nuo per didelio susid\u0117v\u0117jimo ir pailgina cilindro tarnavimo laik\u0105. B\u016btina reguliariai tikrinti tepimo lyg\u012f ir b\u016bkl\u0119.<\/li>\n<li><strong>Sandariklio keitimas:<\/strong> Laikui b\u0117gant, sandarikliai gali susid\u0117v\u0117ti ir juos reikia pakeisti, kad b\u016bt\u0173 i\u0161laikytas veikimas. Sandarikli\u0173 patikrinim\u0173 ir keitimo grafikas gali pad\u0117ti i\u0161vengti eksploatacini\u0173 gedim\u0173.<\/li>\n<\/ul>\n<h2>\u012erengimo gair\u0117s<\/h2>\n<p>Teisingas str\u0117l\u0117s cilindro montavimas yra b\u016btinas jo funkcionalumui ir ilgaam\u017ei\u0161kumui. Pirmiausia \u012fsitikinkite, kad tvirtinimo pavir\u0161iai yra \u0161var\u016bs ir be \u0161iuk\u0161li\u0173. Naudokite tinkamus lygiavimo \u012frankius, kad tiksliai pritvirtintum\u0117te cilindr\u0105 ir i\u0161vengtum\u0117te nereikalingo \u012ftempimo eksploatavimo metu. Patartina naudoti tinkamus tvirtinimo laikiklius atramai ir stabilumui u\u017etikrinti.<\/p>\n<p>Laikykit\u0117s gamintojo nurodym\u0173 d\u0117l hidraulini\u0173 jung\u010di\u0173, u\u017etikrindami tvirtus jungiamuosius elementus, kad i\u0161vengtum\u0117te nuot\u0117ki\u0173. \u012erengus, prie\u0161 prad\u0117dami darb\u0105 dar kart\u0105 patikrinkite visas jungtis ir cilindro lygiavim\u0105. Naudojimo metu reguliariai per\u017ei\u016br\u0117kite \u012frengin\u012f, ar n\u0117ra susid\u0117v\u0117jimo ar nesuderinamumo po\u017eymi\u0173.<\/p>\n<h2>\u012eprastos prie\u017ei\u016bros u\u017eduotys<\/h2>\n<ul>\n<li><strong>Reguliar\u016bs patikrinimai:<\/strong> Reguliar\u016bs nusid\u0117v\u0117jimo ir pa\u017eeidim\u0173 patikrinimai gali pad\u0117ti i\u0161vengti didesni\u0173 problem\u0173 ateityje. Operatoriai turi b\u016bti apmokyti atpa\u017einti, \u012f k\u0105 atkreipti d\u0117mes\u012f.<\/li>\n<li><strong>Tinkamas tepimas:<\/strong> Reguliarus tepimas yra b\u016btinas norint u\u017etikrinti skland\u0173 veikim\u0105 ir i\u0161vengti judan\u010di\u0173 dali\u0173 pa\u017eeidim\u0173. Operatoriai tur\u0117t\u0173 laikytis tepimo grafiko, pagr\u012fsto naudojimu.<\/li>\n<li><strong>Sandariklio keitimo ir kalibravimo patikrinimai:<\/strong> Tarpikliai tur\u0117t\u0173 b\u016bti patikrinti ir prireikus pakeisti, kad b\u016bt\u0173 i\u0161vengta nuot\u0117ki\u0173. Hidraulin\u0117s sistemos kalibravimo patikrinimai u\u017etikrina, kad cilindras veikt\u0173 pagal rekomenduojamus parametrus.<\/li>\n<\/ul>\n<p><img decoding=\"async\" src=\"https:\/\/www.hydraulic-cylinders.net\/wp-content\/uploads\/2025\/04\/songte-chushion-collar.webp\" alt=\"Pagalv\u0117l\u0117s apykakl\u0117\"><\/p>\n<h2>Saugos aspektai ir aplinkos veiksniai<\/h2>\n<p>Dirbant su hidraulin\u0117mis sistemomis, saugos priemon\u0117s yra nepaprastai svarbios. Operatoriai tur\u0117t\u0173 b\u016bti apmokyti saugiai naudoti \u012frang\u0105 ir \u017einoti apie galimus pavojus, susijusius su hidraulin\u0117mis sistemomis. Standartini\u0173 darbo proced\u016br\u0173 \u012fgyvendinimas gali \u017eymiai suma\u017einti nelaiming\u0173 atsitikim\u0173 rizik\u0105. Be to, reik\u0117t\u0173 atsi\u017evelgti \u012f aplinkos veiksnius, tokius kaip hidraulini\u0173 skys\u010di\u0173 ir med\u017eiag\u0173 \u0161alinimo b\u016bdai, laikantis vietini\u0173 taisykli\u0173, siekiant suma\u017einti poveik\u012f aplinkai.<\/p>\n<h2>Trik\u010di\u0173 \u0161alinimas ir da\u017eniausiai pasitaikan\u010dios problemos<\/h2>\n<ul>\n<li><strong>Nuot\u0117kis:<\/strong> Viena i\u0161 da\u017eniausiai pasitaikan\u010di\u0173 problem\u0173 yra nuot\u0117kis, da\u017enai d\u0117l susid\u0117v\u0117jusi\u0173 sandarikli\u0173 ar pa\u017eeist\u0173 komponent\u0173. Norint efektyviai atlikti remont\u0105, labai svarbu nustatyti nuot\u0117kio \u0161altin\u012f.<\/li>\n<li><strong>Prastas na\u0161umas:<\/strong> Jei str\u0117l\u0117s cilindras nereaguoja taip, kaip tik\u0117tasi, tai gali b\u016bti d\u0117l nepakankamo hidraulinio skys\u010dio arba sistemoje \u012fstrigusio oro. Gali prireikti i\u0161leisti i\u0161 sistemos or\u0105.<\/li>\n<li><strong>Keisti garsai:<\/strong> Ne\u012fprasti garsai gali rodyti mechanines problemas, tokias kaip kavitacija ar vidiniai pa\u017eeidimai, tod\u0117l reikia nedelsiant patikrinti.<\/li>\n<\/ul>\n<h2>Trik\u010di\u0173 \u0161alinimo patarimai<\/h2>\n<p>Nor\u0117dami efektyviai diagnozuoti str\u0117l\u0117s cilindro problemas, operatoriai tur\u0117t\u0173 laikytis sistemingo po\u017ei\u016brio. Prad\u0117kite nuo vizualin\u0117s ap\u017ei\u016bros, kad nustatytum\u0117te akivaizd\u017eius susid\u0117v\u0117jimo ar pa\u017eeidimo po\u017eymius. Jei yra nuot\u0117kis, nustatykite jo prie\u017east\u012f ir \u012fvertinkite, ar reikia pakeisti sandarikl\u012f ar remontuoti komponent\u0105.<\/p>\n<p>Jei kyla su na\u0161umu susijusi\u0173 problem\u0173, patikrinkite skys\u010di\u0173 lyg\u012f ir \u012fsitikinkite, kad sistemoje n\u0117ra oro ki\u0161eni\u0173. \u012egyvendinus prevencines priemones, tokias kaip reguliari technin\u0117 prie\u017ei\u016bra, galima suma\u017einti galimas problemas ir pailginti hidraulin\u0117s sistemos tarnavimo laik\u0105.<\/p>\n<p><img decoding=\"async\" src=\"https:\/\/www.hydraulic-cylinders.net\/wp-content\/uploads\/2025\/04\/songte-bushings-with-all-kinds-of-excavator-models.webp\" alt=\"\u012evor\u0117s su ekskavatori\u0173 modeliais\"><\/p>\n<h2>\u012emon\u0117s ap\u017evalga<\/h2>\n<p>Esame pirmaujanti hidraulini\u0173 cilindr\u0173 gamintoja ir didmeninink\u0117, specializuojam\u0117s teikdami auk\u0161tos kokyb\u0117s sprendimus \u012fvairioms pramon\u0117s reikm\u0117ms. M\u016bs\u0173 \u012fsipareigojimas siekti meistri\u0161kumo peln\u0117 mums patikim\u0105 vard\u0105 tiek vidaus, tiek tarptautin\u0117se rinkose. Laikom\u0117s grie\u017et\u0173 kokyb\u0117s standart\u0173 ir taikome pa\u017eangias gamybos strategijas, pasitelkdami kvalifikuotus darbuotojus ir moderniausi\u0105 gamybos \u012frang\u0105.<\/p>\n<p>Platus m\u016bs\u0173 gamini\u0173 asortimentas ir pritaikymo galimyb\u0117s u\u017etikrina, kad galime efektyviai patenkinti \u012fvairius klient\u0173 poreikius. Tvirtai tik\u0117dami auk\u0161tu efektyvumu, tikslumu ir kokybe, siekiame patenkinti \u012fvairius klient\u0173 poreikius ir nuolat tobulinti savo gamybos paj\u0117gumus.<\/p>\n<p><img decoding=\"async\" src=\"https:\/\/www.hydraulic-cylinders.net\/wp-content\/uploads\/2025\/04\/songte-company-4.webp\" alt=\"\u012emon\u0117s ap\u017evalga 1\"><br \/>\n<img decoding=\"async\" src=\"https:\/\/www.hydraulic-cylinders.net\/wp-content\/uploads\/2025\/04\/songte-company-3.webp\" alt=\"\u012emon\u0117s ap\u017evalga 2\"><\/p>\n<p>Autorius: lyl<\/p>","protected":false},"excerpt":{"rendered":"<p>Boom Cylinder For XCMG Middle Excavator XE225CA Product Overview The Boom Cylinder for XCMG Middle Excavator XE225CA is a specialized hydraulic cylinder designed to control the movement of various heavy machinery, such as excavators, backhoes, and front loaders. This hydraulic cylinder facilitates the lifting, lowering, and tilting of the boom, making it essential for efficient [&hellip;]<\/p>","protected":false},"featured_media":17875,"comment_status":"open","ping_status":"closed","template":"","meta":{"_et_pb_use_builder":"","_et_pb_old_content":"","_et_gb_content_width":""},"product_brand":[],"product_cat":[1546],"product_tag":[1547,1496],"class_list":{"0":"post-19189","1":"product","2":"type-product","3":"status-publish","4":"has-post-thumbnail","6":"product_cat-boom-cylinders","7":"product_tag-boom-cylinders","8":"product_tag-hydraulic-cylinders","10":"first","11":"instock","12":"shipping-taxable","13":"product-type-simple"},"amp_enabled":true,"_links":{"self":[{"href":"https:\/\/www.hydraulic-cylinders.net\/lt\/wp-json\/wp\/v2\/product\/19189","targetHints":{"allow":["GET"]}}],"collection":[{"href":"https:\/\/www.hydraulic-cylinders.net\/lt\/wp-json\/wp\/v2\/product"}],"about":[{"href":"https:\/\/www.hydraulic-cylinders.net\/lt\/wp-json\/wp\/v2\/types\/product"}],"replies":[{"embeddable":true,"href":"https:\/\/www.hydraulic-cylinders.net\/lt\/wp-json\/wp\/v2\/comments?post=19189"}],"wp:featuredmedia":[{"embeddable":true,"href":"https:\/\/www.hydraulic-cylinders.net\/lt\/wp-json\/wp\/v2\/media\/17875"}],"wp:attachment":[{"href":"https:\/\/www.hydraulic-cylinders.net\/lt\/wp-json\/wp\/v2\/media?parent=19189"}],"wp:term":[{"taxonomy":"product_brand","embeddable":true,"href":"https:\/\/www.hydraulic-cylinders.net\/lt\/wp-json\/wp\/v2\/product_brand?post=19189"},{"taxonomy":"product_cat","embeddable":true,"href":"https:\/\/www.hydraulic-cylinders.net\/lt\/wp-json\/wp\/v2\/product_cat?post=19189"},{"taxonomy":"product_tag","embeddable":true,"href":"https:\/\/www.hydraulic-cylinders.net\/lt\/wp-json\/wp\/v2\/product_tag?post=19189"}],"curies":[{"name":"wp","href":"https:\/\/api.w.org\/{rel}","templated":true}]}}