{"id":1919,"date":"2023-10-20T02:18:26","date_gmt":"2023-10-20T02:18:26","guid":{"rendered":"https:\/\/hydraulic-cylinders.net\/?post_type=product&#038;p=1919"},"modified":"2023-10-20T02:30:27","modified_gmt":"2023-10-20T02:30:27","slug":"hp5v-series-axial-piston-variable-displacement-hydraulic-pump","status":"publish","type":"product","link":"https:\/\/www.hydraulic-cylinders.net\/lt\/produktas\/hp5v-series-axial-piston-variable-displacement-hydraulic-pump\/","title":{"rendered":"HP5V serijos a\u0161inis st\u016bmoklinis kintamo t\u016brio hidraulinis siurblys"},"content":{"rendered":"<h1 style=\"text-align: center;\"><strong>HP5V serijos a\u0161inis st\u016bmoklinis kintamo t\u016brio hidraulinis siurblys<\/strong><\/h1>\n<p><img loading=\"lazy\" decoding=\"async\" class=\"aligncenter wp-image-1927\" src=\"https:\/\/hydraulic-cylinders.net\/wp-content\/uploads\/2023\/10\/hp5v-series-axial-piston-variable-displacement-hydraulic-pump-1-300x300.webp\" alt=\"\" width=\"400\" height=\"400\" \/><\/p>\n<p>HP5V serijos a\u0161inis st\u016bmoklinis kintamo t\u016brio hidraulinis siurblys yra pa\u017eangus hidraulinis komponentas, u\u017etikrinantis neprilygstam\u0105 efektyvum\u0105 ir na\u0161um\u0105 \u012fvairiose pramon\u0117s srityse. \u0160is siurblys, sukurtas naudojant tiksli\u0105j\u0105 in\u017einerij\u0105 ir pa\u017eangias technologijas, u\u017etikrina patikim\u0105 ir tiksli\u0105 hidraulin\u0119 gali\u0105, tod\u0117l yra esminis pasirinkimas reiklioms hidraulin\u0117ms sistemoms. \u0160iame i\u0161samiame straipsnyje bus aptartos pagrindin\u0117s HP5V serijos a\u0161inio st\u016bmoklinio kintamo t\u016brio hidraulinio siurblio charakteristikos, naudojimo metodai ir prie\u017ei\u016bros gair\u0117s.<\/p>\n<p>HP5V serijos a\u0161inis st\u016bmoklinis kintamo t\u016brio hidraulinis siurblys yra na\u0161us ir efektyvus sprendimas hidraulin\u0117ms sistemoms. D\u0117l kintamo t\u016brio technologijos, kompakti\u0161kos konstrukcijos ir tylaus veikimo \u0161is siurblys u\u017etikrina patikim\u0105 ir tiksli\u0105 hidraulin\u0119 gali\u0105. Laikantis rekomenduojam\u0173 naudojimo metod\u0173 ir reguliarios prie\u017ei\u016bros praktikos, HP5V serijos siurblys ir toliau u\u017etikrins i\u0161skirtin\u012f na\u0161um\u0105, prisid\u0117damas prie s\u0117kmingo plataus spektro pramonini\u0173 pritaikym\u0173. Pasinaudokite hp5v serijos a\u0161inio st\u016bmoklinio kintamo t\u016brio hidraulinio siurblio efektyvumu ir na\u0161umu ir i\u0161naudokite vis\u0105 savo hidraulin\u0117s sistemos potencial\u0105.<\/p>\n<p>HP5V serijos a\u0161inio st\u016bmoklinio kintamo t\u016brio hidraulinio siurblio pagrindin\u0117s charakteristikos:<\/p>\n<ul>\n<li>Kintamo t\u016brio technologija: HP5V serijos siurblyje naudojama kintamo t\u016brio technologija, leid\u017eianti reguliuoti na\u0161um\u0105 pagal sistemos poreikius. \u0160i galimyb\u0117 maksimaliai padidina energijos vartojimo efektyvum\u0105, suma\u017eina \u0161ilumos susidarym\u0105 ir optimizuoja bendr\u0105 sistemos na\u0161um\u0105.<\/li>\n<li>Didelis efektyvumas ir na\u0161umas: HP5V serijos siurblys pasi\u017eymi i\u0161skirtiniu efektyvumu ir na\u0161umu d\u0117l pa\u017eangios a\u0161inio st\u016bmoklio konstrukcijos. Jis u\u017etikrina tiksli\u0105 ir patikim\u0105 hidraulin\u0119 gali\u0105, u\u017etikrindamas skland\u0173 veikim\u0105 ir lengv\u0105 auk\u0161to sl\u0117gio pritaikym\u0105.<\/li>\n<li>Kompakti\u0161ka ir viet\u0105 taupanti konstrukcija: kompakti\u0161ka siurblio konstrukcija optimizuoja erdv\u0117s panaudojim\u0105 hidraulin\u0117se sistemose. Ma\u017eas dydis leid\u017eia lengvai integruoti net ir ank\u0161tose erdv\u0117se, i\u0161laikant puik\u0173 na\u0161um\u0105 ir funkcionalum\u0105.<\/li>\n<li>Tylus veikimas: HP5V serijos siurblys suprojektuotas su triuk\u0161mo ma\u017einimo funkcijomis, u\u017etikrinan\u010diomis tyl\u0173 veikim\u0105 \u012fvairiose pramonin\u0117se aplinkose. \u0160i savyb\u0117 yra vertinga tose srityse, kuriose reikalingas ma\u017eas triuk\u0161mo lygis, skatinantis patogi\u0105 ir produktyvi\u0105 darbo aplink\u0105.<\/li>\n<\/ul>\n<h2><strong>HP5V serijos a\u0161inio st\u016bmoklio kintamo t\u016brio hidraulinio siurblio parametras:<\/strong><\/h2>\n<table class=\"table table-bordered table-hover table-colored\" data-sort=\"sortDisabled\">\n<tbody>\n<tr class=\"firstRow\">\n<td colspan=\"2\" align=\"left\" valign=\"middle\">Dydis<\/td>\n<td align=\"center\" valign=\"middle\">HP5VS28<\/td>\n<td align=\"center\" valign=\"middle\">HP5V28<\/td>\n<td align=\"center\" valign=\"middle\">HP5V45<\/td>\n<td align=\"center\" valign=\"middle\">HP5V60<\/td>\n<td align=\"center\" valign=\"middle\">HP5V76<\/td>\n<td align=\"center\" valign=\"middle\">HP5V85<\/td>\n<td align=\"center\" valign=\"middle\">HP5V105<\/td>\n<\/tr>\n<tr>\n<td colspan=\"2\" align=\"left\" valign=\"middle\">Darbinis t\u016bris (cm\u00b3\/aps.)<\/td>\n<td align=\"center\" valign=\"middle\">28<\/td>\n<td align=\"center\" valign=\"middle\">28<\/td>\n<td align=\"center\" valign=\"middle\">45<\/td>\n<td align=\"center\" valign=\"middle\">60<\/td>\n<td align=\"center\" valign=\"middle\">76<\/td>\n<td align=\"center\" valign=\"middle\">85<\/td>\n<td align=\"center\" valign=\"middle\">104.3<\/td>\n<\/tr>\n<tr>\n<td rowspan=\"2\" align=\"left\" valign=\"middle\">Sl\u0117gis<\/td>\n<td align=\"center\" valign=\"middle\">Nominalus sl\u0117gis (bar)<\/td>\n<td align=\"center\" valign=\"middle\">250<\/td>\n<td align=\"center\" valign=\"middle\">320<\/td>\n<td align=\"center\" valign=\"middle\">320<\/td>\n<td align=\"center\" valign=\"middle\">250<\/td>\n<td align=\"center\" valign=\"middle\">320<\/td>\n<td align=\"center\" valign=\"middle\">280<\/td>\n<td align=\"center\" valign=\"middle\">350<\/td>\n<\/tr>\n<tr>\n<td align=\"left\" valign=\"middle\">Did\u017eiausias sl\u0117gis (barais)<\/td>\n<td align=\"center\" valign=\"middle\">315<\/td>\n<td align=\"center\" valign=\"middle\">350<\/td>\n<td align=\"center\" valign=\"middle\">350<\/td>\n<td align=\"center\" valign=\"middle\">280<\/td>\n<td align=\"center\" valign=\"middle\">350<\/td>\n<td align=\"center\" valign=\"middle\">320<\/td>\n<td align=\"center\" valign=\"middle\">400<\/td>\n<\/tr>\n<tr>\n<td rowspan=\"2\" align=\"left\" valign=\"middle\">Sukimosi greitis aps.\/min.<\/td>\n<td align=\"center\" valign=\"middle\">Maksimalus savaiminio u\u017epildymo lygis\u00a0<sup>*1<\/sup>\u00a0(baras)<\/td>\n<td align=\"center\" valign=\"middle\">3000<\/td>\n<td align=\"center\" valign=\"middle\">3000<\/td>\n<td align=\"center\" valign=\"middle\">2700<\/td>\n<td align=\"center\" valign=\"middle\">2400<\/td>\n<td align=\"center\" valign=\"middle\">2400<\/td>\n<td align=\"center\" valign=\"middle\">2400<\/td>\n<td align=\"center\" valign=\"middle\">2200<\/td>\n<\/tr>\n<tr>\n<td align=\"center\" valign=\"middle\">Maks.<sup>*2\u00a0<\/sup>\u00a0(baras)<\/td>\n<td align=\"center\" valign=\"middle\">3600<\/td>\n<td align=\"center\" valign=\"middle\">3600<\/td>\n<td align=\"center\" valign=\"middle\">3250<\/td>\n<td align=\"center\" valign=\"middle\">3000<\/td>\n<td align=\"center\" valign=\"middle\">3000<\/td>\n<td align=\"center\" valign=\"middle\">3000<\/td>\n<td align=\"center\" valign=\"middle\">2600<\/td>\n<\/tr>\n<tr>\n<td colspan=\"2\" align=\"left\" valign=\"middle\">Svoris (kg)<\/td>\n<td align=\"center\" valign=\"middle\">17.2<\/td>\n<td align=\"center\" valign=\"middle\">20<\/td>\n<td align=\"center\" valign=\"middle\">24<\/td>\n<td align=\"center\" valign=\"middle\">24<\/td>\n<td align=\"center\" valign=\"middle\">28<\/td>\n<td align=\"center\" valign=\"middle\">28<\/td>\n<td align=\"center\" valign=\"middle\">45<\/td>\n<\/tr>\n<tr>\n<td colspan=\"2\" align=\"left\" valign=\"middle\">Alyvos kiekis, reikalingas siurblio korpusui u\u017epildyti (L)<\/td>\n<td align=\"center\" valign=\"middle\">0.55<\/td>\n<td align=\"center\" valign=\"middle\">0.6<\/td>\n<td align=\"center\" valign=\"middle\">0.6<\/td>\n<td align=\"center\" valign=\"middle\">0.6<\/td>\n<td align=\"center\" valign=\"middle\">0.8<\/td>\n<td align=\"center\" valign=\"middle\">0.8<\/td>\n<td align=\"center\" valign=\"middle\">1<\/td>\n<\/tr>\n<tr>\n<td colspan=\"2\" align=\"left\" valign=\"middle\">Temperat\u016bros diapazonas (\u2103)<\/td>\n<td colspan=\"7\" align=\"center\" valign=\"middle\">-20~95<\/td>\n<\/tr>\n<tr>\n<td colspan=\"2\" rowspan=\"1\" align=\"left\" valign=\"middle\">Temperat\u016bros diapazonas (mm)<sup>2<\/sup>\/s)<\/td>\n<td colspan=\"7\" align=\"center\" valign=\"middle\">10-1000<sup>*3<\/sup>(Geriausia naudoti klampos diapazon\u0105 16\u201336 mm<sup>2<\/sup>\/s)<\/td>\n<\/tr>\n<\/tbody>\n<\/table>\n<h2><strong>HP5V serijos a\u0161inio st\u016bmoklinio kintamo t\u016brio hidraulinio siurblio privalumai:<\/strong><\/h2>\n<p>\u2022 Kintamo grei\u010dio siurblys su plok\u0161tine konstrukcija atvirai grandinei.<br \/>\n\u2022 Palyginti su rinkoje esan\u010diais produktais, naudojamas sustiprintas kardaninis velenas ir didelio stiprumo cilindr\u0173 med\u017eiagos, tod\u0117l u\u017etikrinamas nuolatinis daugiau nei 320 bar\u0173 sl\u0117gis.<br \/>\n\u2022 Siekiant padidinti apkrovos paj\u0117gum\u0105 ir pailginti tarnavimo laik\u0105, naudojami tvirti guoliai, tokie kaip cilindriniai ritin\u0117liai.<br \/>\n\u2022 Didelis galios ir svorio santykis.<br \/>\n\u2022 Galima \u012fsigyti su amerikieti\u0161kais (SAE) ir japoni\u0161kais (JIS) tvirtinimo flan\u0161ais ir velenais.<br \/>\n\u2022 Puikus patikimumas ir ilgas tarnavimo laikas.<br \/>\n\u2022 \u012evairios valdymo galimyb\u0117s.<br \/>\n\u2022 Papildomai galima perva\u017eiuoti.<br \/>\n\u2022 Greitas valdymo atsakas.<br \/>\n\u2022 Ma\u017eas sl\u0117gio pulsavimas ir ma\u017eas triuk\u0161mas.<br \/>\n\u2022 Sukurta in\u017einerijos, mobili\u0173j\u0173 transporto priemoni\u0173, pramon\u0117s, kit\u0173 pramon\u0117s sri\u010di\u0173 ir \u017eem\u0117s \u016bkio ma\u0161in\u0173 reikm\u0117ms.<\/p>\n<h2><strong>HP5V serijos a\u0161inis st\u016bmoklinis kintamo t\u016brio hidraulinis siurblys <\/strong><strong>Taikymas:<\/strong><\/h2>\n<p><img loading=\"lazy\" decoding=\"async\" class=\"alignnone wp-image-1930 size-full\" src=\"https:\/\/hydraulic-cylinders.net\/wp-content\/uploads\/2023\/10\/hp5v-series-axial-piston-variable-displacement-hydraulic-pump-2.webp\" alt=\"\" width=\"1147\" height=\"586\" srcset=\"https:\/\/hydraulic-cylinders.net\/wp-content\/uploads\/2023\/10\/hp5v-series-axial-piston-variable-displacement-hydraulic-pump-2.webp 1147w, https:\/\/hydraulic-cylinders.net\/wp-content\/uploads\/2023\/10\/hp5v-series-axial-piston-variable-displacement-hydraulic-pump-2-980x501.webp 980w, https:\/\/hydraulic-cylinders.net\/wp-content\/uploads\/2023\/10\/hp5v-series-axial-piston-variable-displacement-hydraulic-pump-2-480x245.webp 480w\" sizes=\"(min-width: 0px) and (max-width: 480px) 480px, (min-width: 481px) and (max-width: 980px) 980px, (min-width: 981px) 1147px, 100vw\" \/><\/p>\n<h2><strong>Naudojimo b\u016bdas <\/strong><strong>HP5V serijos a\u0161inis st\u016bmoklinis kintamo t\u016brio hidraulinis siurblys<\/strong><strong>:<\/strong><\/h2>\n<ul>\n<li><strong>Siurblio montavimas:<\/strong>\u00a0 HP5V serijos a\u0161inio st\u016bmoklio kintamo t\u016brio hidraulin\u012f siurbl\u012f sumontuokite tam skirtoje hidraulin\u0117s sistemos vietoje. D\u0117l tinkamo suderinimo ir tvirto pritvirtinimo prie sistemos konstrukcijos, naudojant tinkamus tvirtinimo laikiklius arba priedus, vadovaukit\u0117s gamintojo gair\u0117mis ir specifikacijomis.<\/li>\n<li><strong>Hidraulin\u0117s sistemos integravimas:<\/strong> Prijunkite siurbl\u012f prie hidraulin\u0117s sistemos naudodami suderinamas \u017earnas, jungiam\u0105sias detales ir vo\u017etuvus. \u012esitikinkite, kad visos jungtys yra tvirtos, be nuot\u0117ki\u0173 ir tinkamai priver\u017etos, kad b\u016bt\u0173 u\u017etikrintas optimalus hidraulinis veikimas.<\/li>\n<li><strong>Skys\u010di\u0173 suderinamumas:<\/strong> Patikrinkite, ar sistemoje naudojamas hidraulinis skystis suderinamas su HP5V serijos siurbliu. \u017dr. gamintojo rekomendacijas d\u0117l atitinkamo skys\u010dio tipo, klampumo ir temperat\u016bros diapazono. Reguliariai steb\u0117kite ir pri\u017ei\u016br\u0117kite hidraulin\u012f skyst\u012f, kad u\u017etikrintum\u0117te tinkam\u0105 siurblio veikim\u0105 ir ilgaam\u017ei\u0161kum\u0105.<\/li>\n<li><strong>Veikimo parametrai:<\/strong> Susipa\u017einkite su siurblio valdymo parinktimis ir pakoreguokite veikimo parametrus pagal konkre\u010dius hidraulin\u0117s sistemos reikalavimus. Steb\u0117kite ir reguliuokite siurblio t\u016brio nustatymus, kad optimizuotum\u0117te na\u0161um\u0105 ir energijos vartojimo efektyvum\u0105.<\/li>\n<\/ul>\n<h2><strong>Kaip pakeisti hidraulinio cilindro sandarikl\u012f?<\/strong><\/h2>\n<p>Hidraulinio cilindro sandariklio keitimas reikalauja kruop\u0161taus d\u0117mesio detal\u0117ms ir tinkam\u0173 proced\u016br\u0173 laikymosi. \u0160tai nuoseklus vadovas, kuris pad\u0117s jums atlikti \u0161\u012f proces\u0105:<\/p>\n<ol>\n<li><strong>Pasiruo\u0161imas ir sauga:<\/strong>\n<ul>\n<li>\u012esitikinkite, kad hidrauliniame cilindre n\u0117ra sl\u0117gio ir jis atjungtas nuo sistemos.<\/li>\n<li>Nuvalykite cilindro i\u0161or\u0119, kad proceso metu nepatekt\u0173 ne\u0161varum\u0173 ar \u0161iuk\u0161li\u0173.<\/li>\n<li>Pad\u0117kite cilindr\u0105 ant stabilaus darbinio pavir\u0161iaus ir pritvirtinkite j\u012f spaustukais arba spaustuvais.<\/li>\n<\/ul>\n<\/li>\n<li><strong>Atpa\u017einkite antspaud\u0105:<\/strong>\n<ul>\n<li>Nustatykite, kokio tipo sandarikl\u012f reikia pakeisti (pvz., strypo sandariklis, st\u016bmoklio sandariklis, valytuvo sandariklis).<\/li>\n<li>Nor\u0117dami gauti tinkamas sandarinimo specifikacijas, \u017er. cilindro technin\u0119 dokumentacij\u0105 arba susisiekite su gamintoju.<\/li>\n<\/ul>\n<\/li>\n<li><strong>I\u0161ardymas:<\/strong>\n<ul>\n<li>Nuimkite visus tvirtinimo elementus, tokius kaip var\u017etai, spaustukai arba tvirtinimo \u017eiedai, kurie tvirtina cilindro galvut\u0119 arba dangtel\u012f.<\/li>\n<li>Atsargiai nuimkite cilindro galvut\u0119 arba dangtel\u012f, atidengdami st\u016bmokl\u012f, stryp\u0105 ir sen\u0105 sandarikl\u012f.<\/li>\n<\/ul>\n<\/li>\n<li><strong>Nuimkite sen\u0105 sandarikl\u012f:<\/strong>\n<ul>\n<li>\u0160velniai i\u0161traukite sen\u0105 tarpin\u0119 tinkamu \u012frankiu, pvz., tarpin\u0117s rinktuvu, kabliu ar ma\u017eu atsuktuvu.<\/li>\n<li>\u0160io proceso metu stenkit\u0117s nepa\u017eeisti cilindro pavir\u0161iaus.<\/li>\n<li>Patikrinkite cilindro kiaurym\u0119 ir kot\u0105, ar n\u0117ra koki\u0173 nors pa\u017eeidim\u0173 ar susid\u0117v\u0117jimo po\u017eymi\u0173. Jei yra dideli\u0173 pa\u017eeidim\u0173, apsvarstykite galimyb\u0119 atlikti profesionali\u0105 ap\u017ei\u016br\u0105 arba pakeisti vis\u0105 cilindr\u0105.<\/li>\n<\/ul>\n<\/li>\n<li><strong>Valymas ir sutepimas:<\/strong>\n<ul>\n<li>Kruop\u0161\u010diai nuvalykite cilindro ang\u0105, kot\u0105 ir aplinkinius komponentus nep\u016bkuotu skudur\u0117liu arba tinkamu tirpikliu.<\/li>\n<li>Ant naujo sandariklio u\u017etepkite plon\u0105 hidraulin\u0117s alyvos arba sandarinimo tepalo sluoksn\u012f, kad b\u016bt\u0173 lengviau montuoti ir u\u017etikrintas tinkamas sandarumas.<\/li>\n<\/ul>\n<\/li>\n<li><strong>\u012ediekite nauj\u0105 sandarikl\u012f:<\/strong>\n<ul>\n<li>Atsargiai \u012fstatykite nauj\u0105 sandarikl\u012f \u012f jo griovel\u012f, u\u017etikrindami, kad jis b\u016bt\u0173 tinkamai orientuotas.<\/li>\n<li>Naudokite sandariklio montavimo \u012frank\u012f arba mink\u0161t\u0105 plaktuk\u0105, kad \u0161velniai prispaustum\u0117te sandarikl\u012f prie jo vietos, tolygiai paskirstydami spaudim\u0105 aplink jo perimetr\u0105.<\/li>\n<li>\u012esitikinkite, kad sandariklis tinkamai \u012fstatytas ir visi\u0161kai \u012fstatytas \u012f griovel\u012f.<\/li>\n<\/ul>\n<\/li>\n<li><strong>Surinkimas:<\/strong>\n<ul>\n<li>Sumontuokite visus likusius komponentus, kurie buvo pa\u0161alinti i\u0161ardymo metu, pvz., var\u017etus, spaustukus arba tvirtinimo \u017eiedus.<\/li>\n<li>Kad u\u017etikrintum\u0117te tinkam\u0105 sandarum\u0105 ir sulygiavim\u0105, laikykit\u0117s gamintojo nurodyt\u0173 sukimo momento ver\u010di\u0173 ir priver\u017eimo sekos nurodym\u0173.<\/li>\n<\/ul>\n<\/li>\n<li><strong>Testavimas ir patikra:<\/strong>\n<ul>\n<li>Prijunkite hidraulin\u012f cilindr\u0105 prie sistemos ir \u012fsitikinkite, kad visos jungtys yra tvirtos.<\/li>\n<li>Palaipsniui atkurkite sistemos sl\u0117g\u012f ir patikrinkite, ar n\u0117ra nuot\u0117ki\u0173 ar ne\u012fprasto veikimo.<\/li>\n<li>Nor\u0117dami patikrinti, ar sandariklis veikia tinkamai, atlikite hidraulinio cilindro judesius visu jo diapazonu.<\/li>\n<\/ul>\n<\/li>\n<\/ol>\n<h2><strong>Gamyklos paj\u0117gumai ir talpa:<\/strong><\/h2>\n<h3>(1) Surinkimas<\/h3>\n<p>Turime pirmos klas\u0117s nepriklausom\u0105 tyrim\u0173 ir pl\u0117tros surinkimo platform\u0105. Hidraulini\u0173 cilindr\u0173 gamybos ceche yra keturios pusiau automatin\u0117s k\u0117limo cilindr\u0173 surinkimo linijos ir viena automatin\u0117 pakreipimo cilindr\u0173 surinkimo linija, kuri\u0173 projektinis metinis gamybos paj\u0117gumas yra 1 milijonas vienet\u0173. Speciali\u0173j\u0173 cilindr\u0173 ceche \u012frengta \u012fvairi\u0173 specifikacij\u0173 pusiau automatin\u0117 valymo surinkimo sistema, kurios projektinis metinis gamybos paj\u0117gumas yra 200 000 vienet\u0173, ir garsi CNC apdirbimo \u012franga, apdirbimo centras, didelio tikslumo cilindr\u0173 apdirbimo speciali \u012franga, robotinis suvirinimo aparatas, automatinis valymo aparatas, automatinis cilindr\u0173 surinkimo aparatas ir automatin\u0117 da\u017eymo gamybos linija. Esama daugiau nei 300 rinkini\u0173 (komplekt\u0173) kritin\u0117 \u012franga. Optimalus \u012frangos i\u0161tekli\u0173 paskirstymas ir efektyvus naudojimas u\u017etikrina gamini\u0173 tikslumo reikalavimus ir auk\u0161tus gamini\u0173 kokyb\u0117s poreikius.<\/p>\n<p><img loading=\"lazy\" decoding=\"async\" class=\"alignnone wp-image-626\" src=\"https:\/\/hydraulic-cylinders.net\/wp-content\/uploads\/2023\/08\/hydraulic-cylinder-product-1-300x158.webp\" alt=\"\" width=\"495\" height=\"260\" srcset=\"https:\/\/hydraulic-cylinders.net\/wp-content\/uploads\/2023\/08\/hydraulic-cylinder-product-1-300x158.webp 495w, https:\/\/hydraulic-cylinders.net\/wp-content\/uploads\/2023\/08\/hydraulic-cylinder-product-1-480x252.webp 480w\" sizes=\"(min-width: 0px) and (max-width: 480px) 480px, (min-width: 481px) 495px, 100vw\" \/> <img loading=\"lazy\" decoding=\"async\" class=\"alignnone wp-image-627\" src=\"https:\/\/hydraulic-cylinders.net\/wp-content\/uploads\/2023\/08\/hydraulic-cylinder-product-2-300x189.webp\" alt=\"\" width=\"413\" height=\"260\" \/><\/p>\n<h3>(2) Apdirbimas<\/h3>\n<p>Mechaninio apdirbimo ceche \u012frengtas pritaikytas nuo\u017eulnaus b\u0117gio tekinimo centras, apdirbimo centras, greitaeigis galandimo stakl\u0117s, suvirinimo robotas ir kita susijusi \u012franga, galinti apdirbti cilindrinius vamzd\u017eius, kuri\u0173 maksimalus vidinis skersmuo yra 400 mm, o maksimalus ilgis \u2013 6 metrai.<\/p>\n<p><img loading=\"lazy\" decoding=\"async\" class=\"alignnone wp-image-628 size-large\" src=\"https:\/\/hydraulic-cylinders.net\/wp-content\/uploads\/2023\/08\/hydraulic-cylinder-product-3-1024x391.webp\" alt=\"\" width=\"1024\" height=\"391\" srcset=\"https:\/\/hydraulic-cylinders.net\/wp-content\/uploads\/2023\/08\/hydraulic-cylinder-product-3-980x374.webp 980w, https:\/\/hydraulic-cylinders.net\/wp-content\/uploads\/2023\/08\/hydraulic-cylinder-product-3-480x183.webp 480w\" sizes=\"(min-width: 0px) and (max-width: 480px) 480px, (min-width: 481px) and (max-width: 980px) 980px, (min-width: 981px) 1024px, 100vw\" \/><\/p>\n<h3>(3) Suvirinimas<\/h3>\n<p><img loading=\"lazy\" decoding=\"async\" class=\"alignnone wp-image-629 size-large\" src=\"https:\/\/hydraulic-cylinders.net\/wp-content\/uploads\/2023\/08\/hydraulic-cylinder-product-4-1024x510.webp\" alt=\"\" width=\"1024\" height=\"510\" srcset=\"https:\/\/hydraulic-cylinders.net\/wp-content\/uploads\/2023\/08\/hydraulic-cylinder-product-4-980x488.webp 980w, https:\/\/hydraulic-cylinders.net\/wp-content\/uploads\/2023\/08\/hydraulic-cylinder-product-4-480x239.webp 480w\" sizes=\"(min-width: 0px) and (max-width: 480px) 480px, (min-width: 481px) and (max-width: 980px) 980px, (min-width: 981px) 1024px, 100vw\" \/><\/p>\n<h3>(4) Da\u017eymas ir dengimas<\/h3>\n<p>Su ma\u017eomis ir vidutinio dyd\u017eio cilindrin\u0117mis automatin\u0117mis vandens pagrindo da\u017e\u0173 dengimo linijomis, siekiant automatinio robot\u0173 pakrovimo ir i\u0161krovimo bei automatinio pur\u0161kimo, projektinis paj\u0117gumas yra 4000 vienet\u0173 per pamain\u0105;<br \/>\nTaip pat turime pusiau automatin\u0119 dideli\u0173 cilindr\u0173 da\u017e\u0173 gamybos linij\u0105, varom\u0105 grandin\u0117s, kurios projektinis na\u0161umas yra 60 d\u0117\u017ei\u0173 per pamain\u0105.<\/p>\n<p><img loading=\"lazy\" decoding=\"async\" class=\"alignnone wp-image-630\" src=\"https:\/\/hydraulic-cylinders.net\/wp-content\/uploads\/2023\/08\/hydraulic-cylinder-product-5-300x213.webp\" alt=\"\" width=\"366\" height=\"260\" \/> <img loading=\"lazy\" decoding=\"async\" class=\"alignnone wp-image-631\" src=\"https:\/\/hydraulic-cylinders.net\/wp-content\/uploads\/2023\/08\/hydraulic-cylinder-product-6-300x225.webp\" alt=\"\" width=\"347\" height=\"260\" \/><\/p>\n<h3>(5) Testavimas<\/h3>\n<p>Turime auk\u0161\u010diausios klas\u0117s patikros patalpas ir bandym\u0173 stendus, kad u\u017etikrintume, jog baliono veikimas atitinka reikalavimus.<\/p>\n<p><img loading=\"lazy\" decoding=\"async\" class=\"alignnone wp-image-632\" src=\"https:\/\/hydraulic-cylinders.net\/wp-content\/uploads\/2023\/08\/hydraulic-cylinder-product-8-300x200.webp\" alt=\"\" width=\"389\" height=\"260\" \/><\/p>\n<p>&nbsp;<\/p>\n<p>&nbsp;<\/p>\n<p>Esame vienas geriausi\u0173 hidraulini\u0173 cilindr\u0173 gamintoj\u0173. Galime pasi\u016blyti i\u0161samius hidraulinius cilindrus. Taip pat teikiame atitinkamus <a href=\"https:\/\/hzpt.com\/agricultural-pto-gearbox\/\" target=\"_blank\" rel=\"noopener\">\u017eem\u0117s \u016bkio pavar\u0173 d\u0117\u017e\u0117s<\/a>Mes eksportuojame savo gaminius klientams visame pasaulyje ir peln\u0117me ger\u0105 reputacij\u0105 d\u0117l auk\u0161\u010diausios gamini\u0173 kokyb\u0117s ir aptarnavimo po pardavimo. Mes laukiame klient\u0173 \u0161alyje ir u\u017esienyje, norin\u010di\u0173 susisiekti su mumis der\u0117tis d\u0117l verslo, keistis informacija ir... <a href=\"https:\/\/www.hydraulic-cylinders.net\/lt\/contact-us\/\">bendradarbiauti su mumis<\/a>!<\/p>\n<p>&nbsp;<\/p>","protected":false},"excerpt":{"rendered":"<p>HP5V Series Axial Piston Variable Displacement Hydraulic Pump The HP5V series axial piston variable displacement hydraulic pump is a cutting-edge hydraulic component that offers unmatched efficiency and performance in various industrial applications. Designed with precision engineering and advanced technology, this pump delivers reliable and precise hydraulic power, making it an essential choice for demanding hydraulic [&hellip;]<\/p>","protected":false},"featured_media":1928,"comment_status":"open","ping_status":"closed","template":"","meta":{"_et_pb_use_builder":"","_et_pb_old_content":"","_et_gb_content_width":""},"product_brand":[],"product_cat":[1425],"product_tag":[1380],"class_list":{"0":"post-1919","1":"product","2":"type-product","3":"status-publish","4":"has-post-thumbnail","6":"product_cat-piston-pump","7":"product_tag-hydraulic-cylinder","9":"first","10":"instock","11":"shipping-taxable","12":"product-type-simple"},"amp_enabled":true,"_links":{"self":[{"href":"https:\/\/www.hydraulic-cylinders.net\/lt\/wp-json\/wp\/v2\/product\/1919","targetHints":{"allow":["GET"]}}],"collection":[{"href":"https:\/\/www.hydraulic-cylinders.net\/lt\/wp-json\/wp\/v2\/product"}],"about":[{"href":"https:\/\/www.hydraulic-cylinders.net\/lt\/wp-json\/wp\/v2\/types\/product"}],"replies":[{"embeddable":true,"href":"https:\/\/www.hydraulic-cylinders.net\/lt\/wp-json\/wp\/v2\/comments?post=1919"}],"wp:featuredmedia":[{"embeddable":true,"href":"https:\/\/www.hydraulic-cylinders.net\/lt\/wp-json\/wp\/v2\/media\/1928"}],"wp:attachment":[{"href":"https:\/\/www.hydraulic-cylinders.net\/lt\/wp-json\/wp\/v2\/media?parent=1919"}],"wp:term":[{"taxonomy":"product_brand","embeddable":true,"href":"https:\/\/www.hydraulic-cylinders.net\/lt\/wp-json\/wp\/v2\/product_brand?post=1919"},{"taxonomy":"product_cat","embeddable":true,"href":"https:\/\/www.hydraulic-cylinders.net\/lt\/wp-json\/wp\/v2\/product_cat?post=1919"},{"taxonomy":"product_tag","embeddable":true,"href":"https:\/\/www.hydraulic-cylinders.net\/lt\/wp-json\/wp\/v2\/product_tag?post=1919"}],"curies":[{"name":"wp","href":"https:\/\/api.w.org\/{rel}","templated":true}]}}