{"id":19191,"date":"2025-04-07T06:17:22","date_gmt":"2025-04-07T06:17:22","guid":{"rendered":"https:\/\/www.hydraulic-cylinders.net\/product\/boom-cylinder-for-xcmg-middle-excavator-xe265c\/"},"modified":"2025-04-07T06:17:24","modified_gmt":"2025-04-07T06:17:24","slug":"boom-cylinder-for-xcmg-middle-excavator-xe265c","status":"publish","type":"product","link":"https:\/\/www.hydraulic-cylinders.net\/lt\/produktas\/boom-cylinder-for-xcmg-middle-excavator-xe265c\/","title":{"rendered":"XCMG vidutinio ekskavatoriaus XE265C str\u0117l\u0117s cilindras"},"content":{"rendered":"<h1>XCMG vidutinio ekskavatoriaus XE265C str\u0117l\u0117s cilindras<\/h1>\n<h2>Produkto ap\u017evalga<\/h2>\n<p>XCMG vidutinio profilio ekskavatoriaus XE265C str\u0117l\u0117s cilindras yra labai svarbus komponentas, specialiai sukurtas sunkiosioms ma\u0161inoms, ypa\u010d ekskavatoriams. \u0160is hidraulinis cilindras valdo str\u0117l\u0117s jud\u0117jim\u0105, leisdamas jai pakelti, nuleisti ir pakreipti, o tai yra labai svarbu atliekant \u012fvairias med\u017eiag\u0173 tvarkymo u\u017eduotis. \u0160io kau\u0161o cilindro konstrukcija ir funkcionalumas pritaikyti prie statyb\u0173, kasimo ir kit\u0173 sri\u010di\u0173, kurioms reikalingas tikslus valdymas ir patvarumas, poreiki\u0173.<\/p>\n<p><img decoding=\"async\" src=\"https:\/\/www.hydraulic-cylinders.net\/wp-content\/uploads\/2025\/04\/songte-company-1.webp\" alt=\"Ekskavatori\u0173 str\u0117l\u0117s cilindras\"><\/p>\n<h3>Apibr\u0117\u017eimas ir funkcija<\/h3>\n<p>Kau\u0161o cilindras yra hidraulinio cilindro tipas, specialiai sukurtas valdyti kau\u0161o jud\u0117jim\u0105 sunkiosiose ma\u0161inose, tokiose kaip ekskavatoriai, ekskavatoriniai krautuvai ir frontaliniai krautuvai. Jo pagrindin\u0117 paskirtis \u2013 palengvinti kau\u0161o k\u0117lim\u0105, nuleidim\u0105 ir pakreipim\u0105, o tai yra gyvybi\u0161kai svarbu atliekant med\u017eiag\u0173 pakrovimo ir transportavimo u\u017eduotis. Hidraulin\u0117 sistema veikia esant auk\u0161tam sl\u0117giui, tod\u0117l jud\u0117jimas yra sklandus ir efektyvus, tod\u0117l ji yra b\u016btina atliekant \u012fvairius sunkius darbus.<\/p>\n<h2>Str\u0117l\u0117s cilindro savyb\u0117s<\/h2>\n<ul>\n<li><strong>Didelis stiprumas ir ilgaam\u017ei\u0161kumas:<\/strong> Pagamintas i\u0161 didelio stiprumo plieno arba aliuminio, \u0161is cilindras gali atlaikyti auk\u0161t\u0105 sl\u0117g\u012f ir dideles apkrovas. Konstrukcijoje atsi\u017evelgta \u012f atsparum\u0105 dilimui ir apsaug\u0105 nuo korozijos, o tai pailgina jo tarnavimo laik\u0105.<\/li>\n<li><strong>Efektyvus hidraulinis valdymas:<\/strong> Cilindras naudoja hidraulin\u0117s alyvos sl\u0117g\u012f, kad skland\u017eiai i\u0161skleist\u0173 ir atitraukt\u0173, greitai reaguot\u0173 \u012f valdymo komandas ir u\u017etikrint\u0173 didel\u0119 st\u016bmimo bei traukimo j\u0117g\u0105, tinkam\u0105 sunkioms ir sud\u0117tingoms u\u017eduotims.<\/li>\n<li><strong>\u012evair\u016bs tipai:<\/strong> Galima \u012fsigyti tiek vienpusio veikimo (hidraulin\u0117 sistema veikia viena kryptimi), tiek dvipusio veikimo (hidraulin\u0117 sistema veikia dviem kryptimis) konfig\u016bracij\u0173. Kai kurie modeliai pasi\u017eymi teleskopine konstrukcija, kuri leid\u017eia labiau prailginti nepadidinant i\u0161orini\u0173 matmen\u0173, tod\u0117l idealiai tinka ribotos erdv\u0117s taikymams.<\/li>\n<li><strong>Individuali gamyba:<\/strong> M\u016bs\u0173 gaminiai gali puikiai pakeisti plat\u0173 hidraulini\u0173 cilindr\u0173 asortiment\u0105, u\u017etikrindami suderinamum\u0105 su \u012fvairiais ekskavatori\u0173 modeliais.<\/li>\n<\/ul>\n<p><img decoding=\"async\" src=\"https:\/\/www.hydraulic-cylinders.net\/wp-content\/uploads\/2025\/04\/songte-cylinder-head-with-all-kinds-excavator-models.webp\" alt=\"Cilindro galvut\u0117 ekskavatoriams\"><\/p>\n<h2>Str\u0117l\u0117s cilindro pritaikymas<\/h2>\n<h3>Statybin\u0117 \u012franga<\/h3>\n<p>Ekskavatoriuose str\u0117l\u0117s cilindrai yra b\u016btini kasant, kraunant ir perkeliant grunt\u0105 ar \u0161iuk\u0161les. Hidraulinis veikimas leid\u017eia operatoriui efektyviai atlikti u\u017eduotis, padidinant na\u0161um\u0105 statybviet\u0117se.<\/p>\n<h3>\u017dem\u0117s \u016bkio technika<\/h3>\n<p>Priekiniuose krautuvuose \u0161ie cilindrai palengvina dirvo\u017eemio, \u0161ieno ir kit\u0173 med\u017eiag\u0173 s\u0117mim\u0105, k\u0117lim\u0105 ir transportavim\u0105. J\u0173 patikimumas vaidina svarb\u0173 vaidmen\u012f didinant veiklos efektyvum\u0105 \u017eem\u0117s \u016bkio laukuose.<\/p>\n<h3>Ekskavatoriai<\/h3>\n<p>Str\u0117l\u0117s cilindro d\u0117ka ekskavatoriai gali efektyviai \u012fsiskverbti \u012f \u017eem\u0119, tod\u0117l kasimo darbai yra efektyv\u016bs. \u0160i funkcija yra labai svarbi \u012fvairiems projektams \u2013 nuo \u200b\u200bpamat\u0173 darb\u0173 iki kra\u0161tovaizd\u017eio formavimo.<\/p>\n<h3>Krautuvai<\/h3>\n<p>Priekiniuose krautuvuose str\u0117l\u0117s cilindrai padeda greitai pakelti ir i\u0161versti med\u017eiagas. D\u0117l \u0161ios savyb\u0117s jie yra nepakei\u010diami atliekant med\u017eiag\u0173 tvarkymo u\u017eduotis statybose ir atliek\u0173 tvarkyme.<\/p>\n<h2>Projektavimo aspektai ir atrankos kriterijai<\/h2>\n<h3>Keliamoji galia<\/h3>\n<p>Str\u0117l\u0117s cilindro keliamoji galia yra nepaprastai svarbi. Ji turi b\u016bti pakankama, kad atlaikyt\u0173 keliam\u0173 ar perkeliam\u0173 med\u017eiag\u0173 svor\u012f nepakenkiant saugumui ar na\u0161umui. Tinkamo cilindro pasirinkimas u\u017etikrina konkre\u010di\u0173 taikymo apkrovos reikalavim\u0173 supratim\u0105.<\/p>\n<h3>Sandarinimo sistema<\/h3>\n<p>Tvirta sandarinimo sistema yra b\u016btina norint i\u0161vengti hidraulinio skys\u010dio nuot\u0117kio ir u\u017etikrinti optimal\u0173 na\u0161um\u0105. Turi b\u016bti parinkti auk\u0161tos kokyb\u0117s sandarikliai, pagaminti i\u0161 patvari\u0173 med\u017eiag\u0173, kad jie atlaikyt\u0173 eksploatavimo aplink\u0105 ir i\u0161laikyt\u0173 efektyvum\u0105.<\/p>\n<h3>Patvarumas<\/h3>\n<p>Str\u0117l\u0117s cilindro ilgaam\u017ei\u0161kumas yra labai svarbus d\u0117l at\u0161iauri\u0173 s\u0105lyg\u0173, kuriomis jis veikiamas. Tai apima ekstremali\u0173 temperat\u016br\u0173, dulki\u0173 ir ter\u0161al\u0173 poveik\u012f. Norint suma\u017einti prastovas ir prie\u017ei\u016bros i\u0161laidas, labai svarbu pasirinkti med\u017eiagas ir konstrukcijas, kurios padidint\u0173 ilgaam\u017ei\u0161kum\u0105.<\/p>\n<h3>Saugos funkcijos<\/h3>\n<p>Sauga yra svarbiausias hidraulini\u0173 cilindr\u0173 projektavimo prioritetas. Saugos funkcij\u0173, toki\u0173 kaip sl\u0117gio ma\u017einimo vo\u017etuvai, \u012fdiegimas padeda i\u0161vengti katastrofi\u0161k\u0173 gedim\u0173 ir u\u017etikrina saug\u0173 veikim\u0105 \u012fvairiomis s\u0105lygomis.<\/p>\n<h3>Prie\u017ei\u016bra<\/h3>\n<p>Str\u0117l\u0117s cilindr\u0173 projektavimas taip, kad juos b\u016bt\u0173 lengva pri\u017ei\u016br\u0117ti, padidina j\u0173 naudojimo paprastum\u0105. Savyb\u0117s, leid\u017eian\u010dios patogiai pasiekti sandariklius ir komponentus, gali \u017eymiai sutrumpinti prie\u017ei\u016bros laik\u0105 ir padidinti veiklos efektyvum\u0105.<\/p>\n<p><img decoding=\"async\" src=\"https:\/\/www.hydraulic-cylinders.net\/wp-content\/uploads\/2025\/04\/songte-oil-pipes-and-spare-parts.webp\" alt=\"Hidraulin\u0117s dalys\"><\/p>\n<h2>Sandarinimas ir tepimas<\/h2>\n<p>Efektyvus sandarinimas ir tepimas yra esminiai str\u0117l\u0117s cilindro ilgaam\u017ei\u0161kumo ir na\u0161umo komponentai. \u012evair\u016bs sandarikliai, pavyzd\u017eiui, st\u016bmokli\u0173 ir stryp\u0173 sandarikliai, da\u017enai gaminami i\u0161 atspari\u0173 dilimui med\u017eiag\u0173, toki\u0173 kaip poliuretanas ir nitrilo kau\u010diukas. \u0160ios med\u017eiagos parenkamos d\u0117l j\u0173 geb\u0117jimo atlaikyti auk\u0161t\u0105 sl\u0117g\u012f ir temperat\u016br\u0105, tuo pa\u010diu veiksmingai u\u017ekertant keli\u0105 skys\u010di\u0173 nuot\u0117kiui.<\/p>\n<p>Cilindro korpusas ir srieginiai galiniai pavir\u0161iai yra tiksliai apdirbami, siekiant padidinti atsparum\u0105 dilimui, kuris yra labai svarbus norint i\u0161laikyti hidraulin\u0117s sistemos vientisum\u0105. Norint u\u017etikrinti skland\u0173 judan\u010di\u0173 dali\u0173 veikim\u0105, suma\u017einti trint\u012f ir dilim\u0105, reikia reguliariai tepti tinkama hidrauline alyva.<\/p>\n<h2>Reguliarus patikrinimas ir prevencin\u0117 prie\u017ei\u016bra<\/h2>\n<ul>\n<li><strong>\u012eprastiniai patikrinimai:<\/strong> Reguliariai tikrinkite, kad nustatytum\u0117te susid\u0117v\u0117jimo ar pa\u017eeidimo po\u017eymius, tokius kaip nuot\u0117kiai ar pavir\u0161iaus korozija. Ankstyvas aptikimas padeda i\u0161vengti rimtesni\u0173 problem\u0173.<\/li>\n<li><strong>Tepimas:<\/strong> Laiku sutepkite visas judan\u010dias dalis, kad suma\u017eintum\u0117te nusid\u0117v\u0117jim\u0105 ir trint\u012f. \u0160i prie\u017ei\u016bros u\u017eduotis yra labai svarbi norint pailginti hidraulinio cilindro tarnavimo laik\u0105.<\/li>\n<li><strong>Sandariklio keitimas:<\/strong> Reguliariai tikrinkite sandariklius, ar n\u0117ra nusid\u0117v\u0117jimo po\u017eymi\u0173, ir prireikus juos pakeiskite. Norint i\u0161vengti skys\u010di\u0173 nuot\u0117kio ir u\u017etikrinti optimal\u0173 veikim\u0105, b\u016btina palaikyti efektyvius sandariklius.<\/li>\n<\/ul>\n<h2>\u012erengimo gair\u0117s<\/h2>\n<p>Tinkamas str\u0117l\u0117s cilindro montavimas yra labai svarbus optimaliam veikimui ir ilgaam\u017ei\u0161kumui. Prie\u0161 montuodami \u012fsitikinkite, kad visi komponentai yra \u0161var\u016bs ir be \u0161iuk\u0161li\u0173. Tiksliai sulygiuokite cilindr\u0105 su tvirtinimo laikikliais ir naudokite atitinkamas atramas, kad j\u012f pritvirtintum\u0117te.<\/p>\n<p>B\u016btina laikytis gamintojo nurodym\u0173 d\u0117l sukimo momento nustatym\u0173 ir tvirtinimo proced\u016br\u0173, kad b\u016bt\u0173 i\u0161vengta neteisingo sulygiavimo ar per didelio cilindro \u012ftempimo. Po sumontavimo atlikite i\u0161sam\u0173 patikrinim\u0105, kad \u012fsitikintum\u0117te, jog visi tvirtinimo elementai yra tvirtai pritvirtinti ir kad hidraulin\u0117je sistemoje n\u0117ra nuot\u0117ki\u0173. Tinkamas sulygiavimas ir tvirtinimas yra labai svarb\u016bs efektyviam str\u0117l\u0117s cilindro veikimui.<\/p>\n<h2>Prie\u017ei\u016bros u\u017eduotys<\/h2>\n<ul>\n<li><strong>Reguliar\u016bs patikrinimai:<\/strong> Da\u017enos patikros padeda nustatyti galimas problemas, kol jos nepa\u016bm\u0117jo. \u0160i\u0173 patikr\u0173 metu ie\u0161kokite susid\u0117v\u0117jimo, nuot\u0117ki\u0173 ir pa\u017eeidim\u0173 po\u017eymi\u0173.<\/li>\n<li><strong>Tinkamas tepimas:<\/strong> Reguliariai sutepkite visas judan\u010dias dalis rekomenduojama hidrauline alyva, kad suma\u017eintum\u0117te trint\u012f ir pailgintum\u0117te cilindro tarnavimo laik\u0105. Atsi\u017evelgdami \u012f naudojim\u0105, sudarykite tepimo grafik\u0105.<\/li>\n<li><strong>Sandariklio keitimas:<\/strong> B\u016bkite iniciatyv\u016bs keisdami susid\u0117v\u0117jusius sandariklius. Greitas sandarikli\u0173 problem\u0173 sprendimas padeda i\u0161vengti nuot\u0117ki\u0173 ir palaiko hidraulin\u012f efektyvum\u0105.<\/li>\n<\/ul>\n<h2>Saugos aspektai ir aplinkos veiksniai<\/h2>\n<p>Naudojant hidraulinius cilindrus, saugos priemon\u0117s yra nepaprastai svarbios. Operatoriai tur\u0117t\u0173 b\u016bti apmokyti suprasti \u012frangos funkcijas ir apribojimus. U\u017etikrinus, kad b\u016bt\u0173 \u012frengtos saugos priemon\u0117s, tokios kaip sl\u0117gio ma\u017einimo vo\u017etuvai, galima i\u0161vengti nelaiming\u0173 atsitikim\u0173 ir \u012frangos sugadinimo. Be to, operatoriai tur\u0117t\u0173 \u017einoti apie savo aplink\u0105 ir laikytis saugaus darbo proced\u016br\u0173, kad suma\u017eint\u0173 su hidrauline \u012franga susijusi\u0105 rizik\u0105.<\/p>\n<h2>Trik\u010di\u0173 \u0161alinimas ir da\u017eniausiai pasitaikan\u010dios problemos<\/h2>\n<ul>\n<li><strong>Skys\u010di\u0173 nuot\u0117kiai:<\/strong> Patikrinkite, ar n\u0117ra nuot\u0117ki\u0173 aplink sandariklius ar jungiam\u0105sias detales, nes tai gali rodyti susid\u0117v\u0117jim\u0105 arba netinkam\u0105 montavim\u0105. Gali tekti priver\u017eti jungtis arba pakeisti sandariklius.<\/li>\n<li><strong>Suma\u017eintas na\u0161umas:<\/strong> Jei cilindras skland\u017eiai nei\u0161sitraukia arba nesusitraukia, patikrinkite hidraulinio skys\u010dio lyg\u012f ir ap\u017ei\u016br\u0117kite, ar hidraulin\u0117se linijose n\u0117ra u\u017esikim\u0161im\u0173.<\/li>\n<li><strong>Perkaitimas:<\/strong> Nuolatinis veikimas esant didelei apkrovai gali perkaisti. \u012esitikinkite, kad au\u0161inimo sistema veikia tinkamai ir kad cilindras n\u0117ra perkrautas.<\/li>\n<\/ul>\n<h2>Gedim\u0173 diagnostikos patarimai<\/h2>\n<p>Norint veiksmingai diagnozuoti problemas, reikia nustatyti sisteming\u0105 po\u017ei\u016br\u012f. Prad\u0117kite nuo bet koki\u0173 ne\u012fprast\u0173 gars\u0173 ar veikimo neatitikim\u0173 pasteb\u0117jimo. Atlikdami \u012fprastus patikrinimus, patikrinkite skys\u010di\u0173 lyg\u012f ir, ar n\u0117ra nuot\u0117ki\u0173. \u012egyvendinkite prevencines priemones, laikydamiesi technin\u0117s prie\u017ei\u016bros grafik\u0173 ir nedelsdami keisdami susid\u0117v\u0117jusias dalis, kad suma\u017eintum\u0117te galimas problemas.<\/p>\n<p><img decoding=\"async\" src=\"https:\/\/www.hydraulic-cylinders.net\/wp-content\/uploads\/2025\/04\/songte-bushings-with-all-kinds-of-excavator-models.webp\" alt=\"Ekskavatori\u0173 \u012fvor\u0117s\"><\/p>\n<h2>Apie m\u016bs\u0173 \u012fmon\u0119<\/h2>\n<p>Esame pirmaujanti hidraulini\u0173 cilindr\u0173 gamintoja ir didmeninink\u0117, specializuojam\u0117s teikdami auk\u0161tos kokyb\u0117s alternatyvas \u012fvairioms reikm\u0117ms. Platus gamini\u0173 asortimentas pavert\u0117 mus \u017eymiu \u017eaid\u0117ju tiek vidaus, tiek tarptautin\u0117se rinkose. Laikom\u0117s meistri\u0161kumo princip\u0173, remdamiesi rafinuotomis gamybos strategijomis ir pa\u017eangiu gamybos valdymu.<\/p>\n<p>M\u016bs\u0173 \u012fsipareigojim\u0105 kokybei u\u017etikrina kvalifikuota darbo j\u0117ga, pa\u017eangiausia gamybos \u012franga ir i\u0161sami testavimo sistema. Nuolat tobuliname savo gamybos paj\u0117gumus, kad patenkintume \u012fvairius klient\u0173 poreikius, kartu u\u017etikrindami auk\u0161t\u0105 efektyvum\u0105, tikslum\u0105 ir kokyb\u0119.<\/p>\n<p><img decoding=\"async\" src=\"https:\/\/www.hydraulic-cylinders.net\/wp-content\/uploads\/2025\/04\/songte-company-4.webp\" alt=\"\u012emon\u0117s ap\u017evalga\"><br \/>\n<img decoding=\"async\" src=\"https:\/\/www.hydraulic-cylinders.net\/wp-content\/uploads\/2025\/04\/songte-company-3.webp\" alt=\"Gamybos \u012fmon\u0117\"><\/p>\n<p>Autorius: lyl<\/p>","protected":false},"excerpt":{"rendered":"<p>Boom Cylinder For XCMG Middle Excavator XE265C Product Overview The Boom Cylinder for XCMG Middle Excavator XE265C is a crucial component designed specifically for heavy machinery, particularly excavators. This hydraulic cylinder controls the movement of the boom, allowing it to raise, lower, and tilt, which is essential for various material handling tasks. The design and [&hellip;]<\/p>","protected":false},"featured_media":17877,"comment_status":"open","ping_status":"closed","template":"","meta":{"_et_pb_use_builder":"","_et_pb_old_content":"","_et_gb_content_width":""},"product_brand":[],"product_cat":[1546],"product_tag":[1547,1496],"class_list":{"0":"post-19191","1":"product","2":"type-product","3":"status-publish","4":"has-post-thumbnail","6":"product_cat-boom-cylinders","7":"product_tag-boom-cylinders","8":"product_tag-hydraulic-cylinders","10":"first","11":"instock","12":"shipping-taxable","13":"product-type-simple"},"amp_enabled":true,"_links":{"self":[{"href":"https:\/\/www.hydraulic-cylinders.net\/lt\/wp-json\/wp\/v2\/product\/19191","targetHints":{"allow":["GET"]}}],"collection":[{"href":"https:\/\/www.hydraulic-cylinders.net\/lt\/wp-json\/wp\/v2\/product"}],"about":[{"href":"https:\/\/www.hydraulic-cylinders.net\/lt\/wp-json\/wp\/v2\/types\/product"}],"replies":[{"embeddable":true,"href":"https:\/\/www.hydraulic-cylinders.net\/lt\/wp-json\/wp\/v2\/comments?post=19191"}],"wp:featuredmedia":[{"embeddable":true,"href":"https:\/\/www.hydraulic-cylinders.net\/lt\/wp-json\/wp\/v2\/media\/17877"}],"wp:attachment":[{"href":"https:\/\/www.hydraulic-cylinders.net\/lt\/wp-json\/wp\/v2\/media?parent=19191"}],"wp:term":[{"taxonomy":"product_brand","embeddable":true,"href":"https:\/\/www.hydraulic-cylinders.net\/lt\/wp-json\/wp\/v2\/product_brand?post=19191"},{"taxonomy":"product_cat","embeddable":true,"href":"https:\/\/www.hydraulic-cylinders.net\/lt\/wp-json\/wp\/v2\/product_cat?post=19191"},{"taxonomy":"product_tag","embeddable":true,"href":"https:\/\/www.hydraulic-cylinders.net\/lt\/wp-json\/wp\/v2\/product_tag?post=19191"}],"curies":[{"name":"wp","href":"https:\/\/api.w.org\/{rel}","templated":true}]}}