{"id":19193,"date":"2025-04-07T06:17:26","date_gmt":"2025-04-07T06:17:26","guid":{"rendered":"https:\/\/www.hydraulic-cylinders.net\/product\/boom-cylinder-for-xcmg-middle-excavator-xe215cll\/"},"modified":"2025-04-07T06:17:29","modified_gmt":"2025-04-07T06:17:29","slug":"boom-cylinder-for-xcmg-middle-excavator-xe215cll","status":"publish","type":"product","link":"https:\/\/www.hydraulic-cylinders.net\/lt\/produktas\/boom-cylinder-for-xcmg-middle-excavator-xe215cll\/","title":{"rendered":"XCMG vidutinio dyd\u017eio ekskavatoriaus XE215CLL str\u0117l\u0117s cilindras"},"content":{"rendered":"<h1>XCMG vidutinio dyd\u017eio ekskavatoriaus XE215CLL str\u0117l\u0117s cilindras<\/h1>\n<h2>Produkto ap\u017evalga<\/h2>\n<p>XCMG vidutinio profilio ekskavatoriaus XE215CLL str\u0117l\u0117s cilindras yra specializuotas hidraulinis cilindras, skirtas ekskavatoriaus str\u0117l\u0117s jud\u0117jimui valdyti. \u0160is esminis komponentas leid\u017eia str\u0117lei kelti, nuleisti ir pakreipti, taip palengvinant efektyv\u0173 med\u017eiag\u0173 tvarkym\u0105. Kau\u0161o cilindras, kaip hidraulinis cilindras, yra labai svarbus \u012fvairiose sunkiosiose ma\u0161inose, tokiose kaip ekskavatoriai, ekskavatoriai-krautuvai ir frontaliniai krautuvai, u\u017etikrinant tiksl\u0173 ir galing\u0105 darb\u0105.<\/p>\n<p><img decoding=\"async\" src=\"https:\/\/www.hydraulic-cylinders.net\/wp-content\/uploads\/2025\/04\/songte-company-1.webp\" alt=\"Str\u0117l\u0117s cilindras\"><\/p>\n<h3>Apibr\u0117\u017eimas ir funkcija<\/h3>\n<p>Kau\u0161o cilindras yra hidraulinio cilindro tipas, specialiai naudojamas sunkiosios technikos kau\u0161o jud\u0117jimui valdyti. Jis veikia naudodamas hidraulinio skys\u010dio sl\u0117g\u012f, kad judesiai b\u016bt\u0173 skland\u016bs ir kontroliuojami. Tai leid\u017eia efektyviai kasti, kelti ir transportuoti med\u017eiagas, tod\u0117l tai yra pagrindinis komponentas statybose ir kitose sunkiasvor\u0117se srityse. Kau\u0161o cilindro konstrukcija u\u017etikrina didel\u012f patvarum\u0105 ir funkcionalum\u0105, o tai yra gyvybi\u0161kai svarbu sud\u0117tingoje darbo aplinkoje, kurioje \u0161ios ma\u0161inos veikia.<\/p>\n<h2>Produkto savyb\u0117s<\/h2>\n<ul>\n<li><strong>Didelis stiprumas ir ilgaam\u017ei\u0161kumas:<\/strong> Pagamintas i\u0161 didelio stiprumo plieno arba aliuminio, \u0161is cilindras gali atlaikyti didel\u012f sl\u0117g\u012f ir dideles apkrovas, tod\u0117l tinka at\u0161iaurioms darbo aplinkoms, o d\u0117l atsparumo dilimui ir korozijai pailgina jo tarnavimo laik\u0105.<\/li>\n<li><strong>Efektyvus hidraulinis valdymas:<\/strong> Sklandus cilindro i\u0161pl\u0117timas ir \u012ftraukimas pasiekiamas hidraulinio skys\u010dio sl\u0117giu, u\u017etikrinant greit\u0105 reagavim\u0105 \u012f valdymo komandas ir galingas st\u016bmimo bei traukimo j\u0117gas, idealiai tinkan\u010dias sunkioms ir sud\u0117tingoms u\u017eduotims atlikti.<\/li>\n<li><strong>\u012evair\u016bs galimi tipai:<\/strong> Priklausomai nuo eksploatacini\u0173 poreiki\u0173, naudotojai gali rinktis vieno veikimo (hidraulinis veikimas viena kryptimi) arba dvigubo veikimo (hidraulinis veikimas abiem kryptimis) cilindrus. Kai kurie modeliai yra teleskopiniai, tod\u0117l juos galima labiau i\u0161tiesti nedidinant i\u0161orini\u0173 matmen\u0173, o tai puikiai tinka u\u017edaroms erdv\u0117ms.<\/li>\n<li><strong>Individuali gamyba:<\/strong> \u0160\u012f gamin\u012f galime pagaminti pagal konkre\u010dius reikalavimus, u\u017etikrindami tiksl\u0173 \u012fvairi\u0173 hidraulini\u0173 cilindr\u0173 pakeitim\u0105.<\/li>\n<li><strong>Universalumas programose:<\/strong> Str\u0117l\u0117s cilindras pritaikomas \u012fvairiems tikslams, tod\u0117l j\u012f galima naudoti su \u012fvairi\u0173 tip\u0173 sunki\u0105ja technika.<\/li>\n<\/ul>\n<p><img decoding=\"async\" src=\"https:\/\/www.hydraulic-cylinders.net\/wp-content\/uploads\/2025\/04\/songte-cylinder-head-with-all-kinds-excavator-models.webp\" alt=\"Ekskavatori\u0173 modeliai\"><\/p>\n<h2>Parai\u0161kos<\/h2>\n<h3>Statybin\u0117 \u012franga<\/h3>\n<p>Ekskavatoriuose str\u0117l\u0117s cilindrai yra labai svarb\u016bs kasant, kraunant ir perkeliant grunt\u0105 ar \u0161iuk\u0161les. Jie suteikia reikiam\u0105 j\u0117g\u0105 \u012fsiskverbti \u012f \u017eem\u0119 ir pakelti sunkias med\u017eiagas, tod\u0117l kasimo procesai yra efektyv\u016bs ir veiksmingi. Ekskavatoriuose-krautuvuose \u0161ie cilindrai palengvina tiek kasimo, tiek k\u0117limo operacijas, tod\u0117l statybviet\u0117se jie yra universal\u016bs.<\/p>\n<h3>\u017dem\u0117s \u016bkio technika<\/h3>\n<p>Priekiniuose krautuvuose str\u0117l\u0117s cilindrai yra b\u016btini dirvo\u017eemio, \u0161ieno ir kit\u0173 med\u017eiag\u0173 s\u0117jimui, k\u0117limui ir transportavimui. Jie leid\u017eia operatoriams skland\u017eiai atlikti \u012fvairias u\u017eduotis, pagerinant \u017eem\u0117s \u016bkio darb\u0173 efektyvum\u0105 ir na\u0161um\u0105. J\u0173 tvirta konstrukcija u\u017etikrina patikimum\u0105 net ir sud\u0117tingomis \u017eem\u0117s \u016bkio s\u0105lygomis.<\/p>\n<h3>Ekskavatoriai<\/h3>\n<p>Kau\u0161o cilindras leid\u017eia ekskavatoriams efektyviai \u012fsiskverbti \u012f dirv\u0105, taip pagerindamas j\u0173 kasimo galimybes. Jo konstrukcija u\u017etikrina, kad cilindras gali atlaikyti grie\u017etus kasimo darb\u0173 reikalavimus, i\u0161laikant na\u0161um\u0105 ir saug\u0105 eksploatavimo metu.<\/p>\n<h3>Krautuvai<\/h3>\n<p>Priekiniuose krautuvuose str\u0117l\u0117s cilindrai padeda efektyviai kelti ir i\u0161versti krovinius. Jie atlieka labai svarb\u0173 vaidmen\u012f tvarkant med\u017eiagas, nes leid\u017eia operatoriams greitai ir saugiai perkelti didelius med\u017eiag\u0173 kiekius, taip optimizuojant darbo eig\u0105 darbo vietose.<\/p>\n<h2>Projektavimo aspektai ir atrankos kriterijai<\/h2>\n<h3>Keliamoji galia<\/h3>\n<p>Str\u0117l\u0117s cilindro keliamoji galia yra labai svarbus aspektas projektuojant j\u012f. Jis turi b\u016bti suprojektuotas taip, kad atlaikyt\u0173 tam tikr\u0105 svor\u012f be gedimo ar gedimo rizikos. Tai rei\u0161kia, kad reikia pasirinkti tinkamas med\u017eiagas ir matmenis, kurie atlaikyt\u0173 eksploatacines apkrovas, kartu u\u017etikrinant saugum\u0105 ir funkcionalum\u0105.<\/p>\n<h3>Sandarinimo mechanizmai<\/h3>\n<p>Efektyvus sandarinimas yra gyvybi\u0161kai svarbus hidrauliniams cilindrams, siekiant i\u0161laikyti sl\u0117g\u012f ir i\u0161vengti nuot\u0117ki\u0173. Konstrukcijoje naudojami auk\u0161tos kokyb\u0117s sandarikliai, kurie yra atspar\u016bs nusid\u0117v\u0117jimui, u\u017etikrinant ilgaam\u017ei\u0161kum\u0105 ir veikimo efektyvum\u0105. Sandarikliai turi b\u016bti parenkami atsi\u017evelgiant \u012f konkre\u010di\u0105 paskirt\u012f ir aplink\u0105, kad b\u016bt\u0173 u\u017etikrintas optimalus veikimas.<\/p>\n<h3>Patvarumas<\/h3>\n<p>Patvarumas yra esminis str\u0117l\u0117s cilindro konstrukcijos aspektas, nes jis turi atlaikyti at\u0161iaurias s\u0105lygas ir intensyv\u0173 naudojim\u0105. Konstrukcijoje naudojamos med\u017eiagos parenkamos atsi\u017evelgiant \u012f j\u0173 atsparum\u0105 korozijai ir dilimui, taip prailginant cilindro tarnavimo laik\u0105 ir suma\u017einant prie\u017ei\u016bros poreik\u012f.<\/p>\n<h3>Saugos funkcijos<\/h3>\n<p>Saugumas yra svarbiausias hidraulini\u0173 cilindr\u0173 konstrukcijoje. Tokios savyb\u0117s kaip sl\u0117gio ma\u017einimo vo\u017etuvai ir tvirta konstrukcija padeda i\u0161vengti nelaiming\u0173 atsitikim\u0173 eksploatacijos metu. Be to, konstrukcija tur\u0117t\u0173 numatyti tinkam\u0105 technin\u0119 prie\u017ei\u016br\u0105 ir patikr\u0105, u\u017etikrinant, kad b\u016bt\u0173 nuosekliai laikomasi saugos standart\u0173.<\/p>\n<h3>Prieinamumas prie prie\u017ei\u016bros<\/h3>\n<p>Konstrukcija tur\u0117t\u0173 u\u017etikrinti lengv\u0105 prieig\u0105 techninei prie\u017ei\u016brai ir remontui. Tai apima strategin\u012f komponent\u0173 i\u0161d\u0117stym\u0105 ir \u012fprastini\u0173 technin\u0117s prie\u017ei\u016bros patikrinim\u0173 atlikim\u0105, o tai gali pad\u0117ti prailginti cilindro tarnavimo laik\u0105 ir suma\u017einti prastovas.<\/p>\n<p><img decoding=\"async\" src=\"https:\/\/www.hydraulic-cylinders.net\/wp-content\/uploads\/2025\/04\/songte-oil-pipes-and-spare-parts.webp\" alt=\"Naftos vamzd\u017eiai ir atsargin\u0117s dalys\"><\/p>\n<h2>Sandarinimas ir tepimas<\/h2>\n<p>Efektyvus sandarinimas ir tepimas yra esminiai dalykai optimaliam hidraulini\u0173 cilindr\u0173 veikimui. \u012evair\u016bs sandarinimo komponentai, \u012fskaitant st\u016bmokli\u0173 ir kot\u0173 sandariklius, yra pagaminti i\u0161 patvari\u0173 med\u017eiag\u0173, toki\u0173 kaip poliuretanas ir nitrilo kau\u010diukas, kurios yra atsparios dilimui ir aplinkos veiksniams. Cilindro korpusas ir srieginiai galai yra kruop\u0161\u010diai apdirbti, siekiant padidinti atsparum\u0105 dilimui. Norint i\u0161laikyti funkcionalum\u0105 ir i\u0161vengti komponent\u0173 degradacijos, b\u016btina reguliariai tepti tinkama hidrauline alyva.<\/p>\n<h2>Prevencin\u0117s prie\u017ei\u016bros priemon\u0117s<\/h2>\n<ul>\n<li><strong>Reguliar\u016bs patikrinimai:<\/strong> Atliekant reguliarius patikrinimus, galima nustatyti galimas problemas, kol jos netapo rimtomis. Ie\u0161kokite susid\u0117v\u0117jimo po\u017eymi\u0173, nuot\u0117ki\u0173 ir \u012fsitikinkite, kad visi komponentai veikia tinkamai.<\/li>\n<li><strong>Tepimo patikrinimai:<\/strong> Reguliariai tikrinkite ir palaikykite tinkam\u0105 tepimo lyg\u012f. \u012esitikinkite, kad hidraulin\u0117 alyva yra \u0161vari ir pripildyta iki reikiamo lygio, kad b\u016bt\u0173 u\u017etikrintas sklandus veikimas.<\/li>\n<li><strong>Sandariklio keitimas:<\/strong> Reikia patikrinti, ar n\u0117ra pa\u017eeist\u0173 sandarikli\u0173, ir prireikus juos pakeisti, kad b\u016bt\u0173 i\u0161vengta nuot\u0117ki\u0173 ir palaikomas sl\u0117gis. Reguliariai steb\u0117kite j\u0173 b\u016bkl\u0119, kad i\u0161vengtum\u0117te netik\u0117t\u0173 gedim\u0173.<\/li>\n<\/ul>\n<h2>\u012erengimo gair\u0117s<\/h2>\n<p>Tinkamas str\u0117l\u0117s cilindro montavimas yra labai svarbus optimaliam veikimui. Pirmiausia \u012fsitikinkite, kad visi komponentai yra \u0161var\u016bs ir be \u0161iuk\u0161li\u0173. Naudokite tinkamus tvirtinimo laikiklius, kad pritvirtintum\u0117te cilindr\u0105 vietoje, i\u0161laikydami tinkam\u0105 suderinim\u0105 su \u012franga. Svarbu laikytis gamintojo nurodym\u0173 d\u0117l sukimo momento nustatym\u0173 ir hidraulini\u0173 jung\u010di\u0173, kad i\u0161vengtum\u0117te eksploatacini\u0173 problem\u0173. \u012edieg\u0119, atid\u017eiai patikrinkite, ar n\u0117ra nuot\u0117ki\u0173, ir prie\u0161 naudodami cilindr\u0105 pagrindiniu re\u017eimu, \u012fsitikinkite, kad jis veikia skland\u017eiai.<\/p>\n<h2>\u012eprastos prie\u017ei\u016bros u\u017eduotys<\/h2>\n<ul>\n<li><strong>Reguliar\u016bs patikrinimai:<\/strong> Da\u017enos patikros leid\u017eia anksti nustatyti susid\u0117v\u0117jim\u0105 ar pa\u017eeidimus. Reguliariai tikrinkite, ar n\u0117ra nuot\u0117ki\u0173, ir \u012fsitikinkite, kad visos judan\u010dios dalys veikia tinkamai.<\/li>\n<li><strong>Tinkamas tepimas:<\/strong> \u012esitikinkite, kad cilindras yra tinkamai suteptas, naudojant auk\u0161tos kokyb\u0117s hidraulin\u0119 alyv\u0105. Reguliarus tepimas suma\u017eina trint\u012f ir susid\u0117v\u0117jim\u0105, pailgindamas cilindro tarnavimo laik\u0105.<\/li>\n<li><strong>Sandariklio keitimas:<\/strong> Steb\u0117kite sandarikli\u0173 b\u016bkl\u0119 ir nedelsdami juos pakeiskite, kad i\u0161vengtum\u0117te nuot\u0117ki\u0173 ir palaikytum\u0117te sl\u0117g\u012f. Reguliarus sandarikli\u0173 patikrinimas padeda u\u017etikrinti efektyv\u0173 veikim\u0105 ir i\u0161vengti brangaus remonto.<\/li>\n<\/ul>\n<p>Be to, labai svarbu teisingai sulygiuoti cilindr\u0105 montavimo metu. Tinkam\u0173 atramini\u0173 laikikli\u0173 naudojimas u\u017etikrina stabilum\u0105 ir suma\u017eina cilindro komponent\u0173 apkrov\u0105. Rekomenduojam\u0173 patikrinimo ir technin\u0117s prie\u017ei\u016bros grafik\u0173 laikymasis taip pat pad\u0117s optimizuoti cilindro tarnavimo laik\u0105 ir na\u0161um\u0105.<\/p>\n<p><img decoding=\"async\" src=\"https:\/\/www.hydraulic-cylinders.net\/wp-content\/uploads\/2025\/04\/songte-chushion-collar.webp\" alt=\"Pagalv\u0117l\u0117s apykakl\u0117\"><\/p>\n<h2>Saugos ir aplinkosaugos aspektai<\/h2>\n<p>Eksploatuojant hidraulinius cilindrus, siekiant i\u0161vengti nelaiming\u0173 atsitikim\u0173, saugos priemon\u0117s turi b\u016bti teikiamos pirmenyb\u0117. Operatoriai tur\u0117t\u0173 b\u016bti apmokyti atpa\u017einti su hidraulin\u0117mis sistemomis susijusi\u0105 galim\u0105 rizik\u0105 ir laikytis saugos protokol\u0173. Be to, tinkamas hidraulini\u0173 skys\u010di\u0173 ir atliek\u0173 \u0161alinimas yra b\u016btinas siekiant suma\u017einti poveik\u012f aplinkai. I\u0161siliejimo prevencijos priemoni\u0173 \u012fgyvendinimas ir, kai \u012fmanoma, aplinkai nekenksming\u0173 skys\u010di\u0173 naudojimas gali prisid\u0117ti prie saugesnio ir tvaresnio darbo.<\/p>\n<h2>Trik\u010di\u0173 \u0161alinimas ir da\u017eniausiai pasitaikan\u010dios problemos<\/h2>\n<ul>\n<li><strong>Nuot\u0117kis:<\/strong> Viena i\u0161 da\u017eniausiai pasitaikan\u010di\u0173 problem\u0173 yra nuot\u0117kis, kur\u012f gali sukelti susid\u0117v\u0117j\u0119 sandarikliai arba netinkamas montavimas. Reguliar\u016bs patikrinimai gali pad\u0117ti anksti nustatyti nuot\u0117kius.<\/li>\n<li><strong>Suma\u017eintas na\u0161umas:<\/strong> Jei cilindras veikia l\u0117tai, tai gali rodyti \u017eem\u0105 hidraulinio skys\u010dio lyg\u012f arba u\u017eter\u0161tum\u0105. Reguliarus techninis aptarnavimas gali pad\u0117ti i\u0161vengti \u0161i\u0173 problem\u0173.<\/li>\n<li><strong>Ne\u012fprasti garsai:<\/strong> Triuk\u0161mai eksploatacijos metu gali rodyti vidin\u012f susid\u0117v\u0117jim\u0105 arba nepakankam\u0105 tepim\u0105. Nedelsdami patikrinkite, ar n\u0117ra tolesn\u0117s \u017ealos.<\/li>\n<\/ul>\n<p>Greitas \u0161i\u0173 da\u017en\u0173 problem\u0173 sprendimas pad\u0117s i\u0161laikyti hidraulini\u0173 sistem\u0173 veikim\u0105 ir i\u0161vengti didesni\u0173 pa\u017eeidim\u0173. Operatoriai tur\u0117t\u0173 b\u016bti apmokyti suprasti gedimo po\u017eymius ir atitinkamai reaguoti.<\/p>\n<p><img decoding=\"async\" src=\"https:\/\/www.hydraulic-cylinders.net\/wp-content\/uploads\/2025\/04\/songte-bushings-with-all-kinds-of-excavator-models.webp\" alt=\"\u012evor\u0117s su ekskavatori\u0173 modeliais\"><\/p>\n<h2>\u012emon\u0117s pristatymas<\/h2>\n<p>Esame pirmaujantis pakaitini\u0173 hidraulini\u0173 cilindr\u0173 gamintojas, specializuojantis plataus asortimento gamini\u0173 gamyboje vidaus ir tarptautin\u0117ms rinkoms. M\u016bs\u0173 \u012fsipareigojim\u0105 siekti meistri\u0161kumo lemia detali gamybos strategija, kurioje naudojamos pa\u017eangios technologijos, kvalifikuoti darbuotojai ir tvirta kokyb\u0117s kontrol\u0117s sistema. Nuolat tobuliname savo gamybos paj\u0117gumus, kad patenkintume \u012fvairius klient\u0173 reikalavimus, u\u017etikrindami auk\u0161t\u0105 efektyvum\u0105, tikslum\u0105 ir kokyb\u0119.<\/p>\n<p><img decoding=\"async\" src=\"https:\/\/www.hydraulic-cylinders.net\/wp-content\/uploads\/2025\/04\/songte-company-4.webp\" alt=\"\u012emon\u0117s ap\u017evalga\"><br \/>\n<img decoding=\"async\" src=\"https:\/\/www.hydraulic-cylinders.net\/wp-content\/uploads\/2025\/04\/songte-company-3.webp\" alt=\"Gamybos \u012frenginys\"><\/p>\n<p>M\u016bs\u0173 patirtis apima tarptautinius sertifikatus, individualias paslaugas, moderniausi\u0105 gamybos \u012frang\u0105 ir specializuot\u0105 garantin\u012f aptarnavim\u0105. Siekiame teikti patikimus sprendimus, pritaikytus konkretiems m\u016bs\u0173 klient\u0173 poreikiams, kartu u\u017etikrindami auk\u0161\u010diausius produkt\u0173 na\u0161umo ir klient\u0173 pasitenkinimo standartus.<\/p>\n<p>Autorius: lyl<\/p>","protected":false},"excerpt":{"rendered":"<p>Boom Cylinder For XCMG Middle Excavator XE215CLL Product Overview The Boom Cylinder for XCMG Middle Excavator XE215CLL is a specialized hydraulic cylinder designed for controlling the movement of the excavator&#8217;s boom. This essential component enables the boom to lift, lower, and tilt, facilitating efficient material handling tasks. As a hydraulic cylinder, the bucket cylinder is [&hellip;]<\/p>","protected":false},"featured_media":17879,"comment_status":"open","ping_status":"closed","template":"","meta":{"_et_pb_use_builder":"","_et_pb_old_content":"","_et_gb_content_width":""},"product_brand":[],"product_cat":[1546],"product_tag":[1547,1496],"class_list":{"0":"post-19193","1":"product","2":"type-product","3":"status-publish","4":"has-post-thumbnail","6":"product_cat-boom-cylinders","7":"product_tag-boom-cylinders","8":"product_tag-hydraulic-cylinders","10":"first","11":"instock","12":"shipping-taxable","13":"product-type-simple"},"amp_enabled":true,"_links":{"self":[{"href":"https:\/\/www.hydraulic-cylinders.net\/lt\/wp-json\/wp\/v2\/product\/19193","targetHints":{"allow":["GET"]}}],"collection":[{"href":"https:\/\/www.hydraulic-cylinders.net\/lt\/wp-json\/wp\/v2\/product"}],"about":[{"href":"https:\/\/www.hydraulic-cylinders.net\/lt\/wp-json\/wp\/v2\/types\/product"}],"replies":[{"embeddable":true,"href":"https:\/\/www.hydraulic-cylinders.net\/lt\/wp-json\/wp\/v2\/comments?post=19193"}],"wp:featuredmedia":[{"embeddable":true,"href":"https:\/\/www.hydraulic-cylinders.net\/lt\/wp-json\/wp\/v2\/media\/17879"}],"wp:attachment":[{"href":"https:\/\/www.hydraulic-cylinders.net\/lt\/wp-json\/wp\/v2\/media?parent=19193"}],"wp:term":[{"taxonomy":"product_brand","embeddable":true,"href":"https:\/\/www.hydraulic-cylinders.net\/lt\/wp-json\/wp\/v2\/product_brand?post=19193"},{"taxonomy":"product_cat","embeddable":true,"href":"https:\/\/www.hydraulic-cylinders.net\/lt\/wp-json\/wp\/v2\/product_cat?post=19193"},{"taxonomy":"product_tag","embeddable":true,"href":"https:\/\/www.hydraulic-cylinders.net\/lt\/wp-json\/wp\/v2\/product_tag?post=19193"}],"curies":[{"name":"wp","href":"https:\/\/api.w.org\/{rel}","templated":true}]}}