{"id":19194,"date":"2025-04-07T06:17:29","date_gmt":"2025-04-07T06:17:29","guid":{"rendered":"https:\/\/www.hydraulic-cylinders.net\/product\/boom-cylinder-for-xcmg-middle-excavator-xe235c\/"},"modified":"2025-04-07T06:17:31","modified_gmt":"2025-04-07T06:17:31","slug":"boom-cylinder-for-xcmg-middle-excavator-xe235c","status":"publish","type":"product","link":"https:\/\/www.hydraulic-cylinders.net\/lt\/produktas\/boom-cylinder-for-xcmg-middle-excavator-xe235c\/","title":{"rendered":"XCMG vidutinio ekskavatoriaus XE235C str\u0117l\u0117s cilindras"},"content":{"rendered":"<h1>XCMG vidutinio ekskavatoriaus XE235C str\u0117l\u0117s cilindras<\/h1>\n<h2>\u012evadas \u012f str\u0117l\u0117s cilindr\u0105<\/h2>\n<p>Str\u0117l\u0117s cilindras yra esminis hidraulinis komponentas, specialiai sukurtas kau\u0161o jud\u0117jimui valdyti sunkiosiose ma\u0161inose, tokiose kaip ekskavatoriai, ekskavatoriai ir frontaliniai krautuvai. Jis leid\u017eia kau\u0161ui kelti, nuleisti ir pakreipti, taip palengvindamas efektyv\u0173 med\u017eiag\u0173 tvarkym\u0105. Hidraulin\u0117se sistemose str\u0117l\u0117s cilindrai atlieka gyvybi\u0161kai svarb\u0173 vaidmen\u012f, nes hidraulin\u012f sl\u0117g\u012f paver\u010dia mechanine j\u0117ga, kuri yra b\u016btina atliekant \u012fvairias operacijas statybose ir pramon\u0117je. \u0160ie cilindrai yra sukurti taip, kad atlaikyt\u0173 auk\u0161t\u0105 sl\u0117g\u012f ir dideles apkrovas, tod\u0117l jie yra nepakei\u010diami daugelyje ma\u0161in\u0173 pritaikymo sri\u010di\u0173.<\/p>\n<p><img decoding=\"async\" src=\"https:\/\/www.hydraulic-cylinders.net\/wp-content\/uploads\/2025\/04\/songte-company-1.webp\" alt=\"Str\u0117l\u0117s cilindras\"><\/p>\n<h2>Pagrindin\u0117s str\u0117l\u0117s cilindro savyb\u0117s<\/h2>\n<ul>\n<li><strong>Didelis stiprumas ir ilgaam\u017ei\u0161kumas:<\/strong> Paprastai i\u0161 didelio stiprumo plieno arba aliuminio pagamintas str\u0117l\u0117s cilindras gali atlaikyti didel\u012f sl\u0117g\u012f ir dideles apkrovas. Jo konstrukcija atsi\u017evelg\u0117 \u012f atsparum\u0105 dilimui ir korozijai, u\u017etikrinant ilg\u0105 tarnavimo laik\u0105.<\/li>\n<li><strong>Efektyvus hidraulinis valdymas:<\/strong> Cilindras naudoja hidraulin\u0117s alyvos sl\u0117g\u012f, kad skland\u017eiai i\u0161skleist\u0173 ir atitraukt\u0173, tod\u0117l greitai reaguoja \u012f valdymo komandas ir tuo pa\u010diu u\u017etikrina galing\u0105 traukimo bei st\u016bmimo j\u0117g\u0105, idealiai tinkan\u010di\u0105 sunkiems ir sud\u0117tingiems darbams.<\/li>\n<li><strong>\u012evair\u016bs tipai:<\/strong> Galimi vienpusio veikimo (hidraulinis veikimas viena kryptimi) arba dvipusio veikimo (hidraulinis veikimas abiem kryptimis) cilindr\u0173 variantai, kad b\u016bt\u0173 patenkinti \u012fvair\u016bs eksploataciniai poreikiai. Kai kurie modeliai yra teleskopiniai, tod\u0117l juos galima labiau i\u0161tiesti nedidinant i\u0161orini\u0173 matmen\u0173, tod\u0117l jie tinka naudoti ribotoje erdv\u0117je.<\/li>\n<li><strong>Suderinamumas:<\/strong> M\u016bs\u0173 gaminiai sukurti taip, kad puikiai pakeist\u0173 \u012fvairius hidraulinius cilindrus, u\u017etikrinant skland\u0173 integravim\u0105 su esama technika.<\/li>\n<li><strong>Individual\u016bs sprendimai:<\/strong> Si\u016blome individualiai pritaikytus sprendimus, pagr\u012fstus konkre\u010diais veiklos reikalavimais, u\u017etikrindami, kad kiekvienas pritaikymas b\u016bt\u0173 tinkamas.<\/li>\n<\/ul>\n<p><img decoding=\"async\" src=\"https:\/\/www.hydraulic-cylinders.net\/wp-content\/uploads\/2025\/04\/songte-cylinder-head-with-all-kinds-excavator-models.webp\" alt=\"Str\u0117l\u0117s cilindro suderinamumas\"><\/p>\n<h2>Taikymo scenarijai<\/h2>\n<h3>Statybin\u0117 \u012franga<\/h3>\n<p>Ekskavatoriuose str\u0117l\u0117s cilindras yra labai svarbus kasant, kraunant ir perkeliant \u017eem\u0119 ar \u0161iuk\u0161les. Jis suteikia reikiam\u0105 j\u0117g\u0105, kad kau\u0161as efektyviai \u012fsiskverbt\u0173 \u012f \u017eem\u0119, tod\u0117l yra gyvybi\u0161kai svarbus komponentas atliekant kasimo darbus. Ekskavatoriuose str\u0117l\u0117s cilindras padeda tiek kasti, tiek kelti, padidindamas ma\u0161inos universalum\u0105.<\/p>\n<h3>\u017dem\u0117s \u016bkio technika<\/h3>\n<p>Priekiniuose krautuvuose str\u0117l\u0117s cilindrai naudojami dirvo\u017eemiui, \u0161ienui ir kitoms med\u017eiagoms semti, kelti ir transportuoti. J\u0173 geb\u0117jimas valdyti sunkius krovinius ir atlikti \u012fvairius manevrus daro juos ne\u012fkainojamus \u017eem\u0117s \u016bkio aplinkoje, supaprastinant tokias u\u017eduotis kaip med\u017eiag\u0173 pakrovimas ir i\u0161krovimas.<\/p>\n<h3>Ekskavatoriai<\/h3>\n<p>Str\u0117l\u0117s cilindras leid\u017eia kau\u0161ui efektyviai \u012fsiskverbti \u012f dirv\u0105, palengvindamas kasimo veiksmus, kurie yra b\u016btini \u012fvairiems statybos ir kra\u0161tovaizd\u017eio tvarkymo projektams. Jo efektyvumas tiesiogiai veikia produktyvum\u0105 ir s\u0117km\u0119 atliekant kasimo darbus.<\/p>\n<h3>Krautuvai<\/h3>\n<p>Priekiniuose krautuvuose str\u0117l\u0117s cilindrai padeda efektyviai kelti ir i\u0161versti med\u017eiagas. Jie leid\u017eia krautuvui valdyti sunkius krovinius, tod\u0117l yra b\u016btini tokioms u\u017eduotims kaip u\u017epild\u0173, dirvo\u017eemio ir kit\u0173 sunki\u0173 med\u017eiag\u0173 transportavimas.<\/p>\n<h2>Projektavimo aspektai ir atrankos standartai<\/h2>\n<h3>Keliamoji galia<\/h3>\n<p>Projektuojant str\u0117l\u0117s cilindr\u0105, svarbiausia yra keliamoji galia. Jis turi atlaikyti did\u017eiausi\u0105 numatom\u0105 apkrov\u0105 eksploatacijos metu be gedim\u0173. Tai apima toki\u0173 veiksni\u0173 kaip tvarkom\u0173 med\u017eiag\u0173 svoris ir eksploatavimo aplinka \u012fvertinim\u0105.<\/p>\n<h3>Sandarinimas<\/h3>\n<p>Efektyvus sandarinimas yra labai svarbus siekiant i\u0161vengti hidraulinio skys\u010dio nuot\u0117kio, kuris gali pakenkti na\u0161umui ir saugai. Sandarikli\u0173, toki\u0173 kaip st\u016bmoklio ir koto sandarikliai, vientisumas u\u017etikrina optimal\u0173 veikim\u0105 ir pailgina cilindro tarnavimo laik\u0105.<\/p>\n<h3>Patvarumas<\/h3>\n<p>Patvarumas yra gyvybi\u0161kai svarbus str\u0117l\u0117s cilindrams, kurie veikia at\u0161iauriomis s\u0105lygomis. Naudojamos med\u017eiagos ir dangos turi b\u016bti atsparios dilimui ir korozijai, kad pailgint\u0173 cilindro tarnavimo laik\u0105, ypa\u010d lauko s\u0105lygomis, veikiamiems gamtos stichij\u0173.<\/p>\n<h3>Saugumas<\/h3>\n<p>Sauga yra pagrindinis str\u0117l\u0117s cilindro konstrukcijos aspektas. Turi b\u016bti integruotos tinkamos saugos priemon\u0117s, kad b\u016bt\u0173 apsaugoti tiek operatoriai, tiek mechanizmai. Tai apima sl\u0117gio ma\u017einimo vo\u017etuvus ir avarinio stabdymo mechanizmus, kad b\u016bt\u0173 i\u0161vengta nelaiming\u0173 atsitikim\u0173 eksploatacijos metu.<\/p>\n<h3>Prie\u017ei\u016bra<\/h3>\n<p>Svarbu projektuoti taip, kad cilindrus b\u016bt\u0173 galima pri\u017ei\u016br\u0117ti be ilg\u0173 prastov\u0173. Tai apima funkcijas, kurios leid\u017eia lengvai pasiekti vidinius komponentus remontui ar keitimui.<\/p>\n<p><img decoding=\"async\" src=\"https:\/\/www.hydraulic-cylinders.net\/wp-content\/uploads\/2025\/04\/songte-oil-pipes-and-spare-parts.webp\" alt=\"Hidraulini\u0173 cilindr\u0173 komponentai\"><\/p>\n<h2>Str\u0117l\u0117s cilindr\u0173 sandarinimas ir tepimas<\/h2>\n<p>Tinkamas sandarinimas ir tepimas yra gyvybi\u0161kai svarb\u016bs str\u0117l\u0117s cilindr\u0173 veikimui ir ilgaam\u017ei\u0161kumui. Hidraulinio skys\u010dio nuot\u0117kiui i\u0161vengti naudojami \u012fvair\u016bs sandarikliai, pavyzd\u017eiui, st\u016bmokli\u0173 ir stryp\u0173 sandarikliai. D\u0117l savo ilgaam\u017ei\u0161kumo pirmenyb\u0117 teikiama sandarikliams, pagamintiems i\u0161 atspari\u0173 dilimui med\u017eiag\u0173, toki\u0173 kaip poliuretanas ir nitrilo kau\u010diukas.<\/p>\n<p>Cilindro korpusas ir srieginiai galai yra kruop\u0161\u010diai apdoroti, siekiant padidinti atsparum\u0105 dilimui ir u\u017etikrinti, kad jie atlaikyt\u0173 eksploatavimo s\u0105lygas. Norint u\u017etikrinti skland\u0173 veikim\u0105 ir i\u0161vengti prie\u0161laikinio vidini\u0173 komponent\u0173 susid\u0117v\u0117jimo, b\u016btina reguliariai pildyti hidraulin\u0119 alyv\u0105 tepimui.<\/p>\n<h2>Prevencin\u0117s prie\u017ei\u016bros priemon\u0117s<\/h2>\n<ul>\n<li><strong>Reguliar\u016bs patikrinimai:<\/strong> Reguliariai atlikite patikrinimus, kad nustatytum\u0117te bet kokius susid\u0117v\u0117jimo ar pa\u017eeidimo po\u017eymius. Toks aktyvus po\u017ei\u016bris gali pad\u0117ti spr\u0119sti problemas, kol jos nesuk\u0117l\u0117 dideli\u0173 gedim\u0173.<\/li>\n<li><strong>Tinkamas tepimas:<\/strong> U\u017etikrinkite, kad \u012f cilindr\u0105 b\u016bt\u0173 nuolat pilama hidraulin\u0117s alyvos, kad b\u016bt\u0173 palaikomas tepimas, i\u0161vengta dilimo ir i\u0161laikytas efektyvumas.<\/li>\n<li><strong>Sandariklio keitimas:<\/strong> Reguliariai tikrinkite ir prireikus keiskite sandariklius, kad i\u0161vengtum\u0117te nuot\u0117ki\u0173 ir palaikytum\u0117te hidraulin\u012f sl\u0117g\u012f.<\/li>\n<\/ul>\n<h2>\u012erengimo gair\u0117s<\/h2>\n<p>Str\u0117l\u0117s cilindro montavimas reikalauja kruop\u0161taus d\u0117mesio, kad b\u016bt\u0173 u\u017etikrintas optimalus veikimas. \u0160tai tinkamo montavimo \u017eingsniai:<\/p>\n<ol>\n<li><strong>Paruo\u0161imas:<\/strong> Prie\u0161 montuodami \u012fsitikinkite, kad visi tvirtinimo elementai ir laikikliai yra geros b\u016bkl\u0117s.<\/li>\n<li><strong>Lygiavimas:<\/strong> Tinkamai sulygiuokite cilindr\u0105 su tvirtinimo ta\u0161kais, kad i\u0161vengtum\u0117te sandarikli\u0173 \u012ftempimo ir prie\u0161laikinio susid\u0117v\u0117jimo.<\/li>\n<li><strong>Saugus tvirtinimas:<\/strong> Naudokite tinkamus tvirtinimo laikiklius, kad tvirtai pritvirtintum\u0117te cilindr\u0105 vietoje ir u\u017etikrintum\u0117te stabilum\u0105 eksploatacijos metu.<\/li>\n<li><strong>Hidraulin\u0117s jungtys:<\/strong> Prijunkite hidraulines \u017earnas prie cilindro, u\u017etikrindami, kad visos jungtys b\u016bt\u0173 sandarios ir be nuot\u0117ki\u0173.<\/li>\n<li><strong>Testavimas:<\/strong> \u012edieg\u0119 cilindr\u0105, patikrinkite jo veikim\u0105 \u012fprastomis eksploatavimo s\u0105lygomis ir patikrinkite, ar n\u0117ra nuot\u0117ki\u0173.<\/li>\n<\/ol>\n<h2>\u012eprastos prie\u017ei\u016bros u\u017eduotys<\/h2>\n<ul>\n<li><strong>Reguliar\u016bs patikrinimai:<\/strong> Norint i\u0161laikyti cilindr\u0173 veikim\u0105, b\u016btina da\u017enai tikrinti, ar n\u0117ra susid\u0117v\u0117jimo po\u017eymi\u0173 ar galim\u0173 problem\u0173.<\/li>\n<li><strong>Tinkamas tepimas:<\/strong> Tinkamas tepimas yra labai svarbus norint suma\u017einti vidini\u0173 komponent\u0173 trint\u012f ir susid\u0117v\u0117jim\u0105, taip pailginant cilindro tarnavimo laik\u0105.<\/li>\n<li><strong>Sandariklio keitimas ir kalibravimas:<\/strong> Reguliariai keiskite sandariklius pagal poreik\u012f ir atlikite kalibravimo patikrinimus, kad u\u017etikrintum\u0117te tinkam\u0105 hidraulin\u0117s sistemos veikim\u0105.<\/li>\n<\/ul>\n<h2>Saugos aspektai ir aplinkos veiksniai<\/h2>\n<p>Dirbant su str\u0117l\u0117s cilindrais, labai svarbu \u012fdiegti saugos priemones. Operatoriai tur\u0117t\u0173 \u017einoti apie galimus pavojus, susijusius su hidraulin\u0117mis sistemomis, tokius kaip sl\u0117gio ply\u0161imai ar skys\u010di\u0173 nuot\u0117kiai. Tinkamas mokymas ir saugos protokol\u0173 laikymasis padeda suma\u017einti rizik\u0105. Be to, norint saugiai valdyti ir naudoti ma\u0161inas, b\u016btina atsi\u017evelgti \u012f aplinkos veiksnius, tokius kaip oro s\u0105lygos ir reljefas.<\/p>\n<h2>Gedim\u0173 diagnostika ir da\u017eniausios problemos<\/h2>\n<ul>\n<li><strong>Nesandar\u016bs sandarikliai:<\/strong> Viena da\u017ena problema yra hidraulinio skys\u010dio nuot\u0117kis, da\u017enai atsirandantis d\u0117l susid\u0117v\u0117jusi\u0173 arba pa\u017eeist\u0173 sandarikli\u0173. Reguliarus patikrinimas gali pad\u0117ti tai anksti nustatyti.<\/li>\n<li><strong>Suma\u017eintas na\u0161umas:<\/strong> Suma\u017e\u0117j\u0119s cilindro reaktyvumas gali rodyti vidin\u012f hidraulinio skys\u010dio susid\u0117v\u0117jim\u0105 arba u\u017eter\u0161tum\u0105.<\/li>\n<li><strong>Keisti garsai:<\/strong> Ne\u012fprasti garsai veikimo metu gali rodyti mechanines problemas arba netinkam\u0105 tepim\u0105.<\/li>\n<\/ul>\n<h2>Trik\u010di\u0173 \u0161alinimo patarimai<\/h2>\n<p>Norint efektyviai diagnozuoti ir i\u0161spr\u0119sti str\u0117l\u0117s cilindro problemas:<\/p>\n<ul>\n<li>Reguliariai atlikite patikrinimus, kad laiku pasteb\u0117tum\u0117te galimas problemas.<\/li>\n<li>Palaikykite hidraulin\u0119 sistem\u0105 \u0161vari\u0105, kad i\u0161vengtum\u0117te u\u017eter\u0161imo.<\/li>\n<li>\u012esitikinkite, kad visos jungtys ir detal\u0117s yra sandarios ir patikimos.<\/li>\n<\/ul>\n<p>\u012ediegus prevencines priemones, galima gerokai suma\u017einti rimt\u0173 problem\u0173 tikimyb\u0119, u\u017etikrinti skland\u0173 veikim\u0105 ir pailginti \u012frangos tarnavimo laik\u0105.<\/p>\n<p><img decoding=\"async\" src=\"https:\/\/www.hydraulic-cylinders.net\/wp-content\/uploads\/2025\/04\/songte-bushings-with-all-kinds-of-excavator-models.webp\" alt=\"Str\u0117l\u0117s cilindro komponentai\"><\/p>\n<h2>Apie m\u016bs\u0173 \u012fmon\u0119<\/h2>\n<p>Esame pirmaujantis hidraulini\u0173 cilindr\u0173 gamintojas ir didmenininkas, specializuojantis pakaitini\u0173 dali\u0173 gamyboje. Platus gamini\u0173 asortimentas leid\u017eia mums b\u016bti vienu i\u0161 pirmaujan\u010di\u0173 gamintoj\u0173 tiek vidaus, tiek tarptautin\u0117je rinkose. Siekiame nepriekai\u0161tingos kokyb\u0117s, kuri\u0105 palaiko rafinuota gamybos strategija, kurioje pabr\u0117\u017eiamas pramonin\u0117s gamybos valdymas.<\/p>\n<p>M\u016bs\u0173 moderniose gamybos \u012fmon\u0117se dirba kvalifikuoti technikai, naudojama auk\u0161\u010diausios klas\u0117s skaitmenin\u0117 \u012franga ir profesionalios tikrinimo sistemos, siekiant padidinti m\u016bs\u0173 gamybos paj\u0117gumus. Esame \u012fsipareigoj\u0119 nuolat tobulinti savo gamybos platform\u0105 ir gamybos proces\u0105, kad u\u017etikrintume auk\u0161tos kokyb\u0117s produktus, atitinkan\u010dius \u012fvairius klient\u0173 poreikius.<\/p>\n<p>M\u016bs\u0173 d\u0117mesys profesionalumui, tarptautiniams sertifikatams, pritaikymo paslaugoms, pa\u017eangiai gamybos \u012frangai ir i\u0161skirtiniam aptarnavimui po pardavimo i\u0161skiria mus i\u0161 kit\u0173 pramon\u0117s \u0161ak\u0173.<\/p>\n<p><img decoding=\"async\" src=\"https:\/\/www.hydraulic-cylinders.net\/wp-content\/uploads\/2025\/04\/songte-company-4.webp\" alt=\"\u012emon\u0117s ap\u017evalga\"><br \/>\n<img decoding=\"async\" src=\"https:\/\/www.hydraulic-cylinders.net\/wp-content\/uploads\/2025\/04\/songte-company-3.webp\" alt=\"\u012emon\u0117s infrastrukt\u016bra\"><\/p>\n<p>Autorius: lyl<\/p>","protected":false},"excerpt":{"rendered":"<p>Boom Cylinder For XCMG Middle Excavator XE235C Introduction to Boom Cylinder The Boom Cylinder is an essential hydraulic component specifically designed for controlling the motion of the bucket in heavy machinery like excavators, backhoes, and front loaders. It enables the bucket to lift, lower, and tilt, facilitating efficient material handling tasks. In hydraulic systems, boom [&hellip;]<\/p>","protected":false},"featured_media":17880,"comment_status":"open","ping_status":"closed","template":"","meta":{"_et_pb_use_builder":"","_et_pb_old_content":"","_et_gb_content_width":""},"product_brand":[],"product_cat":[1546],"product_tag":[1547,1496],"class_list":{"0":"post-19194","1":"product","2":"type-product","3":"status-publish","4":"has-post-thumbnail","6":"product_cat-boom-cylinders","7":"product_tag-boom-cylinders","8":"product_tag-hydraulic-cylinders","10":"first","11":"instock","12":"shipping-taxable","13":"product-type-simple"},"amp_enabled":true,"_links":{"self":[{"href":"https:\/\/www.hydraulic-cylinders.net\/lt\/wp-json\/wp\/v2\/product\/19194","targetHints":{"allow":["GET"]}}],"collection":[{"href":"https:\/\/www.hydraulic-cylinders.net\/lt\/wp-json\/wp\/v2\/product"}],"about":[{"href":"https:\/\/www.hydraulic-cylinders.net\/lt\/wp-json\/wp\/v2\/types\/product"}],"replies":[{"embeddable":true,"href":"https:\/\/www.hydraulic-cylinders.net\/lt\/wp-json\/wp\/v2\/comments?post=19194"}],"wp:featuredmedia":[{"embeddable":true,"href":"https:\/\/www.hydraulic-cylinders.net\/lt\/wp-json\/wp\/v2\/media\/17880"}],"wp:attachment":[{"href":"https:\/\/www.hydraulic-cylinders.net\/lt\/wp-json\/wp\/v2\/media?parent=19194"}],"wp:term":[{"taxonomy":"product_brand","embeddable":true,"href":"https:\/\/www.hydraulic-cylinders.net\/lt\/wp-json\/wp\/v2\/product_brand?post=19194"},{"taxonomy":"product_cat","embeddable":true,"href":"https:\/\/www.hydraulic-cylinders.net\/lt\/wp-json\/wp\/v2\/product_cat?post=19194"},{"taxonomy":"product_tag","embeddable":true,"href":"https:\/\/www.hydraulic-cylinders.net\/lt\/wp-json\/wp\/v2\/product_tag?post=19194"}],"curies":[{"name":"wp","href":"https:\/\/api.w.org\/{rel}","templated":true}]}}