{"id":19196,"date":"2025-04-07T06:17:34","date_gmt":"2025-04-07T06:17:34","guid":{"rendered":"https:\/\/www.hydraulic-cylinders.net\/product\/boom-cylinder-for-xcmg-large-excavator-xe335c\/"},"modified":"2025-04-07T06:17:36","modified_gmt":"2025-04-07T06:17:36","slug":"boom-cylinder-for-xcmg-large-excavator-xe335c","status":"publish","type":"product","link":"https:\/\/www.hydraulic-cylinders.net\/lt\/produktas\/boom-cylinder-for-xcmg-large-excavator-xe335c\/","title":{"rendered":"XCMG didelio ekskavatoriaus XE335C str\u0117l\u0117s cilindras"},"content":{"rendered":"<h1>XCMG didelio ekskavatoriaus XE335C str\u0117l\u0117s cilindras<\/h1>\n<h2>\u012evadas \u012f str\u0117l\u0117s cilindrus<\/h2>\n<p>XCMG didelio ekskavatoriaus XE335C str\u0117l\u0117s cilindras yra labai svarbus komponentas, skirtas valdyti ekskavatoriaus str\u0117l\u0117s jud\u0117jim\u0105. Kaip hidraulinio cilindro tipas, jis leid\u017eia sunkiosioms ma\u0161inoms atlikti svarbias u\u017eduotis, tokias kaip kau\u0161o k\u0117limas, nuleidimas ir pakreipimas. \u0160i funkcija yra gyvybi\u0161kai svarbi efektyviam med\u017eiag\u0173 tvarkymui ir kasimo darbams \u012fvairiuose sektoriuose.<\/p>\n<p>Hidraulin\u0117se sistemose str\u0117l\u0117s cilindras veikia paversdamas hidraulin\u012f sl\u0117g\u012f mechanine energija, u\u017etikrindamas skland\u0173 ir efektyv\u0173 ekskavatoriaus str\u0117l\u0117s jud\u0117jim\u0105. Jo konstrukcija pritaikyta sunki\u0173 operacij\u0173 reikalavimams, u\u017etikrinant patikimum\u0105 ir na\u0161um\u0105 sud\u0117tingomis s\u0105lygomis.<\/p>\n<p><img decoding=\"async\" src=\"https:\/\/www.hydraulic-cylinders.net\/wp-content\/uploads\/2025\/04\/songte-company-1.webp\" alt=\"Ekskavatoriaus str\u0117l\u0117s cilindras\" \/><\/p>\n<h2>Str\u0117l\u0117s cilindro savyb\u0117s<\/h2>\n<h3>Didelis stiprumas ir ilgaam\u017ei\u0161kumas<\/h3>\n<ul>\n<li>Pagamintas i\u0161 didelio stiprumo plieno arba aliuminio, str\u0117l\u0117s cilindras yra skirtas atlaikyti auk\u0161t\u0105 sl\u0117g\u012f ir dideles apkrovas.<\/li>\n<li>Jis sukurtas atlaikyti at\u0161iaurias darbo s\u0105lygas, atsi\u017evelgiant \u012f atsparum\u0105 dilimui ir apsaug\u0105 nuo korozijos.<\/li>\n<li>Tvirta konstrukcija prailgina cilindro tarnavimo laik\u0105, tod\u0117l jis puikiai tinka reiklioms reikm\u0117ms.<\/li>\n<\/ul>\n<h3>Efektyvus hidraulinis valdymas<\/h3>\n<ul>\n<li>Cilindras naudoja hidraulinio skys\u010dio sl\u0117g\u012f, kad skland\u017eiai i\u0161skleist\u0173 ir atitraukt\u0173.<\/li>\n<li>Greitas reagavimas \u012f operatoriaus komandas u\u017etikrina galingas st\u016bmimo ir traukimo galimybes.<\/li>\n<li>Idealiai tinka sunkioms med\u017eiagoms tvarkyti ir lengvai atlikti sud\u0117tingas operacijas.<\/li>\n<\/ul>\n<h3>\u012evair\u016bs tipai<\/h3>\n<ul>\n<li>Galimi variantai: vienpusio veikimo (hidraulinis sl\u0117gis naudojamas viena kryptimi) ir dvigubo veikimo cilindrai (hidraulinis sl\u0117gis naudojamas abiem kryptimis).<\/li>\n<li>Kai kurie modeliai pasi\u017eymi teleskopin\u0117mis konstrukcijomis, leid\u017eian\u010diomis labiau prailginti nepadidinant i\u0161orini\u0173 matmen\u0173, tod\u0117l puikiai tinka u\u017edaroms erdv\u0117ms.<\/li>\n<\/ul>\n<h2>M\u016bs\u0173 gamybos paj\u0117gumai<\/h2>\n<p>Specializuojam\u0117s auk\u0161tos kokyb\u0117s str\u0117l\u0117s cilindr\u0173, kurie puikiai pakei\u010dia esamus hidraulinius cilindrus, gamyboje. M\u016bs\u0173 gaminiai pagaminti taip, kad atitikt\u0173 auk\u0161\u010diausius pramon\u0117s standartus, u\u017etikrinant suderinamum\u0105 ir na\u0161um\u0105.<\/p>\n<p><img decoding=\"async\" src=\"https:\/\/www.hydraulic-cylinders.net\/wp-content\/uploads\/2025\/04\/songte-cylinder-head-with-all-kinds-excavator-models.webp\" alt=\"Ekskavatoriaus cilindr\u0173 modeliai\" \/><\/p>\n<h2>Taikymo scenarijai<\/h2>\n<h3>Statybin\u0117 \u012franga<\/h3>\n<p>Ekskavatoriuose str\u0117l\u0117s cilindrai yra b\u016btini kasant, kraunant ir perkeliant \u017eem\u0119 ar \u0161iuk\u0161les. Jie suteikia ekskavatoriui reikiamos galios, kad jis gal\u0117t\u0173 efektyviai \u012fsiskverbti \u012f \u017eem\u0119, tod\u0117l galima efektyviai atlikti kasimo darbus. Ekskavatoriuose-krautuvuose str\u0117l\u0117s cilindras padeda tiek kasti, tiek kelti, tod\u0117l jis yra universalus komponentas statybos ir griovimo darbuose.<\/p>\n<h3>\u017dem\u0117s \u016bkio technika<\/h3>\n<p>Priekiniuose krautuvuose str\u0117l\u0117s cilindrai atlieka tokias svarbias funkcijas kaip dirvo\u017eemio, \u0161ieno ir kit\u0173 med\u017eiag\u0173 s\u0117mimas, k\u0117limas ir transportavimas. J\u0173 patikimumas u\u017etikrina, kad \u017eem\u0117s \u016bkio darbai b\u016bt\u0173 atlikti efektyviai ir laiku, taip padidinant na\u0161um\u0105 \u016bkiuose ir \u017eem\u0117s \u016bkio paskirties vietose.<\/p>\n<h3>Ekskavatoriai<\/h3>\n<p>Ekskavatoriuose str\u0117l\u0117s cilindras leid\u017eia kau\u0161ui \u012fsiskverbti \u012f dirv\u0105 didele j\u0117ga, taip palengvindamas efektyvius kasimo veiksmus. Jo konstrukcija u\u017etikrina, kad ekskavatorius gali optimaliai veikti net ir sud\u0117tingomis dirvo\u017eemio s\u0105lygomis, atliekant \u012fvairias u\u017eduotis \u2013 nuo \u200b\u200btran\u0161\u0117j\u0173 kasimo iki med\u017eiag\u0173 perk\u0117limo.<\/p>\n<h3>Krautuvai<\/h3>\n<p>Priekiniuose krautuvuose str\u0117l\u0117s cilindrai padeda efektyviai kelti ir i\u0161versti krovinius. D\u0117l savo geb\u0117jimo u\u017etikrinti didel\u0119 keliam\u0105j\u0105 gali\u0105 jie yra nepakei\u010diami statybose ir med\u017eiag\u0173 tvarkymo operacijose, u\u017etikrinant skland\u0173 u\u017eduo\u010di\u0173 atlikim\u0105.<\/p>\n<h2>Projektavimo aspektai ir atrankos kriterijai<\/h2>\n<h3>Keliamoji galia<\/h3>\n<p>Str\u0117l\u0117s cilindro keliamoji galia yra labai svarbi siekiant u\u017etikrinti, kad jis atlaikyt\u0173 numatom\u0105 svor\u012f eksploatacijos metu. Cilindras turi b\u016bti suprojektuotas taip, kad atlaikyt\u0173 maksimali\u0105 apkrov\u0105 be gedimo rizikos, o tai yra gyvybi\u0161kai svarbu saugumui ir efektyvumui. Tai apima kruop\u0161t\u0173 naudojam\u0173 med\u017eiag\u0173 ir konstrukcijos vientisumo apskai\u010diavim\u0105, kad b\u016bt\u0173 patenkinti eksploatavimo reikalavimai.<\/p>\n<h3>Sandarinimo sistema<\/h3>\n<p>Patikima sandarinimo sistema yra b\u016btina norint palaikyti hidraulin\u012f sl\u0117g\u012f ir i\u0161vengti nuot\u0117ki\u0173. Sandarikliai, \u012fskaitant st\u016bmoklio ir koto sandariklius, tur\u0117t\u0173 b\u016bti pagaminti i\u0161 patvari\u0173 med\u017eiag\u0173, toki\u0173 kaip poliuretanas arba nitrilo kau\u010diukas, kad b\u016bt\u0173 atspar\u016bs nusid\u0117v\u0117jimui. Tinkamas sandarinimas ne tik pagerina na\u0161um\u0105, bet ir pailgina cilindro tarnavimo laik\u0105.<\/p>\n<h3>Patvarumas<\/h3>\n<p>Patvarumas yra esminis str\u0117l\u0117s cilindr\u0173 projektavimo aspektas. Komponentai turi b\u016bti atspar\u016bs dilimui, korozijai ir fiziniam pa\u017eeidimui, kur\u012f sukelia at\u0161iauri aplinka. \u0160is patvarumas pasiekiamas naudojant kokybi\u0161kas med\u017eiagas ir tiksli\u0105 in\u017einerij\u0105, u\u017etikrinant, kad cilindras laikui b\u0117gant veikt\u0173 nuosekliai.<\/p>\n<h3>Saugos funkcijos<\/h3>\n<p>Saugumas hidraulin\u0117se sistemose yra svarbiausias dalykas. Str\u0117l\u0117s cilindrai tur\u0117t\u0173 tur\u0117ti funkcijas, kurios apsaugot\u0173 nuo per didelio i\u0161sitempimo ir staigi\u0173 gedim\u0173. Tai apima sl\u0117gio ma\u017einimo vo\u017etuvus ir saugos stabdiklius, kad b\u016bt\u0173 apsaugotas tiek operatorius, tiek ma\u0161ina darbo metu.<\/p>\n<h3>Prieinamumas prie prie\u017ei\u016bros<\/h3>\n<p>Projektuojant cilindrus atsi\u017evelgiant \u012f j\u0173 technin\u0119 prie\u017ei\u016br\u0105, labai svarbu u\u017etikrinti j\u0173 ilgaam\u017ei\u0161kum\u0105. Lengva prieiga prie sandarikli\u0173 ir kit\u0173 komponent\u0173 palengvina reguliarius patikrinimus ir remont\u0105, suma\u017eina prastovas ir padeda i\u0161vengti brangi\u0173 gedim\u0173. Gerai apgalvotas dizainas gali \u017eymiai padidinti veiklos efektyvum\u0105.<\/p>\n<p><img decoding=\"async\" src=\"https:\/\/www.hydraulic-cylinders.net\/wp-content\/uploads\/2025\/04\/songte-oil-pipes-and-spare-parts.webp\" alt=\"Hidraulin\u0117s atsargin\u0117s dalys\" \/><\/p>\n<h2>Hidraulinio cilindro sandarinimas ir tepimas<\/h2>\n<p>Efektyvus str\u0117l\u0117s cilindro veikimas labai priklauso nuo jo sandarinimo ir tepimo sistem\u0173. Hidrauliniam sl\u0117giui palaikyti ir nuot\u0117kiams i\u0161vengti naudojami \u012fvair\u016bs sandarikliai, \u012fskaitant st\u016bmoklio ir strypo sandariklius. Labai svarbu pasirinkti sandariklius, pagamintus i\u0161 atspari\u0173 dilimui med\u017eiag\u0173, toki\u0173 kaip poliuretanas ir nitrilo kau\u010diukas.<\/p>\n<p>Cilindro korpusas ir srieginiai galiniai pavir\u0161iai yra kruop\u0161\u010diai apdorojami, siekiant padidinti atsparum\u0105 dilimui ir u\u017etikrinti, kad jie atlaikyt\u0173 eksploatacines apkrovas. Reguliarus tepimas hidrauline alyva yra b\u016btinas norint suma\u017einti trint\u012f ir dilim\u0105, pailginti cilindro tarnavimo laik\u0105 ir i\u0161laikyti jo efektyvum\u0105. \u0160i \u012fprastin\u0117 prie\u017ei\u016bra yra gyvybi\u0161kai svarbi optimaliam veikimui ir patikimumui sud\u0117tingose \u200b\u200b\u200b\u200bs\u0105lygose.<\/p>\n<h2>Reguliarios patikros ir prevencin\u0117s prie\u017ei\u016bros priemon\u0117s<\/h2>\n<ul>\n<li><strong>Reguliar\u016bs patikrinimai:<\/strong> Reguliariai atliekant nuot\u0117ki\u0173, nusid\u0117v\u0117jimo ir na\u0161umo patikrinimus, galima nustatyti problemas, kol jos nepa\u016bm\u0117jo. Prevencinis po\u017ei\u016bris gali pad\u0117ti i\u0161vengti brangaus remonto ir prastov\u0173.<\/li>\n<li><strong>Tinkamas tepimas:<\/strong> Palaikant tinkam\u0105 hidraulin\u0117s alyvos lyg\u012f ir u\u017etikrinant \u0161vari\u0105 alyv\u0105, suma\u017e\u0117s susid\u0117v\u0117jimas ir bus u\u017etikrintas sklandus veikimas. Reguliariai tikrinkite alyvos b\u016bkl\u0119 ir prireikus j\u0105 keiskite.<\/li>\n<li><strong>Sandariklio keitimas:<\/strong> Siekiant i\u0161laikyti hidraulin\u012f vientisum\u0105 ir i\u0161vengti nuot\u0117kio, sandariklius reikia reguliariai tikrinti d\u0117l susid\u0117v\u0117jimo ir prireikus juos keisti. Tai labai svarbu norint i\u0161laikyti \u012frangos veikim\u0105.<\/li>\n<\/ul>\n<h2>Teisingo \u012frengimo gair\u0117s<\/h2>\n<p>Tinkamas str\u0117l\u0117s cilindro montavimas yra labai svarbus norint u\u017etikrinti optimal\u0173 na\u0161um\u0105. Prad\u0117kite nuo cilindro sulygiavimo su ekskavatoriaus tvirtinimo ta\u0161kais. Naudokite tinkamus tvirtinimo laikiklius, kad pritvirtintum\u0117te cilindr\u0105 vietoje ir i\u0161vengtum\u0117te bet kokio i\u0161lyginimo, kuris gal\u0117t\u0173 sukelti eksploatacini\u0173 problem\u0173.<\/p>\n<p>Svarbu laikytis gamintojo nurodym\u0173 d\u0117l sukimo momento nustatym\u0173 ir priver\u017eimo sekos, kad nepa\u017eeistum\u0117te cilindro ar tvirtinimo ta\u0161k\u0173. Sumontav\u0119 patikrinkite lygiavim\u0105 ir \u012fsitikinkite, kad visos hidraulin\u0117s jungtys yra tvirtos. Galiausiai atlikite bandom\u0105j\u012f paleidim\u0105, kad \u012fsitikintum\u0117te, jog cilindras veikia skland\u017eiai, be nuot\u0117ki\u0173 ar ne\u012fprast\u0173 gars\u0173.<\/p>\n<h2>\u012eprastos prie\u017ei\u016bros u\u017eduotys<\/h2>\n<h3>Reguliar\u016bs patikrinimai<\/h3>\n<p>Reguliar\u016bs str\u0117l\u0117s cilindro patikrinimai yra b\u016btini norint anksti nustatyti galimas problemas. Patikrinkite, ar n\u0117ra susid\u0117v\u0117jimo, nuot\u0117ki\u0173 ar ne\u012fprasto veikimo po\u017eymi\u0173. Reguliarus patikrinimas gali pad\u0117ti i\u0161 anksto spr\u0119sti problemas, kol jos nesuk\u0117l\u0117 dideli\u0173 prastov\u0173.<\/p>\n<h3>Tinkamas tepimas<\/h3>\n<p>Tinkamas tepimas yra labai svarbus cilindro veikimui. \u012esitikinkite, kad hidraulin\u0117s alyvos lygis yra papildytas ir joje n\u0117ra ter\u0161al\u0173. Reguliariai sutepkite visas judan\u010dias dalis pagal gamintojo nurodymus, kad u\u017etikrintum\u0117te optimal\u0173 veikim\u0105 ir suma\u017eintum\u0117te nusid\u0117v\u0117jim\u0105.<\/p>\n<h3>Tarpikli\u0173 keitimas ir kalibravimo patikrinimai<\/h3>\n<p>Reguliariai keisti susid\u0117v\u0117jusius sandariklius yra labai svarbu norint palaikyti hidraulin\u012f sl\u0117g\u012f. Atlikite hidraulin\u0117s sistemos kalibravimo patikrinimus, kad u\u017etikrintum\u0117te tiksl\u0173 veikim\u0105. Tinkamas reguliavimas gali pagerinti na\u0161um\u0105 ir pailginti cilindro tarnavimo laik\u0105.<\/p>\n<p><img decoding=\"async\" src=\"https:\/\/www.hydraulic-cylinders.net\/wp-content\/uploads\/2025\/04\/songte-chushion-collar.webp\" alt=\"Cilindro pagalv\u0117l\u0117s apykakl\u0117\" \/><\/p>\n<h2>Saugos aspektai ir aplinkos veiksniai<\/h2>\n<p>B\u016btinos saugos priemon\u0117s, susijusios su str\u0117l\u0117s cilindr\u0173 valdymu. Tinkamas operatori\u0173 mokymas apie saugos protokolus gali \u017eymiai suma\u017einti nelaiming\u0173 atsitikim\u0173 rizik\u0105. Saugos standart\u0173 \u012fgyvendinimas montavimo ir prie\u017ei\u016bros metu u\u017etikrina, kad rizika b\u016bt\u0173 kuo ma\u017eesn\u0117. Taip pat reik\u0117t\u0173 atsi\u017evelgti \u012f aplinkos veiksnius, pavyzd\u017eiui, u\u017etikrinti, kad hidrauliniai skys\u010diai b\u016bt\u0173 tvarkomi atsakingai, siekiant i\u0161vengti u\u017eter\u0161imo.<\/p>\n<h2>Gedim\u0173 diagnostika ir da\u017eniausios problemos<\/h2>\n<ul>\n<li><strong>Nuot\u0117kis:<\/strong> Jei i\u0161 cilindro teka hidraulinis skystis, tai gali rodyti susid\u0117v\u0117jusius arba pa\u017eeistus tarpiklius. Patikrinkite, ar aplink cilindr\u0105 n\u0117ra skys\u010dio po\u017eymi\u0173, ir prireikus pakeiskite tarpiklius.<\/li>\n<li><strong>Suma\u017eintas na\u0161umas:<\/strong> Pastebimas cilindro reaktyvumo suma\u017e\u0117jimas gali rodyti \u017eem\u0105 hidraulinio skys\u010dio lyg\u012f arba vidinius pa\u017eeidimus. Patikrinkite hidraulin\u0119 sistem\u0105, ar n\u0117ra problem\u0173.<\/li>\n<li><strong>Ne\u012fprasti garsai:<\/strong> Jei cilindras veikimo metu skleid\u017eia keistus garsus, tai gali rodyti vidin\u012f susid\u0117v\u0117jim\u0105 arba nepakankam\u0105 tepim\u0105. Atlikite i\u0161sam\u0173 patikrinim\u0105, kad nustatytum\u0117te triuk\u0161mo \u0161altin\u012f.<\/li>\n<\/ul>\n<h2>Trik\u010di\u0173 \u0161alinimo patarimai<\/h2>\n<p>Nor\u0117dami efektyviai diagnozuoti ir i\u0161spr\u0119sti str\u0117l\u0117s cilindro problemas, prad\u0117kite nuo vizualin\u0117s ap\u017ei\u016bros, ar n\u0117ra nuot\u0117ki\u0173 ar pa\u017eeidim\u0173. Reguliarus techninis aptarnavimas gali pad\u0117ti i\u0161vengti daugelio da\u017eniausiai pasitaikan\u010di\u0173 problem\u0173. \u012esitikinkite, kad hidraulinio skys\u010dio lygis yra pakankamas, ir prireikus keiskite filtrus. \u012egyvendinus prevencines priemones, pvz., laiku kei\u010diant tarpiklius ir reguliariai tepant, gedim\u0173 tikimyb\u0119, galima gerokai suma\u017einti.<\/p>\n<p><img decoding=\"async\" src=\"https:\/\/www.hydraulic-cylinders.net\/wp-content\/uploads\/2025\/04\/songte-bushings-with-all-kinds-of-excavator-models.webp\" alt=\"Ekskavatoriaus \u012fvor\u0117s\" \/><\/p>\n<h2>\u012emon\u0117s ap\u017evalga<\/h2>\n<p>Esame pirmaujantis pakaitini\u0173 hidraulini\u0173 cilindr\u0173 gamintojas, si\u016blantis plat\u0173 gamini\u0173 asortiment\u0105, atitinkant\u012f tiek vietin\u0117s, tiek tarptautin\u0117s rinkos poreikius. M\u016bs\u0173 \u012fsipareigojimas siekti meistri\u0161kumo matyti i\u0161 kruop\u0161\u010di\u0173 gamybos strategij\u0173 ir kokyb\u0117s valdymo sistem\u0173.<\/p>\n<p>Siekdami u\u017etikrinti auk\u0161t\u0105 efektyvum\u0105, tikslum\u0105 ir kokyb\u0119, pasikliaujame kvalifikuotais specialistais, pa\u017eangia gamybos \u012franga ir patikimomis bandym\u0173 sistemomis, kad padidintume savo gamybos paj\u0117gumus. M\u016bs\u0173 novatori\u0161kas po\u017ei\u016bris leid\u017eia mums patenkinti \u012fvairius klient\u0173 poreikius ir kartu u\u017etikrinti, kad m\u016bs\u0173 produktai atitikt\u0173 auk\u0161\u010diausius kokyb\u0117s standartus.<\/p>\n<p>M\u016bs\u0173 paslaugos neapsiriboja gamyba; teikiame profesionalias pritaikymo paslaugas, tarptautin\u012f sertifikavim\u0105 ir i\u0161skirtin\u012f aptarnavim\u0105 po pardavimo, u\u017etikrindami, kad m\u016bs\u0173 klientai gaut\u0173 geriausi\u0105 \u012fmanom\u0105 patirt\u012f. M\u016bs\u0173 prisitaikymas prie gamybos ir atsidavimas klient\u0173 pasitenkinimui daro mus patikimu partneriu hidraulini\u0173 cilindr\u0173 pramon\u0117je.<\/p>\n<p><img decoding=\"async\" src=\"https:\/\/www.hydraulic-cylinders.net\/wp-content\/uploads\/2025\/04\/songte-company-4.webp\" alt=\"\u012emon\u0117s ap\u017evalga\" \/><br \/>\n<img decoding=\"async\" src=\"https:\/\/www.hydraulic-cylinders.net\/wp-content\/uploads\/2025\/04\/songte-company-3.webp\" alt=\"\u012emon\u0117s patalpos\" \/><\/p>\n<p>Autorius: lyl<\/p>","protected":false},"excerpt":{"rendered":"<p>Boom Cylinder For XCMG Large Excavator XE335C Introduction to Boom Cylinders The Boom Cylinder for XCMG Large Excavator XE335C is a critical component designed to control the movement of the excavator&#8217;s boom. As a type of hydraulic cylinder, it enables heavy machinery to perform essential tasks such as lifting, lowering, and tilting the bucket. This [&hellip;]<\/p>","protected":false},"featured_media":17867,"comment_status":"open","ping_status":"closed","template":"","meta":{"_et_pb_use_builder":"","_et_pb_old_content":"","_et_gb_content_width":""},"product_brand":[],"product_cat":[1546],"product_tag":[1547,1496],"class_list":{"0":"post-19196","1":"product","2":"type-product","3":"status-publish","4":"has-post-thumbnail","6":"product_cat-boom-cylinders","7":"product_tag-boom-cylinders","8":"product_tag-hydraulic-cylinders","10":"first","11":"instock","12":"shipping-taxable","13":"product-type-simple"},"amp_enabled":true,"_links":{"self":[{"href":"https:\/\/www.hydraulic-cylinders.net\/lt\/wp-json\/wp\/v2\/product\/19196","targetHints":{"allow":["GET"]}}],"collection":[{"href":"https:\/\/www.hydraulic-cylinders.net\/lt\/wp-json\/wp\/v2\/product"}],"about":[{"href":"https:\/\/www.hydraulic-cylinders.net\/lt\/wp-json\/wp\/v2\/types\/product"}],"replies":[{"embeddable":true,"href":"https:\/\/www.hydraulic-cylinders.net\/lt\/wp-json\/wp\/v2\/comments?post=19196"}],"wp:featuredmedia":[{"embeddable":true,"href":"https:\/\/www.hydraulic-cylinders.net\/lt\/wp-json\/wp\/v2\/media\/17867"}],"wp:attachment":[{"href":"https:\/\/www.hydraulic-cylinders.net\/lt\/wp-json\/wp\/v2\/media?parent=19196"}],"wp:term":[{"taxonomy":"product_brand","embeddable":true,"href":"https:\/\/www.hydraulic-cylinders.net\/lt\/wp-json\/wp\/v2\/product_brand?post=19196"},{"taxonomy":"product_cat","embeddable":true,"href":"https:\/\/www.hydraulic-cylinders.net\/lt\/wp-json\/wp\/v2\/product_cat?post=19196"},{"taxonomy":"product_tag","embeddable":true,"href":"https:\/\/www.hydraulic-cylinders.net\/lt\/wp-json\/wp\/v2\/product_tag?post=19196"}],"curies":[{"name":"wp","href":"https:\/\/api.w.org\/{rel}","templated":true}]}}