{"id":19198,"date":"2025-04-07T06:17:38","date_gmt":"2025-04-07T06:17:38","guid":{"rendered":"https:\/\/www.hydraulic-cylinders.net\/product\/boom-cylinder-for-xcmg-large-excavator-xe500ca\/"},"modified":"2025-04-07T06:17:41","modified_gmt":"2025-04-07T06:17:41","slug":"boom-cylinder-for-xcmg-large-excavator-xe500ca","status":"publish","type":"product","link":"https:\/\/www.hydraulic-cylinders.net\/lt\/produktas\/boom-cylinder-for-xcmg-large-excavator-xe500ca\/","title":{"rendered":"XCMG didelio ekskavatoriaus XE500CA str\u0117l\u0117s cilindras"},"content":{"rendered":"<h1>XCMG didelio ekskavatoriaus XE500CA str\u0117l\u0117s cilindras<\/h1>\n<h2>Produkto ap\u017evalga<\/h2>\n<p>XCMG didelio ekskavatoriaus XE500CA str\u0117l\u0117s cilindras yra specializuotas hidraulinis cilindras, skirtas valdyti str\u0117l\u0117s jud\u0117jim\u0105 sunkiojoje technikoje, ypa\u010d ekskavatoriuose. \u0160ie cilindrai palengvina str\u0117l\u0117s k\u0117lim\u0105, nuleidim\u0105 ir pakreipim\u0105, tod\u0117l jie yra b\u016btini atliekant \u012fvairias med\u017eiag\u0173 tvarkymo u\u017eduotis. Hidrauliniai cilindrai, \u012fskaitant str\u0117l\u0117s cilindrus, veikia naudodami susl\u0117gt\u0105 hidraulin\u012f skyst\u012f, kuris paver\u010dia energij\u0105 mechanine j\u0117ga, o tai leid\u017eia tiksliai valdyti ir valdyti sud\u0117tingomis s\u0105lygomis.<\/p>\n<p><img decoding=\"async\" src=\"https:\/\/www.hydraulic-cylinders.net\/wp-content\/uploads\/2025\/04\/songte-company-1.webp\" alt=\"Str\u0117l\u0117s cilindro vaizdas\"><\/p>\n<h3>Funkcionalumas ir taikymas<\/h3>\n<p>Str\u0117l\u0117s cilindrai atlieka labai svarb\u0173 vaidmen\u012f ekskavatori\u0173, ekskavatori\u0173 ir frontalini\u0173 krautuv\u0173 hidraulin\u0117se sistemose. \u0160ie cilindrai leid\u017eia str\u0117lei jud\u0117ti efektyviai ir taip pagerina bendr\u0105 statybin\u0117s \u012frangos eksploatacin\u012f paj\u0117gum\u0105. Geb\u0117jimas i\u0161skleisti, sutraukti ir pakreipti str\u0117l\u0119 yra gyvybi\u0161kai svarbus atliekant tokias u\u017eduotis kaip kasimas, k\u0117limas ir med\u017eiag\u0173 perk\u0117limas, taip padidinant na\u0161um\u0105 darbo vietose.<\/p>\n<h2>Pagrindin\u0117s savyb\u0117s<\/h2>\n<ul>\n<li><strong>Didelis stiprumas ir ilgaam\u017ei\u0161kumas:<\/strong> \u0160ie cilindrai, pagaminti i\u0161 didelio stiprumo plieno arba aliuminio, gali atlaikyti auk\u0161t\u0105 sl\u0117g\u012f ir dideles apkrovas, tod\u0117l tinka naudoti at\u0161iauriomis darbo s\u0105lygomis. J\u0173 konstrukcijoje integruotas atsparumas dilimui ir apsauga nuo korozijos, u\u017etikrinant ilg\u0105 tarnavimo laik\u0105.<\/li>\n<li><strong>Efektyvus hidraulinis valdymas:<\/strong> Naudodamas hidraulin\u0117s alyvos sl\u0117g\u012f, str\u0117l\u0117s cilindras u\u017etikrina skland\u0173 i\u0161pl\u0117tim\u0105 ir \u012ftraukim\u0105, greitai reaguodamas \u012f veikimo komandas ir u\u017etikrindamas didel\u0119 st\u016bmimo bei traukimo j\u0117g\u0105, idealiai tinkan\u010di\u0105 sunkioms ir sud\u0117tingoms u\u017eduotims atlikti.<\/li>\n<li><strong>\u012evair\u016bs tipai:<\/strong> Str\u0117l\u0117s cilindrai gali b\u016bti \u012fvairi\u0173 konfig\u016bracij\u0173, \u012fskaitant vienpusio veikimo (veikian\u010dius viena kryptimi) ir dvipusio veikimo (veikian\u010dius abiem kryptimis). Kai kurie modeliai yra teleskopiniai, tod\u0117l juos galima labiau i\u0161tiesti nedidinant i\u0161orini\u0173 matmen\u0173, o tai puikiai tinka tais atvejais, kai erdv\u0117 ribota.<\/li>\n<li><strong>Individuali gamyba:<\/strong> M\u016bs\u0173 \u012fmon\u0117 specializuojasi str\u0117l\u0117s cilindr\u0173, kurie puikiai pakei\u010dia esamus hidraulinius cilindrus j\u016bs\u0173 \u012frangoje, gamyboje, u\u017etikrindami skland\u0173 integravim\u0105 ir funkcionalum\u0105.<\/li>\n<li><strong>I\u0161samus suderinamumas:<\/strong> M\u016bs\u0173 cilindrai, sukurti darbui su \u012fvairiais ekskavatori\u0173 modeliais, yra universal\u016bs ir patikimi.<\/li>\n<\/ul>\n<p><img decoding=\"async\" src=\"https:\/\/www.hydraulic-cylinders.net\/wp-content\/uploads\/2025\/04\/songte-cylinder-head-with-all-kinds-excavator-models.webp\" alt=\"Ekskavatoriaus modelio suderinamumas\"><\/p>\n<h2>Parai\u0161kos<\/h2>\n<ul>\n<li><strong>Statybin\u0117 \u012franga:<\/strong> Str\u0117l\u0117s cilindrai yra esminiai ekskavatori\u0173 komponentai, atliekantys svarb\u0173 vaidmen\u012f kasant, kraunant ir perkeliant grunt\u0105 ar \u0161iuk\u0161les. Ekskavatoriuose \u0161ie cilindrai padeda tiek kasant, tiek keliant, taip padidindami ma\u0161inos universalum\u0105 ir efektyvum\u0105.<\/li>\n<li><strong>\u017dem\u0117s \u016bkio technika:<\/strong> Priekiniuose krautuvuose naudojami str\u0117l\u0117s cilindrai palengvina dirvo\u017eemio, \u0161ieno ir kit\u0173 med\u017eiag\u0173 k\u0117lim\u0105, k\u0117lim\u0105 ir transportavim\u0105. D\u0117l tvirtos konstrukcijos ir patikimo veikimo jie yra nepakei\u010diami \u017eem\u0117s \u016bkio darbuose.<\/li>\n<li><strong>Ekskavatoriai:<\/strong> Str\u0117l\u0117s cilindras leid\u017eia kau\u0161ui efektyviai \u012fsiskverbti \u012f dirv\u0105, atliekant kasimo veiksmus, reikalingus \u012fvairioms \u017eem\u0117s kasimo u\u017eduotims. Tikslus j\u0173 valdymas yra gyvybi\u0161kai svarbus atliekant detalius darbus.<\/li>\n<li><strong>Krautuvai:<\/strong> Priekiniuose krautuvuose str\u0117l\u0117s cilindrai padeda efektyviai kelti ir i\u0161versti krovinius, o tai labai prisideda prie med\u017eiag\u0173 tvarkymo operacij\u0173 na\u0161umo.<\/li>\n<\/ul>\n<h2>Dizaino aspektai<\/h2>\n<ul>\n<li><strong>Keliamoji galia:<\/strong> Str\u0117l\u0117s cilindr\u0173 konstrukcija turi atitikti numatom\u0105 aptarnaujamos technikos apkrov\u0105. Tokie veiksniai kaip hidraulinio sl\u0117gio vardin\u0117s vert\u0117s ir cilindro matmenys atlieka lemiam\u0105 vaidmen\u012f u\u017etikrinant, kad cilindras i\u0161laikyt\u0173 konstrukcijos vientisum\u0105 esant didel\u0117ms apkrovoms.<\/li>\n<li><strong>Sandarinimo mechanizmai:<\/strong> Efektyvus sandarinimas yra labai svarbus siekiant i\u0161vengti hidraulinio skys\u010dio nuot\u0117kio. Str\u0117l\u0117s cilindruose naudojamos \u012fvairios sandarinimo technologijos, \u012fskaitant st\u016bmokli\u0173 ir kot\u0173 sandariklius, pagamintus i\u0161 patvari\u0173 med\u017eiag\u0173, toki\u0173 kaip poliuretanas ir nitrilo kau\u010diukas, siekiant u\u017etikrinti optimal\u0173 na\u0161um\u0105 ir ilgaam\u017ei\u0161kum\u0105.<\/li>\n<li><strong>Patvarumas:<\/strong> Pasirinktos konstrukcijos med\u017eiagos turi atlaikyti nusid\u0117v\u0117jim\u0105 d\u0117l nuolatinio naudojimo sud\u0117tingomis s\u0105lygomis. Cilindro pavir\u0161iaus apdorojimas taip pat atlieka svarb\u0173 vaidmen\u012f atsparumui \u012fbr\u0117\u017eimams ir korozijai, pailgindamas gaminio tarnavimo laik\u0105.<\/li>\n<li><strong>Saugos funkcijos:<\/strong> Projektavimo procese labai svarbu \u012ftraukti saugos funkcijas, siekiant i\u0161vengti nelaiming\u0173 atsitikim\u0173 eksploatacijos metu. Tai gali b\u016bti sl\u0117gio ma\u017einimo vo\u017etuvai ir saugos u\u017eraktai, skirti suma\u017einti hidraulinio gedimo rizik\u0105.<\/li>\n<li><strong>Prieinamumas prie prie\u017ei\u016bros:<\/strong> Gerai suprojektuotas str\u0117l\u0117s cilindras tur\u0117t\u0173 u\u017etikrinti lengv\u0105 prieig\u0105 prie komponent\u0173, kad \u012fprastiniai patikrinimai ir remontas b\u016bt\u0173 atliekami be didelio i\u0161montavimo.<\/li>\n<\/ul>\n<p><img decoding=\"async\" src=\"https:\/\/www.hydraulic-cylinders.net\/wp-content\/uploads\/2025\/04\/songte-oil-pipes-and-spare-parts.webp\" alt=\"Hidraulini\u0173 cilindr\u0173 dalys\"><\/p>\n<h2>Sandarinimas ir tepimas<\/h2>\n<p>Efektyvus sandarinimas ir tepimas yra labai svarb\u016bs str\u0117l\u0117s cilindr\u0173 veikimui. Juose naudojami \u012fvair\u016bs sandarinimo elementai, tokie kaip st\u016bmokli\u0173 ir stryp\u0173 sandarikliai, siekiant i\u0161vengti hidraulinio skys\u010dio nuot\u0117kio. Sandarikliai, pagaminti i\u0161 atspari\u0173 dilimui med\u017eiag\u0173, toki\u0173 kaip poliuretanas ir nitrilo kau\u010diukas, pasi\u017eymi puikiu patvarumu at\u0161iauriomis hidraulini\u0173 sistem\u0173 s\u0105lygomis. Be to, cilindro korpusas ir srieginiai galiniai pavir\u0161iai yra kruop\u0161\u010diai apdirbami, siekiant padidinti j\u0173 atsparum\u0105 dilimui. Reguliarus tepimas hidrauline alyva yra b\u016btinas norint u\u017etikrinti skland\u0173 veikim\u0105 ir i\u0161vengti per didelio vidini\u0173 komponent\u0173 susid\u0117v\u0117jimo. Tinkamas hidraulin\u0117s alyvos kiekis taip pat prisideda prie bendro str\u0117l\u0117s cilindro efektyvumo ir ilgaam\u017ei\u0161kumo.<\/p>\n<h2>Prie\u017ei\u016bra ir prevencin\u0117s priemon\u0117s<\/h2>\n<ul>\n<li><strong>Reguliar\u016bs patikrinimai:<\/strong> Reguliariai tikrinti str\u0117l\u0117s cilindr\u0105 yra b\u016btina norint anksti nustatyti bet kokius susid\u0117v\u0117jimo, nuot\u0117ki\u0173 ar pa\u017eeidim\u0173 po\u017eymius. Toks prevencinis po\u017ei\u016bris padeda i\u0161vengti galim\u0173 gedim\u0173 ir pailgina cilindro tarnavimo laik\u0105.<\/li>\n<li><strong>Tinkamas tepimas:<\/strong> Labai svarbu u\u017etikrinti tinkam\u0105 hidraulin\u0117s alyvos lyg\u012f ir b\u016bkl\u0119. Reguliariai tikrinkite, ar n\u0117ra u\u017eter\u0161tumo, ir prireikus papildykite alyvos, kad judan\u010dios dalys b\u016bt\u0173 tinkamai suteptos.<\/li>\n<li><strong>Sandariklio keitimas:<\/strong> Laikui b\u0117gant, sandarikliai gali susid\u0117v\u0117ti ir juos gali tekti keisti. Sandarikli\u0173 patikrinim\u0173 grafikas gali pad\u0117ti i\u0161laikyti hidraulin\u012f vientisum\u0105 ir na\u0161um\u0105.<\/li>\n<\/ul>\n<h2>\u012erengimo gair\u0117s<\/h2>\n<p>Teisingas str\u0117l\u0117s cilindro montavimas yra labai svarbus jo veikimui ir saugumui. Pirmiausia \u012fsitikinkite, kad visi komponentai yra \u0161var\u016bs ir be \u0161iuk\u0161li\u0173. Tinkamai sulygiuokite cilindr\u0105 su tvirtinimo laikikliais, jei reikia, naudodami tinkamus montavimo \u012ftaisus, kad i\u0161laikytum\u0117te sulygiavim\u0105. Naudokite tinkamus tvirtinimo laikiklius, kad pritvirtintum\u0117te cilindr\u0105 ir i\u0161vengtum\u0117te jud\u0117jimo eksploatavimo metu. Po montavimo dar kart\u0105 patikrinkite visas jungtis ir jungiam\u0105sias detales, ar jos n\u0117ra sandarios ir ar n\u0117ra nuot\u0117ki\u0173. Taip pat patartina atlikti bandom\u0105j\u012f veikim\u0105, kad \u012fsitikintum\u0117te, jog cilindras veikia tinkamai, prie\u0161 j\u012f v\u0117l pradedant naudoti. Reguliariai per\u017ei\u016br\u0117kite montavimo proced\u016bras, kad \u012ftrauktum\u0117te naujausi\u0105 geriausi\u0105 praktik\u0105.<\/p>\n<h2>\u012eprastos prie\u017ei\u016bros u\u017eduotys<\/h2>\n<ul>\n<li><strong>Reguliar\u016bs patikrinimai:<\/strong> Da\u017enas vizualinis patikrinimas, ar n\u0117ra nuot\u0117ki\u0173, susid\u0117v\u0117jimo ir pa\u017eeidim\u0173, gali pad\u0117ti i\u0161vengti didesni\u0173 problem\u0173. Kontrolinio s\u0105ra\u0161o sudarymas gali pad\u0117ti u\u017etikrinti, kad niekas nelikt\u0173 nepasteb\u0117ta.<\/li>\n<li><strong>Tinkamas tepimas:<\/strong> U\u017etikrinus optimal\u0173 hidraulin\u0117s alyvos lyg\u012f, pager\u0117s na\u0161umas ir pailg\u0117s cilindro tarnavimo laikas. Sudarykite tepimo grafik\u0105, atsi\u017evelgdami \u012f naudojim\u0105 ir aplinkos s\u0105lygas.<\/li>\n<li><strong>Sandariklio keitimas:<\/strong> Reguliariai tikrinkite sandariklius, ar jie nesusid\u0117v\u0117j\u0119, ir prireikus juos pakeiskite, kad i\u0161vengtum\u0117te nuot\u0117ki\u0173. Auk\u0161tos kokyb\u0117s sandarikli\u0173 naudojimas gali smarkiai paveikti str\u0117l\u0117s cilindro efektyvum\u0105 ir ilgaam\u017ei\u0161kum\u0105.<\/li>\n<\/ul>\n<h2>Saugos aspektai<\/h2>\n<p>Saugus str\u0117l\u0117s cilindr\u0173 naudojimas yra nepaprastai svarbus. Operatoriai tur\u0117t\u0173 b\u016bti apmokyti tinkamai naudoti hidraulin\u0119 \u012frang\u0105 ir \u017einoti apie ma\u0161in\u0173 saugos funkcijas. Prie\u0161 prad\u0117dami darb\u0105, \u012fsitikinkite, kad darbo zona yra laisva ir kad yra visos apsaugos priemon\u0117s. Reguliariai tikrinkite hidraulines sistemas, ar n\u0117ra galim\u0173 nuot\u0117ki\u0173 ar gedim\u0173, kurie gal\u0117t\u0173 sukelti pavojingas situacijas. Atliekant technin\u0119 prie\u017ei\u016br\u0105 ir eksploatavim\u0105, b\u016btina laikytis gamintojo nurodym\u0173 ir saugos proced\u016br\u0173, kad b\u016bt\u0173 apsaugoti tiek darbuotojai, tiek \u012franga.<\/p>\n<h2>Trik\u010di\u0173 \u0161alinimas ir da\u017eniausiai pasitaikan\u010dios problemos<\/h2>\n<ul>\n<li><strong>Nuot\u0117kis:<\/strong> Jei i\u0161 cilindro teka hidraulinis skystis, patikrinkite, ar sandarikliai n\u0117ra susid\u0117v\u0117j\u0119. Susid\u0117v\u0117jusi\u0173 sandarikli\u0173 keitimas da\u017enai gali i\u0161spr\u0119sti \u0161i\u0105 problem\u0105.<\/li>\n<li><strong>Nepakankama galia:<\/strong> Jei cilindras nereaguoja tinkamai, patikrinkite hidraulinio skys\u010dio lyg\u012f ir \u012fsitikinkite, kad hidraulin\u0117se linijose n\u0117ra u\u017esikim\u0161im\u0173.<\/li>\n<li><strong>Ne\u012fprasti garsai:<\/strong> Triuk\u0161mai veikimo metu gali rodyti, kad hidraulin\u0117je sistemoje yra oro arba \u017eemas skys\u010dio lygis. Pirmiausia i\u0161leiskite or\u0105 i\u0161 sistemos ir patikrinkite skyst\u012f.<\/li>\n<\/ul>\n<p>Greitai spr\u0119sdami problemas ir laikydamiesi technin\u0117s prie\u017ei\u016bros gairi\u0173, operatoriai gali suma\u017einti prastovas ir pagerinti str\u0117l\u0117s cilindr\u0173 na\u0161um\u0105.<\/p>\n<p><img decoding=\"async\" src=\"https:\/\/www.hydraulic-cylinders.net\/wp-content\/uploads\/2025\/04\/songte-bushings-with-all-kinds-of-excavator-models.webp\" alt=\"Ekskavatoriaus \u012fvor\u0117s\"><\/p>\n<h2>Apie m\u016bs\u0173 \u012fmon\u0119<\/h2>\n<p>Esame pirmaujantis pakaitini\u0173 hidraulini\u0173 cilindr\u0173 gamintojas, si\u016blantis plat\u0173 gamini\u0173 asortiment\u0105, skirt\u0105 tiek vidaus, tiek tarptautinei rinkai. M\u016bs\u0173 \u012fsipareigojim\u0105 siekti nepriekai\u0161tingos kokyb\u0117s grind\u017eiama sud\u0117tinga gamybos valdymo strategija, kurioje naudojamos pa\u017eangios technologijos ir kvalifikuoti darbuotojai. Investuodami \u012f auk\u0161\u010diausios klas\u0117s gamybos \u012frang\u0105 ir profesionalias bandym\u0173 sistemas, nuolat tobuliname savo gamybos procesus ir u\u017etikriname auk\u0161\u010diausius kokyb\u0117s standartus. Sutelkdami d\u0117mes\u012f \u012f efektyvum\u0105, tikslum\u0105 ir auk\u0161t\u0105 produkcijos kokyb\u0119, esame gerai pasireng\u0119 patenkinti \u012fvairius klient\u0173 poreikius.<\/p>\n<p><img decoding=\"async\" src=\"https:\/\/www.hydraulic-cylinders.net\/wp-content\/uploads\/2025\/04\/songte-company-4.webp\" alt=\"\u012emon\u0117s ap\u017evalgos paveiksl\u0117lis\"><br \/>\n<img decoding=\"async\" src=\"https:\/\/www.hydraulic-cylinders.net\/wp-content\/uploads\/2025\/04\/songte-company-3.webp\" alt=\"Gamybos \u012fmon\u0117s vaizdas\"><\/p>\n<p>M\u016bs\u0173 patirtis apima individualiai pritaikytas paslaugas, tarptautinius sertifikatus ir patikim\u0105 garantin\u012f aptarnavim\u0105, u\u017etikrinant, kad m\u016bs\u0173 produktai atitikt\u0173 \u012fvairius klient\u0173 reikalavimus.<\/p>\n<p>Autorius: lyl<\/p>","protected":false},"excerpt":{"rendered":"<p>Boom Cylinder For XCMG Large Excavator XE500CA Product Overview The Boom Cylinder for XCMG Large Excavator XE500CA is a specialized hydraulic cylinder designed to control the movement of the boom in heavy machinery, particularly excavators. These cylinders facilitate the lifting, lowering, and tilting of the boom, making it essential for various material handling tasks. Hydraulic [&hellip;]<\/p>","protected":false},"featured_media":17869,"comment_status":"open","ping_status":"closed","template":"","meta":{"_et_pb_use_builder":"","_et_pb_old_content":"","_et_gb_content_width":""},"product_brand":[],"product_cat":[1546],"product_tag":[1547,1496],"class_list":{"0":"post-19198","1":"product","2":"type-product","3":"status-publish","4":"has-post-thumbnail","6":"product_cat-boom-cylinders","7":"product_tag-boom-cylinders","8":"product_tag-hydraulic-cylinders","10":"first","11":"instock","12":"shipping-taxable","13":"product-type-simple"},"amp_enabled":true,"_links":{"self":[{"href":"https:\/\/www.hydraulic-cylinders.net\/lt\/wp-json\/wp\/v2\/product\/19198","targetHints":{"allow":["GET"]}}],"collection":[{"href":"https:\/\/www.hydraulic-cylinders.net\/lt\/wp-json\/wp\/v2\/product"}],"about":[{"href":"https:\/\/www.hydraulic-cylinders.net\/lt\/wp-json\/wp\/v2\/types\/product"}],"replies":[{"embeddable":true,"href":"https:\/\/www.hydraulic-cylinders.net\/lt\/wp-json\/wp\/v2\/comments?post=19198"}],"wp:featuredmedia":[{"embeddable":true,"href":"https:\/\/www.hydraulic-cylinders.net\/lt\/wp-json\/wp\/v2\/media\/17869"}],"wp:attachment":[{"href":"https:\/\/www.hydraulic-cylinders.net\/lt\/wp-json\/wp\/v2\/media?parent=19198"}],"wp:term":[{"taxonomy":"product_brand","embeddable":true,"href":"https:\/\/www.hydraulic-cylinders.net\/lt\/wp-json\/wp\/v2\/product_brand?post=19198"},{"taxonomy":"product_cat","embeddable":true,"href":"https:\/\/www.hydraulic-cylinders.net\/lt\/wp-json\/wp\/v2\/product_cat?post=19198"},{"taxonomy":"product_tag","embeddable":true,"href":"https:\/\/www.hydraulic-cylinders.net\/lt\/wp-json\/wp\/v2\/product_tag?post=19198"}],"curies":[{"name":"wp","href":"https:\/\/api.w.org\/{rel}","templated":true}]}}