{"id":19199,"date":"2025-04-07T06:17:41","date_gmt":"2025-04-07T06:17:41","guid":{"rendered":"https:\/\/www.hydraulic-cylinders.net\/product\/boom-cylinder-for-xcmg-large-excavator-xe1300c\/"},"modified":"2025-04-07T06:17:43","modified_gmt":"2025-04-07T06:17:43","slug":"boom-cylinder-for-xcmg-large-excavator-xe1300c","status":"publish","type":"product","link":"https:\/\/www.hydraulic-cylinders.net\/lt\/produktas\/boom-cylinder-for-xcmg-large-excavator-xe1300c\/","title":{"rendered":"XCMG didelio ekskavatoriaus XE1300C str\u0117l\u0117s cilindras"},"content":{"rendered":"<h1>XCMG didelio ekskavatoriaus XE1300C str\u0117l\u0117s cilindras<\/h1>\n<h2>\u012evadas \u012f str\u0117l\u0117s cilindr\u0105<\/h2>\n<h3>Apibr\u0117\u017eimas ir ap\u017evalga<\/h3>\n<p>Specialiai \u201eXCMG Large Excavator XE1300C\u201c sukurtam str\u0117l\u0117s cilindrui svarbus hidraulini\u0173 sistem\u0173, naudojam\u0173 valdyti kau\u0161\u0173 jud\u0117jim\u0105 \u012fvairiose sunkiosiose ma\u0161inose, tokiose kaip ekskavatoriai, ekskavatoriniai krautuvai ir frontaliniai krautuvai, komponentas. \u0160is hidraulinis cilindras leid\u017eia kau\u0161ui pakelti, nuleisti ir pakreipti, taip palengvindamas efektyv\u0173 med\u017eiag\u0173 tvarkym\u0105. Kau\u0161o cilindras atlieka esmin\u012f vaidmen\u012f statybini\u0173 ma\u0161in\u0173 eksploatavimo efektyvumui, u\u017etikrindamas, kad \u0161ios ma\u0161inos atlikt\u0173 savo u\u017eduotis tiksliai ir galingai.<\/p>\n<p>Hidrauliniai cilindrai yra \u012ftaisai, kurie hidraulin\u0119 energij\u0105 paver\u010dia mechanine j\u0117ga, o kau\u0161o cilindras yra specialiai suprojektuotas taip, kad atlaikyt\u0173 dideles apkrovas ir sl\u0117g\u012f, su kuriuo susiduriama kasant ir transportuojant med\u017eiagas. Konstrukcijos aspektai u\u017etikrina, kad jis atlaikyt\u0173 at\u0161iaurias darbo s\u0105lygas, i\u0161laikant optimal\u0173 na\u0161um\u0105.<\/p>\n<p><img decoding=\"async\" src=\"https:\/\/www.hydraulic-cylinders.net\/wp-content\/uploads\/2025\/04\/songte-company-1.webp\" alt=\"Ekskavatori\u0173 str\u0117l\u0117s cilindras\" \/><\/p>\n<h2>Str\u0117l\u0117s cilindro savyb\u0117s<\/h2>\n<ul>\n<li><strong>Didelis stiprumas ir ilgaam\u017ei\u0161kumas:<\/strong> Pagamintas i\u0161 didelio stiprumo plieno arba aliuminio, str\u0117l\u0117s cilindras yra skirtas atlaikyti auk\u0161t\u0105 sl\u0117g\u012f ir dideles apkrovas, tod\u0117l tinka sud\u0117tingoms darbo s\u0105lygoms. Jo konstrukcija apima atsparum\u0105 dilimui ir apsaug\u0105 nuo korozijos, kad pailgint\u0173 jo tarnavimo laik\u0105.<\/li>\n<li><strong>Efektyvus hidraulinis valdymas:<\/strong> Str\u0117l\u0117s cilindras naudoja hidraulinio skys\u010dio sl\u0117g\u012f, kad u\u017etikrint\u0173 skland\u017eius i\u0161pl\u0117timo ir atitraukimo judesius. Jis greitai reaguoja \u012f veikimo komandas, u\u017etikrindamas tvirtas st\u016bmimo ir traukimo j\u0117gas, idealiai tinkan\u010dias sunkioms ir sud\u0117tingoms u\u017eduotims atlikti.<\/li>\n<li><strong>\u012evair\u016bs tipai:<\/strong> Str\u0117l\u0117s cilindras, tiekiamas su vienpusio veikimo (hidrauliniu b\u016bdu veikian\u010diu viena kryptimi) arba dvipusio veikimo (veikian\u010diu abiem kryptimis) konfig\u016bracijomis, atitinka \u012fvairius eksploatacinius poreikius. Kai kurie modeliai pasi\u017eymi teleskopin\u0117mis konstrukcijomis, kurios leid\u017eia didesn\u012f i\u0161pl\u0117tim\u0105 nedidinant i\u0161orini\u0173 matmen\u0173, tod\u0117l puikiai tinka naudoti su ribota erdve.<\/li>\n<li><strong>Pritaikomos parinktys:<\/strong> M\u016bs\u0173 gamybos paj\u0117gumai leid\u017eia pritaikyti str\u0117l\u0117s cilindr\u0105 prie konkre\u010di\u0173 reikalavim\u0173, u\u017etikrinant, kad jis puikiai tikt\u0173 \u012fvairiems modeliams ir pritaikymams.<\/li>\n<li><strong>Suderinamumas su \u012fvairiomis ma\u0161inomis:<\/strong> Str\u0117l\u0117s cilindras skirtas pakeisti esamus hidraulinius cilindrus be joki\u0173 pakeitim\u0173, u\u017etikrinant, kad naudotojai gal\u0117t\u0173 j\u012f lengvai integruoti \u012f savo technik\u0105.<\/li>\n<\/ul>\n<p><img decoding=\"async\" src=\"https:\/\/www.hydraulic-cylinders.net\/wp-content\/uploads\/2025\/04\/songte-cylinder-head-with-all-kinds-excavator-models.webp\" alt=\"Ekskavatoriaus cilindr\u0173 galvut\u0117s\" \/><\/p>\n<h2>Str\u0117l\u0117s cilindro pritaikymas<\/h2>\n<h3>Statybin\u0117 \u012franga<\/h3>\n<p>Ekskavatoriuose str\u0117l\u0117s cilindrai yra labai svarb\u016bs kasant, kraunant ir perkeliant grunt\u0105 ar \u0161iuk\u0161les. J\u0173 konstrukcija leid\u017eia tiksliai valdyti, leisdama operatoriams efektyviai valdyti kasimo proces\u0105. Cilindro tvirtumas atlaiko sunkias k\u0117limo u\u017eduotis ir prisideda prie bendro ma\u0161inos stabilumo.<\/p>\n<h3>\u017dem\u0117s \u016bkio technika<\/h3>\n<p>Str\u0117l\u0117s cilindras da\u017eniausiai randamas priekiniuose krautuvuose, kur jis padeda semti, kelti ir transportuoti dirvo\u017eem\u012f, \u0161ien\u0105 ir kitas med\u017eiagas. D\u0117l savo reagavimo grei\u010dio ir galios jis yra nepakei\u010diamas \u017eem\u0117s \u016bkio darbuose, u\u017etikrinant, kad tokios u\u017eduotys kaip pakrovimas ir i\u0161krovimas b\u016bt\u0173 atliekamos efektyviai.<\/p>\n<h3>Kasimo ma\u0161inos<\/h3>\n<p>Ekskavatori\u0173 str\u0117l\u0117s cilindras palengvina kasimo veiksm\u0105, leisdamas kau\u0161ui efektyviai \u012fsiskverbti \u012f \u017eem\u0119. \u0160i savyb\u0117 pagerina ma\u0161inos geb\u0117jim\u0105 atlikti gilius kasin\u0117jimus ir padidinti na\u0161um\u0105 statybviet\u0117je.<\/p>\n<h3>Krautuvai<\/h3>\n<p>Priekiniuose krautuvuose str\u0117l\u0117s cilindras padeda efektyviai pakelti ir i\u0161versti krovinius. Hidraulin\u0117 konstrukcija leid\u017eia greitai jud\u0117ti, tod\u0117l tinka u\u017eduotims, kurioms reikia da\u017enai tvarkyti ir i\u0161krauti krovinius.<\/p>\n<h2>Projektavimo aspektai ir atrankos kriterijai<\/h2>\n<h3>Keliamoji galia<\/h3>\n<p>Renkantis str\u0117l\u0117s cilindr\u0105, labai svarbu suprasti jo keliam\u0105j\u0105 gali\u0105. Cilindras turi atlaikyti maksimal\u0173 svor\u012f, kuris jam bus taikomas eksploatacijos metu. \u0160is aspektas u\u017etikrina, kad cilindras gali patikimai veikti be gedimo rizikos, ypa\u010d esant dideliam poreikiui. Konstrukcijoje naudojamos med\u017eiagos, tokios kaip auk\u0161tos kokyb\u0117s plienas, atlieka svarb\u0173 vaidmen\u012f didinant laikom\u0105j\u0105 gali\u0105.<\/p>\n<h3>Sandarinimo efektyvumas<\/h3>\n<p>Sandarinimas yra gyvybi\u0161kai svarbus hidrauliniuose cilindruose, siekiant i\u0161vengti skys\u010dio nuot\u0117kio ir palaikyti sl\u0117g\u012f. Kokybi\u0161ki sandarikliai, tokie kaip st\u016bmokli\u0173 ir kot\u0173 sandarikliai, turi b\u016bti parinkti atsi\u017evelgiant \u012f eksploatavimo s\u0105lygas. Tinkamos med\u017eiagos, tokios kaip poliuretanas ir nitrilo kau\u010diukas, padidina patvarum\u0105 ir na\u0161um\u0105, suma\u017eina technin\u0117s prie\u017ei\u016bros da\u017enum\u0105 ir pailgina cilindro tarnavimo laik\u0105.<\/p>\n<h3>Patvarumas<\/h3>\n<p>Patvarumas yra labai svarbus at\u0161iauriomis darbo s\u0105lygomis. Str\u0117l\u0117s cilindro konstrukcija tur\u0117t\u0173 apimti savybes, kurios atsparios dilimui, korozijai ir pa\u017eeidimams. Tai gali apimti pavir\u0161iaus apdorojim\u0105 ir dangas, kurios prailgina cilindro tarnavimo laik\u0105 ir patikimum\u0105, u\u017etikrinant nuosekl\u0173 veikim\u0105 laikui b\u0117gant.<\/p>\n<h3>Saugos funkcijos<\/h3>\n<p>Saugumas hidraulin\u0117se sistemose yra svarbiausias dalykas. Str\u0117l\u0117s cilindr\u0173 konstrukcija turi apimti saugos mechanizmus, kad b\u016bt\u0173 i\u0161vengta nelaiming\u0173 atsitikim\u0173 eksploatacijos metu. Tai gali apimti sl\u0117gio ma\u017einimo vo\u017etuvus ir tvirt\u0105 konstrukcij\u0105, kad atlaikyt\u0173 netik\u0117tas apkrovas, u\u017etikrinant tiek operatori\u0173, tiek ma\u0161in\u0173 saugum\u0105.<\/p>\n<h3>Prie\u017ei\u016bra ir remonto galimyb\u0117s<\/h3>\n<p>Lengvas techninis aptarnavimas yra svarbus veiksnys projektuojant ir renkantis str\u0117l\u0117s cilindrus. Galimyb\u0117 pasiekti sandariklius ir vidinius komponentus \u012fprastiems patikrinimams ir remontui gali \u017eymiai suma\u017einti prastovas ir i\u0161laidas. Gerai suprojektuotas cilindras palengvins greit\u0105 i\u0161ardym\u0105 ir surinkim\u0105, o tai leis efektyviai atlikti technin\u0119 prie\u017ei\u016br\u0105.<\/p>\n<p><img decoding=\"async\" src=\"https:\/\/www.hydraulic-cylinders.net\/wp-content\/uploads\/2025\/04\/songte-oil-pipes-and-spare-parts.webp\" alt=\"Hidraulin\u0117s dalys ir vamzd\u017eiai\" \/><\/p>\n<h2>Cilindro sandarinimas ir tepimas<\/h2>\n<p>Str\u0117l\u0117s cilindro efektyvumas labai priklauso nuo jo sandarinimo ir tepimo sistem\u0173. \u012evair\u016bs sandarikliai, tokie kaip st\u016bmokli\u0173 ir stryp\u0173 sandarikliai, yra labai svarb\u016bs norint i\u0161laikyti hidraulin\u0117s sistemos vientisum\u0105. Sandarikliai, pagaminti i\u0161 atspari\u0173 dilimui med\u017eiag\u0173, toki\u0173 kaip poliuretanas ir nitrilo kau\u010diukas, padidina patikimum\u0105 ir na\u0161um\u0105.<\/p>\n<p>Be to, cilindro korpusas ir srieginiai galiniai pavir\u0161iai yra kruop\u0161\u010diai apdorojami, siekiant pagerinti atsparum\u0105 dilimui. Reguliarus tepimas hidrauline alyva yra b\u016btinas, kad b\u016bt\u0173 i\u0161vengta nusid\u0117v\u0117jimo, u\u017etikrintas sklandus veikimas ir pailgintas cilindro tarnavimo laikas. B\u016btina palaikyti tinkam\u0105 alyvos lyg\u012f, o tepimo sistem\u0105 reikia periodi\u0161kai tikrinti, kad b\u016bt\u0173 u\u017etikrintas optimalus veikimas.<\/p>\n<h2>Reguliarios prie\u017ei\u016bros praktika<\/h2>\n<ul>\n<li><strong>\u012eprastin\u0117 ap\u017ei\u016bra:<\/strong> Reik\u0117t\u0173 reguliariai tikrinti, kad b\u016bt\u0173 nustatyti bet kokie susid\u0117v\u0117jimo, pa\u017eeidim\u0173 ar nuot\u0117ki\u0173 po\u017eymiai. Toks prevencinis po\u017ei\u016bris padeda pasteb\u0117ti galimas problemas, kol jos dar nepa\u016bm\u0117jo, ir u\u017etikrina, kad cilindras veikt\u0173 efektyviai.<\/li>\n<li><strong>Tinkamas tepimas:<\/strong> Tepimas tur\u0117t\u0173 b\u016bti atliekamas pagal gamintojo rekomendacijas. Turi b\u016bti palaikomas pakankamas hidraulin\u0117s alyvos lygis, kad b\u016bt\u0173 u\u017etikrintas sklandus veikimas ir i\u0161vengta trinties, kuri gali sukelti prie\u0161laikin\u012f susid\u0117v\u0117jim\u0105.<\/li>\n<li><strong>Sandariklio keitimas:<\/strong> Laikui b\u0117gant, sandarikliai gali susid\u0117v\u0117ti ir prarasti savo efektyvum\u0105. Reguliarus sandarikli\u0173 steb\u0117jimas ir savalaikis keitimas yra labai svarb\u016bs norint i\u0161laikyti hidraulin\u0117s sistemos vientisum\u0105 ir i\u0161vengti nuot\u0117ki\u0173.<\/li>\n<\/ul>\n<h2>\u012erengimo gair\u0117s<\/h2>\n<p>Tinkamas str\u0117l\u0117s cilindro montavimas yra labai svarbus optimaliam veikimui. Laikykit\u0117s \u0161i\u0173 nurodym\u0173:<\/p>\n<ul>\n<li><strong>Lygiavimas:<\/strong> \u012esitikinkite, kad cilindras yra tinkamai suderintas su mechanizmu, kad i\u0161vengtum\u0117te per didelio komponento \u012ftempimo. Neteisingas suderinimas gali sukelti prie\u0161laikin\u012f susid\u0117v\u0117jim\u0105 ir eksploatacinius neefektyvumus.<\/li>\n<li><strong>Tvirtinimo laikikli\u0173 naudojimas:<\/strong> Cilindrui tvirtai pritvirtinti naudokite tinkamus tvirtinimo laikiklius. Tai padeda i\u0161laikyti stabilum\u0105 eksploatacijos metu ir suma\u017eina i\u0161lyginimo rizik\u0105.<\/li>\n<li><strong>Hidraulin\u0117s jungtys:<\/strong> \u012esitikinkite, kad visos hidraulin\u0117s jungtys yra tvirtos ir be nuot\u0117ki\u0173. Prie\u0161 naudodami mechanizm\u0105, dar kart\u0105 patikrinkite jungtis, kad u\u017etikrintum\u0117te saugi\u0105 darbo aplink\u0105.<\/li>\n<li><strong>Kalibravimo patikrinimai:<\/strong> \u012edieg\u0119 atlikite kalibravimo patikrinimus, kad \u012fsitikintum\u0117te, jog cilindras veikia pagal reikiamas specifikacijas. Prireikus sureguliuokite, kad b\u016bt\u0173 pasiektas optimalus veikimas.<\/li>\n<\/ul>\n<h2>Saugos aspektai ir aplinkos veiksniai<\/h2>\n<p>Naudojant hidraulinius cilindrus, labai svarbios saugos priemon\u0117s. Operatoriai turi b\u016bti apmokyti atpa\u017einti su hidraulin\u0117mis sistemomis susijusi\u0105 rizik\u0105. Tinkam\u0173 eksploatavimo proced\u016br\u0173 laikymasis, tinkam\u0173 asmenini\u0173 apsaugos priemoni\u0173 (AAP) d\u0117v\u0117jimas ir reguliar\u016bs saugos patikrinimai gali suma\u017einti nelaiming\u0173 atsitikim\u0173 skai\u010di\u0173 ir u\u017etikrinti saugi\u0105 darbo aplink\u0105. Taip pat reik\u0117t\u0173 atsi\u017evelgti \u012f aplinkos veiksnius, tokius kaip tinkami hidraulini\u0173 skys\u010di\u0173 \u0161alinimo b\u016bdai ir priemoni\u0173, skirt\u0173 suma\u017einti poveik\u012f aplinkai eksploatavimo ir prie\u017ei\u016bros metu, \u012fgyvendinimas.<\/p>\n<h2>Gedim\u0173 diagnostika ir da\u017eniausios problemos<\/h2>\n<ul>\n<li><strong>Nuot\u0117kis:<\/strong> Da\u017enos hidraulinio skys\u010dio nuot\u0117kio prie\u017eastys yra susid\u0117v\u0117j\u0119 sandarikliai arba pa\u017eeistos jungtys. Reguliarus patikrinimas gali pad\u0117ti greitai nustatyti ir pa\u0161alinti \u0161ias problemas.<\/li>\n<li><strong>Prastas na\u0161umas:<\/strong> Jei cilindras nereaguoja efektyviai, tai gali b\u016bti d\u0117l \u017eemo hidraulinio skys\u010dio lygio arba vidini\u0173 u\u017esikim\u0161im\u0173. \u0160ias problemas galima i\u0161spr\u0119sti patikrinus skys\u010dio lyg\u012f ir i\u0161valius hidraulin\u0119 sistem\u0105.<\/li>\n<li><strong>Per didelis susid\u0117v\u0117jimas:<\/strong> Tai gali sukelti netinkamas tepimas arba at\u0161iaurios eksploatavimo s\u0105lygos. Tinkama prie\u017ei\u016bra ir tepimas gali suma\u017einti su nusid\u0117v\u0117jimu susijusias problemas.<\/li>\n<\/ul>\n<h2>Trik\u010di\u0173 \u0161alinimo patarimai<\/h2>\n<p>Nor\u0117dami veiksmingai pa\u0161alinti galimus gedimus, atsi\u017evelkite \u012f \u0161iuos dalykus:<\/p>\n<ul>\n<li><strong>Reguliarus techninis aptarnavimas:<\/strong> Grie\u017etas technin\u0117s prie\u017ei\u016bros grafiko laikymasis gali pad\u0117ti i\u0161vengti daugelio problem\u0173. B\u016btina reguliariai tikrinti ir laiku atlikti remont\u0105.<\/li>\n<li><strong>Operatoriaus mokymai:<\/strong> U\u017etikrinant, kad visi operatoriai b\u016bt\u0173 tinkamai apmokyti tinkamai naudoti ir pri\u017ei\u016br\u0117ti \u012frang\u0105, galima suma\u017einti gedim\u0173 sukelt\u0173 eksploatavimo klaid\u0173 tikimyb\u0119.<\/li>\n<li><strong>Aplinkos kontrol\u0117:<\/strong> \u012egyvendinant priemones aplinkos veiksniams, tokiems kaip temperat\u016bra ir dr\u0117gm\u0117, kontroliuoti, bus lengviau i\u0161laikyti hidraulinio skys\u010dio vientisum\u0105 ir bendr\u0105 sistemos veikim\u0105.<\/li>\n<\/ul>\n<p><img decoding=\"async\" src=\"https:\/\/www.hydraulic-cylinders.net\/wp-content\/uploads\/2025\/04\/songte-bushings-with-all-kinds-of-excavator-models.webp\" alt=\"Ekskavatoriaus \u012fvor\u0117s\" \/><\/p>\n<h2>Apie m\u016bs\u0173 \u012fmon\u0119<\/h2>\n<p>Esame pirmaujantis hidraulini\u0173 cilindr\u0173 gamintojas ir didmenininkas, specializuojantis \u012fvairi\u0173 modeli\u0173 pakaital\u0173 gamyboje. Platus gamini\u0173 asortimentas leid\u017eia mums b\u016bti lyderiais tiek vidaus, tiek tarptautin\u0117je rinkoje. Laikom\u0117s auk\u0161\u010diausi\u0173 kokyb\u0117s standart\u0173 ir \u012fdieg\u0117me patobulintas gamybos valdymo strategijas.<\/p>\n<p>M\u016bs\u0173 \u012fmon\u0117 nuolat investuoja \u012f technologinius talentus, pa\u017eangi\u0105 gamybos \u012frang\u0105 ir profesionalias testavimo sistemas. Tai leid\u017eia mums tobulinti gamybos platformas ir gerinti gamini\u0173 kokyb\u0119. Did\u017eiuojam\u0117s efektyvumu, tikslumu ir auk\u0161tos kokyb\u0117s sprendim\u0173 teikimu, kad patenkintume \u012fvairius m\u016bs\u0173 klient\u0173 poreikius.<\/p>\n<p><img decoding=\"async\" src=\"https:\/\/www.hydraulic-cylinders.net\/wp-content\/uploads\/2025\/04\/songte-company-4.webp\" alt=\"\u012emon\u0117s gamybos \u012frenginiai\" \/><br \/>\n<img decoding=\"async\" src=\"https:\/\/www.hydraulic-cylinders.net\/wp-content\/uploads\/2025\/04\/songte-company-3.webp\" alt=\"\u012emon\u0117s produktai\" \/><\/p>\n<p>Autorius: lyl<\/p>","protected":false},"excerpt":{"rendered":"<p>Boom Cylinder For XCMG Large Excavator XE1300C Introduction to Boom Cylinder Definition and Overview The Boom Cylinder, specifically designed for the XCMG Large Excavator XE1300C, is a critical component in hydraulic systems used to control the movement of buckets in various heavy machinery such as excavators, backhoe loaders, and front-end loaders. This hydraulic cylinder allows [&hellip;]<\/p>","protected":false},"featured_media":17870,"comment_status":"open","ping_status":"closed","template":"","meta":{"_et_pb_use_builder":"","_et_pb_old_content":"","_et_gb_content_width":""},"product_brand":[],"product_cat":[1546],"product_tag":[1547,1496],"class_list":{"0":"post-19199","1":"product","2":"type-product","3":"status-publish","4":"has-post-thumbnail","6":"product_cat-boom-cylinders","7":"product_tag-boom-cylinders","8":"product_tag-hydraulic-cylinders","10":"first","11":"instock","12":"shipping-taxable","13":"product-type-simple"},"amp_enabled":true,"_links":{"self":[{"href":"https:\/\/www.hydraulic-cylinders.net\/lt\/wp-json\/wp\/v2\/product\/19199","targetHints":{"allow":["GET"]}}],"collection":[{"href":"https:\/\/www.hydraulic-cylinders.net\/lt\/wp-json\/wp\/v2\/product"}],"about":[{"href":"https:\/\/www.hydraulic-cylinders.net\/lt\/wp-json\/wp\/v2\/types\/product"}],"replies":[{"embeddable":true,"href":"https:\/\/www.hydraulic-cylinders.net\/lt\/wp-json\/wp\/v2\/comments?post=19199"}],"wp:featuredmedia":[{"embeddable":true,"href":"https:\/\/www.hydraulic-cylinders.net\/lt\/wp-json\/wp\/v2\/media\/17870"}],"wp:attachment":[{"href":"https:\/\/www.hydraulic-cylinders.net\/lt\/wp-json\/wp\/v2\/media?parent=19199"}],"wp:term":[{"taxonomy":"product_brand","embeddable":true,"href":"https:\/\/www.hydraulic-cylinders.net\/lt\/wp-json\/wp\/v2\/product_brand?post=19199"},{"taxonomy":"product_cat","embeddable":true,"href":"https:\/\/www.hydraulic-cylinders.net\/lt\/wp-json\/wp\/v2\/product_cat?post=19199"},{"taxonomy":"product_tag","embeddable":true,"href":"https:\/\/www.hydraulic-cylinders.net\/lt\/wp-json\/wp\/v2\/product_tag?post=19199"}],"curies":[{"name":"wp","href":"https:\/\/api.w.org\/{rel}","templated":true}]}}