{"id":1920,"date":"2023-10-20T02:38:46","date_gmt":"2023-10-20T02:38:46","guid":{"rendered":"https:\/\/hydraulic-cylinders.net\/?post_type=product&#038;p=1920"},"modified":"2023-10-20T06:00:33","modified_gmt":"2023-10-20T06:00:33","slug":"hp3v-series-axial-piston-variable-displacement-hydraulic-pump","status":"publish","type":"product","link":"https:\/\/www.hydraulic-cylinders.net\/lt\/produktas\/hp3v-series-axial-piston-variable-displacement-hydraulic-pump\/","title":{"rendered":"HP3V serijos a\u0161inis st\u016bmoklinis kintamo t\u016brio hidraulinis siurblys"},"content":{"rendered":"<h1 style=\"text-align: center;\"><strong>HP3V serijos a\u0161inis st\u016bmoklinis kintamo t\u016brio hidraulinis siurblys<\/strong><\/h1>\n<p><img loading=\"lazy\" decoding=\"async\" class=\"aligncenter wp-image-1931\" src=\"https:\/\/hydraulic-cylinders.net\/wp-content\/uploads\/2023\/10\/hp3v-series-axial-piston-variable-displacement-hydraulic-pump-1-300x300.webp\" alt=\"\" width=\"400\" height=\"400\" \/><\/p>\n<p>HP3V serijos a\u0161inis st\u016bmoklinis kintamo t\u016brio hidraulinis siurblys kei\u010dia hidraulini\u0173 sistem\u0173 \u017eaidimo taisykles. \u0160is siurblys suprojektuotas naudojant tiksli\u0105j\u0105 in\u017einerij\u0105 ir pa\u017eangiausias technologijas, tod\u0117l pasi\u017eymi i\u0161skirtiniu efektyvumu ir na\u0161umu, tod\u0117l yra nepakei\u010diamas komponentas \u012fvairiose pramon\u0117s srityse. \u0160iame i\u0161samiame straipsnyje bus nagrin\u0117jamos pagrindin\u0117s HP3V a\u0161inio st\u016bmoklinio kintamo t\u016brio hidraulinio siurblio charakteristikos, naudojimo b\u016bdai ir prie\u017ei\u016bros gair\u0117s.<\/p>\n<p>HP3V serijos a\u0161inis st\u016bmoklinis kintamo t\u016brio hidraulinis siurblys yra galia, u\u017etikrinanti neprilygstam\u0105 efektyvum\u0105 ir na\u0161um\u0105 hidraulin\u0117se sistemose. D\u0117l kintamo t\u016brio technologijos, kompakti\u0161ko dizaino ir tylaus veikimo \u0161is siurblys yra patikimas ir tikslus sprendimas \u012fvairioms pramonin\u0117ms reikm\u0117ms. Laikantis rekomenduojam\u0173 naudojimo metod\u0173 ir reguliarios prie\u017ei\u016bros praktikos, HP3V serijos siurblys ir toliau u\u017etikrins i\u0161skirtin\u012f na\u0161um\u0105, prisid\u0117damas prie \u012fvairi\u0173 hidraulini\u0173 sistem\u0173 s\u0117km\u0117s. Pasinaudokite efektyvumo ir na\u0161umo galia su HP3V serijos a\u0161iniu st\u016bmokliniu kintamo t\u016brio hidrauliniu siurbliu ir atskleiskite vis\u0105 savo hidraulin\u0117s sistemos potencial\u0105.<\/p>\n<p>HP3V serijos a\u0161inio st\u016bmoklinio kintamo t\u016brio hidraulinio siurblio pagrindin\u0117s charakteristikos:<\/p>\n<ul>\n<li>Kintamo t\u016brio technologija: HP3V serijos siurblys turi pa\u017eangi\u0105 kintamo t\u016brio technologij\u0105, leid\u017eian\u010di\u0105 reguliuoti i\u0161\u0117jimo t\u016br\u012f pagal sistemos poreikius. \u0160i funkcija maksimaliai padidina energijos vartojimo efektyvum\u0105, suma\u017eina \u0161ilumos susidarym\u0105 ir optimizuoja bendr\u0105 sistemos na\u0161um\u0105.<\/li>\n<li>Neprilygstamas efektyvumas: HP3V serijos siurblys pasi\u017eymi i\u0161skirtiniu efektyvumu d\u0117l novatori\u0161kos a\u0161inio st\u016bmoklio konstrukcijos. Jis u\u017etikrina tiksli\u0105 hidraulin\u0119 gali\u0105, u\u017etikrindamas skland\u0173 veikim\u0105 ir lengvai valdydamas auk\u0161to sl\u0117gio sritis.<\/li>\n<li>Kompakti\u0161ka konstrukcija: D\u0117l kompakti\u0161kos siurblio konstrukcijos optimizuojamas erdv\u0117s panaudojimas hidraulin\u0117se sistemose. Ma\u017eas jo matmuo leid\u017eia lengvai integruoti net ir ank\u0161tose erdv\u0117se, nepakenkiant na\u0161umui ar funkcionalumui.<\/li>\n<li>Tylus veikimas: HP3V serijos siurbliuose integruotos triuk\u0161mo ma\u017einimo funkcijos u\u017etikrina tyl\u0173 veikim\u0105 \u012fvairiose pramonin\u0117se aplinkose. \u0160i savyb\u0117 yra vertinga tose srityse, kuriose reikalingas ma\u017eas triuk\u0161mo lygis, skatinantis patogi\u0105 ir produktyvi\u0105 darbo aplink\u0105.<\/li>\n<\/ul>\n<h2><strong>HP3V serijos a\u0161inio st\u016bmoklio kintamo t\u016brio hidraulinio siurblio parametras:<\/strong><\/h2>\n<table class=\"table table-bordered table-hover table-colored\" data-sort=\"sortDisabled\">\n<tbody>\n<tr class=\"firstRow\">\n<td colspan=\"1\" rowspan=\"2\" align=\"center\" valign=\"middle\">Dydis<\/td>\n<td rowspan=\"2\" align=\"center\" valign=\"middle\">Darbinis t\u016bris cm\u00b3\/aps.<\/td>\n<td colspan=\"2\" rowspan=\"1\" align=\"center\" valign=\"middle\">Sl\u0117gio baras<\/td>\n<td colspan=\"2\" rowspan=\"1\" align=\"center\" valign=\"middle\">Sukimosi greitis aps.\/min.<\/td>\n<\/tr>\n<tr>\n<td align=\"center\" valign=\"middle\">\u012evertintas<\/td>\n<td align=\"center\" valign=\"middle\">Piko<\/td>\n<td align=\"center\" valign=\"middle\">Maksimalus savaiminio u\u017epildymo lygis<sup>*1<\/sup><\/td>\n<td align=\"center\" valign=\"middle\">Maks.<sup>*2<\/sup><\/td>\n<\/tr>\n<tr>\n<td align=\"center\" valign=\"middle\">HP3V80<\/td>\n<td align=\"center\" valign=\"middle\">80<\/td>\n<td align=\"center\" valign=\"middle\">320<\/td>\n<td align=\"center\" valign=\"middle\">350<\/td>\n<td align=\"center\" valign=\"middle\">2400<\/td>\n<td align=\"center\" valign=\"middle\">3000<\/td>\n<\/tr>\n<tr>\n<td align=\"center\" valign=\"middle\">HP3V140<\/td>\n<td align=\"center\" valign=\"middle\">140<\/td>\n<td align=\"center\" valign=\"middle\">350<\/td>\n<td align=\"center\" valign=\"middle\">400<\/td>\n<td align=\"center\" valign=\"middle\">2150<\/td>\n<td align=\"center\" valign=\"middle\">2500<\/td>\n<\/tr>\n<\/tbody>\n<\/table>\n<h2><strong>HP3V serijos a\u0161inio st\u016bmoklinio kintamo t\u016brio hidraulinio siurblio privalumai:<\/strong><\/h2>\n<p>\u2022 Naudojamas atviros grandin\u0117s vidutinio ir auk\u0161to sl\u0117gio sistemose<br \/>\n\u2022 Didelis nuolatinis sl\u0117gis<br \/>\n\u2022 Geros savaiminio gruntavimo savyb\u0117s<br \/>\n\u2022 Didelis patikimumas<br \/>\n\u2022 Didelis galios ir svorio santykis<br \/>\n\u2022 Keli valdymo metodai<br \/>\n\u2022 Greitas reagavimas<br \/>\n\u2022 \u017demo sl\u0117gio impulsas<\/p>\n<h2><strong>HP3V serijos a\u0161inis st\u016bmoklinis kintamo t\u016brio hidraulinis siurblys <\/strong><strong>Taikymas:<\/strong><\/h2>\n<p><img loading=\"lazy\" decoding=\"async\" class=\"alignnone wp-image-1934 size-full\" src=\"https:\/\/hydraulic-cylinders.net\/wp-content\/uploads\/2023\/10\/hp3v-series-axial-piston-variable-displacement-hydraulic-pump-2.webp\" alt=\"\" width=\"1156\" height=\"405\" srcset=\"https:\/\/hydraulic-cylinders.net\/wp-content\/uploads\/2023\/10\/hp3v-series-axial-piston-variable-displacement-hydraulic-pump-2.webp 1156w, https:\/\/hydraulic-cylinders.net\/wp-content\/uploads\/2023\/10\/hp3v-series-axial-piston-variable-displacement-hydraulic-pump-2-980x343.webp 980w, https:\/\/hydraulic-cylinders.net\/wp-content\/uploads\/2023\/10\/hp3v-series-axial-piston-variable-displacement-hydraulic-pump-2-480x168.webp 480w\" sizes=\"(min-width: 0px) and (max-width: 480px) 480px, (min-width: 481px) and (max-width: 980px) 980px, (min-width: 981px) 1156px, 100vw\" \/><\/p>\n<h2><strong>HP3V serijos a\u0161inio st\u016bmoklinio kintamo t\u016brio hidraulinio siurblio naudojimo b\u016bdas<\/strong><strong>:<\/strong><\/h2>\n<ul>\n<li><strong>Siurblio montavimas:<\/strong> HP3V serijos a\u0161inio st\u016bmoklio kintamo t\u016brio hidraulin\u012f siurbl\u012f sumontuokite tam skirtoje hidraulin\u0117s sistemos vietoje. D\u0117l tinkamo suderinimo ir tvirto pritvirtinimo prie sistemos konstrukcijos, naudojant tinkamus tvirtinimo laikiklius arba priedus, vadovaukit\u0117s gamintojo gair\u0117mis ir specifikacijomis.<\/li>\n<li><strong>Hidraulin\u0117s sistemos integravimas:<\/strong> Prijunkite siurbl\u012f prie hidraulin\u0117s sistemos naudodami suderinamas \u017earnas, jungiam\u0105sias detales ir vo\u017etuvus. \u012esitikinkite, kad visos jungtys yra tvirtos, be nuot\u0117ki\u0173 ir tinkamai priver\u017etos, kad b\u016bt\u0173 u\u017etikrintas optimalus hidraulinis veikimas.<\/li>\n<li><strong>Skys\u010di\u0173 suderinamumas:<\/strong> Patikrinkite, ar sistemoje naudojamas hidraulinis skystis suderinamas su HP3V serijos siurbliu. \u017dr. gamintojo rekomendacijas d\u0117l atitinkamo skys\u010dio tipo, klampumo ir temperat\u016bros diapazono. Reguliariai steb\u0117kite ir pri\u017ei\u016br\u0117kite hidraulin\u012f skyst\u012f, kad u\u017etikrintum\u0117te tinkam\u0105 siurblio veikim\u0105 ir ilgaam\u017ei\u0161kum\u0105.<\/li>\n<li><strong>Veikimo parametrai:<\/strong> Susipa\u017einkite su siurblio valdymo parinktimis ir pakoreguokite veikimo parametrus pagal konkre\u010dius hidraulin\u0117s sistemos reikalavimus. Steb\u0117kite ir keiskite siurblio t\u016brio nustatymus, kad optimizuotum\u0117te na\u0161um\u0105 ir energijos vartojimo efektyvum\u0105.<\/li>\n<\/ul>\n<h2><strong>Kaip nuimti hidraulinio cilindro galin\u012f dangtel\u012f?<\/strong><\/h2>\n<p>Nor\u0117dami nuimti hidraulinio cilindro galin\u012f dangtel\u012f, atlikite \u0161iuos veiksmus:<\/p>\n<ol>\n<li><strong>Pasiruo\u0161imas u\u017eduo\u010diai:<\/strong>\n<ul>\n<li>\u012esitikinkite, kad hidraulin\u0117je sistemoje n\u0117ra sl\u0117gio ir ji atjungta.<\/li>\n<li>Nuvalykite cilindro i\u0161or\u0119, kad proceso metu nepatekt\u0173 \u0161iuk\u0161li\u0173.<\/li>\n<li>Pad\u0117kite cilindr\u0105 ant stabilaus darbinio pavir\u0161iaus ir pritvirtinkite j\u012f spaustukais arba spaustuvais.<\/li>\n<\/ul>\n<\/li>\n<li><strong>Nustatykite i\u0161laikymo mechanizmus:<\/strong>\n<ul>\n<li>Ap\u017ei\u016br\u0117kite cilindr\u0105, kad nustatytum\u0117te ant galinio dangtelio naudojam\u0105 tvirtinimo mechanizm\u0105. Tai gali b\u016bti var\u017etai, sriegin\u0117s jungtys, spaustukai arba tvirtinimo \u017eiedai.<\/li>\n<\/ul>\n<\/li>\n<li><strong>Var\u017et\u0173 arba tvirtinimo detali\u0173 nu\u0117mimas:<\/strong>\n<ul>\n<li>Jei galinis dangtelis pritvirtintas var\u017etais, juos atlaisvinkite ir nuimkite tinkamu ver\u017eliarak\u010diu arba lizdu.<\/li>\n<li>\u012esitikinkite, kad turite tinkam\u0105 prieig\u0105 prie vis\u0173 var\u017et\u0173, ir tolygiai juos i\u0161sukite, nepa\u017eeisdami cilindro ar galinio dangtelio.<\/li>\n<\/ul>\n<\/li>\n<li><strong>Atlaisvinkite sriegines jungtis:<\/strong>\n<ul>\n<li>Sriegin\u0117ms jungtims naudokite ver\u017eliarakt\u012f arba ver\u017eliarakt\u012f, kad atlaisvintum\u0117te galinio dangtelio ir cilindro korpuso jungt\u012f.<\/li>\n<li>\u0160velniai, bet tolygiai spauskite prie\u0161 laikrod\u017eio rodykl\u0119, kad atlaisvintum\u0117te sriegius.<\/li>\n<li>Atlaisvinus, toliau sukite galin\u012f dangtel\u012f ranka, kol j\u012f bus galima visi\u0161kai nuimti.<\/li>\n<\/ul>\n<\/li>\n<li><strong>Nuimkite fiksavimo \u017eiedus arba fiksavimo \u017eiedus:<\/strong>\n<ul>\n<li>Jei galinis dangtelis pritvirtintas spaustukais arba fiksavimo \u017eiedais, atsargiai nuimkite spaustuk\u0173 arba fiksavimo \u017eied\u0173 repl\u0117mis.<\/li>\n<li>\u012eki\u0161kite reples \u012f \u017eiedo galus ir suspauskite rankenas, kad suspaustum\u0117te \u017eied\u0105 ir j\u012f b\u016bt\u0173 galima i\u0161traukti i\u0161 griovelio.<\/li>\n<li>\u0160io proceso metu b\u016bkite atsarg\u016bs, kad nepa\u017eeistum\u0117te cilindro ar galinio dangtelio.<\/li>\n<\/ul>\n<\/li>\n<li><strong>Atskirkite galin\u012f dangtel\u012f:<\/strong>\n<ul>\n<li>Nu\u0117mus visus tvirtinimo mechanizmus, \u0161velniai pastuksenkite \u012f galin\u012f dangtel\u012f guminiu plaktuku arba mink\u0161tu plaktuku, kad j\u012f atlaisvintum\u0117te nuo cilindro korpuso.<\/li>\n<li>Tolygiai spauskite galin\u012f dangtel\u012f aplink jo perimetr\u0105, kad jis neu\u017estrigt\u0173 ir neu\u017estrigt\u0173.<\/li>\n<\/ul>\n<\/li>\n<li><strong>Ap\u017ei\u016br\u0117kite ir i\u0161valykite:<\/strong>\n<ul>\n<li>Nu\u0117mus galin\u012f dangtel\u012f, patikrinkite sandarinimo pavir\u0161ius, O \u017eiedus ir vidinius komponentus, ar n\u0117ra pa\u017eeidim\u0173 ar susid\u0117v\u0117jimo.<\/li>\n<li>Nuvalykite galin\u012f dangtel\u012f, cilindro korpus\u0105 ir visus susijusius komponentus nep\u016bkuota \u0161luoste arba tinkamu tirpikliu, kad pa\u0161alintum\u0117te visus ter\u0161alus ar \u0161iuk\u0161les.<\/li>\n<\/ul>\n<\/li>\n<\/ol>\n<h2><strong>Gamyklos paj\u0117gumai ir talpa:<\/strong><\/h2>\n<h3>(1) Surinkimas<\/h3>\n<p>Turime pirmos klas\u0117s nepriklausom\u0105 tyrim\u0173 ir pl\u0117tros surinkimo platform\u0105. Hidraulini\u0173 cilindr\u0173 gamybos ceche yra keturios pusiau automatin\u0117s k\u0117limo cilindr\u0173 surinkimo linijos ir viena automatin\u0117 pakreipimo cilindr\u0173 surinkimo linija, kuri\u0173 projektinis metinis gamybos paj\u0117gumas yra 1 milijonas vienet\u0173. Speciali\u0173j\u0173 cilindr\u0173 ceche \u012frengta \u012fvairi\u0173 specifikacij\u0173 pusiau automatin\u0117 valymo surinkimo sistema, kurios projektinis metinis gamybos paj\u0117gumas yra 200 000 vienet\u0173, ir garsi CNC apdirbimo \u012franga, apdirbimo centras, didelio tikslumo cilindr\u0173 apdirbimo speciali \u012franga, robotinis suvirinimo aparatas, automatinis valymo aparatas, automatinis cilindr\u0173 surinkimo aparatas ir automatin\u0117 da\u017eymo gamybos linija. Esama daugiau nei 300 rinkini\u0173 (komplekt\u0173) kritin\u0117 \u012franga. Optimalus \u012frangos i\u0161tekli\u0173 paskirstymas ir efektyvus naudojimas u\u017etikrina gamini\u0173 tikslumo reikalavimus ir auk\u0161tus gamini\u0173 kokyb\u0117s poreikius.<\/p>\n<p><img loading=\"lazy\" decoding=\"async\" class=\"alignnone wp-image-626\" src=\"https:\/\/hydraulic-cylinders.net\/wp-content\/uploads\/2023\/08\/hydraulic-cylinder-product-1-300x158.webp\" alt=\"\" width=\"495\" height=\"260\" srcset=\"https:\/\/hydraulic-cylinders.net\/wp-content\/uploads\/2023\/08\/hydraulic-cylinder-product-1-300x158.webp 495w, https:\/\/hydraulic-cylinders.net\/wp-content\/uploads\/2023\/08\/hydraulic-cylinder-product-1-480x252.webp 480w\" sizes=\"(min-width: 0px) and (max-width: 480px) 480px, (min-width: 481px) 495px, 100vw\" \/> <img loading=\"lazy\" decoding=\"async\" class=\"alignnone wp-image-627\" src=\"https:\/\/hydraulic-cylinders.net\/wp-content\/uploads\/2023\/08\/hydraulic-cylinder-product-2-300x189.webp\" alt=\"\" width=\"413\" height=\"260\" \/><\/p>\n<h3>(2) Apdirbimas<\/h3>\n<p>Mechaninio apdirbimo ceche \u012frengtas pritaikytas nuo\u017eulnaus b\u0117gio tekinimo centras, apdirbimo centras, greitaeigis galandimo stakl\u0117s, suvirinimo robotas ir kita susijusi \u012franga, galinti apdirbti cilindrinius vamzd\u017eius, kuri\u0173 maksimalus vidinis skersmuo yra 400 mm, o maksimalus ilgis \u2013 6 metrai.<\/p>\n<p><img loading=\"lazy\" decoding=\"async\" class=\"alignnone wp-image-628 size-large\" src=\"https:\/\/hydraulic-cylinders.net\/wp-content\/uploads\/2023\/08\/hydraulic-cylinder-product-3-1024x391.webp\" alt=\"\" width=\"1024\" height=\"391\" srcset=\"https:\/\/hydraulic-cylinders.net\/wp-content\/uploads\/2023\/08\/hydraulic-cylinder-product-3-980x374.webp 980w, https:\/\/hydraulic-cylinders.net\/wp-content\/uploads\/2023\/08\/hydraulic-cylinder-product-3-480x183.webp 480w\" sizes=\"(min-width: 0px) and (max-width: 480px) 480px, (min-width: 481px) and (max-width: 980px) 980px, (min-width: 981px) 1024px, 100vw\" \/><\/p>\n<h3>(3) Suvirinimas<\/h3>\n<p><img loading=\"lazy\" decoding=\"async\" class=\"alignnone wp-image-629 size-large\" src=\"https:\/\/hydraulic-cylinders.net\/wp-content\/uploads\/2023\/08\/hydraulic-cylinder-product-4-1024x510.webp\" alt=\"\" width=\"1024\" height=\"510\" srcset=\"https:\/\/hydraulic-cylinders.net\/wp-content\/uploads\/2023\/08\/hydraulic-cylinder-product-4-980x488.webp 980w, https:\/\/hydraulic-cylinders.net\/wp-content\/uploads\/2023\/08\/hydraulic-cylinder-product-4-480x239.webp 480w\" sizes=\"(min-width: 0px) and (max-width: 480px) 480px, (min-width: 481px) and (max-width: 980px) 980px, (min-width: 981px) 1024px, 100vw\" \/><\/p>\n<h3>(4) Da\u017eymas ir dengimas<\/h3>\n<p>Su ma\u017eomis ir vidutinio dyd\u017eio cilindrin\u0117mis automatin\u0117mis vandens pagrindo da\u017e\u0173 dengimo linijomis, siekiant automatinio robot\u0173 pakrovimo ir i\u0161krovimo bei automatinio pur\u0161kimo, projektinis paj\u0117gumas yra 4000 vienet\u0173 per pamain\u0105;<br \/>\nTaip pat turime pusiau automatin\u0119 dideli\u0173 cilindr\u0173 da\u017e\u0173 gamybos linij\u0105, varom\u0105 grandin\u0117s, kurios projektinis na\u0161umas yra 60 d\u0117\u017ei\u0173 per pamain\u0105.<\/p>\n<p><img loading=\"lazy\" decoding=\"async\" class=\"alignnone wp-image-630\" src=\"https:\/\/hydraulic-cylinders.net\/wp-content\/uploads\/2023\/08\/hydraulic-cylinder-product-5-300x213.webp\" alt=\"\" width=\"366\" height=\"260\" \/> <img loading=\"lazy\" decoding=\"async\" class=\"alignnone wp-image-631\" src=\"https:\/\/hydraulic-cylinders.net\/wp-content\/uploads\/2023\/08\/hydraulic-cylinder-product-6-300x225.webp\" alt=\"\" width=\"347\" height=\"260\" \/><\/p>\n<h3>(5) Testavimas<\/h3>\n<p>Turime auk\u0161\u010diausios klas\u0117s patikros patalpas ir bandym\u0173 stendus, kad u\u017etikrintume, jog baliono veikimas atitinka reikalavimus.<\/p>\n<p><img loading=\"lazy\" decoding=\"async\" class=\"alignnone wp-image-632\" src=\"https:\/\/hydraulic-cylinders.net\/wp-content\/uploads\/2023\/08\/hydraulic-cylinder-product-8-300x200.webp\" alt=\"\" width=\"389\" height=\"260\" \/><\/p>\n<p>&nbsp;<\/p>\n<p>&nbsp;<\/p>\n<p>Esame vienas geriausi\u0173 hidraulini\u0173 cilindr\u0173 gamintoj\u0173. Galime pasi\u016blyti i\u0161samius hidraulinius cilindrus. Taip pat teikiame atitinkamus <a href=\"https:\/\/hzpt.com\/agricultural-pto-gearbox\/\" target=\"_blank\" rel=\"noopener\">\u017eem\u0117s \u016bkio pavar\u0173 d\u0117\u017e\u0117s<\/a>Mes eksportuojame savo gaminius klientams visame pasaulyje ir peln\u0117me ger\u0105 reputacij\u0105 d\u0117l auk\u0161\u010diausios gamini\u0173 kokyb\u0117s ir aptarnavimo po pardavimo. Mes laukiame klient\u0173 \u0161alyje ir u\u017esienyje, norin\u010di\u0173 susisiekti su mumis der\u0117tis d\u0117l verslo, keistis informacija ir... <a href=\"https:\/\/www.hydraulic-cylinders.net\/lt\/contact-us\/\">bendradarbiauti su mumis<\/a>!<\/p>\n<p>&nbsp;<\/p>","protected":false},"excerpt":{"rendered":"<p>HP3V Series Axial Piston Variable Displacement Hydraulic Pump The HP3V series axial piston variable displacement hydraulic pump is a game-changer in hydraulic systems. This pump is designed with precision engineering and cutting-edge technology and delivers superior efficiency and performance, making it an indispensable component for various industrial applications. This comprehensive article will explore the key [&hellip;]<\/p>","protected":false},"featured_media":1932,"comment_status":"open","ping_status":"closed","template":"","meta":{"_et_pb_use_builder":"","_et_pb_old_content":"","_et_gb_content_width":""},"product_brand":[],"product_cat":[1425],"product_tag":[1380],"class_list":{"0":"post-1920","1":"product","2":"type-product","3":"status-publish","4":"has-post-thumbnail","6":"product_cat-piston-pump","7":"product_tag-hydraulic-cylinder","9":"first","10":"instock","11":"shipping-taxable","12":"product-type-simple"},"amp_enabled":true,"_links":{"self":[{"href":"https:\/\/www.hydraulic-cylinders.net\/lt\/wp-json\/wp\/v2\/product\/1920","targetHints":{"allow":["GET"]}}],"collection":[{"href":"https:\/\/www.hydraulic-cylinders.net\/lt\/wp-json\/wp\/v2\/product"}],"about":[{"href":"https:\/\/www.hydraulic-cylinders.net\/lt\/wp-json\/wp\/v2\/types\/product"}],"replies":[{"embeddable":true,"href":"https:\/\/www.hydraulic-cylinders.net\/lt\/wp-json\/wp\/v2\/comments?post=1920"}],"wp:featuredmedia":[{"embeddable":true,"href":"https:\/\/www.hydraulic-cylinders.net\/lt\/wp-json\/wp\/v2\/media\/1932"}],"wp:attachment":[{"href":"https:\/\/www.hydraulic-cylinders.net\/lt\/wp-json\/wp\/v2\/media?parent=1920"}],"wp:term":[{"taxonomy":"product_brand","embeddable":true,"href":"https:\/\/www.hydraulic-cylinders.net\/lt\/wp-json\/wp\/v2\/product_brand?post=1920"},{"taxonomy":"product_cat","embeddable":true,"href":"https:\/\/www.hydraulic-cylinders.net\/lt\/wp-json\/wp\/v2\/product_cat?post=1920"},{"taxonomy":"product_tag","embeddable":true,"href":"https:\/\/www.hydraulic-cylinders.net\/lt\/wp-json\/wp\/v2\/product_tag?post=1920"}],"curies":[{"name":"wp","href":"https:\/\/api.w.org\/{rel}","templated":true}]}}