{"id":19200,"date":"2025-04-07T06:17:44","date_gmt":"2025-04-07T06:17:44","guid":{"rendered":"https:\/\/www.hydraulic-cylinders.net\/product\/boom-cylinder-for-xcmg-large-excavator-xe370ca\/"},"modified":"2025-04-07T06:17:46","modified_gmt":"2025-04-07T06:17:46","slug":"boom-cylinder-for-xcmg-large-excavator-xe370ca","status":"publish","type":"product","link":"https:\/\/www.hydraulic-cylinders.net\/lt\/produktas\/boom-cylinder-for-xcmg-large-excavator-xe370ca\/","title":{"rendered":"XCMG didelio ekskavatoriaus XE370CA str\u0117l\u0117s cilindras"},"content":{"rendered":"<h1>XCMG didelio ekskavatoriaus XE370CA str\u0117l\u0117s cilindras<\/h1>\n<h2>Produkto ap\u017evalga<\/h2>\n<p>XCMG didelio ekskavatoriaus XE370CA str\u0117l\u0117s cilindras yra specializuotas hidraulinis cilindras, skirtas valdyti str\u0117l\u0117s jud\u0117jim\u0105 dideliuose ekskavatoriuose. \u0160is svarbus komponentas leid\u017eia tiksliai pakelti, nuleisti ir pakreipti str\u0117l\u0119, palengvindamas \u012fvairias med\u017eiag\u0173 tvarkymo u\u017eduotis. Hidrauliniai cilindrai, ypa\u010d str\u0117l\u0117s cilindrai, atlieka esmin\u012f vaidmen\u012f sunkiosios technikos hidraulin\u0117se sistemose, nes leid\u017eia efektyviai valdyti tokius priedus kaip kau\u0161ai ir \u017enypl\u0117s.<\/p>\n<p>\u0160ie cilindrai sukurti taip, kad u\u017etikrint\u0173 patikim\u0105 veikim\u0105 net sud\u0117tingomis s\u0105lygomis, tod\u0117l jie yra nepakei\u010diami statybose, kasyboje ir kitose sunkiasvor\u0117se srityse. Pagaminti i\u0161 auk\u0161tos kokyb\u0117s med\u017eiag\u0173, jie u\u017etikrina patvarum\u0105 ir ilgaam\u017ei\u0161kum\u0105, suma\u017eindami prie\u017ei\u016bros poreik\u012f ir prastovas.<\/p>\n<p><img decoding=\"async\" src=\"https:\/\/www.hydraulic-cylinders.net\/wp-content\/uploads\/2025\/04\/songte-company-1.webp\" alt=\"Hidraulinis cilindras ekskavatoriams\"><\/p>\n<h3>Pagrindin\u0117s savyb\u0117s<\/h3>\n<ul>\n<li><strong>Didelis stiprumas ir ilgaam\u017ei\u0161kumas:<\/strong> Pagaminti i\u0161 didelio stiprumo plieno arba aliuminio, \u0161ie cilindrai gali atlaikyti auk\u0161t\u0105 sl\u0117g\u012f ir dideles apkrovas, tod\u0117l tinkami at\u0161iaurioms darbo s\u0105lygoms.<\/li>\n<li><strong>Efektyvus hidraulinis valdymas:<\/strong> Jie naudoja hidraulin\u0117s alyvos sl\u0117g\u012f, kad skland\u017eiai i\u0161skleist\u0173 ir atitraukt\u0173, greitai reaguot\u0173 \u012f operatoriaus komandas ir u\u017etikrint\u0173 stipri\u0105 st\u016bmimo ir traukimo j\u0117g\u0105, idealiai tinkan\u010di\u0105 sunkiems daiktams kelti.<\/li>\n<li><strong>\u012evair\u016bs tipai:<\/strong> \u0160ie cilindrai, tiekiami vienpusio ir dvipusio veikimo konstrukcij\u0173, gali b\u016bti pritaikyti konkretiems eksploatavimo poreikiams. Kai kurie modeliai yra teleskopin\u0117s konstrukcijos, leid\u017eian\u010dios didesn\u012f i\u0161pl\u0117tim\u0105 nedidinant i\u0161orinio dyd\u017eio.<\/li>\n<li><strong>Individuali gamyba:<\/strong> Specializuojam\u0117s hidraulini\u0173 cilindr\u0173, kurie puikiai pakei\u010dia esamus modelius, gamyboje, u\u017etikrindami suderinamum\u0105 ir na\u0161um\u0105.<\/li>\n<li><strong>Taikymo universalumas:<\/strong> Idealiai tinka \u012fvairioms sunkiosios technikos reikm\u0117ms, \u012fskaitant ekskavatorius, ekskavatorinius krautuvus ir frontalinius krautuvus.<\/li>\n<\/ul>\n<p><img decoding=\"async\" src=\"https:\/\/www.hydraulic-cylinders.net\/wp-content\/uploads\/2025\/04\/songte-cylinder-head-with-all-kinds-excavator-models.webp\" alt=\"Ekskavatori\u0173 modeli\u0173 cilindro galvut\u0117\"><\/p>\n<h2>Parai\u0161kos<\/h2>\n<h3>Statybin\u0117 \u012franga<\/h3>\n<p>Ekskavatoriuose str\u0117l\u0117s cilindrai yra labai svarb\u016bs kasant, kraunant ir perkeliant grunt\u0105 ar \u0161iuk\u0161les. Jie suteikia reikiam\u0105 j\u0117g\u0105 prasiskverbti \u012f kiet\u0105 grunt\u0105, leisdami operatoriams efektyviai atlikti kasimo darbus. Ekskavatoriuose-krautuvuose str\u0117l\u0117s cilindras padeda ne tik kasti, bet ir kelti sunkius krovinius, pagerindamas bendr\u0105 ma\u0161inos funkcionalum\u0105 statybviet\u0117se.<\/p>\n<h3>\u017dem\u0117s \u016bkio technika<\/h3>\n<p>Priekiniuose krautuvuose str\u0117l\u0117s cilindrai yra b\u016btini norint semti, kelti ir transportuoti tokias med\u017eiagas kaip dirvo\u017eemis, \u0161ienas ir kiti \u017eem\u0117s \u016bkio produktai. D\u0117l galingo j\u0173 na\u0161umo \u016bkininkai gali valdyti sunkius krovinius, o tai prisideda prie efektyvesni\u0173 \u016bkininkavimo operacij\u0173 ir na\u0161umo.<\/p>\n<h3>Ekskavatoriai<\/h3>\n<p>\u0160ie cilindrai leid\u017eia ekskavatoriaus kau\u0161ui efektyviai \u012fsiskverbti \u012f dirv\u0105, palengvindami kasimo veiksmus, reikalingus pamatams ir tran\u0161\u0117joms i\u0161kasti. J\u0173 patikimumas u\u017etikrina, kad kasimo darbai gal\u0117t\u0173 vykti be pertr\u016bki\u0173, o tai yra labai svarbu projekto terminams.<\/p>\n<h3>Krautuvai<\/h3>\n<p>Priekiniuose krautuvuose str\u0117l\u0117s cilindrai padeda efektyviai kelti ir i\u0161versti krovinius. \u0160i galimyb\u0117 yra b\u016btina statybos ir kra\u0161tovaizd\u017eio tvarkymo projektuose, kur itin svarbus savalaikis med\u017eiag\u0173 tvarkymas. Tvirta \u0161i\u0173 cilindr\u0173 konstrukcija u\u017etikrina, kad jie gali susidoroti su sunki\u0173 med\u017eiag\u0173 k\u0117limo ir transportavimo poreikiais.<\/p>\n<h2>Dizaino aspektai<\/h2>\n<h3>Keliamoji galia<\/h3>\n<p>Str\u0117l\u0117s cilindro keliamoji galia yra labai svarbus aspektas j\u012f projektuojant. Jis turi atlaikyti maksimal\u0173 str\u0117l\u0117s pakeliam\u0105 svor\u012f, u\u017etikrinant saugum\u0105 ir eksploatavimo efektyvum\u0105. In\u017einieriai kruop\u0161\u010diai apskai\u010diuoja cilindro matmenis ir med\u017eiagos stiprum\u0105, kad pasiekt\u0173 reikiam\u0105 keliam\u0105j\u0105 gali\u0105.<\/p>\n<h3>Sandarinimo efektyvumas<\/h3>\n<p>Efektyvus sandarinimas yra nepaprastai svarbus hidrauliniuose cilindruose, siekiant i\u0161vengti nuot\u0117ki\u0173 ir palaikyti sl\u0117g\u012f. Naudojamos pa\u017eangios sandarinimo technologijos, \u012fskaitant sandariklius, pagamintus i\u0161 patvari\u0173 med\u017eiag\u0173, toki\u0173 kaip poliuretanas ir nitrilo kau\u010diukas. \u0160ie sandarikliai u\u017etikrina ilgaam\u017ei\u0161kum\u0105 ir patikimum\u0105 net esant dideliam sl\u0117giui ir aplinkos s\u0105lygoms.<\/p>\n<h3>Patvarumas<\/h3>\n<p>Patvarumas yra pagrindinis str\u0117l\u0117s cilindr\u0173 konstrukcijos veiksnys. Jie turi atlaikyti sunkias s\u0105lygas, \u012fskaitant abrazyvini\u0173 ir korozini\u0173 med\u017eiag\u0173 poveik\u012f. Didelio stiprumo med\u017eiag\u0173 ir apsaugini\u0173 dang\u0173 pasirinkimas \u017eymiai pailgina cilindro tarnavimo laik\u0105 ir na\u0161um\u0105.<\/p>\n<h3>Saugumas<\/h3>\n<p>Saugos funkcijos yra neatsiejama str\u0117l\u0117s cilindr\u0173 konstrukcijos dalis, u\u017etikrinanti, kad jie veikt\u0173 be gedim\u0173 rizikos. Tai apima apsaugini\u0173 vo\u017etuv\u0173 ir sl\u0117gio ma\u017einimo mechanizm\u0173 \u012frengim\u0105, siekiant i\u0161vengti perkrovos ir galim\u0173 nelaiming\u0173 atsitikim\u0173 eksploatacijos metu.<\/p>\n<h3>Prieinamumas prie prie\u017ei\u016bros<\/h3>\n<p>Hidraulini\u0173 cilindr\u0173 projektavimas taip, kad juos b\u016bt\u0173 lengva pri\u017ei\u016br\u0117ti. Tai apima prieinamum\u0105 ap\u017ei\u016brai, tepimui ir sandarikli\u0173 keitimui. Konstrukcija, u\u017etikrinanti paprast\u0105 prie\u017ei\u016br\u0105, pailgina cilindro tarnavimo laik\u0105 ir u\u017etikrina maksimal\u0173 jo efektyvum\u0105.<\/p>\n<p><img decoding=\"async\" src=\"https:\/\/www.hydraulic-cylinders.net\/wp-content\/uploads\/2025\/04\/songte-oil-pipes-and-spare-parts.webp\" alt=\"Hidraulini\u0173 cilindr\u0173 dalys\"><\/p>\n<h2>Sandarikliai ir tepimas<\/h2>\n<p>Siekiant u\u017etikrinti optimal\u0173 na\u0161um\u0105, str\u0117l\u0117s cilindruose naudojami \u012fvair\u016bs sandarikliai, \u012fskaitant st\u016bmoklinius ir kot\u0173 sandariklius. D\u0117l savo ilgaam\u017ei\u0161kumo pirmenyb\u0117 teikiama sandarikliams, pagamintiems i\u0161 atspari\u0173 dilimui med\u017eiag\u0173, toki\u0173 kaip poliuretanas ir nitrilo kau\u010diukas. Cilindro korpusas ir srieginiai galiniai pavir\u0161iai yra kruop\u0161\u010diai apdirbami, siekiant padidinti atsparum\u0105 dilimui ir sandarumo savybes.<\/p>\n<p>Reguliarus tepimas yra b\u016btinas norint i\u0161laikyti hidraulin\u0117s sistemos veikim\u0105. Norint u\u017etikrinti skland\u0173 veikim\u0105 ir i\u0161vengti sandarikli\u0173 bei vidini\u0173 komponent\u0173 susid\u0117v\u0117jimo, reikia periodi\u0161kai \u012fpilti pakankamo kiekio hidraulin\u0117s alyvos. Tinkamas tepimas ne tik pagerina na\u0161um\u0105, bet ir pailgina cilindro tarnavimo laik\u0105.<\/p>\n<h2>Prie\u017ei\u016bros priemon\u0117s<\/h2>\n<ul>\n<li><strong>Reguliar\u016bs patikrinimai:<\/strong> Reguliariai tikrinkite, ar n\u0117ra susid\u0117v\u0117jimo, pa\u017eeidim\u0173 ar nuot\u0117ki\u0173 po\u017eymi\u0173. Tai padeda nustatyti galimas problemas, kol jos nepa\u016bm\u0117jo, u\u017etikrinant eksploatavimo saug\u0105 ir efektyvum\u0105.<\/li>\n<li><strong>Tinkamas tepimas:<\/strong> U\u017etikrinkite, kad hidraulin\u0117s alyvos lygis b\u016bt\u0173 palaikomas, o sandarikliai b\u016bt\u0173 tinkamai sutepti, kad neperkaist\u0173 ir nesusid\u0117v\u0117t\u0173.<\/li>\n<li><strong>Sandariklio keitimas:<\/strong> Reguliariai tikrinkite tarpikli\u0173 b\u016bkl\u0119 ir prireikus juos pakeiskite, kad i\u0161vengtum\u0117te hidraulinio skys\u010dio nuot\u0117kio, kuris gali pakenkti sistemos veikimui.<\/li>\n<\/ul>\n<h2>\u012erengimo gair\u0117s<\/h2>\n<p>Str\u0117l\u0117s cilindro montavimas reikalauja kruop\u0161taus d\u0117mesio detal\u0117ms, siekiant u\u017etikrinti tinkam\u0105 sulygiavim\u0105 ir veikim\u0105. Pirmiausia \u012fsitikinkite, kad tvirtinimo pavir\u0161iai yra \u0161var\u016bs ir be \u0161iuk\u0161li\u0173. Naudokite tinkamus tvirtinimo laikiklius, kad pritvirtintum\u0117te cilindr\u0105 vietoje. Prie\u0161 priver\u017edami tvirtinimo detales, sulygiuokite cilindr\u0105 reikiamu kampu ir prireikus sureguliuokite.<\/p>\n<p>Toliau prijunkite hidraulines linijas, \u012fsitikindami, kad jos n\u0117ra sulenktos ar pa\u017eeistos. Patikrinkite, ar teisingas j\u0173 i\u0161d\u0117stymas, kad i\u0161vengtum\u0117te judan\u010di\u0173 dali\u0173 susid\u0117v\u0117jimo. Prijung\u0119, pripildykite hidraulin\u0119 sistem\u0105 rekomenduojamos alyvos ir i\u0161leiskite i\u0161 sistemos or\u0105, kad u\u017etikrintum\u0117te optimal\u0173 veikim\u0105. \u012edieg\u0119, patikrinkite cilindr\u0105 esant apkrovai, kad patvirtintum\u0117te tinkam\u0105 veikim\u0105, ir atlikite visus reikiamus reguliavimus.<\/p>\n<h2>\u012eprastos prie\u017ei\u016bros u\u017eduotys<\/h2>\n<h3>Reguliar\u016bs patikrinimai<\/h3>\n<p>Reguliar\u016bs patikrinimai yra gyvybi\u0161kai svarb\u016bs hidraulini\u0173 cilindr\u0173 ilgaam\u017ei\u0161kumui. Ie\u0161kokite susid\u0117v\u0117jimo po\u017eymi\u0173, \u012fskaitant \u012ftr\u016bkimus, i\u0161sip\u016btimus ar nuot\u0117kius. Ankstyvas galim\u0173 problem\u0173 nustatymas gali pad\u0117ti i\u0161vengti rimtesni\u0173 problem\u0173 ir brangi\u0173 prastov\u0173. Reguliariai atlikite vizualinius patikrinimus ir atlikite i\u0161samius patikrinimus planin\u0117s prie\u017ei\u016bros metu.<\/p>\n<h3>Tinkamas tepimas<\/h3>\n<p>\u012esitikinkite, kad hidraulin\u0117 sistema yra tinkamai sutepta, kad b\u016bt\u0173 i\u0161vengta trinties ir nusid\u0117v\u0117jimo. Reguliariai tikrinkite alyvos lyg\u012f ir keiskite alyv\u0105 pagal gamintojo rekomendacijas. Tinkamas tepimas u\u017etikrina skland\u0173 veikim\u0105 ir suma\u017eina gedim\u0173 d\u0117l saus\u0173 komponent\u0173 rizik\u0105.<\/p>\n<h3>Tarpikli\u0173 keitimas ir kalibravimo patikrinimai<\/h3>\n<p>Laikui b\u0117gant, sandarikliai gali susid\u0117v\u0117ti d\u0117l hidraulinio skys\u010dio ir aplinkos s\u0105lyg\u0173 poveikio. Reguliariai tikrinkite ir prireikus keiskite sandariklius, kad i\u0161laikytum\u0117te sistemos vientisum\u0105. Taip pat reik\u0117t\u0173 atlikti kalibravimo patikrinimus, siekiant u\u017etikrinti, kad cilindras veikt\u0173 pagal nurodytus parametrus, ir i\u0161vengti eksploatacini\u0173 problem\u0173.<\/p>\n<p><img decoding=\"async\" src=\"https:\/\/www.hydraulic-cylinders.net\/wp-content\/uploads\/2025\/04\/songte-chushion-collar.webp\" alt=\"Pagalv\u0117l\u0117s apykakl\u0117\"><\/p>\n<h2>Saugos aspektai<\/h2>\n<p>Dirbant su hidrauliniais cilindrais, saugos priemon\u0117s yra nepaprastai svarbios. \u012esitikinkite, kad visi darbuotojai yra apmokyti tinkamai elgtis su hidrauline \u012franga ir supranta su tuo susijusi\u0105 rizik\u0105. Naudokite tinkamas asmenines apsaugos priemones (AAP) ir u\u017etikrinkite, kad visos \u012frangos saugos funkcijos veikt\u0173. Reguliar\u016bs saugos auditai gali pad\u0117ti nustatyti galimus pavojus ir u\u017etikrinti saugos standart\u0173 laikym\u0105si.<\/p>\n<h2>Da\u017eniausiai pasitaikan\u010di\u0173 problem\u0173 \u0161alinimas<\/h2>\n<ul>\n<li><strong>Nuot\u0117kis:<\/strong> Patikrinkite, ar n\u0117ra pa\u017eeist\u0173 sandarikli\u0173 ar atsilaisvinusi\u0173 jung\u010di\u0173, nes tai gali b\u016bti gedimo prie\u017eastis. Prireikus pakeiskite sandariklius ir \u012fsitikinkite, kad visos jungtys yra priver\u017etos.<\/li>\n<li><strong>L\u0117tas veikimas:<\/strong> Tai gali rodyti \u017eem\u0105 hidraulinio skys\u010dio lyg\u012f arba sistemoje \u012fstrigusi\u0105 or\u0105. \u012esitikinkite, kad skys\u010dio papildyta, ir i\u0161leiskite i\u0161 sistemos or\u0105.<\/li>\n<li><strong>Nenuoseklus na\u0161umas:<\/strong> Na\u0161umo svyravimus gali sukelti hidraulinio skys\u010dio u\u017eter\u0161tumas. Reguliariai tikrinkite ir keiskite hidraulin\u012f skyst\u012f, kad palaikytum\u0117te sistemos veikim\u0105.<\/li>\n<\/ul>\n<h2>Trik\u010di\u0173 \u0161alinimo patarimai<\/h2>\n<p>Nor\u0117dami veiksmingai spr\u0119sti hidraulini\u0173 cilindr\u0173 problemas, pirmiausia atlikite i\u0161sam\u0173 patikrinim\u0105, kad nustatytum\u0117te matomas problemas. Patikrinkite, ar n\u0117ra nuot\u0117ki\u0173, ar visos \u017earnos ir jungiamosios detal\u0117s yra sandarios ir vientisos. Jei variklis veikia l\u0117tai, patikrinkite, ar hidraulinio skys\u010dio lygis yra tinkamas ir ar linijose n\u0117ra u\u017esikim\u0161im\u0173. Reguliarus profilaktinis aptarnavimas, \u012fskaitant savalaik\u012f skys\u010di\u0173 keitim\u0105 ir sandarikli\u0173 patikrinim\u0105, gali suma\u017einti \u0161i\u0173 problem\u0173 atsiradim\u0105.<\/p>\n<p><img decoding=\"async\" src=\"https:\/\/www.hydraulic-cylinders.net\/wp-content\/uploads\/2025\/04\/songte-bushings-with-all-kinds-of-excavator-models.webp\" alt=\"Ekskavatoriaus \u012fvor\u0117s\"><\/p>\n<h2>Apie m\u016bs\u0173 \u012fmon\u0119<\/h2>\n<p>Esame pirmaujantis hidraulini\u0173 cilindr\u0173 gamintojas, specializuojantis auk\u0161tos kokyb\u0117s pakaitini\u0173 hidraulini\u0173 cilindr\u0173, skirt\u0173 \u012fvairioms ma\u0161inoms, gamyboje. Tur\u0117dami plat\u0173 gamini\u0173 asortiment\u0105, \u012fsitvirtinome kaip vieni i\u0161 pirmaujan\u010di\u0173 gamintoj\u0173 ir didmeninink\u0173 tiek vidaus, tiek tarptautin\u0117se rinkose. M\u016bs\u0173 \u012fsipareigojim\u0105 siekti meistri\u0161kumo pagrind\u017eia sud\u0117tingas gamybos procesas, kuriame derinamas kvalifikuotas darbas, pa\u017eangi skaitmenin\u0117 gamybos \u012franga ir grie\u017etos kokyb\u0117s kontrol\u0117s sistemos.<\/p>\n<p>M\u016bs\u0173 \u012fmon\u0117 daugiausia d\u0117mesio skiria gamybos paj\u0117gum\u0173 didinimui nuolat tobulindama ir diegdama inovacijas. Visuose savo gaminiuose teikiame pirmenyb\u0119 auk\u0161tam efektyvumui, tikslumui ir kokybei, u\u017etikrindami, kad patenkintume \u012fvairius klient\u0173 poreikius.<\/p>\n<h3>Profesionali kompetencija<\/h3>\n<p>M\u016bs\u0173 komand\u0105 sudaro patyr\u0119 in\u017einieriai ir technikai, kurie yra pasiry\u017e\u0119 teikti individualius sprendimus m\u016bs\u0173 klientams. Si\u016blome individualias paslaugas, kad patenkintume konkre\u010dius hidraulini\u0173 cilindr\u0173 reikalavimus, u\u017etikrindami suderinamum\u0105 ir optimal\u0173 na\u0161um\u0105.<\/p>\n<h3>Tarptautiniai sertifikatai<\/h3>\n<p>Laikom\u0117s tarptautini\u0173 gamybos standart\u0173 ir turime \u012fvairius sertifikatus, patvirtinan\u010dius m\u016bs\u0173 \u012fsipareigojim\u0105 kokybei ir saugai. Tai u\u017etikrina, kad m\u016bs\u0173 klientai gaut\u0173 patikimus produktus, atitinkan\u010dius pasaulinius pramon\u0117s standartus.<\/p>\n<h3>Gamybos \u012franga<\/h3>\n<p>M\u016bs\u0173 moderniausi gamybos \u012frenginiai apr\u016bpinti naujausiomis technologijomis, siekiant u\u017etikrinti auk\u0161\u010diausius gamybos standartus. Tai apima automatizuotas ma\u0161inas ir tikslius \u012frankius, kurie didina gamybos efektyvum\u0105 ir gamini\u0173 kokyb\u0119.<\/p>\n<h3>Aptarnavimas po pardavimo<\/h3>\n<p>Savo klientams teikiame visapusi\u0161k\u0105 garantin\u012f aptarnavim\u0105, \u012fskaitant technin\u0119 prie\u017ei\u016br\u0105 ir aptarnavim\u0105. M\u016bs\u0173 atsidavusi klient\u0173 aptarnavimo komanda pasiruo\u0161usi atsakyti \u012f u\u017eklausas, teikti technin\u0119 pagalb\u0105 ir u\u017etikrinti klient\u0173 pasitenkinim\u0105.<\/p>\n<p><img decoding=\"async\" src=\"https:\/\/www.hydraulic-cylinders.net\/wp-content\/uploads\/2025\/04\/songte-company-4.webp\" alt=\"\u012emon\u0117s paveiksl\u0117lis 1\"><br \/>\n<img decoding=\"async\" src=\"https:\/\/www.hydraulic-cylinders.net\/wp-content\/uploads\/2025\/04\/songte-company-3.webp\" alt=\"\u012emon\u0117s paveiksl\u0117lis 2\"><\/p>\n<p>Autorius: lyl<\/p>","protected":false},"excerpt":{"rendered":"<p>Boom Cylinder For XCMG Large Excavator XE370CA Product Overview The Boom Cylinder for XCMG Large Excavator XE370CA is a specialized hydraulic cylinder designed to manage the movement of the boom on large excavators. This critical component enables the precise lifting, lowering, and tilting of the boom, facilitating a wide range of material handling tasks. Hydraulic [&hellip;]<\/p>","protected":false},"featured_media":17871,"comment_status":"open","ping_status":"closed","template":"","meta":{"_et_pb_use_builder":"","_et_pb_old_content":"","_et_gb_content_width":""},"product_brand":[],"product_cat":[1546],"product_tag":[1547,1496],"class_list":{"0":"post-19200","1":"product","2":"type-product","3":"status-publish","4":"has-post-thumbnail","6":"product_cat-boom-cylinders","7":"product_tag-boom-cylinders","8":"product_tag-hydraulic-cylinders","10":"first","11":"instock","12":"shipping-taxable","13":"product-type-simple"},"amp_enabled":true,"_links":{"self":[{"href":"https:\/\/www.hydraulic-cylinders.net\/lt\/wp-json\/wp\/v2\/product\/19200","targetHints":{"allow":["GET"]}}],"collection":[{"href":"https:\/\/www.hydraulic-cylinders.net\/lt\/wp-json\/wp\/v2\/product"}],"about":[{"href":"https:\/\/www.hydraulic-cylinders.net\/lt\/wp-json\/wp\/v2\/types\/product"}],"replies":[{"embeddable":true,"href":"https:\/\/www.hydraulic-cylinders.net\/lt\/wp-json\/wp\/v2\/comments?post=19200"}],"wp:featuredmedia":[{"embeddable":true,"href":"https:\/\/www.hydraulic-cylinders.net\/lt\/wp-json\/wp\/v2\/media\/17871"}],"wp:attachment":[{"href":"https:\/\/www.hydraulic-cylinders.net\/lt\/wp-json\/wp\/v2\/media?parent=19200"}],"wp:term":[{"taxonomy":"product_brand","embeddable":true,"href":"https:\/\/www.hydraulic-cylinders.net\/lt\/wp-json\/wp\/v2\/product_brand?post=19200"},{"taxonomy":"product_cat","embeddable":true,"href":"https:\/\/www.hydraulic-cylinders.net\/lt\/wp-json\/wp\/v2\/product_cat?post=19200"},{"taxonomy":"product_tag","embeddable":true,"href":"https:\/\/www.hydraulic-cylinders.net\/lt\/wp-json\/wp\/v2\/product_tag?post=19200"}],"curies":[{"name":"wp","href":"https:\/\/api.w.org\/{rel}","templated":true}]}}