{"id":19201,"date":"2025-04-07T06:17:46","date_gmt":"2025-04-07T06:17:46","guid":{"rendered":"https:\/\/www.hydraulic-cylinders.net\/product\/boom-cylinder-for-xcmg-large-excavator-xe490ch\/"},"modified":"2025-04-07T06:17:49","modified_gmt":"2025-04-07T06:17:49","slug":"boom-cylinder-for-xcmg-large-excavator-xe490ch","status":"publish","type":"product","link":"https:\/\/www.hydraulic-cylinders.net\/lt\/produktas\/boom-cylinder-for-xcmg-large-excavator-xe490ch\/","title":{"rendered":"XCMG didelio ekskavatoriaus XE490CH str\u0117l\u0117s cilindras"},"content":{"rendered":"<h1>XCMG didelio ekskavatoriaus XE490CH str\u0117l\u0117s cilindras<\/h1>\n<h2>Produkto ap\u017evalga<\/h2>\n<p>XCMG didelio ekskavatoriaus XE490CH str\u0117l\u0117s cilindras yra specializuotas hidraulinis cilindras, skirtas ekskavatoriaus str\u0117l\u0117s jud\u0117jimui valdyti. \u0160is labai svarbus komponentas atlieka svarb\u0173 vaidmen\u012f hidraulin\u0117se sistemose, leisdamas sunkiosioms ma\u0161inoms efektyviai atlikti \u012fvairias u\u017eduotis. Str\u0117l\u0117s cilindras leid\u017eia ekskavatoriui pakelti, nuleisti ir pakreipti str\u0117l\u0119, palengvindamas med\u017eiag\u0173 tvarkymo operacijas, tokias kaip kasimas, krovimas ir \u017eem\u0117s ar \u0161iuk\u0161li\u0173 perk\u0117limas.<\/p>\n<p><img decoding=\"async\" src=\"https:\/\/www.hydraulic-cylinders.net\/wp-content\/uploads\/2025\/04\/songte-company-1.webp\" alt=\"Str\u0117l\u0117s cilindras\"><\/p>\n<h3>Kau\u0161o cilindro apibr\u0117\u017eimas<\/h3>\n<p>Kau\u0161o cilindras yra hidraulinio cilindro tipas, specialiai naudojamas kau\u0161\u0173 jud\u0117jimui valdyti \u012fvairiose sunkiosiose ma\u0161inose, \u012fskaitant ekskavatorius, ekskavatorinius krautuvus ir frontalinius krautuvus. Tai esminis hidraulini\u0173 sistem\u0173 elementas, u\u017etikrinantis reikiam\u0105 j\u0117g\u0105 ir valdym\u0105 kasimo ir med\u017eiag\u0173 tvarkymo u\u017eduotims atlikti. U\u017etikrindamas tiksl\u0173 kau\u0161o jud\u0117jim\u0105, cilindras padidina bendr\u0105 ma\u0161inos efektyvum\u0105 ir na\u0161um\u0105.<\/p>\n<h2>Str\u0117l\u0117s cilindro savyb\u0117s<\/h2>\n<ul>\n<li><strong>Didelis stiprumas ir ilgaam\u017ei\u0161kumas:<\/strong> Pagamintas i\u0161 didelio stiprumo plieno arba aliuminio, \u0161is cilindras gali atlaikyti auk\u0161t\u0105 sl\u0117g\u012f ir dideles apkrovas, tod\u0117l tinka at\u0161iaurioms darbo aplinkoms. Jo konstrukcija atsi\u017evelg\u0117 \u012f atsparum\u0105 dilimui ir korozijai, o tai pailgina jo tarnavimo laik\u0105.<\/li>\n<li><strong>Efektyvus hidraulinis valdymas:<\/strong> Jis naudoja hidraulin\u0117s alyvos sl\u0117g\u012f, kad u\u017etikrint\u0173 skland\u0173 i\u0161st\u016bmim\u0105 ir \u012ftraukim\u0105, greitai reaguodamas \u012f operatoriaus komandas ir u\u017etikrindamas didel\u0119 st\u016bmimo bei traukimo j\u0117g\u0105, idealiai tinka sunkiems daiktams tvarkyti ir sud\u0117tingoms u\u017eduotims atlikti.<\/li>\n<li><strong>\u012evair\u016bs tipai:<\/strong> Cilindras, tiekiamas vienpusio veikimo (naudojant hidraulin\u012f sl\u0117g\u012f viena kryptimi) arba dvipusio veikimo (naudojant hidraulin\u012f sl\u0117g\u012f abiem kryptimis), gali b\u016bti pritaikytas konkretiems eksploataciniams reikalavimams. Kai kurie modeliai yra teleskopiniai, tod\u0117l juos galima labiau prailginti nedidinant i\u0161orini\u0173 matmen\u0173, tod\u0117l jie tinka naudoti ribotoje erdv\u0117je.<\/li>\n<\/ul>\n<h2>Gamybos paj\u0117gumai<\/h2>\n<p>Esame pasireng\u0119 gaminti str\u0117l\u0117s cilindrus, u\u017etikrindami, kad m\u016bs\u0173 gaminiai puikiai pakeis esamus hidraulinius cilindrus \u012fvairiose srityse.<\/p>\n<p><img decoding=\"async\" src=\"https:\/\/www.hydraulic-cylinders.net\/wp-content\/uploads\/2025\/04\/songte-cylinder-head-with-all-kinds-excavator-models.webp\" alt=\"Ekskavatori\u0173 modeliai\"><\/p>\n<h2>Taikymo scenarijai<\/h2>\n<ul>\n<li><strong>Statybin\u0117 \u012franga:<\/strong> Ekskavatoriuose str\u0117l\u0117s cilindras yra gyvybi\u0161kai svarbus kasant, kraunant ir transportuojant grunt\u0105 ar \u0161iuk\u0161les. Jis leid\u017eia kau\u0161ui efektyviai \u012fsiskverbti \u012f \u017eem\u0119, tod\u0117l kasimo darbai tampa greitesni ir efektyvesni.<\/li>\n<li><strong>\u017dem\u0117s \u016bkio technika:<\/strong> Priekiniuose krautuvuose naudojamas str\u0117l\u0117s cilindras palengvina dirvo\u017eemio, \u0161ieno ir kit\u0173 med\u017eiag\u0173 k\u0117lim\u0105, k\u0117lim\u0105 ir transportavim\u0105. Jis u\u017etikrina greit\u0105 ir efektyv\u0173 med\u017eiag\u0173 tvarkym\u0105 \u017eem\u0117s \u016bkio aplinkoje.<\/li>\n<li><strong>Ekskavatoriai:<\/strong> Kau\u0161o cilindras leid\u017eia ekskavatoriui giliai \u012fsikasti \u012f dirv\u0105, suteikdamas reikiam\u0105 j\u0117g\u0105 pralau\u017eti sud\u0117ting\u0105 reljef\u0105 ir atlikti didelius kasimo darbus.<\/li>\n<li><strong>Krautuvai:<\/strong> Priekiniuose krautuvuose str\u0117l\u0117s cilindras padeda efektyviai kelti ir i\u0161versti krovinius, u\u017etikrindamas, kad med\u017eiagas b\u016bt\u0173 galima perkelti greitai ir minimaliomis pastangomis.<\/li>\n<\/ul>\n<h2>Projektavimo aspektai ir atrankos kriterijai<\/h2>\n<ul>\n<li><strong>Keliamoji galia:<\/strong> Projektuojant reikia atsi\u017evelgti \u012f maksimali\u0105 cilindro apkrov\u0105. Siekiant u\u017etikrinti saug\u0105 ir na\u0161um\u0105, labai svarbu u\u017etikrinti, kad cilindras atlaikyt\u0173 numatom\u0105 svor\u012f.<\/li>\n<li><strong>Sandarinimo efektyvumas:<\/strong> Efektyvus sandarinimas yra b\u016btinas siekiant i\u0161vengti hidraulinio skys\u010dio nuot\u0117ki\u0173, kurie gali sukelti sistemos gedimus. Auk\u0161tos kokyb\u0117s sandarikliai turi atlaikyti sl\u0117g\u012f, temperat\u016bros svyravimus ir nusid\u0117v\u0117jim\u0105 laikui b\u0117gant.<\/li>\n<li><strong>Patvarumas:<\/strong> Baliono gamybai naudojamos med\u017eiagos turi b\u016bti atsparios dilimui ir korozijai, kad jis gal\u0117t\u0173 efektyviai veikti \u012fvairiomis aplinkos s\u0105lygomis.<\/li>\n<li><strong>Saugos funkcijos:<\/strong> Saugos mechanizm\u0173 \u012fdiegimas yra labai svarbus siekiant apsaugoti operatorius ir ma\u0161inas nuo galim\u0173 pavoj\u0173 eksploatacijos metu.<\/li>\n<li><strong>Prie\u017ei\u016bra:<\/strong> Gerai suprojektuotas hidraulinis cilindras tur\u0117t\u0173 u\u017etikrinti lengv\u0105 prieig\u0105 prie jo atliekant technin\u0119 prie\u017ei\u016br\u0105 ir remont\u0105, u\u017etikrinant, kad prastovos b\u016bt\u0173 kuo ma\u017eesn\u0117s, o tarnavimo laikas \u2013 kuo ilgesnis.<\/li>\n<\/ul>\n<p><img decoding=\"async\" src=\"https:\/\/www.hydraulic-cylinders.net\/wp-content\/uploads\/2025\/04\/songte-oil-pipes-and-spare-parts.webp\" alt=\"Naftos vamzd\u017eiai ir atsargin\u0117s dalys\"><\/p>\n<h2>Sandarinimas ir tepimas<\/h2>\n<p>Hidraulinio cilindro efektyvumas labai priklauso nuo jo sandarinimo ir tepimo sistem\u0173. \u012evair\u016bs sandarikliai, tokie kaip st\u016bmokli\u0173 ir kot\u0173 sandarikliai, yra labai svarb\u016bs siekiant i\u0161vengti skys\u010dio nuot\u0117kio. Sandarikliai da\u017enai pasirenkami i\u0161 patvari\u0173 med\u017eiag\u0173, toki\u0173 kaip poliuretanas ir nitrilo kau\u010diukas, kurios pasi\u017eymi puikiu atsparumu dilimui. Be to, tiek cilindro korpusas, tiek srieginiai galiniai pavir\u0161iai yra kruop\u0161\u010diai apdorojami, siekiant padidinti j\u0173 atsparum\u0105 dilimui. Reguliarus tepimas hidrauline alyva yra b\u016btinas norint u\u017etikrinti skland\u0173 veikim\u0105 ir i\u0161vengti dilimo.<\/p>\n<h2>Reguliarus patikrinimas ir prevencin\u0117 prie\u017ei\u016bra<\/h2>\n<ul>\n<li><strong>\u012eprastiniai patikrinimai:<\/strong> Reguliari\u0173 patikr\u0173 grafiko sudarymas gali pad\u0117ti nustatyti galimas problemas, kol jos netapo rimtomis. Ie\u0161kokite susid\u0117v\u0117jimo, nuot\u0117ki\u0173 ar netaisyklingo veikimo po\u017eymi\u0173.<\/li>\n<li><strong>Tinkamas tepimas:<\/strong> Visada u\u017etikrinkite, kad cilindras b\u016bt\u0173 tinkamai suteptas. Tai ne tik padeda u\u017etikrinti skland\u0173 veikim\u0105, bet ir apsaugo vidinius komponentus nuo per didelio susid\u0117v\u0117jimo.<\/li>\n<li><strong>Sandariklio keitimas:<\/strong> Laikui b\u0117gant, sandarikliai gali susid\u0117v\u0117ti ir juos reikia keisti. Reguliariai tikrinant ir laiku kei\u010diant susid\u0117v\u0117jusius sandariklius galima i\u0161vengti nuot\u0117ki\u0173 ir pailginti cilindro tarnavimo laik\u0105.<\/li>\n<\/ul>\n<h2>\u012erengimo gair\u0117s<\/h2>\n<p>Tinkamas str\u0117l\u0117s cilindro montavimas yra labai svarbus jo veikimui ir ilgaam\u017ei\u0161kumui. Pirmiausia \u012fsitikinkite, kad tvirtinimo kron\u0161teinai yra tinkamai sulygiuoti ir cilindras yra tvirtai pritvirtintas. Montuodami, jei reikia, naudokite atitinkamus tarpiklius, kad pasiektum\u0117te tinkam\u0105 sulygiavim\u0105. Taip pat rekomenduojama sriegines vietas sandarinti sriegiais, kad b\u016bt\u0173 i\u0161vengta nuot\u0117ki\u0173. Po montavimo patikrinkite hidraulin\u0119 sistem\u0105, kad \u012fsitikintum\u0117te, jog n\u0117ra nuot\u0117ki\u0173 ir kad cilindras veikia skland\u017eiai.<\/p>\n<h2>Prie\u017ei\u016bros u\u017eduotys<\/h2>\n<ul>\n<li><strong>Reguliar\u016bs patikrinimai:<\/strong> Reguliar\u016bs vizualiniai patikrinimai gali pad\u0117ti anksti nustatyti galimas problemas. Ie\u0161kokite susid\u0117v\u0117jimo, nuot\u0117ki\u0173 ar nesuderinamumo po\u017eymi\u0173, kurie gal\u0117t\u0173 tur\u0117ti \u012ftakos veikimui.<\/li>\n<li><strong>Tinkamas tepimas:<\/strong> Reguliariai sutepkite cilindr\u0105 rekomenduojama hidrauline alyva, kad u\u017etikrintum\u0117te skland\u0173 veikim\u0105 ir suma\u017eintum\u0117te nusid\u0117v\u0117jim\u0105. Atsi\u017evelgdami \u012f \u012frangos naudojimo da\u017enum\u0105, sudarykite tepimo grafik\u0105.<\/li>\n<li><strong>Sandariklio keitimas:<\/strong> Reguliariai tikrinkite tarpiklius, ar n\u0117ra susid\u0117v\u0117jimo ar pa\u017eeidim\u0173 po\u017eymi\u0173. Tarpikli\u0173 keitimas, kai reikia, yra labai svarbus norint i\u0161laikyti hidraulin\u0117s sistemos vientisum\u0105 ir veikim\u0105.<\/li>\n<\/ul>\n<h2>Saugos aspektai ir aplinkos veiksniai<\/h2>\n<p>Saugos priemon\u0117s yra nepaprastai svarbios eksploatuojant hidraulin\u0119 \u012frang\u0105. U\u017etikrinant, kad operatoriai b\u016bt\u0173 apmokyti saugi\u0173 eksploatavimo proced\u016br\u0173 ir kad visos saugos funkcijos veikt\u0173, galima suma\u017einti rizik\u0105. Be to, norint u\u017etikrinti hidraulini\u0173 cilindr\u0173 ilgaam\u017ei\u0161kum\u0105, b\u016btina atsi\u017evelgti \u012f aplinkos veiksnius, tokius kaip ekstremali\u0173 temperat\u016br\u0173, dr\u0117gm\u0117s ir korozij\u0105 sukelian\u010di\u0173 med\u017eiag\u0173 poveikis.<\/p>\n<h2>Trik\u010di\u0173 \u0161alinimas ir da\u017eniausiai pasitaikan\u010dios problemos<\/h2>\n<ul>\n<li><strong>Nuot\u0117kis:<\/strong> Viena i\u0161 da\u017eniausiai pasitaikan\u010di\u0173 problem\u0173 yra hidraulinio skys\u010dio nuot\u0117kis, da\u017enai sukeliamas susid\u0117v\u0117jusi\u0173 tarpini\u0173. B\u016btina reguliariai tikrinti ir laiku keisti.<\/li>\n<li><strong>Prastas na\u0161umas:<\/strong> Jei cilindras nereaguoja tinkamai, tai gali reik\u0161ti hidraulinio skys\u010dio lygio problem\u0105 arba sistemos u\u017esikim\u0161imus.<\/li>\n<li><strong>Perkaitimas:<\/strong> D\u0117l per didelio kar\u0161\u010dio gali sugesti hidraulinis skystis. \u012esitikinkite, kad yra tinkamos au\u0161inimo sistemos ir kad hidraulinis skystis b\u016bt\u0173 reguliariai kei\u010diamas, kad b\u016bt\u0173 i\u0161vengta perkaitimo.<\/li>\n<\/ul>\n<h2>Gedim\u0173 \u0161alinimo patarimai<\/h2>\n<p>Siekiant veiksmingai diagnozuoti ir i\u0161spr\u0119sti problemas, registruokite visus na\u0161umo poky\u010dius ir laikykit\u0117s nuoseklaus vertinimo proceso. \u012egyvendinkite prevencines priemones, pvz., reguliarius technin\u0117s prie\u017ei\u016bros patikrinimus ir operatori\u0173 mokymus, kad suma\u017eintum\u0117te problem\u0173 atsiradim\u0105. Kilus problem\u0173, kreipkit\u0117s \u012f kvalifikuot\u0105 technik\u0105, kad gautum\u0117te tiksli\u0105 diagnoz\u0119 ir sprendimus.<\/p>\n<p><img decoding=\"async\" src=\"https:\/\/www.hydraulic-cylinders.net\/wp-content\/uploads\/2025\/04\/songte-bushings-with-all-kinds-of-excavator-models.webp\" alt=\"\u012evor\u0117s su ekskavatori\u0173 modeliais\"><\/p>\n<h2>\u012emon\u0117s ap\u017evalga<\/h2>\n<p>Esame pirmaujantis pakaitini\u0173 hidraulini\u0173 cilindr\u0173 gamintojas, si\u016blantis plat\u0173 gamini\u0173 asortiment\u0105. M\u016bs\u0173 \u012fmon\u0117 \u012fsitvirtino kaip viena i\u0161 pirmaujan\u010di\u0173 gamintoj\u0173 ir platintoj\u0173 tiek vidaus, tiek tarptautin\u0117se rinkose. Mes laikom\u0117s auk\u0161\u010diausios kokyb\u0117s principo, taikydami rafinuot\u0105 gamybos valdymo strategij\u0105, kurioje pabr\u0117\u017eiama pramonin\u0117 gamyba. M\u016bs\u0173 kvalifikuota darbo j\u0117ga, pa\u017eangi gamybos \u012franga ir profesionalios testavimo sistemos nuolat tobulina m\u016bs\u0173 gamybos paj\u0117gumus. Mes orientuojam\u0117s \u012f auk\u0161t\u0105 efektyvum\u0105, tikslum\u0105 ir kokyb\u0119, kad patenkintume \u012fvairius klient\u0173 poreikius.<\/p>\n<p><img decoding=\"async\" src=\"https:\/\/www.hydraulic-cylinders.net\/wp-content\/uploads\/2025\/04\/songte-company-4.webp\" alt=\"\u012emon\u0117s ap\u017evalga 1\"><br \/>\n<img decoding=\"async\" src=\"https:\/\/www.hydraulic-cylinders.net\/wp-content\/uploads\/2025\/04\/songte-company-3.webp\" alt=\"\u012emon\u0117s ap\u017evalga 2\"><\/p>\n<p>Autorius: lyl<\/p>","protected":false},"excerpt":{"rendered":"<p>Boom Cylinder For XCMG Large Excavator XE490CH Product Overview The Boom Cylinder for XCMG Large Excavator XE490CH is a specialized hydraulic cylinder designed for controlling the motion of the excavator&#8217;s boom. This crucial component plays a significant role in hydraulic systems, enabling heavy machinery to perform various tasks efficiently. The boom cylinder allows the excavator [&hellip;]<\/p>","protected":false},"featured_media":17872,"comment_status":"open","ping_status":"closed","template":"","meta":{"_et_pb_use_builder":"","_et_pb_old_content":"","_et_gb_content_width":""},"product_brand":[],"product_cat":[1546],"product_tag":[1547,1496],"class_list":{"0":"post-19201","1":"product","2":"type-product","3":"status-publish","4":"has-post-thumbnail","6":"product_cat-boom-cylinders","7":"product_tag-boom-cylinders","8":"product_tag-hydraulic-cylinders","10":"first","11":"instock","12":"shipping-taxable","13":"product-type-simple"},"amp_enabled":true,"_links":{"self":[{"href":"https:\/\/www.hydraulic-cylinders.net\/lt\/wp-json\/wp\/v2\/product\/19201","targetHints":{"allow":["GET"]}}],"collection":[{"href":"https:\/\/www.hydraulic-cylinders.net\/lt\/wp-json\/wp\/v2\/product"}],"about":[{"href":"https:\/\/www.hydraulic-cylinders.net\/lt\/wp-json\/wp\/v2\/types\/product"}],"replies":[{"embeddable":true,"href":"https:\/\/www.hydraulic-cylinders.net\/lt\/wp-json\/wp\/v2\/comments?post=19201"}],"wp:featuredmedia":[{"embeddable":true,"href":"https:\/\/www.hydraulic-cylinders.net\/lt\/wp-json\/wp\/v2\/media\/17872"}],"wp:attachment":[{"href":"https:\/\/www.hydraulic-cylinders.net\/lt\/wp-json\/wp\/v2\/media?parent=19201"}],"wp:term":[{"taxonomy":"product_brand","embeddable":true,"href":"https:\/\/www.hydraulic-cylinders.net\/lt\/wp-json\/wp\/v2\/product_brand?post=19201"},{"taxonomy":"product_cat","embeddable":true,"href":"https:\/\/www.hydraulic-cylinders.net\/lt\/wp-json\/wp\/v2\/product_cat?post=19201"},{"taxonomy":"product_tag","embeddable":true,"href":"https:\/\/www.hydraulic-cylinders.net\/lt\/wp-json\/wp\/v2\/product_tag?post=19201"}],"curies":[{"name":"wp","href":"https:\/\/api.w.org\/{rel}","templated":true}]}}