{"id":19203,"date":"2025-04-07T06:17:59","date_gmt":"2025-04-07T06:17:59","guid":{"rendered":"https:\/\/www.hydraulic-cylinders.net\/product\/boom-cylinder-for-xcmg-large-excavator-xe700c\/"},"modified":"2025-04-07T06:18:01","modified_gmt":"2025-04-07T06:18:01","slug":"boom-cylinder-for-xcmg-large-excavator-xe700c","status":"publish","type":"product","link":"https:\/\/www.hydraulic-cylinders.net\/lt\/produktas\/boom-cylinder-for-xcmg-large-excavator-xe700c\/","title":{"rendered":"XCMG didelio ekskavatoriaus XE700C str\u0117l\u0117s cilindras"},"content":{"rendered":"<h1>XCMG didelio ekskavatoriaus XE700C str\u0117l\u0117s cilindras<\/h1>\n<h2>\u012evadas \u012f str\u0117l\u0117s cilindr\u0105<\/h2>\n<p>Str\u0117l\u0117s cilindras yra labai svarbus dideli\u0173 ekskavatori\u0173 hidraulin\u0117s sistemos komponentas, specialiai sukurtas tokiems modeliams kaip XCMG XE700C. \u0160is hidraulinis cilindras atlieka gyvybi\u0161kai svarb\u0173 vaidmen\u012f valdant ekskavatoriaus str\u0117l\u0117s jud\u0117jim\u0105, palengvindamas \u012fvairias operacijas, tokias kaip str\u0117l\u0117s k\u0117limas, nuleidimas ir efektyvus pakreipimas. Str\u0117l\u0117s cilindras ne tik pagerina sunkiosios technikos na\u0161um\u0105, bet ir u\u017etikrina tikslum\u0105 atliekant med\u017eiag\u0173 tvarkymo u\u017eduotis.<\/p>\n<p><img decoding=\"async\" src=\"https:\/\/www.hydraulic-cylinders.net\/wp-content\/uploads\/2025\/04\/songte-company-1.webp\" alt=\"Str\u0117l\u0117s cilindro vaizdas\" \/><\/p>\n<h3>Apibr\u0117\u017eimas ir ap\u017evalga<\/h3>\n<p>Str\u0117l\u0117s cilindras, hidraulinio cilindro tipas, yra specialiai sukurtas valdyti str\u0117l\u0117s jud\u0117jim\u0105 sunkiosiose ma\u0161inose, \u012fskaitant ekskavatorius, ekskavatorinius krautuvus ir frontalinius krautuvus. Jis leid\u017eia str\u0117lei skland\u017eiai i\u0161skleisti ir susitraukti, tod\u0117l operatoriai gali atlikti \u012fvairias u\u017eduotis, tokias kaip kasimas, k\u0117limas ir med\u017eiag\u0173 transportavimas. \u0160is hidraulinis komponentas yra b\u016btinas ekskavatori\u0173 veikimo efektyvumui u\u017etikrinti, tod\u0117l jis yra nepakei\u010diamas statybose, kasyboje ir \u017eem\u0117s \u016bkyje.<\/p>\n<h2>Str\u0117l\u0117s cilindro savyb\u0117s<\/h2>\n<ul>\n<li><strong>Didelis stiprumas ir ilgaam\u017ei\u0161kumas:<\/strong> Pagamintas i\u0161 didelio stiprumo plieno arba aliuminio, str\u0117l\u0117s cilindras yra sukurtas taip, kad atlaikyt\u0173 auk\u0161t\u0105 sl\u0117g\u012f ir dideles apkrovas, prisitaikydamas prie at\u0161iauri\u0173 darbo s\u0105lyg\u0173. Jo konstrukcija orientuota \u012f atsparum\u0105 dilimui ir apsaug\u0105 nuo korozijos, o tai \u017eymiai pailgina jo tarnavimo laik\u0105.<\/li>\n<li><strong>Efektyvus hidraulinis valdymas:<\/strong> Naudodamas hidraulin\u0117s alyvos sl\u0117g\u012f, str\u0117l\u0117s cilindras skland\u017eiai i\u0161ple\u010dia ir sutraukia str\u0117l\u0119, greitai reaguodamas \u012f operatoriaus komandas. Jis u\u017etikrina didel\u0119 st\u016bmimo ir traukimo j\u0117g\u0105, tod\u0117l tinka sunki\u0173 med\u017eiag\u0173 tvarkymui ir sud\u0117tingoms u\u017eduotims atlikti.<\/li>\n<li><strong>\u012evair\u016bs tipai:<\/strong> Str\u0117l\u0117s cilindras b\u016bna \u012fvairi\u0173 konfig\u016bracij\u0173, \u012fskaitant vienpusio veikimo (veikiant\u012f viena kryptimi) ir dvipusio veikimo (veikiant\u012f abiem kryptimis). Kai kurie modeliai yra teleskopiniai, tod\u0117l j\u012f galima labiau prailginti nedidinant i\u0161orinio dyd\u017eio, tod\u0117l tai idealiai tinka naudoti ribotoje erdv\u0117je.<\/li>\n<li><strong>Tikslioji in\u017einerija:<\/strong> Kiekvienas str\u0117l\u0117s cilindras yra suprojektuotas pagal tikslias specifikacijas, siekiant u\u017etikrinti optimal\u0173 na\u0161um\u0105. Gamybos procesas apima grie\u017et\u0105 kokyb\u0117s kontrol\u0119, kad atitikt\u0173 pramon\u0117s standartus.<\/li>\n<li><strong>Pritaikomi sprendimai:<\/strong> M\u016bs\u0173 \u012fmon\u0117 si\u016blo str\u0117l\u0117s cilindrus, pritaikytus konkretiems klient\u0173 reikalavimams, u\u017etikrinant suderinamum\u0105 su skirtingais modeliais ir pritaikymais.<\/li>\n<\/ul>\n<p><img decoding=\"async\" src=\"https:\/\/www.hydraulic-cylinders.net\/wp-content\/uploads\/2025\/04\/songte-cylinder-head-with-all-kinds-excavator-models.webp\" alt=\"Ekskavatori\u0173 modeliai\" \/><\/p>\n<h2>Str\u0117l\u0117s cilindro pritaikymas<\/h2>\n<h3>Statybin\u0117 \u012franga<\/h3>\n<p>Ekskavatoriuose str\u0117l\u0117s cilindras yra labai svarbus kasant, kraunant ir perkeliant \u017eem\u0119 ar \u0161iuk\u0161les. Jis leid\u017eia str\u0117lei i\u0161siki\u0161ti \u012f \u017eem\u0119, suteikiant reikiam\u0105 j\u0117g\u0105 sunkioms med\u017eiagoms pakelti. Ekskavatoriuose-krautuvuose cilindras ne tik padeda kasti, bet ir pakelti krovin\u012f, tod\u0117l jis yra esminis komponentas atliekant universalias statybos u\u017eduotis.<\/p>\n<h3>\u017dem\u0117s \u016bkio technika<\/h3>\n<p>Str\u0117l\u0117s cilindras pla\u010diai naudojamas frontaliniuose krautuvuose, kurie yra b\u016btini dirvo\u017eemiui, \u0161ienui ir kitoms med\u017eiagoms krauti, kelti ir transportuoti. Jo geb\u0117jimas tiksliai valdyti padidina \u017eem\u0117s \u016bkio darb\u0173 efektyvum\u0105, u\u017etikrinant, kad med\u017eiagos b\u016bt\u0173 tvarkomos saugiai ir efektyviai.<\/p>\n<h3>Ekskavatoriai<\/h3>\n<p>Ekskavatoriuose str\u0117l\u0117s cilindras leid\u017eia kau\u0161ui \u012fsiskverbti \u012f dirv\u0105, tod\u0117l galima efektyviai kasti. \u0160i funkcija yra labai svarbi \u012fvairiems kasimo projektams, u\u017etikrinant, kad operatorius gal\u0117t\u0173 pasiekti norim\u0105 gyl\u012f ir tikslum\u0105.<\/p>\n<h3>Krautuvai<\/h3>\n<p>Priekiniuose krautuvuose str\u0117l\u0117s cilindras padeda efektyviai kelti ir i\u0161versti krovinius. Jo konstrukcija u\u017etikrina skland\u0173 darb\u0105, u\u017etikrinant, kad sunkius krovinius b\u016bt\u0173 galima valdyti be sunkum\u0173, taip padidinant na\u0161um\u0105 darbo vietose.<\/p>\n<h2>Projektavimo aspektai ir atrankos kriterijai<\/h2>\n<h3>Keliamoji galia<\/h3>\n<p>Renkantis str\u0117l\u0117s cilindr\u0105, labai svarbu atsi\u017evelgti \u012f jo keliam\u0105j\u0105 gali\u0105. Jis turi b\u016bti \u012fvertintas taip, kad atlaikyt\u0173 maksimal\u0173 ekskavatoriaus keliam\u0105 svor\u012f, u\u017etikrinant saug\u0173 ir patikim\u0105 veikim\u0105. Nepakankamos talpos cilindras gali sukelti mechaninius gedimus, kelian\u010dius pavoj\u0173 saugai ir eksploatacinius neefektyvumus.<\/p>\n<h3>Sandarinimo efektyvumas<\/h3>\n<p>Efektyvus sandarinimas yra gyvybi\u0161kai svarbus hidraulini\u0173 cilindr\u0173 ilgaam\u017ei\u0161kumui ir veikimui. Auk\u0161tos kokyb\u0117s sandarikliai apsaugo nuo hidraulinio skys\u010dio nuot\u0117kio, palaikydami sistemos sl\u0117g\u012f ir efektyvum\u0105. Sandarinimo med\u017eiag\u0173, toki\u0173 kaip poliuretanai arba nitrilo kau\u010diukai, pasirinkimas daro didel\u0119 \u012ftak\u0105 cilindro veikimui \u012fvairiomis eksploatavimo s\u0105lygomis.<\/p>\n<h3>Patvarumas ir ilgaam\u017ei\u0161kumas<\/h3>\n<p>Str\u0117l\u0117s cilindro patvarumas yra nepaprastai svarbus, ypa\u010d sud\u0117tingomis s\u0105lygomis. Tokie veiksniai kaip med\u017eiag\u0173 pasirinkimas, pavir\u0161iaus apdaila ir apsaugin\u0117s dangos prisideda prie jo atsparumo dilimui ir korozijai, o tai galiausiai lemia jo tarnavimo laik\u0105. Naudojant med\u017eiagas, kurios yra atsparios at\u0161iaurioms s\u0105lygoms, padid\u0117ja bendras komponento patikimumas.<\/p>\n<h3>Saugos funkcijos<\/h3>\n<p>Sauga yra svarbiausias hidraulini\u0173 sistem\u0173 prioritetas. Str\u0117l\u0117s cilindrai tur\u0117t\u0173 b\u016bti suprojektuoti su integruotomis saugos funkcijomis, kad b\u016bt\u0173 i\u0161vengta staigi\u0173 gedim\u0173. Tai apima sl\u0117gio ma\u017einimo ir perkrovos apsaugos mechanizmus, u\u017etikrinan\u010dius, kad \u012franga veikt\u0173 saugiose ribose.<\/p>\n<h3>Prieinamumas prie prie\u017ei\u016bros<\/h3>\n<p>Labai svarbu suprojektuoti str\u0117l\u0117s cilindr\u0105 taip, kad j\u012f b\u016bt\u0173 lengva pri\u017ei\u016br\u0117ti. Tokios savyb\u0117s kaip lengvai prieinamos tepimo angos ir kei\u010diami sandarikliai palengvina \u012fprastinius patikrinimus ir remont\u0105, tod\u0117l sutrump\u0117ja prastova ir padid\u0117ja na\u0161umas. Gerai pri\u017ei\u016brimas cilindras gali efektyviai veikti ilg\u0105 laik\u0105, tod\u0117l sutaupoma i\u0161laid\u0173 kei\u010diant jo dalis.<\/p>\n<p><img decoding=\"async\" src=\"https:\/\/www.hydraulic-cylinders.net\/wp-content\/uploads\/2025\/04\/songte-oil-pipes-and-spare-parts.webp\" alt=\"Naftos vamzd\u017eiai ir atsargin\u0117s dalys\" \/><\/p>\n<h2>Sandarinimas ir tepimas<\/h2>\n<p>Efektyvus sandarinimas ir tepimas yra labai svarb\u016bs str\u0117l\u0117s cilindro veikimui. Siekiant i\u0161vengti hidraulinio skys\u010dio nuot\u0117kio, naudojami \u012fvair\u016bs sandarinimo elementai, tokie kaip st\u016bmokli\u0173 ir stryp\u0173 sandarikliai. Patvarios med\u017eiagos, \u012fskaitant poliuretan\u0105 ir nitrilo gum\u0105, u\u017etikrina, kad sandarikliai atlaikyt\u0173 dilim\u0105 ir aplinkos veiksnius. Be to, cilindro korpusas ir srieginiai galai yra kruop\u0161\u010diai apdorojami, siekiant padidinti atsparum\u0105 dilimui.<\/p>\n<p>Reguliarus tepimas hidrauline alyva yra b\u016btinas siekiant suma\u017einti trint\u012f ir nusid\u0117v\u0117jim\u0105. Tinkamas tepimas u\u017etikrina skland\u0173 veikim\u0105 ir pailgina str\u0117l\u0117s cilindro tarnavimo laik\u0105. Operatoriai tur\u0117t\u0173 nustatyti alyvos lygio steb\u0117jimo ir papildymo pagal poreik\u012f rutin\u0105, u\u017etikrindami optimal\u0173 na\u0161um\u0105.<\/p>\n<h2>Reguliarus patikrinimas ir prevencin\u0117 prie\u017ei\u016bra<\/h2>\n<ul>\n<li><strong>\u012eprastiniai patikrinimai:<\/strong> Reguliariai tikrinkite, ar n\u0117ra susid\u0117v\u0117jimo, nuot\u0117ki\u0173 ar pa\u017eeidim\u0173 po\u017eymi\u0173. Toks prevencinis po\u017ei\u016bris padeda nustatyti galimas problemas, kol jos dar nepa\u016bm\u0117jo, ir u\u017etikrina nepertraukiam\u0105 veikim\u0105.<\/li>\n<li><strong>Tinkamas tepimas:<\/strong> \u012esitikinkite, kad str\u0117l\u0117s cilindras yra tinkamai suteptas pagal gamintojo specifikacijas. Nepakankamas sutepimas gali padidinti trint\u012f ir prie\u0161laikin\u012f susid\u0117v\u0117jim\u0105, o tai turi \u012ftakos na\u0161umui.<\/li>\n<li><strong>Sandariklio keitimas:<\/strong> Remiantis patikrinimo rezultatais, prireikus keiskite sandariklius. Susid\u0117v\u0117j\u0119 sandarikliai gali sukelti hidraulinio skys\u010dio nuot\u0117k\u012f, suma\u017einti sistemos efektyvum\u0105 ir padidinti i\u0161laidas.<\/li>\n<\/ul>\n<h2>\u012erengimo gair\u0117s<\/h2>\n<p>Tinkamas str\u0117l\u0117s cilindro montavimas yra labai svarbus optimaliam veikimui. Pirmiausia \u012fsitikinkite, kad visi komponentai yra \u0161var\u016bs ir be \u0161iuk\u0161li\u0173. Tiksliai sulygiuokite cilindr\u0105 su tvirtinimo ta\u0161kais, naudodami tinkamus tvirtinimo laikiklius, kad j\u012f pritvirtintum\u0117te. Svarbu i\u0161laikyti tinkam\u0105 sulygiavim\u0105 viso montavimo proceso metu, kad i\u0161vengtum\u0117te per didelio cilindro \u012ftempimo.<\/p>\n<p>Laikykit\u0117s gamintojo nurodym\u0173 d\u0117l var\u017et\u0173 ir jungiam\u0173j\u0173 detali\u0173 sukimo moment\u0173 specifikacij\u0173, kad u\u017etikrintum\u0117te tvirtas jungtis. Sumontav\u0119 atlikite i\u0161sam\u0173 patikrinim\u0105, kad \u012fsitikintum\u0117te, jog cilindras veikia skland\u017eiai ir be joki\u0173 kli\u016b\u010di\u0173. Reguliariai tikrinkite, ar n\u0117ra nesuderinamumo ar susid\u0117v\u0117jimo po\u017eymi\u0173 eksploatacijos metu, kad i\u0161laikytum\u0117te \u012frenginio vientisum\u0105.<\/p>\n<h2>\u012eprastos prie\u017ei\u016bros u\u017eduotys<\/h2>\n<ul>\n<li><strong>Reguliar\u016bs patikrinimai:<\/strong> Atlikite planinius patikrinimus, kad \u012fvertintum\u0117te str\u0117l\u0117s cilindro b\u016bkl\u0119. Ie\u0161kokite susid\u0117v\u0117jimo po\u017eymi\u0173, nuot\u0117ki\u0173 ar konstrukcijos vientisumo problem\u0173. Nedelsdami spr\u0119skite visas problemas, kad i\u0161vengtum\u0117te tolesn\u0117s \u017ealos.<\/li>\n<li><strong>Tinkamas tepimas:<\/strong> \u012esitikinkite, kad cilindras suteptas pagal gamintojo nurodymus. Tinkamas tepimas suma\u017eina trint\u012f ir pailgina cilindro tarnavimo laik\u0105.<\/li>\n<li><strong>Sandariklio keitimas:<\/strong> Steb\u0117kite sandarikli\u0173 b\u016bkl\u0119 ir prireikus juos pakeiskite. Susid\u0117v\u0117j\u0119 sandarikliai gali sukelti hidraulinio skys\u010dio nuot\u0117k\u012f, o tai turi \u012ftakos na\u0161umui ir saugai.<\/li>\n<\/ul>\n<h2>Saugos aspektai ir aplinkos veiksniai<\/h2>\n<p>Dirbant su hidrauline \u012franga, pvz., str\u0117l\u0117s cilindrais, b\u016btina \u012fdiegti saugos priemones. Operatoriai tur\u0117t\u0173 b\u016bti apmokyti saugaus elgesio su hidraulin\u0117mis sistemomis praktikos ir suprasti su jomis susijusi\u0105 rizik\u0105. Norint suma\u017einti su\u017ealojim\u0173 rizik\u0105 eksploatavimo ir technin\u0117s prie\u017ei\u016bros metu, reikia d\u0117v\u0117ti tinkamas asmenines apsaugos priemones (AAP).<\/p>\n<p>Renkantis str\u0117l\u0117s cilindro med\u017eiagas, reik\u0117t\u0173 atsi\u017evelgti \u012f aplinkos veiksnius, tokius kaip ekstremali\u0173 temperat\u016br\u0173 ir korozini\u0173 med\u017eiag\u0173 poveikis. Komponentai tur\u0117t\u0173 b\u016bti suprojektuoti taip, kad atlaikyt\u0173 \u0161ias s\u0105lygas, u\u017etikrinant patikim\u0105 veikim\u0105 laikui b\u0117gant.<\/p>\n<h2>Gedim\u0173 diagnostika ir da\u017eniausios problemos<\/h2>\n<ul>\n<li><strong>Nuot\u0117kiai:<\/strong> Viena i\u0161 da\u017eniausi\u0173 hidraulini\u0173 cilindr\u0173 problem\u0173 yra nuot\u0117kis. Tai gali kilti d\u0117l susid\u0117v\u0117jusi\u0173 sandarikli\u0173 arba netinkamo montavimo. Reguliar\u016bs patikrinimai gali pad\u0117ti anksti nustatyti nuot\u0117kius, o tai leid\u017eia laiku atlikti remont\u0105.<\/li>\n<li><strong>Galios praradimas:<\/strong> Hidraulin\u0117s galios suma\u017e\u0117jimas gali rodyti vidinius sistemos pa\u017eeidimus arba u\u017esikim\u0161imus. Norint atlikti veiksming\u0105 remont\u0105, b\u016btina nustatyti pagrindin\u0119 prie\u017east\u012f.<\/li>\n<li><strong>Ne\u012fprasti garsai:<\/strong> Keistai girdimi garsai eksploatacijos metu gali rodyti tokias problemas kaip \u017eemas tepimo lygis arba mechaninis susid\u0117v\u0117jimas. Operatoriai tur\u0117t\u0173 nedelsdami i\u0161tirti bet kokius ne\u012fprastus garsus.<\/li>\n<\/ul>\n<h2>Trik\u010di\u0173 \u0161alinimo patarimai<\/h2>\n<p>Nor\u0117dami efektyviai pa\u0161alinti triktis, operatoriai tur\u0117t\u0173 prad\u0117ti nuo bet koki\u0173 matom\u0173 pa\u017eeidim\u0173 ar susid\u0117v\u0117jimo po\u017eymi\u0173 nustatymo. Reguliar\u016bs technin\u0117s prie\u017ei\u016bros patikrinimai gali \u017eymiai suma\u017einti problem\u0173 atsiradimo tikimyb\u0119. Jei kyla problem\u0173, sistemingai \u0161alinkite galimas prie\u017eastis, tikrindami sandariklius, skys\u010di\u0173 lyg\u012f ir jungtis. \u012egyvendindami prevencines priemones, tokias kaip \u012fprasti patikrinimai ir technin\u0117s prie\u017ei\u016bros grafik\u0173 laikymasis, galite \u017eymiai suma\u017einti galimas problemas ir skatinti efektyv\u0173 veikim\u0105.<\/p>\n<p><img decoding=\"async\" src=\"https:\/\/www.hydraulic-cylinders.net\/wp-content\/uploads\/2025\/04\/songte-bushings-with-all-kinds-of-excavator-models.webp\" alt=\"\u012evor\u0117s ir ekskavatoriai\" \/><\/p>\n<h2>Apie m\u016bs\u0173 \u012fmon\u0119<\/h2>\n<p>Esame pirmaujantis hidraulini\u0173 cilindr\u0173 gamintojas, specializuojantis tiekiant auk\u0161tos kokyb\u0117s \u012fvairi\u0173 modeli\u0173 pakaitalus. Platus gamini\u0173 asortimentas leido mums tapti \u017einomu gamintoju ir didmeniniu platintoju tiek vidaus, tiek tarptautin\u0117se rinkose. Laikom\u0117s grie\u017et\u0173 kokyb\u0117s standart\u0173 ir naudojame pa\u017eangias gamybos valdymo strategijas, u\u017etikrindami, kad m\u016bs\u0173 gamybos procesai b\u016bt\u0173 efektyv\u016bs ir veiksmingi.<\/p>\n<p>M\u016bs\u0173 \u012fsipareigojim\u0105 siekti meistri\u0161kumo palaiko kvalifikuot\u0173 specialist\u0173 komanda, pa\u017eangiausia gamybos \u012franga ir grie\u017etos testavimo sistemos. Mes nuolat tobuliname savo gamybos platform\u0105, kad patenkintume \u012fvairius klient\u0173 poreikius, siekdami didelio efektyvumo, tikslumo ir kokyb\u0117s kiekviename pristatomame produkte.<\/p>\n<p><img decoding=\"async\" src=\"https:\/\/www.hydraulic-cylinders.net\/wp-content\/uploads\/2025\/04\/songte-company-4.webp\" alt=\"\u012emon\u0117s ap\u017evalga\" \/><br \/>\n<img decoding=\"async\" src=\"https:\/\/www.hydraulic-cylinders.net\/wp-content\/uploads\/2025\/04\/songte-company-3.webp\" alt=\"Gamybos \u012frenginiai\" \/><\/p>\n<p>Kaip \u012fmon\u0117, did\u017eiuojam\u0117s savo profesionalumu, tarptautiniais sertifikatais ir \u012f klient\u0105 orientuotu individualiu aptarnavimu. M\u016bs\u0173 moderni gamybos \u012franga ir specializuotas garantinio aptarnavimo centras u\u017etikrina, kad nuolat patenkintume ir vir\u0161ytume klient\u0173 l\u016bkes\u010dius.<\/p>\n<p>Autorius: lyl<\/p>","protected":false},"excerpt":{"rendered":"<p>Boom Cylinder For XCMG Large Excavator XE700C Introduction to the Boom Cylinder The Boom Cylinder is a crucial component in the hydraulic system of large excavators, specifically designed for models like the XCMG XE700C. This hydraulic cylinder plays a vital role in controlling the movement of the excavator&#8217;s boom, facilitating various operations such as lifting, [&hellip;]<\/p>","protected":false},"featured_media":17874,"comment_status":"open","ping_status":"closed","template":"","meta":{"_et_pb_use_builder":"","_et_pb_old_content":"","_et_gb_content_width":""},"product_brand":[],"product_cat":[1546],"product_tag":[1547,1496],"class_list":{"0":"post-19203","1":"product","2":"type-product","3":"status-publish","4":"has-post-thumbnail","6":"product_cat-boom-cylinders","7":"product_tag-boom-cylinders","8":"product_tag-hydraulic-cylinders","10":"first","11":"instock","12":"shipping-taxable","13":"product-type-simple"},"amp_enabled":true,"_links":{"self":[{"href":"https:\/\/www.hydraulic-cylinders.net\/lt\/wp-json\/wp\/v2\/product\/19203","targetHints":{"allow":["GET"]}}],"collection":[{"href":"https:\/\/www.hydraulic-cylinders.net\/lt\/wp-json\/wp\/v2\/product"}],"about":[{"href":"https:\/\/www.hydraulic-cylinders.net\/lt\/wp-json\/wp\/v2\/types\/product"}],"replies":[{"embeddable":true,"href":"https:\/\/www.hydraulic-cylinders.net\/lt\/wp-json\/wp\/v2\/comments?post=19203"}],"wp:featuredmedia":[{"embeddable":true,"href":"https:\/\/www.hydraulic-cylinders.net\/lt\/wp-json\/wp\/v2\/media\/17874"}],"wp:attachment":[{"href":"https:\/\/www.hydraulic-cylinders.net\/lt\/wp-json\/wp\/v2\/media?parent=19203"}],"wp:term":[{"taxonomy":"product_brand","embeddable":true,"href":"https:\/\/www.hydraulic-cylinders.net\/lt\/wp-json\/wp\/v2\/product_brand?post=19203"},{"taxonomy":"product_cat","embeddable":true,"href":"https:\/\/www.hydraulic-cylinders.net\/lt\/wp-json\/wp\/v2\/product_cat?post=19203"},{"taxonomy":"product_tag","embeddable":true,"href":"https:\/\/www.hydraulic-cylinders.net\/lt\/wp-json\/wp\/v2\/product_tag?post=19203"}],"curies":[{"name":"wp","href":"https:\/\/api.w.org\/{rel}","templated":true}]}}